{"id":551,"date":"2020-06-19T20:10:32","date_gmt":"2020-06-19T20:10:32","guid":{"rendered":"http:\/\/haitises.com\/?post_type=product&#038;p=551"},"modified":"2023-10-14T21:50:12","modified_gmt":"2023-10-14T21:50:12","slug":"excursion-al-los-haitises-y-cano-hondo-desde-samana","status":"publish","type":"product","link":"https:\/\/haitises.com\/gu\/\u0a96\u0abe\u0aa8\u0a97\u0ac0\/excursion-al-los-haitises-y-cano-hondo-desde-samana\/","title":{"rendered":"\u0ab8\u0abe\u0aae\u0aa8\u0abe\u0aa5\u0ac0 \u0ab2\u0acb\u0ab8 \u0ab9\u0ac8\u0a9f\u0ac0\u0ab8 \u0a85\u0aa8\u0ac7 \u0a95\u0abe\u0aa8\u0acb \u0ab9\u0acb\u0aa8\u0acd\u0aa1\u0acb \u0aaa\u0ab0\u0acd\u0aaf\u0a9f\u0aa8"},"content":{"rendered":"<div class=\"vc_row wpb_row vc_row-fluid\" ><div class=\"wpb_column vc_column_container vc_col-sm-12\"><div class=\"vc_column-inner\"><div class=\"wpb_wrapper\">[mkdf_section_title subtitle_tag=\u00bb\u00bb subtitle=\u00bbAlmuerzo y Nataci\u00f3n en Piscinas Naturales\u00bb]<\/div><\/div><\/div><\/div><div class=\"vc_row wpb_row vc_row-fluid\" ><div class=\"wpb_column vc_column_container vc_col-sm-12\"><div class=\"vc_column-inner\"><div class=\"wpb_wrapper\">\n\t<div class=\"wpb_text_column wpb_content_element\" >\n\t\t<div class=\"wpb_wrapper\">\n\t\t\t<h2>Los Haitises National Park + Saman\u00e1 \u0aaa\u0acb\u0ab0\u0acd\u0a9f \u0aaa\u0ab0\u0aa5\u0ac0 Cano Hondo \u0aae\u0abe\u0a82 \u0ab2\u0a82\u0a9a.<\/h2>\n<h3><em>\u0ab5\u0ab0\u0acd\u0aa3\u0aa8<\/em><\/h3>\n<p>Los Haitises National Park, Saman\u00e1 \u0aac\u0a82\u0aa6\u0ab0\u0aa5\u0ac0 \u0ab6\u0ab0\u0ac2 \u0aa5\u0abe\u0aaf \u0a9b\u0ac7 \u0a85\u0aa8\u0ac7 Ca\u00f1o Hondo Ecolodge \u0a96\u0abe\u0aa4\u0ac7 \u0a95\u0ac1\u0aa6\u0ab0\u0aa4\u0ac0 \u0a9d\u0ab0\u0aa3\u0abe\u0aae\u0abe\u0a82 \u0a85\u0aa6\u0acd\u0aad\u0ac1\u0aa4 \u0ab2\u0a82\u0a9a \u0a85\u0aa8\u0ac7 \u0ab8\u0acd\u0ab5\u0abf\u0aae\u0abf\u0a82\u0a97. \u0a85\u0aae\u0abe\u0ab0\u0ac0 \u0ab8\u0abe\u0aa5\u0ac7 \u0a86\u0ab5\u0acb \u0a85\u0aa8\u0ac7 \u0aa1\u0acb\u0aae\u0abf\u0aa8\u0abf\u0a95\u0aa8 \u0ab0\u0abf\u0aaa\u0aac\u0acd\u0ab2\u0abf\u0a95\u0aa8\u0abe \u0ab8\u0acc\u0aa5\u0ac0 \u0ab8\u0ac1\u0a82\u0aa6\u0ab0 \u0ab0\u0abe\u0ab7\u0acd\u0a9f\u0acd\u0ab0\u0ac0\u0aaf \u0a89\u0aa6\u0acd\u0aaf\u0abe\u0aa8\u0aa8\u0ac0 \u0aae\u0ac1\u0ab2\u0abe\u0a95\u0abe\u0aa4 \u0ab2\u0acb, \u0aae\u0ac7\u0a82\u0a97\u0acd\u0ab0\u0acb\u0ab5\u0acd\u0ab8, \u0a97\u0ac1\u0aab\u0abe\u0a93 \u0a85\u0aa8\u0ac7 \u0ab8\u0abe\u0aa8 \u0ab2\u0acb\u0ab0\u0ac7\u0aa8\u0acd\u0a9d\u0acb \u0a96\u0abe\u0aa1\u0ac0\u0aa8\u0ac0 \u0aae\u0ac1\u0ab2\u0abe\u0a95\u0abe\u0aa4 \u0ab2\u0acb, \u0aa4\u0ac7\u0aae\u0a9c \u0ab8\u0ac1\u0a82\u0aa6\u0ab0 \u0ab8\u0abe\u0aae\u0aa8\u0abe \u0a96\u0abe\u0aa1\u0ac0\u0aa8\u0ac7 \u0aaa\u0abe\u0ab0 \u0a95\u0ab0\u0acb. Ca\u00f1o Hondo \u0aae\u0abe\u0a82 \u0ab2\u0a82\u0a9a \u0a95\u0ab0\u0acd\u0aaf\u0abe \u0aaa\u0a9b\u0ac0, \u0aa4\u0aae\u0aa8\u0ac7 \u0aa5\u0acb\u0aa1\u0abe \u0a95\u0ab2\u0abe\u0a95\u0acb \u0aae\u0abe\u0a9f\u0ac7 \u0a95\u0ac1\u0aa6\u0ab0\u0aa4\u0ac0 \u0aaa\u0ac2\u0ab2\u0aae\u0abe\u0a82 \u0aa4\u0ab0\u0ab5\u0abe\u0aa8\u0ac0 \u0a85\u0aa8\u0ac7 \u0aaa\u0a9b\u0ac0 \u0ab8\u0abe\u0aae\u0aa8\u0abe \u0aac\u0a82\u0aa6\u0ab0 \u0aaa\u0ab0 \u0aaa\u0abe\u0a9b\u0abe \u0aab\u0ab0\u0ab5\u0abe\u0aa8\u0ac0 \u0aa4\u0a95 \u0aae\u0ab3\u0ab6\u0ac7.<\/p>\n<p>\u0a86 \u0a85\u0aa8\u0ac1\u0aad\u0ab5 \u0aaa\u0a9b\u0ac0, \u0aa4\u0aae\u0ac7 \u0ab8\u0abe\u0aae\u0aa8\u0abe \u0aac\u0a82\u0aa6\u0ab0 \u0aaa\u0ab0 \u0aaa\u0abe\u0a9b\u0abe \u0a86\u0ab5\u0ab6\u0acb.<\/p>\n<ul>\n<li>\u0a95\u0ab0\u0aa8\u0acb \u0ab8\u0aae\u0abe\u0ab5\u0ac7\u0ab6 \u0aa5\u0abe\u0aaf \u0a9b\u0ac7<\/li>\n<li>\u0aae\u0abe\u0ab0\u0acd\u0a97\u0aa6\u0ab0\u0acd\u0ab6\u0abf\u0a95\u0abe \u0ab8\u0ac2\u0a9a\u0aa8\u0abe \u0a85\u0aa8\u0ac7 \u0aa6\u0ac7\u0a96\u0ab0\u0ac7\u0a96 \u0aaa\u0ac2\u0ab0\u0ac0 \u0aaa\u0abe\u0aa1\u0ac7 \u0a9b\u0ac7.<\/li>\n<\/ul>\n<h3>\u0ab8\u0aae\u0abe\u0ab5\u0ac7\u0ab6 \u0a85\u0aa8\u0ac7 \u0aac\u0abe\u0a95\u0abe\u0aa4<\/h3>\n<h4>\u0ab8\u0aae\u0abe\u0ab5\u0ac7\u0ab6<\/h4>\n<ol>\n<li>\u0ab2\u0acb\u0ab8 \u0ab9\u0ac7\u0a88\u0a9f\u0ac0\u0ab8 \u0a9f\u0ac2\u0ab0 + \u0a97\u0ac1\u0aab\u0abe\u0a93 \u0a85\u0aa8\u0ac7 \u0a9a\u0abf\u0aa4\u0acd\u0ab0\u0acb<\/li>\n<li>Ca\u00f1o Hondo \u0aae\u0abe\u0a82 \u0ab2\u0a82\u0a9a<\/li>\n<li>\u0a95\u0ac1\u0aa6\u0ab0\u0aa4\u0ac0 \u0aaa\u0ac2\u0ab2\u0aae\u0abe\u0a82 \u0aa4\u0ab0\u0ab5\u0ac1\u0a82<\/li>\n<li>\u0aa4\u0aae\u0abe\u0aae \u0a95\u0ab0, \u0aab\u0ac0 \u0a85\u0aa8\u0ac7 \u0ab9\u0ac7\u0aa8\u0acd\u0aa1\u0ab2\u0abf\u0a82\u0a97 \u0ab6\u0ac1\u0ab2\u0acd\u0a95.<\/li>\n<li>\u0ab8\u0acd\u0aa5\u0abe\u0aa8\u0abf\u0a95 \u0a95\u0ab0<\/li>\n<li>\u0aaa\u0ac0\u0aa3\u0abe\u0a82<\/li>\n<li>\u0aa4\u0aae\u0abe\u0aae \u0aaa\u0acd\u0ab0\u0ab5\u0ac3\u0aa4\u0acd\u0aa4\u0abf\u0a93<\/li>\n<li>\u0ab8\u0acd\u0aa5\u0abe\u0aa8\u0abf\u0a95 \u0aae\u0abe\u0ab0\u0acd\u0a97\u0aa6\u0ab0\u0acd\u0ab6\u0abf\u0a95\u0abe<\/li>\n<\/ol>\n<h4>\u0aac\u0abe\u0a95\u0abe\u0aa4<\/h4>\n<ol>\n<li>\u0a9f\u0abf\u0aaa\u0acd\u0ab8<\/li>\n<li>\u0a9f\u0acd\u0ab0\u0abe\u0aa8\u0acd\u0ab8\u0aab\u0ab0<\/li>\n<li>\u0aa8\u0ab6\u0abe\u0a95\u0abe\u0ab0\u0a95 \u0aaa\u0ac0\u0aa3\u0abe\u0a82<\/li>\n<\/ol>\n<h3><em>\u0aaa\u0acd\u0ab0\u0ab8\u0acd\u0aa5\u0abe\u0aa8 \u0a85\u0aa8\u0ac7 \u0aaa\u0ab0\u0aa4<\/em><\/h3>\n<p>\u0aac\u0ac1\u0a95\u0abf\u0a82\u0a97 \u0aaa\u0acd\u0ab0\u0a95\u0acd\u0ab0\u0abf\u0aaf\u0abe \u0aac\u0abe\u0aa6 \u0aaa\u0acd\u0ab0\u0ab5\u0abe\u0ab8\u0ac0\u0aa8\u0ac7 \u0aae\u0ac0\u0a9f\u0abf\u0a82\u0a97 \u0aaa\u0acb\u0a88\u0aa8\u0acd\u0a9f \u0aae\u0ab3\u0ab6\u0ac7. \u0aaa\u0acd\u0ab0\u0ab5\u0abe\u0ab8 \u0a85\u0aae\u0abe\u0ab0\u0abe \u0aae\u0ac0\u0a9f\u0abf\u0a82\u0a97 \u0aaa\u0acb\u0a88\u0aa8\u0acd\u0a9f \u0aaa\u0ab0 \u0ab6\u0ab0\u0ac2 \u0aa5\u0abe\u0aaf \u0a9b\u0ac7 \u0a85\u0aa8\u0ac7 \u0ab8\u0aae\u0abe\u0aaa\u0acd\u0aa4 \u0aa5\u0abe\u0aaf \u0a9b\u0ac7.<\/p>\n<h3><em>\u0ab6\u0ac1\u0a82 \u0a85\u0aaa\u0ac7\u0a95\u0acd\u0ab7\u0abe \u0ab0\u0abe\u0a96\u0ab5\u0ac0?<\/em><\/h3>\n<p>Ca\u00f1o Hondo \u0a96\u0abe\u0aa4\u0ac7 \u0a85\u0aa6\u0acd\u0aad\u0ac1\u0aa4 \u0ab2\u0a82\u0a9a \u0a85\u0aa8\u0ac7 \u0a95\u0ac1\u0aa6\u0ab0\u0aa4\u0ac0 \u0aaa\u0ac2\u0ab2\u0aae\u0abe\u0a82 \u0ab8\u0acd\u0ab5\u0abf\u0aae\u0abf\u0a82\u0a97 \u0ab8\u0abe\u0aa5\u0ac7 \u0ab2\u0acb\u0ab8 \u0ab9\u0ac7\u0a88\u0a9f\u0ac0\u0ab8 \u0aa8\u0ac7\u0ab6\u0aa8\u0ab2 \u0aaa\u0abe\u0ab0\u0acd\u0a95\u0aa8\u0ac0 \u0aae\u0ac1\u0ab2\u0abe\u0a95\u0abe\u0aa4 \u0ab2\u0ac7\u0ab5\u0abe \u0aae\u0abe\u0a9f\u0ac7 \u0aa4\u0aae\u0abe\u0ab0\u0ac0 \u0a9f\u0abf\u0a95\u0abf\u0a9f\u0acb \u0aae\u0ac7\u0ab3\u0ab5\u0acb.<\/p>\n<p>\u0ab8\u0acd\u0aa5\u0abe\u0aa8\u0abf\u0a95 \u0aaa\u0acd\u0ab0\u0ab5\u0abe\u0ab8 \u0aae\u0abe\u0ab0\u0acd\u0a97\u0aa6\u0ab0\u0acd\u0ab6\u0abf\u0a95\u0abe \u0ab8\u0abe\u0aa5\u0ac7 \u0aac\u0acb\u0a9f \u0a85\u0aa5\u0ab5\u0abe \u0a95\u0ac7\u0a9f\u0abe\u0aae\u0ab0\u0aa8 \u0aaa\u0ab0 \u0aac\u0ac7\u0ab8\u0ac0\u0aa8\u0ac7 \u0ab8\u0aae\u0aa8\u0abe \u0aac\u0a82\u0aa6\u0ab0\u0aa5\u0ac0 \u0ab6\u0ab0\u0ac2 \u0a95\u0ab0\u0ac0\u0aa8\u0ac7, \u0a85\u0aae\u0ac7 \u0aa1\u0acb\u0aae\u0abf\u0aa8\u0abf\u0a95\u0aa8 \u0ab0\u0abf\u0aaa\u0aac\u0acd\u0ab2\u0abf\u0a95\u0aa8\u0abe \u0ab8\u0acc\u0aa5\u0ac0 \u0ab8\u0ac1\u0a82\u0aa6\u0ab0 \u0ab0\u0abe\u0ab7\u0acd\u0a9f\u0acd\u0ab0\u0ac0\u0aaf \u0a89\u0aa6\u0acd\u0aaf\u0abe\u0aa8\u0acb\u0aae\u0abe\u0a82\u0aa8\u0abe \u0a8f\u0a95\u0aa8\u0ac0 \u0aae\u0ac1\u0ab2\u0abe\u0a95\u0abe\u0aa4 \u0ab2\u0ac7\u0ab5\u0abe \u0aae\u0abe\u0a9f\u0ac7 \u0ab8\u0aac\u0abe\u0aa8\u0abe \u0aa1\u0ac7 \u0ab2\u0abe \u0aae\u0abe\u0ab0\u0aa8\u0ac0 \u0aac\u0abe\u0a9c\u0ac1\u0aae\u0abe\u0a82 \u0ab8\u0aae\u0aa8\u0abe\u0aa8\u0ac0 \u0a96\u0abe\u0aa1\u0ac0\u0aae\u0abe\u0a82\u0aa5\u0ac0 \u0aaa\u0ab8\u0abe\u0ab0 \u0aa5\u0a88\u0a8f \u0a9b\u0ac0\u0a8f.<\/p>\n<h5>\u0ab2\u0acb\u0ab8 \u0ab9\u0ac8\u0a9f\u0ac0\u0ab8 \u0aa8\u0ac7\u0ab6\u0aa8\u0ab2 \u0aaa\u0abe\u0ab0\u0acd\u0a95.<\/h5>\n<p>\u0a86\u0ab8\u0aaa\u0abe\u0ab8\u0aa8\u0abe \u0aaa\u0a95\u0acd\u0ab7\u0ac0\u0a93 \u0ab8\u0abe\u0aa5\u0ac7 \u0a9f\u0abe\u0aaa\u0ac1\u0aa8\u0ac0 \u0aae\u0ac1\u0ab2\u0abe\u0a95\u0abe\u0aa4 \u0ab2\u0ac7\u0ab5\u0ac0. \u0aae\u0abe\u0ab3\u0abe\u0aa8\u0ac0 \u0aae\u0acb\u0ab8\u0aae\u0aae\u0abe\u0a82, \u0a86\u0aaa\u0aa3\u0ac7 \u0aae\u0abe\u0ab3\u0abe\u0aae\u0abe\u0a82 \u0aaa\u0ac7\u0ab2\u0abf\u0a95\u0aa8 \u0aac\u0a9a\u0acd\u0a9a\u0abe\u0a93 \u0aaa\u0aa3 \u0a9c\u0acb\u0a88 \u0ab6\u0a95\u0ac0\u0a8f \u0a9b\u0ac0\u0a8f. \u0a96\u0aa1\u0a95\u0abe\u0ab3 \u0a9f\u0abe\u0aaa\u0ac1\u0a93\u0aae\u0abe\u0a82 \u0ab5\u0aa7\u0ac1 \u0a8a\u0a82\u0aa1\u0ac7 \u0a9c\u0abe\u0a93 \u0a85\u0aa8\u0ac7 \u0ab8\u0acd\u0ab5\u0aa6\u0ac7\u0ab6\u0ac0 \u0ab2\u0acb\u0a95\u0acb\u0aa8\u0abe \u0a9a\u0abf\u0aa4\u0acd\u0ab0\u0acb \u0a85\u0aa8\u0ac7 \u0aaa\u0ac7\u0a9f\u0acd\u0ab0\u0acb\u0a97\u0acd\u0ab2\u0abf\u0aab\u0acd\u0ab8 \u0ab8\u0abe\u0aa5\u0ac7 \u0a97\u0ac1\u0aab\u0abe\u0a93\u0aa8\u0ac0 \u0aae\u0ac1\u0ab2\u0abe\u0a95\u0abe\u0aa4 \u0ab2\u0acb.<\/p>\n<p>El recorrido, organizado por \u00abBooking Adventures\u00bb, comienza en el punto de encuentro establecido con el gu\u00eda tur\u00edstico. Ven con Booking Adventures y comienza a observar algunos manglares llenos de aves, colinas onduladas de exuberante vegetaci\u00f3n y cuevas del Parque Nacional Los Haitises.<\/p>\n<p>El nombre del parque nacional proviene de sus habitantes originales, los indios ta\u00ednos. En su idioma, \u00abHaitises\u00bb se traduce a tierras altas o colinas, una referencia a las empinadas formaciones geol\u00f3gicas de la costa con calizas. Avent\u00farate en el parque para explorar cuevas como la Cueva de la Arena y la Cueva de la L\u00ednea.<\/p>\n<p>\u0a85\u0aa8\u0abe\u0aae\u0aa4\u0aa8\u0ac0 \u0a97\u0ac1\u0aab\u0abe\u0a93\u0aa8\u0acb \u0a89\u0aaa\u0aaf\u0acb\u0a97 \u0a9f\u0ac7\u0aa8\u0acb \u0aad\u0abe\u0ab0\u0aa4\u0ac0\u0aaf\u0acb \u0aa6\u0acd\u0ab5\u0abe\u0ab0\u0abe \u0a86\u0ab6\u0acd\u0ab0\u0aaf\u0ab8\u0acd\u0aa5\u0abe\u0aa8 \u0aa4\u0ab0\u0ac0\u0a95\u0ac7 \u0a85\u0aa8\u0ac7 \u0aaa\u0abe\u0a9b\u0ab3\u0aa5\u0ac0 \u0a9b\u0ac1\u0aaa\u0abe\u0aaf\u0ac7\u0ab2\u0abe \u0ab2\u0ac2\u0a9f\u0abe\u0ab0\u0abe\u0a93 \u0aa6\u0acd\u0ab5\u0abe\u0ab0\u0abe \u0a95\u0ab0\u0ab5\u0abe\u0aae\u0abe\u0a82 \u0a86\u0ab5\u0aa4\u0acb \u0ab9\u0aa4\u0acb. \u0a95\u0ac7\u0a9f\u0ab2\u0ac0\u0a95 \u0aa6\u0abf\u0ab5\u0abe\u0ab2\u0acb\u0aa8\u0ac7 \u0ab8\u0ac1\u0ab6\u0acb\u0aad\u0abf\u0aa4 \u0a95\u0ab0\u0aa4\u0abe \u0aad\u0abe\u0ab0\u0aa4\u0ac0\u0aaf\u0acb\u0aa8\u0abe \u0ab0\u0ac7\u0a96\u0abe\u0a82\u0a95\u0aa8\u0acb \u0aae\u0abe\u0a9f\u0ac7 \u0a9c\u0ac1\u0a93.<\/p>\n<p>\u0ab2\u0acb\u0ab8 \u0ab9\u0ac8\u0a9f\u0ac0\u0ab8\u0ac0\u0ab8 \u0aa8\u0ac7\u0ab6\u0aa8\u0ab2 \u0aaa\u0abe\u0ab0\u0acd\u0a95\u0aa8\u0ac0 \u0aae\u0ac1\u0ab2\u0abe\u0a95\u0abe\u0aa4 \u0ab2\u0ac0\u0aa7\u0abe \u0aaa\u0a9b\u0ac0 \u0a85\u0aae\u0ac7 \u0a95\u0ac7\u0aa8\u0acb \u0ab9\u0acb\u0aa8\u0acd\u0aa1\u0acb \u0a9c\u0a88\u0ab6\u0ac1\u0a82. \u0a95\u0ac7\u0aa8\u0acb \u0ab9\u0acb\u0aa8\u0acd\u0aa1\u0acb\u0aae\u0abe\u0a82 \u0aa4\u0aae\u0ac7 \u0a86 \u0a88\u0a95\u0acb\u0ab2\u0acb\u0a9c\u0ac0\u0a95\u0ab2 \u0a88\u0aa4\u0abf\u0ab9\u0abe\u0ab8 \u0ab5\u0abf\u0ab6\u0ac7 \u0ab6\u0ac0\u0a96\u0ac0 \u0ab6\u0a95\u0ab6\u0acb \u0a85\u0aa8\u0ac7 \u0ab8\u0aac\u0abe\u0aa8\u0abe \u0aa1\u0ac7 \u0ab2\u0abe \u0aae\u0abe\u0ab0 \u0ab8\u0aae\u0ac1\u0aa6\u0abe\u0aaf\u0aa8\u0abe \u0ab2\u0abe\u0a95\u0acd\u0ab7\u0aa3\u0abf\u0a95 \u0a96\u0acb\u0ab0\u0abe\u0a95 \u0ab8\u0abe\u0aa5\u0ac7 \u0ab2\u0a82\u0a9a\u0aa8\u0acb \u0ab8\u0aae\u0aaf \u0aaa\u0ab8\u0abe\u0ab0 \u0a95\u0ab0\u0ab6\u0acb.<\/p>\n<p>\u0aac\u0aaa\u0acb\u0ab0\u0aa8\u0ac1\u0a82 \u0aad\u0acb\u0a9c\u0aa8 \u0ab8\u0acd\u0ab5\u0abe\u0aa6\u0abf\u0ab7\u0acd\u0a9f \u0ab9\u0ab6\u0ac7 \u0aaa\u0ab0\u0a82\u0aa4\u0ac1 \u0a85\u0aae\u0ac7 \u0ab9\u0a9c\u0ac0 \u0aaa\u0ac2\u0ab0\u0acd\u0aa3 \u0a95\u0ab0\u0acd\u0aaf\u0ac1\u0a82 \u0aa8\u0aa5\u0ac0. \u0aac\u0aaa\u0acb\u0ab0\u0aa8\u0abe \u0aad\u0acb\u0a9c\u0aa8 \u0aaa\u0a9b\u0ac0, \u0a85\u0aae\u0ac7 \u0a9c\u0ac0\u0aac\u0abe\u0ab2\u0ac7\u0ab8 \u0aa8\u0aa6\u0ac0\u0aa5\u0ac0 \u0a95\u0abe\u0aa8\u0acb \u0ab9\u0acb\u0aa8\u0acd\u0aa1\u0acb \u0aa8\u0aa6\u0ac0 \u0ab8\u0ac1\u0aa7\u0ac0\u0aa8\u0abe \u0a95\u0ac1\u0aa6\u0ab0\u0aa4\u0ac0 \u0aaa\u0ac2\u0ab2\u0aae\u0abe\u0a82 \u0aa4\u0ab0\u0ac0\u0ab6\u0ac1\u0a82. \u0ab8\u0abe\u0a82\u0a9c\u0ac7 4:00 \u0ab5\u0abe\u0a97\u0acd\u0aaf\u0abe \u0ab8\u0ac1\u0aa7\u0ac0 Ca\u00f1o Hondo \u0aae\u0abe\u0a82 \u0ab0\u0ab9\u0ac0\u0aa8\u0ac7 \u0a85\u0aa8\u0ac7 Saman\u00e1 \u0aac\u0a82\u0aa6\u0ab0 \u0aaa\u0ab0 \u0aaa\u0abe\u0a9b\u0abe \u0a86\u0ab5\u0ac0\u0aa8\u0ac7, \u0a85\u0aae\u0ac7 \u0aab\u0ab0\u0ac0\u0aa5\u0ac0 \u0aae\u0ac7\u0aa8\u0acd\u0a97\u0acd\u0ab0\u0acb\u0ab5\u0acd\u0ab8\u0aae\u0abe\u0a82\u0aa5\u0ac0 \u0aaa\u0ab8\u0abe\u0ab0 \u0aa5\u0a88\u0ab6\u0ac1\u0a82 \u0a85\u0aa8\u0ac7 \u0ab8\u0abe\u0aa8 \u0ab2\u0acb\u0ab0\u0ac7\u0aa8\u0acd\u0a9d\u0acb\u0aa8\u0ac0 \u0a96\u0ac1\u0ab2\u0acd\u0ab2\u0ac0 \u0a96\u0abe\u0aa1\u0ac0 \u0aaa\u0ab0 \u0aaa\u0ab9\u0acb\u0a82\u0a9a\u0ac0\u0ab6\u0ac1\u0a82, \u0a9c\u0acd\u0aaf\u0abe\u0a82\u0aa5\u0ac0 \u0aa4\u0aae\u0ac7 \u0a95\u0aa0\u0acb\u0ab0 \u0a9c\u0a82\u0a97\u0ab2\u0aa8\u0abe \u0ab2\u0ac7\u0aa8\u0acd\u0aa1\u0ab8\u0acd\u0a95\u0ac7\u0aaa\u0aa8\u0acb \u0aab\u0acb\u0a9f\u0acb \u0ab2\u0a88 \u0ab6\u0a95\u0acb \u0a9b\u0acb. \u0aae\u0ac7\u0aa8\u0ac7\u0a9f\u0ac0\u0ab8, \u0a95\u0acd\u0ab0\u0ab8\u0acd\u0a9f\u0ac7\u0ab6\u0abf\u0aaf\u0aa8\u0acd\u0ab8 \u0a85\u0aa8\u0ac7 \u0aa1\u0acb\u0ab2\u0acd\u0aab\u0abf\u0aa8 \u0a9c\u0acb\u0ab5\u0abe \u0aae\u0abe\u0a9f\u0ac7 \u0aaa\u0abe\u0aa3\u0ac0\u0aae\u0abe\u0a82 \u0aac\u0ab9\u0abe\u0ab0 \u0a9c\u0ac1\u0a93.<\/p>\n<p>\u0a95\u0acd\u0ab7\u0aa3 \u0ab8\u0ac1\u0aa7\u0ac0 \u0aa4\u0aae\u0ac7 \u0a9f\u0ac2\u0ab0 \u0a97\u0abe\u0a87\u0aa1 \u0ab8\u0abe\u0aa5\u0ac7 \u0ab8\u0aae\u0abe\u0aa7\u0abe\u0aa8 \u0a95\u0ab0\u0ab6\u0acb \u0a85\u0aa8\u0ac7 \u0aa4\u0ac7 \u0aaa\u0a9b\u0ac0 \u0a95\u0ac7\u0aa8\u0acb \u0ab9\u0acb\u0aa8\u0acd\u0aa1\u0acb\u0aa8\u0abe \u0aac\u0a82\u0aa6\u0ab0 \u0aaa\u0ab0 \u0a9c\u0abe\u0a93 \u0a85\u0aa8\u0ac7 30 \u0aae\u0abf\u0aa8\u0abf\u0a9f\u0aae\u0abe\u0a82 \u0ab8\u0abe\u0aae\u0aa8\u0abe\u0aa8\u0ac0 \u0a96\u0abe\u0aa1\u0ac0\u0aae\u0abe\u0a82\u0aa5\u0ac0 \u0aaa\u0ab8\u0abe\u0ab0 \u0aa5\u0aa4\u0abe \u0ab8\u0abe\u0aae\u0aa8\u0abe \u0aac\u0a82\u0aa6\u0ab0 \u0aaa\u0ab0 \u0aaa\u0abe\u0a9b\u0abe \u0aac\u0acb\u0a9f \u0ab2\u0acb.<\/p>\n<p>\u0a9c\u0acb \u0aa4\u0aae\u0aa8\u0ac7 \u0a86 \u0ab8\u0aab\u0ab0 \u0ab5\u0aa7\u0ac1 \u0a97\u0aae\u0aa4\u0ac0 \u0ab9\u0acb\u0aaf, \u0aa4\u0acb \u0a85\u0aae\u0abe\u0ab0\u0ac0 \u0aaa\u0abe\u0ab8\u0ac7 \u0a86 \u0ab5\u0abf\u0a95\u0ab2\u0acd\u0aaa\u0acb \u0a9b\u0ac7:<\/p>\n<p>Los Haitises + Cayo Levantado Saman\u00e1 \u0aac\u0a82\u0aa6\u0ab0\u0aa5\u0ac0.<\/p>\n<h3><em>\u0aa4\u0aae\u0abe\u0ab0\u0ac7 \u0ab6\u0ac1\u0a82 \u0ab2\u0abe\u0ab5\u0ab5\u0ac1\u0a82 \u0a9c\u0acb\u0a88\u0a8f?<\/em><\/h3>\n<ul>\n<li>\u0a95\u0ac7\u0aae\u0ac7\u0ab0\u0abe<\/li>\n<li>\u0a9c\u0ac0\u0ab5\u0aa1\u0abe\u0a82<\/li>\n<li>\u0ab8\u0aa8\u0ab8\u0acd\u0a95\u0acd\u0ab0\u0ac0\u0aa8<\/li>\n<li>\u0a9f\u0acb\u0aaa\u0ac0<\/li>\n<li>\u0a86\u0ab0\u0abe\u0aae\u0aa6\u0abe\u0aaf\u0a95 \u0aaa\u0ac7\u0aa8\u0acd\u0a9f<\/li>\n<li>\u0aab\u0acb\u0ab0\u0ac7\u0ab8\u0acd\u0a9f \u0ab9\u0abe\u0a87\u0a95\u0abf\u0a82\u0a97 \u0ab6\u0ac2\u0a9d<\/li>\n<li>\u0ab5\u0ab8\u0a82\u0aa4 \u0ab5\u0abf\u0ab8\u0acd\u0aa4\u0abe\u0ab0\u0acb \u0aae\u0abe\u0a9f\u0ac7 \u0ab8\u0ac7\u0aa8\u0acd\u0aa1\u0ab2.<\/li>\n<li>\u0ab8\u0acd\u0ab5\u0abf\u0aae\u0ab8\u0acd\u0aaf\u0ac1\u0a9f<\/li>\n<\/ul>\n<h3><em>\u0ab9\u0acb\u0a9f\u0ac7\u0ab2 \u0aaa\u0abf\u0a95\u0a85\u0aaa<\/em><\/h3>\n<p>\u0a86 \u0aaa\u0acd\u0ab0\u0ab5\u0abe\u0ab8 \u0aae\u0abe\u0a9f\u0ac7 \u0ab9\u0acb\u0a9f\u0ac7\u0ab2 \u0aaa\u0abf\u0a95\u0a85\u0aaa \u0a93\u0aab\u0ab0 \u0a95\u0ab0\u0ab5\u0abe\u0aae\u0abe\u0a82 \u0a86\u0ab5\u0aa4\u0ac1\u0a82 \u0aa8\u0aa5\u0ac0.<\/p>\n<p><strong>\u0aa8\u0ac9\u0ac5\u0aa7:<\/strong> \u0a9c\u0acb \u0aa4\u0aae\u0ac7 \u0aaa\u0acd\u0ab0\u0ab5\u0abe\u0ab8\/\u0aaa\u0ab0\u0acd\u0aaf\u0a9f\u0aa8\u0aa8\u0abe \u0aaa\u0acd\u0ab0\u0ab8\u0acd\u0aa5\u0abe\u0aa8\u0aa8\u0abe \u0ab8\u0aae\u0aaf\u0aa8\u0abe 24 \u0a95\u0ab2\u0abe\u0a95\u0aa8\u0ac0 \u0a85\u0a82\u0aa6\u0ab0 \u0aac\u0ac1\u0a95 \u0a95\u0ab0\u0acb \u0a9b\u0acb, \u0aa4\u0acb \u0a85\u0aae\u0ac7 \u0ab5\u0aa7\u0abe\u0ab0\u0abe\u0aa8\u0abe \u0ab6\u0ac1\u0ab2\u0acd\u0a95 \u0ab8\u0abe\u0aa5\u0ac7 \u0ab9\u0acb\u0a9f\u0ac7\u0ab2 \u0aaa\u0abf\u0a95\u0a85\u0aaa\u0aa8\u0ac0 \u0ab5\u0acd\u0aaf\u0ab5\u0ab8\u0acd\u0aa5\u0abe \u0a95\u0ab0\u0ac0 \u0ab6\u0a95\u0ac0\u0a8f \u0a9b\u0ac0\u0a8f. \u0a8f\u0a95\u0ab5\u0abe\u0ab0 \u0aa4\u0aae\u0abe\u0ab0\u0ac0 \u0a96\u0ab0\u0ac0\u0aa6\u0ac0 \u0aaa\u0ac2\u0ab0\u0acd\u0aa3 \u0aa5\u0a88 \u0a9c\u0abe\u0aaf, \u0aaa\u0a9b\u0ac0 \u0a85\u0aae\u0ac7 \u0aa4\u0aae\u0aa8\u0ac7 \u0aaa\u0abf\u0a95\u0a85\u0aaa\u0aa8\u0ac0 \u0ab5\u0acd\u0aaf\u0ab5\u0ab8\u0acd\u0aa5\u0abe \u0a97\u0acb\u0aa0\u0ab5\u0ab5\u0abe \u0aae\u0abe\u0a9f\u0ac7 \u0a85\u0aae\u0abe\u0ab0\u0abe \u0ab8\u0acd\u0aa5\u0abe\u0aa8\u0abf\u0a95 \u0aaa\u0acd\u0ab0\u0ab5\u0abe\u0ab8 \u0aae\u0abe\u0ab0\u0acd\u0a97\u0aa6\u0ab0\u0acd\u0ab6\u0abf\u0a95\u0abe \u0aae\u0abe\u0a9f\u0ac7 \u0ab8\u0a82\u0aaa\u0ac2\u0ab0\u0acd\u0aa3 \u0ab8\u0a82\u0aaa\u0ab0\u0acd\u0a95 \u0aae\u0abe\u0ab9\u0abf\u0aa4\u0ac0 (\u0aab\u0acb\u0aa8 \u0aa8\u0a82\u0aac\u0ab0, \u0a87\u0aae\u0ac7\u0a87\u0ab2 \u0ab8\u0ab0\u0aa8\u0abe\u0aae\u0ac1\u0a82, \u0ab5\u0a97\u0ac7\u0ab0\u0ac7) \u0aae\u0acb\u0a95\u0ab2\u0ac0\u0ab6\u0ac1\u0a82.<\/p>\n<h3>\u0ab5\u0aa7\u0abe\u0ab0\u0abe\u0aa8\u0ac0 \u0aae\u0abe\u0ab9\u0abf\u0aa4\u0ac0\u0aa8\u0ac0 \u0aaa\u0ac1\u0ab7\u0acd\u0a9f\u0abf<\/h3>\n<ol>\n<li>\u0a86 \u0a9f\u0ac2\u0ab0 \u0aae\u0abe\u0a9f\u0ac7 \u0a9a\u0ac2\u0a95\u0ab5\u0aa3\u0ac0 \u0a95\u0ab0\u0acd\u0aaf\u0abe \u0aaa\u0a9b\u0ac0 \u0a9f\u0abf\u0a95\u0abf\u0a9f \u0a8f \u0ab0\u0ab8\u0ac0\u0aa6 \u0a9b\u0ac7. \u0aa4\u0aae\u0ac7 \u0aa4\u0aae\u0abe\u0ab0\u0abe \u0aab\u0acb\u0aa8 \u0aaa\u0ab0 \u0aaa\u0ac7\u0aae\u0ac7\u0aa8\u0acd\u0a9f \u0aac\u0aa4\u0abe\u0ab5\u0ac0 \u0ab6\u0a95\u0acb \u0a9b\u0acb.<\/li>\n<li>\u0ab0\u0abf\u0a9d\u0ab0\u0acd\u0ab5\u0ac7\u0ab6\u0aa8 \u0aaa\u0acd\u0ab0\u0a95\u0acd\u0ab0\u0abf\u0aaf\u0abe \u0aac\u0abe\u0aa6 \u0aae\u0ac0\u0a9f\u0ac0\u0a82\u0a97 \u0aaa\u0acb\u0a88\u0aa8\u0acd\u0a9f \u0aaa\u0acd\u0ab0\u0abe\u0aaa\u0acd\u0aa4 \u0aa5\u0ab6\u0ac7.<\/li>\n<li>\u0aac\u0abe\u0ab3\u0a95\u0acb\u0aa8\u0ac0 \u0ab8\u0abe\u0aa5\u0ac7 \u0aaa\u0ac1\u0a96\u0acd\u0aa4 \u0ab5\u0aaf\u0aa8\u0abe \u0ab2\u0acb\u0a95\u0acb \u0ab9\u0acb\u0ab5\u0abe \u0a9c\u0acb\u0a88\u0a8f.<\/li>\n<li>\u0ab5\u0acd\u0ab9\u0ac0\u0ab2\u0a9a\u0ac7\u0ab0 \u0ab8\u0ac1\u0ab2\u0aad \u0aa8\u0aa5\u0ac0<\/li>\n<li>\u0ab6\u0abf\u0ab6\u0ac1\u0a93\u0a8f \u0ab6\u0abf\u0ab6\u0ac1 \u0aac\u0ac7\u0aa0\u0a95\u0acb\u0aae\u0abe\u0a82 \u0a85\u0aa5\u0ab5\u0abe \u0aaa\u0ac1\u0a96\u0acd\u0aa4 \u0ab5\u0aaf\u0aa8\u0abe \u0ab2\u0acb\u0a95\u0acb \u0ab8\u0abe\u0aa5\u0ac7 \u0aac\u0ac7\u0ab8\u0ab5\u0ac1\u0a82 \u0a9c\u0acb\u0a88\u0a8f<\/li>\n<li>\u0aaa\u0ac0\u0aa0\u0aa8\u0ac0 \u0ab8\u0aae\u0ab8\u0acd\u0aaf\u0abe\u0ab5\u0abe\u0ab3\u0abe \u0aaa\u0acd\u0ab0\u0ab5\u0abe\u0ab8\u0ac0\u0a93 \u0aae\u0abe\u0a9f\u0ac7 \u0a86\u0a97\u0acd\u0ab0\u0ab9\u0aa3\u0ac0\u0aaf \u0aa8\u0aa5\u0ac0.<\/li>\n<li>\u0ab8\u0a97\u0ab0\u0acd\u0aad\u0abe \u0ab8\u0acd\u0aa4\u0acd\u0ab0\u0ac0\u0a93 \u0aae\u0abe\u0a9f\u0ac7 \u0a86\u0a97\u0acd\u0ab0\u0ab9\u0aa3\u0ac0\u0aaf \u0aa8\u0aa5\u0ac0.<\/li>\n<li>\u0ab9\u0ac3\u0aa6\u0aaf\u0aa8\u0ac0 \u0a95\u0acb\u0a88 \u0ab8\u0aae\u0ab8\u0acd\u0aaf\u0abe \u0a85\u0aa5\u0ab5\u0abe \u0a85\u0aa8\u0acd\u0aaf \u0a97\u0a82\u0aad\u0ac0\u0ab0 \u0aa4\u0aac\u0ac0\u0aac\u0ac0 \u0ab8\u0acd\u0aa5\u0abf\u0aa4\u0abf\u0a93 \u0aa8\u0aa5\u0ac0.<\/li>\n<li>\u0aae\u0acb\u0a9f\u0abe\u0aad\u0abe\u0a97\u0aa8\u0abe \u0aaa\u0acd\u0ab0\u0ab5\u0abe\u0ab8\u0ac0\u0a93 \u0aad\u0abe\u0a97 \u0ab2\u0a88 \u0ab6\u0a95\u0ac7 \u0a9b\u0ac7.<\/li>\n<\/ol>\n<h3><em>\u0ab0\u0aa6\u0ac0\u0a95\u0ab0\u0aa3 \u0aa8\u0ac0\u0aa4\u0abf<\/em><\/h3>\n<p>\u0ab8\u0a82\u0aaa\u0ac2\u0ab0\u0acd\u0aa3 \u0ab0\u0abf\u0aab\u0a82\u0aa1 \u0aae\u0abe\u0a9f\u0ac7, \u0a85\u0aa8\u0ac1\u0aad\u0ab5\u0aa8\u0ac0 \u0ab6\u0ab0\u0ac2\u0a86\u0aa4\u0aa8\u0ac0 \u0aa4\u0abe\u0ab0\u0ac0\u0a96\u0aa8\u0abe \u0a93\u0a9b\u0abe\u0aae\u0abe\u0a82 \u0a93\u0a9b\u0abe 24 \u0a95\u0ab2\u0abe\u0a95 \u0aaa\u0ab9\u0ac7\u0ab2\u0abe\u0a82 \u0ab0\u0aa6 \u0a95\u0ab0\u0acb.<\/p>\n\n\t\t<\/div>\n\t<\/div>\n<\/div><\/div><\/div><\/div><div class=\"vc_row wpb_row vc_row-fluid\" ><div class=\"wpb_column vc_column_container vc_col-sm-12\"><div class=\"vc_column-inner\"><div class=\"wpb_wrapper\"><div class=\"vc_empty_space\"   style=\"height: 32px\"><span class=\"vc_empty_space_inner\"><\/span><\/div>\n\t<div class=\"wpb_video_widget wpb_content_element vc_clearfix   vc_video-aspect-ratio-169 vc_video-el-width-100 vc_video-align-left\" >\n\t\t<div class=\"wpb_wrapper\">\n\t\t\t\n\t\t\t<div class=\"wpb_video_wrapper\"><iframe loading=\"lazy\" title=\"\u0ab2\u0acb\u0ab8 \u0ab9\u0ac8\u0a9f\u0ac0\u0ab8 \u0aa8\u0ac7\u0ab6\u0aa8\u0ab2 \u0aaa\u0abe\u0ab0\u0acd\u0a95, \u0ab8\u0aae\u0abe\u0aa8\u0abe \u0a85\u0aa5\u0ab5\u0abe \u0ab8\u0aac\u0abe\u0aa8\u0abe \u0aa1\u0ac7 \u0ab2\u0abe \u0aae\u0abe\u0ab0\u0aa5\u0ac0 \u0aaa\u0acd\u0ab0\u0ab5\u0abe\u0ab8 \u0a85\u0aa8\u0ac7 \u0aaa\u0ab0\u0acd\u0aaf\u0a9f\u0aa8 \u0a85\u0ab9\u0ac0\u0a82 \u0aac\u0ac1\u0a95 \u0a95\u0ab0\u0acb:\" src=\"https:\/\/player.vimeo.com\/video\/346508015?dnt=1&amp;app_id=122963\" width=\"1100\" height=\"619\" frameborder=\"0\" allow=\"autoplay; fullscreen\" allowfullscreen><\/iframe><\/div>\n\t\t<\/div>\n\t<\/div>\n<\/div><\/div><\/div><\/div><div class=\"vc_row wpb_row vc_row-fluid\" ><div class=\"wpb_column vc_column_container vc_col-sm-12\"><div class=\"vc_column-inner\"><div class=\"wpb_wrapper\"><div class=\"vc_empty_space\"   style=\"height: 32px\"><span class=\"vc_empty_space_inner\"><\/span><\/div>\n\t<div class=\"wpb_text_column wpb_content_element\" >\n\t\t<div class=\"wpb_wrapper\">\n\t\t\t<h4>\u0a85\u0aae\u0abe\u0ab0\u0acb \u0ab8\u0a82\u0aaa\u0ab0\u0acd\u0a95 \u0a95\u0ab0\u0acb?<\/h4>\n<h5>\u0a8f\u0aa1\u0ab5\u0ac7\u0aa8\u0acd\u0a9a\u0ab0 \u0ab0\u0abf\u0a9d\u0ab0\u0acd\u0ab5\u0ac7\u0ab6\u0aa8<\/h5>\n<p><em>\u0aaa\u0acd\u0ab0\u0ab5\u0abe\u0ab8 \u0aae\u0abe\u0ab0\u0acd\u0a97\u0aa6\u0ab0\u0acd\u0ab6\u0abf\u0a95\u0abe\u0a93<\/em> <em><strong>\u0ab8\u0acd\u0aa5\u0abe\u0aa8\u0abf\u0a95<\/strong><\/em> \u0a85\u0aa8\u0ac7 <strong><em>\u0ab0\u0abe\u0ab7\u0acd\u0a9f\u0acd\u0ab0\u0ac0\u0aaf<\/em><\/strong> \u0a85\u0aa8\u0ac7<em>\u00a0\u0a85\u0aa4\u0abf\u0aa5\u0abf \u0ab8\u0ac7\u0ab5\u0abe\u0a93<\/em><\/p>\n<p>\u0ab0\u0abf\u0a9d\u0ab0\u0acd\u0ab5\u0ac7\u0ab6\u0aa8: \u0aa1\u0acb\u0aae\u0aae\u0abe\u0a82 \u0aaa\u0acd\u0ab0\u0ab5\u0abe\u0ab8\u0acb \u0a85\u0aa8\u0ac7 \u0aaa\u0ab0\u0acd\u0aaf\u0a9f\u0aa8.<\/p>\n<p>Tel\/Whatsapp +1-809-720-6035.<\/p>\n<p>info@bookingadventures.com.do<\/p>\n<p>\u0a85\u0aae\u0ac7 Whatsapp \u0aa6\u0acd\u0ab5\u0abe\u0ab0\u0abe \u0ab2\u0ab5\u0a9a\u0ac0\u0a95 \u0a97\u0acb\u0aa0\u0ab5\u0aa3\u0ac0 \u0ab8\u0abe\u0aa5\u0ac7 \u0a96\u0abe\u0aa8\u0a97\u0ac0 \u0aaa\u0acd\u0ab0\u0ab5\u0abe\u0ab8\u0acb \u0a9b\u0ac0\u0a8f: +18097206035.<\/p>\n\n\t\t<\/div>\n\t<\/div>\n<div class=\"vc_empty_space\"   style=\"height: 32px\"><span class=\"vc_empty_space_inner\"><\/span><\/div><\/div><\/div><\/div><\/div>","protected":false},"excerpt":{"rendered":"<p><strong>\u0a95\u0ac3\u0aaa\u0abe \u0a95\u0ab0\u0ac0\u0aa8\u0ac7 \u0aaa\u0acd\u0ab0\u0ab5\u0abe\u0ab8 \u0aae\u0abe\u0a9f\u0ac7 \u0aa4\u0abe\u0ab0\u0ac0\u0a96 \u0aaa\u0ab8\u0a82\u0aa6 \u0a95\u0ab0\u0acb\u00a0<\/strong><\/p>","protected":false},"featured_media":104,"template":"","meta":[],"product_brand":[],"product_cat":[119,96,144,98,135,121,99,122,443,123,124],"product_tag":[126,127,128,145,132,133,146,147,148,143],"class_list":{"0":"post-551","1":"product","2":"type-product","3":"status-publish","4":"has-post-thumbnail","6":"product_cat-caves","7":"product_cat-hiking","8":"product_cat-kayaking","9":"product_cat-local-tour-guides","10":"product_cat-lunch","11":"product_cat-mangroves","12":"product_cat-swimming-natural-springs","13":"product_cat-tours-and-excursions","14":"product_cat-tours-y-excursiones-es","15":"product_cat-tours-excursions-los-haitises-national-park","16":"product_cat-tours-excursions-samana-bay-dominican-republic","17":"product_tag-cano-hondo","18":"product_tag-cano-hondo-hotel","19":"product_tag-cano-hondo-tours","20":"product_tag-day-tour-cano-hondo","21":"product_tag-los-haitises","22":"product_tag-los-haitises-national-park","23":"product_tag-mangroves-los-haitises","24":"product_tag-samana-bay","25":"product_tag-samana-excursions","26":"product_tag-samana-tours","28":"first","29":"instock","30":"sale","31":"sold-individually","32":"shipping-taxable","33":"product-type-external"},"_links":{"self":[{"href":"https:\/\/haitises.com\/gu\/wp-json\/wp\/v2\/product\/551","targetHints":{"allow":["GET"]}}],"collection":[{"href":"https:\/\/haitises.com\/gu\/wp-json\/wp\/v2\/product"}],"about":[{"href":"https:\/\/haitises.com\/gu\/wp-json\/wp\/v2\/types\/product"}],"wp:featuredmedia":[{"embeddable":true,"href":"https:\/\/haitises.com\/gu\/wp-json\/wp\/v2\/media\/104"}],"wp:attachment":[{"href":"https:\/\/haitises.com\/gu\/wp-json\/wp\/v2\/media?parent=551"}],"wp:term":[{"taxonomy":"product_brand","embeddable":true,"href":"https:\/\/haitises.com\/gu\/wp-json\/wp\/v2\/product_brand?post=551"},{"taxonomy":"product_cat","embeddable":true,"href":"https:\/\/haitises.com\/gu\/wp-json\/wp\/v2\/product_cat?post=551"},{"taxonomy":"product_tag","embeddable":true,"href":"https:\/\/haitises.com\/gu\/wp-json\/wp\/v2\/product_tag?post=551"}],"curies":[{"name":"wp","href":"https:\/\/api.w.org\/{rel}","templated":true}]}}