{"id":609,"date":"2020-07-12T21:58:33","date_gmt":"2020-07-12T21:58:33","guid":{"rendered":"http:\/\/haitises.com\/?post_type=product&#038;p=609"},"modified":"2024-04-16T03:11:10","modified_gmt":"2024-04-16T03:11:10","slug":"samana-whales-cayo-raisedo-bacardi-island-el-limon-fervenza-excursion-desde-os-hoteis-de-punta-cana","status":"publish","type":"product","link":"https:\/\/haitises.com\/gl\/privado\/samana-whales-cayo-raisedo-bacardi-island-el-limon-fervenza-excursion-desde-os-hoteis-de-punta-cana\/","title":{"rendered":"Saman\u00e1 Whale Tour + Cayo Levantado (Bacardi Island) + El Lim\u00f3n Waterfall desde hoteis de Punta Cana"},"content":{"rendered":"<div class=\"vc_row wpb_row vc_row-fluid\" ><div class=\"wpb_column vc_column_container vc_col-sm-12\"><div class=\"vc_column-inner\"><div class=\"wpb_wrapper\">[mkdf_section_title title_tag=\u00bb\u00bb disable_break_words=\u00bbno\u00bb subtitle_tag=\u00bb\u00bb title=\u00bbObservaci\u00f3n de Ballenas 2021 de Punta Cana a La Bah\u00eda de Saman\u00e1\u00bb subtitle=\u00bbCayo Levantado (Bacardi Island) + Cascada El Lim\u00f3n desde los hoteles de Punta Cana.\u00bb]<\/div><\/div><\/div><\/div><div class=\"vc_row wpb_row vc_row-fluid\" ><div class=\"wpb_column vc_column_container vc_col-sm-12\"><div class=\"vc_column-inner\"><div class=\"wpb_wrapper\">\n\t<div class=\"wpb_text_column wpb_content_element\" >\n\t\t<div class=\"wpb_wrapper\">\n\t\t\t<div class=\"vc_row wpb_row vc_row-fluid\">\n<div class=\"wpb_column vc_column_container vc_col-sm-12\">\n<div class=\"vc_column-inner\">\n<div class=\"wpb_wrapper\">\n<div class=\"wpb_text_column wpb_content_element\">\n<div class=\"wpb_wrapper\">\n<div class=\"vc_row wpb_row vc_row-fluid\">\n<div class=\"wpb_column vc_column_container vc_col-sm-12\">\n<div class=\"vc_column-inner\">\n<div class=\"wpb_wrapper\">\n<div class=\"wpb_text_column wpb_content_element\">\n<div class=\"wpb_wrapper\"><\/div>\n<\/div>\n<\/div>\n<\/div>\n<\/div>\n<\/div>\n<\/div>\n<\/div>\n<\/div>\n<\/div>\n<\/div>\n<\/div>\n<div class=\"vc_row wpb_row vc_row-fluid\">\n<div class=\"wpb_column vc_column_container vc_col-sm-12\">\n<div class=\"vc_column-inner\">\n<div class=\"wpb_wrapper\">\n<div class=\"wpb_text_column wpb_content_element\">\n<div class=\"wpb_wrapper\">\n<h3>Descrici\u00f3n<\/h3>\n<p>Observaci\u00f3n de baleas a Punta Cana, avistamento de baleas na ba\u00eda de Saman\u00e1 e visita a Cayo Levantado e o safari das cataratas do Lim\u00f3n durante esta excursi\u00f3n de d\u00eda completo desde os hoteis de Punta Cana. Viaxa \u00e1 ba\u00eda de Saman\u00e1 a bordo dun c\u00f3modo autob\u00fas con aire acondicionado e, a continuaci\u00f3n, s\u00fabete a un catamar\u00e1n ou barco. en Miches. Navega en augas abertas para buscar vainas de baleas jorobadas que visitan para reproducir e dar a luz aos seus cr\u00edas na zona. Aprende sobre o comportamento e a biolox\u00eda destes mam\u00edferos mari\u00f1os co teu gu\u00eda naturalista experto. Contin\u00faa ata Cayo Levantado\/Illa Bacardi, para xantar na praia e mergullarse nas augas azuis despois desta viaxe de safari \u00e1s fervenzas de Lim\u00f3n con cabalos a trav\u00e9s do bosque de coco antes de regresar a Punta Cana.<\/p>\n<p><strong>Nota:<\/strong> Este tour non \u00e9 privado. Este percorrido inclu\u00edu unha parada na fervenza de Lim\u00f3n. Para reservar a mesma viaxe e non ir \u00e1s fervenzas, PREME AQU\u00cd.<\/p>\n<ul>\n<li>Observaci\u00f3n de baleas<\/li>\n<li>Illa Bacard\u00ed \/ Cayo Levantado<\/li>\n<li>Entradas para o Observatorio<\/li>\n<li>Samana Safari<\/li>\n<li>Fervenzas do Lim\u00f3n Rutas a cabalo<\/li>\n<li>Incl\u00fae xantar buffet na praia.<\/li>\n<li>Transporte mar\u00edtimo (barco)<\/li>\n<li>O capit\u00e1n proporciona instruci\u00f3ns e supervisi\u00f3n.<\/li>\n<li>Gu\u00eda tur\u00edstico<\/li>\n<\/ul>\n<p>&nbsp;<\/p>\n<h3><em>Inclusi\u00f3ns e exclusi\u00f3ns<\/em><\/h3>\n<h4>Inclusi\u00f3ns<\/h4>\n<ol>\n<li>Xantar buffet na praia.<\/li>\n<li>Traslado desde hoteis<\/li>\n<li>Gu\u00eda tur\u00edstico<\/li>\n<li>Paseo en catamar\u00e1n ou barco<\/li>\n<li>Todos os impostos, taxas e gastos de xesti\u00f3n<\/li>\n<li>Impostos locais<\/li>\n<li>Bebidas<\/li>\n<\/ol>\n<h4>Exclusi\u00f3ns<\/h4>\n<ol>\n<li>Consellos<\/li>\n<\/ol>\n<h3>Sa\u00edda e volta<\/h3>\n<p>Ofr\u00e9cese a recollida do hotel para este percorrido. Nas notas, simplemente escriba o nome do hotel para a recollida. Recollemos en todos os hoteis de Punta Cana.<\/p>\n<h3>Avistamento de baleas de Saman\u00e1 + Cayo Levantado (Illa Bacard\u00ed) + Fervenzas de Lim\u00f3n desde hoteis de Punta Cana.<\/h3>\n<h3><em>Que esperar?<\/em><\/h3>\n<p>Ach\u00e9gate aos suaves xigantes do mar da Rep\u00fablica Dominicana durante esta excursi\u00f3n de observaci\u00f3n de baleas jorobadas de 12 horas na ba\u00eda de S\u00e1mana. Pasa un d\u00eda inesquecible observando algunhas das miles de baleas que chegan \u00e1 illa cada ano para aparearse, alimentarse e xogar nas s\u00faas c\u00e1lidas augas tropicais. Mentres observes estas fermosas criaturas, gozar\u00e1s dunha visi\u00f3n \u00fanica do teu gu\u00eda experto en avistamento de baleas. Remata o d\u00eda cun xantar e unha praia inclu\u00eddos na fermosa illa de Cayo Levantado. Tam\u00e9n se incl\u00fae o transporte de ida e volta ao hotel.<\/p>\n<p>De 9:00 a 12:00 horas Observatorio de avistamento de baleas e despois desta viaxe visitaremos a Illa Bacard\u00ed \/ Cayo Levantado. Na illa de Bacard\u00ed, ofrecerase un xantar tipo buf\u00e9 t\u00edpico dominicano (arroz, feix\u00f3ns, peixe, ensaladas...). Cando remates de xantar, podes nadar e prepararte para ir \u00e1s fervenzas do Lim\u00f3n ata as 16:30 horas. O percorrido rematar\u00e1 \u00e1s 17:00 horas no mesmo porto desde onde comezar\u00e1s a bordo do noso catamar\u00e1n e do teu autob\u00fas lanzadeira. Regreso aos hoteis de Punta Cana.<\/p>\n<p><strong>Horario:<\/strong><\/p>\n<ul>\n<li>6:00 \u2013 7:00 Recollida de clientes dos diferentes hoteis.<\/li>\n<li>07:00 Sa\u00edda a Las Canitas en Sabana de la Mar<\/li>\n<li>08:15 Chegada ao peirao privado<\/li>\n<li>08:15 \u2013 8:40 Hora do almorzo (bocadillos, muffins, t\u00e9, caf\u00e9, zumes)<\/li>\n<li>8:45 Embarque para comezar a nosa viaxe ao santuario de baleas jorobadas en Saman\u00e1<\/li>\n<li>11:00 Busca das baleas durante un per\u00edodo de 45 minutos. Este \u00e9 o momento seguido polas normas gobernamentais.<\/li>\n<li>11:45 Dir\u00edxese a Cayo Levantado na ba\u00eda de Saman\u00e1<\/li>\n<li>12:30 Chegada a Cayo Levantado<\/li>\n<li>13:00 Hora de xantar (xantar buffet, t\u00edpico dominicano) *<\/li>\n<li>13:45 \u2013 15:30 Tempo libre en Cayo Levantado<\/li>\n<li>15:00 \u2013 15:45 A bordo de novo cara a Miches<\/li>\n<li>17:00 Chegada a Miches e sa\u00edda aos hoteis de Punta Cana<\/li>\n<li>19:30 \u2013 20:00 Chegada aos hoteis de Punta Cana<\/li>\n<\/ul>\n<p>* Men\u00fa de xantar (t\u00edpico dominicano)<br \/>\nArroz, polo \u00e1 prancha ou peixe \u00e1 prancha, ensalada, verduras, froita fresca.<\/p>\n<p>*Os clientes que opten por engadir a parada na Fervenza do Lim\u00f3n despois da observaci\u00f3n de baleas trasladaranse \u00e1 fervenza e ter\u00e1n menos tempo para pasar en Cayo Levantado.<\/p>\n<p>Este percorrido inclu\u00edu unha parada na fervenza de Lim\u00f3n. Para reservar a mesma viaxe e non ir \u00e1s fervenzas, PREME AQU\u00cd.<\/p>\n<h3><em>Que debes traer?<\/em><\/h3>\n<ul>\n<li>C\u00e1mara<\/li>\n<li>Repelentes<\/li>\n<li>protector solar<\/li>\n<li>Sombreiro<\/li>\n<li>Pantal\u00f3ns c\u00f3modos<\/li>\n<li>Sandalias \u00e1 praia<\/li>\n<li>Traxe de ba\u00f1o<\/li>\n<li>Di\u00f1eiro en efectivo para recordos e propinas<\/li>\n<\/ul>\n<h3><em>Recollida no hotel<\/em><\/h3>\n<p>Ofr\u00e9cese a recollida do hotel para este percorrido. Nas notas, simplemente escriba o nome do hotel para a recollida. Recollemos en todos os hoteis de Punta Cana.<\/p>\n<p><strong>Nota:<\/strong> Se reservas dentro das 24 horas da hora de sa\u00edda da excursi\u00f3n\/excursi\u00f3n, podemos organizar a recollida do hotel. Unha vez completada a compra, enviar\u00e9mosche a informaci\u00f3n de contacto completa (n\u00famero de tel\u00e9fono, enderezo de correo electr\u00f3nico, etc.) para que o noso gu\u00eda tur\u00edstico local organice a recollida.<\/p>\n<h3><em>Confirmaci\u00f3n de informaci\u00f3n adicional<\/em><\/h3>\n<ul>\n<li>As entradas son o Recibo despois de pagar este Tour. Podes mostrar o pago no teu tel\u00e9fono.<\/li>\n<li>O punto de encontro ser\u00e1 recibido despois do proceso de reserva.<\/li>\n<li>Os nenos deben ir acompa\u00f1ados dun adulto.<\/li>\n<li>Accesible en cadeira de rodas<\/li>\n<li>Os beb\u00e9s deben sentarse no colo<\/li>\n<li>Poden participar a maior\u00eda dos viaxeiros.<\/li>\n<\/ul>\n<h3><em>Pol\u00edtica de cancelaci\u00f3n<\/em><\/h3>\n<p>Para un reembolso completo, cancela polo menos 24 horas antes da data de inicio da experiencia.<\/p>\n<h4>Contacta connosco!<br \/>\nTOUR DA BALEA SAMANA<\/h4>\n<p>Gu\u00edas tur\u00edsticos <strong>local<\/strong> e <strong>nacional<\/strong> e servizos para h\u00f3spedes<\/p>\n<p>Reservas: Tours e Excursi\u00f3ns en Rep. Dom.<\/p>\n<p>Tel\u00e9fono\/Whatsapp +1-809-720-6035.<\/p>\n<p>info@bookingadventures.com.do<\/p>\n<p><em>Facemos unha configuraci\u00f3n flexible para visitas privadas<\/em>\u00a0<strong>WhatsApp:\u00a0<a href=\"tel:+18097206035\">+18097206035.<\/a><\/strong><\/p>\n<\/div>\n<\/div>\n<\/div>\n<\/div>\n<\/div>\n<\/div>\n\n\t\t<\/div>\n\t<\/div>\n<\/div><\/div><\/div><\/div>","protected":false},"excerpt":{"rendered":"<p>Desde os hoteis de Punta Cana, gozaremos das fermosas paisaxes da Cordilleira Oriental mentres conducimos cara ao norte de Punta Cana antes de chegar ao pequeno pobo pesqueiro de Miches, na costa sur da ba\u00eda de Saman\u00e1. Al\u00ed podes gozar dun almorzo r\u00e1pido antes de subir ao barco cara a Saman\u00e1. Navegaremos profundamente na ba\u00eda para observar as baleas. Primeiro chegaremos a Cayo Levantado, tam\u00e9n co\u00f1ecida como Illa Bacard\u00ed pola s\u00faa gran semellanza coas praias que o ron Bacard\u00ed utilizaba no seu d\u00eda para os seus famosos comerciais. Cayo Levantado \u00e9 un oasis tropical: unha pequena illa no medio do oc\u00e9ano con augas turquesas e area branca. Despois disto, un Safari na comunidade de Saman\u00e1 ata as fervenzas. Nas cataratas, Lim\u00f3n prep\u00e1rase para montar a cabalo ou sendeirismo. Esta \u00e9 unha aventura completa e \u00fanica.<\/p>\n<p>Este percorrido inclu\u00edu unha parada na fervenza de Lim\u00f3n. Para reservar a mesma viaxe e non ir \u00e1s fervenzas, PREME AQU\u00cd.<\/p>\n<p><strong>Seleccione a data da excursi\u00f3n:<\/strong><\/p>","protected":false},"featured_media":427,"template":"","meta":[],"product_brand":[],"product_cat":[120,443,232],"product_tag":[390,137,162,364,260,283,345,420,201,141,391,228,147,392,357,271,421,393,234,280,394,236,395],"class_list":{"0":"post-609","1":"product","2":"type-product","3":"status-publish","4":"has-post-thumbnail","6":"product_cat-fees-entrace","7":"product_cat-tours-y-excursiones-es","8":"product_cat-whale-watching-samana","9":"product_tag-390","10":"product_tag-bacardi-island","11":"product_tag-cayo-levantado-day-pass","12":"product_tag-cheap-punta-cana-excursions","13":"product_tag-day-trip-punta-cana","14":"product_tag-el-limon-waterfall-and-bacardi-island-tour-from-punta-cana","15":"product_tag-half-day-whale-watching-miches","16":"product_tag-limon-from-punta-cana","17":"product_tag-private-tours-samana","18":"product_tag-punta-cana","19":"product_tag-punta-cana-activities","20":"product_tag-punta-cana-tours","21":"product_tag-samana-bay","22":"product_tag-samana-day-trip","23":"product_tag-samana-day-trip-from-punta-cana","24":"product_tag-samana-whale-watching","25":"product_tag-waterfalls-punta-cana","26":"product_tag-whale-punta-cana","27":"product_tag-whale-samana","28":"product_tag-whale-watching-2020","29":"product_tag-whale-watching-2020-in-punta-cana-to-samana-bay-cayo-levantado-bacardi-island-from-hotels","30":"product_tag-whale-watching-dominican-republic","31":"product_tag-whale-watching-punta-cana","33":"first","34":"instock","35":"sale","36":"sold-individually","37":"shipping-taxable","38":"product-type-external"},"_links":{"self":[{"href":"https:\/\/haitises.com\/gl\/wp-json\/wp\/v2\/product\/609","targetHints":{"allow":["GET"]}}],"collection":[{"href":"https:\/\/haitises.com\/gl\/wp-json\/wp\/v2\/product"}],"about":[{"href":"https:\/\/haitises.com\/gl\/wp-json\/wp\/v2\/types\/product"}],"wp:featuredmedia":[{"embeddable":true,"href":"https:\/\/haitises.com\/gl\/wp-json\/wp\/v2\/media\/427"}],"wp:attachment":[{"href":"https:\/\/haitises.com\/gl\/wp-json\/wp\/v2\/media?parent=609"}],"wp:term":[{"taxonomy":"product_brand","embeddable":true,"href":"https:\/\/haitises.com\/gl\/wp-json\/wp\/v2\/product_brand?post=609"},{"taxonomy":"product_cat","embeddable":true,"href":"https:\/\/haitises.com\/gl\/wp-json\/wp\/v2\/product_cat?post=609"},{"taxonomy":"product_tag","embeddable":true,"href":"https:\/\/haitises.com\/gl\/wp-json\/wp\/v2\/product_tag?post=609"}],"curies":[{"name":"wp","href":"https:\/\/api.w.org\/{rel}","templated":true}]}}