{"id":543,"date":"2020-06-14T19:18:13","date_gmt":"2020-06-14T19:18:13","guid":{"rendered":"http:\/\/haitises.com\/?post_type=product&#038;p=543"},"modified":"2024-08-22T05:45:22","modified_gmt":"2024-08-22T05:45:22","slug":"parque-nacional-los-haitises-desde-el-puerto-de-samana","status":"publish","type":"product","link":"https:\/\/haitises.com\/gl\/privado\/parque-nacional-los-haitises-desde-el-puerto-de-samana\/","title":{"rendered":"Parque Nacional Los Haitises desde o porto de Saman\u00e1"},"content":{"rendered":"<div class=\"vc_row wpb_row vc_row-fluid\" ><div class=\"wpb_column vc_column_container vc_col-sm-12\"><div class=\"vc_column-inner\"><div class=\"wpb_wrapper\">\n\t<div class=\"wpb_text_column wpb_content_element\" >\n\t\t<div class=\"wpb_wrapper\">\n\t\t\t<h2>Parque Nacional Los Haitises (Ba\u00eda de Saman\u00e1) desde o porto de Saman\u00e1<\/h2>\n<ul>\n<li>Excursi\u00f3n en barco ao Parque Nacional Los Haitises<br \/>\n<h3>Descrici\u00f3n<\/h3>\n<p>Visita ao Parque Nacional Los Haitises dende o porto de Saman\u00e1. Ven connosco e visita o parque nacional m\u00e1is fermoso da Rep\u00fablica Dominicana, visitando manglares, covas e ba\u00eda de San Lorenzo, ademais de cruzar a fermosa ba\u00eda de Saman\u00e1. Despois regresa ao porto de Saman\u00e1.<\/li>\n<\/ul>\n<p>Despois desta experiencia, volver\u00e1 ao porto de Saman\u00e1.<\/p>\n<ul>\n<li>Impostos inclu\u00eddos<br \/>\nA gu\u00eda ofrece instruci\u00f3ns e supervisi\u00f3n.<\/li>\n<li>Inclusi\u00f3ns e exclusi\u00f3ns<\/li>\n<\/ul>\n<h3>Inclusi\u00f3ns<\/h3>\n<ol>\n<li>Tour Los Haitises + Covas e Pictogramas<\/li>\n<li>Todos os impostos, taxas e gastos de xesti\u00f3n.<\/li>\n<li>Impostos locais<\/li>\n<li>Bebidas<\/li>\n<li>Todas as actividades<\/li>\n<li>Gu\u00eda local<\/li>\n<\/ol>\n<h3>Exclusi\u00f3ns<\/h3>\n<ol>\n<li>Consellos<\/li>\n<li>Transferencia<\/li>\n<li>Bebidas alcoh\u00f3licas<\/li>\n<li>Xantar non inclu\u00eddo, para xantar incl\u00fae escoller unha destas viaxes: Los Haitises + Cayo Levantado dende o porto de Saman\u00e1 ou Los Haitises + Cano Hondo dende o porto de Saman\u00e1.<\/li>\n<\/ol>\n<h3>Sa\u00edda e volta<\/h3>\n<p>O viaxeiro ter\u00e1 un punto de encontro despois do proceso de reserva. As visitas comezan e rematan nos nosos puntos de encontro.<\/p>\n<h3>Que esperar?<\/h3>\n<p>Consigue as t\u00faas entradas para visitar o Parque Nacional Los Haitises cun marabilloso xantar no Ca\u00f1o Hondo e nadando nas fontes naturais.<\/p>\n<p>Partindo do porto de Saman\u00e1 a bordo dun barco ou catamar\u00e1n cun gu\u00eda tur\u00edstico local, pasamos a ba\u00eda de Saman\u00e1 xunto a Sabana de la Mar para visitar un dos parques nacionais m\u00e1is fermosos da Rep\u00fablica Dominicana. Parque Nacional de Haitises.<\/p>\n<p>Visitando a illa con aves ao redor. Na \u00e9poca de nidificaci\u00f3n, ata podemos ver os pitos pel\u00edcanos nos ni\u00f1os. Ad\u00e9ntrate m\u00e1is na illa rochosa e visita as covas con pictogramas e petr\u00f3grafos dos pobos ind\u00edxenas.<\/p>\n<p>El recorrido, organizado por \u00abBooking Adventures\u00bb, comienza en el punto de encuentro establecido con el gu\u00eda tur\u00edstico. Ven con Booking Adventures y comienza a observar algunos manglares llenos de p\u00e1jaros, colinas onduladas de exuberante vegetaci\u00f3n y cuevas del Parque Nacional Los Haitises.<\/p>\n<p>A trav\u00e9s dos manglares e terras na aberta ba\u00eda de San Lorenzo, desde onde se pode fotografar a agreste paisaxe forestal. Mira cara \u00e1 auga para ver manat\u00edes, crust\u00e1ceos e golfi\u00f1os.<\/p>\n<p>El nombre del parque nacional proviene de sus habitantes originales, los indios ta\u00ednos. En su idioma, \u00abHaitises\u00bb se traduce en tierras altas o colinas, una referencia a las empinadas formaciones geol\u00f3gicas de la costa con calizas. Avent\u00farate en el parque para explorar cuevas como la Cueva de la Arena y la Cueva de la L\u00ednea. Las cuevas en la reserva fueron utilizadas como refugio por los indios ta\u00ednos y, m\u00e1s tarde, por los piratas escondidos. Busque dibujos de indios que decoran algunas de las paredes. Despu\u00e9s de visitar el Parque Nacional Los Haitises, regresaremos al puerto de Saman\u00e1 pasando la bah\u00eda de Saman\u00e1 30 minutos.<\/p>\n<p>No caso de que che guste m\u00e1is esta viaxe, temos estas opci\u00f3ns:<\/p>\n<p>Los Haitises + Cayo Levantado desde o porto de Saman\u00e1.<br \/>\nLos Haitises + Cano Hondo do porto de Saman\u00e1.<\/p>\n<h3>Que debes traer?<\/h3>\n<ul>\n<li>C\u00e1mara<\/li>\n<li>brotes repelentes<\/li>\n<li>protector solar<\/li>\n<li>Sombreiro<\/li>\n<li>Pantal\u00f3ns c\u00f3modos<\/li>\n<li>Botas de sendeirismo forestal<\/li>\n<li>Sandalias para zonas de primavera.<\/li>\n<li>vestido de ba\u00f1o<\/li>\n<\/ul>\n<h3>Recollida no hotel<\/h3>\n<p>Non se ofrece a recollida do hotel para esta excursi\u00f3n.<\/p>\n<p>Nota: se reservas dentro das 24 horas posteriores \u00e1 hora de sa\u00edda do percorrido\/excursi\u00f3n, podemos organizar a recollida do hotel con cargos adicionais. Unha vez completada a compra, enviar\u00e9mosche a informaci\u00f3n de contacto completa (n\u00famero de tel\u00e9fono, enderezo de correo electr\u00f3nico, etc.) para que o noso gu\u00eda tur\u00edstico local organice a recollida.<\/p>\n<h3>Confirmaci\u00f3n de informaci\u00f3n adicional<\/h3>\n<ol>\n<li>As entradas son o Recibo despois de pagar este Tour. Podes mostrar o pago no teu tel\u00e9fono.<\/li>\n<li>O punto de encontro ser\u00e1 recibido despois do proceso de reserva.<\/li>\n<li>Os nenos deben ir acompa\u00f1ados dun adulto.<\/li>\n<li>Non accesible en cadeira de rodas<\/li>\n<li>Os beb\u00e9s deben sentarse no colo<\/li>\n<li>Non recomendado para viaxeiros con problemas de costas.<\/li>\n<li>Non recomendado para viaxeiras embarazadas.<\/li>\n<li>Sen problemas card\u00edacos ou outras condici\u00f3ns m\u00e9dicas graves.<\/li>\n<li>Poden participar a maior\u00eda dos viaxeiros.<\/li>\n<\/ol>\n<h3>Pol\u00edtica de cancelaci\u00f3n<\/h3>\n<p>Para un reembolso completo, cancela polo menos 24 horas antes da data de inicio da experiencia.<\/p>\n<h3>Contacta connosco?<\/h3>\n<p>Reserva aventuras<br \/>\nGu\u00edas tur\u00edsticos locais e nacionais e servizos para h\u00f3spedes<\/p>\n<p>Reservas: Tours e Excursi\u00f3ns en Rep. Dom.<\/p>\n<p>\ud83d\udcde Tel\u00e9fono\/Whatsapp +1-809-720-6035.<\/p>\n<p>\ud83d\udce9 info@bookingadventures.com.do<\/p>\n<p>Facemos tours privados con flexibilidade por Whatsapp: +18097206035.<\/p>\n\n\t\t<\/div>\n\t<\/div>\n<\/div><\/div><\/div><\/div><div class=\"vc_row wpb_row vc_row-fluid\" ><div class=\"wpb_column vc_column_container vc_col-sm-12\"><div class=\"vc_column-inner\"><div class=\"wpb_wrapper\"><div class=\"vc_empty_space\"   style=\"height: 32px\"><span class=\"vc_empty_space_inner\"><\/span><\/div>\n\t<div class=\"wpb_video_widget wpb_content_element vc_clearfix   vc_video-aspect-ratio-169 vc_video-el-width-100 vc_video-align-left\" >\n\t\t<div class=\"wpb_wrapper\">\n\t\t\t<h2 class=\"wpb_heading wpb_video_heading\">Os Haitises e m\u00e1is...<\/h2>\n\t\t\t<div class=\"wpb_video_wrapper\"><iframe loading=\"lazy\" title=\"Rep\u00fablica Dominicana - Covas de Los Haitises (Tainos), Pictogramas e Petroglifos\" width=\"1100\" height=\"619\" src=\"https:\/\/www.youtube.com\/embed\/o_ExYqtOlH8?feature=oembed\" frameborder=\"0\" allow=\"accelerometer; autoplay; encrypted-media; gyroscope; picture-in-picture\" allowfullscreen><\/iframe><\/div>\n\t\t<\/div>\n\t<\/div>\n<\/div><\/div><\/div><\/div>","protected":false},"excerpt":{"rendered":"<p>Viaxe ecol\u00f3xica ao Parque Nacional Los Haitises con gu\u00eda local. Visita dos Cayos do Parque Nacional Los Haitises, manglares, vexetaci\u00f3n, observaci\u00f3n de aves, covas, pictogramas e as zonas hist\u00f3ricas de Sabana de la Mar no Parque Nacional dos Haitises.<\/p>\n<p>&nbsp;<\/p>\n<p><strong>Seleccione a data da s\u00faa visita:<\/strong><\/p>","protected":false},"featured_media":225,"template":"","meta":[],"product_brand":[],"product_cat":[121,435,430,443],"product_tag":[132,133,432,142,148,143],"class_list":{"0":"post-543","1":"product","2":"type-product","3":"status-publish","4":"has-post-thumbnail","6":"product_cat-mangroves","7":"product_cat-manglares","8":"product_cat-parque-nacional-los-haitises-samana","9":"product_cat-tours-y-excursiones-es","10":"product_tag-los-haitises","11":"product_tag-los-haitises-national-park","12":"product_tag-parque-nacional-los-haitises-samana","13":"product_tag-samana","14":"product_tag-samana-excursions","15":"product_tag-samana-tours","17":"first","18":"instock","19":"sale","20":"sold-individually","21":"shipping-taxable","22":"product-type-external"},"_links":{"self":[{"href":"https:\/\/haitises.com\/gl\/wp-json\/wp\/v2\/product\/543","targetHints":{"allow":["GET"]}}],"collection":[{"href":"https:\/\/haitises.com\/gl\/wp-json\/wp\/v2\/product"}],"about":[{"href":"https:\/\/haitises.com\/gl\/wp-json\/wp\/v2\/types\/product"}],"wp:featuredmedia":[{"embeddable":true,"href":"https:\/\/haitises.com\/gl\/wp-json\/wp\/v2\/media\/225"}],"wp:attachment":[{"href":"https:\/\/haitises.com\/gl\/wp-json\/wp\/v2\/media?parent=543"}],"wp:term":[{"taxonomy":"product_brand","embeddable":true,"href":"https:\/\/haitises.com\/gl\/wp-json\/wp\/v2\/product_brand?post=543"},{"taxonomy":"product_cat","embeddable":true,"href":"https:\/\/haitises.com\/gl\/wp-json\/wp\/v2\/product_cat?post=543"},{"taxonomy":"product_tag","embeddable":true,"href":"https:\/\/haitises.com\/gl\/wp-json\/wp\/v2\/product_tag?post=543"}],"curies":[{"name":"wp","href":"https:\/\/api.w.org\/{rel}","templated":true}]}}