{"id":244,"date":"2020-06-14T12:00:35","date_gmt":"2020-06-14T12:00:35","guid":{"rendered":"http:\/\/haitises.com\/product\/import-placeholder-for-9653\/"},"modified":"2020-09-13T21:07:19","modified_gmt":"2020-09-13T21:07:19","slug":"catalina-island-and-snorkeling-with-catamaran-party-from-punta-cana-half-day-experience","status":"publish","type":"product","link":"https:\/\/haitises.com\/gl\/privado\/catalina-island-and-snorkeling-with-catamaran-party-from-punta-cana-half-day-experience\/","title":{"rendered":"Illa Catalina e snorkel con festa en catamar\u00e1n desde Punta Cana - Experiencia de medio d\u00eda"},"content":{"rendered":"<div class=\"vc_row wpb_row vc_row-fluid\" ><div class=\"wpb_column vc_column_container vc_col-sm-12\"><div class=\"vc_column-inner\"><div class=\"wpb_wrapper\">[mkdf_section_title title_tag=\u00bb\u00bb disable_break_words=\u00bbno\u00bb subtitle_tag=\u00bb\u00bb title=\u00bb Catalina Island and Snorkeling with Catamaran Party From Punta Cana \u00bb subtitle=\u00bb Half Day Experience\u00bb]<\/div><\/div><\/div><\/div><div class=\"vc_row wpb_row vc_row-fluid\" ><div class=\"wpb_column vc_column_container vc_col-sm-12\"><div class=\"vc_column-inner\"><div class=\"wpb_wrapper\">\n\t<div class=\"wpb_text_column wpb_content_element\" >\n\t\t<div class=\"wpb_wrapper\">\n\t\t\t<div class=\"vc_row wpb_row vc_row-fluid\">\n<div class=\"wpb_column vc_column_container vc_col-sm-12\">\n<div class=\"vc_column-inner\">\n<div class=\"wpb_wrapper\">\n<div class=\"wpb_text_column wpb_content_element\">\n<div class=\"wpb_wrapper\">\n<div class=\"vc_row wpb_row vc_row-fluid\">\n<div class=\"wpb_column vc_column_container vc_col-sm-12\">\n<div class=\"vc_column-inner\">\n<div class=\"wpb_wrapper\">\n<div class=\"wpb_text_column wpb_content_element\">\n<div class=\"wpb_wrapper\">\n<h4><b><i>Visi\u00f3n xeral<\/i><\/b><\/h4>\n<p>Gozamos dun paseo en catamar\u00e1n por augas cristalinas ata a illa Catalina, a zona m\u00e1is co\u00f1ecida para practicar snorkel na Rep\u00fablica Dominicana.<\/p>\n<p>O teu d\u00eda comeza cunha recollida no vest\u00edbulo principal do teu hotel ou no punto de encontro especificado. Despois seguiremos ata a illa Catalina para gozar dun ba\u00f1o refrescante e unhas bebidas, mentres quen pode realizar 2 tipos de snorkel cun instrutor e despois comeremos un delicioso xantar buffet na praia e tomaremos unhas clases de salsa. e Bachata, mentres que tam\u00e9n facemos unhas deliciosas bebidas. Unha vez canso de ser preguiceiro na praia, colle alg\u00fan equipo de snorkel e admira o mundo submarino de Catalina.<\/p>\n<p>O oc\u00e9ano, tan incriblemente claro, e a praia de area branca agardando por ti. Rel\u00e1xate nunha tumbona ou fai snorkel todo inclu\u00eddo para ti. Disfrutar\u00e1s onde ver\u00e1s a tradici\u00f3n da nosa m\u00fasica e baile.<\/p>\n<p><strong>Nota:<\/strong> Este tour non \u00e9 privado. Se queres facer unha visita privada, ponte en contacto connosco.<\/p>\n<ul>\n<li>\n<div class=\"py-1 inclusions-exclusions-item d-flex\" lang=\"en-x-mtfrom-en\">\n<div class=\"d-inline-block inclusions-exclusions-text\">Transporte privado<\/div>\n<\/div>\n<\/li>\n<li>Piscina natural para observar estrelas de peixe<\/li>\n<li>Snorkel<\/li>\n<li>Xantar<\/li>\n<li>Traslado en catamar\u00e1n<\/li>\n<li>O capit\u00e1n proporciona instruci\u00f3ns e supervisi\u00f3n<\/li>\n<li>Gu\u00eda tur\u00edstico<\/li>\n<\/ul>\n<p>&nbsp;<\/p>\n<h4><b>Inclusi\u00f3ns e exclusi\u00f3ns<\/b><\/h4>\n<p><b>Inclusi\u00f3ns<\/b><\/p>\n<ol>\n<li>Gu\u00eda tur\u00edstico<\/li>\n<li>snorkel<\/li>\n<li>Xantar<\/li>\n<li>Recollida nos hoteis<\/li>\n<li>Paseo en catamar\u00e1n ou en barco<\/li>\n<li>Todos os impostos, taxas e gastos de xesti\u00f3n<\/li>\n<li>Impostos locais<\/li>\n<li>Bebidas<\/li>\n<\/ol>\n<p><b>Exclusi\u00f3ns<\/b><\/p>\n<ol>\n<li>Gratu\u00edtos<\/li>\n<li>Fotos<\/li>\n<\/ol>\n<h4><em><strong>Sa\u00edda e volta<\/strong><\/em><\/h4>\n<p>O viaxeiro ter\u00e1 un punto de encontro despois do proceso de reserva. Os percorridos comezan e rematan nos nosos puntos de encontro.<\/p>\n<h3>Illa Catalina e snorkel con festa en catamar\u00e1n desde Punta Cana - Experiencia de medio d\u00eda.<\/h3>\n<h4><b><i>Que esperar?<\/i><\/b><\/h4>\n<p>Durante a Excursi\u00f3n \u00e1 Illa Catalina desde Punta Cana, os h\u00f3spedes ter\u00e1n a oportunidade de bucear nos vibrantes arrecifes de coral de Catalina, nadando entre un animado banco de peixes disfrutando da impresionante fauna submarina do Caribe.<\/p>\n<p>Comezaremos a excursi\u00f3n de snorkel partindo pola ma\u00f1\u00e1 cara a La Romana. Durante o traxecto atravesaremos os campos de cana de azucre mentres o teu gu\u00eda proporciona informaci\u00f3n interesante sobre a historia da zona, a cultura xeral e as t\u00e9cnicas de elaboraci\u00f3n do ron do pa\u00eds. Ao chegar a La Romana, abordaremos o noso catamar\u00e1n e partiremos cara a Catalina. A nosa primeira parada na illa ser\u00e1 &quot;The Wall&quot;, un maxestoso muro de coral que se estende desde a Illa ata o mar Caribe.<\/p>\n<p>Despois de facer snorkel, continuar\u00e1 o cami\u00f1o ata a fermosa praia de Catalina, un lugar exclusivo. \u00c1 s\u00faa chegada, os h\u00f3spedes ter\u00e1n acceso a 2 quil\u00f3metros de praias de area branca e augas cristalinas, un chiringuito con bebidas e un delicioso xantar buffet dominicano con churrasco. Embarcaremos no catamar\u00e1n ao redor das 15:30 horas para regresar a Punta Cana despois dun d\u00eda incrible de snorkel e relaxaci\u00f3n na Illa Catalina. IllaDurante a excursi\u00f3n \u00e1 illa Catalina desde Punta Cana, os h\u00f3spedes ter\u00e1n a oportunidade de practicar snorkel nos vibrantes arrecifes de coral de Catalina, nadando entre un animado banco de peixes disfrutando da impresionante fauna submarina do Caribe.<\/p>\n<p>Comezaremos a excursi\u00f3n de snorkel partindo pola ma\u00f1\u00e1 cara a La Romana. Durante o traxecto atravesaremos os campos de cana de azucre mentres o teu gu\u00eda proporciona informaci\u00f3n interesante sobre a historia da zona, a cultura xeral e as t\u00e9cnicas de elaboraci\u00f3n do ron do pa\u00eds. Ao chegar a La Romana, abordaremos o noso catamar\u00e1n e partiremos cara a Catalina.<\/p>\n<p>A nosa primeira parada na illa ser\u00e1 &quot;The Wall&quot;, un maxestuoso muro de coral que se estende desde a Illa ata o mar Caribe. Despois de facer snorkel, continuar\u00e1 o cami\u00f1o ata a fermosa praia de Catalina, un lugar exclusivo. \u00c1 s\u00faa chegada, os h\u00f3spedes ter\u00e1n acceso a 2 quil\u00f3metros de praias de area branca e augas cristalinas, un chiringuito con bebidas e un delicioso xantar buffet dominicano con churrasco. Embarcaremos no catamar\u00e1n ao redor das 15:30 horas para regresar a Punta Cana despois dun d\u00eda incrible de snorkel e relaxaci\u00f3n na Illa Catalina.<\/p>\n<p>&nbsp;<\/p>\n<p><strong>Horario:<\/strong><\/p>\n<p>7:00 AM \u2013 4:30 PM<\/p>\n<p>&nbsp;<\/p>\n<\/div>\n<p>O tempo pode cambiar dependendo da hora de sa\u00edda dos hoteis.<\/p>\n<div class=\"wpb_wrapper\">\n<p>&nbsp;<\/p>\n<h4><em><strong>Que debes traer?<\/strong><\/em><\/h4>\n<ul>\n<li>c\u00e1mara<\/li>\n<li>Brotes repelentes<\/li>\n<li>crema solar<\/li>\n<li>Sombreiro<\/li>\n<li>Pantal\u00f3ns c\u00f3modos<\/li>\n<li>Roupa de ba\u00f1o<\/li>\n<li>Dinero en efectivo para souvenirs<\/li>\n<\/ul>\n<p>&nbsp;<\/p>\n<h4><b><i>Recollida no hotel<\/i><\/b><\/h4>\n<p>Non se ofrece a recollida do hotel para esta excursi\u00f3n. Podemos configuralo a trav\u00e9s de WhatsApp.<\/p>\n<p>&nbsp;<\/p>\n<p><b>Nota:<\/b>\u00a0Se reservas dentro das 24 horas posteriores \u00e1 hora de sa\u00edda da excursi\u00f3n\/excursi\u00f3n, podemos organizar a recollida do hotel con cargos adicionais. Unha vez completada a compra, enviar\u00e9mosche a informaci\u00f3n de contacto completa (n\u00famero de tel\u00e9fono, enderezo de correo electr\u00f3nico, etc.) para que o noso gu\u00eda tur\u00edstico local organice a recollida.<\/p>\n<h4><b><i>Confirmaci\u00f3n de informaci\u00f3n adicional<\/i><\/b><\/h4>\n<ol>\n<li>As entradas son o recibo despois de pagar este Tour. Podes mostrar o pago no teu tel\u00e9fono.<\/li>\n<li>O punto de encontro recibirase despois do proceso de reserva.<\/li>\n<li>Os nenos deben ir acompa\u00f1ados dun adulto.<\/li>\n<li>accesible en cadeira de rodas<\/li>\n<li>Os beb\u00e9s deben sentarse no colo<\/li>\n<li>Poden participar a maior\u00eda dos viaxeiros<\/li>\n<\/ol>\n<h4><b><i>Pol\u00edtica de cancelaci\u00f3n<\/i><\/b><\/h4>\n<p>Para un reembolso completo, cancela polo menos 24 horas antes da data de inicio da experiencia.<\/p>\n<\/div>\n<\/div>\n<\/div>\n<\/div>\n<\/div>\n<\/div>\n<\/div>\n<\/div>\n<\/div>\n<\/div>\n<\/div>\n<\/div>\n<div class=\"vc_row wpb_row vc_row-fluid\">\n<div class=\"wpb_column vc_column_container vc_col-sm-12\">\n<div class=\"vc_column-inner\">\n<div class=\"wpb_wrapper\">\n<div class=\"vc_empty_space\"><\/div>\n<div class=\"wpb_text_column wpb_content_element\">\n<div class=\"wpb_wrapper\">\n<h4>Contacta connosco?<\/h4>\n<h5><b><i>Reserva aventuras<\/i><\/b><\/h5>\n<p><em><strong>Os locais<\/strong>\u00a0e\u00a0<strong>Nacionais<\/strong>\u00a0Gu\u00edas tur\u00edsticos e servizos para os h\u00f3spedes<\/em><\/p>\n<p><span class=\"text-turquoise\">Reservas:<\/span>\u00a0Tours e excursi\u00f3ns en Rep. Dom.<\/p>\n<p><img decoding=\"async\" class=\"emoji\" src=\"https:\/\/s.w.org\/images\/core\/emoji\/11.2.0\/svg\/1f4de.svg\" alt=\"\ud83d\udcde\" title=\"\">\u00a0Tel\/Whatsapp\u00a0\u00a0<a href=\"tel:+1-809-720-6035\">+1-809-720-6035<\/a>.<\/p>\n<p><img decoding=\"async\" class=\"emoji\" src=\"https:\/\/s.w.org\/images\/core\/emoji\/11.2.0\/svg\/1f4e9.svg\" alt=\"\ud83d\udce9\" title=\"\">\u00a0<a href=\"mailto:info@bookingadventures.com.do\">info@bookingadventures.com.do<\/a><\/p>\n<p><strong>Somos flexibles para configurar tours privados por Whatsapp:\u00a0<a href=\"tel:+18097206035\">+18097206035.<\/a><\/strong><\/p>\n<\/div>\n<\/div>\n<\/div>\n<\/div>\n<\/div>\n<\/div>\n\n\t\t<\/div>\n\t<\/div>\n<\/div><\/div><\/div><\/div>","protected":false},"excerpt":{"rendered":"<p>A pequena illa Catalina (Isla Catalina), a s\u00f3 2,4 quil\u00f3metros (1,5 millas) do continente da Rep\u00fablica Dominicana, \u00e9 unha id\u00edlica mancha de area nas augas turquesas do Caribe. Co\u00f1ecida polos seus arrecifes de coral ben poboados, Catalina \u00e9 un respiro tranquilo para aqueles que buscan escapar da bulliciosa Punta Cana e La Romana.<\/p>\n<p>Reserva unha viaxe de medio d\u00eda connosco. Illa Catalina nun catamar\u00e1n de festa con snorkel!<\/p>\n<p>Seleccione a data para a excursi\u00f3n:<\/p>","protected":false},"featured_media":470,"template":"","meta":[],"product_brand":[],"product_cat":[373,135,305,122,124],"product_tag":[374,364,260,362,375],"class_list":{"0":"post-244","1":"product","2":"type-product","3":"status-publish","4":"has-post-thumbnail","6":"product_cat-catalina-island-catamaran-and-snorkeling","7":"product_cat-lunch","8":"product_cat-tours-and-excursion-punta-cana","9":"product_cat-tours-and-excursions","10":"product_cat-tours-excursions-samana-bay-dominican-republic","11":"product_tag-catalina-island-snorkeling-dominican-republic","12":"product_tag-cheap-punta-cana-excursions","13":"product_tag-day-trip-punta-cana","14":"product_tag-punta-cana-catamaran-party-with-snorkeling-and-parasailing","15":"product_tag-talina-island-snorkeling","17":"first","18":"onbackorder","19":"sale","20":"virtual","21":"sold-individually","22":"purchasable","23":"product-type-simple"},"_links":{"self":[{"href":"https:\/\/haitises.com\/gl\/wp-json\/wp\/v2\/product\/244","targetHints":{"allow":["GET"]}}],"collection":[{"href":"https:\/\/haitises.com\/gl\/wp-json\/wp\/v2\/product"}],"about":[{"href":"https:\/\/haitises.com\/gl\/wp-json\/wp\/v2\/types\/product"}],"wp:featuredmedia":[{"embeddable":true,"href":"https:\/\/haitises.com\/gl\/wp-json\/wp\/v2\/media\/470"}],"wp:attachment":[{"href":"https:\/\/haitises.com\/gl\/wp-json\/wp\/v2\/media?parent=244"}],"wp:term":[{"taxonomy":"product_brand","embeddable":true,"href":"https:\/\/haitises.com\/gl\/wp-json\/wp\/v2\/product_brand?post=244"},{"taxonomy":"product_cat","embeddable":true,"href":"https:\/\/haitises.com\/gl\/wp-json\/wp\/v2\/product_cat?post=244"},{"taxonomy":"product_tag","embeddable":true,"href":"https:\/\/haitises.com\/gl\/wp-json\/wp\/v2\/product_tag?post=244"}],"curies":[{"name":"wp","href":"https:\/\/api.w.org\/{rel}","templated":true}]}}