{"id":11469,"date":"2021-10-15T07:23:50","date_gmt":"2021-10-15T07:23:50","guid":{"rendered":"http:\/\/haitises.com\/?post_type=product&#038;p=11469"},"modified":"2021-10-15T07:24:27","modified_gmt":"2021-10-15T07:24:27","slug":"altos-de-cano-hondo-free-breakfast-for-2-guests","status":"publish","type":"product","link":"https:\/\/haitises.com\/gl\/privado\/altos-de-cano-hondo-free-breakfast-for-2-guests\/","title":{"rendered":"Altos De Ca\u00f1o Hondo &amp; Free Breakfast for 2 Guests"},"content":{"rendered":"<div class=\"vc_row wpb_row vc_row-fluid\" ><div class=\"wpb_column vc_column_container vc_col-sm-12\"><div class=\"vc_column-inner\"><div class=\"wpb_wrapper\">\n\t<div class=\"wpb_text_column wpb_content_element\" >\n\t\t<div class=\"wpb_wrapper\">\n\t\t\t<p data-name-en=\"roomsize\"><strong>WiFi gratu\u00edto na sala ou no vest\u00edbulo,\u00a0<\/strong><strong>Aparcadoiro gratu\u00edto, limpeza diaria<\/strong><\/p>\n<p data-name-en=\"roomsize\"><em>(Almorzo gratu\u00edto para 2 persoas)<\/em><\/p>\n<h4 class=\"hprt-lightbox-title\" data-et-view=\"ZdffZZLJbFcFbRAOAcEUJXDbNZRO:1\"><strong>No teu ba\u00f1o:<\/strong><\/h4>\n<ul class=\"hprt-lightbox-list js-lightbox-facilities\" data-nr-of-facilities=\"4\" data-et-view=\"\">\n<li class=\"hprt-lightbox-list__item js-lightbox-facility\" data-name-en=\"Shower\" data-id=\"4\">\u2022 Ducha<\/li>\n<li class=\"hprt-lightbox-list__item js-lightbox-facility\" data-name-en=\"Free Toiletries\" data-id=\"27\">\u2022 Artigos de aseo gratu\u00edtos<\/li>\n<li class=\"hprt-lightbox-list__item js-lightbox-facility\" data-name-en=\"Bathroom\" data-id=\"38\">\u2022 Ba\u00f1o privado<\/li>\n<li class=\"hprt-lightbox-list__item js-lightbox-facility\" data-name-en=\"higher level toilet\" data-id=\"151\">\u2022 WC elevado<\/li>\n<\/ul>\n<h4 class=\"hprt-lightbox-title\"><strong>Instalaci\u00f3ns da habitaci\u00f3n:<\/strong><\/h4>\n<ul class=\"hprt-lightbox-list js-lightbox-facilities\" data-nr-of-facilities=\"10\">\n<li style=\"list-style-type: none;\">\n<ul class=\"hprt-lightbox-list js-lightbox-facilities\" data-nr-of-facilities=\"10\">\n<li class=\"hprt-lightbox-list__item js-lightbox-facility\" data-name-en=\"Balcony\" data-id=\"17\">\u2022 Balc\u00f3n<\/li>\n<li class=\"hprt-lightbox-list__item js-lightbox-facility\" data-name-en=\"Garden View\" data-id=\"110\">\u2022Vista ao mar<\/li>\n<li class=\"hprt-lightbox-list__item js-lightbox-facility\" data-name-en=\"Fan\" data-id=\"30\">\u2022 Ventilador<\/li>\n<li class=\"hprt-lightbox-list__item js-lightbox-facility\" data-name-en=\"Tumble dryer (machine)\" data-id=\"94\">\u2022Mobles<\/li>\n<li>\u2022 2 camas de matrimonio<\/li>\n<li class=\"hprt-lightbox-list__item js-lightbox-facility\" data-name-en=\"Wardrobe\/Closet\" data-id=\"95\">\u2022 Roupa ou armario<\/li>\n<\/ul>\n<\/li>\n<\/ul>\n<p>[Le m\u00e1is]<\/p>\n<div>\n<h4><strong>Acceso para invitados:<\/strong><\/h4>\n<ul>\n<li>\u2022 Recepci\u00f3n 24 horas<\/li>\n<li>\u2022 16 cuartos para non fumadores<\/li>\n<li>\u2022 Restaurante e bar<\/li>\n<li>\u2022 Persoal pluriling\u00fce<\/li>\n<li>\u2022 Un r\u00edo preguiceiro e 11 Piscinas Naturais ao aire libre<\/li>\n<li>\u2022 Terraza na azotea<\/li>\n<li>\u2022Xard\u00edn<\/li>\n<li>\u2022 \u00c1rea de merendeiro<\/li>\n<li>\u2022 Limpeza diaria<\/li>\n<li>\u2022 Servizo de lavander\u00eda<\/li>\n<\/ul>\n<h2><strong><em>Comodidades da habitaci\u00f3n:<\/em><\/strong><\/h2>\n<ul>\n<li>ventilador de teito<\/li>\n<li>Decorado individualmente<\/li>\n<li>Secador de pelo (previa solicitude)<\/li>\n<li>Auga embotellada gratu\u00edta<\/li>\n<li>Balc\u00f3n<\/li>\n<li>limpeza diaria<\/li>\n<li>Recepci\u00f3n 24 horas<\/li>\n<li>Fermosa vista<\/li>\n<\/ul>\n<p>[\/ler]<\/p>\n<hr \/>\n<h2>M\u00e1is detalles sobre Ca\u00f1o Hondo:<\/h2>\n<h2><strong><em>Fogueira e acampada<\/em><\/strong><\/h2>\n<p>Goza dunha fogueira nocturna baixo un manto de estrelas... sen contaminaci\u00f3n lum\u00ednica s\u00f3 un ceo nocturno escuro e os sons da vida do bosque tropical.<\/p>\n<p>Ademais dun gran servizo, podes gozar da comida t\u00edpica local (marisco fresco) ou de actividades e excursi\u00f3ns ao aire libre cun Gu\u00eda Profesional Local.<\/p>\n<p>Cada unha das nosas 16 salas leva o nome de aves que se poden atopar no parque nacional Los Haitises (hai unhas 110 especies no parque). Sobre todo, as habitaci\u00f3ns est\u00e1n decoradas individualmente, enerx\u00eda totalmente positiva que trae unha mellor estad\u00eda en Ca\u00f1o Hondo. Podes gozar de vistas \u00e1 ba\u00eda de San Lorenzo e \u00e1 ba\u00eda de Saman\u00e1!<\/p>\n<p>&nbsp;<\/p>\n<hr \/>\n<h2>Ofertas especiais Ca\u00f1o Hondo Actividades e Excursi\u00f3ns<\/h2>\n<ul>\n<li>Lista de actividades e excursi\u00f3ns:<\/li>\n<li>Forro con cremallera<\/li>\n<li>Escalada en parede de roca<\/li>\n<li>Paseos a cabalo<\/li>\n<li>Ruta de sendeirismo no Parque Nacional (2 ou 4 horas, combinable con kayak)<\/li>\n<li>Kayak (2 ou 4 horas, combinable con sendeirismo)<\/li>\n<li>Visitas guiadas en barco a Los Haitises visitando covas<\/li>\n<li>Avistamento de baleas (temporada do 15 de xaneiro ao 30 de marzo)<\/li>\n<li>Observaci\u00f3n guiada de aves<\/li>\n<li>Descubre o parque Los Haitises en canoa<\/li>\n<li>Cayo Levantado\/Illa Bacard\u00ed<\/li>\n<li>Fervenzas do Lim\u00f3n<\/li>\n<li>Praia do Front\u00f3n<\/li>\n<li>Boca do Demo<\/li>\n<li>ATV + Praia do Valle<\/li>\n<\/ul>\n<p>Facemos tours privados ou en grupo, paquetes combinados que se adaptan aos nosos h\u00f3spedes. Para m\u00e1is informaci\u00f3n sobre actividades e excursi\u00f3ns, p\u00f3\u00f1ase en contacto connosco.<\/p>\n<h2><span class=\"_6ijom0\">Ca\u00f1o Hondo Acceso convidado<\/span><\/h2>\n<p>Que hai arredor\u2026<\/p>\n<ol>\n<li>16 cuartos para non fumadores<\/li>\n<li>Restaurante e bar\/sal\u00f3n<\/li>\n<li>R\u00edo preguiceiro e 15 piscinas exteriores<\/li>\n<li>Parque acu\u00e1tico gratu\u00edto<\/li>\n<li>Terraza na azotea<\/li>\n<li>Recepci\u00f3n 24 horas<\/li>\n<li>limpeza diaria<\/li>\n<li>Vistas ao xard\u00edn<\/li>\n<li>Servizo de lavander\u00eda<\/li>\n<li>Persoal multiling\u00fce<\/li>\n<li>Servizos de conserxer\u00eda<\/li>\n<li>\u00c1rea de merendeiro<\/li>\n<li>Almorzo buf\u00e9 gratu\u00edto, wifi gratis nas zonas p\u00fablicas e aparcamento gratu\u00edto<\/li>\n<\/ol>\n<\/div>\n\n\t\t<\/div>\n\t<\/div>\n<\/div><\/div><\/div><\/div><div class=\"vc_row wpb_row vc_row-fluid\" ><div class=\"wpb_column vc_column_container vc_col-sm-12\"><div class=\"vc_column-inner\"><div class=\"wpb_wrapper\">\n\t<div class=\"wpb_text_column wpb_content_element\" >\n\t\t<div class=\"wpb_wrapper\">\n\t\t\t<h2><em>Outras opci\u00f3ns de sala<\/em><\/h2>\n<div id=\"gtx-trans\" style=\"position: absolute; left: -6px; top: 45.275px;\">\n<div class=\"gtx-trans-icon\"><\/div>\n<\/div>\n\n\t\t<\/div>\n\t<\/div>\n<\/div><\/div><\/div><\/div><div class=\"vc_row wpb_row vc_row-fluid\" ><div class=\"wpb_column vc_column_container vc_col-sm-12\"><div class=\"vc_column-inner\"><div class=\"wpb_wrapper\"><div class=\"woocommerce columns-3\"><ul class=\"products columns-3\">\n<li class=\"product type-product post-12225 status-publish first instock product_cat-dominican-republic product_tag-excursion product_tag-tour has-post-thumbnail sale shipping-taxable product-type-external\">\n\t<div class=\"mkdf-pl-inner\"><div class=\"mkdf-pl-image\">\n\t<span class=\"mkdf-onsale\">SALE<\/span>\n\t<img loading=\"lazy\" decoding=\"async\" width=\"300\" height=\"300\" src=\"https:\/\/haitises.com\/wp-content\/uploads\/2024\/12\/98-7-300x300.jpg\" class=\"attachment-woocommerce_thumbnail size-woocommerce_thumbnail\" alt=\"Private Transfers from Punta Cana Airport to Hotels\" srcset=\"https:\/\/haitises.com\/wp-content\/uploads\/2024\/12\/98-7-300x300.jpg 300w, https:\/\/haitises.com\/wp-content\/uploads\/2024\/12\/98-7-550x550.jpg 550w, https:\/\/haitises.com\/wp-content\/uploads\/2024\/12\/98-7-100x100.jpg 100w\" sizes=\"auto, (max-width: 300px) 100vw, 300px\" title=\"\"><div class=\"mkdf-pl-text\"><div class=\"mkdf-pl-text-outer\"><div class=\"mkdf-pl-text-inner\"><a href=\"https:\/\/gyg.me\/Efzoif2Y\" aria-describedby=\"woocommerce_loop_add_to_cart_link_describedby_12225\" data-quantity=\"1\" class=\"button product_type_external\" data-product_id=\"12225\" data-product_sku=\"\" aria-label=\"Check availability\" rel=\"nofollow noopener\" target=\"_blank\">Check availability<\/a>\t<span id=\"woocommerce_loop_add_to_cart_link_describedby_12225\" class=\"screen-reader-text\">\n\t\t\t<\/span>\n<\/div><\/div><\/div><\/div><a href=\"https:\/\/haitises.com\/gl\/privado\/private-transfers-from-punta-cana-airport-to-hotels\/\" class=\"woocommerce-LoopProduct-link woocommerce-loop-product__link\"><\/a><\/div><div class=\"mkdf-pl-text-wrapper\"><h4 class=\"mkdf-product-list-title\"><a href=\"https:\/\/haitises.com\/gl\/privado\/private-transfers-from-punta-cana-airport-to-hotels\/\">Private Transfers from Punta Cana Airport to Hotels<\/a><\/h4>\n\t<span class=\"price\"><del aria-hidden=\"true\"><span class=\"woocommerce-Price-amount amount\"><bdi><span class=\"woocommerce-Price-currencySymbol\">&#36;<\/span>15.50<\/bdi><\/span><\/del> <span class=\"screen-reader-text\">O prezo orixinal era: &#036;15.50.<\/span><ins aria-hidden=\"true\"><span class=\"woocommerce-Price-amount amount\"><bdi><span class=\"woocommerce-Price-currencySymbol\">&#36;<\/span>12.15<\/bdi><\/span><\/ins><span class=\"screen-reader-text\">O prezo actual \u00e9: &#036;12.15.<\/span><\/span>\n<\/div><\/li><li class=\"product type-product post-12224 status-publish instock product_cat-dominican-republic product_tag-excursion product_tag-tour has-post-thumbnail sale shipping-taxable product-type-external\">\n\t<div class=\"mkdf-pl-inner\"><div class=\"mkdf-pl-image\">\n\t<span class=\"mkdf-onsale\">SALE<\/span>\n\t<img loading=\"lazy\" decoding=\"async\" width=\"300\" height=\"300\" src=\"https:\/\/haitises.com\/wp-content\/uploads\/2024\/12\/145-39-300x300.jpg\" class=\"attachment-woocommerce_thumbnail size-woocommerce_thumbnail\" alt=\"Punta Cana: Dolphin Discovery Swims and Encounters\" srcset=\"https:\/\/haitises.com\/wp-content\/uploads\/2024\/12\/145-39-300x300.jpg 300w, https:\/\/haitises.com\/wp-content\/uploads\/2024\/12\/145-39-100x100.jpg 100w\" sizes=\"auto, (max-width: 300px) 100vw, 300px\" title=\"\"><div class=\"mkdf-pl-text\"><div class=\"mkdf-pl-text-outer\"><div class=\"mkdf-pl-text-inner\"><a href=\"https:\/\/gyg.me\/8AGs6VXL\" aria-describedby=\"woocommerce_loop_add_to_cart_link_describedby_12224\" data-quantity=\"1\" class=\"button product_type_external\" data-product_id=\"12224\" data-product_sku=\"\" aria-label=\"Compra &ldquo;Punta Cana: Dolphin Discovery Swims and Encounters&rdquo;\" rel=\"nofollow noopener\" target=\"_blank\">Comprar produto<\/a>\t<span id=\"woocommerce_loop_add_to_cart_link_describedby_12224\" class=\"screen-reader-text\">\n\t\t\t<\/span>\n<\/div><\/div><\/div><\/div><a href=\"https:\/\/haitises.com\/gl\/privado\/punta-cana-dolphin-discovery-swims-and-encounters\/\" class=\"woocommerce-LoopProduct-link woocommerce-loop-product__link\"><\/a><\/div><div class=\"mkdf-pl-text-wrapper\"><h4 class=\"mkdf-product-list-title\"><a href=\"https:\/\/haitises.com\/gl\/privado\/punta-cana-dolphin-discovery-swims-and-encounters\/\">Punta Cana: Dolphin Discovery Swims and Encounters<\/a><\/h4>\n\t<span class=\"price\"><del aria-hidden=\"true\"><span class=\"woocommerce-Price-amount amount\"><bdi><span class=\"woocommerce-Price-currencySymbol\">&#36;<\/span>115.00<\/bdi><\/span><\/del> <span class=\"screen-reader-text\">O prezo orixinal era: &#036;115.00.<\/span><ins aria-hidden=\"true\"><span class=\"woocommerce-Price-amount amount\"><bdi><span class=\"woocommerce-Price-currencySymbol\">&#36;<\/span>109.00<\/bdi><\/span><\/ins><span class=\"screen-reader-text\">O prezo actual \u00e9: &#036;109.00.<\/span><\/span>\n<\/div><\/li><li class=\"product type-product post-12223 status-publish last instock product_cat-dominican-republic product_cat-saona-island product_tag-excursion product_tag-tour has-post-thumbnail sale shipping-taxable product-type-external\">\n\t<div class=\"mkdf-pl-inner\"><div class=\"mkdf-pl-image\">\n\t<span class=\"mkdf-onsale\">SALE<\/span>\n\t<img loading=\"lazy\" decoding=\"async\" width=\"300\" height=\"300\" src=\"https:\/\/haitises.com\/wp-content\/uploads\/2026\/03\/145-38-300x300.jpg\" class=\"attachment-woocommerce_thumbnail size-woocommerce_thumbnail\" alt=\"Catamaran Tour to Saona Island: Lunch &amp; Open Bar Experience\" srcset=\"https:\/\/haitises.com\/wp-content\/uploads\/2026\/03\/145-38-300x300.jpg 300w, https:\/\/haitises.com\/wp-content\/uploads\/2026\/03\/145-38-550x550.jpg 550w, https:\/\/haitises.com\/wp-content\/uploads\/2026\/03\/145-38-100x100.jpg 100w\" sizes=\"auto, (max-width: 300px) 100vw, 300px\" title=\"\"><div class=\"mkdf-pl-text\"><div class=\"mkdf-pl-text-outer\"><div class=\"mkdf-pl-text-inner\"><a href=\"https:\/\/gobookingadventures.com\/en\/booking\/catamaran-tour-to-saona-island-lunch-and-open-bar-experience\" aria-describedby=\"woocommerce_loop_add_to_cart_link_describedby_12223\" data-quantity=\"1\" class=\"button product_type_external\" data-product_id=\"12223\" data-product_sku=\"\" aria-label=\"BUY TICKETS\" rel=\"nofollow noopener\" target=\"_blank\">BUY TICKETS<\/a>\t<span id=\"woocommerce_loop_add_to_cart_link_describedby_12223\" class=\"screen-reader-text\">\n\t\t\t<\/span>\n<\/div><\/div><\/div><\/div><a href=\"https:\/\/haitises.com\/gl\/privado\/punta-cana-catamaran-to-saona-island-with-lunch-open-bar\/\" class=\"woocommerce-LoopProduct-link woocommerce-loop-product__link\"><\/a><\/div><div class=\"mkdf-pl-text-wrapper\"><h4 class=\"mkdf-product-list-title\"><a href=\"https:\/\/haitises.com\/gl\/privado\/punta-cana-catamaran-to-saona-island-with-lunch-open-bar\/\">Catamaran Tour to Saona Island: Lunch &#038; Open Bar Experience<\/a><\/h4>\n\t<span class=\"price\"><del aria-hidden=\"true\"><span class=\"woocommerce-Price-amount amount\"><bdi><span class=\"woocommerce-Price-currencySymbol\">&#36;<\/span>95.00<\/bdi><\/span><\/del> <span class=\"screen-reader-text\">O prezo orixinal era: &#036;95.00.<\/span><ins aria-hidden=\"true\"><span class=\"woocommerce-Price-amount amount\"><bdi><span class=\"woocommerce-Price-currencySymbol\">&#36;<\/span>85.00<\/bdi><\/span><\/ins><span class=\"screen-reader-text\">O prezo actual \u00e9: &#036;85.00.<\/span><\/span>\n<\/div><\/li><\/ul>\n<\/div><\/div><\/div><\/div><\/div>","protected":false},"excerpt":{"rendered":"<h2><strong>Hotel Cano Hondo<\/strong><\/h2>\n<p><em>(Almorzo gratu\u00edto para 2 persoas)<\/em><\/p>\n<p>Eco-Lodge \u00e9 un lugar m\u00e1xico, tranquilo e orixinal onde aloxarse. Este hotel natural e aut\u00e9ntico est\u00e1 situado no famoso Parque Nacional Los Haitises en Sabana de la Mar. Todas as nosas habitaci\u00f3ns est\u00e1n cheas de enerx\u00eda positiva con vistas incribles \u00e1 ba\u00eda de San Lorenzo e \u00e1 ba\u00eda de Saman\u00e1. As habitaci\u00f3ns te\u00f1en ba\u00f1o privado con auga quente e ventilador de teito. O almorzo est\u00e1 inclu\u00eddo, auga potable e caf\u00e9 gratu\u00edtos durante todo o d\u00eda. Tam\u00e9n podes escoller entre os nosos plans de comidas.<br \/>\n[Le m\u00e1is]<\/p>\n<h2><strong><em><span class=\"_6ijom0\">\u00a0Cano Hondo <\/span><\/em><\/strong><em><strong>Piscinas naturais<\/strong><\/em><\/h2>\n<p>Goza de piscinas ecol\u00f3xicas naturais con auga saudable e refrescante que se mesturan moi ben coa paisaxe coa t\u00faa familia ou h\u00f3spedes. As piscinas son totalmente biol\u00f3xicas sen necesidade de cloro ou produtos qu\u00edmicos que desenvolven a s\u00faa propia ecolox\u00eda natural e un ecosistema equilibrado ao ser dese\u00f1adas e constru\u00eddas dunha determinada maneira.<\/p>\n<h2><em><strong>Normas Infantiles de Ca\u00f1o Hondo:<\/strong><\/em><\/h2>\n<p>-Os nenos de 2 a 10 anos pagan a tarifa infantil<br \/>\n-Menores de 2 anos sen cargo<\/p>\n<h2><em><strong>Restaurante Cano Hondo:\u00a0<\/strong><\/em><\/h2>\n<p>Hai un men\u00fa con moitas opci\u00f3ns para escoller. Tam\u00e9n se incl\u00fae unha bebida por persoa en cada comida. As bebidas alcoh\u00f3licas est\u00e1n dispo\u00f1ibles por unha taxa, as\u00ed como bebidas adicionais.<\/p>\n<p>O men\u00fa do hotel conta historias peculiares de palabras ind\u00edxenas e historias fabulosas da zona. Tam\u00e9n destacan os pratos t\u00edpicos da comarca como o caranguexo, a caracola e as minutas, un pequeno peixe de auga doce que se disfruta, localmente, aderezado e frito. Os zumes de froitas naturais frescos vanse rotando diariamente: lima, mel\u00f3n, mango, tamarindo, anan\u00e1s, etc.<br \/>\n[\/ler]<\/p>","protected":false},"featured_media":11534,"template":"","meta":[],"product_brand":[],"product_cat":[558,560],"product_tag":[339,521,126,340,127,447,562,342],"class_list":{"0":"post-11469","1":"product","2":"type-product","3":"status-publish","4":"has-post-thumbnail","6":"product_cat-all-rooms","7":"product_cat-hotel-cano-hondo","8":"product_tag-altos-cano-hondo","9":"product_tag-altos-de-cano-hondo","10":"product_tag-cano-hondo","11":"product_tag-cano-hondo-day-pass","12":"product_tag-cano-hondo-hotel","13":"product_tag-hotel-cano-hondo","14":"product_tag-hotel-sabana-de-la-mar","15":"product_tag-paraiso-cano-hondo","17":"first","18":"instock","19":"shipping-taxable","20":"product-type-external"},"_links":{"self":[{"href":"https:\/\/haitises.com\/gl\/wp-json\/wp\/v2\/product\/11469","targetHints":{"allow":["GET"]}}],"collection":[{"href":"https:\/\/haitises.com\/gl\/wp-json\/wp\/v2\/product"}],"about":[{"href":"https:\/\/haitises.com\/gl\/wp-json\/wp\/v2\/types\/product"}],"wp:featuredmedia":[{"embeddable":true,"href":"https:\/\/haitises.com\/gl\/wp-json\/wp\/v2\/media\/11534"}],"wp:attachment":[{"href":"https:\/\/haitises.com\/gl\/wp-json\/wp\/v2\/media?parent=11469"}],"wp:term":[{"taxonomy":"product_brand","embeddable":true,"href":"https:\/\/haitises.com\/gl\/wp-json\/wp\/v2\/product_brand?post=11469"},{"taxonomy":"product_cat","embeddable":true,"href":"https:\/\/haitises.com\/gl\/wp-json\/wp\/v2\/product_cat?post=11469"},{"taxonomy":"product_tag","embeddable":true,"href":"https:\/\/haitises.com\/gl\/wp-json\/wp\/v2\/product_tag?post=11469"}],"curies":[{"name":"wp","href":"https:\/\/api.w.org\/{rel}","templated":true}]}}