{"id":11416,"date":"2021-08-15T20:09:23","date_gmt":"2021-08-15T20:09:23","guid":{"rendered":"http:\/\/haitises.com\/?post_type=product&#038;p=11416"},"modified":"2024-04-02T19:34:17","modified_gmt":"2024-04-02T19:34:17","slug":"os-haitises-paseos-en-kayak-en-barco-covas-e-nadar-na-praia-privada-todo-nun","status":"publish","type":"product","link":"https:\/\/haitises.com\/gl\/privado\/os-haitises-paseos-en-kayak-en-barco-covas-e-nadar-na-praia-privada-todo-nun\/","title":{"rendered":"Los Haitises Kayak + Paseo en Barco + Covas e Nataci\u00f3n na Praia Privada (Todo en Un)."},"content":{"rendered":"<div class=\"vc_row wpb_row vc_row-fluid\" ><div class=\"wpb_column vc_column_container vc_col-sm-12\"><div class=\"vc_column-inner\"><div class=\"wpb_wrapper\">\n\t<div class=\"wpb_text_column wpb_content_element\" >\n\t\t<div class=\"wpb_wrapper\">\n\t\t\t<h4><b><i>Visi\u00f3n xeral <\/i><\/b><\/h4>\n<p><span style=\"font-weight: 400;\">Esc\u00e1pate da cidade para mergullarte no ecoturismo da provincia de Hato Mayor, a primeira provincia de ecoturismo da Rep\u00fablica Dominicana. Ven connosco e goza das augas doces dunha das praias inexploradas dos Haitises, onde se atopa a ba\u00eda de San Lorenzo. O lugar \u00e9 accesible en barco, rodeado de bosque tropical e mangle. Mentres navegas entrar\u00e1s en contacto coa natureza e a paisaxe inesquecible deste parque nacional. Esta excursi\u00f3n ser\u00e1 unha mestura de kayak, paseos en barco, visitar unha cova e nadar nun dos parques nacionais m\u00e1is importantes do pa\u00eds, aqu\u00ed est\u00e1 a maior parte da biodiversidade da illa e o segundo bosque de mangle m\u00e1is grande con m\u00e1is de 98 km2.\u00a0<\/span><\/p>\n<p>&nbsp;<\/p>\n<p><span style=\"font-weight: 400;\">O noso persoal local e experto asegurarase de que co\u00f1ezas realmente a cultura ta\u00ednos, a s\u00faa historia en Los Haitises e a s\u00faa conexi\u00f3n coa natureza. Esta excursi\u00f3n \u00e9 en modalidade de ecoturismo onde a comunidade chega a xogar un papel moi importante, son gu\u00edas, capitanes de barcos e condutores.<\/span><\/p>\n<p>&nbsp;<\/p>\n<p><span style=\"font-weight: 400;\">A prioridade de Booking Adventure \u00e9 asegurarse de obter o mellor do mellor, desde que compra o billete ata que remata a viaxe. Os nosos percorridos c\u00e9ntranse na educaci\u00f3n ambiental, a aventura e a historia local e durante esta viaxe poder\u00e1s ver un pouco de todo.\u00a0<\/span><\/p>\n<h3><span style=\"font-weight: 400;\">Inclusi\u00f3ns e exclusi\u00f3ns<\/span><\/h3>\n<h6><strong>Inclusi\u00f3ns<\/strong><\/h6>\n<ul>\n<li><span style=\"font-weight: 400;\">Barco e capit\u00e1n\u00a0<\/span><\/li>\n<li><span style=\"font-weight: 400;\">Kayaks\u00a0<\/span><\/li>\n<li><span style=\"font-weight: 400;\">Snacks, (auga, froitas, bocadillos e refrescos)<\/span><\/li>\n<li><span style=\"font-weight: 400;\">Todos os impostos, taxas e gastos de xesti\u00f3n<\/span><\/li>\n<li><span style=\"font-weight: 400;\">Impostos locais<\/span><\/li>\n<li><span style=\"font-weight: 400;\">Funcionarios Gu\u00edas ecoloxistas ingl\u00e9s\/espa\u00f1ol<\/span><\/li>\n<li><span style=\"font-weight: 400;\">Piscinas naturais e praia inexplorada\u00a0<\/span><\/li>\n<li><span style=\"font-weight: 400;\">Unha Cova\u00a0<\/span><\/li>\n<\/ul>\n<p>&nbsp;<\/p>\n<h6><strong>Exclusi\u00f3ns<\/strong><\/h6>\n<p>&nbsp;<\/p>\n<ul>\n<li><span style=\"font-weight: 400;\">Gratu\u00edtos<\/span><\/li>\n<li><span style=\"font-weight: 400;\">Bebida<\/span><\/li>\n<li><span style=\"font-weight: 400;\">Transferencia\u00a0<\/span><\/li>\n<\/ul>\n<p><span style=\"font-weight: 400;\">\u00a0<\/span><\/p>\n<h6><strong>Sa\u00edda e volta<\/strong><\/h6>\n<p>&nbsp;<\/p>\n<p><span style=\"font-weight: 400;\">O percorrido, organizado por \u201cBooking Adventures\u201d, comeza no punto de encontro fixado co gu\u00eda tur\u00edstico ou o persoal. O viaxeiro ter\u00e1 un punto de encontro despois do proceso de reserva. As visitas comezan e rematan nos nosos puntos de encontro.<\/span><\/p>\n<h2>Los Haitises Kayak + Paseo en Barco + Covas e Praia de Nataci\u00f3n (Todo en Un).<\/h2>\n<p><span style=\"font-weight: 400;\">Que esperar?<\/span><\/p>\n<p>&nbsp;<\/p>\n<p><span style=\"font-weight: 400;\">Consigue o teu billete para o Eco-Aventura Tour Los Haitises National Park All In One\u00a0<\/span><\/p>\n<p>&nbsp;<\/p>\n<p><span style=\"font-weight: 400;\">Esta Excursi\u00f3n comeza desde un punto de encontro que debes confirmar cos nosos axentes de viaxes ou coa t\u00faa gu\u00eda tur\u00edstica antes de dirixirte a calquera lugar. Unha vez que co\u00f1ezas o teu gu\u00eda, ter\u00e1s un resumo do percorrido e todo o relacionado co teu d\u00eda.<\/span><\/p>\n<p>&nbsp;<\/p>\n<p><span style=\"font-weight: 400;\">Cando todos estean listos e collemos os kayaks dirixir\u00e9monos ao primeiro lugar que \u00e9 Playita Las Almejas onde est\u00e1n as piscinas naturais, mentres navegamos polo bosque de mangle e o abrigo da ba\u00eda de San Lorenzo compartir\u00e9mosvos historias sobre Los Haitises, Xeolox\u00eda e repasar as especies de manglares con ter arredor da ba\u00eda de San Lorenzo.\u00a0<\/span><\/p>\n<p>&nbsp;<\/p>\n<p><span style=\"font-weight: 400;\">Cando cheguemos ao primeiro lugar debes preparar o teu ba\u00f1ador para ir no teu kaiak e remar ata a Cova da li\u00f1a co teu gu\u00eda tur\u00edstico, o resto do persoal agardarache ata que remates a primeira parte da actividade.<\/span><\/p>\n<p>&nbsp;<\/p>\n<p><span style=\"font-weight: 400;\">Durante esta parte da t\u00faa viaxe, poder\u00e1s percorrer o Vello Porto de Las Perlas, que \u00e9 unha das primeiras estruturas constru\u00eddas polos europeos na zona, cara a 1866, e que estivo conectada cunha li\u00f1a de tren que era o transporte do caf\u00e9, pl\u00e1tanos e todo o que este grupo de europeos cultivaba no que hoxe son Los Haitises.\u00a0<\/span><\/p>\n<p>&nbsp;<\/p>\n<p><span style=\"font-weight: 400;\">Na cova que visitar\u00e1s hai m\u00e1is de 1200 pictograf\u00edas pintadas polos ta\u00ednos, esta era unha forma de expresarse, e hoxe estas obras de arte c\u00f3ntannos historias que nunca pensabamos atopar hoxe en d\u00eda. Cando remates aqu\u00ed, voltaremos a Playa de las Almejas para merendar e nadar.\u00a0<\/span><\/p>\n<p>&nbsp;<\/p>\n<p><span style=\"font-weight: 400;\">Despois de nadar na piscina natural imos regresar ao porto principal da zona de Cano Hondo, este \u00e9 un percorrido de 5 horas que che brinda a oportunidade de co\u00f1ecer a maior parte do Parque Nacional de Sabana de la Mar e dos Haitises, esta excursi\u00f3n remata en o mesmo lugar no que comezou.<\/span><\/p>\n<p>&nbsp;<\/p>\n<p><span style=\"font-weight: 400;\">Nota: Estes percorridos son con gu\u00edas ecoloxistas oficiais. Reserve con tempo porque no parque non hai demasiados especialistas.<\/span><\/p>\n<p>&nbsp;<\/p>\n<h6><strong>Que debes traer?<\/strong><\/h6>\n<ul>\n<li style=\"font-weight: 400;\" aria-level=\"1\"><span style=\"font-weight: 400;\">c\u00e1mara<\/span><\/li>\n<li style=\"font-weight: 400;\" aria-level=\"1\"><span style=\"font-weight: 400;\">Spray para insectos\u00a0<\/span><\/li>\n<li style=\"font-weight: 400;\" aria-level=\"1\"><span style=\"font-weight: 400;\">crema solar<\/span><\/li>\n<li style=\"font-weight: 400;\" aria-level=\"1\"><span style=\"font-weight: 400;\">Pantal\u00f3ns c\u00f3modos<\/span><\/li>\n<li style=\"font-weight: 400;\" aria-level=\"1\"><span style=\"font-weight: 400;\">Zapatillas para correr<\/span><\/li>\n<li style=\"font-weight: 400;\" aria-level=\"1\"><span style=\"font-weight: 400;\">Chaqueta de chuvia\u00a0<\/span><\/li>\n<li style=\"font-weight: 400;\" aria-level=\"1\"><span style=\"font-weight: 400;\">Traxe de ba\u00f1o\u00a0<\/span><\/li>\n<li style=\"font-weight: 400;\" aria-level=\"1\"><span style=\"font-weight: 400;\">toalla\u00a0<\/span><\/li>\n<\/ul>\n<h4><b><i>Recollida no hotel <\/i><\/b><\/h4>\n<p><span style=\"font-weight: 400;\">Non se ofrece a recollida do hotel para esta excursi\u00f3n. S\u00f3 se est\u00e1s no Hotel Cano Hondo ou Hoteis da zona de Sabana de la mar.<\/span><\/p>\n<p><b>Nota:<\/b><span style=\"font-weight: 400;\"> Se reservas dentro das 24 horas posteriores \u00e1 hora de sa\u00edda da excursi\u00f3n\/excursi\u00f3n, podemos organizar a recollida do hotel con cargos adicionais desde calquera lugar da Rep\u00fablica Dominicana. Unha vez completada a compra, enviar\u00e9mosche a informaci\u00f3n de contacto completa (n\u00famero de tel\u00e9fono, enderezo de correo electr\u00f3nico, etc.) para que o noso gu\u00eda tur\u00edstico local organice a recollida.<\/span><\/p>\n<h4><b><i>Confirmaci\u00f3n de informaci\u00f3n adicional <\/i><\/b><\/h4>\n<ol>\n<li>As entradas son o recibo despois de pagar este Tour. Podes mostrar o pago no teu tel\u00e9fono.<\/li>\n<li style=\"font-weight: 400;\"><span style=\"font-weight: 400;\">O punto de encontro recibirase despois do proceso de reserva.<\/span><\/li>\n<li style=\"font-weight: 400;\"><span style=\"font-weight: 400;\">Os nenos deben ir acompa\u00f1ados dun adulto.<\/span><\/li>\n<li style=\"font-weight: 400;\"><span style=\"font-weight: 400;\"> Non accesible en cadeira de rodas <\/span><\/li>\n<li style=\"font-weight: 400;\"><span style=\"font-weight: 400;\">Os beb\u00e9s deben sentarse no colo <\/span><\/li>\n<li style=\"font-weight: 400;\"><span style=\"font-weight: 400;\">Non recomendado para viaxeiros con problemas de costas<\/span><\/li>\n<li style=\"font-weight: 400;\"><span style=\"font-weight: 400;\">Non recomendado para viaxeiras embarazadas <\/span><\/li>\n<li style=\"font-weight: 400;\"><span style=\"font-weight: 400;\"> Sen problemas card\u00edacos ou outras condici\u00f3ns m\u00e9dicas graves <\/span><\/li>\n<li style=\"font-weight: 400;\"><span style=\"font-weight: 400;\">Poden participar a maior\u00eda dos viaxeiros<\/span><\/li>\n<\/ol>\n<h4><b><i>Pol\u00edtica de cancelaci\u00f3n<\/i><\/b><\/h4>\n<p><span style=\"font-weight: 400;\">Para un reembolso completo, cancela polo menos 24 horas antes da data de inicio da experiencia. Os fondos perderanse se a reserva se cancela o mesmo d\u00eda da viaxe.<\/span><\/p>\n\n\t\t<\/div>\n\t<\/div>\n[mkdf_section_title title_tag=\u00bb\u00bb disable_break_words=\u00bbno\u00bb subtitle_tag=\u00bb\u00bb text_font_weight=\u00bb\u00bb title=\u00bbLos Haitises Kayaking + Boat Trip + Caves and Swimming Beach \u00bb subtitle=\u00bb( All in One )\u00bb text=\u00bbThis Experience Need a Minimum of 2 Participants. If you are not 2 please feel free to contact us!\u00bb]<\/div><\/div><\/div><\/div><div class=\"vc_row wpb_row vc_row-fluid\" ><div class=\"wpb_column vc_column_container vc_col-sm-12\"><div class=\"vc_column-inner\"><div class=\"wpb_wrapper\"><\/div><\/div><\/div><\/div><div class=\"vc_row wpb_row vc_row-fluid\" ><div class=\"wpb_column vc_column_container vc_col-sm-12\"><div class=\"vc_column-inner\"><div class=\"wpb_wrapper\"><div class=\"vc_empty_space\"   style=\"height: 32px\"><span class=\"vc_empty_space_inner\"><\/span><\/div>\n\t<div class=\"wpb_text_column wpb_content_element\" >\n\t\t<div class=\"wpb_wrapper\">\n\t\t\t<h4>Contacta connosco?<\/h4>\n<h5>Reserva aventuras<\/h5>\n<p><em><strong>Os locais<\/strong>\u00a0e\u00a0<strong>Nacionais<\/strong>\u00a0Gu\u00edas tur\u00edsticos e servizos para os h\u00f3spedes<\/em><\/p>\n<p><span class=\"text-turquoise\">Reservas:<\/span>\u00a0Tours e excursi\u00f3ns en Rep. Dom.<\/p>\n<p><img decoding=\"async\" class=\"emoji\" draggable=\"false\" src=\"https:\/\/s.w.org\/images\/core\/emoji\/11.2.0\/svg\/1f4de.svg\" alt=\"\ud83d\udcde\" title=\"\">\u00a0Tel\/Whatsapp\u00a0\u00a0<a href=\"tel:+1-809-720-6035\">+1-809-720-6035<\/a>.<\/p>\n<p><img decoding=\"async\" class=\"emoji\" draggable=\"false\" src=\"https:\/\/s.w.org\/images\/core\/emoji\/11.2.0\/svg\/1f4e9.svg\" alt=\"\ud83d\udce9\" title=\"\">\u00a0<a href=\"mailto:info@bookingadventures.com.do\">info@bookingadventures.com.do<\/a><\/p>\n<p><strong>Somos flexibles para configurar tours privados por Whatsapp:\u00a0<a href=\"tel:+18097206035\">+18097206035.<\/a><\/strong><\/p>\n\n\t\t<\/div>\n\t<\/div>\n<div class=\"vc_empty_space\"   style=\"height: 32px\"><span class=\"vc_empty_space_inner\"><\/span><\/div><\/div><\/div><\/div><\/div>","protected":false},"excerpt":{"rendered":"<p>Kayak + Paseo en Barco + Covas e Praia de Nataci\u00f3n (Todo en Un). Parque Nacional Los Haitises cun gu\u00eda tur\u00edstico local de Sabana de la Mar. Visitando a selva tropical, a pequena praia privada, as zonas de coco, caf\u00e9 e cacao. Co\u00f1ecendo a historia orixinal do Parque Nacional Los Haitises.<\/p>\n<p>&nbsp;<\/p>\n<p><strong>Seleccione a data para The Adventure All In One Trip:<\/strong><\/p>","protected":false},"featured_media":11435,"template":"","meta":[],"product_brand":[],"product_cat":[356,503,123,124],"product_tag":[341,206,129,130,412,413,221,414,415,152,153,198,133,416,215,217,417,223,114,418,148,143,419],"class_list":{"0":"post-11416","1":"product","2":"type-product","3":"status-publish","4":"has-post-thumbnail","6":"product_cat-day-trips","7":"product_cat-los-haitises-national-park","8":"product_cat-tours-excursions-los-haitises-national-park","9":"product_cat-tours-excursions-samana-bay-dominican-republic","10":"product_tag-cano-hondo-sabana-de-la-mar","11":"product_tag-caves-los-haitises","12":"product_tag-eco-tours","13":"product_tag-excursion","14":"product_tag-hike-kayak","15":"product_tag-hike-kayak-los-haitises-national-park","16":"product_tag-hiking-los-haitises","17":"product_tag-hiking-sabana-de-la-mar","18":"product_tag-hiking-samana","19":"product_tag-kayak-tour","20":"product_tag-kayaking","21":"product_tag-kayaking-los-haitises","22":"product_tag-los-haitises-national-park","23":"product_tag-los-haitises-national-park-entrance-fee","24":"product_tag-los-haitises-national-park-tour-from-las-terrenas","25":"product_tag-los-haitises-national-park-tour-from-santo-domingo","26":"product_tag-los-haitises-national-park-weather","27":"product_tag-los-haitises-sabana-de-la-mar","28":"product_tag-sabana-de-la-mar","29":"product_tag-sabana-de-la-mar-tour","30":"product_tag-samana-excursions","31":"product_tag-samana-tours","32":"product_tag-secrets-of-los-haitises","34":"first","35":"instock","36":"sale","37":"sold-individually","38":"shipping-taxable","39":"product-type-external"},"_links":{"self":[{"href":"https:\/\/haitises.com\/gl\/wp-json\/wp\/v2\/product\/11416","targetHints":{"allow":["GET"]}}],"collection":[{"href":"https:\/\/haitises.com\/gl\/wp-json\/wp\/v2\/product"}],"about":[{"href":"https:\/\/haitises.com\/gl\/wp-json\/wp\/v2\/types\/product"}],"wp:featuredmedia":[{"embeddable":true,"href":"https:\/\/haitises.com\/gl\/wp-json\/wp\/v2\/media\/11435"}],"wp:attachment":[{"href":"https:\/\/haitises.com\/gl\/wp-json\/wp\/v2\/media?parent=11416"}],"wp:term":[{"taxonomy":"product_brand","embeddable":true,"href":"https:\/\/haitises.com\/gl\/wp-json\/wp\/v2\/product_brand?post=11416"},{"taxonomy":"product_cat","embeddable":true,"href":"https:\/\/haitises.com\/gl\/wp-json\/wp\/v2\/product_cat?post=11416"},{"taxonomy":"product_tag","embeddable":true,"href":"https:\/\/haitises.com\/gl\/wp-json\/wp\/v2\/product_tag?post=11416"}],"curies":[{"name":"wp","href":"https:\/\/api.w.org\/{rel}","templated":true}]}}