{"id":11331,"date":"2021-08-15T20:08:37","date_gmt":"2021-08-15T20:08:37","guid":{"rendered":"http:\/\/haitises.com\/?post_type=product&#038;p=11331"},"modified":"2021-08-15T20:08:46","modified_gmt":"2021-08-15T20:08:46","slug":"hiking-boca-del-diablo-mouth-of-the-devil-to-fronton-beach-samana-day-trip-2","status":"publish","type":"product","link":"https:\/\/haitises.com\/gl\/privado\/hiking-boca-del-diablo-mouth-of-the-devil-to-fronton-beach-samana-day-trip-2\/","title":{"rendered":"Sendeirismo Boca del Diablo &#039;Boca do dia\u00f1o&#039;, \u00e1 praia de Fronton, excursi\u00f3n dun d\u00eda a Saman\u00e1."},"content":{"rendered":"<div class=\"vc_row wpb_row vc_row-fluid\" ><div class=\"wpb_column vc_column_container vc_col-sm-12\"><div class=\"vc_column-inner\"><div class=\"wpb_wrapper\"><\/div><\/div><\/div><\/div><div class=\"vc_row wpb_row vc_row-fluid\" ><div class=\"wpb_column vc_column_container vc_col-sm-12\"><div class=\"vc_column-inner\"><div class=\"wpb_wrapper\">[mkdf_section_title title_tag=\u00bb\u00bb disable_break_words=\u00bbno\u00bb subtitle_tag=\u00bb\u00bb title=\u00bbBoca del Diablo \u2018Mouth of the Devil\u2019, to Fronton Beach, Samana day trip.\u00bb subtitle=\u00bbHiking\u00bb]\n\t<div class=\"wpb_text_column wpb_content_element\" >\n\t\t<div class=\"wpb_wrapper\">\n\t\t\t<h3>Hiking Boca del Diablo \u2018Mouth of the Devil\u2019, to Fronton Beach, Samana day trip.<\/h3>\n<h4><b><i>Visi\u00f3n xeral <\/i><\/b><\/h4>\n<p>The trip start at our meeting point in Las Galeras, Samana. The most expectacular hiking in Samana. Visiting the Mouth of the devil in spanish Boca Del Diablo, Noise that make the glifs with a presion of water unders the rocks. After visiting the marmolite caves and Boca del Diablo we continue our hiking trough the coconut forest and beutifull views to the ocean until one of the most amazing beach in Dominican Republic. Fronton Beach.<\/p>\n<p>After this experience, you will get Back to hiking to our Meeting point in Las Galeras Community.<\/p>\n<ul>\n<li style=\"font-weight: 400;\">Gastos inclu\u00eddos<\/li>\n<li>Merendas<\/li>\n<li style=\"font-weight: 400;\">Gu\u00eda tur\u00edstico local en ingl\u00e9s ou franc\u00e9s<\/li>\n<li>Sendeirismo<\/li>\n<\/ul>\n<p>&nbsp;<\/p>\n<h4><b>Inclusi\u00f3ns e exclusi\u00f3ns<\/b><\/h4>\n<p>&nbsp;<\/p>\n<p><b>Inclusi\u00f3ns<\/b><\/p>\n<ol>\n<li style=\"font-weight: 400;\">Boca do Demo<\/li>\n<li>Marmolite Caves<\/li>\n<li>Praia do Front\u00f3n<\/li>\n<li style=\"font-weight: 400;\"><span style=\"font-weight: 400;\">Todos os impostos, taxas e gastos de xesti\u00f3n<\/span><\/li>\n<li style=\"font-weight: 400;\"><span style=\"font-weight: 400;\">Impostos locais<\/span><\/li>\n<li>Merendas<\/li>\n<li>Sendeirismo<\/li>\n<li style=\"font-weight: 400;\"><span style=\"font-weight: 400;\">Todas as actividades<\/span><\/li>\n<li style=\"font-weight: 400;\"><span style=\"font-weight: 400;\">Gu\u00eda local<\/span><\/li>\n<\/ol>\n<p><b> Exclusi\u00f3ns<\/b><\/p>\n<ol>\n<li style=\"font-weight: 400;\"><span style=\"font-weight: 400;\">Gratu\u00edtos<\/span><\/li>\n<li>Transporte<\/li>\n<li>Xantar<\/li>\n<li style=\"font-weight: 400;\"><span style=\"font-weight: 400;\">Bebidas alcoh\u00f3licas<\/span><\/li>\n<\/ol>\n<p>&nbsp;<\/p>\n<h4><em><strong>Sa\u00edda e volta<\/strong><\/em><\/h4>\n<p><span style=\"font-weight: 400;\">O viaxeiro ter\u00e1 un punto de encontro despois do proceso de reserva. Os percorridos comezan e rematan nos seus puntos de encontro.<\/span><\/p>\n<p>&nbsp;<\/p>\n<h3><\/h3>\n<h4><b><i>Que esperar?<\/i><\/b><\/h4>\n<p><em><strong>Consigue as t\u00faas entradas<\/strong><\/em> for visiting Boca del diablo and Fronton Beach in Samana. Day Trip. Starting from Las Galeras, understory coconuts trees, views, mountains, birds and one of the most beutiful beaches in the Dominican Republic.<\/p>\n<p>The tour, organized by \u00abBooking Adventures\u00bb starts at the meeting point set with the Tour Guide. Come with Booking Adventures and start in boca del diablo a cavern with a vent where large waves\u00a0<img decoding=\"async\" class=\"emoji\" draggable=\"false\" src=\"http:\/\/twemoji.maxcdn.com\/16x16\/1f30a.png\" alt=\"\ud83c\udf0a\" title=\"\">\u00a0come crashing int and sea water is blasted\u00a0<img decoding=\"async\" class=\"emoji\" draggable=\"false\" src=\"http:\/\/twemoji.maxcdn.com\/16x16\/1f4a8.png\" alt=\"\ud83d\udca8\" title=\"\">\u00a0<img decoding=\"async\" class=\"emoji\" draggable=\"false\" src=\"http:\/\/twemoji.maxcdn.com\/16x16\/1f4a6.png\" alt=\"\ud83d\udca6\" title=\"\">\u00a0out of the vent. The big waves would make a lasting cloud of salty water droplets that would blow quite a way inland. The waves state was wild when we were there and we got quite a show.<\/p>\n<div class=\"body-description secondary\">\n<p>After this experiencie we hike 1 30 min to Fronton Beach one of the most beautiful beaches, its thousands of shades of colors that paint its different landscapes&#8230; and here on the beach fronton there is no exception. You have everything around you. . How could I not feel the calm\u2026 the stillness from where I was&#8230; a magical landscape from the sea &#8230; from the ancient mountains&#8230; sun kissed by our eternal sun and it\u2019s never-ending horizon\u2026 the sky above us. and yet theres still more to savor\u2026 this is what we feel there.<\/p>\n<p>We can set lunch and Boat trip back with a extra Cost.\u00a0 After swimming in Fronton Beach we hike back to our meeting point.<\/p>\n<p>&nbsp;<\/p>\n<p>&nbsp;<\/p>\n<\/div>\n<h4><em><strong>Que debes traer?<\/strong><\/em><\/h4>\n<ul>\n<li style=\"font-weight: 400;\"><span style=\"font-weight: 400;\">c\u00e1mara<\/span><\/li>\n<li style=\"font-weight: 400;\"><span style=\"font-weight: 400;\">Brotes repelentes<\/span><\/li>\n<li style=\"font-weight: 400;\"><span style=\"font-weight: 400;\">crema solar<\/span><\/li>\n<li>Water<\/li>\n<li style=\"font-weight: 400;\"><span style=\"font-weight: 400;\">Sombreiro<\/span><\/li>\n<li style=\"font-weight: 400;\"><span style=\"font-weight: 400;\">Pantal\u00f3ns c\u00f3modos<\/span><\/li>\n<li style=\"font-weight: 400;\"><span style=\"font-weight: 400;\">Zapatos de sendeirismo para bosque<\/span><\/li>\n<li style=\"font-weight: 400;\"><span style=\"font-weight: 400;\">Sandalias para as zonas de Primavera.<\/span><\/li>\n<li style=\"font-weight: 400;\"><span style=\"font-weight: 400;\">Roupa de ba\u00f1o<\/span><\/li>\n<\/ul>\n<p>&nbsp;<\/p>\n<h4><b><i>Recollida no hotel <\/i><\/b><\/h4>\n<p><span style=\"font-weight: 400;\">Non se ofrece a recollida do hotel para esta excursi\u00f3n. <\/span><\/p>\n<p>&nbsp;<\/p>\n<p><b>Nota:<\/b><span style=\"font-weight: 400;\"> Se reservas dentro das 24 horas posteriores \u00e1 hora de sa\u00edda da excursi\u00f3n\/excursi\u00f3n, podemos organizar a recollida do hotel con cargos adicionais. Unha vez completada a compra, enviar\u00e9mosche a informaci\u00f3n de contacto completa (n\u00famero de tel\u00e9fono, enderezo de correo electr\u00f3nico, etc.) para que o noso gu\u00eda tur\u00edstico local organice a recollida.<\/span><\/p>\n<h4><b><i>Confirmaci\u00f3n de informaci\u00f3n adicional <\/i><\/b><\/h4>\n<ol>\n<li>As entradas son o recibo despois de pagar este Tour. Podes mostrar o pago no teu tel\u00e9fono.<\/li>\n<li style=\"font-weight: 400;\"><span style=\"font-weight: 400;\">O punto de encontro recibirase despois do proceso de reserva.<\/span><\/li>\n<li style=\"font-weight: 400;\"><span style=\"font-weight: 400;\">Os nenos deben ir acompa\u00f1ados dun adulto.<\/span><\/li>\n<li style=\"font-weight: 400;\"><span style=\"font-weight: 400;\"> Non accesible en cadeira de rodas <\/span><\/li>\n<li style=\"font-weight: 400;\"><span style=\"font-weight: 400;\">Os beb\u00e9s deben sentarse no colo <\/span><\/li>\n<li style=\"font-weight: 400;\"><span style=\"font-weight: 400;\">Non recomendado para viaxeiros con problemas de costas<\/span><\/li>\n<li style=\"font-weight: 400;\"><span style=\"font-weight: 400;\">Non recomendado para viaxeiras embarazadas <\/span><\/li>\n<li style=\"font-weight: 400;\"><span style=\"font-weight: 400;\"> Sen problemas card\u00edacos ou outras condici\u00f3ns m\u00e9dicas graves <\/span><\/li>\n<li style=\"font-weight: 400;\"><span style=\"font-weight: 400;\">Poden participar a maior\u00eda dos viaxeiros<\/span><\/li>\n<\/ol>\n<h4><b><i>Pol\u00edtica de cancelaci\u00f3n<\/i><\/b><\/h4>\n<p><span style=\"font-weight: 400;\">Para un reembolso completo, cancela polo menos 24 horas antes da data de inicio da experiencia. Os fondos perderanse se a reserva se cancela o mesmo d\u00eda da viaxe.<\/span><\/p>\n\n\t\t<\/div>\n\t<\/div>\n<\/div><\/div><\/div><\/div><div class=\"vc_row wpb_row vc_row-fluid\" ><div class=\"wpb_column vc_column_container vc_col-sm-12\"><div class=\"vc_column-inner\"><div class=\"wpb_wrapper\">\n\t<div class=\"wpb_video_widget wpb_content_element vc_clearfix   vc_video-aspect-ratio-169 vc_video-el-width-100 vc_video-align-left\" >\n\t\t<div class=\"wpb_wrapper\">\n\t\t\t<h2 class=\"wpb_heading wpb_video_heading\">Boca del diablo and Fronton beach<\/h2>\n\t\t\t<div class=\"wpb_video_wrapper\"><iframe loading=\"lazy\" title=\"The Saman\u00e1 Peninsula, Dominican Republic (DJI Phantom 4 4K)\" width=\"1100\" height=\"619\" src=\"https:\/\/www.youtube.com\/embed\/DYDXVm8Q_iM?feature=oembed\" frameborder=\"0\" allow=\"accelerometer; autoplay; clipboard-write; encrypted-media; gyroscope; picture-in-picture\" allowfullscreen><\/iframe><\/div>\n\t\t<\/div>\n\t<\/div>\n<\/div><\/div><\/div><\/div><div class=\"vc_row wpb_row vc_row-fluid\" ><div class=\"wpb_column vc_column_container vc_col-sm-12\"><div class=\"vc_column-inner\"><div class=\"wpb_wrapper\"><div class=\"vc_empty_space\"   style=\"height: 32px\"><span class=\"vc_empty_space_inner\"><\/span><\/div>\n\t<div class=\"wpb_text_column wpb_content_element\" >\n\t\t<div class=\"wpb_wrapper\">\n\t\t\t<h4>Contacta connosco?<\/h4>\n<h5>Reserva aventuras<\/h5>\n<p><em><strong>Os locais<\/strong>\u00a0e\u00a0<strong>Nacionais<\/strong>\u00a0Gu\u00edas tur\u00edsticos e servizos para os h\u00f3spedes<\/em><\/p>\n<p><span class=\"text-turquoise\">Reservas:<\/span>\u00a0Tours e excursi\u00f3ns en Rep. Dom.<\/p>\n<p><img decoding=\"async\" class=\"emoji\" draggable=\"false\" src=\"https:\/\/s.w.org\/images\/core\/emoji\/11.2.0\/svg\/1f4de.svg\" alt=\"\ud83d\udcde\" title=\"\">\u00a0Tel\/Whatsapp\u00a0\u00a0<a href=\"tel:+1-809-720-6035\">+1-809-720-6035<\/a>.<\/p>\n<p><img decoding=\"async\" class=\"emoji\" draggable=\"false\" src=\"https:\/\/s.w.org\/images\/core\/emoji\/11.2.0\/svg\/1f4e9.svg\" alt=\"\ud83d\udce9\" title=\"\">\u00a0<a href=\"mailto:info@bookingadventures.com.do\">info@bookingadventures.com.do<\/a><\/p>\n<p><strong>Somos flexibles para configurar tours privados por Whatsapp:\u00a0<a href=\"tel:+18097206035\">+18097206035.<\/a><\/strong><\/p>\n\n\t\t<\/div>\n\t<\/div>\n<div class=\"vc_empty_space\"   style=\"height: 32px\"><span class=\"vc_empty_space_inner\"><\/span><\/div><\/div><\/div><\/div><\/div>","protected":false},"excerpt":{"rendered":"<p>The trip starts at our meeting point in Las Galeras, Samana. The most spectacular hiking in Samana. Visiting the Mouth of the devil in Spanish Boca Del Diablo, Noise that makes the glifs with a precion of water under the rocks. After visiting the marmolite caves and Boca del Diablo we continue our hiking trough the coconut forest and beautiful views to the ocean until one of the most amazing beaches in Dominican Republic. Fronton Beach.<\/p>\n<p>&nbsp;<\/p>\n<p><strong>Seleccione a data para a xira:\u00a0<\/strong><\/p>","protected":false},"featured_media":337,"template":"","meta":[],"product_brand":[],"product_cat":[96,124],"product_tag":[206,225,132,133,146,226],"class_list":{"0":"post-11331","1":"product","2":"type-product","3":"status-publish","4":"has-post-thumbnail","6":"product_cat-hiking","7":"product_cat-tours-excursions-samana-bay-dominican-republic","8":"product_tag-caves-los-haitises","9":"product_tag-las-terrenas","10":"product_tag-los-haitises","11":"product_tag-los-haitises-national-park","12":"product_tag-mangroves-los-haitises","13":"product_tag-transportation-los-haitises","15":"first","16":"instock","17":"sale","18":"virtual","19":"sold-individually","20":"purchasable","21":"product-type-simple"},"_links":{"self":[{"href":"https:\/\/haitises.com\/gl\/wp-json\/wp\/v2\/product\/11331","targetHints":{"allow":["GET"]}}],"collection":[{"href":"https:\/\/haitises.com\/gl\/wp-json\/wp\/v2\/product"}],"about":[{"href":"https:\/\/haitises.com\/gl\/wp-json\/wp\/v2\/types\/product"}],"wp:featuredmedia":[{"embeddable":true,"href":"https:\/\/haitises.com\/gl\/wp-json\/wp\/v2\/media\/337"}],"wp:attachment":[{"href":"https:\/\/haitises.com\/gl\/wp-json\/wp\/v2\/media?parent=11331"}],"wp:term":[{"taxonomy":"product_brand","embeddable":true,"href":"https:\/\/haitises.com\/gl\/wp-json\/wp\/v2\/product_brand?post=11331"},{"taxonomy":"product_cat","embeddable":true,"href":"https:\/\/haitises.com\/gl\/wp-json\/wp\/v2\/product_cat?post=11331"},{"taxonomy":"product_tag","embeddable":true,"href":"https:\/\/haitises.com\/gl\/wp-json\/wp\/v2\/product_tag?post=11331"}],"curies":[{"name":"wp","href":"https:\/\/api.w.org\/{rel}","templated":true}]}}