{"id":10885,"date":"2020-07-14T02:35:41","date_gmt":"2020-07-14T02:35:41","guid":{"rendered":"http:\/\/haitises.com\/?post_type=product&#038;p=10885"},"modified":"2024-04-16T01:40:10","modified_gmt":"2024-04-16T01:40:10","slug":"excursion-de-ballenas-2021-desde-los-hoteles-de-punta-cana-a-la-bahia-de-samana-cayo-levantado-bacardi-island","status":"publish","type":"product","link":"https:\/\/haitises.com\/gl\/privado\/excursion-de-ballenas-2021-desde-los-hoteles-de-punta-cana-a-la-bahia-de-samana-cayo-levantado-bacardi-island\/","title":{"rendered":"Whale Excursion 2022 desde os hoteis de Punta Cana ata a bah\u00eda de Saman\u00e1 + Cayo Levantado (illa Bacardi)."},"content":{"rendered":"<div class=\"vc_row wpb_row vc_row-fluid\" ><div class=\"wpb_column vc_column_container vc_col-sm-12\"><div class=\"vc_column-inner\"><div class=\"wpb_wrapper\">[mkdf_section_title title_tag=\u00bb\u00bb disable_break_words=\u00bbno\u00bb subtitle_tag=\u00bb\u00bb title=\u00bbExcursi\u00f3n de Ballenas 2021 desde Punta Cana a la Bah\u00eda de Saman\u00e1\u00bb subtitle=\u00bbRecogida en hoteles + Cayo Levantado (Bacardi Island).\u00bb]<\/div><\/div><\/div><\/div><div class=\"vc_row wpb_row vc_row-fluid\" ><div class=\"wpb_column vc_column_container vc_col-sm-12\"><div class=\"vc_column-inner\"><div class=\"wpb_wrapper\">\n\t<div class=\"wpb_text_column wpb_content_element\" >\n\t\t<div class=\"wpb_wrapper\">\n\t\t\t<div class=\"vc_row wpb_row vc_row-fluid\">\n<div class=\"wpb_column vc_column_container vc_col-sm-12\">\n<div class=\"vc_column-inner\">\n<div class=\"wpb_wrapper\">\n<div class=\"wpb_text_column wpb_content_element\">\n<div class=\"wpb_wrapper\">\n<div class=\"vc_row wpb_row vc_row-fluid\">\n<div class=\"wpb_column vc_column_container vc_col-sm-12\">\n<div class=\"vc_column-inner\">\n<div class=\"wpb_wrapper\">\n<div class=\"wpb_text_column wpb_content_element\">\n<div class=\"wpb_wrapper\"><\/div>\n<\/div>\n<\/div>\n<\/div>\n<\/div>\n<\/div>\n<\/div>\n<\/div>\n<\/div>\n<\/div>\n<\/div>\n<\/div>\n<div class=\"vc_row wpb_row vc_row-fluid\">\n<div class=\"wpb_column vc_column_container vc_col-sm-12\">\n<div class=\"vc_column-inner\">\n<div class=\"wpb_wrapper\">\n<div class=\"wpb_text_column wpb_content_element\">\n<div class=\"wpb_wrapper\">\n<h3>Descrici\u00f3n<\/h3>\n<p>Ballena Punta Cana, avistamiento de ballenas en la Bah\u00eda de Saman\u00e1 y visita Cayo Levantado durante esta excursi\u00f3n de d\u00eda completo desde los hoteles de Punta Cana. Viaje a la bah\u00eda de Saman\u00e1 a bordo de un c\u00f3modo autob\u00fas con aire acondicionado, luego transfiera a un catamar\u00e1n en barco en Miches. Navegue en aguas abiertas para buscar las manadas de ballenas jorobadas que visitan para reproducirse y tener sus cr\u00edas en el \u00e1rea. Aprenda sobre el comportamiento y la biolog\u00eda de estos mam\u00edferos marinos de su gu\u00eda experto naturalista. Contin\u00fae hacia Cayo Levantado, o la isla Bacardi, para almorzar en la playa y darse un chapuz\u00f3n en las aguas azules antes de regresar a Punta Cana.<\/p>\n<p><strong>Nota:<\/strong> Este recorrido puede incluir o no la parada en la cascada de Lim\u00f3n. Para reservar el mismo viaje con las cascadas, HAGA CLIC AQU\u00cd.<\/p>\n<ul>\n<li>Observaci\u00f3n de baleas<\/li>\n<li>Entradas para o Observatorio<\/li>\n<li>Incl\u00fae xantar buffet na praia.<\/li>\n<li>Transferencia de barco<\/li>\n<li>Traslado desde los hoteles de Punta Cana<\/li>\n<li>O capit\u00e1n proporciona instruci\u00f3ns e supervisi\u00f3n.<\/li>\n<li>Gu\u00eda tur\u00edstico<\/li>\n<\/ul>\n<h3>Inclusi\u00f3ns e exclusi\u00f3ns<\/h3>\n<h4>Inclusi\u00f3ns<\/h4>\n<ol>\n<li>Xantar buffet na praia.<\/li>\n<li>Gu\u00eda tur\u00edstico<\/li>\n<li>Paseo en catamar\u00e1n ou barco<\/li>\n<li>Todos os impostos, taxas e gastos de xesti\u00f3n<\/li>\n<li>Impostos locais<\/li>\n<li>Bebidas<\/li>\n<\/ol>\n<h4>Exclusi\u00f3ns<\/h4>\n<ol>\n<li>Consellos<\/li>\n<\/ol>\n<h3><em>Sa\u00edda e volta<\/em><\/h3>\n<p>Ofr\u00e9cese a recollida do hotel para este percorrido. Nas notas, simplemente escriba o nome do hotel para a recollida. Recollemos en todos os hoteis de Punta Cana.<\/p>\n<h3>Observaci\u00f3n de Ballenas 2021 en Punta Cana a la Bah\u00eda de Saman\u00e1 + Cayo Levantado (Isla Bacardi) desde los hoteles.<\/h3>\n<h3><em>Que esperar?<\/em><\/h3>\n<p>Ac\u00e9rquese a los gentiles gigantes del mar de la Rep\u00fablica Dominicana durante esta excursi\u00f3n de observaci\u00f3n de ballenas jorobadas de 12 horas en la Bah\u00eda de S\u00e1mana. Pase un d\u00eda inolvidable observando las miles de ballenas que acuden a la isla cada a\u00f1o para aparearse, alimentarse y jugar en sus c\u00e1lidas aguas tropicales. Al observar estas hermosas criaturas, disfrutar\u00e1 de una visi\u00f3n \u00fanica de su gu\u00eda experto en observaci\u00f3n de ballenas. Termine el d\u00eda con un almuerzo incluido y tiempo en la playa en la hermosa isla de Cayo Levantado. El transporte de ida y vuelta al hotel tambi\u00e9n est\u00e1 incluido.<\/p>\n<p>Desde las 9:00 am hasta las 12: 00-mediod\u00eda Observatorio de avistamiento de ballenas y despu\u00e9s de este viaje visitaremos la isla Bacardi \/ Cayo Levantado. En la isla de Bacardi, se proporcionar\u00e1 un almuerzo buffet de estilo t\u00edpico dominicano (arroz, frijoles, pescado, ensaladas &#8230;). Cuando termina el almuerzo, se le permite nadar hasta las 4:30 p.m. El recorrido finalizar\u00e1 a las 5:00 pm en el mismo puerto desde donde comenzar\u00e1 a bordo de nuestro catamar\u00e1n y su autob\u00fas de regreso a los hoteles de Punta Cana.<\/p>\n<p>Este recorrido puede incluir o no la parada en la cascada de Lim\u00f3n. Para reservar el mismo viaje con las cascadas, HAGA CLIC AQU\u00cd.<\/p>\n<p><strong>Horario:<\/strong><\/p>\n<ul>\n<li>6:00 \u2013 7:00 Recollida de clientes dos diferentes hoteis.<\/li>\n<li>07:00 Sa\u00edda a Las Canitas en Sabana de la Mar<\/li>\n<li>08:15 Chegada ao peirao privado<\/li>\n<li>08:15 \u2013 8:40 Hora do almorzo (bocadillos, muffins, t\u00e9, caf\u00e9, zumes)<\/li>\n<li>8:45 Embarque para comezar a nosa viaxe ao santuario de baleas jorobadas en Saman\u00e1<\/li>\n<li>11:00 Busca das baleas durante un per\u00edodo de 45 minutos. Este \u00e9 o momento seguido polas normas gobernamentais.<\/li>\n<li>11:45 Dir\u00edxese a Cayo Levantado na ba\u00eda de Saman\u00e1<\/li>\n<li>12:30 Chegada a Cayo Levantado<\/li>\n<li>13:00 Hora de xantar (xantar buffet, t\u00edpico dominicano) *<\/li>\n<li>13:45 \u2013 15:30 Tempo libre en Cayo Levantado<\/li>\n<li>15:00 \u2013 15:45 A bordo de novo cara a Miches<\/li>\n<li>17:00 Chegada a Miches e sa\u00edda aos hoteis de Punta Cana<\/li>\n<li>19:30 \u2013 20:00 Chegada aos hoteis de Punta Cana<\/li>\n<\/ul>\n<p><strong>* Men\u00fa de xantar (t\u00edpico dominicano)<\/strong><br \/>\nArroz, polo \u00e1 prancha ou peixe \u00e1 prancha, ensalada, verduras, froita fresca.<\/p>\n<p>*Os clientes que opten por engadir a parada na Fervenza do Lim\u00f3n despois da observaci\u00f3n de baleas trasladaranse \u00e1 fervenza e ter\u00e1n menos tempo para pasar en Cayo Levantado.<\/p>\n<p>Este recorrido puede incluir o no la parada en la cascada de Lim\u00f3n. Para reservar el mismo viaje con las cascadas, HAGA CLIC AQU\u00cd.<\/p>\n<h3><em>Que debes traer?<\/em><\/h3>\n<ul>\n<li>C\u00e1mara<\/li>\n<li>Repelentes<\/li>\n<li>protector solar<\/li>\n<li>Sombreiro<\/li>\n<li>Pantal\u00f3ns c\u00f3modos<\/li>\n<li>Sandalias \u00e1 praia<\/li>\n<li>Traxe de ba\u00f1o<\/li>\n<li>Efectivo para recuerdos<\/li>\n<\/ul>\n<h3><em>Recollida no hotel<\/em><\/h3>\n<p>Ofr\u00e9cese a recollida do hotel para este percorrido. Nas notas, simplemente escriba o nome do hotel para a recollida. Recollemos en todos os hoteis de Punta Cana.<\/p>\n<p><strong>Nota:<\/strong> Se reservas dentro das 24 horas da hora de sa\u00edda da excursi\u00f3n\/excursi\u00f3n, podemos organizar a recollida do hotel. Unha vez completada a compra, enviar\u00e9mosche a informaci\u00f3n de contacto completa (n\u00famero de tel\u00e9fono, enderezo de correo electr\u00f3nico, etc.) para que o noso gu\u00eda tur\u00edstico local organice a recollida.<\/p>\n<h3><em>Confirmaci\u00f3n de informaci\u00f3n adicional<\/em><\/h3>\n<ul>\n<li>As entradas son o Recibo despois de pagar este Tour. Podes mostrar o pago no teu tel\u00e9fono.<\/li>\n<li>O punto de encontro ser\u00e1 recibido despois do proceso de reserva.<\/li>\n<li>Os nenos deben ir acompa\u00f1ados dun adulto.<\/li>\n<li>Accesible en cadeira de rodas<\/li>\n<li>Os beb\u00e9s deben sentarse no colo<\/li>\n<li>Poden participar a maior\u00eda dos viaxeiros.<\/li>\n<\/ul>\n<h3><em>Pol\u00edtica de cancelaci\u00f3n<\/em><\/h3>\n<p>Para un reembolso completo, cancela polo menos 24 horas antes da data de inicio da experiencia.<\/p>\n<h4>Contacta connosco!<br \/>\nTOUR DA BALEA SAMANA<\/h4>\n<p><em>Gu\u00edas tur\u00edsticos <strong>local<\/strong> e <strong>nacional<\/strong> e servizos para h\u00f3spedes<\/em><\/p>\n<p>Reservas: Tours e Excursi\u00f3ns en Rep. Dom.<\/p>\n<p>Tel\u00e9fono\/Whatsapp +1-809-720-6035.<\/p>\n<p>info@bookingadventures.com.do<\/p>\n<p>Somos flexibles Configurando tours privados por <strong>WhatsApp:\u00a0<a href=\"tel:+18097206035\">+18097206035.<\/a><\/strong><\/p>\n<\/div>\n<\/div>\n<\/div>\n<\/div>\n<\/div>\n<\/div>\n\n\t\t<\/div>\n\t<\/div>\n<\/div><\/div><\/div><\/div>","protected":false},"excerpt":{"rendered":"<p>Desde los hoteles de Punta Cana, disfrutaremos de los hermosos paisajes de la Cordillera Oriental mientras conducimos hacia el norte de Punta Cana antes de llegar al peque\u00f1o pueblo pesquero de Miches, en la costa sur de la Bah\u00eda de Saman\u00e1. All\u00ed podr\u00e1 disfrutar de un desayuno r\u00e1pido antes de abordar el barco a Saman\u00e1. Navegaremos profundamente en la bah\u00eda para observar ballenas. Primero llegaremos a Cayo Levantado, tambi\u00e9n conocida como la isla de Bacardi debido a su parecido cercano a las playas que el ron Bacardi alguna vez utiliz\u00f3 para sus famosos comerciales. Cayo Levantado es un oasis tropical: una peque\u00f1a isla en medio del oc\u00e9ano con aguas turquesas y arenas blancas.<\/p>\n<p>Este recorrido puede incluir o no la parada en la cascada de Lim\u00f3n. Para reservar el mismo viaje con las cascadas, HAGA CLIC AQU\u00cd.<\/p>\n<p><strong>Seleccione a data da excursi\u00f3n:<\/strong><\/p>","protected":false},"featured_media":497,"template":"","meta":[],"product_brand":[],"product_cat":[443,259,124,232],"product_tag":[390,137,162,364,260,345,201,141,391,228,147,392,357,271,393,234,280,394,236,395],"class_list":{"0":"post-10885","1":"product","2":"type-product","3":"status-publish","4":"has-post-thumbnail","6":"product_cat-tours-y-excursiones-es","7":"product_cat-tours-excursions-punta-cana-dominican-republic","8":"product_cat-tours-excursions-samana-bay-dominican-republic","9":"product_cat-whale-watching-samana","10":"product_tag-390","11":"product_tag-bacardi-island","12":"product_tag-cayo-levantado-day-pass","13":"product_tag-cheap-punta-cana-excursions","14":"product_tag-day-trip-punta-cana","15":"product_tag-half-day-whale-watching-miches","16":"product_tag-private-tours-samana","17":"product_tag-punta-cana","18":"product_tag-punta-cana-activities","19":"product_tag-punta-cana-tours","20":"product_tag-samana-bay","21":"product_tag-samana-day-trip","22":"product_tag-samana-day-trip-from-punta-cana","23":"product_tag-samana-whale-watching","24":"product_tag-whale-punta-cana","25":"product_tag-whale-samana","26":"product_tag-whale-watching-2020","27":"product_tag-whale-watching-2020-in-punta-cana-to-samana-bay-cayo-levantado-bacardi-island-from-hotels","28":"product_tag-whale-watching-dominican-republic","29":"product_tag-whale-watching-punta-cana","31":"first","32":"instock","33":"sale","34":"sold-individually","35":"shipping-taxable","36":"product-type-external"},"_links":{"self":[{"href":"https:\/\/haitises.com\/gl\/wp-json\/wp\/v2\/product\/10885","targetHints":{"allow":["GET"]}}],"collection":[{"href":"https:\/\/haitises.com\/gl\/wp-json\/wp\/v2\/product"}],"about":[{"href":"https:\/\/haitises.com\/gl\/wp-json\/wp\/v2\/types\/product"}],"wp:featuredmedia":[{"embeddable":true,"href":"https:\/\/haitises.com\/gl\/wp-json\/wp\/v2\/media\/497"}],"wp:attachment":[{"href":"https:\/\/haitises.com\/gl\/wp-json\/wp\/v2\/media?parent=10885"}],"wp:term":[{"taxonomy":"product_brand","embeddable":true,"href":"https:\/\/haitises.com\/gl\/wp-json\/wp\/v2\/product_brand?post=10885"},{"taxonomy":"product_cat","embeddable":true,"href":"https:\/\/haitises.com\/gl\/wp-json\/wp\/v2\/product_cat?post=10885"},{"taxonomy":"product_tag","embeddable":true,"href":"https:\/\/haitises.com\/gl\/wp-json\/wp\/v2\/product_tag?post=10885"}],"curies":[{"name":"wp","href":"https:\/\/api.w.org\/{rel}","templated":true}]}}