{"id":11663,"date":"2023-10-04T07:40:09","date_gmt":"2023-10-04T07:40:09","guid":{"rendered":"http:\/\/haitises.com\/?post_type=product&#038;p=11663"},"modified":"2024-03-29T17:05:37","modified_gmt":"2024-03-29T17:05:37","slug":"heale-moanne-miches-heale-moanne-natuerlik-swimbad-heale-dei-pass-en-snorkeljen-3","status":"publish","type":"product","link":"https:\/\/haitises.com\/fy\/privee\/heale-moanne-miches-heale-moanne-natuerlik-swimbad-heale-dei-pass-en-snorkeljen-3\/","title":{"rendered":"Media Luna Miches (Heal-Moon) Natuerlike Pool Half - Day Pass en Snorkeling"},"content":{"rendered":"<div class=\"vc_row wpb_row vc_row-fluid\" ><div class=\"wpb_column vc_column_container vc_col-sm-12\"><div class=\"vc_column-inner\"><div class=\"wpb_wrapper\">[mkdf_section_title title_tag=\u00bb\u00bb disable_break_words=\u00bbno\u00bb subtitle_tag=\u00bb\u00bb title=\u00bbMedia Luna Miches (Half-Moon)\u00bb subtitle=\u00bbHalf &#8211; Day Pass and Snorkeling &amp; Swimming at the Natural Pool\u00bb]<\/div><\/div><\/div><\/div><div class=\"vc_row wpb_row vc_row-fluid\" ><div class=\"wpb_column vc_column_container vc_col-sm-12\"><div class=\"vc_column-inner\"><div class=\"wpb_wrapper\"><div class=\"vc_empty_space\"   style=\"height: 32px\"><span class=\"vc_empty_space_inner\"><\/span><\/div><\/div><\/div><\/div><\/div><div class=\"vc_row wpb_row vc_row-fluid\" ><div class=\"wpb_column vc_column_container vc_col-sm-12\"><div class=\"vc_column-inner\"><div class=\"wpb_wrapper\"><div class=\"vc_btn3-container vc_btn3-inline\" ><button class=\"vc_general vc_btn3 vc_btn3-size-md vc_btn3-shape-rounded vc_btn3-style-modern vc_btn3-color-green\">BOEK NU<\/button><\/div>\n\t<div class=\"wpb_text_column wpb_content_element\" >\n\t\t<div class=\"wpb_wrapper\">\n\t\t\t<h4><b><i>Oersicht <\/i><\/b><\/h4>\n<p><span style=\"font-weight: 400;\">As jo hjir binne of fan plan binne nei de Dominikaanske Republyk te kommen, moatte jo dit geweldige plak &#039;&#039;Half Moon&#039;&#039; (Media Luna) net misse mei lunch ynbegrepen, dit is in kostber natuerlik swimbad yn &#039;e oseaan fersierd troch syn riffen , koralen en wyt s\u00e2n. <\/span><\/p>\n<p><span style=\"font-weight: 400;\">Dit is it plak w\u00ear&#039;t wy genietsje kinne fan swimmen, sjen en \u00fbnderwetterfoto&#039;s meitsje. It is tastien om foto&#039;s te meitsjen fan of mei de seestjerren yn har natuerlike habitat.<\/span><\/p>\n<p>&nbsp;<\/p>\n<ul>\n<li>Boatferfier nei Media Luna<\/li>\n<li style=\"font-weight: 400;\"><span style=\"font-weight: 400;\">De kaptein jout ynstruksje en tafersjoch<\/span><\/li>\n<\/ul>\n<p>&nbsp;<\/p>\n<h4><b>Ynklusjes &amp; \u00fatslutings<\/b><\/h4>\n<p>&nbsp;<\/p>\n<p><b>Inclusions<\/b><\/p>\n<ol>\n<li style=\"font-weight: 400;\"><span style=\"font-weight: 400;\">Alle belestingen, fergoedings en \u00f4fhannelingskosten<\/span><\/li>\n<li style=\"font-weight: 400;\"><span style=\"font-weight: 400;\">Lokale belestingen<\/span><\/li>\n<li style=\"font-weight: 400;\"><span style=\"font-weight: 400;\">Beverages<\/span><\/li>\n<\/ol>\n<p><b> \u00datslutings<\/b><\/p>\n<ol>\n<li style=\"font-weight: 400;\"><span style=\"font-weight: 400;\">Gratuities<\/span><\/li>\n<li style=\"font-weight: 400;\"><span style=\"font-weight: 400;\">Oerdracht auto<\/span><\/li>\n<li>Lunch<\/li>\n<li style=\"font-weight: 400;\"><span style=\"font-weight: 400;\">Alcoholic Drinks<\/span><\/li>\n<li>Local Guide<\/li>\n<\/ol>\n<p>&nbsp;<\/p>\n<h4><em><strong>Fertrek &amp; werom<\/strong><\/em><\/h4>\n<p><span style=\"font-weight: 400;\">De reizger sil in moetingspunt krije nei it reservearringsproses. Tours begjinne en einige yn \u00fas moetingspunten.<\/span><\/p>\n<p>&nbsp;<\/p>\n<h3>Media Luna Miches (Heal-Moon) Natuerlike Pool Half - Day Pass en Snorkeling<\/h3>\n<h4><b><i>Wat te ferwachtsjen?<\/i><\/b><\/h4>\n<p>&nbsp;<\/p>\n<p>Bewarje jo kaartsjes om mei \u00fas te kommen en Half Moon te besykjen en genietsje fan in typyske lunch yn Miches-mienskip. Dizze ekskurzje fertrekt Miches w\u00eartroch de steiger nei it westen mooglik makket fan w\u00ear&#039;t wy oan board komme fan moderne katamarans en speedboaten, dyjingen dy&#039;t it autorisearre ferfier hawwe lisinsje om te operearjen yn it toeristyske gebiet. Om by de haadput te kommen moatte jo troch in doalh\u00f4f fan wetter rinne, omj\u00fbn troch s\u00e2nplaten.<\/p>\n<p>Nimmen kin \u00fbntkomme nei it learen fan dizze wetterboarne mei toeristyske attraksje yn Miches, dit is it ienige plak yn it gebiet, w\u00ear&#039;t toeristen en fak\u00e2nsjegongers kinne genietsje en de stjerren en fisken fan grutte grutte kinne botte. It is in plak d\u00ear&#039;t it wetterpeil \u00f4fhinklik is fan de hoarizon fan de tij of seestreamen, dy&#039;t as it heech is djipper wurdt en as it leech is, de trochstreaming fan it swimbad \u00f4fnimt. Troch ferburgen te w\u00eazen en de tagong te w\u00eazen troch de see, makket it in magysk en faam plak, foar dyjingen dy&#039;t it besykje net te ferlitten. Hjir binne d&#039;r gjin beammen om te sk\u00fbljen fan &#039;e sinne, mar it wetter is k\u00e2ld troch cradle of rocking passaatwynen yn it gebiet. It kin gearfette wurde dat it in natuerlike lagune is yn &#039;e Atlantyske Oseaan, dy&#039;t syn namme te tankjen hat oan dat fan boppen waarnommen liket op in heale maan.<\/p>\n<p>De pleatslike befolking neame it ek as Cayo de la Media Luna, foarme troch koraalriffen en wyt s\u00e2n, fan kristallijn wetter oeral stippele om natuerlike weagen te brekken, dy&#039;t har wetter kalmearje. As it tij stabyl is, is de djipte net mear as trije fuotten, wat makket dat bern en folwoeksenen genietsje fan dit himelske plak fan s\u00e2ltwetter.<\/p>\n<p><strong>Tiidskema:<\/strong><\/p>\n<p>8:45 AM - 1:30 PM<\/p>\n<p>&nbsp;<\/p>\n<h4><em><strong>Wat moatte jo bringe?<\/strong><\/em><\/h4>\n<ul>\n<li style=\"font-weight: 400;\"><span style=\"font-weight: 400;\">kamera<\/span><\/li>\n<li style=\"font-weight: 400;\"><span style=\"font-weight: 400;\">Repellent knoppen<\/span><\/li>\n<li style=\"font-weight: 400;\"><span style=\"font-weight: 400;\">sinnebr\u00e2n<\/span><\/li>\n<li style=\"font-weight: 400;\"><span style=\"font-weight: 400;\">Hoed<\/span><\/li>\n<li style=\"font-weight: 400;\"><span style=\"font-weight: 400;\">Komfortabele broek<\/span><\/li>\n<li style=\"font-weight: 400;\"><span style=\"font-weight: 400;\">Hiking skuon foar bosk<\/span><\/li>\n<li style=\"font-weight: 400;\"><span style=\"font-weight: 400;\">Sandalen nei it str\u00e2n<\/span><\/li>\n<li style=\"font-weight: 400;\"><span style=\"font-weight: 400;\">Swimklean<\/span><\/li>\n<li>Cash foar souvenirs<\/li>\n<\/ul>\n<p>&nbsp;<\/p>\n<h4><b><i>Hotel Pickup <\/i><\/b><\/h4>\n<p><span style=\"font-weight: 400;\">Hotel pick-up wurdt net oanbean foar dizze tour. <\/span><\/p>\n<p>&nbsp;<\/p>\n<p><b>Noat:<\/b><span style=\"font-weight: 400;\"> As jo binne boekt binnen 24 oeren fan de tour \/ Ekskurzje fertrek tiid, kinne wy regelje hotel pick-up mei ekstra Charges. Sadree&#039;t jo oankeap is folt\u00f4ge, stjoere wy jo folsleine kontaktynformaasje (tillefoann\u00fbmer, e-mailadres, ensfh.)<\/span><\/p>\n<h4><b><i>Oanfoljende Info Bef\u00eastiging <\/i><\/b><\/h4>\n<ol>\n<li>Kaarten binne de \u00fbntfangst nei it beteljen fan dizze Tour. Jo kinne de betelling sjen litte op jo tillefoan.<\/li>\n<li style=\"font-weight: 400;\"><span style=\"font-weight: 400;\">Treffpunt sil wurde \u00fbntfongen nei it reservearringsproses.<\/span><\/li>\n<li style=\"font-weight: 400;\"><span style=\"font-weight: 400;\">Bern moatte wurde begelaat troch in folwoeksene.<\/span><\/li>\n<li style=\"font-weight: 400;\"><span style=\"font-weight: 400;\">rolstoel tagonklik <\/span><\/li>\n<li style=\"font-weight: 400;\"><span style=\"font-weight: 400;\">Bern moatte op skoot sitte <\/span><\/li>\n<li style=\"font-weight: 400;\"><span style=\"font-weight: 400;\">De measte reizgers kinne meidwaan<\/span><\/li>\n<\/ol>\n<h4><b><i>Cancellation Policy<\/i><\/b><\/h4>\n<p>L\u00eas asjebleaft \u00fas Annuleringsbelied foar in folsleine weromjefte\u00a0<a href=\"https:\/\/www.ticketswhales.com\/online-booking\/\" target=\"_blank\" rel=\"noopener\" data-saferedirecturl=\"https:\/\/www.google.com\/url?q=https:\/\/www.ticketswhales.com\/online-booking\/&amp;source=gmail&amp;ust=1672532492004000&amp;usg=AOvVaw3ylqI1cdbIPTimEqEWneyd\">Klik hjir<\/a>. F\u00fbnsen sille ferlern gean as de reservearring deselde dei fan &#039;e reis wurdt annulearre.<\/p>\n\n\t\t<\/div>\n\t<\/div>\n<\/div><\/div><\/div><\/div><div class=\"vc_row wpb_row vc_row-fluid\" ><\/div><div class=\"wpb_column vc_column_container vc_col-sm-12\"><div class=\"vc_column-inner\"><div class=\"wpb_wrapper\"><\/div><\/div><\/div><div class=\"vc_empty_space\"   style=\"height: 32px\"><span class=\"vc_empty_space_inner\"><\/span><\/div><div class=\"vc_empty_space\"   style=\"height: 32px\"><span class=\"vc_empty_space_inner\"><\/span><\/div><div class=\"vc_row wpb_row vc_row-fluid\" ><\/div><div class=\"wpb_column vc_column_container vc_col-sm-12\"><div class=\"vc_column-inner\"><div class=\"wpb_wrapper\"><\/div><\/div><\/div><div class=\"vc_row wpb_row vc_row-fluid\" ><div class=\"wpb_column vc_column_container vc_col-sm-12\"><div class=\"vc_column-inner\"><div class=\"wpb_wrapper\"><div class=\"vc_btn3-container vc_btn3-inline\" ><button class=\"vc_general vc_btn3 vc_btn3-size-md vc_btn3-shape-rounded vc_btn3-style-modern vc_btn3-color-green\">BOEK NU<\/button><\/div><\/div><\/div><\/div><\/div>","protected":false},"excerpt":{"rendered":"<p><span style=\"vertical-align: inherit;\"><span style=\"vertical-align: inherit;\">Media Luna Miches (Media Luna) Healdei pass en snorkeljen yn it natuerlike swimbad. <\/span><span style=\"vertical-align: inherit;\">Besykje Saman\u00e1 Bay \u00fat Miches mei lokale befolking en swim yn &#039;e midden fan Saman\u00e1 Bay. <\/span><span style=\"vertical-align: inherit;\">Lytse koraalrifgebieten om te ferkennen en te snorkeljen. <\/span><span style=\"vertical-align: inherit;\">Media Luna is in nije attraksje yn &#039;e Dominikaanske Republyk.<\/span><\/span><\/p>\n<p><em><strong><span style=\"vertical-align: inherit;\"><span style=\"vertical-align: inherit;\">Selektearje de toerdatum:<\/span><\/span><\/strong><\/em><\/p>","protected":false},"featured_media":443,"template":"","meta":[],"product_brand":[],"product_cat":[571,98,347,122,123,124],"product_tag":[138,288,294,131,348,349,346,350,351,352,353,142,147,148,143,354,355],"class_list":{"0":"post-11663","1":"product","2":"type-product","3":"status-publish","4":"has-post-thumbnail","6":"product_cat-1-samana","7":"product_cat-local-tour-guides","8":"product_cat-media-luna-miches","9":"product_cat-tours-and-excursions","10":"product_cat-tours-excursions-los-haitises-national-park","11":"product_cat-tours-excursions-samana-bay-dominican-republic","12":"product_tag-beach-time","13":"product_tag-cayo-arena","14":"product_tag-cayo-arena-samana","15":"product_tag-locals-guides","16":"product_tag-media-luna-el-seibo","17":"product_tag-media-luna-in-miches","18":"product_tag-media-luna-miches","19":"product_tag-media-luna-snorkeling","20":"product_tag-miches-hoteles","21":"product_tag-miches-montana-redonda","22":"product_tag-playa-esmeralda-miches","23":"product_tag-samana","24":"product_tag-samana-bay","25":"product_tag-samana-excursions","26":"product_tag-samana-tours","27":"product_tag-snorkeling","28":"product_tag-snorkeling-miches-media-luna","30":"first","31":"instock","32":"sale","33":"featured","34":"sold-individually","35":"shipping-taxable","36":"product-type-external"},"_links":{"self":[{"href":"https:\/\/haitises.com\/fy\/wp-json\/wp\/v2\/product\/11663","targetHints":{"allow":["GET"]}}],"collection":[{"href":"https:\/\/haitises.com\/fy\/wp-json\/wp\/v2\/product"}],"about":[{"href":"https:\/\/haitises.com\/fy\/wp-json\/wp\/v2\/types\/product"}],"wp:featuredmedia":[{"embeddable":true,"href":"https:\/\/haitises.com\/fy\/wp-json\/wp\/v2\/media\/443"}],"wp:attachment":[{"href":"https:\/\/haitises.com\/fy\/wp-json\/wp\/v2\/media?parent=11663"}],"wp:term":[{"taxonomy":"product_brand","embeddable":true,"href":"https:\/\/haitises.com\/fy\/wp-json\/wp\/v2\/product_brand?post=11663"},{"taxonomy":"product_cat","embeddable":true,"href":"https:\/\/haitises.com\/fy\/wp-json\/wp\/v2\/product_cat?post=11663"},{"taxonomy":"product_tag","embeddable":true,"href":"https:\/\/haitises.com\/fy\/wp-json\/wp\/v2\/product_tag?post=11663"}],"curies":[{"name":"wp","href":"https:\/\/api.w.org\/{rel}","templated":true}]}}