{"id":11620,"date":"2023-10-04T07:39:44","date_gmt":"2023-10-04T07:39:44","guid":{"rendered":"http:\/\/haitises.com\/?post_type=product&#038;p=11620"},"modified":"2024-04-02T16:46:23","modified_gmt":"2024-04-02T16:46:23","slug":"salto-la-jalda-hiking-and-swimming","status":"publish","type":"product","link":"https:\/\/haitises.com\/fy\/privee\/salto-la-jalda-hiking-and-swimming\/","title":{"rendered":"La Jalda Falls (kuierje en swimmen)"},"content":{"rendered":"<div class=\"vc_row wpb_row vc_row-fluid\" ><div class=\"wpb_column vc_column_container vc_col-sm-12\"><div class=\"vc_column-inner\"><div class=\"wpb_wrapper\">[mkdf_section_title title_tag=\u00bb\u00bb disable_break_words=\u00bbno\u00bb subtitle_tag=\u00bb\u00bb text_font_weight=\u00bb\u00bb title=\u00bbSalto de la Jalda National Park\u00bb subtitle=\u00bbThe highest Waterfall in Caribbean 272 feet\u00bb text=\u00bbHike or Horses Riding.\u00bb]<\/div><\/div><\/div><\/div><div class=\"vc_row wpb_row vc_row-fluid\" ><div class=\"wpb_column vc_column_container vc_col-sm-12\"><div class=\"vc_column-inner\"><div class=\"wpb_wrapper\"><div class=\"vc_btn3-container vc_btn3-inline\" ><button class=\"vc_general vc_btn3 vc_btn3-size-md vc_btn3-shape-rounded vc_btn3-style-modern vc_btn3-color-green\">BOEK NU<\/button><\/div>\n\t<div class=\"wpb_text_column wpb_content_element\" >\n\t\t<div class=\"wpb_wrapper\">\n\t\t\t<h4><b><i>Oersicht <\/i><\/b><\/h4>\n<p>Dit is in privee toernee nei\u00a0<strong>Salto de la Jalda wetterfallen<\/strong> mei hynderriden of Hiking. Visiting cacao en Coffee bosk \u00fbnder Coconuts Palms Canopy. As jo by de wetterfallen oankomme, meie jo swimme en de tiid ynstelle mei jo lokale gids.<\/p>\n<p>Learje mei lokale befolking en krije in feilige reis. Krij jo tickets hjoed yn oanbod.<\/p>\n<p>&nbsp;<\/p>\n<ul>\n<li>Hynderriden of kuierjen<\/li>\n<li style=\"font-weight: 400;\"><span style=\"font-weight: 400;\">De gids jout ynstruksjes en tafersjoch<\/span><\/li>\n<li>Fergoedings foar it Nasjonaal Park<\/li>\n<\/ul>\n<p>&nbsp;<\/p>\n<h4><b>Ynklusjes &amp; \u00fatslutings<\/b><\/h4>\n<p>&nbsp;<\/p>\n<p><b>Inclusions<\/b><\/p>\n<ol>\n<li style=\"font-weight: 400;\"><span style=\"font-weight: 400;\">Hiking of Horse Riding Tour<\/span><\/li>\n<li style=\"font-weight: 400;\"><span style=\"font-weight: 400;\">Alle belestingen, fergoedings en \u00f4fhannelingskosten<\/span><\/li>\n<li style=\"font-weight: 400;\"><span style=\"font-weight: 400;\">Lokale belestingen<\/span><\/li>\n<li style=\"font-weight: 400;\"><span style=\"font-weight: 400;\">Beverages<\/span><\/li>\n<li style=\"font-weight: 400;\"><span style=\"font-weight: 400;\">Alle aktiviteiten<\/span><\/li>\n<li style=\"font-weight: 400;\"><span style=\"font-weight: 400;\">Lokale gids<\/span><\/li>\n<\/ol>\n<p><b> \u00datslutings<\/b><\/p>\n<ol>\n<li style=\"font-weight: 400;\"><span style=\"font-weight: 400;\">Gratuities<\/span><\/li>\n<li style=\"font-weight: 400;\"><span style=\"font-weight: 400;\">Oerdracht<\/span><\/li>\n<li>Lunch<\/li>\n<li style=\"font-weight: 400;\"><span style=\"font-weight: 400;\">Alcoholic Drinks<\/span><\/li>\n<\/ol>\n<p>&nbsp;<\/p>\n<h4><em><strong>Fertrek &amp; werom<\/strong><\/em><\/h4>\n<p><span style=\"font-weight: 400;\">De reizger sil in moetingspunt krije nei it reservearringsproses. Tours begjinne en einige yn \u00fas moetingspunten.<\/span><\/p>\n<p>&nbsp;<\/p>\n<h2>Hike Salto de la Jalda Nasjonaal Park<\/h2>\n<h4><b><i>Wat te ferwachtsjen?<\/i><\/b><\/h4>\n<p><em><strong>Krij jo kaartsjes<\/strong><\/em> foar it besykjen fan de heechste wetterfallen yn it Karibysk gebiet.\u00a0 <strong>De Jalda Falls<\/strong> Hiking hynsteride.<\/p>\n<p><span style=\"font-weight: 400;\">The tour, organized by \u00abBooking Adventures\u00bb starts at the meeting point set with the Tour Guide. <\/span>Om \u00fas toernee te begjinnen, treffe wy yn<strong> Savannah of the Sea<\/strong>. Then we get into the vehicle we drive 25 min to Magua Community. Where we will meet our local hiking guides. Living your vehicle in a safe parking place, we go on horse riding or on foot to the National Park Salto de La Jalda, with a time of three hours to arrive there.<\/p>\n<p>It paad bestiet \u00fat 6,5 kilometer, it is in lange \u00fbnderfining troch de Dominikaanske W\u00e2ld, Passing by Cacaos, Coconuts, en Coffee bosk. Yn \u00fas folsleine reis sille wy tichtby de rivier de Magua passe en dizze sawat 8 kear oerstekke s\u00fbnder folle muoite.<\/p>\n<p>Hast it hiele spoar hat it skaad fan in grutte hoemannichte kakaobosk plante foardat it gebiet wurdt ferklearre Salto de La Jalda National Park. Yn dit earste diel fan it ekotoerisme-aventoer kinne jo genietsje fan it liet fan &#039;e f\u00fbgels, it l\u00fbd fan wetterstreamen, it meast flakke terrein en alle griene fegetaasje.<\/p>\n<p>Neist de kakao yn it l\u00e2n fan it Nasjonaal Park fan La Jalda kinne jo ek kofjeplantaazjes sjen. Hast oankommen by de wetterfal stopje wy by de huzen fan parkwachters dy&#039;t l\u00e2nseigen binne yn &#039;e st\u00ead Magua, tawiisd oan it Nasjonaal Park fan Jalda. D\u00ear kinne jo nimme in koarte pauze, fan w\u00ear kinne jo sjen yn in algemien amazing werjefte fan de Salto de La Jalda.<\/p>\n<p>Wy sille trochgean oant de wetterfallen. swimme d\u00ear en nei in pear oeren werom nei de auto troch itselde spoar. Dit is in ekstreem aventoer. As jo gjin betingsten hawwe foar kuierjen, moatte jo it hynder ride.<\/p>\n<p>&nbsp;<\/p>\n<h4><em><strong>Wat moatte jo bringe?<\/strong><\/em><\/h4>\n<ul>\n<li style=\"font-weight: 400;\"><span style=\"font-weight: 400;\">kamera<\/span><\/li>\n<li style=\"font-weight: 400;\"><span style=\"font-weight: 400;\">Repellent knoppen<\/span><\/li>\n<li style=\"font-weight: 400;\"><span style=\"font-weight: 400;\">sinnebr\u00e2n<\/span><\/li>\n<li style=\"font-weight: 400;\"><span style=\"font-weight: 400;\">Hoed<\/span><\/li>\n<li style=\"font-weight: 400;\"><span style=\"font-weight: 400;\">Komfortabele broek<\/span><\/li>\n<li style=\"font-weight: 400;\"><span style=\"font-weight: 400;\">Hiking skuon foar bosk<\/span><\/li>\n<li style=\"font-weight: 400;\"><span style=\"font-weight: 400;\">Swimklean<\/span><\/li>\n<li>Ekstra wetterfles<\/li>\n<li>Lunch of snacks<\/li>\n<\/ul>\n<p>&nbsp;<\/p>\n<h4><b><i>Hotel Pickup <\/i><\/b><\/h4>\n<p><span style=\"font-weight: 400;\">Hotel pick-up wurdt net oanbean foar dizze tour. <\/span><\/p>\n<p>&nbsp;<\/p>\n<p><b>Noat:<\/b><span style=\"font-weight: 400;\"> As jo binne boekt binnen 24 oeren fan de tour \/ Ekskurzje fertrek tiid, kinne wy regelje hotel pick-up mei ekstra Charges. Sadree&#039;t jo oankeap is folt\u00f4ge, stjoere wy jo folsleine kontaktynformaasje (tillefoann\u00fbmer, e-mailadres, ensfh.)<\/span><\/p>\n<h4><b><i>Oanfoljende Info Bef\u00eastiging <\/i><\/b><\/h4>\n<ol>\n<li>Kaarten binne de \u00fbntfangst nei it beteljen fan dizze Tour. Jo kinne de betelling sjen litte op jo tillefoan.<\/li>\n<li style=\"font-weight: 400;\"><span style=\"font-weight: 400;\">Treffpunt sil wurde \u00fbntfongen nei it reservearringsproses.<\/span><\/li>\n<li style=\"font-weight: 400;\"><span style=\"font-weight: 400;\">Bern moatte wurde begelaat troch in folwoeksene.<\/span><\/li>\n<li style=\"font-weight: 400;\"><span style=\"font-weight: 400;\"> Net rolstoel tagonklik <\/span><\/li>\n<li style=\"font-weight: 400;\"><span style=\"font-weight: 400;\">Net Babys foar dizze reis binne tastien<\/span><\/li>\n<li style=\"font-weight: 400;\"><span style=\"font-weight: 400;\">Net oan te rieden foar reizgers mei r\u00eachproblemen<\/span><\/li>\n<li style=\"font-weight: 400;\"><span style=\"font-weight: 400;\">Net oan te rieden foar swiere reizgers <\/span><\/li>\n<li style=\"font-weight: 400;\"><span style=\"font-weight: 400;\"> Gjin hertproblemen of oare serieuze medyske omstannichheden <\/span><\/li>\n<li style=\"font-weight: 400;\"><span style=\"font-weight: 400;\">De measte reizgers kinne meidwaan<\/span><\/li>\n<\/ol>\n<h4><b><i>Cancellation Policy<\/i><\/b><\/h4>\n<p>L\u00eas asjebleaft \u00fas Annuleringsbelied foar in folsleine weromjefte\u00a0<a href=\"https:\/\/www.ticketswhales.com\/online-booking\/\" target=\"_blank\" rel=\"noopener\" data-saferedirecturl=\"https:\/\/www.google.com\/url?q=https:\/\/www.ticketswhales.com\/online-booking\/&amp;source=gmail&amp;ust=1672449202351000&amp;usg=AOvVaw1yAeVAPktmaVCqDujgUn90\">Klik hjir<\/a>. Funds will be lost if the reservation is canceled the same day of the trip.<\/p>\n\n\t\t<\/div>\n\t<\/div>\n<\/div><\/div><\/div><\/div><div class=\"vc_row wpb_row vc_row-fluid\" ><div class=\"wpb_column vc_column_container vc_col-sm-12\"><div class=\"vc_column-inner\"><div class=\"wpb_wrapper\">\n\t<div class=\"wpb_text_column wpb_content_element\" >\n\t\t<div class=\"wpb_wrapper\">\n\t\t\t<h4>Kontakt mei \u00fas opnimme?<\/h4>\n<h5><em><strong>Booking Adventures<\/strong><\/em><\/h5>\n<p><em><strong>Locals<\/strong> en <strong>Nationals<\/strong> Tour Guides &amp; Gast Tsjinsten<\/em><\/p>\n<p><span class=\"text-turquoise\">Reservaasjes:<\/span> Tours en ekskurzjes yn Dom. Rep.<\/p>\n<p><img decoding=\"async\" class=\"emoji\" draggable=\"false\" src=\"https:\/\/s.w.org\/images\/core\/emoji\/11.2.0\/svg\/1f4de.svg\" alt=\"\ud83d\udcde\" title=\"\"> Tel\/Whatsapp\u00a0 <a href=\"tel:+1-809-720-6035\">+1-809-720-6035<\/a>.<\/p>\n<p><img decoding=\"async\" class=\"emoji\" draggable=\"false\" src=\"https:\/\/s.w.org\/images\/core\/emoji\/11.2.0\/svg\/1f4e9.svg\" alt=\"\ud83d\udce9\" title=\"\"> <a href=\"mailto:info@bookingadventures.com.do\">info@bookingadventures.com.do<\/a><\/p>\n<p><strong>Wy binne fleksibele ynstellen fan priveereizen troch Whatsapp: <a href=\"tel:+18097206035\">+18097206035.<\/a><\/strong><\/p>\n\n\t\t<\/div>\n\t<\/div>\n<\/div><\/div><\/div><\/div><div class=\"vc_row wpb_row vc_row-fluid\" ><div class=\"wpb_column vc_column_container vc_col-sm-12\"><div class=\"vc_column-inner\"><div class=\"wpb_wrapper\"><div class=\"vc_btn3-container vc_btn3-inline\" ><button class=\"vc_general vc_btn3 vc_btn3-size-md vc_btn3-shape-rounded vc_btn3-style-modern vc_btn3-color-green\">BOEK NU<\/button><\/div><\/div><\/div><\/div><\/div>","protected":false},"excerpt":{"rendered":"<p>In ekstreem aventoer nei de heechste wetterfal fan it Karibysk gebiet. Kom mei lokale befolking kuierjen of hynsteriden nei de wetterfal. Learje oer de echte Dominikaanske libbensstyl fan &#039;e bosk. Besykje de grutste plantaazjes fan Cacao beammen bosk yn &#039;e Dominikaanske Republyk en lear oer dit ferhaal mei Natives Tour gidsen.<\/p>\n<p>As jo dizze reis boeke, stypje jo famyljes \u00fat Magua, Sabana de la Mar Community. W\u00ear&#039;t it hiele jier troch gjin toeristen binne. Jild bliuwt by dizze lokale befolking.<\/p>\n<p>&nbsp;<\/p>\n<p><strong>Selektearje asjebleaft datum foar The Tour\u00a0<\/strong><\/p>","protected":false},"featured_media":322,"template":"","meta":[],"product_brand":[],"product_cat":[565,95,96,97,98,99,100],"product_tag":[101,102,103,104,105,106,107,108,109,110,111,112,113,114,115,116,117,118],"class_list":{"0":"post-11620","1":"product","2":"type-product","3":"status-publish","4":"has-post-thumbnail","6":"product_cat-1-sabana-de-la-mar","7":"product_cat-hike-to-miches-la-jalda-waterfall-waterfalls","8":"product_cat-hiking","9":"product_cat-horse-riding-to-waterfalls","10":"product_cat-local-tour-guides","11":"product_cat-swimming-natural-springs","12":"product_cat-waterfalls","13":"product_tag-higthest-waterfall-in-the-caribean","14":"product_tag-hike-la-jalda","15":"product_tag-hike-to-miches-la-jalda-waterfall-waterfalls","16":"product_tag-hiking","17":"product_tag-la-jalda-excursions","18":"product_tag-la-jalda-horses","19":"product_tag-la-jalda-national-park","20":"product_tag-la-jalda-waterfall","21":"product_tag-leaping","22":"product_tag-leaping-jalda","23":"product_tag-magua","24":"product_tag-magua-la-jalda","25":"product_tag-miches","26":"product_tag-sabana-de-la-mar","27":"product_tag-salto-de-la-jalda","28":"product_tag-salto-la-jalda-sabana-de-la-mar","29":"product_tag-salto-la-jalda-tours","30":"product_tag-waterfalls","32":"first","33":"instock","34":"sale","35":"featured","36":"shipping-taxable","37":"product-type-external"},"_links":{"self":[{"href":"https:\/\/haitises.com\/fy\/wp-json\/wp\/v2\/product\/11620","targetHints":{"allow":["GET"]}}],"collection":[{"href":"https:\/\/haitises.com\/fy\/wp-json\/wp\/v2\/product"}],"about":[{"href":"https:\/\/haitises.com\/fy\/wp-json\/wp\/v2\/types\/product"}],"wp:featuredmedia":[{"embeddable":true,"href":"https:\/\/haitises.com\/fy\/wp-json\/wp\/v2\/media\/322"}],"wp:attachment":[{"href":"https:\/\/haitises.com\/fy\/wp-json\/wp\/v2\/media?parent=11620"}],"wp:term":[{"taxonomy":"product_brand","embeddable":true,"href":"https:\/\/haitises.com\/fy\/wp-json\/wp\/v2\/product_brand?post=11620"},{"taxonomy":"product_cat","embeddable":true,"href":"https:\/\/haitises.com\/fy\/wp-json\/wp\/v2\/product_cat?post=11620"},{"taxonomy":"product_tag","embeddable":true,"href":"https:\/\/haitises.com\/fy\/wp-json\/wp\/v2\/product_tag?post=11620"}],"curies":[{"name":"wp","href":"https:\/\/api.w.org\/{rel}","templated":true}]}}