{"id":600,"date":"2020-07-04T19:39:50","date_gmt":"2020-07-04T19:39:50","guid":{"rendered":"http:\/\/haitises.com\/?post_type=product&#038;p=600"},"modified":"2024-04-16T17:14:51","modified_gmt":"2024-04-16T17:14:51","slug":"excursion-paravelismo-desde-punta-cana-30-usd","status":"publish","type":"product","link":"https:\/\/haitises.com\/fr\/prive\/excursion-paravelismo-desde-punta-cana-30-usd\/","title":{"rendered":"Excursion en parachute ascensionnel depuis Punta Cana 30 USD"},"content":{"rendered":"<div class=\"vc_row wpb_row vc_row-fluid\" ><div class=\"wpb_column vc_column_container vc_col-sm-12\"><div class=\"vc_column-inner\"><div class=\"wpb_wrapper\">\n\t<div class=\"wpb_text_column wpb_content_element\" >\n\t\t<div class=\"wpb_wrapper\">\n\t\t\t<p>ou<\/p>\n\n\t\t<\/div>\n\t<\/div>\n<\/div><\/div><\/div><\/div><div class=\"vc_row wpb_row vc_row-fluid\" ><div class=\"wpb_column vc_column_container vc_col-sm-12\"><div class=\"vc_column-inner\"><div class=\"wpb_wrapper\">[mkdf_section_title subtitle_tag=\u00bb\u00bb text_font_weight=\u00bb\u00bb subtitle=\u00bbDesde los hoteles de Punta Cana\u00bb text=\u00bbNota: Este recorrido comienza a las 7:00 am. Dependiendo de d\u00f3nde est\u00e9 el horario de recogida de los hoteles, puede cambiar. Costo adicional para recoger en \u00e1reas no incluidas en nuestra descripci\u00f3n\u00bb]<\/div><\/div><\/div><\/div><div class=\"vc_row wpb_row vc_row-fluid\" ><div class=\"wpb_column vc_column_container vc_col-sm-12\"><div class=\"vc_column-inner\"><div class=\"wpb_wrapper\"><div class=\"vc_empty_space\"   style=\"height: 32px\"><span class=\"vc_empty_space_inner\"><\/span><\/div><\/div><\/div><\/div><\/div><div class=\"vc_row wpb_row vc_row-fluid\" ><div class=\"wpb_column vc_column_container vc_col-sm-12\"><div class=\"vc_column-inner\"><div class=\"wpb_wrapper\">\n\t<div class=\"wpb_text_column wpb_content_element\" >\n\t\t<div class=\"wpb_wrapper\">\n\t\t\t<h2>Tour de paravelismo (parasailing) desde Punta Cana<\/h2>\n<h3>Description<\/h3>\n<p>Parasail sobre la costa de Punta Cana \/ B\u00e1varo durante esta actividad de 40 minutos que sale de Punta Cana. Benef\u00edciese de la experiencia de una de las compa\u00f1\u00edas de parasail m\u00e1s experimentadas en la Rep\u00fablica Dominicana, con m\u00e1s de 60,000 vuelos desde 2001. Obtenga impresionantes vistas de las playas, aguas turquesas y complejos en expansi\u00f3n que bordean la costa mientras vuelan cientos de pies en el aire. Trae bloqueador solar, traje de ba\u00f1o y una sensaci\u00f3n de aventura. Recorrido a\u00e9reo panor\u00e1mico Viaje en bote y vea las vistas desde el agua Elecci\u00f3n de la salida de la ma\u00f1ana o la tarde Recogida y regreso gratis al hotel incluido.<\/p>\n<ul>\n<li>Elecci\u00f3n de varias salidas a lo largo del d\u00eda.<\/li>\n<li>Disfruta de fant\u00e1sticas vistas a\u00e9reas<\/li>\n<li>En Familia y amigos<\/li>\n<li>Recogida desde un punto de encuentro ubicado en el centro<\/li>\n<li>Experiencia rom\u00e1ntica, perfecta para parejas.<\/li>\n<\/ul>\n<h3>Inclusions et exclusions<\/h3>\n<h4>Inclusions<\/h4>\n<ol>\n<li>Tour de paracaidismo<\/li>\n<li>Recogida en autob\u00fas desde su hotel<\/li>\n<li>Toutes les taxes, frais et charges<\/li>\n<li>Boissons<\/li>\n<\/ol>\n<h4>Exclusions<\/h4>\n<ol>\n<li>Pourboire<\/li>\n<li>D\u00e9jeuner<\/li>\n<\/ol>\n<h3><em>D\u00e9part et retour<\/em><\/h3>\n<p>Le voyageur obtiendra un point de rendez-vous apr\u00e8s le processus de r\u00e9servation. Les visites commencent et se terminent \u00e0 nos points de rendez-vous.<\/p>\n<h3><em>Attendre?<\/em><\/h3>\n<p>Imagine que se eleva 150 pies en el aire, el viento fresco acaricia su rostro mientras se relaja con una vista espectacular de la costa de B\u00e1varo &#8211; Punta Cana. Deja de imaginar y \u00fanete a nosotros en el emocionante viaje real, una experiencia verdaderamente inolvidable. Solo necesita protector solar y traje de ba\u00f1o, mientras disfruta de la emoci\u00f3n del viaje. Vuela con la principal compa\u00f1\u00eda de parasail de la Rep\u00fablica Dominicana. Con m\u00e1s de 60,000 vuelos desde 2001, nuestros capitanes y tripulaci\u00f3n calificados se encuentran entre los m\u00e1s experimentados en el negocio.<\/p>\n<p><strong>Calendrier :<\/strong><\/p>\n<p>7h00 \u2013 19h00\u2026 Changement d\u2019heure en fonction de l\u2019endroit o\u00f9 vous vous trouvez \u00e0 Punta Cana.<\/p>\n<h3><em>Que faut-il apporter ?<\/em><\/h3>\n<ul>\n<li>Appareil photo<\/li>\n<li>R\u00e9pulsifs<\/li>\n<li>cr\u00e8me solaire<\/li>\n<li>Chapeau<\/li>\n<li>Pantalon confortable<\/li>\n<li>Chaussures de randonn\u00e9e en for\u00eat<\/li>\n<li>Des sandales pour la plage<\/li>\n<li>Maillot de bain<\/li>\n<li>Argent liquide pour les souvenirs<\/li>\n<\/ul>\n<h3><em>Prise en charge \u00e0 l'h\u00f4tel<\/em><\/h3>\n<p>Prise en charge des voyageurs offerte\u00a0!<\/p>\n<p>Nous venons vous chercher dans tous les h\u00f4tels de Punta Cana. Le lieu de prise en charge est le hall de l&#039;h\u00f4tel.<br \/>\nSi vous s\u00e9journez dans un condo dans la r\u00e9gion, nous viendrons vous chercher au condo ou \u00e0 l&#039;entr\u00e9e du complexe la plus proche. Nous configurons le Pickup en nous contactant sur Whatsapp.<\/p>\n<p><strong>Note:<\/strong> Si realiza la reserva dentro de las 24 horas del horario de salida del tour \/ excursi\u00f3n, podemos organizar la recogida en el hotel. Una vez que se complete su compra, le enviaremos informaci\u00f3n de contacto completa (n\u00famero de tel\u00e9fono, direcci\u00f3n de correo electr\u00f3nico, etc.) para que nuestro gu\u00eda tur\u00edstico local organice los arreglos de recogida.<\/p>\n<h3><em>Confirmation des informations compl\u00e9mentaires<\/em><\/h3>\n<ul>\n<li>Les billets constituent le re\u00e7u apr\u00e8s avoir pay\u00e9 ce tour. Vous pouvez afficher le paiement sur votre t\u00e9l\u00e9phone.<\/li>\n<li>Le point de rendez-vous sera re\u00e7u apr\u00e8s le processus de r\u00e9servation.<\/li>\n<li>Les enfants doivent \u00eatre accompagn\u00e9s par un adulte.<\/li>\n<li>Accesible a silla de ruedas<\/li>\n<li>Les nourrissons doivent s&#039;asseoir dans un si\u00e8ge b\u00e9b\u00e9 ou avec un adulte<\/li>\n<li>La plupart des voyageurs peuvent participer.<\/li>\n<\/ul>\n<h3><em>Politique d&#039;annulation<\/em><\/h3>\n<p>Pour un remboursement complet, annulez au moins 24 heures avant la date de d\u00e9but de l&#039;exp\u00e9rience.<\/p>\n\n\t\t<\/div>\n\t<\/div>\n<\/div><\/div><\/div><\/div><div class=\"vc_row wpb_row vc_row-fluid\" ><div class=\"wpb_column vc_column_container vc_col-sm-12\"><div class=\"vc_column-inner\"><div class=\"wpb_wrapper\"><div class=\"vc_empty_space\"   style=\"height: 32px\"><span class=\"vc_empty_space_inner\"><\/span><\/div>\n\t<div class=\"wpb_text_column wpb_content_element\" >\n\t\t<div class=\"wpb_wrapper\">\n\t\t\t<h4>Contactez-nous<\/h4>\n<h5>R\u00e9servations d&#039;aventure<\/h5>\n<p><em>Guides touristiques <strong>locale<\/strong> et <strong>national<\/strong> et services aux clients<\/em><\/p>\n<p>R\u00e9servations : Visites et Excursions en R\u00e9p. Dom.<\/p>\n<p>T\u00e9l\/Whatsapp +1-809-720-6035.<\/p>\n<p>info@bookingadventures.com.do<\/p>\n<p>Nous effectuons des visites priv\u00e9es avec configuration flexible par Whatsapp : +18097206035.<\/p>\n\n\t\t<\/div>\n\t<\/div>\n<div class=\"vc_empty_space\"   style=\"height: 32px\"><span class=\"vc_empty_space_inner\"><\/span><\/div><\/div><\/div><\/div><\/div>","protected":false},"excerpt":{"rendered":"<p>Parasailing en Punta Cana es una aventura incre\u00edble y una de las mejores cosas que hacer en Punta Cana. La costa desde 200 pies en el aire, mientras navegas, es absolutamente impresionante.<\/p>\n<p>Parasailing es una experiencia simple y divertida para todos los miembros de la familia. Como la principal compa\u00f1\u00eda de parasail y aventura en la Rep\u00fablica Dominicana, nuestro equipo de paravelismo se encuentra entre los m\u00e1s experimentados en Punta Cana, con m\u00e1s de 16 a\u00f1os de experiencia en vuelos. Puede disfrutar de unos 15 minutos de vuelo mientras disfruta de la hermosa vista panor\u00e1mica.<\/p>\n<p><strong>Veuillez s\u00e9lectionner la date de la visite\u00a0:<\/strong><\/p>","protected":false},"featured_media":451,"template":"","meta":[],"product_brand":[],"product_cat":[359,305,122,443,259],"product_tag":[167,360,361,141,362,228,171],"class_list":{"0":"post-600","1":"product","2":"type-product","3":"status-publish","4":"has-post-thumbnail","6":"product_cat-parasaling","7":"product_cat-tours-and-excursion-punta-cana","8":"product_cat-tours-and-excursions","9":"product_cat-tours-y-excursiones-es","10":"product_cat-tours-excursions-punta-cana-dominican-republic","11":"product_tag-catamaran","12":"product_tag-parasail-punta-cana","13":"product_tag-parasailing-in-punta-cana","14":"product_tag-punta-cana","15":"product_tag-punta-cana-catamaran-party-with-snorkeling-and-parasailing","16":"product_tag-punta-cana-tours","17":"product_tag-saona-island","19":"first","20":"instock","21":"sale","22":"featured","23":"sold-individually","24":"shipping-taxable","25":"product-type-external"},"_links":{"self":[{"href":"https:\/\/haitises.com\/fr\/wp-json\/wp\/v2\/product\/600","targetHints":{"allow":["GET"]}}],"collection":[{"href":"https:\/\/haitises.com\/fr\/wp-json\/wp\/v2\/product"}],"about":[{"href":"https:\/\/haitises.com\/fr\/wp-json\/wp\/v2\/types\/product"}],"wp:featuredmedia":[{"embeddable":true,"href":"https:\/\/haitises.com\/fr\/wp-json\/wp\/v2\/media\/451"}],"wp:attachment":[{"href":"https:\/\/haitises.com\/fr\/wp-json\/wp\/v2\/media?parent=600"}],"wp:term":[{"taxonomy":"product_brand","embeddable":true,"href":"https:\/\/haitises.com\/fr\/wp-json\/wp\/v2\/product_brand?post=600"},{"taxonomy":"product_cat","embeddable":true,"href":"https:\/\/haitises.com\/fr\/wp-json\/wp\/v2\/product_cat?post=600"},{"taxonomy":"product_tag","embeddable":true,"href":"https:\/\/haitises.com\/fr\/wp-json\/wp\/v2\/product_tag?post=600"}],"curies":[{"name":"wp","href":"https:\/\/api.w.org\/{rel}","templated":true}]}}