{"id":568,"date":"2020-06-27T20:23:04","date_gmt":"2020-06-27T20:23:04","guid":{"rendered":"http:\/\/haitises.com\/?post_type=product&#038;p=568"},"modified":"2024-04-16T21:12:55","modified_gmt":"2024-04-16T21:12:55","slug":"excursion-cascada-el-limon-y-almuerzo-en-playa-de-las-terrenas","status":"publish","type":"product","link":"https:\/\/haitises.com\/fr\/prive\/excursion-cascada-el-limon-y-almuerzo-en-playa-de-las-terrenas\/","title":{"rendered":"Excursion \u00e0 la cascade El Lim\u00f3n et d\u00e9jeuner \u00e0 la plage de Las Terrenas"},"content":{"rendered":"<div class=\"vc_row wpb_row vc_row-fluid\" ><div class=\"wpb_column vc_column_container vc_col-sm-12\"><div class=\"vc_column-inner\"><div class=\"wpb_wrapper\">[mkdf_section_title subtitle_tag=\u00bb\u00bb subtitle=\u00bbCaballos + Cascadas + Playa\u00bb]<\/div><\/div><\/div><\/div><div class=\"vc_row wpb_row vc_row-fluid\" ><div class=\"wpb_column vc_column_container vc_col-sm-12\"><div class=\"vc_column-inner\"><div class=\"wpb_wrapper\">\n\t<div class=\"wpb_text_column wpb_content_element\" >\n\t\t<div class=\"wpb_wrapper\">\n\t\t\t<h2>Cascadas El Lim\u00f3n + Las Terrenas con almuerzo en la playa<\/h2>\n<h3>Description<\/h3>\n<p>Este es un tour privado a la Cascada El Lim\u00f3n con paseos a caballo o senderismo. Visitando el bosque de cacao y caf\u00e9 bajo el cultivo de cocos. Cuando llegue a las cascadas, podr\u00e1 nadar y establecer la hora con su gu\u00eda local. Despu\u00e9s de disfrutar de un almuerzo t\u00edpico en la playa de Las Terrenas.<\/p>\n<p>Aprenda con los lugare\u00f1os y disfrute de un viaje seguro. Obtenga sus entradas en oferta hoy.<\/p>\n<ul>\n<li>Incluye almuerzo en la playa<\/li>\n<li>Caballos o senderismo<\/li>\n<li>El gu\u00eda proporciona instrucciones y supervisi\u00f3n.<\/li>\n<li>Tarifas al Parque Nacional<\/li>\n<\/ul>\n<h3>Inclusions et exclusions<\/h3>\n<h4>Inclusions<\/h4>\n<ol>\n<li>D\u00e9jeuner buffet sur la plage.<\/li>\n<li>Excursi\u00f3n a pie o a caballo<\/li>\n<li>Toutes les taxes, frais et frais de dossier<\/li>\n<li>Imp\u00f4ts locaux<\/li>\n<li>Boissons<\/li>\n<li>Toutes les activit\u00e9s<\/li>\n<li>Guide local<\/li>\n<\/ol>\n<h4>Exclusions<\/h4>\n<ol>\n<li>Pourboire<\/li>\n<li>Transport<\/li>\n<li>Boissons alcoolis\u00e9es<\/li>\n<\/ol>\n<h3><em>D\u00e9part et retour<\/em><\/h3>\n<p>Le voyageur obtiendra un point de rendez-vous apr\u00e8s le processus de r\u00e9servation. Les visites commencent et se terminent \u00e0 nos points de rendez-vous.<\/p>\n<h3><em>Attendre?<\/em><\/h3>\n<p>Obtenga sus boletos para visitar La cascada El Lim\u00f3n en Saman\u00e1, adem\u00e1s de un maravilloso almuerzo y tiempo de playa en la playa de Las Terrenas.<\/p>\n<p>El recorrido organizado por \u00abBooking Adventures\u00bb, comienza en el punto de encuentro establecido con el gu\u00eda tur\u00edstico.<\/p>\n<p>Los mejores viajes privados a las cascadas de El Lim\u00f3n con un gu\u00eda tur\u00edstico local. Reserve un viaje a caballo por el bosque, rodeando el r\u00edo Lim\u00f3n, visitando plantaciones de cacao y caf\u00e9 bajo las palmeras de sombra de coco.<\/p>\n<p>Primero, det\u00e9ngase en la peque\u00f1a cascada donde generalmente no hay mucha gente y puede nadar. Luego continuamos hacia la gran cascada donde nos quedaremos durante una hora o m\u00e1s si lo desea.<\/p>\n<p>Llevar los caballos de vuelta al restaurante donde disfrutaremos de un almuerzo t\u00edpico en la playa. Pescado frito con Tostones y Ensalada o puede obtener otras opciones en el men\u00fa con cargos adicionales.<\/p>\n<p>Despu\u00e9s de la hora de playa nuestro recorrido termina.<\/p>\n<p>Almuerza en la playa y puedes quedarte todo el tiempo que quieras nadando. Se ofrecen Pescado frito y Tostones! Si eres vegano, tambi\u00e9n podemos prepararte algo de comida.<\/p>\n<h3><em>Que faut-il apporter ?<\/em><\/h3>\n<ul>\n<li>Appareil photo<\/li>\n<li>R\u00e9pulsifs<\/li>\n<li>Cr\u00e8me solaire<\/li>\n<li>Chapeau<\/li>\n<li>Pantalon confortable<\/li>\n<li>Chaussures de randonn\u00e9e en for\u00eat<\/li>\n<li>Tongs<\/li>\n<li>Maillot de bain<\/li>\n<\/ul>\n<h3><em>Prise en charge \u00e0 l'h\u00f4tel<\/em><\/h3>\n<p>La prise en charge \u00e0 l&#039;h\u00f4tel n&#039;est pas propos\u00e9e pour cette visite.<\/p>\n<p><strong>Note:<\/strong> Si realiza la reserva dentro de las 24 horas de la hora de salida del tour \/ excursi\u00f3n, podemos organizar la recogida en el hotel con cargos adicionales. Una vez que se complete su compra, le enviaremos informaci\u00f3n de contacto completa (n\u00famero de tel\u00e9fono, direcci\u00f3n de correo electr\u00f3nico, etc.) para que nuestro gu\u00eda tur\u00edstico local organice los arreglos de recogida.<\/p>\n<h3><em>Confirmation des informations compl\u00e9mentaires<\/em><\/h3>\n<ul>\n<li>Les billets constituent le re\u00e7u apr\u00e8s avoir pay\u00e9 ce tour. Vous pouvez afficher le paiement sur votre t\u00e9l\u00e9phone.<\/li>\n<li>Le point de rendez-vous sera re\u00e7u apr\u00e8s le processus de r\u00e9servation.<\/li>\n<li>Les enfants doivent \u00eatre accompagn\u00e9s par un adulte.<\/li>\n<li>Non accessible aux fauteuils roulants<\/li>\n<li>Les nourrissons doivent s&#039;asseoir dans un si\u00e8ge b\u00e9b\u00e9 ou avec un adulte<\/li>\n<li>D\u00e9conseill\u00e9 aux voyageurs ayant des probl\u00e8mes de dos.<\/li>\n<li>D\u00e9conseill\u00e9 aux femmes enceintes.<\/li>\n<li>Aucun probl\u00e8me cardiaque ou autre probl\u00e8me m\u00e9dical grave.<\/li>\n<li>La plupart des voyageurs peuvent participer.<\/li>\n<\/ul>\n<h3><em>Politique d&#039;annulation<\/em><\/h3>\n<p>Pour un remboursement complet, annulez au moins 24 heures avant la date de d\u00e9but de l&#039;exp\u00e9rience.<\/p>\n\n\t\t<\/div>\n\t<\/div>\n<\/div><\/div><\/div><\/div><div class=\"vc_row wpb_row vc_row-fluid\" ><div class=\"wpb_column vc_column_container vc_col-sm-12\"><div class=\"vc_column-inner\"><div class=\"wpb_wrapper\"><div class=\"vc_empty_space\"   style=\"height: 32px\"><span class=\"vc_empty_space_inner\"><\/span><\/div><\/div><\/div><\/div><\/div><div class=\"vc_row wpb_row vc_row-fluid\" ><div class=\"wpb_column vc_column_container vc_col-sm-12\"><div class=\"vc_column-inner\"><div class=\"wpb_wrapper\">\n\t<div class=\"wpb_text_column wpb_content_element\" >\n\t\t<div class=\"wpb_wrapper\">\n\t\t\t<h4>Nous contacter ?<\/h4>\n<h3><em>Contactez-nous?<\/em><\/h3>\n<p>R\u00e9servations d&#039;aventure<br \/>\nGuides touristiques locaux et nationaux et services aux clients<\/p>\n<p>R\u00e9servations : Visites et Excursions en Dom. Reps.<\/p>\n<p>\ud83d\udcde T\u00e9l\/Whatsapp +1-809-720-6035.<\/p>\n<p>\ud83d\udce9 info@bookingadventures.com.do<\/p>\n<p>Hacemos tours privados de con flexibilidad por Whatsapp: +18097206035.<\/p>\n\n\t\t<\/div>\n\t<\/div>\n<\/div><\/div><\/div><\/div>","protected":false},"excerpt":{"rendered":"<p>Este es un tour privado a las cascadas El Lim\u00f3n con paseos a caballo o senderismo. Visitando el bosque de cacao y caf\u00e9 bajo los cultivos de coco. Cuando llegue a las cascadas, podr\u00e1 nadar y establecer la hora con su gu\u00eda local. Despu\u00e9s de disfrutar de un almuerzo t\u00edpico en la playa de Las Terrenas.<\/p>\n<p>Aprenda con los locales y disfrute de un viaje seguro. Obtenga sus entradas en oferta hoy.<\/p>\n<p><strong>Veuillez s\u00e9lectionner la date de la visite\u00a0:<\/strong><\/p>","protected":false},"featured_media":226,"template":"","meta":[],"product_brand":[],"product_cat":[97,194,122,443,123,124],"product_tag":[137,138,140,142,143],"class_list":{"0":"post-568","1":"product","2":"type-product","3":"status-publish","4":"has-post-thumbnail","6":"product_cat-horse-riding-to-waterfalls","7":"product_cat-salto-el-limon-samana-dominican-republic","8":"product_cat-tours-and-excursions","9":"product_cat-tours-y-excursiones-es","10":"product_cat-tours-excursions-los-haitises-national-park","11":"product_cat-tours-excursions-samana-bay-dominican-republic","12":"product_tag-bacardi-island","13":"product_tag-beach-time","14":"product_tag-el-limon-waterfalls","15":"product_tag-samana","16":"product_tag-samana-tours","18":"first","19":"instock","20":"sale","21":"sold-individually","22":"shipping-taxable","23":"product-type-external"},"_links":{"self":[{"href":"https:\/\/haitises.com\/fr\/wp-json\/wp\/v2\/product\/568","targetHints":{"allow":["GET"]}}],"collection":[{"href":"https:\/\/haitises.com\/fr\/wp-json\/wp\/v2\/product"}],"about":[{"href":"https:\/\/haitises.com\/fr\/wp-json\/wp\/v2\/types\/product"}],"wp:featuredmedia":[{"embeddable":true,"href":"https:\/\/haitises.com\/fr\/wp-json\/wp\/v2\/media\/226"}],"wp:attachment":[{"href":"https:\/\/haitises.com\/fr\/wp-json\/wp\/v2\/media?parent=568"}],"wp:term":[{"taxonomy":"product_brand","embeddable":true,"href":"https:\/\/haitises.com\/fr\/wp-json\/wp\/v2\/product_brand?post=568"},{"taxonomy":"product_cat","embeddable":true,"href":"https:\/\/haitises.com\/fr\/wp-json\/wp\/v2\/product_cat?post=568"},{"taxonomy":"product_tag","embeddable":true,"href":"https:\/\/haitises.com\/fr\/wp-json\/wp\/v2\/product_tag?post=568"}],"curies":[{"name":"wp","href":"https:\/\/api.w.org\/{rel}","templated":true}]}}