{"id":560,"date":"2020-06-24T11:16:49","date_gmt":"2020-06-24T11:16:49","guid":{"rendered":"http:\/\/haitises.com\/?post_type=product&#038;p=560"},"modified":"2024-03-17T14:02:25","modified_gmt":"2024-03-17T14:02:25","slug":"excursion-de-observacion-de-aves-en-el-parque-nacional-los-haitises","status":"publish","type":"product","link":"https:\/\/haitises.com\/fr\/prive\/excursion-de-observacion-de-aves-en-el-parque-nacional-los-haitises\/","title":{"rendered":"Excursion d&#039;observation des oiseaux dans le parc national Los Haitises"},"content":{"rendered":"<div class=\"vc_row wpb_row vc_row-fluid\" ><div class=\"wpb_column vc_column_container vc_col-sm-12\"><div class=\"vc_column-inner\"><div class=\"wpb_wrapper\">[mkdf_section_title subtitle_tag=\u00bb\u00bb subtitle=\u00bbRidgway&#8217;s Hawk Tour &#8211; El Gavil\u00e1n de La Hispaniola en Los Haitises\u00bb]<\/div><\/div><\/div><\/div><div class=\"vc_row wpb_row vc_row-fluid\" ><div class=\"wpb_column vc_column_container vc_col-sm-12\"><div class=\"vc_column-inner\"><div class=\"wpb_wrapper\">\n\t<div class=\"wpb_text_column wpb_content_element\" >\n\t\t<div class=\"wpb_wrapper\">\n\t\t\t<h2>Observation des oiseaux dans le parc national Los Haitises<\/h2>\n<h3>Description<\/h3>\n<p>Le parc national Los Haitises est une destination populaire pour les amoureux de la nature et les ornithologues amateurs, car il rev\u00eat une importance capitale pour la biodiversit\u00e9 et la richesse de la faune, tant en termes d&#039;end\u00e9misme que d&#039;esp\u00e8ces. Jungle tropicale avec des paysages impressionnants et l&#039;une des r\u00e9serves naturelles les plus grandes et les plus importantes de la R\u00e9publique Dominicaine. Los Haitises abrite une grande vari\u00e9t\u00e9 d&#039;oiseaux indig\u00e8nes, end\u00e9miques et migrateurs, dont certains sont assez rares et menac\u00e9s. La plupart des gens partent en bateau pour explorer le parc et ses grottes, ses \u00eeles et sa faune.<\/p>\n<p>Nous conservons 110 esp\u00e8ces d&#039;oiseaux que vous pouvez trouver dans le parc national Los Haitises. Parcourez cette for\u00eat magique \u00e0 la recherche de perroquets, de ravins, de faucons, de tangaras, de colibris et bien plus encore. Il raconte une histoire int\u00e9ressante sur tous ces oiseaux que vous pouvez voir sur le sentier de la for\u00eat tropicale. Nous connaissons les habitats de l&#039;\u00e9pervier, de la chouette cendr\u00e9e et d&#039;autres esp\u00e8ces end\u00e9miques. Ce circuit se concentre sur la nature et est davantage concentr\u00e9 sur les informations sur la faune.<\/p>\n<p>Il s&#039;agit g\u00e9n\u00e9ralement d&#039;une visite priv\u00e9e pour une exp\u00e9rience vraiment de haute qualit\u00e9.<\/p>\n<h3>Inclusions et exclusions<\/h3>\n<h4>Inclusions<\/h4>\n<ol>\n<li>3 heures de marche des oiseaux sur les sentiers du parc<\/li>\n<li>Toutes les taxes, frais et frais de dossier<\/li>\n<li>Imp\u00f4ts locaux<\/li>\n<li>Agents environnementaux Guides touristiques anglais\/espagnol<\/li>\n<\/ol>\n<h4>Exclusions<\/h4>\n<ol>\n<li>Pourboire<\/li>\n<li>Transport<\/li>\n<li>Boire<\/li>\n<\/ol>\n<h3><em>D\u00e9part et retour<\/em><\/h3>\n<p>El recorrido, organizado por \u00abBooking Adventures\u00bb, comienza en el punto de encuentro establecido con el gu\u00eda tur\u00edstico. El viajero obtendr\u00e1 un punto de encuentro despu\u00e9s del proceso de reserva. Los tours comienzan y terminan en nuestros puntos de encuentro.<\/p>\n<h3><em>\u00c0 quoi s'attendre ?<\/em><\/h3>\n<p>Obtenez votre billet pour l&#039;observation des oiseaux dans le parc national Los Haitises.<\/p>\n<p>Cette excursion commence au point de rendez-vous en parcourant les sentiers forestiers jusqu&#039;\u00e0 atteindre les zones de nidification. Apr\u00e8s 30 minutes de marche et d&#039;observation des Gavilanes, nous avons la possibilit\u00e9 de continuer \u00e0 marcher et de chercher des perroquets, des becs et d&#039;autres esp\u00e8ces end\u00e9miques dans le parc national Los Haitises.<\/p>\n<p>Le parc national Los Haitises ne dispose que de deux sentiers d&#039;observation des oiseaux \u00e0 Sabana de la Mar. Sur le chemin du parc national Los Hiatises, nous nous arr\u00eatons \u00e0 quelques endroits pour observer davantage d&#039;oiseaux.<\/p>\n<p>\u00catre dans la baie de San Lorenzo. Nous visiterons deux grottes, la soi-disant grotte de sable en espagnol Cueva de la Arena ; Dans cette grotte, on peut voir les p\u00e9troglyphes des communaut\u00e9s Taino rest\u00e9es dans cette zone. et utiliser les grottes comme temple.<\/p>\n<p>Apr\u00e8s cela, nous nous dirigeons vers la grotte de Linea, celle-ci avec 2 243 pictogrammes originaux et notre guide touristique explique les informations arch\u00e9ologiques sur ces pictogrammes.<\/p>\n<p>Reprise du bateau jusqu&#039;\u00e0 El Cayo de los P\u00e1jaros (\u00eele aux oiseaux) o\u00f9 nous pouvons observer la plupart des oiseaux des zones humides autour du parc national Los Haitises. Tout simplement parce que tous les oiseaux ne sont pas dans l\u2019eau.<\/p>\n<p>Apr\u00e8s 4 heures et demie d&#039;apprentissage des oiseaux dans le parc national Los Haitises, cette excursion se termine au m\u00eame endroit o\u00f9 elle a commenc\u00e9.<\/p>\n<p><strong>Note<\/strong>: Ces visites se font avec des guides conf\u00e9renciers \u00e9cologistes officiels. R\u00e9servez \u00e0 l&#039;avance car il n&#039;y a pas beaucoup de sp\u00e9cialistes dans le parc.<\/p>\n<h3>Que faut-il apporter ?<\/h3>\n<ul>\n<li>Appareil photo<\/li>\n<li>Binoculaire<\/li>\n<li>R\u00e9pulsifs<\/li>\n<li>cr\u00e8me solaire<\/li>\n<li>Chapeau<\/li>\n<li>Pantalon confortable<\/li>\n<li>Chaussures de randonn\u00e9e en for\u00eat<\/li>\n<li>Sandales aux zones de printemps.<\/li>\n<li>Maillot de bain<\/li>\n<\/ul>\n<h3><em>Prise en charge \u00e0 l'h\u00f4tel<\/em><\/h3>\n<p>La prise en charge \u00e0 l&#039;h\u00f4tel n&#039;est pas propos\u00e9e pour cette visite.<\/p>\n<p><strong>Note<\/strong>: Si vous r\u00e9servez dans les 24 heures pr\u00e9c\u00e9dant l&#039;heure de d\u00e9part de la visite\/excursion, nous pouvons organiser la prise en charge \u00e0 l&#039;h\u00f4tel moyennant des frais suppl\u00e9mentaires. Une fois votre achat termin\u00e9, nous vous enverrons les coordonn\u00e9es compl\u00e8tes (num\u00e9ro de t\u00e9l\u00e9phone, adresse e-mail, etc.) de notre guide touristique local afin d&#039;organiser le ramassage.<\/p>\n<h3><em>Confirmation des informations compl\u00e9mentaires<\/em><\/h3>\n<ol>\n<li>Les billets constituent le re\u00e7u apr\u00e8s avoir pay\u00e9 ce tour. Vous pouvez afficher le paiement sur votre t\u00e9l\u00e9phone.<\/li>\n<li>Le point de rendez-vous sera re\u00e7u apr\u00e8s le processus de r\u00e9servation.<\/li>\n<li>Les enfants doivent \u00eatre accompagn\u00e9s par un adulte.<\/li>\n<li>Non accessible aux fauteuils roulants<\/li>\n<li>Les nourrissons doivent s&#039;asseoir dans un si\u00e8ge b\u00e9b\u00e9 ou avec un adulte<\/li>\n<li>D\u00e9conseill\u00e9 aux voyageurs ayant des probl\u00e8mes de dos.<\/li>\n<li>D\u00e9conseill\u00e9 aux femmes enceintes.<\/li>\n<li>Aucun probl\u00e8me cardiaque ou autre probl\u00e8me m\u00e9dical grave.<\/li>\n<li>La plupart des voyageurs peuvent participer.<\/li>\n<\/ol>\n<p>Cette visite est propos\u00e9e \u00e0 un minimum de 2 personnes et un maximum de 15 personnes. En cas de moins de monde, merci de nous contacter.<\/p>\n<h3><em>Politique d&#039;annulation<\/em><\/h3>\n<p>Pour un remboursement complet, annulez au moins 24 heures avant la date de d\u00e9but de l&#039;exp\u00e9rience.<\/p>\n<h3>Contactez-nous?<\/h3>\n<p>R\u00e9servation d'aventures<br \/>\nGuides touristiques locaux et nationaux et services aux clients<\/p>\n<p>R\u00e9servations : Visites et Excursions en Dom. Reps.<\/p>\n<p>\ud83d\udcde T\u00e9l\/Whatsapp +1-809-720-6035.<\/p>\n<p>\ud83d\udce9 info@bookingadventures.com.do<\/p>\n<p>Nous organisons des visites priv\u00e9es avec flexibilit\u00e9 par Whatsapp : +18097206035.<\/p>\n\n\t\t<\/div>\n\t<\/div>\n<\/div><\/div><\/div><\/div>","protected":false},"excerpt":{"rendered":"<p>Le voyage au parc national Los Haitises avec un guide local se concentre sur l&#039;observation des oiseaux + grottes. Visite des Keys dans le parc national Los Haitises, des mangroves, de la v\u00e9g\u00e9tation, de l&#039;observation des oiseaux, des grottes, des pictogrammes et des zones historiques de Sabana de la Mar dans le parc national Los Haitises.<\/p>\n<p><strong>Veuillez s\u00e9lectionner la date de la visite<\/strong><\/p>","protected":false},"featured_media":177,"template":"","meta":[],"product_brand":[],"product_cat":[119,120,96,98,121,122,443,123,124],"product_tag":[176,177,178,179,180,181,182,183,184,185,186,132,187,133,188,189,190,191,192,114,142,147,193],"class_list":{"0":"post-560","1":"product","2":"type-product","3":"status-publish","4":"has-post-thumbnail","6":"product_cat-caves","7":"product_cat-fees-entrace","8":"product_cat-hiking","9":"product_cat-local-tour-guides","10":"product_cat-mangroves","11":"product_cat-tours-and-excursions","12":"product_cat-tours-y-excursiones-es","13":"product_cat-tours-excursions-los-haitises-national-park","14":"product_cat-tours-excursions-samana-bay-dominican-republic","15":"product_tag-biding-sabana-de-la-mar","16":"product_tag-birding","17":"product_tag-birding-dominican-republic","18":"product_tag-birding-in-los-haitises","19":"product_tag-birdwatching","20":"product_tag-birdwatching-dominicana","21":"product_tag-birdwtaching","22":"product_tag-boat-tour-birding","23":"product_tag-carretera-cano-hondo","24":"product_tag-eco-lodge-paraiso-cano-hondo","25":"product_tag-hire-a-guide-in-los-haitises","26":"product_tag-los-haitises","27":"product_tag-los-haitises-birding","28":"product_tag-los-haitises-national-park","29":"product_tag-los-haitises-national-park-birding-tour-from-punta-cana","30":"product_tag-los-haitises-national-park-cano-hondo","31":"product_tag-los-haitises-samana","32":"product_tag-nature","33":"product_tag-ridgways-hawk","34":"product_tag-sabana-de-la-mar","35":"product_tag-samana","36":"product_tag-samana-bay","37":"product_tag-wildlife","39":"first","40":"instock","41":"sale","42":"sold-individually","43":"shipping-taxable","44":"product-type-external"},"_links":{"self":[{"href":"https:\/\/haitises.com\/fr\/wp-json\/wp\/v2\/product\/560","targetHints":{"allow":["GET"]}}],"collection":[{"href":"https:\/\/haitises.com\/fr\/wp-json\/wp\/v2\/product"}],"about":[{"href":"https:\/\/haitises.com\/fr\/wp-json\/wp\/v2\/types\/product"}],"wp:featuredmedia":[{"embeddable":true,"href":"https:\/\/haitises.com\/fr\/wp-json\/wp\/v2\/media\/177"}],"wp:attachment":[{"href":"https:\/\/haitises.com\/fr\/wp-json\/wp\/v2\/media?parent=560"}],"wp:term":[{"taxonomy":"product_brand","embeddable":true,"href":"https:\/\/haitises.com\/fr\/wp-json\/wp\/v2\/product_brand?post=560"},{"taxonomy":"product_cat","embeddable":true,"href":"https:\/\/haitises.com\/fr\/wp-json\/wp\/v2\/product_cat?post=560"},{"taxonomy":"product_tag","embeddable":true,"href":"https:\/\/haitises.com\/fr\/wp-json\/wp\/v2\/product_tag?post=560"}],"curies":[{"name":"wp","href":"https:\/\/api.w.org\/{rel}","templated":true}]}}