{"id":548,"date":"2020-06-15T15:48:44","date_gmt":"2020-06-15T15:48:44","guid":{"rendered":"http:\/\/haitises.com\/?post_type=product&#038;p=548"},"modified":"2024-04-19T15:58:28","modified_gmt":"2024-04-19T15:58:28","slug":"excursion-en-kayak-et-randonnee-dans-le-parc-national-des-haitises","status":"publish","type":"product","link":"https:\/\/haitises.com\/fr\/prive\/excursion-en-kayak-et-randonnee-dans-le-parc-national-des-haitises\/","title":{"rendered":"Excursion en kayak et randonn\u00e9e dans le parc national de Los Haitises"},"content":{"rendered":"<div class=\"vc_row wpb_row vc_row-fluid\" ><div class=\"wpb_column vc_column_container vc_col-sm-12\"><div class=\"vc_column-inner\"><div class=\"wpb_wrapper\">\n\t<div class=\"wpb_text_column wpb_content_element\" >\n\t\t<div class=\"wpb_wrapper\">\n\t\t\t<h3>Description<\/h3>\n<p>Cet itin\u00e9raire de randonn\u00e9e + kayak commence depuis le port de Ca\u00f1o Hondo \/ Sabana de La Mar. Nous marcherons pendant environ 3 heures le long de la for\u00eat humide du parc national Los Haitises. Vous d\u00e9couvrirez les plantes m\u00e9dicinales de cette r\u00e9gion, d\u00e9couvrirez la for\u00eat de feuillus primaire et secondaire dans les montagnes du parc national Los Haitises et en m\u00eame temps atteindrez la source de la rivi\u00e8re Jivales d&#039;o\u00f9 les eaux des piscines naturelles de l&#039;Eco- Lodge sort. Hondo Ca\u00f1o. Ensuite nous prenons le mat\u00e9riel n\u00e9cessaire \u00e0 votre s\u00e9curit\u00e9 (gilets de sauvetage, etc.), des kayaks et traversons les mangroves. Vous verrez des mangroves remplies d&#039;oiseaux, des collines de verdure luxuriante. \u00c0 travers les mangroves et atterrissez dans la baie ouverte de San Lorenzo, d&#039;o\u00f9 vous pourrez photographier le magnifique paysage forestier.<\/p>\n<p>Apr\u00e8s cette exp\u00e9rience, vous retournerez \u00e0 Cano Hondo ou Sabana de la mar.<\/p>\n<ul>\n<li>Taxes incluses<\/li>\n<li>Randonn\u00e9e au parc national Los Haitises<\/li>\n<li>Le guide fournit des instructions et une supervision.<\/li>\n<\/ul>\n<h3>Inclusions et exclusions<\/h3>\n<h4>Inclusions<\/h4>\n<ol>\n<li>Parc national de Los Haitises<\/li>\n<li>Randonn\u00e9e + Kayak<\/li>\n<li>Toutes les taxes, frais et frais de dossier.<\/li>\n<li>Imp\u00f4ts locaux<\/li>\n<li>Boissons<\/li>\n<li>Toutes les activit\u00e9s<\/li>\n<li>Guide local<\/li>\n<\/ol>\n<h4>Exclusions<\/h4>\n<ol>\n<li>Pourboire<\/li>\n<li>Transport<\/li>\n<li>D\u00e9jeuner<\/li>\n<li>Boissons alcoolis\u00e9es<\/li>\n<\/ol>\n<h3><em>D\u00e9part et retour<\/em><\/h3>\n<p>Le voyageur obtiendra un point de rendez-vous apr\u00e8s le processus de r\u00e9servation. Les visites commencent et se terminent \u00e0 nos points de rendez-vous.<\/p>\n<h2>Randonn\u00e9e + Kayak Parc National Los Haitises<\/h2>\n<h3><em>Attendre?<\/em><\/h3>\n<p>El nombre del parque nacional proviene de sus habitantes originales, los indios ta\u00ednos. En su idioma, \u00abHaitises\u00bb se traduce en tierras altas o colinas, una referencia a las empinadas formaciones geol\u00f3gicas de la costa con calizas. La actividad en Kayak es de 2 horas.<\/p>\n<p>Aprender sobre la historia y la naturaleza con gu\u00edas tur\u00edsticos locales que crecen como protectores y voluntarios ambientales dentro de esta \u00e1rea del proyecto. El recorrido, organizado por \u00abBooking Adventures\u00bb comienza en el punto de encuentro establecido con el gu\u00eda tur\u00edstico.<\/p>\n<p>Apr\u00e8s une premi\u00e8re promenade \u00e0 travers champs et terres agricoles, vous commencerez \u00e0 marcher \u00e0 travers la for\u00eat de cocotiers et de cacao. Soyez chaque minute dans la zone foresti\u00e8re primaire et unique du parc national Los Haitises. Venez avec Booking Adventures et commencez \u00e0 voir des esp\u00e8ces end\u00e9miques d&#039;oiseaux, de mammif\u00e8res et de plantes, des collines de v\u00e9g\u00e9tation luxuriante et des grottes du parc national Los Haitises.<\/p>\n<p>El nombre del parque nacional proviene de sus habitantes originales, los indios ta\u00ednos. En su idioma, \u00abHaitises\u00bb se traduce en tierras altas o colinas, una referencia a las empinadas formaciones geol\u00f3gicas de la costa con calizas. Avent\u00farate en el parque para explorar cuevas como la Cueva de la Arena y la Cueva de la L\u00ednea. Puede combinar el recorrido en barco con el viaje de senderismo. Solo cont\u00e1ctenos.<\/p>\n<p>Les grottes de la r\u00e9serve servaient d&#039;abri aux Indiens Ta\u00edno et, plus tard, aux pirates cach\u00e9s. Recherchez des dessins d&#039;Indiens d\u00e9corant certains murs. Dans la for\u00eat tropicale, il existe plus de 700 esp\u00e8ces de plantes, nous essayons de faire d\u00e9couvrir aux visiteurs toutes les plantes m\u00e9dicinales que nous connaissons sur cet itin\u00e9raire de randonn\u00e9e.<\/p>\n<p>Venez apprendre, faire de la randonn\u00e9e et profiter de la vraie nature du parc national Los Haitises.<\/p>\n<h3><em>Que faut-il apporter ?<\/em><\/h3>\n<ul>\n<li>Appareil photo<\/li>\n<li>R\u00e9pulsifs<\/li>\n<li>Cr\u00e8me solaire<\/li>\n<li>Chapeau<\/li>\n<li>Pantalon confortable<\/li>\n<li>Chaussures de randonn\u00e9e en for\u00eat<\/li>\n<li>Sandales aux zones de printemps.<\/li>\n<li>Maillot de bain<\/li>\n<\/ul>\n<h3><em>Prise en charge \u00e0 l'h\u00f4tel<\/em><\/h3>\n<p>La prise en charge \u00e0 l&#039;h\u00f4tel n&#039;est pas propos\u00e9e pour cette visite. Uniquement si vous \u00eates \u00e0 l&#039;h\u00f4tel Cano Hondo ou dans les h\u00f4tels de la r\u00e9gion de Sabana de la Mar.<\/p>\n<p><strong>Note<\/strong>: Si vous r\u00e9servez dans les 24 heures pr\u00e9c\u00e9dant l&#039;heure de d\u00e9part de la visite\/excursion, nous pouvons organiser une prise en charge \u00e0 l&#039;h\u00f4tel moyennant des frais suppl\u00e9mentaires depuis n&#039;importe o\u00f9 en R\u00e9publique Dominicaine. Une fois votre achat termin\u00e9, nous vous enverrons les coordonn\u00e9es compl\u00e8tes (num\u00e9ro de t\u00e9l\u00e9phone, adresse e-mail, etc.) de notre guide touristique local afin d&#039;organiser le ramassage.<\/p>\n<h3><em>Confirmation des informations compl\u00e9mentaires<\/em><\/h3>\n<ol>\n<li>Les billets constituent le re\u00e7u apr\u00e8s avoir pay\u00e9 ce tour. Vous pouvez afficher le paiement sur votre t\u00e9l\u00e9phone.<\/li>\n<li>Le point de rendez-vous sera re\u00e7u apr\u00e8s le processus de r\u00e9servation.<\/li>\n<li>Les enfants doivent \u00eatre accompagn\u00e9s par un adulte.<\/li>\n<li>Non accessible aux fauteuils roulants<\/li>\n<li>Les nourrissons doivent s&#039;asseoir dans des si\u00e8ges b\u00e9b\u00e9 ou avec leurs parents<\/li>\n<li>D\u00e9conseill\u00e9 aux voyageurs ayant des probl\u00e8mes de dos.<\/li>\n<li>D\u00e9conseill\u00e9 aux femmes enceintes.<\/li>\n<li>Aucun probl\u00e8me cardiaque ou autre probl\u00e8me m\u00e9dical grave.<\/li>\n<li>La plupart des voyageurs peuvent participer.<\/li>\n<\/ol>\n<h3><em>Politique d&#039;annulation<\/em><\/h3>\n<p>Pour un remboursement complet, annulez au moins 24 heures avant la date de d\u00e9but de l&#039;exp\u00e9rience. Les fonds seront perdus si la r\u00e9servation est annul\u00e9e le m\u00eame jour du voyage.<\/p>\n<h2>Randonn\u00e9e et kayak dans la for\u00eat tropicale<br \/>\nRandonn\u00e9e + Kayak Parc National Los Haitises<\/h2>\n<p>Cette exp\u00e9rience n\u00e9cessite un minimum de 2 participants. Si vous n&#039;avez pas 2 ans, n&#039;h\u00e9sitez pas \u00e0 nous contacter !<\/p>\n<h3>Contactez-nous?<\/h3>\n<p><em>R\u00e9servation d'aventures<\/em><br \/>\nGuides touristiques locaux et nationaux et services aux clients<\/p>\n<p>R\u00e9servations : Visites et Excursions en Dom. Reps.<\/p>\n<p>\ud83d\udcde T\u00e9l\/Whatsapp +1-809-720-6035.<\/p>\n<p>\ud83d\udce9 info@bookingadventures.com.do<\/p>\n<p>Nous sommes des visites priv\u00e9es avec configuration flexible par Whatsapp : +18097206035.<\/p>\n\n\t\t<\/div>\n\t<\/div>\n<\/div><\/div><\/div><\/div>","protected":false},"excerpt":{"rendered":"<p>Randonn\u00e9e et kayak de 3 heures dans les mangroves du parc national Los Haitises avec un guide local de Sabana de la mar. Visite des r\u00e9gions de for\u00eat tropicale, de noix de coco, de caf\u00e9 et de cacao. D\u00e9couvrez l&#039;histoire originale du parc national Los Haitises.<\/p>\n<p><strong>S\u00e9lectionnez la date de la randonn\u00e9e :<\/strong><\/p>","protected":false},"featured_media":515,"template":"","meta":[],"product_brand":[],"product_cat":[356,96,443,123,124],"product_tag":[341,206,129,130,412,413,221,414,415,152,153,198,133,416,215,217,417,223,114,418,148,143,419],"class_list":{"0":"post-548","1":"product","2":"type-product","3":"status-publish","4":"has-post-thumbnail","6":"product_cat-day-trips","7":"product_cat-hiking","8":"product_cat-tours-y-excursiones-es","9":"product_cat-tours-excursions-los-haitises-national-park","10":"product_cat-tours-excursions-samana-bay-dominican-republic","11":"product_tag-cano-hondo-sabana-de-la-mar","12":"product_tag-caves-los-haitises","13":"product_tag-eco-tours","14":"product_tag-excursion","15":"product_tag-hike-kayak","16":"product_tag-hike-kayak-los-haitises-national-park","17":"product_tag-hiking-los-haitises","18":"product_tag-hiking-sabana-de-la-mar","19":"product_tag-hiking-samana","20":"product_tag-kayak-tour","21":"product_tag-kayaking","22":"product_tag-kayaking-los-haitises","23":"product_tag-los-haitises-national-park","24":"product_tag-los-haitises-national-park-entrance-fee","25":"product_tag-los-haitises-national-park-tour-from-las-terrenas","26":"product_tag-los-haitises-national-park-tour-from-santo-domingo","27":"product_tag-los-haitises-national-park-weather","28":"product_tag-los-haitises-sabana-de-la-mar","29":"product_tag-sabana-de-la-mar","30":"product_tag-sabana-de-la-mar-tour","31":"product_tag-samana-excursions","32":"product_tag-samana-tours","33":"product_tag-secrets-of-los-haitises","35":"first","36":"instock","37":"sale","38":"sold-individually","39":"shipping-taxable","40":"product-type-external"},"_links":{"self":[{"href":"https:\/\/haitises.com\/fr\/wp-json\/wp\/v2\/product\/548","targetHints":{"allow":["GET"]}}],"collection":[{"href":"https:\/\/haitises.com\/fr\/wp-json\/wp\/v2\/product"}],"about":[{"href":"https:\/\/haitises.com\/fr\/wp-json\/wp\/v2\/types\/product"}],"wp:featuredmedia":[{"embeddable":true,"href":"https:\/\/haitises.com\/fr\/wp-json\/wp\/v2\/media\/515"}],"wp:attachment":[{"href":"https:\/\/haitises.com\/fr\/wp-json\/wp\/v2\/media?parent=548"}],"wp:term":[{"taxonomy":"product_brand","embeddable":true,"href":"https:\/\/haitises.com\/fr\/wp-json\/wp\/v2\/product_brand?post=548"},{"taxonomy":"product_cat","embeddable":true,"href":"https:\/\/haitises.com\/fr\/wp-json\/wp\/v2\/product_cat?post=548"},{"taxonomy":"product_tag","embeddable":true,"href":"https:\/\/haitises.com\/fr\/wp-json\/wp\/v2\/product_tag?post=548"}],"curies":[{"name":"wp","href":"https:\/\/api.w.org\/{rel}","templated":true}]}}