{"id":543,"date":"2020-06-14T19:18:13","date_gmt":"2020-06-14T19:18:13","guid":{"rendered":"http:\/\/haitises.com\/?post_type=product&#038;p=543"},"modified":"2024-08-22T05:45:22","modified_gmt":"2024-08-22T05:45:22","slug":"parc-national-los-haitises-depuis-le-port-de-samana","status":"publish","type":"product","link":"https:\/\/haitises.com\/fr\/prive\/parc-national-los-haitises-depuis-le-port-de-samana\/","title":{"rendered":"Parc national de Los Haitises depuis le port de Saman\u00e1"},"content":{"rendered":"<div class=\"vc_row wpb_row vc_row-fluid\" ><div class=\"wpb_column vc_column_container vc_col-sm-12\"><div class=\"vc_column-inner\"><div class=\"wpb_wrapper\">\n\t<div class=\"wpb_text_column wpb_content_element\" >\n\t\t<div class=\"wpb_wrapper\">\n\t\t\t<h2>Parc national Los Haitises (baie de Saman\u00e1) depuis le port de Saman\u00e1<\/h2>\n<ul>\n<li>Excursion en bateau au parc national Los Haitises<br \/>\n<h3>Description<\/h3>\n<p>Visitez le parc national Los Haitises depuis le port de Saman\u00e1. Venez avec nous visiter le plus beau parc national de la R\u00e9publique Dominicaine, en visitant les mangroves, les grottes et la baie de San Lorenzo, ainsi qu&#039;en traversant la magnifique baie de Saman\u00e1. Retournez ensuite au port de Saman\u00e1.<\/li>\n<\/ul>\n<p>Apr\u00e8s cette exp\u00e9rience, vous retournerez au port de Saman\u00e1.<\/p>\n<ul>\n<li>Taxes incluses<br \/>\nLe guide fournit des instructions et une supervision.<\/li>\n<li>Inclusions et exclusions<\/li>\n<\/ul>\n<h3>Inclusions<\/h3>\n<ol>\n<li>Visite de Los Haitises + Grottes et pictogrammes<\/li>\n<li>Toutes les taxes, frais et frais de dossier.<\/li>\n<li>Imp\u00f4ts locaux<\/li>\n<li>Boissons<\/li>\n<li>Toutes les activit\u00e9s<\/li>\n<li>Guide local<\/li>\n<\/ol>\n<h3>Exclusions<\/h3>\n<ol>\n<li>Pourboire<\/li>\n<li>Transfert<\/li>\n<li>Boissons alcoolis\u00e9es<\/li>\n<li>D\u00e9jeuner non inclus, le d\u00e9jeuner comprend le choix d&#039;un de ces voyages : Los Haitises + Cayo Levantado depuis le port de Saman\u00e1 ou Los Haitises + Cano Hondo depuis le port de Saman\u00e1.<\/li>\n<\/ol>\n<h3>D\u00e9part et retour<\/h3>\n<p>Le voyageur obtiendra un point de rendez-vous apr\u00e8s le processus de r\u00e9servation. Les visites commencent et se terminent \u00e0 nos points de rendez-vous.<\/p>\n<h3>\u00c0 quoi s'attendre ?<\/h3>\n<p>Obtenez vos billets pour visiter le parc national Los Haitises avec un merveilleux d\u00e9jeuner \u00e0 Ca\u00f1o Hondo et une baignade dans les sources naturelles.<\/p>\n<p>Au d\u00e9part du port de Saman\u00e1 \u00e0 bord d&#039;un bateau ou d&#039;un catamaran avec un guide local, nous longeons la baie de Saman\u00e1 \u00e0 c\u00f4t\u00e9 de Sabana de la Mar pour visiter l&#039;un des plus beaux parcs nationaux de la R\u00e9publique Dominicaine. Parc national d&#039;Ha\u00eftises.<\/p>\n<p>Visiter l&#039;\u00eele avec les oiseaux autour. Pendant la saison de nidification, on peut m\u00eame voir les poussins p\u00e9licans dans les nids. Allez plus loin dans l&#039;\u00eele rocheuse et visitez les grottes avec des pictogrammes et des p\u00e9trographies des peuples indig\u00e8nes.<\/p>\n<p>El recorrido, organizado por \u00abBooking Adventures\u00bb, comienza en el punto de encuentro establecido con el gu\u00eda tur\u00edstico. Ven con Booking Adventures y comienza a observar algunos manglares llenos de p\u00e1jaros, colinas onduladas de exuberante vegetaci\u00f3n y cuevas del Parque Nacional Los Haitises.<\/p>\n<p>\u00c0 travers les mangroves et les terres ouvertes de la baie de San Lorenzo, d&#039;o\u00f9 vous pourrez photographier le paysage forestier accident\u00e9. Regardez dans l&#039;eau pour voir des lamantins, des crustac\u00e9s et des dauphins.<\/p>\n<p>El nombre del parque nacional proviene de sus habitantes originales, los indios ta\u00ednos. En su idioma, \u00abHaitises\u00bb se traduce en tierras altas o colinas, una referencia a las empinadas formaciones geol\u00f3gicas de la costa con calizas. Avent\u00farate en el parque para explorar cuevas como la Cueva de la Arena y la Cueva de la L\u00ednea. Las cuevas en la reserva fueron utilizadas como refugio por los indios ta\u00ednos y, m\u00e1s tarde, por los piratas escondidos. Busque dibujos de indios que decoran algunas de las paredes. Despu\u00e9s de visitar el Parque Nacional Los Haitises, regresaremos al puerto de Saman\u00e1 pasando la bah\u00eda de Saman\u00e1 30 minutos.<\/p>\n<p>Si vous pr\u00e9f\u00e9rez ce voyage, nous avons ces options\u00a0:<\/p>\n<p>Los Haitises + Cayo Levantado depuis le port de Saman\u00e1.<br \/>\nLos Haitises + Cano Hondo depuis le port de Saman\u00e1.<\/p>\n<h3>Que faut-il apporter ?<\/h3>\n<ul>\n<li>Appareil photo<\/li>\n<li>bourgeons r\u00e9pulsifs<\/li>\n<li>cr\u00e8me solaire<\/li>\n<li>Chapeau<\/li>\n<li>Pantalon confortable<\/li>\n<li>Chaussures de randonn\u00e9e en for\u00eat<\/li>\n<li>Sandales aux zones de printemps.<\/li>\n<li>Robe de bain<\/li>\n<\/ul>\n<h3>Prise en charge \u00e0 l'h\u00f4tel<\/h3>\n<p>La prise en charge \u00e0 l&#039;h\u00f4tel n&#039;est pas propos\u00e9e pour cette visite.<\/p>\n<p>Remarque : si vous r\u00e9servez dans les 24 heures pr\u00e9c\u00e9dant l&#039;heure de d\u00e9part de la visite\/excursion, nous pouvons organiser la prise en charge \u00e0 l&#039;h\u00f4tel moyennant des frais suppl\u00e9mentaires. Une fois votre achat termin\u00e9, nous vous enverrons les coordonn\u00e9es compl\u00e8tes (num\u00e9ro de t\u00e9l\u00e9phone, adresse e-mail, etc.) de notre guide touristique local afin d&#039;organiser le ramassage.<\/p>\n<h3>Confirmation des informations compl\u00e9mentaires<\/h3>\n<ol>\n<li>Les billets constituent le re\u00e7u apr\u00e8s avoir pay\u00e9 ce tour. Vous pouvez afficher le paiement sur votre t\u00e9l\u00e9phone.<\/li>\n<li>Le point de rendez-vous sera re\u00e7u apr\u00e8s le processus de r\u00e9servation.<\/li>\n<li>Les enfants doivent \u00eatre accompagn\u00e9s par un adulte.<\/li>\n<li>Non accessible aux fauteuils roulants<\/li>\n<li>Les nourrissons doivent s&#039;asseoir sur les genoux<\/li>\n<li>D\u00e9conseill\u00e9 aux voyageurs ayant des probl\u00e8mes de dos.<\/li>\n<li>Non recommand\u00e9 aux voyageuses enceintes.<\/li>\n<li>Aucun probl\u00e8me cardiaque ou autre probl\u00e8me m\u00e9dical grave.<\/li>\n<li>La plupart des voyageurs peuvent participer.<\/li>\n<\/ol>\n<h3>Politique d&#039;annulation<\/h3>\n<p>Pour un remboursement complet, annulez au moins 24 heures avant la date de d\u00e9but de l&#039;exp\u00e9rience.<\/p>\n<h3>Contactez-nous?<\/h3>\n<p>R\u00e9servation d'aventures<br \/>\nGuides touristiques locaux et nationaux et services aux clients<\/p>\n<p>R\u00e9servations : Visites et Excursions en R\u00e9p. Dom.<\/p>\n<p>\ud83d\udcde T\u00e9l\/Whatsapp +1-809-720-6035.<\/p>\n<p>\ud83d\udce9 info@bookingadventures.com.do<\/p>\n<p>Nous effectuons des visites priv\u00e9es avec flexibilit\u00e9 par Whatsapp : +18097206035.<\/p>\n\n\t\t<\/div>\n\t<\/div>\n<\/div><\/div><\/div><\/div><div class=\"vc_row wpb_row vc_row-fluid\" ><div class=\"wpb_column vc_column_container vc_col-sm-12\"><div class=\"vc_column-inner\"><div class=\"wpb_wrapper\"><div class=\"vc_empty_space\"   style=\"height: 32px\"><span class=\"vc_empty_space_inner\"><\/span><\/div>\n\t<div class=\"wpb_video_widget wpb_content_element vc_clearfix   vc_video-aspect-ratio-169 vc_video-el-width-100 vc_video-align-left\" >\n\t\t<div class=\"wpb_wrapper\">\n\t\t\t<h2 class=\"wpb_heading wpb_video_heading\">Los Haitises et plus encore...<\/h2>\n\t\t\t<div class=\"wpb_video_wrapper\"><iframe loading=\"lazy\" title=\"R\u00e9publique Dominicaine - Grottes de Los Haitises (Tainos), Pictogrammes et P\u00e9troglyphes\" width=\"1100\" height=\"619\" src=\"https:\/\/www.youtube.com\/embed\/o_ExYqtOlH8?feature=oembed\" frameborder=\"0\" allow=\"accelerometer; autoplay; encrypted-media; gyroscope; picture-in-picture\" allowfullscreen><\/iframe><\/div>\n\t\t<\/div>\n\t<\/div>\n<\/div><\/div><\/div><\/div>","protected":false},"excerpt":{"rendered":"<p>Voyage \u00e9cologique au parc national Los Haitises avec un guide local. Visite des Keys dans le parc national Los Haitises, des mangroves, de la v\u00e9g\u00e9tation, de l&#039;observation des oiseaux, des grottes, des pictogrammes et des zones historiques de Sabana de la Mar dans le parc national Los Haitises.<\/p>\n<p>&nbsp;<\/p>\n<p><strong>S\u00e9lectionnez la date de votre visite :<\/strong><\/p>","protected":false},"featured_media":225,"template":"","meta":[],"product_brand":[],"product_cat":[121,435,430,443],"product_tag":[132,133,432,142,148,143],"class_list":{"0":"post-543","1":"product","2":"type-product","3":"status-publish","4":"has-post-thumbnail","6":"product_cat-mangroves","7":"product_cat-manglares","8":"product_cat-parque-nacional-los-haitises-samana","9":"product_cat-tours-y-excursiones-es","10":"product_tag-los-haitises","11":"product_tag-los-haitises-national-park","12":"product_tag-parque-nacional-los-haitises-samana","13":"product_tag-samana","14":"product_tag-samana-excursions","15":"product_tag-samana-tours","17":"first","18":"instock","19":"sale","20":"sold-individually","21":"shipping-taxable","22":"product-type-external"},"_links":{"self":[{"href":"https:\/\/haitises.com\/fr\/wp-json\/wp\/v2\/product\/543","targetHints":{"allow":["GET"]}}],"collection":[{"href":"https:\/\/haitises.com\/fr\/wp-json\/wp\/v2\/product"}],"about":[{"href":"https:\/\/haitises.com\/fr\/wp-json\/wp\/v2\/types\/product"}],"wp:featuredmedia":[{"embeddable":true,"href":"https:\/\/haitises.com\/fr\/wp-json\/wp\/v2\/media\/225"}],"wp:attachment":[{"href":"https:\/\/haitises.com\/fr\/wp-json\/wp\/v2\/media?parent=543"}],"wp:term":[{"taxonomy":"product_brand","embeddable":true,"href":"https:\/\/haitises.com\/fr\/wp-json\/wp\/v2\/product_brand?post=543"},{"taxonomy":"product_cat","embeddable":true,"href":"https:\/\/haitises.com\/fr\/wp-json\/wp\/v2\/product_cat?post=543"},{"taxonomy":"product_tag","embeddable":true,"href":"https:\/\/haitises.com\/fr\/wp-json\/wp\/v2\/product_tag?post=543"}],"curies":[{"name":"wp","href":"https:\/\/api.w.org\/{rel}","templated":true}]}}