{"id":11702,"date":"2023-10-04T07:40:35","date_gmt":"2023-10-04T07:40:35","guid":{"rendered":"http:\/\/haitises.com\/?post_type=product&#038;p=11702"},"modified":"2024-03-28T15:26:25","modified_gmt":"2024-03-28T15:26:25","slug":"excursion-observation-des-baleines-baie-de-samana-cayo-levantado-depuis-puerto-plata-transport-prive","status":"publish","type":"product","link":"https:\/\/haitises.com\/fr\/prive\/excursion-observation-des-baleines-baie-de-samana-cayo-levantado-depuis-puerto-plata-transport-prive\/","title":{"rendered":"Excursion d&#039;observation des baleines dans la baie de Saman\u00e1 + Cayo Levantado depuis Puerto Plata (transport priv\u00e9)"},"content":{"rendered":"<div class=\"vc_row wpb_row vc_row-fluid\" ><\/div><div class=\"wpb_column vc_column_container vc_col-sm-12\"><div class=\"vc_column-inner\"><div class=\"wpb_wrapper\"><\/div><\/div><\/div>\n\t<div class=\"wpb_text_column wpb_content_element\" >\n\t\t<div class=\"wpb_wrapper\">\n\t\t\t\n\t\t<\/div>\n\t<\/div>\n<div class=\"vc_row wpb_row vc_row-fluid\">\n<div class=\"wpb_column vc_column_container vc_col-sm-12\">\n<div class=\"vc_column-inner\">\n<div class=\"wpb_wrapper\">\n<div class=\"wpb_text_column wpb_content_element\">\n<div class=\"wpb_wrapper\">\n<h3>Excursion Observation des baleines baie de Samana + Cayo Levantado depuis Puerto Plata (Transport priv\u00e9)<\/h3>\n<p>Au d\u00e9part de Puerto Plata, Sosua ou Cabarete. Nous venons vous chercher \u00e0 votre domicile et nous nous rendons \u00e0 la baie de Saman\u00e1. Cette excursion commence au port de Saman\u00e1 \u00e0 9h00 et se termine \u00e0 17h00, mais nous pouvons \u00eatre flexibles quant \u00e0 l'heure \u00e0 laquelle nous vous ramenons \u00e0 votre domicile.<\/p>\n<p>Apr\u00e8s avoir abandonn\u00e9 notre catamaran ou notre bateau, nous irons voir les baleines dans leur propre habitat. De 9h00 \u00e0 12h00, observation des baleines et apr\u00e8s cette excursion d'observation des baleines, nous visiterons l'\u00eele de Bacardi \/ Cayo Levantado. Sur l'\u00eele de Bacardi, un d\u00e9jeuner buffet de style typiquement dominicain vous sera propos\u00e9. A la fin du d\u00e9jeuner, vous pourrez vous baigner jusqu'\u00e0 16h30. L'excursion se terminera au m\u00eame port que le d\u00e9part \u00e0 17h00.<\/p>\n<p><em><strong>Note : Cette excursion n'est pas priv\u00e9e.  Il s'agit uniquement d'un transport priv\u00e9 depuis Puerto Plata. Pour un tour en bateau priv\u00e9, veuillez nous contacter.<\/strong><\/em><\/p>\n<ul>\n<li>Observation des baleines<\/li>\n<li>Prise en charge dans les environs de Puerto Plata.<\/li>\n<li>Droits d'entr\u00e9e \u00e0 l'Observatoire<\/li>\n<li>Comprend un d\u00e9jeuner buffet sur la plage<\/li>\n<li>Transfert en bateau<\/li>\n<li>Le capitaine assure l&#039;instruction et la supervision<\/li>\n<li>Guide touristique<\/li>\n<\/ul>\n<p>&nbsp;<\/p>\n<h4><b>Inclusions et exclusions<\/b><\/h4>\n<p>&nbsp;<\/p>\n<p><b>Inclusions<\/b><\/p>\n<p>&nbsp;<\/p>\n<ol>\n<li>D\u00e9jeuner buffet sur la plage<\/li>\n<li>Voiture de transfert<\/li>\n<li>Guide lors de l'excursion d'observation des baleines<\/li>\n<li>Excursion en catamaran ou en bateau<\/li>\n<li>Toutes les taxes, tous les frais et tous les frais de gestion<\/li>\n<li>Imp\u00f4ts locaux<\/li>\n<li>Boissons<\/li>\n<\/ol>\n<p><b>Exclusions<\/b><\/p>\n<ol>\n<li>Pourboires<\/li>\n<li>Boissons alcoolis\u00e9es<\/li>\n<\/ol>\n<p>&nbsp;<\/p>\n<h4><em><strong>D\u00e9part et retour<\/strong><\/em><\/h4>\n<p>Le voyageur recevra une heure de rendez-vous apr\u00e8s le processus de r\u00e9servation. Les circuits commencent et se terminent \u00e0 nos points de rencontre.<\/p>\n<p>&nbsp;<\/p>\n<h4><b><i>\u00c0 quoi s'attendre ?<\/i><\/b><\/h4>\n<p>&nbsp;<\/p>\n<p><em><strong>Achetez vos billets<\/strong><\/em> pour une journ\u00e9e d'observation des baleines dans la baie de Samana au d\u00e9part de Sosua, Cabarete ou de n'importe quel quartier de Puerto Plata. \u00e9vitez le transport avec de grands groupes et profitez d'un merveilleux d\u00e9jeuner et d'un temps de plage.<\/p>\n<p>Le Daypass pour l'observation des baleines au d\u00e9part de Puerto Plata est organis\u00e9 par \"Booking Adventures\" et commence au point de rencontre fix\u00e9 par whatsapp ou par mail. D\u00e9jeuner sur la plage et vous pouvez rester aussi longtemps que vous le souhaitez \u00e0 nager. Si vous \u00eates v\u00e9g\u00e9talien, nous pouvons \u00e9galement vous pr\u00e9parer de la nourriture.<\/p>\n<p><strong>Calendrier :<\/strong><\/p>\n<p>5:45 AM - 4:00 PM l'heure peut changer selon vos besoins.<\/p>\n<p>&nbsp;<\/p>\n<h4><em><strong>Que faut-il apporter ?<\/strong><\/em><\/h4>\n<ul>\n<li>Appareil photo<\/li>\n<li>Bourgeons r\u00e9pulsifs<\/li>\n<li>cr\u00e8me solaire<\/li>\n<li>Chapeau<\/li>\n<li>Pantalon confortable<\/li>\n<li>Des sandales pour la plage<\/li>\n<li>V\u00eatements de bain<\/li>\n<li>Argent liquide pour les souvenirs<\/li>\n<\/ul>\n<p>&nbsp;<\/p>\n<h4><b><i>H\u00f4tel Pickup<\/i><\/b><\/h4>\n<p>La prise en charge \u00e0 l&#039;h\u00f4tel est offerte pour cette visite.<\/p>\n<p>&nbsp;<\/p>\n<p><b>Remarque :<\/b> si vous r\u00e9servez dans les 24 heures pr\u00e9c\u00e9dant l'heure de d\u00e9part de la visite\/excursion, nous prendrons des dispositions pour la prise en charge \u00e0 l'h\u00f4tel. Une fois votre achat effectu\u00e9, nous vous enverrons les coordonn\u00e9es compl\u00e8tes (num\u00e9ro de t\u00e9l\u00e9phone, adresse \u00e9lectronique, etc.) de notre guide local pour organiser la prise en charge.<\/p>\n<h4><b><i>Informations compl\u00e9mentaires Confirmation<\/i><\/b><\/h4>\n<ol>\n<li>Les billets sont le re\u00e7u apr\u00e8s le paiement de cette tourn\u00e9e. Vous pouvez montrer le paiement sur votre t\u00e9l\u00e9phone.<\/li>\n<li>Le point de rencontre sera communiqu\u00e9 apr\u00e8s le processus de r\u00e9servation.<\/li>\n<li>Les enfants doivent \u00eatre accompagn\u00e9s d'un adulte.<\/li>\n<li>accessible en fauteuil roulant<\/li>\n<li>Les enfants en bas \u00e2ge doivent \u00eatre assis sur les genoux<\/li>\n<li>La plupart des voyageurs peuvent participer<\/li>\n<\/ol>\n<h4><b><i>Politique d'annulation<\/i><\/b><\/h4>\n<p>Pour un remboursement complet, annulez au moins 24 heures avant la date de d\u00e9but de l&#039;exp\u00e9rience.<\/p>\n<\/div>\n<\/div>\n<\/div>\n<\/div>\n<\/div>\n<\/div>\n<div class=\"vc_row wpb_row vc_row-fluid\">\n<div class=\"wpb_column vc_column_container vc_col-sm-12\">\n<div class=\"vc_column-inner\">\n<div class=\"wpb_wrapper\">\n<div class=\"wpb_text_column wpb_content_element\">\n<div class=\"wpb_wrapper\">\n<h4>Nous contacter ?<\/h4>\n<h5><b><i>BALEINES SAMANA TOUR<\/i><\/b><\/h5>\n<p><em><strong>Locaux<\/strong>\u00a0et\u00a0<strong>Nationales<\/strong>\u00a0Guides touristiques et services aux visiteurs<\/em><\/p>\n<p><span class=\"text-turquoise\"><span style=\"vertical-align: inherit;\"><span style=\"vertical-align: inherit;\">Reservas:<\/span><\/span><\/span><span style=\"vertical-align: inherit;\"><span style=\"vertical-align: inherit;\"> \u00a0Tours y Excursiones en Dom. <\/span><span style=\"vertical-align: inherit;\">Reps.<\/span><\/span><\/p>\n<p><img decoding=\"async\" class=\"emoji\" draggable=\"false\" src=\"https:\/\/s.w.org\/images\/core\/emoji\/11.2.0\/svg\/1f4de.svg\" alt=\"\ud83d\udcde\" title=\"\"><span style=\"vertical-align: inherit;\"><span style=\"vertical-align: inherit;\">\u00a0T\u00e9l \/ Whatsapp\u00a0\u00a0 <\/span><\/span><a href=\"tel:+1-809-720-6035\"><span style=\"vertical-align: inherit;\"><span style=\"vertical-align: inherit;\">+ 1-809-720-6035<\/span><\/span><\/a><span style=\"vertical-align: inherit;\"><span style=\"vertical-align: inherit;\"> .<\/span><\/span><\/p>\n<p><img decoding=\"async\" class=\"emoji\" draggable=\"false\" src=\"https:\/\/s.w.org\/images\/core\/emoji\/11.2.0\/svg\/1f4e9.svg\" alt=\"\ud83d\udce9\" title=\"\">\u00a0<a href=\"mailto:info@bookingadventures.com.do\"><span style=\"vertical-align: inherit;\"><span style=\"vertical-align: inherit;\">info@bookingadventures.com.do<\/span><\/span><\/a><\/p>\n<p><strong><span style=\"vertical-align: inherit;\"><span style=\"vertical-align: inherit;\">Somos tours privados de configuraci\u00f3n flexible por Whatsapp:\u00a0 <\/span><\/span><a href=\"tel:+18097206035\"><span style=\"vertical-align: inherit;\"><span style=\"vertical-align: inherit;\">+18097206035.<\/span><\/span><\/a><\/strong><\/p>\n<\/div>\n<\/div>\n<\/div>\n<\/div>\n<\/div>\n<\/div>\n<p><span style=\"vertical-align: inherit;\"><span style=\"vertical-align: inherit;\">[\/ vc_column_text] [\/ vc_column] [\/ vc_row]<\/span><\/span><\/p>","protected":false},"excerpt":{"rendered":"<p><span style=\"vertical-align: inherit;\"><span style=\"vertical-align: inherit;\">Desde Puerto Plata, Sosua o Cabarete hasta el puerto de la bah\u00eda de Saman\u00e1. <\/span><span style=\"vertical-align: inherit;\">Con Gu\u00edas Tur\u00edsticos Profesionales Naturalistas en Avistamiento de Ballenas. <\/span><span style=\"vertical-align: inherit;\">Si desea ponerse en contacto con nosotros para recibir asesoramiento, env\u00ede un correo electr\u00f3nico, Whatsapp o Llamadas disponibles.<\/span><\/span><\/p>\n<p><span style=\"vertical-align: inherit;\"><span style=\"vertical-align: inherit;\">Por favor reserve sus boletos con tiempo. <\/span><span style=\"vertical-align: inherit;\">En la temporada de ballenas hay muchas reservas y nos gustar\u00eda tener sus entradas a salvo para usted. <\/span><span style=\"vertical-align: inherit;\">Establecer lugar para recoger y tiempo con nosotros.<\/span><\/span><\/p>\n<p><em><strong><span style=\"vertical-align: inherit;\"><span style=\"vertical-align: inherit;\">S\u00e9lectionnez la date de l'excursion :<\/span><\/span><\/strong><\/em><\/p>","protected":false},"featured_media":11739,"template":"","meta":[],"product_brand":[],"product_cat":[584,571,492,493,494,495,496,497,485,498,499],"product_tag":[142,488,489,393,490,234,236,491],"class_list":{"0":"post-11702","1":"product","2":"type-product","3":"status-publish","4":"has-post-thumbnail","6":"product_cat-1-puerto-plata","7":"product_cat-1-samana","8":"product_cat-puerto-plata-2021","9":"product_cat-tours-excursions","10":"product_cat-tours-excursions-whale-watching-samana-bay-dominican-republic","11":"product_cat-whale-miches","12":"product_cat-whale-sabana-de-la-mar","13":"product_cat-whale-samana","14":"product_cat-whale-watching","15":"product_cat-whale-watching-puerto-plata","16":"product_cat-whale-watching-punta-cana","17":"product_tag-samana","18":"product_tag-samana-tour","19":"product_tag-whale","20":"product_tag-whale-punta-cana","21":"product_tag-whale-sabana-de-la-mar","22":"product_tag-whale-samana","23":"product_tag-whale-watching-dominican-republic","24":"product_tag-whales-trips","26":"first","27":"instock","28":"sale","29":"shipping-taxable","30":"product-type-external"},"_links":{"self":[{"href":"https:\/\/haitises.com\/fr\/wp-json\/wp\/v2\/product\/11702","targetHints":{"allow":["GET"]}}],"collection":[{"href":"https:\/\/haitises.com\/fr\/wp-json\/wp\/v2\/product"}],"about":[{"href":"https:\/\/haitises.com\/fr\/wp-json\/wp\/v2\/types\/product"}],"wp:featuredmedia":[{"embeddable":true,"href":"https:\/\/haitises.com\/fr\/wp-json\/wp\/v2\/media\/11739"}],"wp:attachment":[{"href":"https:\/\/haitises.com\/fr\/wp-json\/wp\/v2\/media?parent=11702"}],"wp:term":[{"taxonomy":"product_brand","embeddable":true,"href":"https:\/\/haitises.com\/fr\/wp-json\/wp\/v2\/product_brand?post=11702"},{"taxonomy":"product_cat","embeddable":true,"href":"https:\/\/haitises.com\/fr\/wp-json\/wp\/v2\/product_cat?post=11702"},{"taxonomy":"product_tag","embeddable":true,"href":"https:\/\/haitises.com\/fr\/wp-json\/wp\/v2\/product_tag?post=11702"}],"curies":[{"name":"wp","href":"https:\/\/api.w.org\/{rel}","templated":true}]}}