{"id":11666,"date":"2023-10-04T07:40:09","date_gmt":"2023-10-04T07:40:09","guid":{"rendered":"http:\/\/haitises.com\/?post_type=product&#038;p=11666"},"modified":"2024-03-29T18:17:03","modified_gmt":"2024-03-29T18:17:03","slug":"parachute-ascensionnel-depuis-punta-cana","status":"publish","type":"product","link":"https:\/\/haitises.com\/fr\/prive\/parachute-ascensionnel-depuis-punta-cana\/","title":{"rendered":"Excursion en parachute ascensionnel au d\u00e9part de Punta Cana 95 USD."},"content":{"rendered":"<div class=\"vc_row wpb_row vc_row-fluid\" ><div class=\"wpb_column vc_column_container vc_col-sm-12\"><div class=\"vc_column-inner\"><div class=\"wpb_wrapper\">\n\t<div class=\"wpb_text_column wpb_content_element\" >\n\t\t<div class=\"wpb_wrapper\">\n\t\t\t<p>ou<\/p>\n\n\t\t<\/div>\n\t<\/div>\n<\/div><\/div><\/div><\/div><div class=\"vc_row wpb_row vc_row-fluid\" ><div class=\"wpb_column vc_column_container vc_col-sm-12\"><div class=\"vc_column-inner\"><div class=\"wpb_wrapper\">[mkdf_section_title title_tag=\u00bb\u00bb disable_break_words=\u00bbno\u00bb subtitle_tag=\u00bb\u00bb text_font_weight=\u00bb\u00bb title=\u00bbParasailing Tour from Punta Cana\u00bb subtitle=\u00bbFrom Punta Cana Hotels\u00bb text=\u00bbNote: This tour starts at 7: 00 am Depending where is the Pickup Hotels Time may Change. Extras cost for Pick up in Areas not listed in Our Description.\u00bb]<\/div><\/div><\/div><\/div><div class=\"vc_row wpb_row vc_row-fluid\" ><div class=\"wpb_column vc_column_container vc_col-sm-12\"><div class=\"vc_column-inner\"><div class=\"wpb_wrapper\"><div class=\"vc_empty_space\"   style=\"height: 32px\"><span class=\"vc_empty_space_inner\"><\/span><\/div><\/div><\/div><\/div><\/div><div class=\"vc_row wpb_row vc_row-fluid\" ><div class=\"wpb_column vc_column_container vc_col-sm-12\"><div class=\"vc_column-inner\"><div class=\"wpb_wrapper\"><div class=\"vc_btn3-container vc_btn3-inline\" ><button class=\"vc_general vc_btn3 vc_btn3-size-md vc_btn3-shape-rounded vc_btn3-style-modern vc_btn3-color-green\">R\u00c9SERVEZ MAINTENANT<\/button><\/div>\n\t<div class=\"wpb_text_column wpb_content_element\" >\n\t\t<div class=\"wpb_wrapper\">\n\t\t\t<h4><b><i>Vue d'ensemble <\/i><\/b><\/h4>\n<div>\n<p>Faites du parachute ascensionnel sur la c\u00f4te de Punta Cana\/Bavaro lors de cette activit\u00e9 de 40 minutes au d\u00e9part de Punta Cana. B\u00e9n\u00e9ficiez de l&#039;expertise de l&#039;une des compagnies de parachute ascensionnel les plus exp\u00e9riment\u00e9es de la R\u00e9publique Dominicaine, avec plus de 60 000 vols depuis 2001. Profitez d&#039;une vue imprenable sur les plages, Des eaux turquoise et des stations baln\u00e9aires tentaculaires qui bordent le rivage tout en volant \u00e0 des centaines de pieds dans les airs. Apportez de la cr\u00e8me solaire, un maillot de bain et un sens de l&#039;aventure. Visite a\u00e9rienne panoramique Voyagez en bateau et d\u00e9couvrez les sites touristiques depuis l&#039;eau Choix de d\u00e9part le matin ou l&#039;apr\u00e8s-midi Prise en charge et retour gratuits \u00e0 l&#039;h\u00f4tel inclus<\/p>\n<\/div>\n<ul class=\"vcs-highlights\">\n<li>Choix de plusieurs d\u00e9parts dans la journ\u00e9e<\/li>\n<li>Profitez de fantastiques vues a\u00e9riennes<\/li>\n<li>Familial<\/li>\n<li>Prise en charge \u00e0 un point de rencontre central<\/li>\n<li>Exp\u00e9rience romantique, parfaite pour les couples<\/li>\n<\/ul>\n<p>&nbsp;<\/p>\n<h4><b>Inclusions et exclusions<\/b><\/h4>\n<p>&nbsp;<\/p>\n<p><b>Inclusions<\/b><\/p>\n<p>&nbsp;<\/p>\n<ol>\n<li>Excursion en parachute ascensionnel<\/li>\n<li>Prise en charge en bus depuis votre h\u00f4tel<\/li>\n<li style=\"font-weight: 400;\"><span style=\"font-weight: 400;\">Toutes les taxes, tous les frais et tous les frais de gestion<\/span><\/li>\n<li style=\"font-weight: 400;\"><span style=\"font-weight: 400;\">Imp\u00f4ts locaux<\/span><\/li>\n<li style=\"font-weight: 400;\"><span style=\"font-weight: 400;\">Boissons<\/span><\/li>\n<\/ol>\n<p><b> Exclusions<\/b><\/p>\n<ol>\n<li style=\"font-weight: 400;\"><span style=\"font-weight: 400;\">Pourboires<\/span><\/li>\n<li>D\u00e9jeuner<\/li>\n<\/ol>\n<p>&nbsp;<\/p>\n<h4><em><strong>D\u00e9part et retour<\/strong><\/em><\/h4>\n<p><span style=\"font-weight: 400;\">Le voyageur obtiendra un point de rencontre apr\u00e8s le processus de r\u00e9servation. Les circuits commencent et se terminent \u00e0 nos points de rencontre.<\/span><\/p>\n<p>&nbsp;<\/p>\n<h4><b><i>\u00c0 quoi s'attendre ?<\/i><\/b><\/h4>\n<p>Imaginez \u00eatre \u00e9lev\u00e9 \u00e0 150 pieds dans les airs, le vent frais caressant votre visage tout en vous relaxant avec une vue spectaculaire sur la c\u00f4te de Bavaro \u2013 Punta Cana. Arr\u00eatez d&#039;imaginer et rejoignez-nous dans l&#039;excitante balade en parachute ascensionnel, une exp\u00e9rience vraiment inoubliable. Vous n&#039;avez besoin que de cr\u00e8me solaire et d&#039;un maillot de bain, tout en profitant du frisson de la balade. Volez avec la premi\u00e8re compagnie de parachute ascensionnel de la R\u00e9publique Dominicaine. Avec plus de 60 000 vols depuis 2001, nos capitaines et \u00e9quipages qualifi\u00e9s sont parmi les plus exp\u00e9riment\u00e9s du secteur.<\/p>\n<p><strong>Calendrier :<\/strong><\/p>\n<p>7:00 AM - 7:00 PM... L'heure varie en fonction de l'endroit o\u00f9 vous vous trouvez \u00e0 Punta Cana.<\/p>\n<p>&nbsp;<\/p>\n<h4><em><strong>Que faut-il apporter ?<\/strong><\/em><\/h4>\n<ul>\n<li style=\"font-weight: 400;\"><span style=\"font-weight: 400;\">Appareil photo<\/span><\/li>\n<li style=\"font-weight: 400;\"><span style=\"font-weight: 400;\">Bourgeons r\u00e9pulsifs<\/span><\/li>\n<li style=\"font-weight: 400;\"><span style=\"font-weight: 400;\">cr\u00e8me solaire<\/span><\/li>\n<li style=\"font-weight: 400;\"><span style=\"font-weight: 400;\">Chapeau<\/span><\/li>\n<li style=\"font-weight: 400;\"><span style=\"font-weight: 400;\">Pantalon confortable<\/span><\/li>\n<li style=\"font-weight: 400;\"><span style=\"font-weight: 400;\">Chaussures de randonn\u00e9e pour la for\u00eat<\/span><\/li>\n<li style=\"font-weight: 400;\"><span style=\"font-weight: 400;\">Des sandales pour la plage<\/span><\/li>\n<li style=\"font-weight: 400;\"><span style=\"font-weight: 400;\">V\u00eatements de bain<\/span><\/li>\n<li>Argent liquide pour les souvenirs<\/li>\n<\/ul>\n<p>&nbsp;<\/p>\n<h4><b><i>H\u00f4tel Pickup <\/i><\/b><\/h4>\n<p><span style=\"font-weight: 400;\">La prise en charge des voyageurs est offerte !<\/span><\/p>\n<p><span style=\"font-weight: 400;\">Nous venons vous chercher dans tous les h\u00f4tels de Punta Cana. Le lieu de prise en charge est le hall d'entr\u00e9e de l'h\u00f4tel<br \/>\nSi vous s\u00e9journez dans un condo de la r\u00e9gion, nous viendrons vous chercher au condo ou \u00e0 l'entr\u00e9e du complexe h\u00f4telier le plus proche... Nous organisons le ramassage en nous contactant par Whatsapp.<\/span><\/p>\n<p><b>Remarque :<\/b><span style=\"font-weight: 400;\"> Si vous r\u00e9servez dans les 24 heures pr\u00e9c\u00e9dant l'heure de d\u00e9part de la visite\/excursion, nous pouvons organiser la prise en charge \u00e0 l'h\u00f4tel. Une fois votre achat effectu\u00e9, nous vous enverrons les coordonn\u00e9es compl\u00e8tes (num\u00e9ro de t\u00e9l\u00e9phone, adresse \u00e9lectronique, etc.) de notre guide local pour organiser la prise en charge.<\/span><\/p>\n<h4><b><i>Informations compl\u00e9mentaires Confirmation <\/i><\/b><\/h4>\n<ol>\n<li>Les billets sont le re\u00e7u apr\u00e8s le paiement de cette tourn\u00e9e. Vous pouvez montrer le paiement sur votre t\u00e9l\u00e9phone.<\/li>\n<li style=\"font-weight: 400;\"><span style=\"font-weight: 400;\">Le point de rencontre sera communiqu\u00e9 apr\u00e8s le processus de r\u00e9servation.<\/span><\/li>\n<li style=\"font-weight: 400;\"><span style=\"font-weight: 400;\">Les enfants doivent \u00eatre accompagn\u00e9s d'un adulte.<\/span><\/li>\n<li style=\"font-weight: 400;\"><span style=\"font-weight: 400;\">accessible en fauteuil roulant <\/span><\/li>\n<li style=\"font-weight: 400;\"><span style=\"font-weight: 400;\">Les enfants en bas \u00e2ge doivent \u00eatre assis sur les genoux <\/span><\/li>\n<li style=\"font-weight: 400;\"><span style=\"font-weight: 400;\">La plupart des voyageurs peuvent participer<\/span><\/li>\n<\/ol>\n<h4><b><i>Politique d'annulation<\/i><\/b><\/h4>\n<p>Pour un remboursement complet, veuillez lire nos politiques d'annulation.\u00a0<a href=\"https:\/\/www.ticketswhales.com\/online-booking\/\" target=\"_blank\" rel=\"noopener\" data-saferedirecturl=\"https:\/\/www.google.com\/url?q=https:\/\/www.ticketswhales.com\/online-booking\/&amp;source=gmail&amp;ust=1672532492004000&amp;usg=AOvVaw3ylqI1cdbIPTimEqEWneyd\">Cliquez ici<\/a>. Les fonds seront perdus si la r\u00e9servation est annul\u00e9e le jour m\u00eame du voyage.<\/p>\n\n\t\t<\/div>\n\t<\/div>\n<\/div><\/div><\/div><\/div><div class=\"vc_row wpb_row vc_row-fluid\" ><div class=\"wpb_column vc_column_container vc_col-sm-12\"><div class=\"vc_column-inner\"><div class=\"wpb_wrapper\">\n\t<div class=\"wpb_text_column wpb_content_element\" >\n\t\t<div class=\"wpb_wrapper\">\n\t\t\t<h4>Nous contacter ?<\/h4>\n<h5><em><strong>R\u00e9servation d'aventures<\/strong><\/em><\/h5>\n<p><em><strong>Locaux<\/strong> et <strong>Nationales<\/strong> Guides touristiques et services aux visiteurs<\/em><\/p>\n<p><span class=\"text-turquoise\">R\u00e9servations :<\/span> Tours et excursions \u00e0 Dom. Rep.<\/p>\n\n\t\t<\/div>\n\t<\/div>\n<\/div><\/div><\/div><\/div><div class=\"vc_row wpb_row vc_row-fluid\" ><\/div><div class=\"wpb_column vc_column_container vc_col-sm-12\"><div class=\"vc_column-inner\"><div class=\"wpb_wrapper\"><\/div><\/div><\/div>\n\t<div class=\"wpb_text_column wpb_content_element\" >\n\t\t<div class=\"wpb_wrapper\">\n\t\t\t<p>Je suis un bloc de texte. Cliquez sur le bouton Modifier pour modifier ce texte. Lorem ipsum dolor sit amet, consectetur adipiscing elit. Ut elit tellus, luctus nec ullamcorper mattis, pulvinar dapibus leo.<\/p>\n\n\t\t<\/div>\n\t<\/div>\n<div class=\"vc_empty_space\"   style=\"height: 32px\"><span class=\"vc_empty_space_inner\"><\/span><\/div><div class=\"vc_row wpb_row vc_row-fluid\" ><div class=\"wpb_column vc_column_container vc_col-sm-12\"><div class=\"vc_column-inner\"><div class=\"wpb_wrapper\"><div class=\"vc_btn3-container vc_btn3-inline\" ><button class=\"vc_general vc_btn3 vc_btn3-size-md vc_btn3-shape-rounded vc_btn3-style-modern vc_btn3-color-green\">R\u00c9SERVEZ MAINTENANT<\/button><\/div><\/div><\/div><\/div><\/div>","protected":false},"excerpt":{"rendered":"<p><span style=\"vertical-align: inherit;\"><span style=\"vertical-align: inherit;\">Parasailing en Punta Cana es una aventura incre\u00edble y una de las mejores cosas para hacer en Punta Cana. <\/span><span style=\"vertical-align: inherit;\">La costa desde 200 pies en el aire, mientras navega, es absolutamente impresionante.<\/span><\/span><\/p>\n<p><span style=\"vertical-align: inherit;\"><span style=\"vertical-align: inherit;\">El parasailing es una experiencia sencilla y divertida para todos los miembros de la familia. <\/span><span style=\"vertical-align: inherit;\">Como la principal empresa de parasailing y aventura en Rep\u00fablica Dominicana, nuestro equipo de Parasailing se encuentra entre los m\u00e1s experimentados en Punta Cana, con m\u00e1s de 16 a\u00f1os de experiencia en vuelos. <\/span><span style=\"vertical-align: inherit;\">Puede disfrutar de unos 15 minutos de vuelo mientras disfruta de la hermosa vista panor\u00e1mica.<\/span><\/span><\/p>\n<p>&nbsp;<\/p>\n<p><em><strong><span style=\"vertical-align: inherit;\"><span style=\"vertical-align: inherit;\">Seleccione la fecha para el tour\u00a0<\/span><\/span><\/strong><\/em><\/p>","protected":false},"featured_media":454,"template":"","meta":[],"product_brand":[],"product_cat":[576,359,569,305,122,259],"product_tag":[167,360,361,141,362,228,171],"class_list":{"0":"post-11666","1":"product","2":"type-product","3":"status-publish","4":"has-post-thumbnail","6":"product_cat-1-punta-cana","7":"product_cat-parasaling","8":"product_cat-punta-cana-group-tours","9":"product_cat-tours-and-excursion-punta-cana","10":"product_cat-tours-and-excursions","11":"product_cat-tours-excursions-punta-cana-dominican-republic","12":"product_tag-catamaran","13":"product_tag-parasail-punta-cana","14":"product_tag-parasailing-in-punta-cana","15":"product_tag-punta-cana","16":"product_tag-punta-cana-catamaran-party-with-snorkeling-and-parasailing","17":"product_tag-punta-cana-tours","18":"product_tag-saona-island","20":"first","21":"instock","22":"sale","23":"featured","24":"sold-individually","25":"shipping-taxable","26":"product-type-external"},"_links":{"self":[{"href":"https:\/\/haitises.com\/fr\/wp-json\/wp\/v2\/product\/11666","targetHints":{"allow":["GET"]}}],"collection":[{"href":"https:\/\/haitises.com\/fr\/wp-json\/wp\/v2\/product"}],"about":[{"href":"https:\/\/haitises.com\/fr\/wp-json\/wp\/v2\/types\/product"}],"wp:featuredmedia":[{"embeddable":true,"href":"https:\/\/haitises.com\/fr\/wp-json\/wp\/v2\/media\/454"}],"wp:attachment":[{"href":"https:\/\/haitises.com\/fr\/wp-json\/wp\/v2\/media?parent=11666"}],"wp:term":[{"taxonomy":"product_brand","embeddable":true,"href":"https:\/\/haitises.com\/fr\/wp-json\/wp\/v2\/product_brand?post=11666"},{"taxonomy":"product_cat","embeddable":true,"href":"https:\/\/haitises.com\/fr\/wp-json\/wp\/v2\/product_cat?post=11666"},{"taxonomy":"product_tag","embeddable":true,"href":"https:\/\/haitises.com\/fr\/wp-json\/wp\/v2\/product_tag?post=11666"}],"curies":[{"name":"wp","href":"https:\/\/api.w.org\/{rel}","templated":true}]}}