{"id":11661,"date":"2023-10-04T07:40:08","date_gmt":"2023-10-04T07:40:08","guid":{"rendered":"http:\/\/haitises.com\/?post_type=product&#038;p=11661"},"modified":"2024-04-01T00:21:14","modified_gmt":"2024-04-01T00:21:14","slug":"passe-journee-cano-hondo-piscines-naturelles-dejeuner-inclus","status":"publish","type":"product","link":"https:\/\/haitises.com\/fr\/prive\/passe-journee-cano-hondo-piscines-naturelles-dejeuner-inclus\/","title":{"rendered":"Pass journalier Ca\u00f1o Hondo \u2013 Piscines naturelles et d\u00e9jeuner inclus"},"content":{"rendered":"<div class=\"vc_row wpb_row vc_row-fluid\" ><div class=\"wpb_column vc_column_container vc_col-sm-12\"><div class=\"vc_column-inner\"><div class=\"wpb_wrapper\"><div class=\"vc_message_box vc_message_box-standard vc_message_box-rounded vc_color-info\" ><div class=\"vc_message_box-icon\"><i class=\"fas fa-info-circle\"><\/i><\/div><p>R\u00e9servez des prix bas dans les chambres de Cano Hondo <a href=\"http:\/\/dominican-republic-hotels.com\/hotel\/cano-hondo-hotel-eco-lodge\/\" target=\"_blank\" rel=\"noopener\">Cliquez ici.<\/a><\/p>\n<\/div><div class=\"vc_btn3-container vc_btn3-inline\" ><button class=\"vc_general vc_btn3 vc_btn3-size-md vc_btn3-shape-rounded vc_btn3-style-modern vc_btn3-color-green\">R\u00c9SERVEZ MAINTENANT<\/button><\/div>\n\t<div class=\"wpb_text_column wpb_content_element\" >\n\t\t<div class=\"wpb_wrapper\">\n\t\t\t<div class=\"vc_row wpb_row vc_row-fluid\">\n<div class=\"wpb_column vc_column_container vc_col-sm-12\">\n<div class=\"vc_column-inner\">\n<div class=\"wpb_wrapper\">\n<div class=\"wpb_text_column wpb_content_element\">\n<div class=\"wpb_wrapper\">\n<h2 class=\"mkdf-single-product-title\">Pass journalier Ca\u00f1o Hondo \u2013 Piscines naturelles et d\u00e9jeuner inclus<\/h2>\n<h4><b><i>Description<\/i><\/b><\/h4>\n<p>Billet journalier Ca\u00f1o Hondo pour nos piscines ext\u00e9rieures naturelles avec d\u00e9jeuner buffet inclus. Tous les jours de 8h30 \u00e0 17h00.<\/p>\n<div class=\"wpb_text_column wpb_content_element\">\n<div class=\"wpb_wrapper\">\n<p>Les piscines sont totalement biologiques, sans chlore ni produits chimiques, et d\u00e9veloppent leur propre \u00e9cologie naturelle et un \u00e9cosyst\u00e8me \u00e9quilibr\u00e9 en \u00e9tant con\u00e7ues et construites d&#039;une certaine mani\u00e8re. Lorsque l\u2019\u00e9quilibre est atteint, l\u2019eau est naturellement claire comme celle d\u2019un lac de montagne.<\/p>\n<\/div>\n<\/div>\n<div class=\"wpb_text_column wpb_content_element\">\n<div class=\"wpb_wrapper\">\n<p><strong>Profitez des piscines naturelles \u00e9cologiques qui se fondent \u00e0 merveille dans le paysage paisible et original du parc national Los Haitises, Sabana de la Mar. <\/strong><\/p>\n<p style=\"text-align: center;\"><strong>Passez une merveilleuse journ\u00e9e en famille ou entre amis.<\/strong><\/p>\n<\/div>\n<\/div>\n<p>&nbsp;<\/p>\n<h3><b>Inclusions et exclusions<\/b><\/h3>\n<p><b>Inclusions<\/b><\/p>\n<ol>\n<li>Buffet<\/li>\n<li>Entr\u00e9e aux piscines naturelles<\/li>\n<\/ol>\n<p><b>Exclusions (Non inclus)<\/b><\/p>\n<ol>\n<li>Transport<\/li>\n<li>Boissons alcoolis\u00e9es<\/li>\n<\/ol>\n<p>&nbsp;<\/p>\n<h4><em><strong>Pourquoi acheter le billet ?<\/strong><\/em><\/h4>\n<p>Veuillez faire une r\u00e9servation \u00e0 l&#039;avance pour \u00e9tablir l&#039;espace dans notre restaurant et pr\u00e9parer le d\u00e9jeuner buffet pour vous. Apr\u00e8s avoir effectu\u00e9 la r\u00e9servation, nos repr\u00e9sentants vous contacteront pour vous donner plus d\u2019informations \u2013 Comment se rendre chez nous, quel est le menu du Lunch Buffet et pour r\u00e9pondre \u00e0 toutes vos questions.<\/p>\n<p><strong>Remarque : Gratuit pour les enfants de moins de 3 ans. Les enfants de 4 \u00e0 10 ans ne paient que la moiti\u00e9 du prix.<\/strong><\/p>\n<h2 style=\"text-align: center;\"><strong>Piscines d&#039;eau min\u00e9rale con\u00e7ues et construites avec une attention aux d\u00e9tails et \u00e0 la cr\u00e9ativit\u00e9.<\/strong><\/h2>\n<p><strong>Temps:<\/strong><\/p>\n<p>8h30 \u2013 17h00<\/p>\n<p>&nbsp;<\/p>\n<h4><em><strong>Que devriez-vous emporter avec vous ?<\/strong><\/em><\/h4>\n<ul>\n<li>Cam\u00e9ra<\/li>\n<li>\u00a0Repoussant<\/li>\n<li>cr\u00eame solaire<\/li>\n<\/ul>\n<p>&nbsp;<\/p>\n<h4><i>Transport: <\/i><\/h4>\n<p>Le transport n&#039;est pas inclus.<\/p>\n<p><b>Remarque\u00a0: Si vous souhaitez un transfert, veuillez nous contacter.<\/b><\/p>\n<h4><b><i>Politique d&#039;annulation<\/i><\/b><\/h4>\n<p>Pour un remboursement complet, veuillez lire nos politiques d&#039;annulation dans le pied de page du site Web.<\/p>\n<\/div>\n<\/div>\n<\/div>\n<\/div>\n<\/div>\n<\/div>\n<div class=\"vc_row wpb_row vc_row-fluid\">\n<div class=\"wpb_column vc_column_container vc_col-sm-12\">\n<div class=\"vc_column-inner\">\n<div class=\"wpb_wrapper\">\n<div class=\"wpb_text_column wpb_content_element\">\n<div class=\"wpb_wrapper\">\n<p>&nbsp;<\/p>\n<h3 style=\"text-align: center;\">Vous pouvez \u00e9galement profiter de nombreuses activit\u00e9s et excursions avec un guide touristique local.<\/h3>\n<p><strong>Liste des activit\u00e9s :<\/strong><br \/>\nDoublure zipp\u00e9e<br \/>\nEscalade de parois rocheuses<br \/>\nMonter \u00e0 cheval<br \/>\nRandonn\u00e9es guid\u00e9es ou libres dans les Los Haitises<br \/>\nKayak dans les Los Haitises<br \/>\nVisites guid\u00e9es en bateau \u00e0 Los Haitises<br \/>\nObservation des baleines (du 15 janvier au 20 mars)<br \/>\nObservation guid\u00e9e des oiseaux<br \/>\n\u00cele Cayo Levantado\/Bacardi<br \/>\nFaune et nature<br \/>\nCascades El Limon, Samana<\/p>\n<p><strong>Pour plus d\u2019informations sur les activit\u00e9s et excursions, veuillez nous contacter. Vous pouvez \u00e9galement <a href=\"http:\/\/haitises.com\/fr\/\">R\u00e9servez ici.<\/a><\/strong><\/p>\n<h4><b><i>Politique d'annulation<\/i><\/b><\/h4>\n<p>Pour un remboursement complet, veuillez lire nos politiques d'annulation.\u00a0<a href=\"https:\/\/www.ticketswhales.com\/online-booking\/\" target=\"_blank\" rel=\"noopener\" data-saferedirecturl=\"https:\/\/www.google.com\/url?q=https:\/\/www.ticketswhales.com\/online-booking\/&amp;source=gmail&amp;ust=1672449202351000&amp;usg=AOvVaw1yAeVAPktmaVCqDujgUn90\">Cliquez ici<\/a>. Les fonds seront perdus si la r\u00e9servation est annul\u00e9e le jour m\u00eame du voyage.<\/p>\n<\/div>\n<\/div>\n<\/div>\n<\/div>\n<\/div>\n<\/div>\n\n\t\t<\/div>\n\t<\/div>\n<\/div><\/div><\/div><\/div><div class=\"vc_row wpb_row vc_row-fluid\" ><div class=\"wpb_column vc_column_container vc_col-sm-12\"><div class=\"vc_column-inner\"><div class=\"wpb_wrapper\"><div class=\"vc_btn3-container vc_btn3-inline\" ><button class=\"vc_general vc_btn3 vc_btn3-size-md vc_btn3-shape-rounded vc_btn3-style-modern vc_btn3-color-green\">R\u00c9SERVEZ MAINTENANT<\/button><\/div><\/div><\/div><\/div><\/div>","protected":false},"excerpt":{"rendered":"<p>Achetez un billet journalier pour les piscines naturelles de l&#039;h\u00f4tel Ca\u00f1o Hondo dans le parc national Los Haitises, Sabana de la Mar. Le d\u00e9jeuner est inclus.<\/p>\n<p>Pour plus d&#039;informations, contactez nous.<\/p>","protected":false},"featured_media":435,"template":"","meta":[],"product_brand":[],"product_cat":[15,565,135,572],"product_tag":[339,126,340,341,132,133,200,342,343,114,142,143],"class_list":{"0":"post-11661","1":"product","2":"type-product","3":"status-publish","4":"has-post-thumbnail","6":"product_cat-uncategorized","7":"product_cat-1-sabana-de-la-mar","8":"product_cat-lunch","9":"product_cat-natural-pools-los-haitises","10":"product_tag-altos-cano-hondo","11":"product_tag-cano-hondo","12":"product_tag-cano-hondo-day-pass","13":"product_tag-cano-hondo-sabana-de-la-mar","14":"product_tag-los-haitises","15":"product_tag-los-haitises-national-park","16":"product_tag-los-haitises-tours","17":"product_tag-paraiso-cano-hondo","18":"product_tag-parque-los-haitises","19":"product_tag-sabana-de-la-mar","20":"product_tag-samana","21":"product_tag-samana-tours","23":"first","24":"instock","25":"sale","26":"sold-individually","27":"shipping-taxable","28":"product-type-external"},"_links":{"self":[{"href":"https:\/\/haitises.com\/fr\/wp-json\/wp\/v2\/product\/11661","targetHints":{"allow":["GET"]}}],"collection":[{"href":"https:\/\/haitises.com\/fr\/wp-json\/wp\/v2\/product"}],"about":[{"href":"https:\/\/haitises.com\/fr\/wp-json\/wp\/v2\/types\/product"}],"wp:featuredmedia":[{"embeddable":true,"href":"https:\/\/haitises.com\/fr\/wp-json\/wp\/v2\/media\/435"}],"wp:attachment":[{"href":"https:\/\/haitises.com\/fr\/wp-json\/wp\/v2\/media?parent=11661"}],"wp:term":[{"taxonomy":"product_brand","embeddable":true,"href":"https:\/\/haitises.com\/fr\/wp-json\/wp\/v2\/product_brand?post=11661"},{"taxonomy":"product_cat","embeddable":true,"href":"https:\/\/haitises.com\/fr\/wp-json\/wp\/v2\/product_cat?post=11661"},{"taxonomy":"product_tag","embeddable":true,"href":"https:\/\/haitises.com\/fr\/wp-json\/wp\/v2\/product_tag?post=11661"}],"curies":[{"name":"wp","href":"https:\/\/api.w.org\/{rel}","templated":true}]}}