{"id":11621,"date":"2023-10-04T07:39:44","date_gmt":"2023-10-04T07:39:44","guid":{"rendered":"http:\/\/haitises.com\/?post_type=product&#038;p=11621"},"modified":"2024-04-02T17:50:36","modified_gmt":"2024-04-02T17:50:36","slug":"le-parc-national-des-haitises-depuis-sabana-de-la-mar-or-cano-hondo-hotel","status":"publish","type":"product","link":"https:\/\/haitises.com\/fr\/prive\/le-parc-national-des-haitises-depuis-sabana-de-la-mar-or-cano-hondo-hotel\/","title":{"rendered":"Excursion priv\u00e9e en bateau Los Haitises \u2013 Depuis les zones Club Med Mich\u00e8s Playa Esmeralda"},"content":{"rendered":"<div class=\"vc_row wpb_row vc_row-fluid\" ><div class=\"wpb_column vc_column_container vc_col-sm-12\"><div class=\"vc_column-inner\"><div class=\"wpb_wrapper\"><div class=\"vc_btn3-container vc_btn3-inline\" ><button class=\"vc_general vc_btn3 vc_btn3-size-md vc_btn3-shape-rounded vc_btn3-style-modern vc_btn3-color-green\">R\u00c9SERVEZ MAINTENANT<\/button><\/div>[mkdf_section_title title_tag=\u00bb\u00bb disable_break_words=\u00bbno\u00bb subtitle_tag=\u00bb\u00bb title=\u00bbLos Haitises Boat Private trip &#8211; From Club Med Mich\u00e8s Playa Esmeralda Areas\u00bb subtitle=\u00bbMangroves, Local Guides and Caves\u00bb]<\/div><\/div><\/div><\/div><div class=\"vc_row wpb_row vc_row-fluid\" ><div class=\"wpb_column vc_column_container vc_col-sm-12\"><div class=\"vc_column-inner\"><div class=\"wpb_wrapper\">\n\t<div class=\"wpb_text_column wpb_content_element\" >\n\t\t<div class=\"wpb_wrapper\">\n\t\t\t<h4><b><i>Vue d'ensemble <\/i><\/b><\/h4>\n<p>If you are In Miches pick a Private normal trip to Los Haitises National Park.\u00a0 Come with us and visit the most beautiful national park of the Dominican Republic, Visiting Mangroves, Caves, and San Lorenzo Bay. This experience can start from the Sabana de la Mar community learning about the history of Sabana de la Mar. Also, we start this trip from Sabana de la mar.<\/p>\n<ul>\n<li style=\"font-weight: 400;\">Frais inclus<\/li>\n<li style=\"font-weight: 400;\"><span style=\"font-weight: 400;\">Le guide fournit des instructions et une supervision<\/span><\/li>\n<li>Lunch is Not included for Lunch at Ca\u00f1o Hondo Pick this tour: <a href=\"https:\/\/www.ticketswhales.com\/tour\/los-haitises-national-park-lunch-at-cano-hondo-from-sabana-de-la-mar\/\" target=\"_blank\" rel=\"noopener\">Los Haitises Plus Ca\u00f1o Hondo.<\/a><\/li>\n<\/ul>\n<p>&nbsp;<\/p>\n<h4><b>Inclusions et exclusions<\/b><\/h4>\n<p>&nbsp;<\/p>\n<p><b>Inclusions<\/b><\/p>\n<ol>\n<li style=\"font-weight: 400;\">Visite de Los Haitises + grottes et pictogrammes<\/li>\n<li style=\"font-weight: 400;\"><span style=\"font-weight: 400;\">Toutes les taxes, tous les frais et tous les frais de gestion<\/span><\/li>\n<li style=\"font-weight: 400;\"><span style=\"font-weight: 400;\">Imp\u00f4ts locaux<\/span><\/li>\n<li style=\"font-weight: 400;\"><span style=\"font-weight: 400;\">Toutes les activit\u00e9s<\/span><\/li>\n<li style=\"font-weight: 400;\"><span style=\"font-weight: 400;\">Guide local<\/span><\/li>\n<li>Transportation incluided<\/li>\n<\/ol>\n<p><b> Exclusions<\/b><\/p>\n<ol>\n<li style=\"font-weight: 400;\"><span style=\"font-weight: 400;\">Pourboires<\/span><\/li>\n<li>Lunch is Not included for Lunch at Ca\u00f1o Hondo Pick this tour: <a href=\"https:\/\/www.ticketswhales.com\/tour\/los-haitises-national-park-lunch-at-cano-hondo-from-sabana-de-la-mar\/\" target=\"_blank\" rel=\"noopener\">Los Haitises Plus Ca\u00f1o Hondo.<\/a><\/li>\n<li style=\"font-weight: 400;\"><span style=\"font-weight: 400;\">Transfert<\/span><\/li>\n<li style=\"font-weight: 400;\"><span style=\"font-weight: 400;\">Boissons alcoolis\u00e9es<\/span><\/li>\n<\/ol>\n<p>&nbsp;<\/p>\n<h4><em><strong>D\u00e9part et retour<\/strong><\/em><\/h4>\n<p><span style=\"font-weight: 400;\">Le voyageur obtiendra un point de rencontre apr\u00e8s le processus de r\u00e9servation. Les circuits commencent et se terminent \u00e0 nos points de rencontre.<\/span><\/p>\n<p>&nbsp;<\/p>\n<h4><b><i>\u00c0 quoi s'attendre ?<\/i><\/b><\/h4>\n<p>&nbsp;<\/p>\n<p><em><strong>Achetez vos billets<\/strong><\/em> for visiting Los Haitises National Park from Miches with transportation included with Caves, Mangroves and San Lorenzo Bay.<\/p>\n<p>Lowest price to visit <strong>Parc national de Los Haitises<\/strong> from <strong>Savane de la mer<\/strong> or Miches<strong>\u00a0Hotels<\/strong> with Locals. The Trip starts in the Main Port of\u00a0 The Haitises National Park. This trip starts at 10:00 am with a Local Tour Guide that knows the original History of the gorgeous National Park.<\/p>\n<p>After we start from the Main port of Los Haitises National Park name Ca\u00f1o Hondo (Deep Creek) on a BOAT with Life jackets. We will enjoy the Red Mangroves forest until arrive in San Lorenzo Bay. Small bay into Saman\u00e1 Bay. And here we go! The first amazing thing that you can see is the collection of a Huge limestones mountain island called Mogotes. on top of them more than 700 species of Plants and many wetlands birds flying around. Later Visiting Caves with pictographs from our indigenous communities 750 years ago.<\/p>\n<p>\u00c0 travers les mangroves et atterrissez dans la baie ouverte de San Lorenzo, d&#039;o\u00f9 vous pourrez photographier le paysage forestier accident\u00e9. Regardez l&#039;eau pour rep\u00e9rer <em><strong>Lamantins<\/strong><\/em>les crustac\u00e9s, et <em><strong>dauphins.<\/strong><\/em><\/p>\n<div class=\"body-description secondary\">\n<p>Le nom du parc national vient de ses premiers habitants, les Indiens Taino. Dans leur langue, \u00ab Haitises \u00bb se traduit par hauts plateaux ou collines, une r\u00e9f\u00e9rence aux formations g\u00e9ologiques abruptes et calcaires du littoral. Aventurez-vous plus profond\u00e9ment dans le parc pour explorer des grottes telles que <em><strong>Grotte de sable<\/strong><\/em> et <strong><em>Cueva de la L\u00ednea.<\/em><\/strong> Caves in the reserve were used as shelter by the Taino Indians and, later, by hiding pirates. Look for drawings by Indians that decorate some of the walls. After visiting Los Haitises National Park we will go back to the port where our trip started.<\/p>\n<\/div>\n<p>&nbsp;<\/p>\n<h4><em><strong>Que faut-il apporter ?<\/strong><\/em><\/h4>\n<ul>\n<li style=\"font-weight: 400;\"><span style=\"font-weight: 400;\">Appareil photo<\/span><\/li>\n<li style=\"font-weight: 400;\"><span style=\"font-weight: 400;\">Bourgeons r\u00e9pulsifs<\/span><\/li>\n<li style=\"font-weight: 400;\"><span style=\"font-weight: 400;\">cr\u00e8me solaire<\/span><\/li>\n<li style=\"font-weight: 400;\"><span style=\"font-weight: 400;\">Chapeau<\/span><\/li>\n<li style=\"font-weight: 400;\"><span style=\"font-weight: 400;\">Pantalon confortable<\/span><\/li>\n<li style=\"font-weight: 400;\"><span style=\"font-weight: 400;\">Chaussures de randonn\u00e9e pour la for\u00eat<\/span><\/li>\n<li style=\"font-weight: 400;\"><span style=\"font-weight: 400;\">Sandals to the Spring areas.<\/span><\/li>\n<li style=\"font-weight: 400;\"><span style=\"font-weight: 400;\">V\u00eatements de bain<\/span><\/li>\n<\/ul>\n<p>&nbsp;<\/p>\n<h4><b><i>H\u00f4tel Pickup <\/i><\/b><\/h4>\n<p><span style=\"font-weight: 400;\">Hotel pick-up is offered if you are in Miches or Sabana de la mar \u00a0Hotels.<\/span><\/p>\n<p>&nbsp;<\/p>\n<p><b>Remarque :<\/b><span style=\"font-weight: 400;\"> if you are booking within 24 hours of the tour\/Excursion departure time, we can arrange hotel pick-up with extra Charges if you are not in Miches or Sabana de la mar hotels. Once your purchase is complete, we will send you complete contact information (phone number, email address, etc.) for our local Tour guide to organize pick-up arrangements.<\/span><\/p>\n<h4><b><i>Informations compl\u00e9mentaires Confirmation <\/i><\/b><\/h4>\n<ol>\n<li>Les billets sont le re\u00e7u apr\u00e8s le paiement de cette tourn\u00e9e. Vous pouvez montrer le paiement sur votre t\u00e9l\u00e9phone.<\/li>\n<li style=\"font-weight: 400;\"><span style=\"font-weight: 400;\">Le point de rencontre sera communiqu\u00e9 apr\u00e8s le processus de r\u00e9servation.<\/span><\/li>\n<li style=\"font-weight: 400;\"><span style=\"font-weight: 400;\">Les enfants doivent \u00eatre accompagn\u00e9s d'un adulte.<\/span><\/li>\n<li style=\"font-weight: 400;\"><span style=\"font-weight: 400;\"> Non accessible aux fauteuils roulants <\/span><\/li>\n<li style=\"font-weight: 400;\"><span style=\"font-weight: 400;\">Les enfants en bas \u00e2ge doivent \u00eatre assis sur les genoux <\/span><\/li>\n<li style=\"font-weight: 400;\"><span style=\"font-weight: 400;\">D\u00e9conseill\u00e9 aux voyageurs souffrant de probl\u00e8mes de dos<\/span><\/li>\n<li style=\"font-weight: 400;\"><span style=\"font-weight: 400;\">D\u00e9conseill\u00e9 aux voyageuses enceintes <\/span><\/li>\n<li style=\"font-weight: 400;\"><span style=\"font-weight: 400;\"> Pas de probl\u00e8mes cardiaques ou d'autres maladies graves <\/span><\/li>\n<li style=\"font-weight: 400;\"><span style=\"font-weight: 400;\">La plupart des voyageurs peuvent participer<\/span><\/li>\n<\/ol>\n<h4><b><i>Politique d'annulation<\/i><\/b><\/h4>\n<p>Pour un remboursement complet, veuillez lire nos politiques d'annulation.\u00a0<a href=\"https:\/\/www.ticketswhales.com\/online-booking\/\" target=\"_blank\" rel=\"noopener\" data-saferedirecturl=\"https:\/\/www.google.com\/url?q=https:\/\/www.ticketswhales.com\/online-booking\/&amp;source=gmail&amp;ust=1672449202351000&amp;usg=AOvVaw1yAeVAPktmaVCqDujgUn90\">Cliquez ici<\/a>. Funds will be lost if the reservation is canceled the same day of the trip.<\/p>\n\n\t\t<\/div>\n\t<\/div>\n<div class=\"vc_btn3-container vc_btn3-inline\" ><button class=\"vc_general vc_btn3 vc_btn3-size-md vc_btn3-shape-rounded vc_btn3-style-modern vc_btn3-color-green\">R\u00c9SERVEZ MAINTENANT<\/button><\/div><\/div><\/div><\/div><\/div><div class=\"vc_row wpb_row vc_row-fluid\" ><div class=\"wpb_column vc_column_container vc_col-sm-12\"><div class=\"vc_column-inner\"><div class=\"wpb_wrapper\"><div class=\"vc_empty_space\"   style=\"height: 32px\"><span class=\"vc_empty_space_inner\"><\/span><\/div>\n\t<div class=\"wpb_text_column wpb_content_element\" >\n\t\t<div class=\"wpb_wrapper\">\n\t\t\t<h4>Nous contacter ?<\/h4>\n<h5>R\u00e9servation d'aventures<\/h5>\n<p><em><strong>Locaux<\/strong>\u00a0et\u00a0<strong>Nationales<\/strong>\u00a0Guides touristiques et services aux visiteurs<\/em><\/p>\n<p><span class=\"text-turquoise\">R\u00e9servations :<\/span>\u00a0Tours et excursions \u00e0 Dom. Rep.<\/p>\n<p><img decoding=\"async\" class=\"emoji\" draggable=\"false\" src=\"https:\/\/s.w.org\/images\/core\/emoji\/11.2.0\/svg\/1f4de.svg\" alt=\"\ud83d\udcde\" title=\"\">\u00a0T\u00e9l \/ Whatsapp\u00a0\u00a0<a href=\"tel:+1-809-720-6035\">+1-809-720-6035<\/a>.<\/p>\n<p><img decoding=\"async\" class=\"emoji\" draggable=\"false\" src=\"https:\/\/s.w.org\/images\/core\/emoji\/11.2.0\/svg\/1f4e9.svg\" alt=\"\ud83d\udce9\" title=\"\">\u00a0<a href=\"mailto:info@bookingadventures.com.do\">info@bookingadventures.com.do<\/a><\/p>\n<p><strong>Nous sommes flexibles pour organiser des visites priv\u00e9es par Whatsapp :\u00a0<a href=\"tel:+18097206035\">+18097206035.<\/a><\/strong><\/p>\n\n\t\t<\/div>\n\t<\/div>\n<div class=\"vc_empty_space\"   style=\"height: 32px\"><span class=\"vc_empty_space_inner\"><\/span><\/div><\/div><\/div><\/div><\/div><div class=\"vc_row wpb_row vc_row-fluid\" ><div class=\"wpb_column vc_column_container vc_col-sm-12\"><div class=\"vc_column-inner\"><div class=\"wpb_wrapper\">[mkdf_section_title title_tag=\u00bb\u00bb disable_break_words=\u00bbno\u00bb subtitle_tag=\u00bb\u00bb text_font_weight=\u00bb\u00bb title=\u00bbCano Hondo Excursions\u00bb subtitle=\u00bbTours and Excursions around Cano Hondo\u00bb text=\u00bbOther options for tours and excursion in Cano Hondo area. Sabana de la mar, Republica Dominicana.\u00bb]<div class=\"woocommerce columns-4\"><\/div><\/div><\/div><\/div><\/div><div class=\"vc_row wpb_row vc_row-fluid\" ><div class=\"wpb_column vc_column_container vc_col-sm-12\"><div class=\"vc_column-inner\"><div class=\"wpb_wrapper\"><div class=\"vc_btn3-container vc_btn3-inline\" ><button class=\"vc_general vc_btn3 vc_btn3-size-md vc_btn3-shape-rounded vc_btn3-style-modern vc_btn3-color-green\">R\u00c9SERVEZ MAINTENANT<\/button><\/div><\/div><\/div><\/div><\/div>","protected":false},"excerpt":{"rendered":"<p>Lowest price to visit <strong>Parc national de Los Haitises<\/strong> from <strong>Savane de la mer<\/strong> or Miches<strong>\u00a0Hotels<\/strong> with Locals. The Trip starts in the Main Port of\u00a0 The Haitises National Park. This trip starts at 8:00 am with a Local Tour Guide that knows the original History of the gorgeous National Park.<\/p>\n<p>After we start from the Main port of Los Haitises National Park name Ca\u00f1o Hondo (Deep Creek) on a BOAT with Life jackets. We will enjoy the Red Mangroves forest until arrive in San Lorenzo Bay, a Small bay into the Saman\u00e1 Bay. And here we go! The first amazing thing that you can see is the collection of a Huge limestones mountain island called Mogotes. On top of them more than 700 species of Plants and many wetlands birds flying around. Later Visiting Caves with pictographs from our indigenous communities 750 years ago.<\/p>\n<p>&nbsp;<\/p>\n<p><strong>Veuillez s\u00e9lectionner la date de la tourn\u00e9e\u00a0<\/strong><\/p>\n<p>&nbsp;<\/p>\n<p><strong>Veuillez s\u00e9lectionner la date de la tourn\u00e9e\u00a0<\/strong><\/p>","protected":false},"featured_media":11332,"template":"","meta":[],"product_brand":[],"product_cat":[565,566,119,120,98,121,99,122,123,124],"product_tag":[125,126,446,127,128,129,130,447,131,132,522,133,134,114],"class_list":{"0":"post-11621","1":"product","2":"type-product","3":"status-publish","4":"has-post-thumbnail","6":"product_cat-1-sabana-de-la-mar","7":"product_cat-boat-trip-los-haitises","8":"product_cat-caves","9":"product_cat-fees-entrace","10":"product_cat-local-tour-guides","11":"product_cat-mangroves","12":"product_cat-swimming-natural-springs","13":"product_cat-tours-and-excursions","14":"product_cat-tours-excursions-los-haitises-national-park","15":"product_cat-tours-excursions-samana-bay-dominican-republic","16":"product_tag-boat-tour","17":"product_tag-cano-hondo","18":"product_tag-cano-hondo-excursion","19":"product_tag-cano-hondo-hotel","20":"product_tag-cano-hondo-tours","21":"product_tag-eco-tours","22":"product_tag-excursion","23":"product_tag-hotel-cano-hondo","24":"product_tag-locals-guides","25":"product_tag-los-haitises","26":"product_tag-los-haitises-boat-private-trip-from-club-med-miches-playa-esmeralda-areas","27":"product_tag-los-haitises-national-park","28":"product_tag-los-haitises-national-park-tour","29":"product_tag-sabana-de-la-mar","31":"first","32":"instock","33":"sale","34":"shipping-taxable","35":"product-type-external"},"_links":{"self":[{"href":"https:\/\/haitises.com\/fr\/wp-json\/wp\/v2\/product\/11621","targetHints":{"allow":["GET"]}}],"collection":[{"href":"https:\/\/haitises.com\/fr\/wp-json\/wp\/v2\/product"}],"about":[{"href":"https:\/\/haitises.com\/fr\/wp-json\/wp\/v2\/types\/product"}],"wp:featuredmedia":[{"embeddable":true,"href":"https:\/\/haitises.com\/fr\/wp-json\/wp\/v2\/media\/11332"}],"wp:attachment":[{"href":"https:\/\/haitises.com\/fr\/wp-json\/wp\/v2\/media?parent=11621"}],"wp:term":[{"taxonomy":"product_brand","embeddable":true,"href":"https:\/\/haitises.com\/fr\/wp-json\/wp\/v2\/product_brand?post=11621"},{"taxonomy":"product_cat","embeddable":true,"href":"https:\/\/haitises.com\/fr\/wp-json\/wp\/v2\/product_cat?post=11621"},{"taxonomy":"product_tag","embeddable":true,"href":"https:\/\/haitises.com\/fr\/wp-json\/wp\/v2\/product_tag?post=11621"}],"curies":[{"name":"wp","href":"https:\/\/api.w.org\/{rel}","templated":true}]}}