{"id":11380,"date":"2021-08-15T20:09:02","date_gmt":"2021-08-15T20:09:02","guid":{"rendered":"http:\/\/haitises.com\/?post_type=product&#038;p=11380"},"modified":"2024-04-02T20:34:50","modified_gmt":"2024-04-02T20:34:50","slug":"27-waterfalls-buggies-tour-puerto-plata-2","status":"publish","type":"product","link":"https:\/\/haitises.com\/fr\/prive\/27-waterfalls-buggies-tour-puerto-plata-2\/","title":{"rendered":"Visite en buggy des 27 cascades de Puerto Plata"},"content":{"rendered":"<div class=\"vc_row wpb_row vc_row-fluid\" ><div class=\"wpb_column vc_column_container vc_col-sm-12\"><div class=\"vc_column-inner\"><div class=\"wpb_wrapper\">[mkdf_section_title title_tag=\u00bb\u00bb disable_break_words=\u00bbno\u00bb subtitle_tag=\u00bb\u00bb title=\u00bb27 Waterfalls Buggies Tour Puerto Plata\u00bb subtitle=\u00bbLunch Included\u00bb]<\/div><\/div><\/div><\/div><div class=\"vc_row wpb_row vc_row-fluid\" ><div class=\"wpb_column vc_column_container vc_col-sm-12\"><div class=\"vc_column-inner\"><div class=\"wpb_wrapper\">\n\t<div class=\"wpb_text_column wpb_content_element\" >\n\t\t<div class=\"wpb_wrapper\">\n\t\t\t<h3 class=\"ui_header h1 attractions-product-info-ProductTitle__title--1qM0o\">Visite en buggy des 27 cascades de Puerto Plata<\/h3>\n<h4><b><i>Vue d'ensemble <\/i><\/b><\/h4>\n<p>Obtenez vos billets pour des buggies \u00e0 Puerto Plata. Zones de Damajagua.<\/p>\n<p>Il n&#039;y a pas de moyen plus excitant d&#039;explorer la campagne sauvage dominicaine qu&#039;avec l&#039;un de ces buggies lors d&#039;une visite pr\u00e9sent\u00e9e par les locaux. Empruntez des sentiers hors route avec 27 zones foresti\u00e8res de cascades en toile de fond et nagez dans une rivi\u00e8re ou \u00e0 la plage lors de cette aventure matinale d&#039;une demi-journ\u00e9e.<\/p>\n<p>Apr\u00e8s les instructions d&#039;experts, il est temps de parcourir les sentiers et de s&#039;aventurer dans la campagne. Vous traverserez des palmeraies, des terres agricoles rustiques et des villages tout en parcourant les sentiers poussi\u00e9reux de la jungle, bien hors des sentiers battus.<\/p>\n<p>Il y aura quelques arr\u00eats au stand o\u00f9 vous pourrez prendre une noix de coco fra\u00eeche pour la route, si vous avez soif. De plus, d&#039;une mani\u00e8re ou d&#039;une autre, vous vous salirez, alors apportez votre maillot de bain et rafra\u00eechissez-vous \u00e0 la plage ou \u00e0 la rivi\u00e8re naturelle \u2013 une belle fa\u00e7on de vous d\u00e9poussi\u00e9rer. Vous aurez \u00e9galement l&#039;occasion de terminer une journ\u00e9e palpitante avec une bi\u00e8re glac\u00e9e ou un cocktail gratuit \u00e0 la base.<\/p>\n<ul>\n<li style=\"font-weight: 400;\">Frais inclus<\/li>\n<li>D\u00e9jeuner<\/li>\n<li>En-cas<\/li>\n<li style=\"font-weight: 400;\">Guide touristique local en anglais<\/li>\n<\/ul>\n<p>&nbsp;<\/p>\n<h4><b>Inclusions et exclusions<\/b><\/h4>\n<p>&nbsp;<\/p>\n<p><b>Inclusions<\/b><\/p>\n<ol>\n<li>D\u00e9jeuner<\/li>\n<li style=\"font-weight: 400;\"><span style=\"font-weight: 400;\">Toutes les taxes, frais et frais de manutention<\/span><\/li>\n<li style=\"font-weight: 400;\"><span style=\"font-weight: 400;\">Imp\u00f4ts locaux<\/span><\/li>\n<li style=\"font-weight: 400;\"><span style=\"font-weight: 400;\">Boissons<\/span><\/li>\n<li>En-cas<\/li>\n<li style=\"font-weight: 400;\"><span style=\"font-weight: 400;\">Toutes les activit\u00e9s<\/span><\/li>\n<li style=\"font-weight: 400;\"><span style=\"font-weight: 400;\">Guide local<\/span><\/li>\n<\/ol>\n<p><b> Exclusions<\/b><\/p>\n<ol>\n<li style=\"font-weight: 400;\"><span style=\"font-weight: 400;\">Pourboires<\/span><\/li>\n<li>transport (D\u00e9fini en nous contactant)<\/li>\n<li style=\"font-weight: 400;\"><span style=\"font-weight: 400;\">Boissons alcoolis\u00e9es<\/span><\/li>\n<\/ol>\n<p>&nbsp;<\/p>\n<h4><em><strong>D\u00e9part et retour<\/strong><\/em><\/h4>\n<p><span style=\"font-weight: 400;\">Le voyageur obtiendra un point de rendez-vous apr\u00e8s le processus de r\u00e9servation. Les visites commencent et se terminent \u00e0 vos points de rendez-vous.<\/span><\/p>\n<h4><\/h4>\n<h3 class=\"ui_header h1 attractions-product-info-ProductTitle__title--1qM0o\">27 cascades en buggy \u00e0 Puerto Plata.<\/h3>\n<h4><b><i>\u00c0 quoi s'attendre ?<\/i><\/b><\/h4>\n<div class=\"apd_content_block\" data-tab=\"TABS_OVERVIEW\"><\/div>\n<div data-tab=\"TABS_WHAT_TO_EXPECT\">\n<div class=\"ui_card attractions-card-CollapsibleProductDetailsCard__cardContainer--3r2wk attractions-card-CollapsibleProductDetailsCard__cleanslateOverrideDT--2AJh0\">\n<div class=\"attractions-card-CollapsibleCard__content--2Ws8q\">\n<div class=\"attractions-card-CollapsibleCard__contentWrap--374jk attractions-card-CollapsibleCard__titleUnderline--1uHze\">\n<div class=\"attractions-card-CollapsibleProductDetailsCard__cardContent--23ext\">\n<div class=\"common-text-ReadMore__readMore--3Iu8c common-text-ReadMore__variantFadeOut--1tInd\">\n<div class=\"common-text-ReadMore__content--2X4LR\">\n<div class=\"ui_columns is-desktop\">\n<div class=\"ui_column\">\n<p>Buggy de Damajagua<\/p>\n<p>D\u00e9marrons nos moteurs et commen\u00e7ons un itin\u00e9raire passionnant \u00e0 travers des sentiers boueux, des for\u00eats tropicales et des rivi\u00e8res. Il s&#039;agit d&#039;un tour d&#039;une heure et demie d&#039;une longueur comprise entre 10 et 15 kilom\u00e8tres.<\/p>\n<p>Le premier arr\u00eat aura lieu dans la rivi\u00e8re Bajabonico, dans la communaut\u00e9 de Bellaco. Sur la route, vous pourrez ramasser quelques fruits et m\u00eame manger du Patty fait maison.<\/p>\n<p>Nous continuerons la route en buggy vers les communaut\u00e9s de Bajabonico Arriba, Palmar Grande et Los Felix. Une fois que nous conduisons dans ces communaut\u00e9s, nous devons ralentir notre vitesse \u00e0 cause des enfants, des animaux et de la population locale qui m\u00e8nent une vie normale.<br \/>\nNous descendrons des v\u00e9hicules et aurons la chance de nager dans l&#039;eau douce de la rivi\u00e8re !<br \/>\nAu retour, nous emprunterons une route ext\u00e9rieure pouvant traverser jusqu&#039;\u00e0 12 fois la rivi\u00e8re une \u00e0 une.<br \/>\nEnfin, nous reviendrons au point de rendez-vous et vous pourrez retourner chez vous et parler \u00e0 vos amis de cette visite inoubliable.<\/p>\n<\/div>\n<\/div>\n<\/div>\n<\/div>\n<\/div>\n<\/div>\n<\/div>\n<\/div>\n<\/div>\n<h4><em><strong>Que faut-il apporter ?<\/strong><\/em><\/h4>\n<ul>\n<li style=\"font-weight: 400;\"><span style=\"font-weight: 400;\">Appareil photo<\/span><\/li>\n<li style=\"font-weight: 400;\"><span style=\"font-weight: 400;\">Bourgeons r\u00e9pulsifs<\/span><\/li>\n<li style=\"font-weight: 400;\"><span style=\"font-weight: 400;\">Cr\u00e8me solaire<\/span><\/li>\n<li style=\"font-weight: 400;\"><span style=\"font-weight: 400;\">Chapeau<\/span><\/li>\n<li style=\"font-weight: 400;\"><span style=\"font-weight: 400;\">Pantalon confortable<\/span><\/li>\n<li style=\"font-weight: 400;\"><span style=\"font-weight: 400;\">Chaussures de randonn\u00e9e pour la for\u00eat<\/span><\/li>\n<li style=\"font-weight: 400;\"><span style=\"font-weight: 400;\">Sandals to the Spring areas.<\/span><\/li>\n<li style=\"font-weight: 400;\"><span style=\"font-weight: 400;\">V\u00eatements de bain<\/span><\/li>\n<\/ul>\n<p>&nbsp;<\/p>\n<h4><b><i>H\u00f4tel Pickup <\/i><\/b><\/h4>\n<p><span style=\"font-weight: 400;\">La prise en charge \u00e0 l&#039;h\u00f4tel n&#039;est pas propos\u00e9e pour cette visite. Nous mettons en place le Pick up en nous contactant par Whatsapp.<\/span><\/p>\n<p>&nbsp;<\/p>\n<p><b>Remarque :<\/b><span style=\"font-weight: 400;\"> Si vous r\u00e9servez dans les 24 heures pr\u00e9c\u00e9dant l'heure de d\u00e9part de la visite\/excursion, nous pouvons organiser la prise en charge \u00e0 l'h\u00f4tel moyennant des frais suppl\u00e9mentaires. Une fois votre achat effectu\u00e9, nous vous enverrons les coordonn\u00e9es compl\u00e8tes (num\u00e9ro de t\u00e9l\u00e9phone, adresse \u00e9lectronique, etc.) de notre guide local pour organiser la prise en charge.<\/span><\/p>\n<h4><b><i>Informations compl\u00e9mentaires Confirmation <\/i><\/b><\/h4>\n<ol>\n<li>Les billets sont le re\u00e7u apr\u00e8s avoir pay\u00e9 cette tourn\u00e9e. Vous pouvez afficher le paiement sur votre t\u00e9l\u00e9phone.<\/li>\n<li style=\"font-weight: 400;\"><span style=\"font-weight: 400;\">Le point de rencontre sera communiqu\u00e9 apr\u00e8s le processus de r\u00e9servation.<\/span><\/li>\n<li style=\"font-weight: 400;\"><span style=\"font-weight: 400;\">Les enfants doivent \u00eatre accompagn\u00e9s d'un adulte.<\/span><\/li>\n<li style=\"font-weight: 400;\"><span style=\"font-weight: 400;\"> Non accessible aux fauteuils roulants <\/span><\/li>\n<li style=\"font-weight: 400;\"><span style=\"font-weight: 400;\">Les enfants en bas \u00e2ge doivent \u00eatre assis sur les genoux <\/span><\/li>\n<li style=\"font-weight: 400;\"><span style=\"font-weight: 400;\">D\u00e9conseill\u00e9 aux voyageurs souffrant de probl\u00e8mes de dos<\/span><\/li>\n<li style=\"font-weight: 400;\"><span style=\"font-weight: 400;\">D\u00e9conseill\u00e9 aux voyageuses enceintes <\/span><\/li>\n<li style=\"font-weight: 400;\"><span style=\"font-weight: 400;\"> Pas de probl\u00e8mes cardiaques ou d'autres maladies graves <\/span><\/li>\n<li style=\"font-weight: 400;\"><span style=\"font-weight: 400;\">La plupart des voyageurs peuvent participer<\/span><\/li>\n<\/ol>\n<h4><b><i>Politique d'annulation<\/i><\/b><\/h4>\n<p><span style=\"font-weight: 400;\">Pour un remboursement complet, annulez au moins 74 heures avant la date de d\u00e9but de l&#039;exp\u00e9rience. Les fonds seront perdus si la r\u00e9servation est annul\u00e9e le jour m\u00eame du voyage.<\/span><\/p>\n\n\t\t<\/div>\n\t<\/div>\n<\/div><\/div><\/div><\/div><div class=\"vc_row wpb_row vc_row-fluid\" ><div class=\"wpb_column vc_column_container vc_col-sm-12\"><div class=\"vc_column-inner\"><div class=\"wpb_wrapper\">\n\t<div class=\"wpb_video_widget wpb_content_element vc_clearfix   vc_video-aspect-ratio-169 vc_video-el-width-100 vc_video-align-left\" >\n\t\t<div class=\"wpb_wrapper\">\n\t\t\t<h2 class=\"wpb_heading wpb_video_heading\">Visite des 27 cascades de Damajagua au d\u00e9part de Puerto Plata\u00a0:<\/h2>\n\t\t\t<div class=\"wpb_video_wrapper\"><iframe loading=\"lazy\" title=\"27 cascades de Damajagua par Booking Adventures &amp; Travel R\u00e9publique Dominicaine\" width=\"1100\" height=\"619\" src=\"https:\/\/www.youtube.com\/embed\/AVNh_we_RQE?start=17&feature=oembed\" frameborder=\"0\" allow=\"accelerometer; autoplay; clipboard-write; encrypted-media; gyroscope; picture-in-picture\" allowfullscreen><\/iframe><\/div>\n\t\t<\/div>\n\t<\/div>\n<\/div><\/div><\/div><\/div><div class=\"vc_row wpb_row vc_row-fluid\" ><div class=\"wpb_column vc_column_container vc_col-sm-12\"><div class=\"vc_column-inner\"><div class=\"wpb_wrapper\"><div class=\"vc_empty_space\"   style=\"height: 32px\"><span class=\"vc_empty_space_inner\"><\/span><\/div>\n\t<div class=\"wpb_text_column wpb_content_element\" >\n\t\t<div class=\"wpb_wrapper\">\n\t\t\t<h4>Nous contacter ?<\/h4>\n<h5><em><strong>R\u00e9servation d'aventures<\/strong><\/em><\/h5>\n<p><em><strong>Locaux<\/strong>\u00a0et\u00a0<strong>Nationales<\/strong>\u00a0Guides touristiques et services aux visiteurs<\/em><\/p>\n<p><span class=\"text-turquoise\">R\u00e9servations :<\/span>\u00a0Tours et excursions \u00e0 Dom. Rep.<\/p>\n<p><img decoding=\"async\" class=\"emoji\" draggable=\"false\" src=\"https:\/\/s.w.org\/images\/core\/emoji\/11.2.0\/svg\/1f4de.svg\" alt=\"\ud83d\udcde\" title=\"\">\u00a0T\u00e9l \/ Whatsapp\u00a0\u00a0<a href=\"tel:+1-809-720-6035\">+1-809-720-6035<\/a>.<\/p>\n<p><img decoding=\"async\" class=\"emoji\" draggable=\"false\" src=\"https:\/\/s.w.org\/images\/core\/emoji\/11.2.0\/svg\/1f4e9.svg\" alt=\"\ud83d\udce9\" title=\"\">\u00a0<a href=\"mailto:info@bookingadventures.com.do\">info@bookingadventures.com.do<\/a><\/p>\n<p><strong>Nous sommes flexibles pour organiser des visites priv\u00e9es par Whatsapp :\u00a0<a href=\"tel:+18097206035\">+18097206035.<\/a><\/strong><\/p>\n\n\t\t<\/div>\n\t<\/div>\n<div class=\"vc_empty_space\"   style=\"height: 32px\"><span class=\"vc_empty_space_inner\"><\/span><\/div><\/div><\/div><\/div><\/div>","protected":false},"excerpt":{"rendered":"<p>Cette excursion depuis les 27 cascades de Damajagua \u00e0 Puerto Plata, d\u00e9jeuner et excursion aux 27 cascades, randonn\u00e9e et saut dans la rivi\u00e8re.<\/p>\n<p>Voyage \u00e9cologique aux 27 cascades de Puerto Plata. Obtenez vos billets pour une excursion d&#039;une demi-journ\u00e9e ici dans la cascade 27 de Damajagua. Les billets d&#039;entr\u00e9e avec d\u00e9jeuner et excursion incluent le saut et la baignade dans les plus belles cascades de la R\u00e9publique dominicaine. Randonn\u00e9e et natation avec \u00e9quipement de s\u00e9curit\u00e9 pour vivre la meilleure exp\u00e9rience de tous les temps !!<\/p>\n<p>&nbsp;<\/p>\n<p><strong>Veuillez s\u00e9lectionner la date de la visite :\u00a0<\/strong><\/p>","protected":false},"featured_media":11224,"template":"","meta":[],"product_brand":[],"product_cat":[507,240,120,122,100],"product_tag":[249,508,251,253,256,257],"class_list":{"0":"post-11380","1":"product","2":"type-product","3":"status-publish","4":"has-post-thumbnail","6":"product_cat-buggies-puerto-plata","7":"product_cat-damajagua","8":"product_cat-fees-entrace","9":"product_cat-tours-and-excursions","10":"product_cat-waterfalls","11":"product_tag-amber-cove-excursions","12":"product_tag-buggies-puerto-plata","13":"product_tag-damajagua-national-park","14":"product_tag-how-to-get-to-27-waterfalls-from-puerto-plata","15":"product_tag-puerto-plata","16":"product_tag-things-to-do-in-amber-cove","18":"first","19":"instock","20":"sale","21":"sold-individually","22":"shipping-taxable","23":"product-type-external"},"_links":{"self":[{"href":"https:\/\/haitises.com\/fr\/wp-json\/wp\/v2\/product\/11380","targetHints":{"allow":["GET"]}}],"collection":[{"href":"https:\/\/haitises.com\/fr\/wp-json\/wp\/v2\/product"}],"about":[{"href":"https:\/\/haitises.com\/fr\/wp-json\/wp\/v2\/types\/product"}],"wp:featuredmedia":[{"embeddable":true,"href":"https:\/\/haitises.com\/fr\/wp-json\/wp\/v2\/media\/11224"}],"wp:attachment":[{"href":"https:\/\/haitises.com\/fr\/wp-json\/wp\/v2\/media?parent=11380"}],"wp:term":[{"taxonomy":"product_brand","embeddable":true,"href":"https:\/\/haitises.com\/fr\/wp-json\/wp\/v2\/product_brand?post=11380"},{"taxonomy":"product_cat","embeddable":true,"href":"https:\/\/haitises.com\/fr\/wp-json\/wp\/v2\/product_cat?post=11380"},{"taxonomy":"product_tag","embeddable":true,"href":"https:\/\/haitises.com\/fr\/wp-json\/wp\/v2\/product_tag?post=11380"}],"curies":[{"name":"wp","href":"https:\/\/api.w.org\/{rel}","templated":true}]}}