{"id":11369,"date":"2021-08-15T20:09:01","date_gmt":"2021-08-15T20:09:01","guid":{"rendered":"http:\/\/haitises.com\/?post_type=product&#038;p=11369"},"modified":"2024-04-04T19:36:35","modified_gmt":"2024-04-04T19:36:35","slug":"los-haitises-complete-adventure-hotel-hiking-swimming-kayaking-2","status":"publish","type":"product","link":"https:\/\/haitises.com\/fr\/prive\/los-haitises-complete-adventure-hotel-hiking-swimming-kayaking-2\/","title":{"rendered":"Aventure compl\u00e8te Los Haitises, h\u00f4tel + randonn\u00e9e + natation + kayak"},"content":{"rendered":"<div class=\"vc_row wpb_row vc_row-fluid\" ><div class=\"wpb_column vc_column_container vc_col-sm-12\"><div class=\"vc_column-inner\"><div class=\"wpb_wrapper\">[mkdf_section_title title_tag=\u00bb\u00bb disable_break_words=\u00bbno\u00bb subtitle_tag=\u00bb\u00bb title=\u00bbLos Haitises Complete Adventure\u00bb subtitle=\u00bbHotel + Hiking +Swimming + Kayaking\u00bb]<div class=\"vc_empty_space\"   style=\"height: 32px\"><span class=\"vc_empty_space_inner\"><\/span><\/div>\n\t<div class=\"wpb_text_column wpb_content_element\" >\n\t\t<div class=\"wpb_wrapper\">\n\t\t\t<h4><\/h4>\n<h3>Day 1<\/h3>\n<p>We visit the East side of Dominican Republic, Los Haitises National Park Rainforest, our adventure starts After having check- in at the Ecolodge. First with a 2 to 3 Hours Hike. There you can enjoy the landscape,\u00a0 learn about Dominican Republic life in the country side and live nature. Along the way you will learn of the bio diverse ecosystem of the rainforest, touch Cacaos trees, unique flora and historical areas.<\/p>\n<p>Further up after we finish the hike, there is a Dominican style Dinner and Bonfires at the light of the stars.<\/p>\n<h3>Day 2<\/h3>\n<p>Next day Dominican Style Breakfast. After Breakfast we hike\u00a0 minutes to the Mangroves port. Then we take the equipment required for your safety (Lifejackets, etc), kayaks and going through mangrove swamps. You will see some bird-filled mangroves, rolling hills of lush vegetation.<\/p>\n<p>Through the mangroves and Land at the open San Lorenzo Bay, from where you can photograph the rugged forest landscape. Start checking some Endemics Birds, Mammals and Plants species, rolling hills of lush vegetation and caves of <em><strong>Parc national de Los Haitises<\/strong><\/em>.<\/p>\n<div class=\"body-description secondary\">\n<p>Le nom du parc national vient de ses premiers habitants, les Indiens Taino. Dans leur langue, \u00ab Haitises \u00bb se traduit par hauts plateaux ou collines, une r\u00e9f\u00e9rence aux formations g\u00e9ologiques abruptes et calcaires du littoral. Aventurez-vous plus profond\u00e9ment dans le parc pour explorer des grottes telles que <em><strong>Cueva de la Arena.\u00a0<\/strong><\/em><\/p>\n<h3>Finishing Day<\/h3>\n<p>After getting back to the Ecolodge there is free time to enjoy natural water pool swim in the first mineral waterfalls areas of Los Haitises National Park. Having Dominican Style Lunch and Check- out from Hotel 1: 00 PM.<\/p>\n<\/div>\n<p>This is an adventure good for those looking to enjoy nature and an unique rainforest experience. Focused on providing a true local view of Dominican Republic in Los Haitises National Park, with history facts and information about the ecosystem along the trip. Transportation is not included.<\/p>\n<h3>Meeting Point<\/h3>\n<p>We meet in Sabana de la mar, from here you will follow the guide in your own vehicle to our hidden gem!. Be ready for a real adventure hike, bonfires, kayaking &amp; waterfalls and the unique Ecolodge\u00a0 in Dominican Republic.<\/p>\n<p>If you are a group or are interested in a date you don&#8217;t see available, feel free to contact us directly and I will help you out. As you see in the reviews, Booking Adventures is very a passionate about our job and\u00a0 We love to show the real life in the island to our guests. On each tour we plant one Mangrove tree as a donation To the Nature.<\/p>\n<h4><b>Inclusions et exclusions<\/b><\/h4>\n<p><b>Inclusions<\/b><\/p>\n<ul>\n<li style=\"font-weight: 400;\">Parc national de Los Haitises<\/li>\n<li>Bonfire at Night<\/li>\n<li>4 Hours Hiking Rain Forest<\/li>\n<li>1 Room at the Ecolodge<\/li>\n<li>1 Dinner per Person<\/li>\n<li>1 Breakfast per Person<\/li>\n<li>1 Lunch per Person<\/li>\n<li>3 Hours Kayaking ( Or Boat Trip)<\/li>\n<li>Bird watching<\/li>\n<li>Mangroves plantation<\/li>\n<li>1 Cave Visit<\/li>\n<li style=\"font-weight: 400;\"><span style=\"font-weight: 400;\">Toutes les taxes, tous les frais et tous les frais de gestion<\/span><\/li>\n<li style=\"font-weight: 400;\"><span style=\"font-weight: 400;\">Imp\u00f4ts locaux<\/span><\/li>\n<li style=\"font-weight: 400;\"><span style=\"font-weight: 400;\">Guide local<\/span><\/li>\n<\/ul>\n<p><b> Exclusions<\/b><\/p>\n<ol>\n<li style=\"font-weight: 400;\"><span style=\"font-weight: 400;\">Pourboires<\/span><\/li>\n<li style=\"font-weight: 400;\"><span style=\"font-weight: 400;\">Transfert<\/span><\/li>\n<li style=\"font-weight: 400;\"><span style=\"font-weight: 400;\">Boissons alcoolis\u00e9es<\/span><\/li>\n<\/ol>\n<p>&nbsp;<\/p>\n<h4><em><strong>D\u00e9part et retour<\/strong><\/em><\/h4>\n<p><span style=\"font-weight: 400;\">Le voyageur obtiendra un point de rendez-vous apr\u00e8s le processus de r\u00e9servation. Les visites commencent et se terminent dans nos points de rendez-vous.<\/span><\/p>\n<p>From:<\/p>\n<p>3:00 PM Day One<\/p>\n<p>To:<\/p>\n<p>1: 00 PM Day Two.<\/p>\n<p>&nbsp;<\/p>\n<h4><em><strong>Que faut-il apporter ?<\/strong><\/em><\/h4>\n<ul>\n<li style=\"font-weight: 400;\"><span style=\"font-weight: 400;\">Appareil photo<\/span><\/li>\n<li style=\"font-weight: 400;\"><span style=\"font-weight: 400;\">Bourgeons r\u00e9pulsifs<\/span><\/li>\n<li style=\"font-weight: 400;\"><span style=\"font-weight: 400;\">Cr\u00e8me solaire<\/span><\/li>\n<li style=\"font-weight: 400;\"><span style=\"font-weight: 400;\">Chapeau<\/span><\/li>\n<li style=\"font-weight: 400;\"><span style=\"font-weight: 400;\">Pantalon confortable<\/span><\/li>\n<li style=\"font-weight: 400;\"><span style=\"font-weight: 400;\">Chaussures de randonn\u00e9e pour la for\u00eat<\/span><\/li>\n<li style=\"font-weight: 400;\"><span style=\"font-weight: 400;\">Sandals to the Spring areas.<\/span><\/li>\n<li style=\"font-weight: 400;\"><span style=\"font-weight: 400;\">V\u00eatements de bain<\/span><\/li>\n<\/ul>\n<p>&nbsp;<\/p>\n<h4><b><i>Pickup <\/i><\/b><\/h4>\n<p><span style=\"font-weight: 400;\">Hotel pick-up is <em style=\"font-weight: 400;\"><strong>not<\/strong>\u00a0<\/em><i>included<\/i> for this tour.\u00a0<\/span><\/p>\n<p><b>Remarque :<\/b><span style=\"font-weight: 400;\"> If you are booking within 72 hours of the tour\/Excursion departure time, we can arrangements hotel pick-up with extra Charges from any place of The Dominican Republic. Once your purchase is complete, we will send you complete contact information (phone number, email address, etc.) for our local Tour guide to organize pick-up arrangements.<\/span><\/p>\n<h4><b><i>Informations compl\u00e9mentaires Confirmation <\/i><\/b><\/h4>\n<ol>\n<li>Les billets sont le re\u00e7u apr\u00e8s le paiement de cette tourn\u00e9e. Vous pouvez montrer le paiement sur votre t\u00e9l\u00e9phone.<\/li>\n<li style=\"font-weight: 400;\"><span style=\"font-weight: 400;\">Le point de rencontre sera communiqu\u00e9 apr\u00e8s le processus de r\u00e9servation.<\/span><\/li>\n<li style=\"font-weight: 400;\"><span style=\"font-weight: 400;\">Les enfants doivent \u00eatre accompagn\u00e9s d'un adulte.<\/span><\/li>\n<li style=\"font-weight: 400;\"><span style=\"font-weight: 400;\"> Non accessible aux fauteuils roulants <\/span><\/li>\n<li style=\"font-weight: 400;\"><span style=\"font-weight: 400;\">Les enfants en bas \u00e2ge doivent \u00eatre assis sur les genoux <\/span><\/li>\n<li style=\"font-weight: 400;\"><span style=\"font-weight: 400;\">D\u00e9conseill\u00e9 aux voyageurs souffrant de probl\u00e8mes de dos<\/span><\/li>\n<li style=\"font-weight: 400;\"><span style=\"font-weight: 400;\">D\u00e9conseill\u00e9 aux voyageuses enceintes <\/span><\/li>\n<li style=\"font-weight: 400;\"><span style=\"font-weight: 400;\"> Pas de probl\u00e8mes cardiaques ou d'autres maladies graves <\/span><\/li>\n<li style=\"font-weight: 400;\"><span style=\"font-weight: 400;\">La plupart des voyageurs peuvent participer<\/span><\/li>\n<\/ol>\n<h4><b><i>Politique d'annulation<\/i><\/b><\/h4>\n<p><span style=\"font-weight: 400;\">For a full refund, cancel at least 7 Days in advance of the start date of the experience. Funds will be lost if the reservation is canceled the same day of the trip.<\/span><\/p>\n\n\t\t<\/div>\n\t<\/div>\n<div class=\"vc_empty_space\"   style=\"height: 32px\"><span class=\"vc_empty_space_inner\"><\/span><\/div><div class=\"woocommerce columns-4\"><\/div><\/div><\/div><\/div><\/div><div class=\"vc_row wpb_row vc_row-fluid\" ><div class=\"wpb_column vc_column_container vc_col-sm-12\"><div class=\"vc_column-inner\"><div class=\"wpb_wrapper\"><div class=\"vc_empty_space\"   style=\"height: 32px\"><span class=\"vc_empty_space_inner\"><\/span><\/div>\n\t<div class=\"wpb_text_column wpb_content_element\" >\n\t\t<div class=\"wpb_wrapper\">\n\t\t\t<h4>Nous contacter ?<\/h4>\n<h5>R\u00e9servation d'aventures<\/h5>\n<p><em><strong>Locaux<\/strong>\u00a0et\u00a0<strong>Nationales<\/strong>\u00a0Guides touristiques et services aux visiteurs<\/em><\/p>\n<p><span class=\"text-turquoise\">R\u00e9servations :<\/span>\u00a0Tours et excursions \u00e0 Dom. Rep.<\/p>\n<p><img decoding=\"async\" class=\"emoji\" draggable=\"false\" src=\"https:\/\/s.w.org\/images\/core\/emoji\/11.2.0\/svg\/1f4de.svg\" alt=\"\ud83d\udcde\" title=\"\">\u00a0T\u00e9l \/ Whatsapp\u00a0\u00a0<a href=\"tel:+1-809-720-6035\">+1-809-720-6035<\/a>.<\/p>\n<p><img decoding=\"async\" class=\"emoji\" draggable=\"false\" src=\"https:\/\/s.w.org\/images\/core\/emoji\/11.2.0\/svg\/1f4e9.svg\" alt=\"\ud83d\udce9\" title=\"\">\u00a0<a href=\"mailto:info@bookingadventures.com.do\">info@bookingadventures.com.do<\/a><\/p>\n<p><strong>Nous sommes flexibles pour organiser des visites priv\u00e9es par Whatsapp :\u00a0<a href=\"tel:+18097206035\">+18097206035.<\/a><\/strong><\/p>\n\n\t\t<\/div>\n\t<\/div>\n<div class=\"vc_empty_space\"   style=\"height: 32px\"><span class=\"vc_empty_space_inner\"><\/span><\/div><\/div><\/div><\/div><\/div>","protected":false},"excerpt":{"rendered":"<p>Hiking 3 Hours and Kayaking Mangroves in Los Haitises National Park with a Local Tour guide from Sabana de la mar. Visiting the Rain forest, Coconuts, Coffe and Cacao areas. Learning about the original history from Los Haitises National Park.<\/p>\n<p>&nbsp;<\/p>\n<p><strong>Please Select the date for The Hiking Trip:<\/strong><\/p>","protected":false},"featured_media":11113,"template":"","meta":[],"product_brand":[],"product_cat":[356],"product_tag":[341,206,129,130,412,413,221,414,415,152,153,198,133,416,215,217,417,223,114,418,148,143,419],"class_list":{"0":"post-11369","1":"product","2":"type-product","3":"status-publish","4":"has-post-thumbnail","6":"product_cat-day-trips","7":"product_tag-cano-hondo-sabana-de-la-mar","8":"product_tag-caves-los-haitises","9":"product_tag-eco-tours","10":"product_tag-excursion","11":"product_tag-hike-kayak","12":"product_tag-hike-kayak-los-haitises-national-park","13":"product_tag-hiking-los-haitises","14":"product_tag-hiking-sabana-de-la-mar","15":"product_tag-hiking-samana","16":"product_tag-kayak-tour","17":"product_tag-kayaking","18":"product_tag-kayaking-los-haitises","19":"product_tag-los-haitises-national-park","20":"product_tag-los-haitises-national-park-entrance-fee","21":"product_tag-los-haitises-national-park-tour-from-las-terrenas","22":"product_tag-los-haitises-national-park-tour-from-santo-domingo","23":"product_tag-los-haitises-national-park-weather","24":"product_tag-los-haitises-sabana-de-la-mar","25":"product_tag-sabana-de-la-mar","26":"product_tag-sabana-de-la-mar-tour","27":"product_tag-samana-excursions","28":"product_tag-samana-tours","29":"product_tag-secrets-of-los-haitises","31":"first","32":"instock","33":"sale","34":"sold-individually","35":"shipping-taxable","36":"product-type-external"},"_links":{"self":[{"href":"https:\/\/haitises.com\/fr\/wp-json\/wp\/v2\/product\/11369","targetHints":{"allow":["GET"]}}],"collection":[{"href":"https:\/\/haitises.com\/fr\/wp-json\/wp\/v2\/product"}],"about":[{"href":"https:\/\/haitises.com\/fr\/wp-json\/wp\/v2\/types\/product"}],"wp:featuredmedia":[{"embeddable":true,"href":"https:\/\/haitises.com\/fr\/wp-json\/wp\/v2\/media\/11113"}],"wp:attachment":[{"href":"https:\/\/haitises.com\/fr\/wp-json\/wp\/v2\/media?parent=11369"}],"wp:term":[{"taxonomy":"product_brand","embeddable":true,"href":"https:\/\/haitises.com\/fr\/wp-json\/wp\/v2\/product_brand?post=11369"},{"taxonomy":"product_cat","embeddable":true,"href":"https:\/\/haitises.com\/fr\/wp-json\/wp\/v2\/product_cat?post=11369"},{"taxonomy":"product_tag","embeddable":true,"href":"https:\/\/haitises.com\/fr\/wp-json\/wp\/v2\/product_tag?post=11369"}],"curies":[{"name":"wp","href":"https:\/\/api.w.org\/{rel}","templated":true}]}}