{"id":11347,"date":"2021-08-15T20:08:48","date_gmt":"2021-08-15T20:08:48","guid":{"rendered":"http:\/\/haitises.com\/?post_type=product&#038;p=11347"},"modified":"2021-08-15T20:08:52","modified_gmt":"2021-08-15T20:08:52","slug":"catalina-island-and-snorkeling-with-catamaran-party-from-punta-cana-half-day-experience-2","status":"publish","type":"product","link":"https:\/\/haitises.com\/fr\/prive\/catalina-island-and-snorkeling-with-catamaran-party-from-punta-cana-half-day-experience-2\/","title":{"rendered":"\u00cele Catalina et plong\u00e9e en apn\u00e9e avec f\u00eate en catamaran au d\u00e9part de Punta Cana - Exp\u00e9rience d&#039;une demi-journ\u00e9e"},"content":{"rendered":"<div class=\"vc_row wpb_row vc_row-fluid\" ><div class=\"wpb_column vc_column_container vc_col-sm-12\"><div class=\"vc_column-inner\"><div class=\"wpb_wrapper\">[mkdf_section_title title_tag=\u00bb\u00bb disable_break_words=\u00bbno\u00bb subtitle_tag=\u00bb\u00bb title=\u00bb Catalina Island and Snorkeling with Catamaran Party From Punta Cana \u00bb subtitle=\u00bb Half Day Experience\u00bb]<\/div><\/div><\/div><\/div><div class=\"vc_row wpb_row vc_row-fluid\" ><div class=\"wpb_column vc_column_container vc_col-sm-12\"><div class=\"vc_column-inner\"><div class=\"wpb_wrapper\">\n\t<div class=\"wpb_text_column wpb_content_element\" >\n\t\t<div class=\"wpb_wrapper\">\n\t\t\t<div class=\"vc_row wpb_row vc_row-fluid\">\n<div class=\"wpb_column vc_column_container vc_col-sm-12\">\n<div class=\"vc_column-inner\">\n<div class=\"wpb_wrapper\">\n<div class=\"wpb_text_column wpb_content_element\">\n<div class=\"wpb_wrapper\">\n<div class=\"vc_row wpb_row vc_row-fluid\">\n<div class=\"wpb_column vc_column_container vc_col-sm-12\">\n<div class=\"vc_column-inner\">\n<div class=\"wpb_wrapper\">\n<div class=\"wpb_text_column wpb_content_element\">\n<div class=\"wpb_wrapper\">\n<h4><b><i>Vue d'ensemble<\/i><\/b><\/h4>\n<p>We enjoy a catamaran tour across crystal clear waters to Catalina Island, the best-known area for snorkeling in the Dominican Republic.<\/p>\n<p>Your day begins with a pick up at your hotel main lobby or specified meeting point. Then we\u00b4ll continue to Catalina Island to enjoy a refreshing bath, and some drinks, while whoever can perform 2 types of Snorkel with an instructor and after we will eat a delicious lunch buffet at the beach and we\u00b4ll take some classes of Salsa and Bachata, while we also make some delicious drinks. Once tired of being lazy on the beach, grab some snorkeling equipment and admire Catalina\u2019s underwater world.<\/p>\n<p>The ocean, so incredibly clear, and the beach white sand waiting for you. Relax on a sunbed or snorkeling all included for you. You will enjoy where you will see the tradition of our music and dance.<\/p>\n<p><strong>Remarque :<\/strong> This tour is not Private. If you will like to set a Private tour just Contact us!<\/p>\n<ul>\n<li>\n<div class=\"py-1 inclusions-exclusions-item d-flex\" lang=\"en-x-mtfrom-en\">\n<div class=\"d-inline-block inclusions-exclusions-text\">Transport priv\u00e9<\/div>\n<\/div>\n<\/li>\n<li>Natural Swimming Pool for StarFish Watching<\/li>\n<li>Plong\u00e9e en apn\u00e9e<\/li>\n<li>D\u00e9jeuner<\/li>\n<li>Boat\u00a0 Catamaran Transfer<\/li>\n<li>Le capitaine assure l&#039;instruction et la supervision<\/li>\n<li>Guide touristique<\/li>\n<\/ul>\n<p>&nbsp;<\/p>\n<h4><b>Inclusions et exclusions<\/b><\/h4>\n<p><b>Inclusions<\/b><\/p>\n<ol>\n<li>Guide touristique<\/li>\n<li>plong\u00e9e en apn\u00e9e<\/li>\n<li>D\u00e9jeuner<\/li>\n<li>Pick Up at Hotels<\/li>\n<li>Excursion en catamaran ou en bateau<\/li>\n<li>Toutes les taxes, tous les frais et tous les frais de gestion<\/li>\n<li>Imp\u00f4ts locaux<\/li>\n<li>Boissons<\/li>\n<\/ol>\n<p><b>Exclusions<\/b><\/p>\n<ol>\n<li>Pourboires<\/li>\n<li>Photos<\/li>\n<\/ol>\n<h4><em><strong>D\u00e9part et retour<\/strong><\/em><\/h4>\n<p>Le voyageur obtiendra un point de rendez-vous apr\u00e8s le processus de r\u00e9servation. Les visites commencent et se terminent dans nos points de rendez-vous.<\/p>\n<h3>Catalina Island and Snorkeling with Catamaran Party From Punta Cana &#8211; Half Day Experience.<\/h3>\n<h4><b><i>\u00c0 quoi s'attendre ?<\/i><\/b><\/h4>\n<p>During the Catalina Island Excursion from Punta Cana, guests will have the opportunity to snorkel in the vibrant corals reefs at Catalina, swimming among lively school of fish enjoying the stunning Caribbean underwater fauna.<\/p>\n<p>We will begin the snorkeling excursion departing in the morning towards La Romana. During the drive we will pass by the sugar cane fields as your guide provides interesting information about the history of the area, general culture and rum making techniques of the country. Upon arrival to La Romana, we will board our Catamaran and depart towards Catalina. Our first stop on the island will be \u201cThe Wall,\u201d a majestic coral wall that extends from the Island to the Caribbean Sea.<\/p>\n<p>After snorkeling, you will continue the path to the beautiful beach of Catalina, an exclusive place. Upon arrival, guests will have access to 2 kilometers of white sand beaches and crystal clear waters, a beach bar with drinks and a delicious Dominican lunch buffet with barbecue. We will board the catamaran around 3:30 pm to return to Punta Cana after an incredible day of snorkeling and relaxation on Catalina Island. IslandDuring the Catalina Island Excursion from Punta Cana, guests will have the opportunity to snorkel in the vibrant corals reefs at Catalina, swimming among lively school of fish enjoying the stunning Caribbean underwater fauna.<\/p>\n<p>We will begin the snorkeling excursion departing in the morning towards La Romana. During the drive we will pass by the sugar cane fields as your guide provides interesting information about the history of the area, general culture and rum making techniques of the country. Upon arrival to La Romana, we will board our Catamaran and depart towards Catalina.<\/p>\n<p>Our first stop on the island will be \u201cThe Wall,\u201d a majestic coral wall that extends from the Island to the Caribbean Sea. After snorkeling, you will continue the path to the beautiful beach of Catalina, an exclusive place. Upon arrival, guests will have access to 2 kilometers of white sand beaches and crystal clear waters, a beach bar with drinks and a delicious Dominican lunch buffet with barbecue. We will board the catamaran around 3:30 pm to return to Punta Cana after an incredible day of snorkeling and relaxation on Catalina Island.<\/p>\n<p>&nbsp;<\/p>\n<p><strong>Calendrier :<\/strong><\/p>\n<p>7:00 AM \u2013 4: 30 PM<\/p>\n<p>&nbsp;<\/p>\n<\/div>\n<p>Time can change depends on time of departure from Hotels.<\/p>\n<div class=\"wpb_wrapper\">\n<p>&nbsp;<\/p>\n<h4><em><strong>Que faut-il apporter ?<\/strong><\/em><\/h4>\n<ul>\n<li>Appareil photo<\/li>\n<li>Bourgeons r\u00e9pulsifs<\/li>\n<li>cr\u00e8me solaire<\/li>\n<li>Chapeau<\/li>\n<li>Pantalon confortable<\/li>\n<li>V\u00eatements de bain<\/li>\n<li>Argent liquide pour les souvenirs<\/li>\n<\/ul>\n<p>&nbsp;<\/p>\n<h4><b><i>H\u00f4tel Pickup<\/i><\/b><\/h4>\n<p>Hotel pick-up is not offered for this tour. We Can Set it Via- Whatsapp.<\/p>\n<p>&nbsp;<\/p>\n<p><b>Remarque :<\/b>\u00a0Si vous r\u00e9servez dans les 24 heures pr\u00e9c\u00e9dant l&#039;heure de d\u00e9part de la visite\/de l&#039;excursion, nous pouvons organiser une prise en charge \u00e0 l&#039;h\u00f4tel moyennant des frais suppl\u00e9mentaires. Une fois votre achat termin\u00e9, nous vous enverrons les coordonn\u00e9es compl\u00e8tes (num\u00e9ro de t\u00e9l\u00e9phone, adresse e-mail, etc.) de notre guide touristique local afin d&#039;organiser les modalit\u00e9s de prise en charge.<\/p>\n<h4><b><i>Informations compl\u00e9mentaires Confirmation<\/i><\/b><\/h4>\n<ol>\n<li>Les billets sont le re\u00e7u apr\u00e8s le paiement de cette tourn\u00e9e. Vous pouvez montrer le paiement sur votre t\u00e9l\u00e9phone.<\/li>\n<li>Le point de rencontre sera communiqu\u00e9 apr\u00e8s le processus de r\u00e9servation.<\/li>\n<li>Les enfants doivent \u00eatre accompagn\u00e9s d'un adulte.<\/li>\n<li>accessible en fauteuil roulant<\/li>\n<li>Les enfants en bas \u00e2ge doivent \u00eatre assis sur les genoux<\/li>\n<li>La plupart des voyageurs peuvent participer<\/li>\n<\/ol>\n<h4><b><i>Politique d'annulation<\/i><\/b><\/h4>\n<p>Pour un remboursement complet, annulez au moins 24 heures avant la date de d\u00e9but de l&#039;exp\u00e9rience.<\/p>\n<\/div>\n<\/div>\n<\/div>\n<\/div>\n<\/div>\n<\/div>\n<\/div>\n<\/div>\n<\/div>\n<\/div>\n<\/div>\n<\/div>\n<div class=\"vc_row wpb_row vc_row-fluid\">\n<div class=\"wpb_column vc_column_container vc_col-sm-12\">\n<div class=\"vc_column-inner\">\n<div class=\"wpb_wrapper\">\n<div class=\"vc_empty_space\"><\/div>\n<div class=\"wpb_text_column wpb_content_element\">\n<div class=\"wpb_wrapper\">\n<h4>Nous contacter ?<\/h4>\n<h5><b><i>R\u00e9servation d'aventures<\/i><\/b><\/h5>\n<p><em><strong>Locaux<\/strong>\u00a0et\u00a0<strong>Nationales<\/strong>\u00a0Guides touristiques et services aux visiteurs<\/em><\/p>\n<p><span class=\"text-turquoise\">R\u00e9servations :<\/span>\u00a0Tours et excursions \u00e0 Dom. Rep.<\/p>\n<p><img decoding=\"async\" class=\"emoji\" src=\"https:\/\/s.w.org\/images\/core\/emoji\/11.2.0\/svg\/1f4de.svg\" alt=\"\ud83d\udcde\" title=\"\">\u00a0T\u00e9l \/ Whatsapp\u00a0\u00a0<a href=\"tel:+1-809-720-6035\">+1-809-720-6035<\/a>.<\/p>\n<p><img decoding=\"async\" class=\"emoji\" src=\"https:\/\/s.w.org\/images\/core\/emoji\/11.2.0\/svg\/1f4e9.svg\" alt=\"\ud83d\udce9\" title=\"\">\u00a0<a href=\"mailto:info@bookingadventures.com.do\">info@bookingadventures.com.do<\/a><\/p>\n<p><strong>Nous sommes flexibles pour organiser des visites priv\u00e9es par Whatsapp :\u00a0<a href=\"tel:+18097206035\">+18097206035.<\/a><\/strong><\/p>\n<\/div>\n<\/div>\n<\/div>\n<\/div>\n<\/div>\n<\/div>\n\n\t\t<\/div>\n\t<\/div>\n<\/div><\/div><\/div><\/div>","protected":false},"excerpt":{"rendered":"<p>Tiny Catalina Island (Isla Catalina), just 1.5 miles (2.4 kilometers) off the Dominican Republic\u2019s mainland, is an idyllic sandy speck in the turquoise Caribbean waters. Known for its well-populated coral reefs, Catalina is a peaceful respite for those looking to escape bustling Punta Cana and La Romana.<\/p>\n<p>Book a Half day trip with us. Catalina Island in a Party Catamaran with Snorkeling!<\/p>\n<p>Veuillez s\u00e9lectionner la date de l'excursion :<\/p>","protected":false},"featured_media":470,"template":"","meta":[],"product_brand":[],"product_cat":[373,135,305,122,124],"product_tag":[374,364,260,362,375],"class_list":{"0":"post-11347","1":"product","2":"type-product","3":"status-publish","4":"has-post-thumbnail","6":"product_cat-catalina-island-catamaran-and-snorkeling","7":"product_cat-lunch","8":"product_cat-tours-and-excursion-punta-cana","9":"product_cat-tours-and-excursions","10":"product_cat-tours-excursions-samana-bay-dominican-republic","11":"product_tag-catalina-island-snorkeling-dominican-republic","12":"product_tag-cheap-punta-cana-excursions","13":"product_tag-day-trip-punta-cana","14":"product_tag-punta-cana-catamaran-party-with-snorkeling-and-parasailing","15":"product_tag-talina-island-snorkeling","17":"first","18":"instock","19":"sale","20":"virtual","21":"sold-individually","22":"purchasable","23":"product-type-simple"},"_links":{"self":[{"href":"https:\/\/haitises.com\/fr\/wp-json\/wp\/v2\/product\/11347","targetHints":{"allow":["GET"]}}],"collection":[{"href":"https:\/\/haitises.com\/fr\/wp-json\/wp\/v2\/product"}],"about":[{"href":"https:\/\/haitises.com\/fr\/wp-json\/wp\/v2\/types\/product"}],"wp:featuredmedia":[{"embeddable":true,"href":"https:\/\/haitises.com\/fr\/wp-json\/wp\/v2\/media\/470"}],"wp:attachment":[{"href":"https:\/\/haitises.com\/fr\/wp-json\/wp\/v2\/media?parent=11347"}],"wp:term":[{"taxonomy":"product_brand","embeddable":true,"href":"https:\/\/haitises.com\/fr\/wp-json\/wp\/v2\/product_brand?post=11347"},{"taxonomy":"product_cat","embeddable":true,"href":"https:\/\/haitises.com\/fr\/wp-json\/wp\/v2\/product_cat?post=11347"},{"taxonomy":"product_tag","embeddable":true,"href":"https:\/\/haitises.com\/fr\/wp-json\/wp\/v2\/product_tag?post=11347"}],"curies":[{"name":"wp","href":"https:\/\/api.w.org\/{rel}","templated":true}]}}