{"id":11328,"date":"2021-08-15T20:08:37","date_gmt":"2021-08-15T20:08:37","guid":{"rendered":"http:\/\/haitises.com\/?post_type=product&#038;p=11328"},"modified":"2024-04-09T15:46:51","modified_gmt":"2024-04-09T15:46:51","slug":"private-tour-samana-whale-watching-cayo-levantado-bacardi-island-from-samana-port-2","status":"publish","type":"product","link":"https:\/\/haitises.com\/fr\/prive\/private-tour-samana-whale-watching-cayo-levantado-bacardi-island-from-samana-port-2\/","title":{"rendered":"Visite priv\u00e9e d&#039;observation des baleines \u00e0 Samana + Cayo Levantado (\u00eele Bacardi) depuis le port de Saman\u00e1"},"content":{"rendered":"<div class=\"vc_row wpb_row vc_row-fluid\" ><div class=\"wpb_column vc_column_container vc_col-sm-12\"><div class=\"vc_column-inner\"><div class=\"wpb_wrapper\"><div class=\"vc_empty_space\"   style=\"height: 32px\"><span class=\"vc_empty_space_inner\"><\/span><\/div>[mkdf_section_title title_tag=\u00bb\u00bb disable_break_words=\u00bbno\u00bb subtitle_tag=\u00bb\u00bb title=\u00bbSamana Cayo Levantado + Whale Watching\u00bb subtitle=\u00bbFrom Saman\u00e1 port Private Boat Tour\u00bb]<div class=\"vc_message_box vc_message_box-standard vc_message_box-rounded vc_color-info\" ><div class=\"vc_message_box-icon\"><i class=\"fas fa-info-circle\"><\/i><\/div><p>This is a Private Tour Minimum 4 People. To Book same trip in Catamaran Groups <a href=\"https:\/\/www.ticketswhales.com\/Tours-Excursions\/tours-and-excursions\/samana-whale-watching-cayo-levantado\/\" target=\"_blank\" rel=\"noopener\">Cliquez ici.<\/a><\/p>\n<p>If you are less than 4 People\u00a0 and will like Private Contact us.<\/p>\n<\/div><div class=\"vc_empty_space\"   style=\"height: 32px\"><span class=\"vc_empty_space_inner\"><\/span><\/div><\/div><\/div><\/div><\/div><div class=\"vc_row wpb_row vc_row-fluid\" ><div class=\"wpb_column vc_column_container vc_col-sm-12\"><div class=\"vc_column-inner\"><div class=\"wpb_wrapper\">\n\t<div class=\"wpb_text_column wpb_content_element\" >\n\t\t<div class=\"wpb_wrapper\">\n\t\t\t<div class=\"vc_row wpb_row vc_row-fluid\">\n<div class=\"wpb_column vc_column_container vc_col-sm-12\">\n<div class=\"vc_column-inner\">\n<div class=\"wpb_wrapper\">\n<div class=\"wpb_text_column wpb_content_element\">\n<div class=\"wpb_wrapper\">\n<div class=\"vc_row wpb_row vc_row-fluid\">\n<div class=\"wpb_column vc_column_container vc_col-sm-12\">\n<div class=\"vc_column-inner\">\n<div class=\"wpb_wrapper\">\n<div class=\"wpb_text_column wpb_content_element\">\n<div class=\"wpb_wrapper\">\n<h4><b><i>Vue d'ensemble<img decoding=\"async\" class=\"emoji\" draggable=\"false\" src=\"https:\/\/s.w.org\/images\/core\/emoji\/12.0.0-1\/svg\/1f433.svg\" alt=\"\ud83d\udc33\" title=\"\"><\/i><\/b><\/h4>\n<p><strong>Avoid big groups of tourists<\/strong>\u00a0and make your Whale watching in Saman\u00e1 bay starting from Saman\u00e1 port in a private Boat. This Trip starts at 9:00 Am and Finishes at 5:00 Pm. But because it will be a private trip you may set the time for starting and to finish. Meeting before in Our Office next to the Royal Restaurant. After aborting our Boat to visit the Whales in their own habitat.\u00a0 Our Captains are trained to make sure that you see whales.<\/p>\n<p>From 9:00 Am until 12:00-noon Whale watching observatory and After this Whale trip we will visit Bacardi Island \/ Cayo Levantado. In Bacardi Island, Lunch Buffet from typical Dominican Style will be provided (Rice, Beans, Fish, Salads\u2026). When lunch is finished you are allowed to swim until 4:30 pm. Tour will be finished at 5:00 pm at the same port from where it will start.<\/p>\n<p><strong>Remarque :<\/strong>\u00a0This tour is Private. (Just you and Family or friends on board with Captain and Tour Guide).<\/p>\n<ul>\n<li>Observation des baleines<\/li>\n<li>Droits d'entr\u00e9e \u00e0 l'Observatoire<\/li>\n<li>Comprend un d\u00e9jeuner buffet sur la plage<\/li>\n<li>Transfert en bateau<\/li>\n<li>Le capitaine assure l&#039;instruction et la supervision<\/li>\n<li>Guide touristique<\/li>\n<\/ul>\n<p>&nbsp;<\/p>\n<h4><b>Inclusions et exclusions<\/b><\/h4>\n<p>&nbsp;<\/p>\n<p><b>Inclusions<\/b><\/p>\n<p>&nbsp;<\/p>\n<ol>\n<li>D\u00e9jeuner buffet sur la plage<\/li>\n<li>Guide touristique<\/li>\n<li>Excursion en catamaran ou en bateau<\/li>\n<li>Toutes les taxes, tous les frais et tous les frais de gestion<\/li>\n<li>Imp\u00f4ts locaux<\/li>\n<li>Boissons<\/li>\n<\/ol>\n<p><b>Exclusions<\/b><\/p>\n<ol>\n<li>Pourboires<\/li>\n<li>Voiture de transfert<\/li>\n<li>Boissons alcoolis\u00e9es<\/li>\n<\/ol>\n<p>&nbsp;<\/p>\n<h4><em><strong>D\u00e9part et retour<\/strong><\/em><\/h4>\n<p>Le voyageur obtiendra un point de rendez-vous apr\u00e8s le processus de r\u00e9servation. Les visites commencent et se terminent dans nos points de rendez-vous.<\/p>\n<p>&nbsp;<\/p>\n<h4><b><i>\u00c0 quoi s'attendre ?<\/i><\/b><\/h4>\n<p>&nbsp;<\/p>\n<p><em><strong>Achetez vos billets<\/strong><\/em>\u00a0for a day Whale Watching private tour in Saman\u00e1 bay plus a wonderful lunch and beach time at Bacardi Island.<\/p>\n<p>Le Daypass pour l'observation des baleines, organis\u00e9 par \"Booking Adventures\", commence au point de rencontre fix\u00e9 avec le guide touristique. D\u00e9jeuner sur la plage et vous pouvez rester aussi longtemps que vous le souhaitez \u00e0 nager. Si vous \u00eates v\u00e9g\u00e9talien, nous pouvons \u00e9galement vous pr\u00e9parer de la nourriture.<\/p>\n<p><strong>Calendrier :<\/strong><\/p>\n<p>8 H 45 - 17 H 00<\/p>\n<p>&nbsp;<\/p>\n<h4><em><strong>Que faut-il apporter ?<\/strong><\/em><\/h4>\n<ul>\n<li>Appareil photo<\/li>\n<li>Bourgeons r\u00e9pulsifs<\/li>\n<li>cr\u00e8me solaire<\/li>\n<li>Chapeau<\/li>\n<li>Pantalon confortable<\/li>\n<li>Des sandales pour la plage<\/li>\n<li>V\u00eatements de bain<\/li>\n<li>Argent liquide pour les souvenirs<\/li>\n<\/ul>\n<p>&nbsp;<\/p>\n<h4><b><i>H\u00f4tel Pickup<\/i><\/b><\/h4>\n<p>La prise en charge \u00e0 l'h\u00f4tel n'est pas propos\u00e9e pour ce circuit.<\/p>\n<p>&nbsp;<\/p>\n<p><b>Remarque :<\/b>\u00a0Si vous r\u00e9servez dans les 24 heures pr\u00e9c\u00e9dant l&#039;heure de d\u00e9part de la visite\/de l&#039;excursion, nous pouvons organiser une prise en charge \u00e0 l&#039;h\u00f4tel moyennant des frais suppl\u00e9mentaires. Une fois votre achat termin\u00e9, nous vous enverrons les coordonn\u00e9es compl\u00e8tes (num\u00e9ro de t\u00e9l\u00e9phone, adresse e-mail, etc.) de notre guide touristique local afin d&#039;organiser les modalit\u00e9s de prise en charge.<\/p>\n<h4><b><i>Informations compl\u00e9mentaires Confirmation<\/i><\/b><\/h4>\n<ol>\n<li>Les billets sont le re\u00e7u apr\u00e8s le paiement de cette tourn\u00e9e. Vous pouvez montrer le paiement sur votre t\u00e9l\u00e9phone.<\/li>\n<li>Le point de rencontre sera communiqu\u00e9 apr\u00e8s le processus de r\u00e9servation.<\/li>\n<li>Les enfants doivent \u00eatre accompagn\u00e9s d'un adulte.<\/li>\n<li>accessible en fauteuil roulant<\/li>\n<li>Les enfants en bas \u00e2ge doivent \u00eatre assis sur les genoux<\/li>\n<li>La plupart des voyageurs peuvent participer<\/li>\n<\/ol>\n<h4><b><i>Politique d'annulation<\/i><\/b><\/h4>\n<p>Pour un remboursement complet, annulez au moins 24 heures avant la date de d\u00e9but de l&#039;exp\u00e9rience.<\/p>\n<\/div>\n<\/div>\n<\/div>\n<\/div>\n<\/div>\n<\/div>\n<\/div>\n<\/div>\n<\/div>\n<\/div>\n<\/div>\n<\/div>\n<div class=\"vc_row wpb_row vc_row-fluid\">\n<div class=\"wpb_column vc_column_container vc_col-sm-12\">\n<div class=\"vc_column-inner\">\n<div class=\"wpb_wrapper\">\n<div class=\"vc_empty_space\"><\/div>\n<div class=\"wpb_text_column wpb_content_element\">\n<div class=\"wpb_wrapper\">\n<h4>Nous contacter ?<\/h4>\n<h5><b><i>BALEINES SAMANA TOUR<\/i><\/b><\/h5>\n<p><em><strong>Locaux<\/strong>\u00a0et\u00a0<strong>Nationales<\/strong>\u00a0Guides touristiques et services aux visiteurs<\/em><\/p>\n<p><span class=\"text-turquoise\">R\u00e9servations :<\/span>\u00a0Tours et excursions \u00e0 Dom. Rep.<\/p>\n<p><img decoding=\"async\" class=\"emoji\" draggable=\"false\" src=\"https:\/\/s.w.org\/images\/core\/emoji\/11.2.0\/svg\/1f4de.svg\" alt=\"\ud83d\udcde\" title=\"\">\u00a0T\u00e9l \/ Whatsapp\u00a0\u00a0<a href=\"tel:+1-809-720-6035\">+1-809-720-6035<\/a>.<\/p>\n<p><img decoding=\"async\" class=\"emoji\" draggable=\"false\" src=\"https:\/\/s.w.org\/images\/core\/emoji\/11.2.0\/svg\/1f4e9.svg\" alt=\"\ud83d\udce9\" title=\"\">\u00a0<a href=\"mailto:info@bookingadventures.com.do\">info@bookingadventures.com.do<\/a><\/p>\n<p><strong>Nous sommes flexibles pour organiser des visites priv\u00e9es par Whatsapp :\u00a0<a href=\"tel:+18097206035\">+18097206035.<\/a><\/strong><\/p>\n<\/div>\n<\/div>\n<\/div>\n<\/div>\n<\/div>\n<\/div>\n\n\t\t<\/div>\n\t<\/div>\n<\/div><\/div><\/div><\/div>","protected":false},"excerpt":{"rendered":"<p>Private whale watching trip in Samana bay, the Dominican Republic with Locals tours Guides. Feel free to set your time to arrived or to finish the Excursion. Lunch and timing are set by your self. Book Now this excursion in Samana bay for a Good whale watching trip experience.<\/p>\n<p>Note: This tour is a Private Tour with a Minimum Payment. To join a group for whale watching with the same price in Catamaran please\u00a0 <a href=\"https:\/\/www.ticketswhales.com\/Tours-Excursions\/tours-and-excursions\/samana-whale-watching-cayo-levantado\/\">CLICK HERE.<\/a><\/p>\n<p>&nbsp;<\/p>\n<p><em><strong>Veuillez s\u00e9lectionner la date de l'excursion :<\/strong><\/em><\/p>","protected":false},"featured_media":259,"template":"","meta":[],"product_brand":[],"product_cat":[124,232],"product_tag":[137,162,201,143,277,271,278,234,279,280,236],"class_list":{"0":"post-11328","1":"product","2":"type-product","3":"status-publish","4":"has-post-thumbnail","6":"product_cat-tours-excursions-samana-bay-dominican-republic","7":"product_cat-whale-watching-samana","8":"product_tag-bacardi-island","9":"product_tag-cayo-levantado-day-pass","10":"product_tag-private-tours-samana","11":"product_tag-samana-tours","12":"product_tag-samana-whale","13":"product_tag-samana-whale-watching","14":"product_tag-samana-whale-watching-excursions","15":"product_tag-whale-samana","16":"product_tag-whale-watching","17":"product_tag-whale-watching-2020","18":"product_tag-whale-watching-dominican-republic","20":"first","21":"instock","22":"sale","23":"sold-individually","24":"shipping-taxable","25":"product-type-external"},"_links":{"self":[{"href":"https:\/\/haitises.com\/fr\/wp-json\/wp\/v2\/product\/11328","targetHints":{"allow":["GET"]}}],"collection":[{"href":"https:\/\/haitises.com\/fr\/wp-json\/wp\/v2\/product"}],"about":[{"href":"https:\/\/haitises.com\/fr\/wp-json\/wp\/v2\/types\/product"}],"wp:featuredmedia":[{"embeddable":true,"href":"https:\/\/haitises.com\/fr\/wp-json\/wp\/v2\/media\/259"}],"wp:attachment":[{"href":"https:\/\/haitises.com\/fr\/wp-json\/wp\/v2\/media?parent=11328"}],"wp:term":[{"taxonomy":"product_brand","embeddable":true,"href":"https:\/\/haitises.com\/fr\/wp-json\/wp\/v2\/product_brand?post=11328"},{"taxonomy":"product_cat","embeddable":true,"href":"https:\/\/haitises.com\/fr\/wp-json\/wp\/v2\/product_cat?post=11328"},{"taxonomy":"product_tag","embeddable":true,"href":"https:\/\/haitises.com\/fr\/wp-json\/wp\/v2\/product_tag?post=11328"}],"curies":[{"name":"wp","href":"https:\/\/api.w.org\/{rel}","templated":true}]}}