{"id":11323,"date":"2021-08-15T20:08:37","date_gmt":"2021-08-15T20:08:37","guid":{"rendered":"http:\/\/haitises.com\/?post_type=product&#038;p=11323"},"modified":"2024-04-09T14:38:57","modified_gmt":"2024-04-09T14:38:57","slug":"samana-whale-watching-cayo-levantado-bacardi-island-2","status":"publish","type":"product","link":"https:\/\/haitises.com\/fr\/prive\/samana-whale-watching-cayo-levantado-bacardi-island-2\/","title":{"rendered":"Observation des baleines \u00e0 Saman\u00e1 + Cayo Levantado (\u00eele Bacardi)."},"content":{"rendered":"<div class=\"vc_row wpb_row vc_row-fluid\" ><div class=\"wpb_column vc_column_container vc_col-sm-12\"><div class=\"vc_column-inner\"><div class=\"wpb_wrapper\">[mkdf_section_title title_tag=\u00bb\u00bb disable_break_words=\u00bbno\u00bb subtitle_tag=\u00bb\u00bb title=\u00bbSaman\u00e1 Whale Watching + Cayo Levantado from Samana Port\u00bb subtitle=\u00bbWhale watching Samana Bay\u00bb]<\/div><\/div><\/div><\/div><div class=\"vc_row wpb_row vc_row-fluid\" ><div class=\"wpb_column vc_column_container vc_col-sm-12\"><div class=\"vc_column-inner\"><div class=\"wpb_wrapper\">\n\t<div class=\"wpb_text_column wpb_content_element\" >\n\t\t<div class=\"wpb_wrapper\">\n\t\t\t<div class=\"vc_row wpb_row vc_row-fluid\">\n<div class=\"wpb_column vc_column_container vc_col-sm-12\">\n<div class=\"vc_column-inner\">\n<div class=\"wpb_wrapper\">\n<div class=\"wpb_text_column wpb_content_element\">\n<div class=\"wpb_wrapper\">\n<h3 class=\"mkdf-single-product-title\">Saman\u00e1 Whale Watching + Cayo Levantado (All included in Ticket price)<\/h3>\n<h4><b><i>Vue d'ensemble<\/i><\/b><\/h4>\n<p>Excursion for Whale watching in Samana bay starting from Samana port. Full day trip for whale watching in Samana bay and visiting the historical Island of Cayo Levantado plus Lunch on the beach.<\/p>\n<p>First, we meet in Our Office.<\/p>\n<p>Then the Excursion starts at 9:00 Am and Finishes at 5:00 Pm. After aborting our Catamaran or Boat to visit the Whales in their own habitat.<\/p>\n<p>From 9:00 Am until 12:00-noon Whale watching in the Sanctuary observatory and After this Whale trip we will visit Bacardi Island \/ Cayo Levantado. In Bacardi Island, Lunch Buffet from typical Dominican Style will be provided.<\/p>\n<p>When lunch is finished you are allowed to swim until 4:30 pm. The excursion will be finished at 5:00 pm at the same port from where it will start.<\/p>\n<p><strong>Note: This tour is Not Private. For a Private tour or just whale watching without Cayo Levantado please contact us.<\/strong><\/p>\n<ul>\n<li>Observation des baleines<\/li>\n<li>Droits d'entr\u00e9e \u00e0 l'Observatoire<\/li>\n<li>Comprend un d\u00e9jeuner buffet sur la plage<\/li>\n<li>Transfert en bateau<\/li>\n<li>Le capitaine assure l&#039;instruction et la supervision<\/li>\n<li>Guide touristique<\/li>\n<\/ul>\n<p>&nbsp;<\/p>\n<h4><b>Inclusions et exclusions<\/b><\/h4>\n<p>&nbsp;<\/p>\n<p><b>Inclusions<\/b><\/p>\n<p>&nbsp;<\/p>\n<ol>\n<li>D\u00e9jeuner buffet sur la plage<\/li>\n<li>Guide touristique<\/li>\n<li>Excursion en catamaran ou en bateau<\/li>\n<li>Toutes les taxes, tous les frais et tous les frais de gestion<\/li>\n<li>Imp\u00f4ts locaux<\/li>\n<li>Boissons<\/li>\n<\/ol>\n<p><b>Exclusions<\/b><\/p>\n<ol>\n<li>Pourboires<\/li>\n<li>Voiture de transfert<\/li>\n<li>Boissons alcoolis\u00e9es<\/li>\n<\/ol>\n<p>&nbsp;<\/p>\n<h4><em><strong>D\u00e9part et retour<\/strong><\/em><\/h4>\n<p>Le voyageur obtiendra un point de rencontre apr\u00e8s le processus de r\u00e9servation. Les circuits commencent et se terminent \u00e0 nos points de rencontre.<\/p>\n<p>&nbsp;<\/p>\n<h4><b><i>\u00c0 quoi s'attendre ?<\/i><\/b><\/h4>\n<p>&nbsp;<\/p>\n<p><em><strong>Achetez vos billets<\/strong><\/em> for a day Whale Watching tour in Samana bay and a wonderful lunch and beach time.<\/p>\n<p>The whale watching trips are organized by \u201cBooking Adventures\u201d starts at the meeting point set with the Tour Guide. Lunch at the beach and you can stay as long as you want swimming around. If you are Vegan we also can set some food for you.<\/p>\n<p><strong>Calendrier :<\/strong><\/p>\n<p>8 H 45 - 17 H 00<\/p>\n<p>&nbsp;<\/p>\n<h4><em><strong>Que faut-il apporter ?<\/strong><\/em><\/h4>\n<ul>\n<li>Appareil photo<\/li>\n<li>Bourgeons r\u00e9pulsifs<\/li>\n<li>cr\u00e8me solaire<\/li>\n<li>Chapeau<\/li>\n<li>Pantalon confortable<\/li>\n<li>Des sandales pour la plage<\/li>\n<li>V\u00eatements de bain<\/li>\n<li>Argent liquide pour les souvenirs<\/li>\n<\/ul>\n<p>&nbsp;<\/p>\n<h4><b><i>H\u00f4tel Pickup<\/i><\/b><\/h4>\n<p>La prise en charge \u00e0 l'h\u00f4tel n'est pas propos\u00e9e pour ce circuit.<\/p>\n<p>&nbsp;<\/p>\n<p><b>Remarque :<\/b>\u00a0Si vous r\u00e9servez dans les 24 heures pr\u00e9c\u00e9dant l&#039;heure de d\u00e9part de la visite\/de l&#039;excursion, nous pouvons organiser une prise en charge \u00e0 l&#039;h\u00f4tel moyennant des frais suppl\u00e9mentaires. Une fois votre achat termin\u00e9, nous vous enverrons les coordonn\u00e9es compl\u00e8tes (num\u00e9ro de t\u00e9l\u00e9phone, adresse e-mail, etc.) de notre guide touristique local afin d&#039;organiser les modalit\u00e9s de prise en charge.<\/p>\n<h4><b><i>Informations compl\u00e9mentaires Confirmation<\/i><\/b><\/h4>\n<ol>\n<li>Les billets sont le re\u00e7u apr\u00e8s le paiement de cette tourn\u00e9e. Vous pouvez montrer le paiement sur votre t\u00e9l\u00e9phone.<\/li>\n<li>Le point de rencontre sera communiqu\u00e9 apr\u00e8s le processus de r\u00e9servation.<\/li>\n<li>Les enfants doivent \u00eatre accompagn\u00e9s d'un adulte.<\/li>\n<li>accessible en fauteuil roulant<\/li>\n<li>Les enfants en bas \u00e2ge doivent \u00eatre assis sur les genoux<\/li>\n<li>La plupart des voyageurs peuvent participer<\/li>\n<\/ol>\n<h4><b><i>Politique d'annulation<\/i><\/b><\/h4>\n<p>Pour un remboursement complet, annulez au moins 24 heures avant la date de d\u00e9but de l&#039;exp\u00e9rience.<\/p>\n<\/div>\n<\/div>\n<\/div>\n<\/div>\n<\/div>\n<\/div>\n<div class=\"vc_row wpb_row vc_row-fluid\">\n<div class=\"wpb_column vc_column_container vc_col-sm-12\">\n<div class=\"vc_column-inner\">\n<div class=\"wpb_wrapper\">\n<div class=\"wpb_text_column wpb_content_element\">\n<div class=\"wpb_wrapper\">\n<p>&nbsp;<\/p>\n<\/div>\n<\/div>\n<\/div>\n<\/div>\n<\/div>\n<\/div>\n\n\t\t<\/div>\n\t<\/div>\n<\/div><\/div><\/div><\/div><div class=\"vc_row wpb_row vc_row-fluid\" ><div class=\"wpb_column vc_column_container vc_col-sm-12\"><div class=\"vc_column-inner\"><div class=\"wpb_wrapper\"><div class=\"vc_empty_space\"   style=\"height: 32px\"><span class=\"vc_empty_space_inner\"><\/span><\/div>\n\t<div class=\"wpb_video_widget wpb_content_element vc_clearfix   vc_video-aspect-ratio-169 vc_video-el-width-100 vc_video-align-left\" >\n\t\t<div class=\"wpb_wrapper\">\n\t\t\t\n\t\t\t<div class=\"wpb_video_wrapper\"><iframe loading=\"lazy\" title=\"Whales Watching Samana Bay Dominican Republic\" src=\"https:\/\/player.vimeo.com\/video\/337838231?dnt=1&amp;app_id=122963&amp;h=02761ea4c2\" width=\"1100\" height=\"619\" frameborder=\"0\" allow=\"autoplay; fullscreen; picture-in-picture\" allowfullscreen><\/iframe><\/div>\n\t\t<\/div>\n\t<\/div>\n<div class=\"vc_empty_space\"   style=\"height: 32px\"><span class=\"vc_empty_space_inner\"><\/span><\/div><\/div><\/div><\/div><\/div><div class=\"vc_row wpb_row vc_row-fluid\" ><div class=\"wpb_column vc_column_container vc_col-sm-12\"><div class=\"vc_column-inner\"><div class=\"wpb_wrapper\"><div class=\"vc_empty_space\"   style=\"height: 32px\"><span class=\"vc_empty_space_inner\"><\/span><\/div>\n\t<div class=\"wpb_text_column wpb_content_element\" >\n\t\t<div class=\"wpb_wrapper\">\n\t\t\t<h4>Nous contacter ?<\/h4>\n<h5>R\u00e9servation d'aventures<\/h5>\n<p><em><strong>Locaux<\/strong>\u00a0et\u00a0<strong>Nationales<\/strong>\u00a0Guides touristiques et services aux visiteurs<\/em><\/p>\n<p><span class=\"text-turquoise\">R\u00e9servations :<\/span>\u00a0Tours et excursions \u00e0 Dom. Rep.<\/p>\n<p><img decoding=\"async\" class=\"emoji\" draggable=\"false\" src=\"https:\/\/s.w.org\/images\/core\/emoji\/11.2.0\/svg\/1f4de.svg\" alt=\"\ud83d\udcde\" title=\"\">\u00a0T\u00e9l \/ Whatsapp\u00a0\u00a0<a href=\"tel:+1-809-720-6035\">+1-809-720-6035<\/a>.<\/p>\n<p><img decoding=\"async\" class=\"emoji\" draggable=\"false\" src=\"https:\/\/s.w.org\/images\/core\/emoji\/11.2.0\/svg\/1f4e9.svg\" alt=\"\ud83d\udce9\" title=\"\">\u00a0<a href=\"mailto:info@bookingadventures.com.do\">info@bookingadventures.com.do<\/a><\/p>\n<p><strong>Nous sommes flexibles pour organiser des visites priv\u00e9es par Whatsapp :\u00a0<a href=\"tel:+18097206035\">+18097206035.<\/a><\/strong><\/p>\n\n\t\t<\/div>\n\t<\/div>\n<div class=\"vc_empty_space\"   style=\"height: 32px\"><span class=\"vc_empty_space_inner\"><\/span><\/div><\/div><\/div><\/div><\/div><div class=\"vc_row wpb_row vc_row-fluid\" ><div class=\"wpb_column vc_column_container vc_col-sm-12\"><div class=\"vc_column-inner\"><div class=\"wpb_wrapper\">[mkdf_section_title title_tag=\u00bb\u00bb disable_break_words=\u00bbno\u00bb subtitle_tag=\u00bb\u00bb title=\u00bbMore Whale Watching Options\u00bb subtitle=\u00bbFrom Punta cana, Las Terrenas, Las Galeras, Sabana de la mar or Miches. \u00ab]<div class=\"vc_empty_space\"   style=\"height: 32px\"><span class=\"vc_empty_space_inner\"><\/span><\/div><div class=\"woocommerce columns-4\"><\/div><\/div><\/div><\/div><\/div>","protected":false},"excerpt":{"rendered":"<p class=\"mkdf-single-product-title\">Saman\u00e1 Whale Watching + Cayo Levantado tour starting from Samana port with Local naturalist tour guide. Visiting the Humpback whales in the sanctuary and after whale watching in Samana Bay, Visit Bacardi island for a Lunch and beach time.<\/p>\n<p>After this trip,\u00a0 we will bring you back to the meeting point where we started.<\/p>\n<p><strong>Please note<\/strong>: <em>Infants<\/em> (0 \u2013 23 months) free of charge, <em>Children<\/em> (2 \u2013 10 <em>years<\/em>)<\/p>\n<p><em><strong>Check the Days available for this Excursion:<\/strong><\/em><\/p>","protected":false},"featured_media":10981,"template":"","meta":[],"product_brand":[],"product_cat":[122,124,232],"product_tag":[137,139,233,225,147,148,143,234,235,236,237,238],"class_list":{"0":"post-11323","1":"product","2":"type-product","3":"status-publish","4":"has-post-thumbnail","6":"product_cat-tours-and-excursions","7":"product_cat-tours-excursions-samana-bay-dominican-republic","8":"product_cat-whale-watching-samana","9":"product_tag-bacardi-island","10":"product_tag-cayo-levantado","11":"product_tag-las-galeras","12":"product_tag-las-terrenas","13":"product_tag-samana-bay","14":"product_tag-samana-excursions","15":"product_tag-samana-tours","16":"product_tag-whale-samana","17":"product_tag-whale-tours","18":"product_tag-whale-watching-dominican-republic","19":"product_tag-whale-watching-excursion","20":"product_tag-whale-watching-samana","22":"first","23":"instock","24":"sale","25":"sold-individually","26":"shipping-taxable","27":"product-type-external"},"_links":{"self":[{"href":"https:\/\/haitises.com\/fr\/wp-json\/wp\/v2\/product\/11323","targetHints":{"allow":["GET"]}}],"collection":[{"href":"https:\/\/haitises.com\/fr\/wp-json\/wp\/v2\/product"}],"about":[{"href":"https:\/\/haitises.com\/fr\/wp-json\/wp\/v2\/types\/product"}],"wp:featuredmedia":[{"embeddable":true,"href":"https:\/\/haitises.com\/fr\/wp-json\/wp\/v2\/media\/10981"}],"wp:attachment":[{"href":"https:\/\/haitises.com\/fr\/wp-json\/wp\/v2\/media?parent=11323"}],"wp:term":[{"taxonomy":"product_brand","embeddable":true,"href":"https:\/\/haitises.com\/fr\/wp-json\/wp\/v2\/product_brand?post=11323"},{"taxonomy":"product_cat","embeddable":true,"href":"https:\/\/haitises.com\/fr\/wp-json\/wp\/v2\/product_cat?post=11323"},{"taxonomy":"product_tag","embeddable":true,"href":"https:\/\/haitises.com\/fr\/wp-json\/wp\/v2\/product_tag?post=11323"}],"curies":[{"name":"wp","href":"https:\/\/api.w.org\/{rel}","templated":true}]}}