{"id":11302,"date":"2021-08-15T20:08:36","date_gmt":"2021-08-15T20:08:36","guid":{"rendered":"http:\/\/haitises.com\/?post_type=product&#038;p=11302"},"modified":"2021-08-15T20:08:37","modified_gmt":"2021-08-15T20:08:37","slug":"salto-de-la-jalda-national-park-the-highest-waterfall-in-the-caribbean-272-feet-2","status":"publish","type":"product","link":"https:\/\/haitises.com\/fr\/prive\/salto-de-la-jalda-national-park-the-highest-waterfall-in-the-caribbean-272-feet-2\/","title":{"rendered":"Parc national Salto de la Jalda - La plus haute cascade des Cara\u00efbes 272 pieds"},"content":{"rendered":"<div class=\"vc_row wpb_row vc_row-fluid\" ><div class=\"wpb_column vc_column_container vc_col-sm-12\"><div class=\"vc_column-inner\"><div class=\"wpb_wrapper\">[mkdf_section_title title_tag=\u00bb\u00bb disable_break_words=\u00bbno\u00bb subtitle_tag=\u00bb\u00bb text_font_weight=\u00bb\u00bb title=\u00bbSalto de la Jalda National Park\u00bb subtitle=\u00bbThe highest Waterfall in Caribbean 272 feet\u00bb text=\u00bbHike or Horses Riding.\u00bb]<\/div><\/div><\/div><\/div><div class=\"vc_row wpb_row vc_row-fluid\" ><div class=\"wpb_column vc_column_container vc_col-sm-12\"><div class=\"vc_column-inner\"><div class=\"wpb_wrapper\">\n\t<div class=\"wpb_text_column wpb_content_element\" >\n\t\t<div class=\"wpb_wrapper\">\n\t\t\t<h4><b><i>Vue d'ensemble <\/i><\/b><\/h4>\n<p>Il s&#039;agit d&#039;une visite priv\u00e9e \u00e0\u00a0<strong>Cascades de Salto de la Jalda<\/strong> avec \u00e9quitation ou randonn\u00e9e. Visite de la for\u00eat de cacao et de caf\u00e9 sous la canop\u00e9e des cocotiers. Lorsque vous arrivez aux cascades, vous \u00eates autoris\u00e9 \u00e0 nager et \u00e0 r\u00e9gler l&#039;heure avec votre guide local.<\/p>\n<p>Apprenez avec les locaux et profitez d&#039;un voyage en toute s\u00e9curit\u00e9. Obtenez vos billets en offre aujourd&#039;hui.<\/p>\n<p>&nbsp;<\/p>\n<ul>\n<li>\u00c9quitation ou randonn\u00e9e<\/li>\n<li style=\"font-weight: 400;\"><span style=\"font-weight: 400;\">Le guide fournit des instructions et une supervision<\/span><\/li>\n<li>Tarifs pour le parc national<\/li>\n<\/ul>\n<p>&nbsp;<\/p>\n<h4><b>Inclusions et exclusions<\/b><\/h4>\n<p>&nbsp;<\/p>\n<p><b>Inclusions<\/b><\/p>\n<ol>\n<li style=\"font-weight: 400;\"><span style=\"font-weight: 400;\">Randonn\u00e9e p\u00e9destre ou \u00e0 cheval<\/span><\/li>\n<li style=\"font-weight: 400;\"><span style=\"font-weight: 400;\">Toutes les taxes, tous les frais et tous les frais de gestion<\/span><\/li>\n<li style=\"font-weight: 400;\"><span style=\"font-weight: 400;\">Imp\u00f4ts locaux<\/span><\/li>\n<li style=\"font-weight: 400;\"><span style=\"font-weight: 400;\">Boissons<\/span><\/li>\n<li style=\"font-weight: 400;\"><span style=\"font-weight: 400;\">Toutes les activit\u00e9s<\/span><\/li>\n<li style=\"font-weight: 400;\"><span style=\"font-weight: 400;\">Guide local<\/span><\/li>\n<\/ol>\n<p><b> Exclusions<\/b><\/p>\n<ol>\n<li style=\"font-weight: 400;\"><span style=\"font-weight: 400;\">Pourboires<\/span><\/li>\n<li style=\"font-weight: 400;\"><span style=\"font-weight: 400;\">Transfert<\/span><\/li>\n<li>D\u00e9jeuner<\/li>\n<li style=\"font-weight: 400;\"><span style=\"font-weight: 400;\">Boissons alcoolis\u00e9es<\/span><\/li>\n<\/ol>\n<p>&nbsp;<\/p>\n<h4><em><strong>D\u00e9part et retour<\/strong><\/em><\/h4>\n<p><span style=\"font-weight: 400;\">Le voyageur obtiendra un point de rencontre apr\u00e8s le processus de r\u00e9servation. Les circuits commencent et se terminent \u00e0 nos points de rencontre.<\/span><\/p>\n<p>&nbsp;<\/p>\n<h2>Randonn\u00e9e dans le parc national Salto de la Jalda<\/h2>\n<h4><b><i>\u00c0 quoi s'attendre ?<\/i><\/b><\/h4>\n<p><em><strong>Achetez vos billets<\/strong><\/em> pour visiter les plus hautes cascades des Cara\u00efbes.\u00a0 <strong>Les chutes de Jalda<\/strong> Randonn\u00e9es \u00e9questres.<\/p>\n<p><span style=\"font-weight: 400;\">The tour, organized by \u00abBooking Adventures\u00bb starts at the meeting point set with the Tour Guide. <\/span>Pour commencer notre visite, nous nous retrouvons \u00e0<strong> Savane de la mer<\/strong>. Then we get into the vehicle we drive 25 min to Magua Community. Where we will meet our local hiking guides. Living your vehicle in a safe parking place, we go on horse riding or on foot to the National Park Salto de La Jalda, with a time of three hours to arrive there.<\/p>\n<p>Le chemin s&#039;\u00e9tend sur 6,5 kilom\u00e8tres, c&#039;est une longue exp\u00e9rience \u00e0 travers la for\u00eat dominicaine, en passant par la for\u00eat de cacaos, de noix de coco et de caf\u00e9. Au cours de notre voyage complet, nous passerons pr\u00e8s de la rivi\u00e8re Magua et la traverserons environ 8 fois sans trop de difficult\u00e9.<\/p>\n<p>Presque tout le sentier a l&#039;ombre d&#039;une grande quantit\u00e9 de for\u00eat de cacao plant\u00e9e avant que la zone ne soit d\u00e9clar\u00e9e parc national du Salto de La Jalda. Dans cette premi\u00e8re partie de l&#039;aventure \u00e9cotouristique, vous pourrez profiter du chant des oiseaux, du bruit des courants d&#039;eau, du terrain majoritairement plat et de toute la v\u00e9g\u00e9tation verte.<\/p>\n<p>Outre le cacao, dans les terres du Parc National de La Jalda, vous pourrez \u00e9galement voir des plantations de caf\u00e9. Presque arriv\u00e9s \u00e0 la cascade, nous nous arr\u00eaterons devant les maisons des gardes du parc originaires de la ville de Magua, affect\u00e9es au parc national de Jalda. L\u00e0, vous pourrez faire une courte pause, d&#039;o\u00f9 vous pourrez admirer une vue g\u00e9n\u00e9rale imprenable sur le Salto de La Jalda.<\/p>\n<p>Nous continuerons jusqu&#039;aux cascades. y nager et apr\u00e8s quelques heures revenir au v\u00e9hicule par le m\u00eame sentier. C&#039;est une aventure extr\u00eame. S&#039;il vous pla\u00eet, si vous n&#039;avez pas les conditions pour faire de la randonn\u00e9e, vous devez faire de l&#039;\u00e9quitation.<\/p>\n<p>&nbsp;<\/p>\n<h4><em><strong>Que faut-il apporter ?<\/strong><\/em><\/h4>\n<ul>\n<li style=\"font-weight: 400;\"><span style=\"font-weight: 400;\">Appareil photo<\/span><\/li>\n<li style=\"font-weight: 400;\"><span style=\"font-weight: 400;\">Bourgeons r\u00e9pulsifs<\/span><\/li>\n<li style=\"font-weight: 400;\"><span style=\"font-weight: 400;\">cr\u00e8me solaire<\/span><\/li>\n<li style=\"font-weight: 400;\"><span style=\"font-weight: 400;\">Chapeau<\/span><\/li>\n<li style=\"font-weight: 400;\"><span style=\"font-weight: 400;\">Pantalon confortable<\/span><\/li>\n<li style=\"font-weight: 400;\"><span style=\"font-weight: 400;\">Chaussures de randonn\u00e9e pour la for\u00eat<\/span><\/li>\n<li style=\"font-weight: 400;\"><span style=\"font-weight: 400;\">V\u00eatements de bain<\/span><\/li>\n<li>Bouteille d&#039;eau suppl\u00e9mentaire<\/li>\n<li>D\u00e9jeuner ou collations<\/li>\n<\/ul>\n<p>&nbsp;<\/p>\n<h4><b><i>H\u00f4tel Pickup <\/i><\/b><\/h4>\n<p><span style=\"font-weight: 400;\">La prise en charge \u00e0 l'h\u00f4tel n'est pas propos\u00e9e pour ce circuit. <\/span><\/p>\n<p>&nbsp;<\/p>\n<p><b>Remarque :<\/b><span style=\"font-weight: 400;\"> Si vous r\u00e9servez dans les 24 heures pr\u00e9c\u00e9dant l'heure de d\u00e9part de la visite\/excursion, nous pouvons organiser la prise en charge \u00e0 l'h\u00f4tel moyennant des frais suppl\u00e9mentaires. Une fois votre achat effectu\u00e9, nous vous enverrons les coordonn\u00e9es compl\u00e8tes (num\u00e9ro de t\u00e9l\u00e9phone, adresse \u00e9lectronique, etc.) de notre guide local pour organiser la prise en charge.<\/span><\/p>\n<h4><b><i>Informations compl\u00e9mentaires Confirmation <\/i><\/b><\/h4>\n<ol>\n<li>Les billets sont le re\u00e7u apr\u00e8s le paiement de cette tourn\u00e9e. Vous pouvez montrer le paiement sur votre t\u00e9l\u00e9phone.<\/li>\n<li style=\"font-weight: 400;\"><span style=\"font-weight: 400;\">Le point de rencontre sera communiqu\u00e9 apr\u00e8s le processus de r\u00e9servation.<\/span><\/li>\n<li style=\"font-weight: 400;\"><span style=\"font-weight: 400;\">Les enfants doivent \u00eatre accompagn\u00e9s d'un adulte.<\/span><\/li>\n<li style=\"font-weight: 400;\"><span style=\"font-weight: 400;\"> Non accessible aux fauteuils roulants <\/span><\/li>\n<li style=\"font-weight: 400;\"><span style=\"font-weight: 400;\">Les b\u00e9b\u00e9s ne sont pas autoris\u00e9s pour ce voyage<\/span><\/li>\n<li style=\"font-weight: 400;\"><span style=\"font-weight: 400;\">D\u00e9conseill\u00e9 aux voyageurs souffrant de probl\u00e8mes de dos<\/span><\/li>\n<li style=\"font-weight: 400;\"><span style=\"font-weight: 400;\">D\u00e9conseill\u00e9 aux voyageuses enceintes <\/span><\/li>\n<li style=\"font-weight: 400;\"><span style=\"font-weight: 400;\"> Pas de probl\u00e8mes cardiaques ou d'autres maladies graves <\/span><\/li>\n<li style=\"font-weight: 400;\"><span style=\"font-weight: 400;\">La plupart des voyageurs peuvent participer<\/span><\/li>\n<\/ol>\n<h4><b><i>Politique d'annulation<\/i><\/b><\/h4>\n<p><span style=\"font-weight: 400;\">Pour un remboursement complet, annulez au moins 24 heures avant la date de d\u00e9but de l&#039;exp\u00e9rience.<\/span><\/p>\n\n\t\t<\/div>\n\t<\/div>\n<\/div><\/div><\/div><\/div><div class=\"vc_row wpb_row vc_row-fluid\" ><div class=\"wpb_column vc_column_container vc_col-sm-12\"><div class=\"vc_column-inner\"><div class=\"wpb_wrapper\">\n\t<div class=\"wpb_text_column wpb_content_element\" >\n\t\t<div class=\"wpb_wrapper\">\n\t\t\t<h4>Nous contacter ?<\/h4>\n<h5><em><strong>R\u00e9servation d'aventures<\/strong><\/em><\/h5>\n<p><em><strong>Locaux<\/strong> et <strong>Nationales<\/strong> Guides touristiques et services aux visiteurs<\/em><\/p>\n<p><span class=\"text-turquoise\">R\u00e9servations :<\/span> Tours et excursions \u00e0 Dom. Rep.<\/p>\n<p><img decoding=\"async\" class=\"emoji\" draggable=\"false\" src=\"https:\/\/s.w.org\/images\/core\/emoji\/11.2.0\/svg\/1f4de.svg\" alt=\"\ud83d\udcde\" title=\"\"> T\u00e9l \/ Whatsapp\u00a0 <a href=\"tel:+1-809-720-6035\">+1-809-720-6035<\/a>.<\/p>\n<p><img decoding=\"async\" class=\"emoji\" draggable=\"false\" src=\"https:\/\/s.w.org\/images\/core\/emoji\/11.2.0\/svg\/1f4e9.svg\" alt=\"\ud83d\udce9\" title=\"\"> <a href=\"mailto:info@bookingadventures.com.do\">info@bookingadventures.com.do<\/a><\/p>\n<p><strong>Nous sommes flexibles pour organiser des visites priv\u00e9es par Whatsapp : <a href=\"tel:+18097206035\">+18097206035.<\/a><\/strong><\/p>\n\n\t\t<\/div>\n\t<\/div>\n<\/div><\/div><\/div><\/div>","protected":false},"excerpt":{"rendered":"<p>Une aventure extr\u00eame jusqu&#039;\u00e0 la plus haute cascade des Cara\u00efbes. Venez avec les locaux en randonn\u00e9e ou \u00e0 cheval jusqu&#039;\u00e0 la cascade. D\u00e9couverte du v\u00e9ritable mode de vie dominicain de la for\u00eat. Visitez les plus grandes plantations de for\u00eat de cacaoyers de la R\u00e9publique Dominicaine et d\u00e9couvrez cette histoire avec les guides Natives Tour.<\/p>\n<p>En r\u00e9servant ce voyage, vous soutenez les familles de Magua, communaut\u00e9 de Sabana de la Mar. O\u00f9 il n\u2019y a pas de touristes toute l\u2019ann\u00e9e. L&#039;argent reste avec ces locaux.<\/p>\n<p>&nbsp;<\/p>\n<p><strong>Veuillez s\u00e9lectionner la date de la tourn\u00e9e\u00a0<\/strong><\/p>","protected":false},"featured_media":62,"template":"","meta":[],"product_brand":[],"product_cat":[95,96,97,98,99,100],"product_tag":[101,102,103,104,105,106,107,108,109,110,111,112,113,114,115,116,117,118],"class_list":{"0":"post-11302","1":"product","2":"type-product","3":"status-publish","4":"has-post-thumbnail","6":"product_cat-hike-to-miches-la-jalda-waterfall-waterfalls","7":"product_cat-hiking","8":"product_cat-horse-riding-to-waterfalls","9":"product_cat-local-tour-guides","10":"product_cat-swimming-natural-springs","11":"product_cat-waterfalls","12":"product_tag-higthest-waterfall-in-the-caribean","13":"product_tag-hike-la-jalda","14":"product_tag-hike-to-miches-la-jalda-waterfall-waterfalls","15":"product_tag-hiking","16":"product_tag-la-jalda-excursions","17":"product_tag-la-jalda-horses","18":"product_tag-la-jalda-national-park","19":"product_tag-la-jalda-waterfall","20":"product_tag-leaping","21":"product_tag-leaping-jalda","22":"product_tag-magua","23":"product_tag-magua-la-jalda","24":"product_tag-miches","25":"product_tag-sabana-de-la-mar","26":"product_tag-salto-de-la-jalda","27":"product_tag-salto-la-jalda-sabana-de-la-mar","28":"product_tag-salto-la-jalda-tours","29":"product_tag-waterfalls","31":"first","32":"instock","33":"sale","34":"featured","35":"virtual","36":"sold-individually","37":"purchasable","38":"product-type-simple"},"_links":{"self":[{"href":"https:\/\/haitises.com\/fr\/wp-json\/wp\/v2\/product\/11302","targetHints":{"allow":["GET"]}}],"collection":[{"href":"https:\/\/haitises.com\/fr\/wp-json\/wp\/v2\/product"}],"about":[{"href":"https:\/\/haitises.com\/fr\/wp-json\/wp\/v2\/types\/product"}],"wp:featuredmedia":[{"embeddable":true,"href":"https:\/\/haitises.com\/fr\/wp-json\/wp\/v2\/media\/62"}],"wp:attachment":[{"href":"https:\/\/haitises.com\/fr\/wp-json\/wp\/v2\/media?parent=11302"}],"wp:term":[{"taxonomy":"product_brand","embeddable":true,"href":"https:\/\/haitises.com\/fr\/wp-json\/wp\/v2\/product_brand?post=11302"},{"taxonomy":"product_cat","embeddable":true,"href":"https:\/\/haitises.com\/fr\/wp-json\/wp\/v2\/product_cat?post=11302"},{"taxonomy":"product_tag","embeddable":true,"href":"https:\/\/haitises.com\/fr\/wp-json\/wp\/v2\/product_tag?post=11302"}],"curies":[{"name":"wp","href":"https:\/\/api.w.org\/{rel}","templated":true}]}}