{"id":10909,"date":"2020-07-18T21:02:36","date_gmt":"2020-07-18T21:02:36","guid":{"rendered":"http:\/\/haitises.com\/?post_type=product&#038;p=10909"},"modified":"2024-04-15T23:15:03","modified_gmt":"2024-04-15T23:15:03","slug":"atv-aventuras-samana-atv-tours-excursiones-en-samana-republica-dominicana-atv-playa-el-valle-cascada","status":"publish","type":"product","link":"https:\/\/haitises.com\/fr\/prive\/atv-aventuras-samana-atv-tours-excursiones-en-samana-republica-dominicana-atv-playa-el-valle-cascada\/","title":{"rendered":"ATV Adventures Saman\u00e1 \u2013 Tours et excursions en VTT \u00e0 Saman\u00e1 en R\u00e9publique Dominicaine. VTT + plage et cascade d&#039;El Valle"},"content":{"rendered":"<div class=\"vc_row wpb_row vc_row-fluid\" ><div class=\"wpb_column vc_column_container vc_col-sm-12\"><div class=\"vc_column-inner\"><div class=\"wpb_wrapper\">[mkdf_section_title title_tag=\u00bb\u00bb disable_break_words=\u00bbno\u00bb subtitle_tag=\u00bb\u00bb title=\u00bbATV Saman\u00e1 Aventuras &#8211; ATV Tours &amp; Excursiones en Saman\u00e1, Rep\u00fablica Dominicana. ATV + Playa El Valle &amp; Cascada\u00bb subtitle=\u00bbAlmuerzo en la playa incluido.\u00bb]<\/div><\/div><\/div><\/div><div class=\"vc_row wpb_row vc_row-fluid\" ><div class=\"wpb_column vc_column_container vc_col-sm-12\"><div class=\"vc_column-inner\"><div class=\"wpb_wrapper\">\n\t<div class=\"wpb_text_column wpb_content_element\" >\n\t\t<div class=\"wpb_wrapper\">\n\t\t\t<h2>ATV Aventuras Saman\u00e1 &#8211; ATV Tours y Excursiones en Samana Rep\u00fablica Dominicana. ATV + Playa El Valle y Cascadas.<\/h2>\n<h3>Description<\/h3>\n<p>Obtenga sus entradas para una excursi\u00f3n de medio d\u00eda en Saman\u00e1 en ATV Tours. La excursi\u00f3n comenzar\u00e1 en nuestra oficina cerca del muelle principal de Saman\u00e1. Despu\u00e9s de conducir 30 minutos, visitaremos el ecologe de la Casa en el \u00c1rbol en el camino a las cascadas. Despu\u00e9s de caminar a las cascadas alrededor de 10 min.<\/p>\n<p>Almorzaremos en la playa de El valle. Despu\u00e9s de 4.5 horas de actividades volvemos a nuestro punto de encuentro en Saman\u00e1.<\/p>\n<h3>Inclusions et exclusions<\/h3>\n<h4>Inclusions<\/h4>\n<ol>\n<li>Atv 2 personas en uno.<\/li>\n<li>D\u00e9jeuner sur la plage<\/li>\n<li>Toutes les taxes, frais et frais de dossier<\/li>\n<li>Imp\u00f4ts locaux<\/li>\n<li>Boissons<\/li>\n<li>Ap\u00e9ritifs<\/li>\n<li>Visita a las cascadas<\/li>\n<li>Playa el valle<\/li>\n<li>Visita a la casa del \u00e1rbol<\/li>\n<li>Toutes les activit\u00e9s<\/li>\n<li>Guide local<\/li>\n<\/ol>\n<h4>Exclusions<\/h4>\n<ol>\n<li>Pourboire<\/li>\n<li>transporte desde hoteles (establecido al contactarnos).<\/li>\n<li>Boissons alcoolis\u00e9es<\/li>\n<\/ol>\n<h3><em>D\u00e9part et retour<\/em><\/h3>\n<p>Le voyageur obtiendra un point de rendez-vous apr\u00e8s le processus de r\u00e9servation. Les visites commencent et se terminent \u00e0 leurs points de rendez-vous.<\/p>\n<h3>ATV Aventuras Saman\u00e1 &#8211; ATV Tours y Excursiones en Saman\u00e1 Rep\u00fablica Dominicana. ATV + Playa El Valle y Cascadas.<\/h3>\n<h3><em>Attendre?<\/em><\/h3>\n<p>Aprender a encender su ATV. As\u00ed que estar\u00e1 listo para ir a campo traviesa y ver de cerca la pen\u00ednsula de Saman\u00e1. Conducir\u00e1 su veh\u00edculo ATV por un terreno accidentado y visitaremos a una familia dominicana donde haremos una parada r\u00e1pida para tomar algunas fotos del ecologe de la casa del \u00e1rbol, beber un buen caf\u00e9 dominicano y disfrutar de un delicioso chocolate natural.<br \/>\nLuego continuamos por un peque\u00f1o pueblo donde podr\u00e1 disfrutar del calor de los nativos dominicanos en el camino para visitar las cascadas LULU, caminar hasta las cascadas 10 minutos y aprender sobre el bosque de Rep\u00fablica Dominicana en uno de los lugares m\u00e1s ex\u00f3ticos del regi\u00f3n.<\/p>\n<p>Volviendo a nuestro ATV para visitar una de las playas m\u00e1s bonitas de Saman\u00e1. ?\u00a1Playa El Valle! Donde nos detendremos alrededor de 1 hora y 15 minutos para disfrutar de la m\u00e1gica arena blanca y las cristalinas aguas turquesas de la playa de Playa El Valle. All\u00ed puede descansar, beber, nadar, explorar o simplemente acostarse al sol si lo desea. El buffet estar\u00e1 listo con comidas t\u00edpicas dominicanas y si eres vegano h\u00e1znoslo saber. \u00a1Tenemos comida para todos!<br \/>\nDespu\u00e9s de 4.5 horas conducimos de regreso a la ciudad de Saman\u00e1.<\/p>\n<h3><em>Que faut-il apporter ?<\/em><\/h3>\n<ul>\n<li>Appareil photo<\/li>\n<li>R\u00e9pulsifs<\/li>\n<li>Cr\u00e8me solaire<\/li>\n<li>Chapeau<\/li>\n<li>Pantalon confortable<\/li>\n<li>Chaussures de randonn\u00e9e en for\u00eat<\/li>\n<li>Sandales aux zones de printemps.<\/li>\n<li>Maillot de bain<\/li>\n<\/ul>\n<h3><em>Prise en charge \u00e0 l'h\u00f4tel<\/em><\/h3>\n<p>No se ofrece la recogida en el hotel para este tour. Configuramos recogida contact\u00e1ndonos por Whatsapp.<\/p>\n<p><strong>Note:<\/strong> Si realiza la reserva dentro de las 24 horas de la hora de salida del tour \/ excursi\u00f3n, podemos organizar la recogida en el hotel con cargos adicionales. Una vez que se complete su compra, le enviaremos informaci\u00f3n de contacto completa (n\u00famero de tel\u00e9fono, direcci\u00f3n de correo electr\u00f3nico, etc.) para que nuestro gu\u00eda tur\u00edstico local organice los arreglos de recogida.<\/p>\n<h3><em>Confirmation des informations compl\u00e9mentaires<\/em><\/h3>\n<ol>\n<li>Les billets constituent le re\u00e7u apr\u00e8s avoir pay\u00e9 ce tour. Vous pouvez afficher le paiement sur votre t\u00e9l\u00e9phone.<\/li>\n<li>Le point de rendez-vous sera re\u00e7u apr\u00e8s le processus de r\u00e9servation.<\/li>\n<li>Les enfants doivent \u00eatre accompagn\u00e9s par un adulte.<\/li>\n<li>Non accessible aux fauteuils roulants<\/li>\n<li>Les nourrissons doivent s&#039;asseoir sur les genoux<\/li>\n<li>D\u00e9conseill\u00e9 aux voyageurs ayant des probl\u00e8mes de dos.<\/li>\n<li>D\u00e9conseill\u00e9 aux femmes enceintes.<\/li>\n<li>Aucun probl\u00e8me cardiaque ou autre probl\u00e8me m\u00e9dical grave.<\/li>\n<li>La plupart des voyageurs peuvent participer.<\/li>\n<\/ol>\n<h3><em>Politique d&#039;annulation<\/em><\/h3>\n<p>Pour un remboursement complet, annulez au moins 24 heures avant la date de d\u00e9but de l&#039;exp\u00e9rience. Les fonds seront perdus si la r\u00e9servation est annul\u00e9e le m\u00eame jour du voyage.<\/p>\n\n\t\t<\/div>\n\t<\/div>\n<\/div><\/div><\/div><\/div><div class=\"vc_row wpb_row vc_row-fluid\" ><div class=\"wpb_column vc_column_container vc_col-sm-12\"><div class=\"vc_column-inner\"><div class=\"wpb_wrapper\">\n\t<div class=\"wpb_video_widget wpb_content_element vc_clearfix   vc_video-aspect-ratio-169 vc_video-el-width-100 vc_video-align-left\" >\n\t\t<div class=\"wpb_wrapper\">\n\t\t\t<h2 class=\"wpb_heading wpb_video_heading\">Samana avec Booking Adventures :<\/h2>\n\t\t\t<div class=\"wpb_video_wrapper\"><iframe loading=\"lazy\" title=\"Destination Dominicaine Tyrolienne Samana, Excursions en VTT\" width=\"1100\" height=\"619\" src=\"https:\/\/www.youtube.com\/embed\/8Ybh1xtnr2M?feature=oembed\" frameborder=\"0\" allow=\"accelerometer; autoplay; encrypted-media; gyroscope; picture-in-picture\" allowfullscreen><\/iframe><\/div>\n\t\t<\/div>\n\t<\/div>\n<\/div><\/div><\/div><\/div><div class=\"vc_row wpb_row vc_row-fluid\" ><div class=\"wpb_column vc_column_container vc_col-sm-12\"><div class=\"vc_column-inner\"><div class=\"wpb_wrapper\"><div class=\"vc_empty_space\"   style=\"height: 32px\"><span class=\"vc_empty_space_inner\"><\/span><\/div>\n\t<div class=\"wpb_text_column wpb_content_element\" >\n\t\t<div class=\"wpb_wrapper\">\n\t\t\t<h4>Nous contacter ?<\/h4>\n<h5><em><strong>R\u00e9servation d'aventures<\/strong><\/em><\/h5>\n<p><em><strong>Locaux<\/strong>\u00a0et\u00a0<strong>Nationales<\/strong>\u00a0Guides touristiques et services aux visiteurs<\/em><\/p>\n<p><span class=\"text-turquoise\">R\u00e9servations :<\/span>\u00a0Tours et excursions \u00e0 Dom. Rep.<\/p>\n<p><img decoding=\"async\" class=\"emoji\" draggable=\"false\" src=\"https:\/\/s.w.org\/images\/core\/emoji\/11.2.0\/svg\/1f4de.svg\" alt=\"\ud83d\udcde\" title=\"\">\u00a0T\u00e9l \/ Whatsapp\u00a0\u00a0<a href=\"tel:+1-809-720-6035\">+1-809-720-6035<\/a>.<\/p>\n<p><img decoding=\"async\" class=\"emoji\" draggable=\"false\" src=\"https:\/\/s.w.org\/images\/core\/emoji\/11.2.0\/svg\/1f4e9.svg\" alt=\"\ud83d\udce9\" title=\"\">\u00a0<a href=\"mailto:info@bookingadventures.com.do\">info@bookingadventures.com.do<\/a><\/p>\n<p><strong>Nous sommes flexibles pour organiser des visites priv\u00e9es par Whatsapp :\u00a0<a href=\"tel:+18097206035\">+18097206035.<\/a><\/strong><\/p>\n\n\t\t<\/div>\n\t<\/div>\n<div class=\"vc_empty_space\"   style=\"height: 32px\"><span class=\"vc_empty_space_inner\"><\/span><\/div><\/div><\/div><\/div><\/div>","protected":false},"excerpt":{"rendered":"<p>Esta experiencia en ATV comienza en el centro de la ciudad de Saman\u00e1. Conduciendo el ATV a las cascadas LULU, pasando por el Eco-lodge La Casa en el \u00c1rbol hasta la playa de El Valle.<br \/>\nPlaya El Valle! Donde nos detendremos alrededor de 1 hora y 15 minutos para disfrutar de la m\u00e1gica arena blanca y las cristalinas aguas turquesas de la playa de Playa El Valle. All\u00ed puede descansar, beber, nadar, explorar o simplemente tumbarse al sol si lo desea. Un buffet estar\u00e1 listo con comidas t\u00edpicas dominicanas y si usted es vegano h\u00e1ganoslo saber. \u00a1Tenemos comida para todos!<\/p>\n<p>Despu\u00e9s de 4.5 horas, regresamos a la ciudad de Saman\u00e1.<\/p>\n<p>. Senderismo y nataci\u00f3n con equipo de seguridad \u00a1para tener la mejor experiencia de su vida!<\/p>\n<p><strong>Veuillez s\u00e9lectionner la date de la visite\u00a0:<\/strong><\/p>","protected":false},"featured_media":392,"template":"","meta":[],"product_brand":[],"product_cat":[317,318,319,120,96,320,135,321,122,443,100],"product_tag":[322,323,324,325,157,326,201,142,327,148,143,328],"class_list":{"0":"post-10909","1":"product","2":"type-product","3":"status-publish","4":"has-post-thumbnail","6":"product_cat-atv-adventures","7":"product_cat-atv-fourwheels","8":"product_cat-atv-tours-excursions-adventures","9":"product_cat-fees-entrace","10":"product_cat-hiking","11":"product_cat-lulu-waterfalls","12":"product_cat-lunch","13":"product_cat-things-to-do-in-samana-province","14":"product_cat-tours-and-excursions","15":"product_cat-tours-y-excursiones-es","16":"product_cat-waterfalls","17":"product_tag-atv-samana-excursion","18":"product_tag-atv-tours-excursions-in-samana-dominican-republic","19":"product_tag-atv-fourwheels","20":"product_tag-atv-tours-excursions-adventures","21":"product_tag-el-valle-beach","22":"product_tag-lulu-waterfalls","23":"product_tag-private-tours-samana","24":"product_tag-samana","25":"product_tag-samana-atv","26":"product_tag-samana-excursions","27":"product_tag-samana-tours","28":"product_tag-tree-house-samana","30":"first","31":"instock","32":"sale","33":"sold-individually","34":"shipping-taxable","35":"product-type-external"},"_links":{"self":[{"href":"https:\/\/haitises.com\/fr\/wp-json\/wp\/v2\/product\/10909","targetHints":{"allow":["GET"]}}],"collection":[{"href":"https:\/\/haitises.com\/fr\/wp-json\/wp\/v2\/product"}],"about":[{"href":"https:\/\/haitises.com\/fr\/wp-json\/wp\/v2\/types\/product"}],"wp:featuredmedia":[{"embeddable":true,"href":"https:\/\/haitises.com\/fr\/wp-json\/wp\/v2\/media\/392"}],"wp:attachment":[{"href":"https:\/\/haitises.com\/fr\/wp-json\/wp\/v2\/media?parent=10909"}],"wp:term":[{"taxonomy":"product_brand","embeddable":true,"href":"https:\/\/haitises.com\/fr\/wp-json\/wp\/v2\/product_brand?post=10909"},{"taxonomy":"product_cat","embeddable":true,"href":"https:\/\/haitises.com\/fr\/wp-json\/wp\/v2\/product_cat?post=10909"},{"taxonomy":"product_tag","embeddable":true,"href":"https:\/\/haitises.com\/fr\/wp-json\/wp\/v2\/product_tag?post=10909"}],"curies":[{"name":"wp","href":"https:\/\/api.w.org\/{rel}","templated":true}]}}