{"id":10908,"date":"2020-07-18T19:49:40","date_gmt":"2020-07-18T19:49:40","guid":{"rendered":"http:\/\/haitises.com\/?post_type=product&#038;p=10908"},"modified":"2024-04-15T23:28:53","modified_gmt":"2024-04-15T23:28:53","slug":"plage-dermitano-et-plage-donda-excursion-en-bateau-dune-demi-journee-samana-republique-dominicaine","status":"publish","type":"product","link":"https:\/\/haitises.com\/fr\/prive\/plage-dermitano-et-plage-donda-excursion-en-bateau-dune-demi-journee-samana-republique-dominicaine\/","title":{"rendered":"Plage Ermita\u00f1o et plage Honda, excursion en bateau d&#039;une demi-journ\u00e9e, Saman\u00e1 \u2013 R\u00e9publique Dominicaine"},"content":{"rendered":"<div class=\"vc_row wpb_row vc_row-fluid\" ><div class=\"wpb_column vc_column_container vc_col-sm-12\"><div class=\"vc_column-inner\"><div class=\"wpb_wrapper\">[mkdf_section_title title_tag=\u00bb\u00bb disable_break_words=\u00bbno\u00bb subtitle_tag=\u00bb\u00bb title=\u00bbPlaya Rinc\u00f3n, Playa Fronton + Playa Madame, Saman\u00e1 &#8211; Rep\u00fablica Dominicana.\u00bb subtitle=\u00bbAlmuerzo, Tour en bote y transporte desde los Hoteles.\u00bb]\n\t<div class=\"wpb_text_column wpb_content_element\" >\n\t\t<div class=\"wpb_wrapper\">\n\t\t\t<h2>Excursion en bateau \u00e0 Playa Ermita\u00f1o et excursion priv\u00e9e \u00e0 Playa Onda.<\/h2>\n<h3>Description<\/h3>\n<p>L'excursion commence par une prise en charge \u00e0 votre h\u00f4tel ou \u00e0 l'a\u00e9roport dans la r\u00e9gion de Samana ou de Las Galeras. Commencez votre exp\u00e9rience \u00e0 Playa El Valle, une plage magnifique et unique pr\u00e8s de Samana. Profitez d'un trajet en bateau de 25 minutes jusqu'\u00e0 Playa Ermita\u00f1o, une plage encore inexplor\u00e9e et isol\u00e9e aux eaux bleu turquoise. Savourez l'eau de coco fra\u00eeche. D\u00e9couvrez la beaut\u00e9 authentique et intacte de la R\u00e9publique dominicaine et immergez-vous dans la nature, tout en explorant la grotte secr\u00e8te situ\u00e9e \u00e0 proximit\u00e9. Restez \u00e0 Playa Ermita\u00f1o aussi longtemps que vous le souhaitez et visitez Playa Onda, une autre belle plage sauvage, \u00e0 seulement 15 minutes en bateau. Retournez \u00e0 Playa El Valle et continuez vers Saman\u00e1, visitez les maisons locales et d\u00e9couvrez la vraie vie dominicaine.<\/p>\n<ul>\n<li>Guide local avec exp\u00e9rience en s\u00e9curit\u00e9 dans la r\u00e9gion.<\/li>\n<li>Transport priv\u00e9<\/li>\n<li>Taxes incluses<\/li>\n<li>D\u00e9jeuner sur la plage<\/li>\n<li>Guide touristique local en espagnol, anglais ou fran\u00e7ais.<\/li>\n<li>Randonn\u00e9e<\/li>\n<\/ul>\n<h3>Inclusions et exclusions<\/h3>\n<h4>Inclusions<\/h4>\n<ol>\n<li>Guide local avec exp\u00e9rience en s\u00e9curit\u00e9 dans la r\u00e9gion.<\/li>\n<li>Transport priv\u00e9 pour petits groupes.<\/li>\n<li>Plage d'El Rinc\u00f3n<\/li>\n<li>Rancho Dominicano<\/li>\n<li>Cano Frio River<\/li>\n<li>Toutes les taxes, frais et frais de dossier<\/li>\n<li>Imp\u00f4ts locaux<\/li>\n<li>D\u00e9jeuner sur la plage<\/li>\n<li>Randonn\u00e9e<\/li>\n<li>Toutes les activit\u00e9s<\/li>\n<\/ol>\n<h4>Exclusions<\/h4>\n<p>&nbsp;<\/p>\n<ol>\n<li>Pourboire<\/li>\n<li>Toutes les boissons<\/li>\n<\/ol>\n<h3><em>D\u00e9part et retour<\/em><\/h3>\n<p>Le voyageur obtiendra un point de rendez-vous apr\u00e8s le processus de r\u00e9servation. Les visites commencent et se terminent \u00e0 leurs points de rendez-vous.<\/p>\n<h3>(Plage d'Ermitano) Excursion en bateau \u00e0 la plage d'Ermita\u00f1o et excursion priv\u00e9e \u00e0 la plage d'Onda.<\/h3>\n<h3><em>Attendre?<\/em><\/h3>\n<p>Apr\u00e8s avoir quitt\u00e9 la zone h\u00f4teli\u00e8re de Samana et travers\u00e9 les rues dominicaines, vous d\u00e9couvrirez le mode de vie local. Cette plage est situ\u00e9e entre Playa Honda et Playa El Valle sur la p\u00e9ninsule de Samana. Elle mesure 400 m\u00e8tres de long et est entour\u00e9e de r\u00e9cifs. Le seul moyen d'acc\u00e9der \u00e0 cette plage est de marcher, \u00e0 travers un sentier de jungle dense ou en bateau.<\/p>\n<p>L'histoire de son nom est si fascinante et int\u00e9ressante... Juan El Ermita\u00f1o \u00e9tait apparemment un pirate fran\u00e7ais qui, repenti, d\u00e9barqua un jour sur cette plage de Saman\u00e1. L'histoire raconte qu'il \u00e9tait rest\u00e9 seul et isol\u00e9 du monde pendant l'ann\u00e9e 1780. La l\u00e9gende raconte qu'apr\u00e8s 22 ans d'exil, il fut d\u00e9couvert par surprise par ses anciens compagnons corsaires qui le croyaient mort. Mais les Espagnols, stup\u00e9faits par son aust\u00e9rit\u00e9 et sa constance, lui accord\u00e8rent leur pardon, le consid\u00e9rant presque comme un saint. Mais comme dans toute histoire de pirates vantards, Juan El Ermita\u00f1o gardait un grand secret : il cachait sur cette plage un pr\u00e9cieux butin de son \u00e9poque de pirate.<\/p>\n<p>Une fois sur place, un paysage de carte postale s'offre \u00e0 vous. Vous aurez l'impression d'\u00eatre unique au monde dans ce lieu magique pour sa v\u00e9g\u00e9tation luxuriante et tropicale et pour la beaut\u00e9 de ses eaux cristallines. Cette plage est une exp\u00e9rience incroyable.<\/p>\n<p>Les versions turque et su\u00e9doise de la s\u00e9rie t\u00e9l\u00e9vis\u00e9e Survivor ont \u00e9t\u00e9 film\u00e9es sur cette plage.<\/p>\n<p>Este recorrido, organizado por \u00abBooking Adventures\u00bb, comienza en el punto de encuentro establecido con nuestro gu\u00eda tur\u00edstico. Ven con Booking Adventures, almuerza en la playa y disfruta de una de las playas m\u00e1s incre\u00edbles de Saman\u00e1, Rep\u00fablica Dominicana.<\/p>\n<h3><em>Que faut-il apporter ?<\/em><\/h3>\n<ul>\n<li>Appareil photo<\/li>\n<li>R\u00e9pulsifs<\/li>\n<li>Cr\u00e8me solaire<\/li>\n<li>Eau<\/li>\n<li>Chapeau<\/li>\n<li>Pantalon confortable<\/li>\n<li>Chaussures de randonn\u00e9e en for\u00eat<\/li>\n<li>Sandales aux zones de printemps.<\/li>\n<li>Maillot de bain<\/li>\n<\/ul>\n<h3><em>Prise en charge \u00e0 l'h\u00f4tel<\/em><\/h3>\n<p>Une prise en charge \u00e0 l'h\u00f4tel est propos\u00e9e pour ce circuit.<\/p>\n<p><strong>Note:<\/strong> Si vous r\u00e9servez dans les 24 heures pr\u00e9c\u00e9dant l'heure de d\u00e9part de la visite\/excursion, nous pouvons organiser la prise en charge \u00e0 l'h\u00f4tel. Nous assurons la prise en charge dans la r\u00e9gion de Samana. Une fois votre achat effectu\u00e9, nous vous enverrons les coordonn\u00e9es compl\u00e8tes (num\u00e9ro de t\u00e9l\u00e9phone, adresse \u00e9lectronique, etc.) de notre guide local pour organiser la prise en charge.<\/p>\n<h3><em>Confirmation des informations compl\u00e9mentaires<\/em><\/h3>\n<ol>\n<li>Les billets constituent le re\u00e7u apr\u00e8s avoir pay\u00e9 ce tour. Vous pouvez afficher le paiement sur votre t\u00e9l\u00e9phone.<\/li>\n<li>Le point de rendez-vous sera re\u00e7u apr\u00e8s le processus de r\u00e9servation.<\/li>\n<li>Les enfants doivent \u00eatre accompagn\u00e9s par un adulte.<\/li>\n<li>Non accessible aux fauteuils roulants<\/li>\n<li>Les nourrissons doivent s&#039;asseoir sur les genoux<\/li>\n<li>D\u00e9conseill\u00e9 aux voyageurs ayant des probl\u00e8mes de dos.<\/li>\n<li>D\u00e9conseill\u00e9 aux femmes enceintes.<\/li>\n<li>Aucun probl\u00e8me cardiaque ou autre probl\u00e8me m\u00e9dical grave.<\/li>\n<li>La plupart des voyageurs peuvent participer.<\/li>\n<\/ol>\n<h3><em>Politique d&#039;annulation<\/em><\/h3>\n<p>Pour un remboursement complet, annulez au moins 24 heures avant la date de d\u00e9but de l&#039;exp\u00e9rience. Les fonds seront perdus si la r\u00e9servation est annul\u00e9e le m\u00eame jour du voyage.<\/p>\n\n\t\t<\/div>\n\t<\/div>\n<\/div><\/div><\/div><\/div><div class=\"vc_row wpb_row vc_row-fluid\" ><div class=\"wpb_column vc_column_container vc_col-sm-12\"><div class=\"vc_column-inner\"><div class=\"wpb_wrapper\">\n\t<div class=\"wpb_video_widget wpb_content_element vc_clearfix   vc_video-aspect-ratio-169 vc_video-el-width-100 vc_video-align-left\" >\n\t\t<div class=\"wpb_wrapper\">\n\t\t\t<h2 class=\"wpb_heading wpb_video_heading\">Regarder la vid\u00e9o:<\/h2>\n\t\t\t<div class=\"wpb_video_wrapper\"><iframe loading=\"lazy\" title=\"Plage Ermita\u00f1o - Saman\u00e1, R\u00e9publique Dominicaine\" src=\"https:\/\/player.vimeo.com\/video\/263076708?dnt=1&amp;app_id=122963\" width=\"1100\" height=\"619\" frameborder=\"0\" allow=\"autoplay; fullscreen\" allowfullscreen><\/iframe><\/div>\n\t\t<\/div>\n\t<\/div>\n<\/div><\/div><\/div><\/div><div class=\"vc_row wpb_row vc_row-fluid\" ><div class=\"wpb_column vc_column_container vc_col-sm-12\"><div class=\"vc_column-inner\"><div class=\"wpb_wrapper\"><div class=\"vc_empty_space\"   style=\"height: 32px\"><span class=\"vc_empty_space_inner\"><\/span><\/div>\n\t<div class=\"wpb_text_column wpb_content_element\" >\n\t\t<div class=\"wpb_wrapper\">\n\t\t\t<h4>Contactez-nous<\/h4>\n<h5><em>R\u00e9serve Aventure<\/em><\/h5>\n<p><em>Guides touristiques locaux et nationaux et services aux visiteurs<\/em><\/p>\n<p>R\u00e9servations : Visites et Excursions en R\u00e9p. Dom.<\/p>\n<p>T\u00e9l\/Whatsapp +1-809-720-6035.<\/p>\n<p>info@bookingadventures.com.do<\/p>\n<p>Nous sommes flexibles. Mise en place de visites priv\u00e9es par<strong>\u00a0WhatsApp\u00a0: <a href=\"tel:+18097206035\">+18097206035.<\/a><\/strong><\/p>\n\n\t\t<\/div>\n\t<\/div>\n<div class=\"vc_empty_space\"   style=\"height: 32px\"><span class=\"vc_empty_space_inner\"><\/span><\/div><\/div><\/div><\/div><\/div>","protected":false},"excerpt":{"rendered":"<p>L'excursion commence par une prise en charge \u00e0 votre h\u00f4tel ou \u00e0 l'a\u00e9roport dans la r\u00e9gion de Samana, \u00e0 Las Galeras. Commencez votre exp\u00e9rience \u00e0 Playa El Valle, une plage magnifique et unique pr\u00e8s de Samana. Profitez d'un trajet en bateau de 25 minutes jusqu'\u00e0 Playa Ermita\u00f1o, une plage encore inexplor\u00e9e et isol\u00e9e aux eaux bleu turquoise. Savourez l'eau de coco fra\u00eeche. D\u00e9couvrez la beaut\u00e9 authentique et intacte de la R\u00e9publique dominicaine et immergez-vous dans la nature, tout en explorant la grotte secr\u00e8te situ\u00e9e \u00e0 proximit\u00e9. Restez \u00e0 Playa Ermita\u00f1o aussi longtemps que vous le souhaitez et visitez Playa Honda, une autre belle plage sauvage, \u00e0 seulement 15 minutes en bateau. Retournez \u00e0 Playa El Valle et continuez vers Saman\u00e1, visitez les maisons locales et d\u00e9couvrez la vraie vie dominicaine. Il s'agit d'une exp\u00e9rience d'une demi-journ\u00e9e de la v\u00e9ritable Saman\u00e1 en R\u00e9publique dominicaine.<\/p>\n<p><strong>Veuillez s\u00e9lectionner la date de la visite\u00a0:<\/strong><\/p>","protected":false},"featured_media":484,"template":"","meta":[],"product_brand":[],"product_cat":[356,98,135,443,124],"product_tag":[376,377,378,379,380,381,382,383,384,385,386,387,388,389,201,270,148,143],"class_list":{"0":"post-10908","1":"product","2":"type-product","3":"status-publish","4":"has-post-thumbnail","6":"product_cat-day-trips","7":"product_cat-local-tour-guides","8":"product_cat-lunch","9":"product_cat-tours-y-excursiones-es","10":"product_cat-tours-excursions-samana-bay-dominican-republic","11":"product_tag-ermitano-beach-playa-ermitano-boat-tour-and-playa-onda-private-trip","12":"product_tag-ermitano-beach","13":"product_tag-ermitano-excursion","14":"product_tag-ermitano-samana","15":"product_tag-ermitano-tour","16":"product_tag-las-terrenas-excursions","17":"product_tag-las-terrenas-tours","18":"product_tag-onda-beach","19":"product_tag-playa-ermitano-and-playa-onda-private-boat-tour","20":"product_tag-playa-ermitano-tour","21":"product_tag-playa-honda-samana","22":"product_tag-playa-onda","23":"product_tag-playa-onda-location","24":"product_tag-playa-onda-samana-maps","25":"product_tag-private-tours-samana","26":"product_tag-samana-dominican-republic","27":"product_tag-samana-excursions","28":"product_tag-samana-tours","30":"first","31":"instock","32":"sale","33":"sold-individually","34":"shipping-taxable","35":"product-type-external"},"_links":{"self":[{"href":"https:\/\/haitises.com\/fr\/wp-json\/wp\/v2\/product\/10908","targetHints":{"allow":["GET"]}}],"collection":[{"href":"https:\/\/haitises.com\/fr\/wp-json\/wp\/v2\/product"}],"about":[{"href":"https:\/\/haitises.com\/fr\/wp-json\/wp\/v2\/types\/product"}],"wp:featuredmedia":[{"embeddable":true,"href":"https:\/\/haitises.com\/fr\/wp-json\/wp\/v2\/media\/484"}],"wp:attachment":[{"href":"https:\/\/haitises.com\/fr\/wp-json\/wp\/v2\/media?parent=10908"}],"wp:term":[{"taxonomy":"product_brand","embeddable":true,"href":"https:\/\/haitises.com\/fr\/wp-json\/wp\/v2\/product_brand?post=10908"},{"taxonomy":"product_cat","embeddable":true,"href":"https:\/\/haitises.com\/fr\/wp-json\/wp\/v2\/product_cat?post=10908"},{"taxonomy":"product_tag","embeddable":true,"href":"https:\/\/haitises.com\/fr\/wp-json\/wp\/v2\/product_tag?post=10908"}],"curies":[{"name":"wp","href":"https:\/\/api.w.org\/{rel}","templated":true}]}}