{"id":10903,"date":"2020-07-16T19:22:46","date_gmt":"2020-07-16T19:22:46","guid":{"rendered":"http:\/\/haitises.com\/?post_type=product&#038;p=10903"},"modified":"2020-10-19T19:32:19","modified_gmt":"2020-10-19T19:32:19","slug":"excursion-gavilan-de-la-hispaniola-observacion-de-aves-en-el-parque-nacional-los-haitises","status":"publish","type":"product","link":"https:\/\/haitises.com\/fr\/prive\/excursion-gavilan-de-la-hispaniola-observacion-de-aves-en-el-parque-nacional-los-haitises\/","title":{"rendered":"Excursion Gavil\u00e1n de la Hispaniola \u2013 Observation des oiseaux dans le parc national Los Haitises"},"content":{"rendered":"<div class=\"vc_row wpb_row vc_row-fluid\" ><div class=\"wpb_column vc_column_container vc_col-sm-12\"><div class=\"vc_column-inner\"><div class=\"wpb_wrapper\">[mkdf_section_title title_tag=\u00bb\u00bb disable_break_words=\u00bbno\u00bb subtitle_tag=\u00bb\u00bb title=\u00bbTour de El Gavil\u00e1n\u00bb subtitle=\u00bbObservaci\u00f3n de aves en Los Haitises\u00bb]<\/div><\/div><\/div><\/div><div class=\"vc_row wpb_row vc_row-fluid\" ><div class=\"wpb_column vc_column_container vc_col-sm-12\"><div class=\"vc_column-inner\"><div class=\"wpb_wrapper\">\n\t<div class=\"wpb_text_column wpb_content_element\" >\n\t\t<div class=\"wpb_wrapper\">\n\t\t\t<p>Description<\/p>\n<p>El halc\u00f3n de La Hispaniola es una especie de rapaces diurnas en peligro cr\u00edtico de extinci\u00f3n end\u00e9mica de la isla de La Espa\u00f1ola. Hace cien a\u00f1os, el halc\u00f3n se encontr\u00f3 en toda la Espa\u00f1ola, pero hoy la \u00fanica poblaci\u00f3n reproductora restante de aproximadamente 300 individuos se encuentra en el Parque Nacional Los Haitises en la Rep\u00fablica Dominicana.<\/p>\n<p>El Parque Nacional Los Haitises es un destino popular para los amantes de la naturaleza y los observadores de aves, ya que es de suma importancia para la biodiversidad y la riqueza de la fauna, tanto en t\u00e9rminos de endemismo como de especies. Mientras que la mayor\u00eda de las personas salen en bote para explorar el parque y sus cuevas, islas y vida salvaje.<\/p>\n<p>Estamos conservando el Gavil\u00e1n de La Hispaniola en el Parque Nacional Los Haitises, donde puedes ver el h\u00e1bitat y la interesante historia de Los Gavilanes en los Bosques H\u00famedos. Conocemos los h\u00e1bitats de manchas para los b\u00fahos de La Hispaniola y Cara Ceniza. Adem\u00e1s, puede ver otras especies end\u00e9micas alrededor del parque. Este Tour se enfoca en la naturaleza y est\u00e1 m\u00e1s concentrado en la informaci\u00f3n sobre la vida silvestre. Por lo general es un privado.<\/p>\n<h3>Inclusions et exclusions<\/h3>\n<h4>Inclusions<\/h4>\n<ol>\n<li>Tour de Observaci\u00f3n de Aves + Cuevas y Pictograf\u00edas<\/li>\n<li>Toutes les taxes, frais et frais de dossier<\/li>\n<li>Imp\u00f4ts locaux<\/li>\n<li>Gu\u00edas ecologistas oficiales<\/li>\n<\/ol>\n<h4>Exclusions<\/h4>\n<ol>\n<li>Pourboire<\/li>\n<li>Transport<\/li>\n<li>Boire<\/li>\n<\/ol>\n<h3><em>D\u00e9part et retour<\/em><\/h3>\n<p>El recorrido, organizado por \u00abBooking Adventures\u00bb comienza en el punto de encuentro establecido con el gu\u00eda tur\u00edstico. El viajero obtendr\u00e1 un punto de encuentro despu\u00e9s del proceso de reserva. Los tours comienzan y terminan en nuestros puntos de encuentro.<\/p>\n<h3><em>Attendre?<\/em><\/h3>\n<p>Obtenga su boleto para conservar el Tour de El Gavil\u00e1n en el Parque Nacional Los Haitises.<\/p>\n<p>Esta excursi\u00f3n comienza desde el punto de encuentro haciendo senderismo por los senderos de hasta las \u00e1reas de anidaci\u00f3n. Despu\u00e9s de 30 minutos de caminata y observando a los Halcones o Gavilanes, tenemos la opci\u00f3n de continuar caminando y buscar loros, carpinteros y otras especies end\u00e9micas en el Parque Nacional Los Haitises.<\/p>\n<p>Le parc national Los Haitises ne dispose que de deux sentiers d&#039;observation des oiseaux \u00e0 Sabana de la Mar. Sur le chemin du parc national Los Hiatises, nous nous arr\u00eatons \u00e0 quelques endroits pour observer davantage d&#039;oiseaux.<\/p>\n<p>En la bah\u00eda de San Lorenzo visitaremos dos cuevas, la llamada Sandly Cave en espa\u00f1ol Cueva de la Arena; En esta cueva, podemos ver los petroglifos de las comunidades ta\u00ednas que se quedaron en esta \u00e1rea. y usando las cuevas como templo.<\/p>\n<p>Despu\u00e9s de eso, nos dirigimos a la Cueva de Linea, esta con 2,243 pictograf\u00edas originales y nuestro gu\u00eda tur\u00edstico le explicar\u00e1 la informaci\u00f3n arqueol\u00f3gica sobre esas pictograf\u00edas.<\/p>\n<p>Tomando el bote nuevamente hacia la isla P\u00e1jaros (Cayo de los P\u00e1jaros) donde podemos ver la mayor\u00eda de las aves de los humedales alrededor del Parque Nacional Los Haitises. Solo porque todas las aves no est\u00e1n en el agua.<\/p>\n<p>Despu\u00e9s de 4.5 horas aprendiendo sobre las aves en el Parque Nacional Los Haitises, esta excursi\u00f3n termina en el mismo lugar que comenz\u00f3.<\/p>\n<p><strong>Note:<\/strong> Estos recorridos son con gu\u00edas tur\u00edsticos de Ecologistas Oficiales. Reserve con tiempo porque en el parque no hay tantos especialistas.<\/p>\n<h3><em>Que faut-il apporter ?<\/em><\/h3>\n<ul>\n<li>Appareil photo<\/li>\n<li>Binoculaire<\/li>\n<li>R\u00e9pulsifs<\/li>\n<li>cr\u00e8me solaire<\/li>\n<li>Chapeau<\/li>\n<li>Pantalon confortable<\/li>\n<li>Chaussures de randonn\u00e9e en for\u00eat<\/li>\n<li>Sandales aux zones de printemps.<\/li>\n<li>Maillot de bain<\/li>\n<\/ul>\n<h3><em>Prise en charge \u00e0 l'h\u00f4tel<\/em><\/h3>\n<p>La prise en charge \u00e0 l&#039;h\u00f4tel n&#039;est pas propos\u00e9e pour cette visite.<\/p>\n<p><strong>Note<\/strong>: Si vous r\u00e9servez dans les 24 heures pr\u00e9c\u00e9dant l&#039;heure de d\u00e9part de la visite\/excursion, nous pouvons organiser la prise en charge \u00e0 l&#039;h\u00f4tel moyennant des frais suppl\u00e9mentaires. Une fois votre achat termin\u00e9, nous vous enverrons les coordonn\u00e9es compl\u00e8tes (num\u00e9ro de t\u00e9l\u00e9phone, adresse e-mail, etc.) de notre guide touristique local afin d&#039;organiser le ramassage.<\/p>\n<h3><em>Confirmation des informations compl\u00e9mentaires<\/em><\/h3>\n<ol>\n<li>Les billets constituent le re\u00e7u apr\u00e8s avoir pay\u00e9 ce tour. Vous pouvez afficher le paiement sur votre t\u00e9l\u00e9phone.<\/li>\n<li>Le point de rendez-vous sera re\u00e7u apr\u00e8s le processus de r\u00e9servation.<\/li>\n<li>Les enfants doivent \u00eatre accompagn\u00e9s par un adulte.<\/li>\n<li>Non accessible aux fauteuils roulants<\/li>\n<li>Les nourrissons doivent s&#039;asseoir sur les genoux<\/li>\n<li>D\u00e9conseill\u00e9 aux voyageurs ayant des probl\u00e8mes de dos.<\/li>\n<li>D\u00e9conseill\u00e9 aux femmes enceintes.<\/li>\n<li>Aucun probl\u00e8me cardiaque ou autre probl\u00e8me m\u00e9dical grave.<\/li>\n<li>La plupart des voyageurs peuvent participer.<\/li>\n<\/ol>\n<p>Cette visite est propos\u00e9e \u00e0 un minimum de 2 personnes et un maximum de 15 personnes. En cas de moins de monde, merci de nous contacter.<\/p>\n<h3><em>Politique d&#039;annulation<\/em><\/h3>\n<p>Pour un remboursement complet, annulez au moins 24 heures avant la date de d\u00e9but de l&#039;exp\u00e9rience.<\/p>\n\n\t\t<\/div>\n\t<\/div>\n<\/div><\/div><\/div><\/div><div class=\"vc_row wpb_row vc_row-fluid\" ><div class=\"wpb_column vc_column_container vc_col-sm-12\"><div class=\"vc_column-inner\"><div class=\"wpb_wrapper\"><div class=\"vc_empty_space\"   style=\"height: 32px\"><span class=\"vc_empty_space_inner\"><\/span><\/div>\n\t<div class=\"wpb_text_column wpb_content_element\" >\n\t\t<div class=\"wpb_wrapper\">\n\t\t\t<h4>Contactez-nous<\/h4>\n<h5>R\u00e9serve Aventure<\/h5>\n<p><em>Guides touristiques locaux et nationaux et services aux visiteurs<\/em><\/p>\n<p>R\u00e9servations : Visites et Excursions en R\u00e9p. Dom.<\/p>\n<p>T\u00e9l\/Whatsapp +1-809-720-6035.<\/p>\n<p>info@bookingadventures.com.do<\/p>\n<p>Nous sommes flexibles. Mise en place de visites priv\u00e9es par<strong>\u00a0WhatsApp\u00a0: <a href=\"tel:+18097206035\">+18097206035.<\/a><\/strong><\/p>\n\n\t\t<\/div>\n\t<\/div>\n<div class=\"vc_empty_space\"   style=\"height: 32px\"><span class=\"vc_empty_space_inner\"><\/span><\/div><\/div><\/div><\/div><\/div>","protected":false},"excerpt":{"rendered":"<p>Viaje ecol\u00f3gico al Parque Nacional Los Haitises con un gu\u00eda local. Visitando los Gavilanes en el Parque Nacional Los Haitises, y las \u00e1reas hist\u00f3ricas de Sabana de la Mar en el Parque Nacional Los Haitises.<\/p>\n<p><em><strong>Veuillez s\u00e9lectionner la date de la visite\u00a0:<\/strong><\/em><\/p>","protected":false},"featured_media":223,"template":"","meta":[],"product_brand":[],"product_cat":[122,443,123,124],"product_tag":[177,180,132,133,191,192,114,142,147,193],"class_list":{"0":"post-10903","1":"product","2":"type-product","3":"status-publish","4":"has-post-thumbnail","6":"product_cat-tours-and-excursions","7":"product_cat-tours-y-excursiones-es","8":"product_cat-tours-excursions-los-haitises-national-park","9":"product_cat-tours-excursions-samana-bay-dominican-republic","10":"product_tag-birding","11":"product_tag-birdwatching","12":"product_tag-los-haitises","13":"product_tag-los-haitises-national-park","14":"product_tag-nature","15":"product_tag-ridgways-hawk","16":"product_tag-sabana-de-la-mar","17":"product_tag-samana","18":"product_tag-samana-bay","19":"product_tag-wildlife","21":"first","22":"instock","23":"sale","24":"virtual","25":"sold-individually","26":"purchasable","27":"product-type-simple"},"_links":{"self":[{"href":"https:\/\/haitises.com\/fr\/wp-json\/wp\/v2\/product\/10903","targetHints":{"allow":["GET"]}}],"collection":[{"href":"https:\/\/haitises.com\/fr\/wp-json\/wp\/v2\/product"}],"about":[{"href":"https:\/\/haitises.com\/fr\/wp-json\/wp\/v2\/types\/product"}],"wp:featuredmedia":[{"embeddable":true,"href":"https:\/\/haitises.com\/fr\/wp-json\/wp\/v2\/media\/223"}],"wp:attachment":[{"href":"https:\/\/haitises.com\/fr\/wp-json\/wp\/v2\/media?parent=10903"}],"wp:term":[{"taxonomy":"product_brand","embeddable":true,"href":"https:\/\/haitises.com\/fr\/wp-json\/wp\/v2\/product_brand?post=10903"},{"taxonomy":"product_cat","embeddable":true,"href":"https:\/\/haitises.com\/fr\/wp-json\/wp\/v2\/product_cat?post=10903"},{"taxonomy":"product_tag","embeddable":true,"href":"https:\/\/haitises.com\/fr\/wp-json\/wp\/v2\/product_tag?post=10903"}],"curies":[{"name":"wp","href":"https:\/\/api.w.org\/{rel}","templated":true}]}}