{"id":565,"date":"2020-06-27T16:23:17","date_gmt":"2020-06-27T16:23:17","guid":{"rendered":"http:\/\/haitises.com\/?post_type=product&#038;p=565"},"modified":"2024-04-17T17:12:17","modified_gmt":"2024-04-17T17:12:17","slug":"excursion-a-los-27-charcos-de-damajagua","status":"publish","type":"product","link":"https:\/\/haitises.com\/fi\/yksityinen\/excursion-a-los-27-charcos-de-damajagua\/","title":{"rendered":"Retki Damajaguan 27 Charcosiin"},"content":{"rendered":"<div class=\"vc_row wpb_row vc_row-fluid\" ><div class=\"wpb_column vc_column_container vc_col-sm-12\"><div class=\"vc_column-inner\"><div class=\"wpb_wrapper\">[mkdf_section_title subtitle_tag=\u00bb\u00bb subtitle=\u00bbAlmuerzo Inclu\u00eddo\u00bb]<\/div><\/div><\/div><\/div><div class=\"vc_row wpb_row vc_row-fluid\" ><div class=\"wpb_column vc_column_container vc_col-sm-12\"><div class=\"vc_column-inner\"><div class=\"wpb_wrapper\">\n\t<div class=\"wpb_text_column wpb_content_element\" >\n\t\t<div class=\"wpb_wrapper\">\n\t\t\t<h2>27 Cascadas de Damajagua Tour desde Puerto Plata. Excursi\u00f3n de medio d\u00eda.<\/h2>\n<h5>27 Charcos de Damajagua Excursi\u00f3n desde Puerto Plata. Tour de medio d\u00eda.<\/h5>\n<h3>Kuvaus<\/h3>\n<p>Obtenga sus entradas para una excursi\u00f3n de medio d\u00eda aqu\u00ed en los 27 Charcos de Damajagua. Las entradas con almuerzo y excursi\u00f3n incluyen saltar y nadar en las cascadas m\u00e1s hermosas de la Rep\u00fablica Dominicana. Senderismo y nataci\u00f3n con equipo de seguridad para tener la mejor experiencia de su vida!<\/p>\n<p>Despu\u00e9s de esta experiencia, volver\u00e1 a la ubicaci\u00f3n donde se reunir\u00e1 con el gu\u00eda tur\u00edstico.<\/p>\n<ul>\n<li>Verot sis\u00e4ltyv\u00e4t<\/li>\n<li>Lounas<\/li>\n<li>Alkupalat<\/li>\n<li>Gu\u00eda de turismo local en ingl\u00e9s<\/li>\n<\/ul>\n<h3>Sis\u00e4llytykset ja poissulkemiset<\/h3>\n<h4>Sis\u00e4llytykset<\/h4>\n<ol>\n<li>27 cascadas de Damajagua<\/li>\n<li>Lounas<\/li>\n<li>Kaikki verot, maksut ja k\u00e4sittelykulut<\/li>\n<li>Paikalliset verot<\/li>\n<li>Juomat<\/li>\n<li>Alkupalat<\/li>\n<li>Kaikki aktiviteetit<\/li>\n<li>Paikallinen opas<\/li>\n<\/ol>\n<h4>Poikkeukset<\/h4>\n<ol>\n<li>Vinkkej\u00e4<\/li>\n<li>Transporte (establecido al contactarnos)<\/li>\n<li>Alkoholijuomat<\/li>\n<\/ol>\n<h3><em>L\u00e4ht\u00f6 ja paluu<\/em><\/h3>\n<p>Matkustaja saa kohtaamispaikan varausprosessin j\u00e4lkeen. Kierrokset alkavat ja p\u00e4\u00e4ttyv\u00e4t heid\u00e4n kohtaamispaikoissaan.<\/p>\n<p>27 Cascadas de Damajagua Tour desde Puerto Plata.<\/p>\n<h3><em>Mit\u00e4 odottaa?<\/em><\/h3>\n<p>Descubra las aisladas cascadas de Damajagua, escondidas en las colinas del Corredor Norte de la Rep\u00fablica Dominicana, en esta excursi\u00f3n de un d\u00eda desde Puerto Plata. Explore las veintisiete ca\u00eddas v\u00edrgenes, que caen en cascada sobre la piedra caliza, con su gu\u00eda local. Obtenga una breve sesi\u00f3n informativa de seguridad, luego salte, nade y desl\u00edcese por toboganes naturales.<br \/>\nAlmuerzo y bebidas inclu\u00eddas. Una caminata moderada de 40 minutos cuesta arriba a trav\u00e9s de un hermoso paisaje selv\u00e1tico lo lleva a la cascada 12 o, si est\u00e1 en excelente estado f\u00edsico, elija caminar hasta la cima de las 27 cascadas (aproximadamente 70 minutos) y experimentarlo todo .<br \/>\nDe cualquier manera, tu verdadera diversi\u00f3n comienza cuando volvemos r\u00edo abajo y saltas, te deslizas y nadas a trav\u00e9s de una serie de espectaculares cascadas, ca\u00f1ones y piscinas azules, emergiendo con una sonrisa tonta en la cara y recuerdos incre\u00edbles para atesorar. Los recorridos incluyen saltos de hasta 25 pies (8 metros), pero no se preocupe, los grandes tienen otra forma de bajar si no quiere saltar.<br \/>\nDespu\u00e9s de una caminata de 15 minutos de regreso al campamento base y de ponerse ropa seca, disfrute de un delicioso y variado almuerzo buffet dominicano, que incluye cosas como pollo y cerdo a la parrilla, guisos, arroz, pasta y ensaladas.<br \/>\nSe incluyen bebidas locales de ron, gaseosas y agua (cerveza disponible pero no inclu\u00edda). Despu\u00e9s de la comida, desp\u00eddase de los gu\u00edas locales y su mejor experiencia se tendr\u00e1 en cuenta y fotos o videos para el resto de su vida.<\/p>\n<h3><em>Mit\u00e4 sinun pit\u00e4isi tuoda?<\/em><\/h3>\n<ul>\n<li>Kamera<\/li>\n<li>Karkottimet<\/li>\n<li>Aurinkosuojavoide<\/li>\n<li>Hattu<\/li>\n<li>Mukavat housut<\/li>\n<li>Mets\u00e4vaelluskeng\u00e4t<\/li>\n<li>Sandaalit kev\u00e4talueille.<\/li>\n<li>Uimapuku<\/li>\n<\/ul>\n<h3><em>Hotellin nouto<\/em><\/h3>\n<p>No se ofrece la recogida en el hotel para este tour. Configuramos recogida contact\u00e1ndonos por Whatsapp +1 809-720-6035.<\/p>\n<p><strong>Huomautus<\/strong>: Si realiza la reserva dentro de las 24 horas de la hora de salida del tour \/ excursi\u00f3n, podemos organizar la recogida en el hotel con cargos adicionales. Una vez que se complete su compra, le enviaremos informaci\u00f3n de contacto completa (n\u00famero de tel\u00e9fono, direcci\u00f3n de correo electr\u00f3nico, etc.) para que nuestro gu\u00eda tur\u00edstico local organice los arreglos de recogida.<\/p>\n<h3><em>Lis\u00e4tietojen vahvistus<\/em><\/h3>\n<ul>\n<li>Liput ovat kuitti t\u00e4m\u00e4n kiertueen maksamisen j\u00e4lkeen. Voit n\u00e4ytt\u00e4\u00e4 maksun puhelimellasi.<\/li>\n<li>Tapaamispaikka vastaanotetaan varausprosessin j\u00e4lkeen.<\/li>\n<li>Lasten tulee olla aikuisen seurassa.<\/li>\n<li>Ei py\u00f6r\u00e4tuolilla<\/li>\n<li>Vauvan tulee istua turvaistuimessa tai aikuisen seurassa<\/li>\n<li>Ei suositella matkustajille, joilla on selk\u00e4ongelmia.<\/li>\n<li>Ei suositella raskaana oleville naisille.<\/li>\n<li>Ei syd\u00e4nongelmia tai muita vakavia sairauksia.<\/li>\n<li>Suurin osa matkustajista voi osallistua.<\/li>\n<\/ul>\n<h3><em>Peruutusk\u00e4yt\u00e4nt\u00f6<\/em><\/h3>\n<p>Saat t\u00e4yden hyvityksen peruuttamalla v\u00e4hint\u00e4\u00e4n 24 tuntia ennen kokemuksen alkamisp\u00e4iv\u00e4\u00e4. Varat menetet\u00e4\u00e4n, jos varaus peruutetaan samana matkap\u00e4iv\u00e4n\u00e4.<\/p>\n\n\t\t<\/div>\n\t<\/div>\n<\/div><\/div><\/div><\/div><div class=\"vc_row wpb_row vc_row-fluid\" ><div class=\"wpb_column vc_column_container vc_col-sm-12\"><div class=\"vc_column-inner\"><div class=\"wpb_wrapper\">\n\t<div class=\"wpb_video_widget wpb_content_element vc_clearfix   vc_video-aspect-ratio-169 vc_video-el-width-100 vc_video-align-left\" >\n\t\t<div class=\"wpb_wrapper\">\n\t\t\t<h2 class=\"wpb_heading wpb_video_heading\">27 Damajaguan vesiputouksen kiertue Puerto Platasta:<\/h2>\n\t\t\t<div class=\"wpb_video_wrapper\"><iframe loading=\"lazy\" title=\"27 Damajaguan vesiputousta Booking Adventures &amp; Travelin kautta Dominikaaninen tasavalta\" width=\"1100\" height=\"619\" src=\"https:\/\/www.youtube.com\/embed\/AVNh_we_RQE?start=17&feature=oembed\" frameborder=\"0\" allow=\"accelerometer; autoplay; encrypted-media; gyroscope; picture-in-picture\" allowfullscreen><\/iframe><\/div>\n\t\t<\/div>\n\t<\/div>\n<\/div><\/div><\/div><\/div><div class=\"vc_row wpb_row vc_row-fluid\" ><div class=\"wpb_column vc_column_container vc_col-sm-12\"><div class=\"vc_column-inner\"><div class=\"wpb_wrapper\"><div class=\"vc_empty_space\"   style=\"height: 32px\"><span class=\"vc_empty_space_inner\"><\/span><\/div>\n\t<div class=\"wpb_text_column wpb_content_element\" >\n\t\t<div class=\"wpb_wrapper\">\n\t\t\t<h4>Ota meihin yhteytt\u00e4<\/h4>\n<h5>Seikkailuvaraukset<\/h5>\n<p><strong><em>Paikalliset ja valtakunnalliset matkaoppaat ja vieraspalvelut<\/em><\/strong><\/p>\n<p>Varaukset: Retket ja retket Dom. Reps.<\/p>\n<p>Puh\/Whatsapp +1-809-720-6035.<\/p>\n<p>info@bookingadventures.com.do<\/p>\n<p>Teemme yksityisi\u00e4 matkoja joustavalla kokoonpanolla Whatsappilla: +18097206035.<\/p>\n\n\t\t<\/div>\n\t<\/div>\n<div class=\"vc_empty_space\"   style=\"height: 32px\"><span class=\"vc_empty_space_inner\"><\/span><\/div><\/div><\/div><\/div><\/div>","protected":false},"excerpt":{"rendered":"<p>Esta excursi\u00f3n a las 27 cascadas de Damajagua en Puerto Plata, almuerzo y excursi\u00f3n por las 27 cascadas, senderismo y salto al r\u00edo.<\/p>\n<p>Viaje ecol\u00f3gico a las 27 cascadas de Puerto Plata. Obtenga sus entradas para una excursi\u00f3n de medio d\u00eda aqu\u00ed en los 27 charcos de Damajagua. Las entradas con almuerzo y excursi\u00f3n incluyen saltar y nadar en las cascadas m\u00e1s hermosas de la Rep\u00fablica Dominicana. Senderismo y nataci\u00f3n con equipo de seguridad para tener la mejor experiencia de su vida!<\/p>\n<p><strong>Valitse kiertueen p\u00e4iv\u00e4m\u00e4\u00e4r\u00e4:<\/strong><\/p>","protected":false},"featured_media":271,"template":"","meta":[],"product_brand":[],"product_cat":[239,240,120,96,135,122,443,241,100],"product_tag":[242,243,244,245,246,247,248,249,250,251,252,253,254,255,256,257,258],"class_list":{"0":"post-565","1":"product","2":"type-product","3":"status-publish","4":"has-post-thumbnail","6":"product_cat-27-waterfalls","7":"product_cat-damajagua","8":"product_cat-fees-entrace","9":"product_cat-hiking","10":"product_cat-lunch","11":"product_cat-tours-and-excursions","12":"product_cat-tours-y-excursiones-es","13":"product_cat-tours-excursions-27-waterfalls-puerto-plata-dominican-republic","14":"product_cat-waterfalls","15":"product_tag-27-charcos-de-damajagua","16":"product_tag-27-waterfalls","17":"product_tag-27-waterfalls-dominican-republic","18":"product_tag-27-waterfalls-dominican-republic-facts","19":"product_tag-27-waterfalls-excursion","20":"product_tag-27-waterfalls-puerto-plata","21":"product_tag-amber-cove-cruise-terminal-27-waterfalls","22":"product_tag-amber-cove-excursions","23":"product_tag-damajagua-falls-tours","24":"product_tag-damajagua-national-park","25":"product_tag-excursion-27-waterfalls","26":"product_tag-how-to-get-to-27-waterfalls-from-puerto-plata","27":"product_tag-jumping-27-waterfalls","28":"product_tag-los-27-charcos-de-puerto-plata","29":"product_tag-puerto-plata","30":"product_tag-things-to-do-in-amber-cove","31":"product_tag-tour-27-waterfalls","33":"first","34":"instock","35":"sale","36":"sold-individually","37":"shipping-taxable","38":"product-type-external"},"_links":{"self":[{"href":"https:\/\/haitises.com\/fi\/wp-json\/wp\/v2\/product\/565","targetHints":{"allow":["GET"]}}],"collection":[{"href":"https:\/\/haitises.com\/fi\/wp-json\/wp\/v2\/product"}],"about":[{"href":"https:\/\/haitises.com\/fi\/wp-json\/wp\/v2\/types\/product"}],"wp:featuredmedia":[{"embeddable":true,"href":"https:\/\/haitises.com\/fi\/wp-json\/wp\/v2\/media\/271"}],"wp:attachment":[{"href":"https:\/\/haitises.com\/fi\/wp-json\/wp\/v2\/media?parent=565"}],"wp:term":[{"taxonomy":"product_brand","embeddable":true,"href":"https:\/\/haitises.com\/fi\/wp-json\/wp\/v2\/product_brand?post=565"},{"taxonomy":"product_cat","embeddable":true,"href":"https:\/\/haitises.com\/fi\/wp-json\/wp\/v2\/product_cat?post=565"},{"taxonomy":"product_tag","embeddable":true,"href":"https:\/\/haitises.com\/fi\/wp-json\/wp\/v2\/product_tag?post=565"}],"curies":[{"name":"wp","href":"https:\/\/api.w.org\/{rel}","templated":true}]}}