{"id":564,"date":"2020-06-27T01:33:01","date_gmt":"2020-06-27T01:33:01","guid":{"rendered":"http:\/\/haitises.com\/?post_type=product&#038;p=564"},"modified":"2024-04-17T17:19:20","modified_gmt":"2024-04-17T17:19:20","slug":"los-haitises-kajakkiretki-2-tuntia","status":"publish","type":"product","link":"https:\/\/haitises.com\/fi\/yksityinen\/los-haitises-kajakkiretki-2-tuntia\/","title":{"rendered":"Los Haitisesin kajakkiretki 2 tuntia"},"content":{"rendered":"<div class=\"vc_row wpb_row vc_row-fluid\" ><div class=\"wpb_column vc_column_container vc_col-sm-12\"><div class=\"vc_column-inner\"><div class=\"wpb_wrapper\">[mkdf_section_title subtitle_tag=\u00bb\u00bb subtitle=\u00bbKayaks y gu\u00eda local\u00bb]<\/div><\/div><\/div><\/div><div class=\"vc_row wpb_row vc_row-fluid\" ><div class=\"wpb_column vc_column_container vc_col-sm-12\"><div class=\"vc_column-inner\"><div class=\"wpb_wrapper\"><div class=\"vc_empty_space\"   style=\"height: 32px\"><span class=\"vc_empty_space_inner\"><\/span><\/div><\/div><\/div><\/div><\/div><div class=\"vc_row wpb_row vc_row-fluid\" ><div class=\"wpb_column vc_column_container vc_col-sm-12\"><div class=\"vc_column-inner\"><div class=\"wpb_wrapper\">\n\t<div class=\"wpb_text_column wpb_content_element\" >\n\t\t<div class=\"wpb_wrapper\">\n\t\t\t<div class=\"vc_row wpb_row vc_row-fluid\">\n<div class=\"wpb_column vc_column_container vc_col-sm-12\">\n<div class=\"vc_column-inner\">\n<div class=\"wpb_wrapper\">\n<div class=\"mkdf-section-title-holder\">\n<div class=\"mkdf-st-inner\">\n<h2>Kajakki Los Haitisesin kansallispuistossa Ca\u00f1o Hondo -matkaoppaan kanssa 2 tuntia<\/h2>\n<h3>Kuvaus<\/h3>\n<p>Mangrove-melonta Los Haitisesin kansallispuistossa 2 tunnin paikallisoppaan johdolla. Vierailu Ca\u00f1o Hondo -joen mangrovemetsiss\u00e4 sek\u00e4 yleiskatsaus San Lorenzon lahdelle Los Haitisesin kansallispuistossa, Sabana de la Mar Ca\u00f1o Hondon alueella. Jos pid\u00e4t pidemm\u00e4st\u00e4 retkest\u00e4: Kajakki 4 tuntia Los Haitisesissa.<\/p>\n<ul>\n<li>Opas tarjoaa ohjausta ja ohjausta.<\/li>\n<li>Kajakkeja ja meloja saatavilla Double kahdelle ja Simple yhdelle hengelle.<\/li>\n<\/ul>\n<h3>Sis\u00e4llytykset ja poissulkemiset<\/h3>\n<h4>Sis\u00e4llytykset<\/h4>\n<ol>\n<li>kajakkimatka<\/li>\n<li>Kaikki verot, maksut ja k\u00e4sittelykulut<\/li>\n<li>Paikalliset verot<\/li>\n<li>Paikallinen opas<\/li>\n<\/ol>\n<h4>Poikkeukset<\/h4>\n<ol>\n<li>Vinkkej\u00e4<\/li>\n<li>Kuljetus<\/li>\n<li>Lounas <em>Ei<\/em> se on mukana.<\/li>\n<li>Luolat <em>Ei<\/em> ne ovat mukana<\/li>\n<li>Alkoholijuomat<\/li>\n<\/ol>\n<h3><em>L\u00e4ht\u00f6 ja paluu<\/em><\/h3>\n<p>Matkustaja saa kohtaamispaikan varausprosessin j\u00e4lkeen. Kierrokset alkavat ja p\u00e4\u00e4ttyv\u00e4t kohtaamispisteiss\u00e4mme.<\/p>\n<h3>Mit\u00e4 odottaa?<\/h3>\n<p>Hanki lippusi 2 tunnin kajakkivierailulle Ca\u00f1o Hondo -joen mets\u00e4\u00e4n (mangrovemets\u00e4) paikallisten matkaoppaiden johdolla.<\/p>\n<p>Kun hankimme kaikki turvallisuutesi kannalta tarpeelliset varusteet (pelastusliivit jne.), toiminta alkaa melonnasta Ca\u00f1o Hondo -joella.<\/p>\n<p>El recorrido, organizado por \u00abBooking Adventures\u00bb, comienza en el punto de encuentro establecido con el gu\u00eda tur\u00edstico. Tomando kayaks y atravesando manglares, pasando por antiguas cuevas piratas y en bosques protegidos en esta pintoresca reserva a partir del \u00e1rea de los Hoteles Ca\u00f1o Hondo o de Sabana de la Mar.<\/p>\n<p>Tule mukaan Booking Adventuresiin ja ala n\u00e4hd\u00e4 lintujen t\u00e4ytt\u00e4mi\u00e4 mangrovemetsi\u00e4, rehev\u00e4n kasvillisuuden kumpuilevia kukkuloita ja Los Haitisesin kansallispuiston luolia. Kajakkimatka Ca\u00f1o Hondo -joelta, Sabana de la Mar. Mangrovemetsien ja maan l\u00e4pi San Lorenzon avoimelle lahdelle, josta voit kuvata karua mets\u00e4maisemaa. Katso ulos veteen n\u00e4hd\u00e4ksesi manaatteja, \u00e4yri\u00e4isi\u00e4 ja delfiinej\u00e4.<\/p>\n<p>Jos pid\u00e4t t\u00e4st\u00e4 matkasta, meill\u00e4 on toinen vaihtoehto: kajakki Los Haitisesissa 4 tuntia<\/p>\n<p>Kierros p\u00e4\u00e4ttyy l\u00e4ht\u00f6pisteeseen Los Haitisesin kansallispuistossa. Suosittelemme t\u00e4t\u00e4 matkaa klo 6.00, jos haluat n\u00e4hd\u00e4 manaatteja, \u00e4yri\u00e4isi\u00e4 ja delfiinej\u00e4.<\/p>\n<p>6.00 on aikaisin, joten Los Haitisesin kansallispuistossa ei ole viel\u00e4 veneit\u00e4.<\/p>\n<h3><em>Mit\u00e4 sinun pit\u00e4isi tuoda?<\/em><\/h3>\n<ul>\n<li>Kamera<\/li>\n<li>Karkottimet<\/li>\n<li>Aurinkosuojavoide<\/li>\n<li>Hattu<\/li>\n<li>Mukavat housut<\/li>\n<li>Sandaalit<\/li>\n<li>Uimapuku<\/li>\n<\/ul>\n<h3><em>Hotellin nouto<\/em><\/h3>\n<p>Noutoa hotellilta ei tarjota t\u00e4lle kiertueelle.<\/p>\n<p><strong>Huomautus:<\/strong> Jos varaat 24 tunnin sis\u00e4ll\u00e4 kiertueen\/retken l\u00e4ht\u00f6ajasta, voimme j\u00e4rjest\u00e4\u00e4 noudon hotellilta lis\u00e4maksulla. Kun osto on valmis, l\u00e4het\u00e4mme sinulle t\u00e4ydelliset yhteystiedot (puhelinnumero, s\u00e4hk\u00f6postiosoite jne.) paikallista opastamme varten noutoj\u00e4rjestelyjen j\u00e4rjest\u00e4miseksi.<\/p>\n<h3><em>Lis\u00e4tietojen vahvistus<\/em><\/h3>\n<ul>\n<li>Liput ovat kuitti t\u00e4m\u00e4n kiertueen maksamisen j\u00e4lkeen. Voit n\u00e4ytt\u00e4\u00e4 maksun puhelimellasi.<\/li>\n<li>Tapaamispaikka vastaanotetaan varausprosessin j\u00e4lkeen.<\/li>\n<li>Lasten tulee olla aikuisen seurassa.<\/li>\n<li>Ei py\u00f6r\u00e4tuolilla<\/li>\n<li>Vauvan tulee istua turvaistuimessa tai aikuisen seurassa<\/li>\n<li>Ei suositella matkustajille, joilla on selk\u00e4ongelmia.<\/li>\n<li>Ei suositella raskaana oleville naisille.<\/li>\n<li>Ei syd\u00e4nongelmia tai muita vakavia sairauksia.<\/li>\n<li>Suurin osa matkustajista voi osallistua<\/li>\n<\/ul>\n<h3><em>Peruutusk\u00e4yt\u00e4nt\u00f6<\/em><\/h3>\n<p>Saat t\u00e4yden hyvityksen peruuttamalla v\u00e4hint\u00e4\u00e4n 24 tuntia ennen kokemuksen alkamisp\u00e4iv\u00e4\u00e4.<\/p>\n<h3><em>Ota meihin yhteytt\u00e4?<\/em><\/h3>\n<p>Seikkailuvaraukset<br \/>\nPaikalliset ja valtakunnalliset matkaoppaat ja vieraspalvelut<\/p>\n<p>Varaukset: Retket ja retket Dom. Reps.<\/p>\n<p>\ud83d\udcde Puh\/Whatsapp +1-809-720-6035.<\/p>\n<p>\ud83d\udce9 info@bookingadventures.com.do<\/p>\n<p>Teemme yksityisi\u00e4 matkoja joustavasti Whatsappilla: +18097206035.<\/p>\n<\/div>\n<\/div>\n<\/div>\n<\/div>\n<\/div>\n<\/div>\n<div class=\"vc_row wpb_row vc_row-fluid\">\n<div class=\"wpb_column vc_column_container vc_col-sm-12\">\n<div class=\"vc_column-inner\">\n<div class=\"wpb_wrapper\">\n<div class=\"wpb_text_column wpb_content_element\">\n<div class=\"wpb_wrapper\"><\/div>\n<\/div>\n<\/div>\n<\/div>\n<\/div>\n<\/div>\n\n\t\t<\/div>\n\t<\/div>\n<\/div><\/div><\/div><\/div>","protected":false},"excerpt":{"rendered":"<p>Retki Los Haitisesin kansallispuistoon Sabana de la Marista tai Ca\u00f1o Hondo Hotelsista. Mangrove-melonta Los Haitisesin kansallispuistossa paikallisen oppaan kanssa. Vierailu Ca\u00f1o Hondo -joen mangrovemetsiss\u00e4 sek\u00e4 yleiskatsaus San Lorenzon lahdelle Los Haitisesin kansallispuistossa, Sabana de la Marin alueella, Ca\u00f1o Hondossa. Jos olet kiinnostunut vierailemaan my\u00f6s luolissa, varaa 4 tunnin kajakkimatka t\u00e4\u00e4lt\u00e4.<\/p>\n<ul>\n<li>Opas tarjoaa ohjausta ja ohjausta.<\/li>\n<li>Kajakkeja ja meloja saatavilla Double kahdelle ja Simple yhdelle hengelle.<\/li>\n<\/ul>\n<p>Aseta t\u00e4m\u00e4 kiertue vaellusreitill\u00e4 ja opi Los Haitisesin kansallispuiston historiasta paikallisten kanssa.<\/p>\n<p><strong>Valitse kiertueen p\u00e4iv\u00e4m\u00e4\u00e4r\u00e4:<\/strong><\/p>","protected":false},"featured_media":113,"template":"","meta":[],"product_brand":[],"product_cat":[119,96,144,98,121,99,122,443,123,124],"product_tag":[126,127,149,145,150,151,152,153,132,133,114,148,143],"class_list":{"0":"post-564","1":"product","2":"type-product","3":"status-publish","4":"has-post-thumbnail","6":"product_cat-caves","7":"product_cat-hiking","8":"product_cat-kayaking","9":"product_cat-local-tour-guides","10":"product_cat-mangroves","11":"product_cat-swimming-natural-springs","12":"product_cat-tours-and-excursions","13":"product_cat-tours-y-excursiones-es","14":"product_cat-tours-excursions-los-haitises-national-park","15":"product_cat-tours-excursions-samana-bay-dominican-republic","16":"product_tag-cano-hondo","17":"product_tag-cano-hondo-hotel","18":"product_tag-cano-hondo-river","19":"product_tag-day-tour-cano-hondo","20":"product_tag-kayak-dominican-republic","21":"product_tag-kayak-los-haitises","22":"product_tag-kayak-tour","23":"product_tag-kayaking","24":"product_tag-los-haitises","25":"product_tag-los-haitises-national-park","26":"product_tag-sabana-de-la-mar","27":"product_tag-samana-excursions","28":"product_tag-samana-tours","30":"first","31":"instock","32":"sale","33":"sold-individually","34":"shipping-taxable","35":"product-type-external"},"_links":{"self":[{"href":"https:\/\/haitises.com\/fi\/wp-json\/wp\/v2\/product\/564","targetHints":{"allow":["GET"]}}],"collection":[{"href":"https:\/\/haitises.com\/fi\/wp-json\/wp\/v2\/product"}],"about":[{"href":"https:\/\/haitises.com\/fi\/wp-json\/wp\/v2\/types\/product"}],"wp:featuredmedia":[{"embeddable":true,"href":"https:\/\/haitises.com\/fi\/wp-json\/wp\/v2\/media\/113"}],"wp:attachment":[{"href":"https:\/\/haitises.com\/fi\/wp-json\/wp\/v2\/media?parent=564"}],"wp:term":[{"taxonomy":"product_brand","embeddable":true,"href":"https:\/\/haitises.com\/fi\/wp-json\/wp\/v2\/product_brand?post=564"},{"taxonomy":"product_cat","embeddable":true,"href":"https:\/\/haitises.com\/fi\/wp-json\/wp\/v2\/product_cat?post=564"},{"taxonomy":"product_tag","embeddable":true,"href":"https:\/\/haitises.com\/fi\/wp-json\/wp\/v2\/product_tag?post=564"}],"curies":[{"name":"wp","href":"https:\/\/api.w.org\/{rel}","templated":true}]}}