{"id":559,"date":"2020-06-23T20:31:15","date_gmt":"2020-06-23T20:31:15","guid":{"rendered":"http:\/\/haitises.com\/?post_type=product&#038;p=559"},"modified":"2024-04-17T18:03:16","modified_gmt":"2024-04-17T18:03:16","slug":"excursiones-a-los-haitises-desde-santo-domingo","status":"publish","type":"product","link":"https:\/\/haitises.com\/fi\/yksityinen\/excursiones-a-los-haitises-desde-santo-domingo\/","title":{"rendered":"Retket Los Haitisesiin Santo Domingosta"},"content":{"rendered":"<div class=\"vc_row wpb_row vc_row-fluid\" ><div class=\"wpb_column vc_column_container vc_col-sm-12\"><div class=\"vc_column-inner\"><div class=\"wpb_wrapper\">[mkdf_section_title subtitle_tag=\u00bb\u00bb subtitle=\u00bbTransporte y almuerzo inclu\u00eddos\u00bb]<\/div><\/div><\/div><\/div><div class=\"vc_row wpb_row vc_row-fluid\" ><div class=\"wpb_column vc_column_container vc_col-sm-12\"><div class=\"vc_column-inner\"><div class=\"wpb_wrapper\">\n\t<div class=\"wpb_text_column wpb_content_element\" >\n\t\t<div class=\"wpb_wrapper\">\n\t\t\t<h2>Tour al Parque Nacional Los Haitises desde Santo domingo. Excursi\u00f3n de d\u00eda completo.<\/h2>\n<h5>Excursi\u00f3n de d\u00eda completo al Parque Nacional Los Haitises desde Santo Domingo.<\/h5>\n<h3>Kuvaus<\/h3>\n<p>Tour al Parque Nacional Los Haitises desde Santo Domingo. Excursi\u00f3n de d\u00eda completo. Comenzando desde su hotel en Santo Domingo, Boca Chica o Juan Dolio. Conduciremos a la bah\u00eda de Saman\u00e1 donde nos llevar\u00e1n el bote o el catamar\u00e1n al Parque Nacional Los Haitises. Visitando manglares, cuevas, pictograf\u00edas y todo lo m\u00e1s bello del parque nacional Los Haitises con un gu\u00eda tur\u00edstico local.<\/p>\n<p>Despu\u00e9s de esta experiencia, regresar\u00e1 a Santo Domingo donde lo recogeremos.<\/p>\n<ul>\n<li>Verot sis\u00e4ltyv\u00e4t<\/li>\n<li>Lounas<\/li>\n<li>Alkupalat<\/li>\n<li>Paikallinen opas englanniksi tai ranskaksi<\/li>\n<li>Kuljetus<\/li>\n<li>Tour en bote<\/li>\n<\/ul>\n<h3>Sis\u00e4llytykset ja poissulkemiset<\/h3>\n<h4>Sis\u00e4llytykset<\/h4>\n<ol>\n<li>Los Haitises Tour + luolia ja kuvakkeita<\/li>\n<li>Lounas<\/li>\n<li>Kaikki verot, maksut ja k\u00e4sittelykulut.<\/li>\n<li>Paikalliset verot<\/li>\n<li>Juomat<\/li>\n<li>Alkupalat<\/li>\n<li>Kaikki aktiviteetit<\/li>\n<li>Paikallinen opas<\/li>\n<\/ol>\n<h4>Poikkeukset<\/h4>\n<ol>\n<li>Vinkkej\u00e4<\/li>\n<li>Alkoholijuomat<\/li>\n<\/ol>\n<h6><em>Tour privado y precios de excursiones desde Santo Domingo:<\/em><\/h6>\n<h6><em>* Los ni\u00f1os de 10 a\u00f1os y menores viajan gratis. (2 adultos m\u00ednimo)<\/em><\/h6>\n<ul>\n<li><strong><em>Tour privado y excursi\u00f3n para 2 personas: USD $ 210 por persona<\/em><\/strong><\/li>\n<li><strong><em>Tour privado y excursi\u00f3n para 3 personas: USD $ 160 por persona<\/em><\/strong><\/li>\n<li><strong><em>Tour privado y excursi\u00f3n para 4 personas: USD $ 130 por persona<\/em><\/strong><\/li>\n<li><strong><em>Tour privado y excursi\u00f3n para 5 personas: USD $ 105 por persona<\/em><\/strong><\/li>\n<li><strong><em>Tour privado y excursi\u00f3n para 6 personas: USD $ 100 por persona<\/em><\/strong><\/li>\n<li><strong><em>Tour privado y excursi\u00f3n para 7 personas: USD $ 90 por persona<\/em><\/strong><\/li>\n<li><strong><em>Tour privado y excursi\u00f3n para 8 personas: USD $ 80 por persona<\/em><\/strong><\/li>\n<li><strong><em>9 o m\u00e1s personas Tour y excursi\u00f3n: cont\u00e1ctenos<\/em><\/strong><\/li>\n<\/ul>\n<h6><em>* La excursi\u00f3n comienza a la hora establecida<\/em><\/h6>\n<h3><em>L\u00e4ht\u00f6 ja paluu<\/em><\/h3>\n<p>Matkustaja saa kohtaamispaikan varausprosessin j\u00e4lkeen. Kierrokset alkavat ja p\u00e4\u00e4ttyv\u00e4t heid\u00e4n kohtaamispaikoissaan.<\/p>\n<h2>Parque Nacional Los Haitises desde Santo Domingo<\/h2>\n<h3><em>\u00bfQue esperar?<\/em><\/h3>\n<p>Obtenga sus boletos para visitar el Tour al Parque Nacional Los Haitises desde Santo Domingo. Excursi\u00f3n de d\u00eda completo. Partiendo de Santo Domingo en un c\u00f3modo traslado a la bah\u00eda de Saman\u00e1. transporte a puerto para abordar un bote o catamar\u00e1n con un gu\u00eda tur\u00edstico local que visitamos Los Haitises, lado de Sabana de la Mar para visitar uno de los parques nacionales m\u00e1s bellos de la Rep\u00fablica Dominicana. Parque Nacional Los Haitises.<\/p>\n<p>El recorrido, organizado por \u00abBooking Adventures\u00bb, comienza en el punto de encuentro establecido con el gu\u00eda tur\u00edstico. Ven con Booking Adventures y comienza a observar algunos manglares llenos de p\u00e1jaros, colinas onduladas de exuberante vegetaci\u00f3n y cuevas del Parque Nacional Los Haitises. Visitando la isla con p\u00e1jaros alrededor. En la temporada de anidaci\u00f3n, incluso podemos ver los polluelos de Pelecanos en los nidos. Entrar m\u00e1s en las Islas Rocosas y visitar las cuevas con pictograf\u00edas y petr\u00f3grafos de los pueblos ind\u00edgenas.<\/p>\n<p>Mangrovemetsien ja maan l\u00e4pi San Lorenzon avoimessa lahdessa Sabana de la Marissa, josta voit kuvata karua mets\u00e4maisemaa. Katso ulos veteen n\u00e4hd\u00e4ksesi manaatteja, \u00e4yri\u00e4isi\u00e4 ja delfiinej\u00e4.<\/p>\n<p>El nombre del parque nacional proviene de sus habitantes originales, los indios ta\u00ednos. En su idioma, \u00abHaitises\u00bb se traduce en tierras altas o colinas, una referencia a las empinadas formaciones geol\u00f3gicas de la costa con calizas. Avent\u00farate en el parque para explorar cuevas como la Cueva San Gabriel, la Cueva de la Arena y la Cueva de la L\u00ednea.<\/p>\n<p>Estas cuevas en la reserva fueron utilizadas como refugio por los indios ta\u00ednos y, m\u00e1s tarde, por esconder piratas. Busque dibujos de indios que decoran algunas de las paredes. Despu\u00e9s de visitar el Parque Nacional Los Haitises, regresaremos a Saman\u00e1 o Sabana de la mar para almorzar.<\/p>\n<p>Tendremos un almuerzo t\u00edpico. Si eres vegano, no te preocupes, \u00a1tambi\u00e9n tenemos comida para ti!<\/p>\n<p>\u00a1Despu\u00e9s del almuerzo, regresamos a Santo Domingo!<\/p>\n<p>Jos pid\u00e4t t\u00e4st\u00e4 matkasta pidemm\u00e4st\u00e4 tai lyhyemm\u00e4st\u00e4, meill\u00e4 on seuraavat vaihtoehdot:<\/p>\n<ul>\n<li>Vain Los Haitises Samanan satamasta.<\/li>\n<li>Los Haitises + Ca\u00f1o Hondo Samanan satamasta.<\/li>\n<\/ul>\n<h3><em>Mit\u00e4 sinun pit\u00e4isi tuoda?<\/em><\/h3>\n<ul>\n<li>Kamera<\/li>\n<li>Karkottimet<\/li>\n<li>Aurinkosuojavoide<\/li>\n<li>Hattu<\/li>\n<li>Mukavat housut<\/li>\n<li>Mets\u00e4vaelluskeng\u00e4t<\/li>\n<li>Sandaalit kev\u00e4talueille.<\/li>\n<li>Uimapuku<\/li>\n<\/ul>\n<h3><em>Hotellin nouto<\/em><\/h3>\n<p>Se ofrece la recogida en el hotel para este tour.<\/p>\n<p><strong>Huomautus:<\/strong> Jos varaat 24 tunnin sis\u00e4ll\u00e4 kiertueen\/retken l\u00e4ht\u00f6ajasta, voimme j\u00e4rjest\u00e4\u00e4 noudon hotellilta lis\u00e4maksulla. Kun osto on valmis, l\u00e4het\u00e4mme sinulle t\u00e4ydelliset yhteystiedot (puhelinnumero, s\u00e4hk\u00f6postiosoite jne.) paikallista opastamme varten noutoj\u00e4rjestelyjen j\u00e4rjest\u00e4miseksi.<\/p>\n<h3><em>Lis\u00e4tietojen vahvistus<\/em><\/h3>\n<ul>\n<li>Liput ovat kuitti t\u00e4m\u00e4n kiertueen maksamisen j\u00e4lkeen. Voit n\u00e4ytt\u00e4\u00e4 maksun puhelimellasi.<\/li>\n<li>Tapaamispaikka vastaanotetaan varausprosessin j\u00e4lkeen.<\/li>\n<li>Lasten tulee olla aikuisen seurassa.<\/li>\n<li>Ei py\u00f6r\u00e4tuolilla<\/li>\n<li>Vauvan tulee istua turvaistuimessa tai aikuisen seurassa<\/li>\n<li>Ei suositella matkustajille, joilla on selk\u00e4ongelmia.<\/li>\n<li>No recomendado para viajeros embarazadas.<\/li>\n<li>Ei syd\u00e4nongelmia tai muita vakavia sairauksia.<\/li>\n<li>Suurin osa matkustajista voi osallistua.<\/li>\n<\/ul>\n<h3><em>Peruutusk\u00e4yt\u00e4nt\u00f6<\/em><\/h3>\n<p>Saat t\u00e4yden hyvityksen peruuttamalla v\u00e4hint\u00e4\u00e4n 24 tuntia ennen kokemuksen alkamisp\u00e4iv\u00e4\u00e4. Varat menetet\u00e4\u00e4n, jos varaus peruutetaan samana matkap\u00e4iv\u00e4n\u00e4.<\/p>\n\n\t\t<\/div>\n\t<\/div>\n<\/div><\/div><\/div><\/div><div class=\"vc_row wpb_row vc_row-fluid\" ><div class=\"wpb_column vc_column_container vc_col-sm-12\"><div class=\"vc_column-inner\"><div class=\"wpb_wrapper\">\n\t<div class=\"wpb_video_widget wpb_content_element vc_clearfix   vc_video-aspect-ratio-169 vc_video-el-width-100 vc_video-align-left\" >\n\t\t<div class=\"wpb_wrapper\">\n\t\t\t\n\t\t\t<div class=\"wpb_video_wrapper\"><iframe loading=\"lazy\" title=\"Los Haitisesin kansallispuisto, retket ja retki Samanasta tai Sabana de la Marista. Varaa t\u00e4st\u00e4:\" src=\"https:\/\/player.vimeo.com\/video\/346508015?dnt=1&amp;app_id=122963\" width=\"1100\" height=\"619\" frameborder=\"0\" allow=\"autoplay; fullscreen\" allowfullscreen><\/iframe><\/div>\n\t\t<\/div>\n\t<\/div>\n<\/div><\/div><\/div><\/div><div class=\"vc_row wpb_row vc_row-fluid\" ><div class=\"wpb_column vc_column_container vc_col-sm-12\"><div class=\"vc_column-inner\"><div class=\"wpb_wrapper\"><div class=\"vc_empty_space\"   style=\"height: 32px\"><span class=\"vc_empty_space_inner\"><\/span><\/div>\n\t<div class=\"wpb_text_column wpb_content_element\" >\n\t\t<div class=\"wpb_wrapper\">\n\t\t\t<h5>Ota meihin yhteytt\u00e4?<br \/>\nSeikkailuvaraukset<\/h5>\n<p><em><strong>Paikalliset ja valtakunnalliset matkaoppaat ja vieraspalvelut<\/strong><\/em><\/p>\n<p>Varaukset: Retket ja retket Dom. Reps.<\/p>\n<p>Puh\/Whatsapp +1-809-720-6035.<\/p>\n<p>info@bookingadventures.com.do<\/p>\n<p>Teemme yksityisi\u00e4 matkoja joustavalla kokoonpanolla Whatsappilla: +18097206035.<\/p>\n\n\t\t<\/div>\n\t<\/div>\n<div class=\"vc_empty_space\"   style=\"height: 32px\"><span class=\"vc_empty_space_inner\"><\/span><\/div><\/div><\/div><\/div><\/div>","protected":false},"excerpt":{"rendered":"<p>Esta excursi\u00f3n desde Santo Domingo al Parque Nacional Los Haitises incluye almuerzo y transporte para una visita a las cuevas principales, una exploraci\u00f3n de 2 ecosistemas de manglares diferentes y, por supuesto, la observaci\u00f3n de aves de pesca.<\/p>\n<p>Viaje al Parque Nacional Los Haitises con un gu\u00eda naturalista. Visitando los Cayos en el Parque Nacional Los Haitises, manglares, vegetaci\u00f3n, observaci\u00f3n de aves, cuevas, pictograf\u00edas y las \u00e1reas hist\u00f3ricas de Sabana de la Mar en el Parque Nacional Los Haitises.<\/p>\n<p><strong>Valitse kiertueen p\u00e4iv\u00e4m\u00e4\u00e4r\u00e4:<\/strong><\/p>","protected":false},"featured_media":306,"template":"","meta":[],"product_brand":[],"product_cat":[286,122,443],"product_tag":[206,225,132,133,146,226],"class_list":{"0":"post-559","1":"product","2":"type-product","3":"status-publish","4":"has-post-thumbnail","6":"product_cat-los-haitises-tour-from-santo-domingo","7":"product_cat-tours-and-excursions","8":"product_cat-tours-y-excursiones-es","9":"product_tag-caves-los-haitises","10":"product_tag-las-terrenas","11":"product_tag-los-haitises","12":"product_tag-los-haitises-national-park","13":"product_tag-mangroves-los-haitises","14":"product_tag-transportation-los-haitises","16":"first","17":"instock","18":"sale","19":"sold-individually","20":"shipping-taxable","21":"product-type-external"},"_links":{"self":[{"href":"https:\/\/haitises.com\/fi\/wp-json\/wp\/v2\/product\/559","targetHints":{"allow":["GET"]}}],"collection":[{"href":"https:\/\/haitises.com\/fi\/wp-json\/wp\/v2\/product"}],"about":[{"href":"https:\/\/haitises.com\/fi\/wp-json\/wp\/v2\/types\/product"}],"wp:featuredmedia":[{"embeddable":true,"href":"https:\/\/haitises.com\/fi\/wp-json\/wp\/v2\/media\/306"}],"wp:attachment":[{"href":"https:\/\/haitises.com\/fi\/wp-json\/wp\/v2\/media?parent=559"}],"wp:term":[{"taxonomy":"product_brand","embeddable":true,"href":"https:\/\/haitises.com\/fi\/wp-json\/wp\/v2\/product_brand?post=559"},{"taxonomy":"product_cat","embeddable":true,"href":"https:\/\/haitises.com\/fi\/wp-json\/wp\/v2\/product_cat?post=559"},{"taxonomy":"product_tag","embeddable":true,"href":"https:\/\/haitises.com\/fi\/wp-json\/wp\/v2\/product_tag?post=559"}],"curies":[{"name":"wp","href":"https:\/\/api.w.org\/{rel}","templated":true}]}}