{"id":556,"date":"2020-06-22T22:09:47","date_gmt":"2020-06-22T22:09:47","guid":{"rendered":"http:\/\/haitises.com\/?post_type=product&#038;p=556"},"modified":"2024-04-17T19:11:29","modified_gmt":"2024-04-17T19:11:29","slug":"retki-haitiseille-las-terrenasista-puoli-paivaa","status":"publish","type":"product","link":"https:\/\/haitises.com\/fi\/yksityinen\/retki-haitiseille-las-terrenasista-puoli-paivaa\/","title":{"rendered":"Retki Los Haitisesiin Las Terrenasista \u2013 puoli p\u00e4iv\u00e4\u00e4"},"content":{"rendered":"<div class=\"vc_row wpb_row vc_row-fluid\" ><div class=\"wpb_column vc_column_container vc_col-sm-12\"><div class=\"vc_column-inner\"><div class=\"wpb_wrapper\">[mkdf_section_title subtitle_tag=\u00bb\u00bb subtitle=\u00bbTransporte y almuerzo incluidos\u00bb]<\/div><\/div><\/div><\/div><div class=\"vc_row wpb_row vc_row-fluid\" ><div class=\"wpb_column vc_column_container vc_col-sm-12\"><div class=\"vc_column-inner\"><div class=\"wpb_wrapper\">\n\t<div class=\"wpb_text_column wpb_content_element\" >\n\t\t<div class=\"wpb_wrapper\">\n\t\t\t<h2>Retki Los Haitisesin kansallispuistoon Las Terrenas de Saman\u00e1sta. Puolen p\u00e4iv\u00e4n retki.<\/h2>\n<h5>Retki Los Haitisesin kansallispuistoon Las Terrenas de Saman\u00e1sta. Puolen p\u00e4iv\u00e4n retki.<\/h5>\n<h3>Kuvaus<\/h3>\n<p>Retki Los Haitisesin kansallispuistoon Las Terrenas de Saman\u00e1sta. Puolen p\u00e4iv\u00e4n retki. hotellistasi Las Terrenasissa Saman\u00e1ssa. Ajamme S\u00e1nchezin kyl\u00e4\u00e4n, josta l\u00e4hdemme veneell\u00e4 Saman\u00e1n lahden yli. Vierailu R\u00edo Naranjossa, kulkee Los Haitisesin kansallispuiston kalastusyhteis\u00f6n, 3 luolan, Boca Tibur\u00f3nin luolan, Birding Key Islandin ja Saman\u00e1 Bayn mangrovepuun l\u00e4pi.<\/p>\n<p>T\u00e4m\u00e4n kokemuksen j\u00e4lkeen palaat Las Terrenasin yhteis\u00f6\u00f6n, josta noudamme sinut.<\/p>\n<ul>\n<li>Verot sis\u00e4ltyv\u00e4t<\/li>\n<li>Lounas<\/li>\n<li>Alkupalat<\/li>\n<li>Paikallinen opas englanniksi tai ranskaksi<\/li>\n<li>Kuljetus<\/li>\n<li>Laivaretki<\/li>\n<\/ul>\n<h3>Sis\u00e4llytykset ja poissulkemiset<\/h3>\n<h4>Sis\u00e4llytykset<\/h4>\n<ol>\n<li>Los Haitises Tour + luolia ja kuvakkeita<\/li>\n<li>Lounas<\/li>\n<li>Kaikki verot, maksut ja k\u00e4sittelykulut.<\/li>\n<li>Paikalliset verot<\/li>\n<li>Juomat<\/li>\n<li>Alkupalat<\/li>\n<li>Kaikki aktiviteetit<\/li>\n<li>Paikallinen opas<\/li>\n<\/ol>\n<h4>Poikkeukset<\/h4>\n<ol>\n<li>Vinkkej\u00e4<\/li>\n<li>Alkoholijuomat<\/li>\n<\/ol>\n<h3><em>L\u00e4ht\u00f6 ja paluu<\/em><\/h3>\n<p>Matkustaja saa kohtaamispaikan varausprosessin j\u00e4lkeen. Kierrokset alkavat ja p\u00e4\u00e4ttyv\u00e4t heid\u00e4n kohtaamispaikoissaan.<\/p>\n<h5>Los Haitisesin kansallispuisto Las Terrenasista<\/h5>\n<h3><em>Mit\u00e4 odottaa?<\/em><\/h3>\n<p>Hanki lippusi Los Haitisesin kansallispuistoon Las Terrenas de Saman\u00e1sta. Puolen p\u00e4iv\u00e4n retki. Aloitamme Las Terrenasista, Saman\u00e1sta ja kuljetamme satamaan, jotta p\u00e4\u00e4semme veneeseen paikallisen oppaan kanssa. Ohitamme Samanan lahden Los Haitisesiin, Sabana de la Marin viereen vieraillaksemme yhdess\u00e4 Dominikaanisen tasavallan kauneimmista kansallispuistoista. . Los Haitisesin kansallispuisto.<\/p>\n<p>El recorrido, organizado por \u00abBooking Adventures\u00bb, comienza en el punto de encuentro establecido con el gu\u00eda tur\u00edstico. Ven con Booking Adventures y comienza a observar algunos manglares llenos de p\u00e1jaros, colinas onduladas de exuberante vegetaci\u00f3n y cuevas del Parque Nacional Los Haitises. Visitando la isla con p\u00e1jaros alrededor. En la temporada de anidaci\u00f3n, incluso podemos ver los polluelos de Pelecanos en los nidos. Entrar m\u00e1s en las Islas Rocosas y visitar las cuevas con pictograf\u00edas y petroglifos de los pueblos ind\u00edgenas.<\/p>\n<p>Mangrovemetsien ja maan l\u00e4pi San Lorenzon avoimessa lahdessa Sabana de la Marissa, josta voit kuvata karua mets\u00e4maisemaa. Katso ulos veteen n\u00e4hd\u00e4ksesi manaatteja, \u00e4yri\u00e4isi\u00e4 ja delfiinej\u00e4.<\/p>\n<p>El nombre del parque nacional proviene de sus habitantes originales, los indios ta\u00ednos. En su idioma, \u00abHaitises\u00bb se traduce en tierras altas o colinas, una referencia a las empinadas formaciones geol\u00f3gicas de la costa con calizas. Avent\u00farate en el parque para explorar cuevas como la Cueva San Gabriel, la Cueva de la Arena y la Cueva de la L\u00ednea.<\/p>\n<p>Ta\u00edno-intiaanit k\u00e4yttiv\u00e4t n\u00e4it\u00e4 suojelualueen luolia suojana ja my\u00f6hemmin merirosvojen piilottamiseen. Etsi piirustuksia intialaisista, jotka koristavat joitain seini\u00e4. Vierailun j\u00e4lkeen Los Haitisesin kansallispuistossa palaamme Sancheziin Saman\u00e1an.<\/p>\n<p>Saman\u00e1n lahden ohittaminen 30 min. Meill\u00e4 on tyypillinen lounas. Jos olet vegaani, \u00e4l\u00e4 huoli, meill\u00e4 on ruokaa my\u00f6s sinulle!<\/p>\n<p>Lounaan j\u00e4lkeen palaamme Las Terrenasiin!<\/p>\n<p>Jos pid\u00e4t t\u00e4st\u00e4 matkasta pidemm\u00e4st\u00e4 tai lyhyemm\u00e4st\u00e4, meill\u00e4 on seuraavat vaihtoehdot:<\/p>\n<p>Vain Los Haitises Samanan satamasta.<br \/>\nLos Haitises + Ca\u00f1o Hondo Samanan satamasta.<\/p>\n<h3><em>Mit\u00e4 sinun pit\u00e4isi tuoda?<\/em><\/h3>\n<ul>\n<li>Kamera<\/li>\n<li>Karkottimet<\/li>\n<li>Aurinkosuojavoide<\/li>\n<li>Hattu<\/li>\n<li>Mukavat housut<\/li>\n<li>Mets\u00e4vaelluskeng\u00e4t<\/li>\n<li>Sandaalit kev\u00e4talueille.<\/li>\n<li>Uimapuku<\/li>\n<\/ul>\n<h3><em>Hotellin nouto<\/em><\/h3>\n<p>Noutoa hotellilta ei tarjota t\u00e4lle kiertueelle.<\/p>\n<p><strong>Huomautus:<\/strong> Jos varaat 24 tunnin sis\u00e4ll\u00e4 kiertueen\/retken l\u00e4ht\u00f6ajasta, voimme j\u00e4rjest\u00e4\u00e4 noudon hotellilta lis\u00e4maksulla. Kun osto on valmis, l\u00e4het\u00e4mme sinulle t\u00e4ydelliset yhteystiedot (puhelinnumero, s\u00e4hk\u00f6postiosoite jne.) paikallista opastamme varten noutoj\u00e4rjestelyjen j\u00e4rjest\u00e4miseksi.<\/p>\n<h3><em>Lis\u00e4tietojen vahvistus<\/em><\/h3>\n<ul>\n<li>Liput ovat kuitti t\u00e4m\u00e4n kiertueen maksamisen j\u00e4lkeen. Voit n\u00e4ytt\u00e4\u00e4 maksun puhelimellasi.<\/li>\n<li>Tapaamispaikka vastaanotetaan varausprosessin j\u00e4lkeen.<\/li>\n<li>Lasten tulee olla aikuisen seurassa.<\/li>\n<li>Ei py\u00f6r\u00e4tuolilla<\/li>\n<li>Vauvan tulee istua turvaistuimessa tai aikuisen seurassa<\/li>\n<li>Ei suositella matkustajille, joilla on selk\u00e4ongelmia.<\/li>\n<li>Ei suositella raskaana oleville naisille. Ei syd\u00e4nongelmia tai muita vakavia sairauksia.<\/li>\n<li>Suurin osa matkustajista voi osallistua.<\/li>\n<\/ul>\n<h3><em>Peruutusk\u00e4yt\u00e4nt\u00f6<\/em><\/h3>\n<p>Saat t\u00e4yden hyvityksen peruuttamalla v\u00e4hint\u00e4\u00e4n 24 tuntia ennen kokemuksen alkamisp\u00e4iv\u00e4\u00e4. Varat menetet\u00e4\u00e4n, jos varaus peruutetaan samana matkap\u00e4iv\u00e4n\u00e4.<\/p>\n\n\t\t<\/div>\n\t<\/div>\n<\/div><\/div><\/div><\/div><div class=\"vc_row wpb_row vc_row-fluid\" ><div class=\"wpb_column vc_column_container vc_col-sm-12\"><div class=\"vc_column-inner\"><div class=\"wpb_wrapper\">\n\t<div class=\"wpb_video_widget wpb_content_element vc_clearfix   vc_video-aspect-ratio-169 vc_video-el-width-100 vc_video-align-left\" >\n\t\t<div class=\"wpb_wrapper\">\n\t\t\t\n\t\t\t<div class=\"wpb_video_wrapper\"><iframe loading=\"lazy\" title=\"Los Haitisesin kansallispuisto, retket ja retki Samanasta tai Sabana de la Marista. Varaa t\u00e4st\u00e4:\" src=\"https:\/\/player.vimeo.com\/video\/346508015?dnt=1&amp;app_id=122963\" width=\"1100\" height=\"619\" frameborder=\"0\" allow=\"autoplay; fullscreen\" allowfullscreen><\/iframe><\/div>\n\t\t<\/div>\n\t<\/div>\n<\/div><\/div><\/div><\/div><div class=\"vc_row wpb_row vc_row-fluid\" ><div class=\"wpb_column vc_column_container vc_col-sm-12\"><div class=\"vc_column-inner\"><div class=\"wpb_wrapper\"><div class=\"vc_empty_space\"   style=\"height: 32px\"><span class=\"vc_empty_space_inner\"><\/span><\/div>\n\t<div class=\"wpb_text_column wpb_content_element\" >\n\t\t<div class=\"wpb_wrapper\">\n\t\t\t<h5>Ota meihin yhteytt\u00e4?<br \/>\nSeikkailuvaraukset<\/h5>\n<p><em>Paikalliset ja valtakunnalliset matkaoppaat ja vieraspalvelut<\/em><\/p>\n<p>Varaukset: Retket ja retket Dom. Reps.<\/p>\n<p>Puh\/Whatsapp +1-809-720-6035.<\/p>\n<p>info@bookingadventures.com.do<\/p>\n<p>Teemme yksityisi\u00e4 matkoja joustavalla kokoonpanolla Whatsappilla: +18097206035.<\/p>\n<h4><strong style=\"color: #595959; font-size: 15px;\"><a href=\"tel:+18097206035\">+18097206035.<\/a><\/strong><\/h4>\n\n\t\t<\/div>\n\t<\/div>\n<div class=\"vc_empty_space\"   style=\"height: 32px\"><span class=\"vc_empty_space_inner\"><\/span><\/div><\/div><\/div><\/div><\/div>","protected":false},"excerpt":{"rendered":"<p>T\u00e4m\u00e4 retki Las Terrenasista Los Haitisesin kansallispuistoon sis\u00e4lt\u00e4\u00e4 lounaan ja kuljetuksen kolmeen p\u00e4\u00e4luolaan, 2 eri mangrovepuun tutkimisen ja tietysti kalastuslintujen tarkkailun.<\/p>\n<p>Ekologinen matka Los Haitisesin kansallispuistoon paikallisen oppaan kanssa. Vierailu Los Haitisesin kansallispuiston Keysiss\u00e4, mangrovemetsiss\u00e4, kasvillisuudessa, lintujen tarkkailussa, luolissa, kuvakirjoissa ja Sabana de la Marin historiallisilla alueilla Los Haitisesin kansallispuistossa.<\/p>","protected":false},"featured_media":252,"template":"","meta":[],"product_brand":[],"product_cat":[122,443,124],"product_tag":[206,225,132,133,146,226],"class_list":{"0":"post-556","1":"product","2":"type-product","3":"status-publish","4":"has-post-thumbnail","6":"product_cat-tours-and-excursions","7":"product_cat-tours-y-excursiones-es","8":"product_cat-tours-excursions-samana-bay-dominican-republic","9":"product_tag-caves-los-haitises","10":"product_tag-las-terrenas","11":"product_tag-los-haitises","12":"product_tag-los-haitises-national-park","13":"product_tag-mangroves-los-haitises","14":"product_tag-transportation-los-haitises","16":"first","17":"instock","18":"sale","19":"sold-individually","20":"shipping-taxable","21":"product-type-external"},"_links":{"self":[{"href":"https:\/\/haitises.com\/fi\/wp-json\/wp\/v2\/product\/556","targetHints":{"allow":["GET"]}}],"collection":[{"href":"https:\/\/haitises.com\/fi\/wp-json\/wp\/v2\/product"}],"about":[{"href":"https:\/\/haitises.com\/fi\/wp-json\/wp\/v2\/types\/product"}],"wp:featuredmedia":[{"embeddable":true,"href":"https:\/\/haitises.com\/fi\/wp-json\/wp\/v2\/media\/252"}],"wp:attachment":[{"href":"https:\/\/haitises.com\/fi\/wp-json\/wp\/v2\/media?parent=556"}],"wp:term":[{"taxonomy":"product_brand","embeddable":true,"href":"https:\/\/haitises.com\/fi\/wp-json\/wp\/v2\/product_brand?post=556"},{"taxonomy":"product_cat","embeddable":true,"href":"https:\/\/haitises.com\/fi\/wp-json\/wp\/v2\/product_cat?post=556"},{"taxonomy":"product_tag","embeddable":true,"href":"https:\/\/haitises.com\/fi\/wp-json\/wp\/v2\/product_tag?post=556"}],"curies":[{"name":"wp","href":"https:\/\/api.w.org\/{rel}","templated":true}]}}