{"id":33,"date":"2020-06-14T11:56:46","date_gmt":"2020-06-14T11:56:46","guid":{"rendered":"http:\/\/haitises.com\/product\/import-placeholder-for-8190\/"},"modified":"2024-04-24T14:04:37","modified_gmt":"2024-04-24T14:04:37","slug":"los-haitises-national-park-from-sabana-de-la-mar-or-cano-hondo-hotel","status":"publish","type":"product","link":"https:\/\/haitises.com\/fi\/yksityinen\/los-haitises-national-park-from-sabana-de-la-mar-or-cano-hondo-hotel\/","title":{"rendered":"Los Haitisesin kansallispuisto \u2013 Sabana de la Marista tai Ca\u00f1o Hondo -hotellista."},"content":{"rendered":"<div class=\"vc_row wpb_row vc_row-fluid\" ><div class=\"wpb_column vc_column_container vc_col-sm-12\"><div class=\"vc_column-inner\"><div class=\"wpb_wrapper\">[mkdf_section_title title_tag=\u00bb\u00bb disable_break_words=\u00bbno\u00bb subtitle_tag=\u00bb\u00bb title=\u00bbThe Haitises National Park- From Sabana de la Mar or Cano Hondo Hotel.\u00bb subtitle=\u00bbNormal Tour to Los Haitises\u00bb]<\/div><\/div><\/div><\/div><div class=\"vc_row wpb_row vc_row-fluid\" ><div class=\"wpb_column vc_column_container vc_col-sm-12\"><div class=\"vc_column-inner\"><div class=\"wpb_wrapper\">\n\t<div class=\"wpb_text_column wpb_content_element\" >\n\t\t<div class=\"wpb_wrapper\">\n\t\t\t<h4><b><i>Yleiskatsaus <\/i><\/b><\/h4>\n<p>A Private normal trip to Los Haitises National Park.\u00a0 Come with us and visit the most beautiful national park of the Dominican Republic, Visiting Mangroves, Caves and San Lorenzo Bay. This experience can start from the Sabana de la Mar community learning about this history of Sabana de la Mar. Also, we start this trip from Ca\u00f1o Hondo Port.<\/p>\n<ul>\n<li style=\"font-weight: 400;\">Maksut sis\u00e4ltyv\u00e4t hintaan<\/li>\n<li style=\"font-weight: 400;\"><span style=\"font-weight: 400;\">Opas tarjoaa ohjausta ja valvontaa<\/span><\/li>\n<li>Lunch is Not included for Lunch at Ca\u00f1o Hondo Pick this tour: <a href=\"https:\/\/www.ticketswhales.com\/tour\/los-haitises-national-park-lunch-at-cano-hondo-from-sabana-de-la-mar\/\" target=\"_blank\" rel=\"noopener\">Los Haitises Plus Ca\u00f1o Hondo.<\/a><\/li>\n<\/ul>\n<p>&nbsp;<\/p>\n<h4><b>Sis\u00e4llytykset ja poissulkemiset<\/b><\/h4>\n<p>&nbsp;<\/p>\n<p><b>Sis\u00e4llytykset<\/b><\/p>\n<ol>\n<li style=\"font-weight: 400;\">Los Haitises Tour + luolia ja kuvakkeita<\/li>\n<li style=\"font-weight: 400;\"><span style=\"font-weight: 400;\">Kaikki verot, maksut ja k\u00e4sittelykulut<\/span><\/li>\n<li style=\"font-weight: 400;\"><span style=\"font-weight: 400;\">Paikalliset verot<\/span><\/li>\n<li style=\"font-weight: 400;\"><span style=\"font-weight: 400;\">Kaikki aktiviteetit<\/span><\/li>\n<li style=\"font-weight: 400;\"><span style=\"font-weight: 400;\">Paikallinen opas<\/span><\/li>\n<\/ol>\n<p><b> Poikkeukset<\/b><\/p>\n<ol>\n<li style=\"font-weight: 400;\"><span style=\"font-weight: 400;\">Juomarahat<\/span><\/li>\n<li>Lunch is Not included for Lunch at Ca\u00f1o Hondo Pick this tour: <a href=\"https:\/\/www.ticketswhales.com\/tour\/los-haitises-national-park-lunch-at-cano-hondo-from-sabana-de-la-mar\/\" target=\"_blank\" rel=\"noopener\">Los Haitises Plus Ca\u00f1o Hondo.<\/a><\/li>\n<li style=\"font-weight: 400;\"><span style=\"font-weight: 400;\">Siirt\u00e4\u00e4<\/span><\/li>\n<li style=\"font-weight: 400;\"><span style=\"font-weight: 400;\">Alkoholijuomat<\/span><\/li>\n<\/ol>\n<p>&nbsp;<\/p>\n<h4><em><strong>L\u00e4ht\u00f6 &amp; Paluu<\/strong><\/em><\/h4>\n<p><span style=\"font-weight: 400;\">Matkustaja saa kohtaamispaikan varausprosessin j\u00e4lkeen. Kierrokset alkavat ja p\u00e4\u00e4ttyv\u00e4t kohtaamispisteiss\u00e4mme.<\/span><\/p>\n<p>&nbsp;<\/p>\n<h4><b><i>Mit\u00e4 odottaa?<\/i><\/b><\/h4>\n<p>&nbsp;<\/p>\n<p><em><strong>Hanki lippusi<\/strong><\/em> for visiting Los Haitises National Park with Caves, Mangroves and San Lorenzo Bay.<\/p>\n<p>Lowest price to visit <strong>Los Haitisesin kansallispuisto<\/strong> desde <strong>Savannah of the Sea<\/strong> tai <strong>Majoitus Cano Hondo, valitse omasi runsaasta valikoimastamme<\/strong> paikallisten kanssa. Matka alkaa Haitisesin kansallispuiston p\u00e4\u00e4satamasta. T\u00e4m\u00e4 matka alkaa klo 10.00 paikallisen oppaan kanssa, joka tuntee alkuper\u00e4isen historian upeasta kansallispuistosta.<\/p>\n<p>After we start from the Main port of Los Haitises National Park name Ca\u00f1o Hondo (Deep Creek) on a BOAT with Life jackets. We will enjoy the Red Mangroves forest until arrive in San Lorenzo Bay. Small bay into Saman\u00e1 Bay. And here we go! The first amazing thing that you can see is the collection of a Huge limestones mountain island called Mogotes. on top of them more than 700 species of Plants and many wetlands birds flying around. Later Visiting Caves with pictographs from our indigenous communities 750 years ago.<\/p>\n<p>Mangrovemetsien ja Landin l\u00e4pi avoimella San Lorenzon lahdella, josta voit kuvata karua mets\u00e4maisemaa. Katso veteen havaitaksesi <em><strong>Manaatit<\/strong><\/em>, \u00e4yri\u00e4iset ja <em><strong>Delfiinit.<\/strong><\/em><\/p>\n<div class=\"body-description secondary\">\n<p>Kansallispuiston nimi tulee sen alkuper\u00e4isist\u00e4 asukkaista, taino-intiaanien mukaan. Heid\u00e4n kielell\u00e4\u00e4n &quot;Haitises&quot; tarkoittaa yl\u00e4nk\u00f6\u00e4 tai kukkulaa, viittaus rannikon jyrkkiin geologisiin muodostumiin, joissa on kalkkikivi\u00e4. Seikkaile syvemm\u00e4lle puistoon tutkiaksesi luolia, kuten <em><strong>Hiekkaluola<\/strong><\/em> ja <strong><em>Line Cave.<\/em><\/strong> Caves in the reserve were used as shelter by the Taino Indians and, later, by hiding pirates. Look for drawings by Indians that decorate some of the walls. After visiting Los Haitises National Park we will go back to the port where our trip started.<\/p>\n<\/div>\n<p>&nbsp;<\/p>\n<h4><em><strong>Mit\u00e4 sinun pit\u00e4isi tuoda?<\/strong><\/em><\/h4>\n<ul>\n<li style=\"font-weight: 400;\"><span style=\"font-weight: 400;\">kamera<\/span><\/li>\n<li style=\"font-weight: 400;\"><span style=\"font-weight: 400;\">Karkottavat silmut<\/span><\/li>\n<li style=\"font-weight: 400;\"><span style=\"font-weight: 400;\">aurinkovoide<\/span><\/li>\n<li style=\"font-weight: 400;\"><span style=\"font-weight: 400;\">Hattu<\/span><\/li>\n<li style=\"font-weight: 400;\"><span style=\"font-weight: 400;\">Mukavat housut<\/span><\/li>\n<li style=\"font-weight: 400;\"><span style=\"font-weight: 400;\">Retkeilykeng\u00e4t mets\u00e4\u00e4n<\/span><\/li>\n<li style=\"font-weight: 400;\"><span style=\"font-weight: 400;\">Sandaalit kev\u00e4talueille.<\/span><\/li>\n<li style=\"font-weight: 400;\"><span style=\"font-weight: 400;\">Uimavaatteet<\/span><\/li>\n<\/ul>\n<p>&nbsp;<\/p>\n<h4><b><i>Hotellin nouto <\/i><\/b><\/h4>\n<p><span style=\"font-weight: 400;\">Nouto hotellilta tarjotaan, jos olet sis\u00e4\u00e4n <a href=\"https:\/\/www.ticketswhales.com\/tour\/los-haitises-national-park-lunch-at-cano-hondo-from-sabana-de-la-mar\/\" target=\"_blank\" rel=\"noopener\">Paraiso Ca\u00f1o Hondo<\/a> tai <a href=\"https:\/\/www.ticketswhales.com\/tour\/los-haitises-national-park-lunch-at-cano-hondo-from-sabana-de-la-mar\/\" target=\"_blank\" rel=\"noopener\">Altos Ca\u00f1o Hondo Hotel<\/a>. Tapaamispaikkamme on 5 minuutin k\u00e4velymatkan p\u00e4\u00e4ss\u00e4 n\u00e4ist\u00e4 hotelleista.<\/span><\/p>\n<p>&nbsp;<\/p>\n<p><b>Huomautus:<\/b><span style=\"font-weight: 400;\"> if you are booking within 24 hours of the tour\/Excursion departure time, we can arrangements hotel pick-up with extra Charges if you are not in Ca\u00f1o Hondo hotels. Once your purchase is complete, we will send you complete contact information (phone number, email address, etc.) for our local Tour guide to organize pick-up arrangements.<\/span><\/p>\n<h4><b><i>Lis\u00e4tietojen vahvistus <\/i><\/b><\/h4>\n<ol>\n<li>Liput ovat kuitti t\u00e4m\u00e4n kiertueen maksamisen j\u00e4lkeen. Voit n\u00e4ytt\u00e4\u00e4 maksun puhelimellasi.<\/li>\n<li style=\"font-weight: 400;\"><span style=\"font-weight: 400;\">Tapaamispaikka vastaanotetaan varausprosessin j\u00e4lkeen.<\/span><\/li>\n<li style=\"font-weight: 400;\"><span style=\"font-weight: 400;\">Lasten tulee olla aikuisen seurassa.<\/span><\/li>\n<li style=\"font-weight: 400;\"><span style=\"font-weight: 400;\"> Ei py\u00f6r\u00e4tuolilla <\/span><\/li>\n<li style=\"font-weight: 400;\"><span style=\"font-weight: 400;\">Vauvojen on istuttava syliss\u00e4 <\/span><\/li>\n<li style=\"font-weight: 400;\"><span style=\"font-weight: 400;\">Ei suositella matkustajille, joilla on selk\u00e4ongelmia<\/span><\/li>\n<li style=\"font-weight: 400;\"><span style=\"font-weight: 400;\">Ei suositella raskaana oleville matkailijoille <\/span><\/li>\n<li style=\"font-weight: 400;\"><span style=\"font-weight: 400;\"> Ei syd\u00e4nongelmia tai muita vakavia sairauksia <\/span><\/li>\n<li style=\"font-weight: 400;\"><span style=\"font-weight: 400;\">Suurin osa matkustajista voi osallistua<\/span><\/li>\n<\/ol>\n<h4><b><i>Peruutusk\u00e4yt\u00e4nt\u00f6<\/i><\/b><\/h4>\n<p><span style=\"font-weight: 400;\">Saadaksesi t\u00e4yden hyvityksen, peruuta v\u00e4hint\u00e4\u00e4n 24 tuntia ennen kokemuksen alkamisp\u00e4iv\u00e4\u00e4.<\/span><\/p>\n\n\t\t<\/div>\n\t<\/div>\n<\/div><\/div><\/div><\/div><div class=\"vc_row wpb_row vc_row-fluid\" ><div class=\"wpb_column vc_column_container vc_col-sm-12\"><div class=\"vc_column-inner\"><div class=\"wpb_wrapper\"><div class=\"vc_empty_space\"   style=\"height: 32px\"><span class=\"vc_empty_space_inner\"><\/span><\/div>\n\t<div class=\"wpb_text_column wpb_content_element\" >\n\t\t<div class=\"wpb_wrapper\">\n\t\t\t<h4>Ota meihin yhteytt\u00e4?<\/h4>\n<h5>Varaa seikkailuja<\/h5>\n<p><em><strong>Paikalliset<\/strong>\u00a0ja\u00a0<strong>Kansalaiset<\/strong>\u00a0Matkaoppaat ja vieraspalvelut<\/em><\/p>\n<p><span class=\"text-turquoise\">Varaukset:<\/span>\u00a0Retket ja retket Dom. Rep.<\/p>\n<p><img decoding=\"async\" class=\"emoji\" draggable=\"false\" src=\"https:\/\/s.w.org\/images\/core\/emoji\/11.2.0\/svg\/1f4de.svg\" alt=\"\ud83d\udcde\" title=\"\">\u00a0Puh\/Whatsapp\u00a0\u00a0<a href=\"tel:+1-809-720-6035\">+1-809-720-6035<\/a>.<\/p>\n<p><img decoding=\"async\" class=\"emoji\" draggable=\"false\" src=\"https:\/\/s.w.org\/images\/core\/emoji\/11.2.0\/svg\/1f4e9.svg\" alt=\"\ud83d\udce9\" title=\"\">\u00a0<a href=\"mailto:info@bookingadventures.com.do\">info@bookingadventures.com.do<\/a><\/p>\n<p><strong>Asetamme joustavasti Whatsappin yksityisi\u00e4 matkoja:\u00a0<a href=\"tel:+18097206035\">+18097206035.<\/a><\/strong><\/p>\n\n\t\t<\/div>\n\t<\/div>\n<div class=\"vc_empty_space\"   style=\"height: 32px\"><span class=\"vc_empty_space_inner\"><\/span><\/div><\/div><\/div><\/div><\/div>","protected":false},"excerpt":{"rendered":"<p>Lowest price to visit <strong>Los Haitisesin kansallispuisto<\/strong> desde <strong>Savannah of the Sea<\/strong> tai <strong>Majoitus Cano Hondo, valitse omasi runsaasta valikoimastamme<\/strong> paikallisten kanssa. Matka alkaa Haitisesin kansallispuiston p\u00e4\u00e4satamasta. T\u00e4m\u00e4 matka alkaa klo 10.00 paikallisen oppaan kanssa, joka tuntee alkuper\u00e4isen historian upeasta kansallispuistosta.<\/p>\n<p>After we start from the Main port of Los Haitises National Park name Ca\u00f1o Hondo (Deep Creek) on a BOAT with Life jackets. We will enjoy the Red Mangroves forest until arrive in San Lorenzo Bay, a Small bay into the Saman\u00e1 Bay. And here we go! The first amazing thing that you can see is the collection of a Huge limestones mountain island called Mogotes. On top of them more than 700 species of Plants and many wetlands birds flying around. Later Visiting Caves with pictographs from our indigenous communities 750 years ago.<\/p>\n<p>&nbsp;<\/p>\n<p><strong>Valitse kiertueen p\u00e4iv\u00e4m\u00e4\u00e4r\u00e4\u00a0<\/strong><\/p>","protected":false},"featured_media":81,"template":"","meta":[],"product_brand":[],"product_cat":[119,120,98,121,99,122,123,124],"product_tag":[125,126,127,128,129,130,131,132,133,134,114],"class_list":{"0":"post-33","1":"product","2":"type-product","3":"status-publish","4":"has-post-thumbnail","6":"product_cat-caves","7":"product_cat-fees-entrace","8":"product_cat-local-tour-guides","9":"product_cat-mangroves","10":"product_cat-swimming-natural-springs","11":"product_cat-tours-and-excursions","12":"product_cat-tours-excursions-los-haitises-national-park","13":"product_cat-tours-excursions-samana-bay-dominican-republic","14":"product_tag-boat-tour","15":"product_tag-cano-hondo","16":"product_tag-cano-hondo-hotel","17":"product_tag-cano-hondo-tours","18":"product_tag-eco-tours","19":"product_tag-excursion","20":"product_tag-locals-guides","21":"product_tag-los-haitises","22":"product_tag-los-haitises-national-park","23":"product_tag-los-haitises-national-park-tour","24":"product_tag-sabana-de-la-mar","26":"first","27":"instock","28":"sale","29":"sold-individually","30":"shipping-taxable","31":"product-type-external"},"_links":{"self":[{"href":"https:\/\/haitises.com\/fi\/wp-json\/wp\/v2\/product\/33","targetHints":{"allow":["GET"]}}],"collection":[{"href":"https:\/\/haitises.com\/fi\/wp-json\/wp\/v2\/product"}],"about":[{"href":"https:\/\/haitises.com\/fi\/wp-json\/wp\/v2\/types\/product"}],"wp:featuredmedia":[{"embeddable":true,"href":"https:\/\/haitises.com\/fi\/wp-json\/wp\/v2\/media\/81"}],"wp:attachment":[{"href":"https:\/\/haitises.com\/fi\/wp-json\/wp\/v2\/media?parent=33"}],"wp:term":[{"taxonomy":"product_brand","embeddable":true,"href":"https:\/\/haitises.com\/fi\/wp-json\/wp\/v2\/product_brand?post=33"},{"taxonomy":"product_cat","embeddable":true,"href":"https:\/\/haitises.com\/fi\/wp-json\/wp\/v2\/product_cat?post=33"},{"taxonomy":"product_tag","embeddable":true,"href":"https:\/\/haitises.com\/fi\/wp-json\/wp\/v2\/product_tag?post=33"}],"curies":[{"name":"wp","href":"https:\/\/api.w.org\/{rel}","templated":true}]}}