{"id":317,"date":"2020-06-14T12:01:33","date_gmt":"2020-06-14T12:01:33","guid":{"rendered":"http:\/\/haitises.com\/product\/import-placeholder-for-9925\/"},"modified":"2024-04-19T17:24:06","modified_gmt":"2024-04-19T17:24:06","slug":"excursion-27-waterfalls-charcos-damajagua-puerto-plata-dominican-republic-hotels-pick-up","status":"publish","type":"product","link":"https:\/\/haitises.com\/fi\/yksityinen\/excursion-27-waterfalls-charcos-damajagua-puerto-plata-dominican-republic-hotels-pick-up\/","title":{"rendered":"Excursion 27 Waterfalls, Charcos Damajagua, Puerto Plata, Dominikaaninen tasavalta. Hotellit Nouto."},"content":{"rendered":"<div class=\"vc_row wpb_row vc_row-fluid\" ><div class=\"wpb_column vc_column_container vc_col-sm-12\"><div class=\"vc_column-inner\"><div class=\"wpb_wrapper\">[mkdf_section_title title_tag=\u00bb\u00bb disable_break_words=\u00bbno\u00bb subtitle_tag=\u00bb\u00bb title=\u00bb27 Waterfalls of Damajagua Tour from Cabarete, Sosua and Puerto Plata.\u00bb subtitle=\u00bbTransportation &amp; Lunch Included\u00bb]<\/div><\/div><\/div><\/div><div class=\"vc_row wpb_row vc_row-fluid\" ><div class=\"wpb_column vc_column_container vc_col-sm-12\"><div class=\"vc_column-inner\"><div class=\"wpb_wrapper\">\n\t<div class=\"wpb_text_column wpb_content_element\" >\n\t\t<div class=\"wpb_wrapper\">\n\t\t\t<h3 class=\"ui_header h1 attractions-product-info-ProductTitle__title--1qM0o\">27 Damajaguan vesiputouksen kiertue Puerto Platasta. Puolen p\u00e4iv\u00e4n matka.<\/h3>\n<h4><b><i>Yleiskatsaus <\/i><\/b><\/h4>\n<p>Hanki lippusi puolen p\u00e4iv\u00e4n retkelle t\u00e4\u00e4lt\u00e4 Damajaguan 27-vesiputoukselle. P\u00e4\u00e4syliput lounaalla ja retkell\u00e4 sis\u00e4lt\u00e4v\u00e4t hypp\u00e4\u00e4misen ja uinnin Dominikaanisen tasavallan kauneimmissa vesiputouksissa. Vaellus ja uinti turvavarusteilla saadaksesi kaikkien aikojen parhaan kokemuksen!!<\/p>\n<p>T\u00e4m\u00e4n kokemuksen j\u00e4lkeen p\u00e4\u00e4set takaisin paikkaan, jossa tapaat matkaoppaan.<\/p>\n<ul>\n<li style=\"font-weight: 400;\">Maksut sis\u00e4ltyv\u00e4t hintaan<\/li>\n<li>Lounas<\/li>\n<li>V\u00e4lipalat<\/li>\n<li style=\"font-weight: 400;\">Paikallinen opas englanniksi<\/li>\n<\/ul>\n<p>&nbsp;<\/p>\n<h4><b>Sis\u00e4llytykset ja poissulkemiset<\/b><\/h4>\n<p>&nbsp;<\/p>\n<p><b>Sis\u00e4llytykset<\/b><\/p>\n<ol>\n<li>\u00a0 27 Waterfalls of Damajagua (nowdays there are just\u00a0 12 and 7 cascades Trips)<\/li>\n<li>\u00a0 Buffet including beverages and tropical drinks<\/li>\n<li>\u00a0 Kaikki verot, maksut ja k\u00e4sittelykulut<\/li>\n<li>\u00a0 Paikalliset verot<\/li>\n<li>\u00a0 Kaikki aktiviteetit<\/li>\n<li>\u00a0 Paikallinen opas<\/li>\n<li>\u00a0 Cigar factory visit<\/li>\n<\/ol>\n<p><b> Poikkeukset<\/b><\/p>\n<ol>\n<li style=\"font-weight: 400;\"><span style=\"font-weight: 400;\">Juomarahat<\/span><\/li>\n<\/ol>\n<h4><em><strong>L\u00e4ht\u00f6 &amp; Paluu<\/strong><\/em><\/h4>\n<p><span style=\"font-weight: 400;\">We have a schedule designed to pick you up and drop you off based on the area you are located in. Please see the detailed information below in the hotel pickup section. <\/span><\/p>\n<p>This is the program we have set based on your locations. Please let us know your specific hotel and we will contact you to tell you where we will meet you.<\/p>\n<p>&nbsp;<\/p>\n<table style=\"height: 246px;\" width=\"237\">\n<tbody>\n<tr>\n<td><b>Place<\/b><\/td>\n<td><b>Time<\/b><\/td>\n<\/tr>\n<tr>\n<td><b>Cabarete<\/b><\/td>\n<td><b>7:45 am<\/b><\/td>\n<\/tr>\n<tr>\n<td><b>Sosua<\/b><\/td>\n<td><b>8:10 am<\/b><\/td>\n<\/tr>\n<tr>\n<td><b>Playa Dorada<\/b><\/td>\n<td><b>8:50 am<\/b><\/td>\n<\/tr>\n<tr>\n<td><b>Costa Dorada<\/b><\/td>\n<td><b>9:00 am<\/b><\/td>\n<\/tr>\n<tr>\n<td><b>Cofresi (Lifestyle)<\/b><\/td>\n<td><b>9:20 am<\/b><\/td>\n<\/tr>\n<tr>\n<td><b>Senator<\/b><\/td>\n<td><b>9:30 am<\/b><\/td>\n<\/tr>\n<\/tbody>\n<\/table>\n<h4><\/h4>\n<h3 class=\"ui_header h1 attractions-product-info-ProductTitle__title--1qM0o\">27 Damajaguan vesiputouksen kiertue Puerto Platasta.<\/h3>\n<h4><b><i>Mit\u00e4 odottaa?<\/i><\/b><\/h4>\n<div class=\"apd_content_block\" data-tab=\"TABS_OVERVIEW\">\n<div class=\"ui_card section attractions-product-details-Overview__sectionMargin--uHktd attractions-product-details-Overview__cleanslateOverrideDT--39Ov7\">\n<p>Discover the secluded Damajagua Waterfalls, tucked in the hills of the Dominican Republic\u2019s Northern Corridor, on this full-day trip from Puerto Plata.\u00a0 Explore the twenty-seven pristine falls, cascading over limestone, with your local guide. Get a short safety briefing, then jump, swim and slide down natural waterslides.<\/p>\n<p>Lunch and beverages are included. A moderate 40-minute uphill hike through a beautiful jungle landscape gets you to the 12th waterfall or, if you are in excellent physical shape, choose to hike all the way to the top of the 27 waterfalls (approximately 70 minutes) and experience it all.<\/p>\n<p>Either way, your real fun begins as we head back down-river and you jump, slide and swim your way through a series of spectacular waterfalls, canyons, and azure pools, emerging with a silly grin on your face and incredible memories to cherish! The tours include jumps of up to 25 feet (8 meters) but don\u2019t worry,\u00a0 if you are uncomfortable with jumping there is an alternative way down.<\/p>\n<p>After a 15-minute walk back to base camp and changing into your dry clothes enjoy a delicious and varied Dominican buffet lunch, which includes barbecued chicken and pork, stews, rice, pasta, and salads.<\/p>\n<p>Local rum drinks, sodas, and water are also included (beer is available but not included). After the meal, you will say goodbye to the local guides but the memories of this experience will last a lifetime. And this is not all, you will then go to a cigar factory where you will see how they prepare them and also be able to get some if you are interested. Remember the Dominican Republic is one of the best countries making cigars, so this is your chance to learn from the best teachers ever.<\/p>\n<\/div>\n<\/div>\n<h4><em><strong>Mit\u00e4 sinun pit\u00e4isi tuoda?<\/strong><\/em><\/h4>\n<ul>\n<li style=\"font-weight: 400;\"><span style=\"font-weight: 400;\">kamera<\/span><\/li>\n<li style=\"font-weight: 400;\"><span style=\"font-weight: 400;\">Karkottavat silmut<\/span><\/li>\n<li style=\"font-weight: 400;\"><span style=\"font-weight: 400;\">aurinkovoide<\/span><\/li>\n<li style=\"font-weight: 400;\"><span style=\"font-weight: 400;\">Hattu<\/span><\/li>\n<li style=\"font-weight: 400;\"><span style=\"font-weight: 400;\">Mukavat housut<\/span><\/li>\n<li style=\"font-weight: 400;\"><span style=\"font-weight: 400;\">Retkeilykeng\u00e4t mets\u00e4\u00e4n<\/span><\/li>\n<li style=\"font-weight: 400;\"><span style=\"font-weight: 400;\">Sandaalit kev\u00e4talueille.<\/span><\/li>\n<li style=\"font-weight: 400;\"><span style=\"font-weight: 400;\">Uimavaatteet<\/span><\/li>\n<\/ul>\n<p>&nbsp;<\/p>\n<h4><b><i>Hotellin nouto <\/i><\/b><\/h4>\n<p><span style=\"font-weight: 400;\">Hotel pick-up is\u00a0 offered for this tour. We set Pick up contacting us by Whatsapp.<\/span><\/p>\n<p>&nbsp;<\/p>\n<p><b>Huomautus:<\/b><span style=\"font-weight: 400;\"> Jos olet varattu 24 tunnin sis\u00e4ll\u00e4 kiertueen\/retken l\u00e4ht\u00f6ajasta, voimme j\u00e4rjest\u00e4\u00e4 noudon hotellilta. Kun osto on valmis, l\u00e4het\u00e4mme sinulle t\u00e4ydelliset yhteystiedot (puhelinnumero, s\u00e4hk\u00f6postiosoite jne.) paikallista opastamme varten noutoj\u00e4rjestelyjen j\u00e4rjest\u00e4miseksi.<\/span><\/p>\n<h4><b><i>Lis\u00e4tietojen vahvistus <\/i><\/b><\/h4>\n<ol>\n<li>Liput ovat kuitti t\u00e4m\u00e4n kiertueen maksamisen j\u00e4lkeen. Voit n\u00e4ytt\u00e4\u00e4 maksun puhelimellasi.<\/li>\n<li style=\"font-weight: 400;\"><span style=\"font-weight: 400;\">Tapaamispaikka vastaanotetaan varausprosessin j\u00e4lkeen.<\/span><\/li>\n<li style=\"font-weight: 400;\"><span style=\"font-weight: 400;\">Lasten tulee olla aikuisen seurassa.<\/span><\/li>\n<li style=\"font-weight: 400;\"><span style=\"font-weight: 400;\"> Ei py\u00f6r\u00e4tuolilla <\/span><\/li>\n<li style=\"font-weight: 400;\"><span style=\"font-weight: 400;\">Vauvojen on istuttava syliss\u00e4 <\/span><\/li>\n<li style=\"font-weight: 400;\"><span style=\"font-weight: 400;\">Ei suositella matkustajille, joilla on selk\u00e4ongelmia<\/span><\/li>\n<li style=\"font-weight: 400;\"><span style=\"font-weight: 400;\">Ei suositella raskaana oleville matkailijoille <\/span><\/li>\n<li style=\"font-weight: 400;\"><span style=\"font-weight: 400;\"> Ei syd\u00e4nongelmia tai muita vakavia sairauksia <\/span><\/li>\n<li style=\"font-weight: 400;\"><span style=\"font-weight: 400;\">Suurin osa matkustajista voi osallistua<\/span><\/li>\n<\/ol>\n<h4><b><i>Peruutusk\u00e4yt\u00e4nt\u00f6<\/i><\/b><\/h4>\n<p><span style=\"font-weight: 400;\">Saadaksesi t\u00e4yden hyvityksen, peruuta v\u00e4hint\u00e4\u00e4n 24 tuntia ennen kokemuksen alkamisp\u00e4iv\u00e4\u00e4. Varat menetet\u00e4\u00e4n, jos varaus peruutetaan samana matkap\u00e4iv\u00e4n\u00e4.<\/span><\/p>\n\n\t\t<\/div>\n\t<\/div>\n<\/div><\/div><\/div><\/div><div class=\"vc_row wpb_row vc_row-fluid\" ><div class=\"wpb_column vc_column_container vc_col-sm-12\"><div class=\"vc_column-inner\"><div class=\"wpb_wrapper\">\n\t<div class=\"wpb_video_widget wpb_content_element vc_clearfix   vc_video-aspect-ratio-169 vc_video-el-width-100 vc_video-align-left\" >\n\t\t<div class=\"wpb_wrapper\">\n\t\t\t<h2 class=\"wpb_heading wpb_video_heading\">27 Damajaguan vesiputouksen kiertue Puerto Platasta:<\/h2>\n\t\t\t<div class=\"wpb_video_wrapper\"><iframe loading=\"lazy\" title=\"27 Damajaguan vesiputousta Booking Adventures &amp; Travelin kautta Dominikaaninen tasavalta\" width=\"1100\" height=\"619\" src=\"https:\/\/www.youtube.com\/embed\/AVNh_we_RQE?start=17&feature=oembed\" frameborder=\"0\" allow=\"accelerometer; autoplay; encrypted-media; gyroscope; picture-in-picture\" allowfullscreen><\/iframe><\/div>\n\t\t<\/div>\n\t<\/div>\n<\/div><\/div><\/div><\/div><div class=\"vc_row wpb_row vc_row-fluid\" ><div class=\"wpb_column vc_column_container vc_col-sm-12\"><div class=\"vc_column-inner\"><div class=\"wpb_wrapper\"><div class=\"vc_empty_space\"   style=\"height: 32px\"><span class=\"vc_empty_space_inner\"><\/span><\/div>\n\t<div class=\"wpb_text_column wpb_content_element\" >\n\t\t<div class=\"wpb_wrapper\">\n\t\t\t<h4>Ota meihin yhteytt\u00e4?<\/h4>\n<h5><em><strong>Varaa seikkailuja<\/strong><\/em><\/h5>\n<p><em><strong>Paikalliset<\/strong>\u00a0ja\u00a0<strong>Kansalaiset<\/strong>\u00a0Matkaoppaat ja vieraspalvelut<\/em><\/p>\n<p><span class=\"text-turquoise\">Varaukset:<\/span>\u00a0Retket ja retket Dom. Rep.<\/p>\n<p><img decoding=\"async\" class=\"emoji\" draggable=\"false\" src=\"https:\/\/s.w.org\/images\/core\/emoji\/11.2.0\/svg\/1f4de.svg\" alt=\"\ud83d\udcde\" title=\"\">\u00a0Puh\/Whatsapp\u00a0\u00a0<a href=\"tel:+1-809-720-6035\">+1-809-720-6035<\/a>.<\/p>\n<p><img decoding=\"async\" class=\"emoji\" draggable=\"false\" src=\"https:\/\/s.w.org\/images\/core\/emoji\/11.2.0\/svg\/1f4e9.svg\" alt=\"\ud83d\udce9\" title=\"\">\u00a0<a href=\"mailto:info@bookingadventures.com.do\">info@bookingadventures.com.do<\/a><\/p>\n<p><strong>Asetamme joustavasti Whatsappin yksityisi\u00e4 matkoja:\u00a0<a href=\"tel:+18097206035\">+18097206035.<\/a><\/strong><\/p>\n\n\t\t<\/div>\n\t<\/div>\n<div class=\"vc_empty_space\"   style=\"height: 32px\"><span class=\"vc_empty_space_inner\"><\/span><\/div><\/div><\/div><\/div><\/div>","protected":false},"excerpt":{"rendered":"<p>From Hotels in Cabarete, Sosua or Puerto Plata. This excursion from 27 waterfalls of Damajagua in Puerto Plata,\u00a0 Lunch and Excursion by the 27 waterfalls, hiking and jumping into the river.<\/p>\n<p>Ekologinen matka Puerto Platan 27 vesiputoukselle. Hanki lippusi puolen p\u00e4iv\u00e4n retkelle t\u00e4\u00e4lt\u00e4 Damajaguan 27-vesiputoukselle. P\u00e4\u00e4syliput lounaalla ja retkell\u00e4 sis\u00e4lt\u00e4v\u00e4t hypp\u00e4\u00e4misen ja uinnin Dominikaanisen tasavallan kauneimmissa vesiputouksissa. Vaellus ja uinti turvavarusteilla saadaksesi kaikkien aikojen parhaan kokemuksen!!<\/p>\n<p><em><strong>Valitse kiertueen p\u00e4iv\u00e4m\u00e4\u00e4r\u00e4:\u00a0<\/strong><\/em><\/p>","protected":false},"featured_media":275,"template":"","meta":[],"product_brand":[],"product_cat":[239,429,100],"product_tag":[242,243,244,245,246,247,248,249,250,251,252,253,254,255,256,257,258],"class_list":{"0":"post-317","1":"product","2":"type-product","3":"status-publish","4":"has-post-thumbnail","6":"product_cat-27-waterfalls","7":"product_cat-group-tours-excursions","8":"product_cat-waterfalls","9":"product_tag-27-charcos-de-damajagua","10":"product_tag-27-waterfalls","11":"product_tag-27-waterfalls-dominican-republic","12":"product_tag-27-waterfalls-dominican-republic-facts","13":"product_tag-27-waterfalls-excursion","14":"product_tag-27-waterfalls-puerto-plata","15":"product_tag-amber-cove-cruise-terminal-27-waterfalls","16":"product_tag-amber-cove-excursions","17":"product_tag-damajagua-falls-tours","18":"product_tag-damajagua-national-park","19":"product_tag-excursion-27-waterfalls","20":"product_tag-how-to-get-to-27-waterfalls-from-puerto-plata","21":"product_tag-jumping-27-waterfalls","22":"product_tag-los-27-charcos-de-puerto-plata","23":"product_tag-puerto-plata","24":"product_tag-things-to-do-in-amber-cove","25":"product_tag-tour-27-waterfalls","27":"first","28":"instock","29":"sale","30":"sold-individually","31":"shipping-taxable","32":"product-type-external"},"_links":{"self":[{"href":"https:\/\/haitises.com\/fi\/wp-json\/wp\/v2\/product\/317","targetHints":{"allow":["GET"]}}],"collection":[{"href":"https:\/\/haitises.com\/fi\/wp-json\/wp\/v2\/product"}],"about":[{"href":"https:\/\/haitises.com\/fi\/wp-json\/wp\/v2\/types\/product"}],"wp:featuredmedia":[{"embeddable":true,"href":"https:\/\/haitises.com\/fi\/wp-json\/wp\/v2\/media\/275"}],"wp:attachment":[{"href":"https:\/\/haitises.com\/fi\/wp-json\/wp\/v2\/media?parent=317"}],"wp:term":[{"taxonomy":"product_brand","embeddable":true,"href":"https:\/\/haitises.com\/fi\/wp-json\/wp\/v2\/product_brand?post=317"},{"taxonomy":"product_cat","embeddable":true,"href":"https:\/\/haitises.com\/fi\/wp-json\/wp\/v2\/product_cat?post=317"},{"taxonomy":"product_tag","embeddable":true,"href":"https:\/\/haitises.com\/fi\/wp-json\/wp\/v2\/product_tag?post=317"}],"curies":[{"name":"wp","href":"https:\/\/api.w.org\/{rel}","templated":true}]}}