{"id":11703,"date":"2023-10-04T07:40:35","date_gmt":"2023-10-04T07:40:35","guid":{"rendered":"http:\/\/haitises.com\/?post_type=product&#038;p=11703"},"modified":"2024-03-28T15:42:36","modified_gmt":"2024-03-28T15:42:36","slug":"excursion-whale-watching-samana-bay-cano-hondo-los-haitises-from-samana-port-3","status":"publish","type":"product","link":"https:\/\/haitises.com\/fi\/yksityinen\/excursion-whale-watching-samana-bay-cano-hondo-los-haitises-from-samana-port-3\/","title":{"rendered":"Retki valaiden katselu Saman\u00e1n lahdella + Ca\u00f1o Hondo + Los Haitises Samanan satamasta"},"content":{"rendered":"<div class=\"vc_row wpb_row vc_row-fluid\" ><\/div><div class=\"wpb_column vc_column_container vc_col-sm-12\"><div class=\"vc_column-inner\"><div class=\"wpb_wrapper\"><\/div><\/div><\/div>[mkdf_section_title title_tag=\u00bb\u00bb disable_break_words=\u00bbno\u00bb subtitle_tag=\u00bb\u00bb subtitle=\u00bbTours &amp; Excursions\u00bb title=\u00bbExcursion Whale Watching Samana bay + Cano Hondo + Los Haitises from Samana port\u00bb]\n\t<div class=\"wpb_text_column wpb_content_element\" >\n\t\t<div class=\"wpb_wrapper\">\n\t\t\t<div class=\"vc_row wpb_row vc_row-fluid\">\n<div class=\"wpb_column vc_column_container vc_col-sm-12\">\n<div class=\"vc_column-inner\">\n<div class=\"wpb_wrapper\">\n<div class=\"wpb_text_column wpb_content_element\">\n<div class=\"wpb_wrapper\">\n<h3><\/h3>\n<p>Whale watching in Saman\u00e1 starts from Saman\u00e1 port after Whale watching we will across the bay to visit Ca\u00f1o Hondo Natural pools plus Lunch and Full trip in Los Haitises National Park.<\/p>\n<p>This Trip will start at 9:00 Am and Finish at 5:00 Pm. Meeting before in Our Office. After aborting our Private Boat to visit Whales in their own habitat. From 9:00 Am until 11:00 am Whale observatory and After this Whale watching trip we will visit Ca\u00f1o Hondo for Lunch plus swimming in natural pools and finishing with a full trip to Los Haitises National Park. This excursion will end at the same port from where will start at 5:00 pm.<\/p>\n<p><strong>Note: This is a Private excursion.\u00a0<\/strong><\/p>\n<ul>\n<li>Whale Watching matka<\/li>\n<li>Los haitises national park Tour<\/li>\n<li>Ca\u00f1o Hondo, Lunch and Pools<\/li>\n<li>P\u00e4\u00e4symaksut observatorioon<\/li>\n<li>Veneen siirto<\/li>\n<li>Kapteeni antaa ohjeita ja valvontaa<\/li>\n<li>Matkaopas<\/li>\n<\/ul>\n<p>&nbsp;<\/p>\n<h4><b>Sis\u00e4llytykset ja poissulkemiset<\/b><\/h4>\n<p>&nbsp;<\/p>\n<p><b>Sis\u00e4llytykset<\/b><\/p>\n<ol>\n<li>Buffet lunch at Ca\u00f1o Hondo<\/li>\n<li>Luonnolliset altaat<\/li>\n<li>Whale watching Saman\u00e1 bay<\/li>\n<li>Los Haitises National Park, Caves, Mangroves and San Lorenzo Bay<\/li>\n<li>Matkaopas<\/li>\n<li>Katamaraani tai veneretki<\/li>\n<li>Kaikki verot, maksut ja k\u00e4sittelykulut<\/li>\n<li>Paikalliset verot<\/li>\n<li>Juomat<\/li>\n<\/ol>\n<p><b>Poikkeukset<\/b><\/p>\n<ol>\n<li>Juomarahat<\/li>\n<li>Siirtoauto<\/li>\n<li>Alkoholijuomat<\/li>\n<\/ol>\n<p>&nbsp;<\/p>\n<h4><em><strong>L\u00e4ht\u00f6 &amp; Paluu<\/strong><\/em><\/h4>\n<p>Matkustaja saa tapaamispaikan varausprosessin j\u00e4lkeen. Kierrokset alkavat ja p\u00e4\u00e4ttyv\u00e4t kokouspaikoissamme.<\/p>\n<p>&nbsp;<\/p>\n<h4><b><i>Mit\u00e4 odottaa?<\/i><\/b><\/h4>\n<p>&nbsp;<\/p>\n<p><em><strong>Hanki lippusi<\/strong><\/em> for a day Whale Watching tour in Samana bay plus a wonderful lunch and beach time and visiting Los Haitises National Park.<\/p>\n<p>The Daypass for whale watching, organized by \u201cBooking Adventures\u201d starts at the meeting point set with the Tour Guide. Lunch at the beach and you can stay as long as you want swimming around. If you are Vegan we also can set some food for you.<\/p>\n<p><strong>Aikataulu:<\/strong><\/p>\n<p>8:45 - 17:00<\/p>\n<p>&nbsp;<\/p>\n<h4><em><strong>Mit\u00e4 sinun pit\u00e4isi tuoda?<\/strong><\/em><\/h4>\n<ul>\n<li>kamera<\/li>\n<li>Karkottavat silmut<\/li>\n<li>aurinkovoide<\/li>\n<li>Hattu<\/li>\n<li>Mukavat housut<\/li>\n<li>Sandaalit rantaan<\/li>\n<li>Uimavaatteet<\/li>\n<li>K\u00e4teist\u00e4 matkamuistoja varten<\/li>\n<\/ul>\n<p>&nbsp;<\/p>\n<h4><b><i>Hotellin nouto<\/i><\/b><\/h4>\n<p>Noutoa hotellilta ei tarjota t\u00e4lle kiertueelle.<\/p>\n<p>&nbsp;<\/p>\n<p><b>Huomautus:<\/b>\u00a0jos varaus tehd\u00e4\u00e4n 24 tunnin kuluessa kiertueen\/retken l\u00e4ht\u00f6ajasta, voimme j\u00e4rjest\u00e4\u00e4 hotellin nouto lis\u00e4maksusta. Kun ostoksesi on tehty, l\u00e4het\u00e4mme sinulle t\u00e4ydelliset yhteystiedot (puhelinnumero, s\u00e4hk\u00f6postiosoite jne.) paikalliselle matkanjohtajallemme noutoj\u00e4rjestelyjen j\u00e4rjest\u00e4miseksi.<\/p>\n<h4><b><i>Lis\u00e4tietojen vahvistus<\/i><\/b><\/h4>\n<ol>\n<li>Liput ovat kuitti t\u00e4m\u00e4n kiertueen maksamisen j\u00e4lkeen. Voit n\u00e4ytt\u00e4\u00e4 maksun puhelimellasi.<\/li>\n<li>Tapaamispaikka vastaanotetaan varausprosessin j\u00e4lkeen.<\/li>\n<li>Lasten tulee olla aikuisen seurassa.<\/li>\n<li>py\u00f6r\u00e4tuolilla<\/li>\n<li>Vauvojen on istuttava syliss\u00e4<\/li>\n<li>Suurin osa matkustajista voi osallistua<\/li>\n<\/ol>\n<h4><b><i>Peruutusk\u00e4yt\u00e4nt\u00f6<\/i><\/b><\/h4>\n<p>Jos haluat t\u00e4yden hyvityksen, lue peruutusehdot\u00a0<a href=\"https:\/\/www.ticketswhales.com\/online-booking\/\" target=\"_blank\" rel=\"noopener\" data-saferedirecturl=\"https:\/\/www.google.com\/url?q=https:\/\/www.ticketswhales.com\/online-booking\/&amp;source=gmail&amp;ust=1672449202351000&amp;usg=AOvVaw1yAeVAPktmaVCqDujgUn90\">Klikkaa t\u00e4st\u00e4<\/a>. Varat menetet\u00e4\u00e4n, jos varaus peruutetaan samana matkap\u00e4iv\u00e4n\u00e4.<\/p>\n<\/div>\n<\/div>\n<\/div>\n<\/div>\n<\/div>\n<\/div>\n<div class=\"vc_row wpb_row vc_row-fluid\">\n<div class=\"wpb_column vc_column_container vc_col-sm-12\">\n<div class=\"vc_column-inner\">\n<div class=\"wpb_wrapper\">\n<div class=\"wpb_text_column wpb_content_element\">\n<div class=\"wpb_wrapper\">\n<h4>Ota meihin yhteytt\u00e4?<\/h4>\n<h5><b><i>TOUR WHALES SAMANA<\/i><\/b><\/h5>\n<p><em><strong>Paikalliset<\/strong>\u00a0ja\u00a0<strong>Kansalaiset<\/strong>\u00a0Matkaoppaat ja vieraspalvelut<\/em><\/p>\n<p><span class=\"text-turquoise\">Varaukset:<\/span>\u00a0Retket ja retket Dom. Rep.<\/p>\n<p><img decoding=\"async\" class=\"emoji\" draggable=\"false\" src=\"https:\/\/s.w.org\/images\/core\/emoji\/11.2.0\/svg\/1f4de.svg\" alt=\"\ud83d\udcde\" title=\"\">\u00a0Puh\/Whatsapp\u00a0\u00a0<a href=\"tel:+1-809-720-6035\">+1-809-720-6035<\/a>.<\/p>\n<p><img decoding=\"async\" class=\"emoji\" draggable=\"false\" src=\"https:\/\/s.w.org\/images\/core\/emoji\/11.2.0\/svg\/1f4e9.svg\" alt=\"\ud83d\udce9\" title=\"\">\u00a0<a href=\"mailto:info@bookingadventures.com.do\">info@bookingadventures.com.do<\/a><\/p>\n<p><strong>Asetamme joustavasti Whatsappin yksityisi\u00e4 matkoja:\u00a0<a href=\"tel:+18097206035\">+18097206035.<\/a><\/strong><\/p>\n<\/div>\n<\/div>\n<\/div>\n<\/div>\n<\/div>\n<\/div>\n\n\t\t<\/div>\n\t<\/div>\n[mkdf_section_title title_tag=\u00bb\u00bb disable_break_words=\u00bbno\u00bb subtitle_tag=\u00bb\u00bb subtitle=\u00bbPrivate Tours &amp; Excursions\u00bb title=\u00bbPrivate Excursion Whale Watching Samana Bay + Cano Hondo + Los Haitises from Samana port\u00bb]\n\t<div class=\"wpb_text_column wpb_content_element\" >\n\t\t<div class=\"wpb_wrapper\">\n\t\t\t<p>I am text block. Click edit button to change this text. Lorem ipsum dolor sit amet, consectetur adipiscing elit. Ut elit tellus, luctus nec ullamcorper mattis, pulvinar dapibus leo.<\/p>\n\n\t\t<\/div>\n\t<\/div>","protected":false},"excerpt":{"rendered":"<p><span style=\"vertical-align: inherit;\"><span style=\"vertical-align: inherit;\">Esta es una excursi\u00f3n privada al observatorio de avistamiento de ballenas despu\u00e9s del almuerzo en el albergue ecol\u00f3gico Ca\u00f1o Hondo y el Parque Nacional Los Haitises. <\/span><span style=\"vertical-align: inherit;\">Nadie m\u00e1s ofrece esta incre\u00edble experiencia en un viaje de un solo d\u00eda con gu\u00edas profesionales ecologistas en el avistamiento de ballenas. <\/span><span style=\"vertical-align: inherit;\">Si desea ponerse en contacto con nosotros para recibir asesoramiento, env\u00ede un correo electr\u00f3nico, Whatsapp o Llamadas disponibles. <\/span><span style=\"vertical-align: inherit;\">Por favor reserve sus boletos con tiempo.<\/span><\/span><\/p>\n<p>&nbsp;<\/p>\n<p><em><strong><span style=\"vertical-align: inherit;\"><span style=\"vertical-align: inherit;\">Valitse retken p\u00e4iv\u00e4m\u00e4\u00e4r\u00e4:<\/span><\/span><\/strong><\/em><\/p>","protected":false},"featured_media":10983,"template":"","meta":[],"product_brand":[],"product_cat":[571,566,501,502,503,572,505,493,494,495,496,497,485,498,499,232,500],"product_tag":[137,126,139,132,142,488,489,393,490,234,236,506,491],"class_list":{"0":"post-11703","1":"product","2":"type-product","3":"status-publish","4":"has-post-thumbnail","6":"product_cat-1-samana","7":"product_cat-boat-trip-los-haitises","8":"product_cat-cano-hondo","9":"product_cat-cano-hondo-2021","10":"product_cat-los-haitises-national-park","11":"product_cat-natural-pools-los-haitises","12":"product_cat-tour-excursion","13":"product_cat-tours-excursions","14":"product_cat-tours-excursions-whale-watching-samana-bay-dominican-republic","15":"product_cat-whale-miches","16":"product_cat-whale-sabana-de-la-mar","17":"product_cat-whale-samana","18":"product_cat-whale-watching","19":"product_cat-whale-watching-puerto-plata","20":"product_cat-whale-watching-punta-cana","21":"product_cat-whale-watching-samana","22":"product_cat-whale-watching-samana-bay","23":"product_tag-bacardi-island","24":"product_tag-cano-hondo","25":"product_tag-cayo-levantado","26":"product_tag-los-haitises","27":"product_tag-samana","28":"product_tag-samana-tour","29":"product_tag-whale","30":"product_tag-whale-punta-cana","31":"product_tag-whale-sabana-de-la-mar","32":"product_tag-whale-samana","33":"product_tag-whale-watching-dominican-republic","34":"product_tag-whales-in-samana","35":"product_tag-whales-trips","37":"first","38":"instock","39":"sale","40":"shipping-taxable","41":"product-type-external"},"_links":{"self":[{"href":"https:\/\/haitises.com\/fi\/wp-json\/wp\/v2\/product\/11703","targetHints":{"allow":["GET"]}}],"collection":[{"href":"https:\/\/haitises.com\/fi\/wp-json\/wp\/v2\/product"}],"about":[{"href":"https:\/\/haitises.com\/fi\/wp-json\/wp\/v2\/types\/product"}],"wp:featuredmedia":[{"embeddable":true,"href":"https:\/\/haitises.com\/fi\/wp-json\/wp\/v2\/media\/10983"}],"wp:attachment":[{"href":"https:\/\/haitises.com\/fi\/wp-json\/wp\/v2\/media?parent=11703"}],"wp:term":[{"taxonomy":"product_brand","embeddable":true,"href":"https:\/\/haitises.com\/fi\/wp-json\/wp\/v2\/product_brand?post=11703"},{"taxonomy":"product_cat","embeddable":true,"href":"https:\/\/haitises.com\/fi\/wp-json\/wp\/v2\/product_cat?post=11703"},{"taxonomy":"product_tag","embeddable":true,"href":"https:\/\/haitises.com\/fi\/wp-json\/wp\/v2\/product_tag?post=11703"}],"curies":[{"name":"wp","href":"https:\/\/api.w.org\/{rel}","templated":true}]}}