{"id":11699,"date":"2023-10-04T07:40:34","date_gmt":"2023-10-04T07:40:34","guid":{"rendered":"http:\/\/haitises.com\/?post_type=product&#038;p=11699"},"modified":"2024-03-28T19:39:32","modified_gmt":"2024-03-28T19:39:32","slug":"bahia-de-las-aguilas-rantapaivaretki-veneella-paivalipulla-pedernales-3","status":"publish","type":"product","link":"https:\/\/haitises.com\/fi\/yksityinen\/bahia-de-las-aguilas-rantapaivaretki-veneella-paivalipulla-pedernales-3\/","title":{"rendered":"Bah\u00eda de las Aguilas: Rantap\u00e4iv\u00e4retki veneell\u00e4 \u2013 P\u00e4iv\u00e4lippu \u2013 Pedernales"},"content":{"rendered":"<div class=\"vc_row wpb_row vc_row-fluid\" ><div class=\"wpb_column vc_column_container vc_col-sm-12\"><div class=\"vc_column-inner\"><div class=\"wpb_wrapper\">[mkdf_section_title title_tag=\u00bb\u00bb disable_break_words=\u00bbno\u00bb subtitle_tag=\u00bb\u00bb title=\u00bbBah\u00eda de las Aguilas: Beach Day Trip by Boat\u00bb subtitle=\u00bbDay Pass &#8211; Snorkeling &amp; Lunch\u00bb]<\/div><\/div><\/div><\/div><div class=\"vc_row wpb_row vc_row-fluid\" ><div class=\"wpb_column vc_column_container vc_col-sm-12\"><div class=\"vc_column-inner\"><div class=\"wpb_wrapper\">\n\t<div class=\"wpb_text_column wpb_content_element\" >\n\t\t<div class=\"wpb_wrapper\">\n\t\t\t<h4><b><i>Yleiskatsaus<\/i><\/b><\/h4>\n<p>Nauti p\u00e4iv\u00e4st\u00e4 rannalla ja anna mielesi virrata kaukana turistialueista ja kaikesta stressist\u00e4. Tule tutustumaan Jaraguan kansallispuistoon ja Bahia de las \u00c1guilasiin. Aja pitkin kaunista tiet\u00e4, josta on henke\u00e4salpaavat n\u00e4kym\u00e4t pieneen satamaan ja kalastajakyl\u00e4\u00e4n Cabo Rojolle. Las Cuevasissa nouset veneeseen, joka vie 15 minuutin ajomatkan yhdelle maailman kauneimmista luonnonrannoista. Bah\u00eda de las Aguilasin hiekka on koskematonta ja lahti kattaa 8 km. Koe poikkeuksellinen rannikkomaisema, jossa kristallinkirkas vesi loistaa s\u00e4vyiss\u00e4 turkoosista opaalinsiniseen, joka sulaa horisonttiin. Lounas tarjoillaan rannalla, mene uimaan tai snorklaamaan ja tutustu t\u00e4h\u00e4n koskemattomaan luonnonparatiisiin.<\/p>\n<p>&nbsp;<\/p>\n<ul>\n<li>Paikallinen opas, jolla on turvallisuuskokemusta alueella.<\/li>\n<li>Yksityinen kuljetus<\/li>\n<li>Maksut sis\u00e4ltyv\u00e4t hintaan<\/li>\n<li>Lounas<\/li>\n<li>Paikallinen opas espanjaksi, englanniksi tai ranskaksi.<\/li>\n<li>Patikointi<\/li>\n<li>Snorklaus<\/li>\n<\/ul>\n<h4><b>Sis\u00e4llytykset ja poissulkemiset<\/b><\/h4>\n<p>&nbsp;<\/p>\n<p><b>Sis\u00e4llytykset<\/b><\/p>\n<ol>\n<li>Paikallinen opas, jolla on turvallisuuskokemusta alueella.<\/li>\n<li>Yksityinen kuljetus pienille ryhmille<\/li>\n<li>Kaikki verot, maksut ja k\u00e4sittelykulut<\/li>\n<li>Paikalliset verot<\/li>\n<li>Lounas<\/li>\n<li>Patikointi<\/li>\n<li>Luonnolliset altaat<\/li>\n<li>Snorklaus<\/li>\n<li>Kaikki aktiviteetit<\/li>\n<\/ol>\n<p><b>Poikkeukset<\/b><\/p>\n<ol>\n<li>Juomarahat<\/li>\n<li>Kaikki juomat<\/li>\n<\/ol>\n<h4><em><strong>L\u00e4ht\u00f6 &amp; Paluu<\/strong><\/em><\/h4>\n<p>Matkustaja saa kohtaamispaikan varausprosessin j\u00e4lkeen. Kierrokset alkavat ja p\u00e4\u00e4ttyv\u00e4t kohtaamispisteiss\u00e4si.<\/p>\n<h2 class=\"styles__heading___mD4_3\" data-radium=\"true\">Bah\u00eda de las Aguilas: Rantap\u00e4iv\u00e4retki veneell\u00e4 - P\u00e4iv\u00e4lippu - Snorklaus ja lounas<\/h2>\n<h4><em>Mit\u00e4 odottaa?<\/em><\/h4>\n<p>Playa de las Aguilas on nimetty alkuper\u00e4iskansan kotkan mukaan. Kiertue on yksityisell\u00e4 kuljetuksella Bahia de las Aguilasista, jossa voit tutustua t\u00e4m\u00e4n afrodisiaakkirannan luonnonihmeisiin hyvin erilaisella ja kest\u00e4v\u00e4ll\u00e4 tavalla. Viet\u00e4 p\u00e4iv\u00e4 luontokierroksella maan etel\u00e4osassa, jossa tutustut Bahia de las Aguilaan, joka on yksi Dominikaanisen tasavallan kauneimmista rannoista, jonne saavumme pikaveneell\u00e4 t\u00e4lle paratiisiselle rannalle. t\u00e4ysin ymp\u00e4rist\u00f6lains\u00e4\u00e4d\u00e4nn\u00f6n suojaama. Viet\u00e4 rentouttavaa aikaa Bahia de las Aguilasissa, joka on asumaton luonnonsuojelualue ja kansallispuisto, ja nauti grillilounas luolissa.<\/p>\n<p>Tyyni meri ja kevyt tuuli est\u00e4v\u00e4t sinua k\u00e4rsim\u00e4st\u00e4 liikaa auringosta ja l\u00e4mm\u00f6st\u00e4. Ryhdy p\u00e4iv\u00e4n tutkijaksi ja l\u00f6yd\u00e4 ekologinen, luonnollinen ja t\u00e4ysin koskematon paratiisi. Voit tarkkailla yli 130 lintulajia, joista 76 el\u00e4\u00e4 pysyv\u00e4sti lahdella, 10 on endeemisi\u00e4 ja 47 on siirtolaisia.<\/p>\n<p>08.30 \u2013 L\u00e4ht\u00f6 kohtaamispaikalta<br \/>\n08.45 \u2013 L\u00e4ht\u00f6 laivalla La Cuevan kyl\u00e4st\u00e4 Bahia de las Aguilasille<br \/>\n12.30 \u2013 Tyypillinen lounas rannalla<br \/>\n03.00 \u2013 Paluu La Cuevaan<br \/>\n05.30 \u2013 Saapuminen kohtauspaikalle<\/p>\n<h4><em><strong>Mit\u00e4 sinun pit\u00e4isi tuoda?<\/strong><\/em><\/h4>\n<ul>\n<li>kamera<\/li>\n<li>Karkottavat silmut<\/li>\n<li>aurinkovoide<\/li>\n<li>WC<\/li>\n<li>Hattu<\/li>\n<li>Mukavat housut<\/li>\n<li>Retkeilykeng\u00e4t mets\u00e4\u00e4n<\/li>\n<li>Sandaalit kev\u00e4talueille.<\/li>\n<li>Uimavaatteet<\/li>\n<\/ul>\n<p>&nbsp;<\/p>\n<h4><b><i>Hotellin nouto<\/i><\/b><\/h4>\n<p>T\u00e4lle kiertueelle tarjotaan hotellinouto lis\u00e4maksusta.<\/p>\n<p><b>Huomautus:<\/b> Jos olet varattu 24 tunnin sis\u00e4ll\u00e4 kiertueen\/retken l\u00e4ht\u00f6ajasta, voimme j\u00e4rjest\u00e4\u00e4 noudon hotellilta. Noutamme vain Pedernalesin alueelta. Kun osto on valmis, l\u00e4het\u00e4mme sinulle t\u00e4ydelliset yhteystiedot (puhelinnumero, s\u00e4hk\u00f6postiosoite jne.) paikallista opastamme varten noutoj\u00e4rjestelyjen j\u00e4rjest\u00e4miseksi.<\/p>\n<h4><b><i>Lis\u00e4tietojen vahvistus<\/i><\/b><\/h4>\n<ol>\n<li>Liput ovat kuitti t\u00e4m\u00e4n kiertueen maksamisen j\u00e4lkeen. Voit n\u00e4ytt\u00e4\u00e4 maksun puhelimellasi.<\/li>\n<li>Tapaamispaikka vastaanotetaan varausprosessin j\u00e4lkeen.<\/li>\n<li>Lasten tulee olla aikuisen seurassa.<\/li>\n<li>Ei py\u00f6r\u00e4tuolilla<\/li>\n<li>Vauvojen on istuttava syliss\u00e4<\/li>\n<li>Ei suositella matkustajille, joilla on selk\u00e4ongelmia<\/li>\n<li>Ei suositella raskaana oleville matkailijoille<\/li>\n<li>Ei syd\u00e4nongelmia tai muita vakavia sairauksia<\/li>\n<li>Suurin osa matkustajista voi osallistua<\/li>\n<\/ol>\n<h4><b><i>Peruutusk\u00e4yt\u00e4nt\u00f6<\/i><\/b><\/h4>\n<p>Jos haluat t\u00e4yden hyvityksen, lue peruutusehdot\u00a0<a href=\"https:\/\/www.ticketswhales.com\/online-booking\/\" target=\"_blank\" rel=\"noopener\" data-saferedirecturl=\"https:\/\/www.google.com\/url?q=https:\/\/www.ticketswhales.com\/online-booking\/&amp;source=gmail&amp;ust=1672449202351000&amp;usg=AOvVaw1yAeVAPktmaVCqDujgUn90\">Klikkaa t\u00e4st\u00e4<\/a>. Varat menetet\u00e4\u00e4n, jos varaus peruutetaan samana matkap\u00e4iv\u00e4n\u00e4.<\/p>\n\n\t\t<\/div>\n\t<\/div>\n<\/div><\/div><\/div><\/div>","protected":false},"excerpt":{"rendered":"<p><span style=\"vertical-align: inherit;\"><span style=\"vertical-align: inherit;\">Osta p\u00e4iv\u00e4lippu Bah\u00eda las \u00c1guilasiin Pedernalesin alueilta. <\/span><span style=\"vertical-align: inherit;\">Nauti p\u00e4iv\u00e4st\u00e4 rannalla ja anna mielesi virrata pois turistialueilta ja kaikesta stressist\u00e4. <\/span><span style=\"vertical-align: inherit;\">Tule tutustumaan Jaraguan kansallispuistoon ja Bah\u00eda de las \u00c1guilasiin. <\/span><span style=\"vertical-align: inherit;\">Aja kaunista tiet\u00e4 pitkin, josta on upeat n\u00e4kym\u00e4t pieneen satamaan ja Cabo Rojon kalastajakyl\u00e4\u00e4n. <\/span><span style=\"vertical-align: inherit;\">Las Cuevasissa nouset veneeseen, joka vie sinut 15 minuutin matkalle yhdelle maailman kauneimmista luonnonrannoista. <\/span><span style=\"vertical-align: inherit;\">\u00c1guilas Bayn hiekka on puhdasta ja lahden pituus on 8 km. <\/span><span style=\"vertical-align: inherit;\">Koe poikkeuksellinen rannikkomaisema kristallinkirkkaiden vesien s\u00e4vyiss\u00e4, jotka kimaltelevat turkoosista opaalinsiniseen ja sulavat horisonttiin. <\/span><span style=\"vertical-align: inherit;\">Lounas tarjoillaan rannalla, uida tai snorklata ja tutustua t\u00e4h\u00e4n koskemattomaan luonnonparatiisiin.<\/span><\/span><\/p>\n<p>&nbsp;<\/p>\n<p><strong><span style=\"vertical-align: inherit;\"><span style=\"vertical-align: inherit;\">Valitse p\u00e4iv\u00e4 t\u00e4lle matkalle:<\/span><\/span><\/strong><\/p>","protected":false},"featured_media":500,"template":"","meta":[],"product_brand":[],"product_cat":[396,135],"product_tag":[397,398,399,400,401,402,403,404,405,406,407,408,409,410,411],"class_list":{"0":"post-11699","1":"product","2":"type-product","3":"status-publish","4":"has-post-thumbnail","6":"product_cat-bahia-de-las-aguilas-dominican-republic","7":"product_cat-lunch","8":"product_tag-bahia-de-las-aguilas","9":"product_tag-bahia-de-las-aguilas-pedernales","10":"product_tag-bahia-de-las-aguilas-beach-tour","11":"product_tag-bahia-de-las-aguilas-hoteles","12":"product_tag-bahia-de-las-aguilas-map","13":"product_tag-bahia-de-las-aguilas-private-tour","14":"product_tag-bahia-de-las-aguilas-republica-dominicana-hotel","15":"product_tag-bahia-de-las-aguilas-tour-from-punta-cana","16":"product_tag-bahia-de-las-aguilas-beach-day-trip-by-boat","17":"product_tag-bahia-las-aguilas-tours","18":"product_tag-barahona-tours","19":"product_tag-closest-airport-to-bahia-de-las-aguilas","20":"product_tag-hotel-barahona","21":"product_tag-playa-bahia-de-las-aguilas-dominican-republic","22":"product_tag-tours-a-bahia-de-las-aguilas-desde-santo-domingo","24":"first","25":"instock","26":"sale","27":"sold-individually","28":"shipping-taxable","29":"product-type-external"},"_links":{"self":[{"href":"https:\/\/haitises.com\/fi\/wp-json\/wp\/v2\/product\/11699","targetHints":{"allow":["GET"]}}],"collection":[{"href":"https:\/\/haitises.com\/fi\/wp-json\/wp\/v2\/product"}],"about":[{"href":"https:\/\/haitises.com\/fi\/wp-json\/wp\/v2\/types\/product"}],"wp:featuredmedia":[{"embeddable":true,"href":"https:\/\/haitises.com\/fi\/wp-json\/wp\/v2\/media\/500"}],"wp:attachment":[{"href":"https:\/\/haitises.com\/fi\/wp-json\/wp\/v2\/media?parent=11699"}],"wp:term":[{"taxonomy":"product_brand","embeddable":true,"href":"https:\/\/haitises.com\/fi\/wp-json\/wp\/v2\/product_brand?post=11699"},{"taxonomy":"product_cat","embeddable":true,"href":"https:\/\/haitises.com\/fi\/wp-json\/wp\/v2\/product_cat?post=11699"},{"taxonomy":"product_tag","embeddable":true,"href":"https:\/\/haitises.com\/fi\/wp-json\/wp\/v2\/product_tag?post=11699"}],"curies":[{"name":"wp","href":"https:\/\/api.w.org\/{rel}","templated":true}]}}