{"id":11623,"date":"2023-10-04T07:39:45","date_gmt":"2023-10-04T07:39:45","guid":{"rendered":"http:\/\/haitises.com\/?post_type=product&#038;p=11623"},"modified":"2024-04-02T15:24:49","modified_gmt":"2024-04-02T15:24:49","slug":"los-haitises-national-park-lunch-at-cano-hondo-from-samana-port-3","status":"publish","type":"product","link":"https:\/\/haitises.com\/fi\/yksityinen\/los-haitises-national-park-lunch-at-cano-hondo-from-samana-port-3\/","title":{"rendered":"Los Haitisesin kansallispuisto + lounas Ca\u00f1o Hondossa Samanan satamasta."},"content":{"rendered":"<div class=\"vc_row wpb_row vc_row-fluid\" ><div class=\"wpb_column vc_column_container vc_col-sm-12\"><div class=\"vc_column-inner\"><div class=\"wpb_wrapper\">[mkdf_section_title title_tag=\u00bb\u00bb disable_break_words=\u00bbno\u00bb subtitle_tag=\u00bb\u00bb title=\u00bbLos Haitises National Park + Lunch at Cano Hondo from Samana Port.\u00bb subtitle=\u00bbLunch &amp; Swimming at Natural Springs\u00bb]<div class=\"vc_btn3-container vc_btn3-inline\" ><a class=\"vc_general vc_btn3 vc_btn3-size-md vc_btn3-shape-rounded vc_btn3-style-modern vc_btn3-color-green\" href=\"https:\/\/bookingadventures.tours\/booking.php?tour_id=6ed21424a849c63fc6398949d1f80266\" title=\"\" target=\"_blank\" rel=\"noopener\">VARAA NYT<\/a><\/div><\/div><\/div><\/div><\/div><div class=\"vc_row wpb_row vc_row-fluid\" ><div class=\"wpb_column vc_column_container vc_col-sm-12\"><div class=\"vc_column-inner\"><div class=\"wpb_wrapper\">\n\t<div class=\"wpb_text_column wpb_content_element\" >\n\t\t<div class=\"wpb_wrapper\">\n\t\t\t<h4><b><i>Yleiskatsaus <\/i><\/b><\/h4>\n<p><strong>Los Haitises National park<\/strong> starting from Saman\u00e1 Port plus a Wonderfull lunch and Swimming on natural springs in <strong>Ca\u00f1o <\/strong>Hondo Ecolodge.\u00a0 Come with us and visit the most beautiful national park of the Dominican Republic, Visiting Mangroves, Caves and San Lorenzo Bay plus crossing the gorgeous Saman\u00e1 bay.\u00a0 After Having lunch at Ca\u00f1o Hondo you are allowed to swimming in the natural spring few hours and Then Back to Saman\u00e1 port.<\/p>\n<p>After this experience, you will get Back to Saman\u00e1 port.<\/p>\n<ul>\n<li style=\"font-weight: 400;\">Maksut sis\u00e4ltyv\u00e4t hintaan<\/li>\n<li style=\"font-weight: 400;\"><span style=\"font-weight: 400;\">Opas tarjoaa ohjausta ja valvontaa<\/span><\/li>\n<\/ul>\n<p>&nbsp;<\/p>\n<h4><b>Sis\u00e4llytykset ja poissulkemiset<\/b><\/h4>\n<p>&nbsp;<\/p>\n<p><b>Sis\u00e4llytykset<\/b><\/p>\n<ol>\n<li style=\"font-weight: 400;\">Los Haitises Tour + luolia ja kuvakkeita<\/li>\n<li>Lunch at Ca\u00f1o Hondo<\/li>\n<li>Swimming on the Natural springs<\/li>\n<li style=\"font-weight: 400;\"><span style=\"font-weight: 400;\">Kaikki verot, maksut ja k\u00e4sittelykulut<\/span><\/li>\n<li style=\"font-weight: 400;\"><span style=\"font-weight: 400;\">Paikalliset verot<\/span><\/li>\n<li style=\"font-weight: 400;\"><span style=\"font-weight: 400;\">Juomat<\/span><\/li>\n<li style=\"font-weight: 400;\"><span style=\"font-weight: 400;\">Kaikki aktiviteetit<\/span><\/li>\n<li style=\"font-weight: 400;\"><span style=\"font-weight: 400;\">Paikallinen opas<\/span><\/li>\n<\/ol>\n<p><b> Poikkeukset<\/b><\/p>\n<ol>\n<li style=\"font-weight: 400;\"><span style=\"font-weight: 400;\">Juomarahat<\/span><\/li>\n<li style=\"font-weight: 400;\"><span style=\"font-weight: 400;\">Siirt\u00e4\u00e4<\/span><\/li>\n<li style=\"font-weight: 400;\"><span style=\"font-weight: 400;\">Alkoholijuomat<\/span><\/li>\n<\/ol>\n<p>&nbsp;<\/p>\n<h4><em><strong>L\u00e4ht\u00f6 &amp; Paluu<\/strong><\/em><\/h4>\n<p><span style=\"font-weight: 400;\">Matkustaja saa kohtaamispaikan varausprosessin j\u00e4lkeen. Kierrokset alkavat ja p\u00e4\u00e4ttyv\u00e4t kohtaamispisteiss\u00e4mme.<\/span><\/p>\n<p>&nbsp;<\/p>\n<h4><b><i>Mit\u00e4 odottaa?<\/i><\/b><\/h4>\n<p>&nbsp;<\/p>\n<p><em><strong>Hanki lippusi<\/strong><\/em> for visiting Los Haitises National Park with a wonderful lunch at Ca\u00f1o Hondo and Swimming at the Natural Springs.<\/p>\n<p>Starting from Saman\u00e1 port onboard of a Boat or Catamaran with a Local tour guide we pass Saman\u00e1 bay to Sabana de la Mar side to Visit one of the most beautiful national parks of the Dominican Republic. <em><strong>The Haitises National Park<\/strong><\/em>.<\/p>\n<p>Visiting Island with birds around. In the nesting season, we can even see the Pelicans chicks on the nests. Getting more inside of the rocky Island and visiting the Caves with pictographs and petrographs from the indigenous people.<\/p>\n<p>The tour, organized by \u00abBooking Adventures\u00bb starts at the meeting point set with the Tour Guide. Come with Booking Adventures and start checking some bird-filled mangroves, rolling hills of lush vegetation and caves of <em><strong>Los Haitisesin kansallispuisto<\/strong><\/em>.<\/p>\n<div class=\"body-description secondary\">\n<p>Kansallispuiston nimi tulee sen alkuper\u00e4isist\u00e4 asukkaista, taino-intiaanien mukaan. Heid\u00e4n kielell\u00e4\u00e4n &quot;Haitises&quot; tarkoittaa yl\u00e4nk\u00f6\u00e4 tai kukkulaa, viittaus rannikon jyrkkiin geologisiin muodostumiin, joissa on kalkkikivi\u00e4. Seikkaile syvemm\u00e4lle puistoon tutkiaksesi luolia, kuten <em><strong>Hiekkaluola<\/strong><\/em> ja <strong><em>Line Cave.<\/em><\/strong><\/p>\n<p>Caves in the reserve were used as shelter by the Taino Indians and, later, by hiding pirates. Look for drawings by Indians that decorate some of the walls.<\/p>\n<p>After visiting Los Haitises National Park we will go to Cano Hondo. In Cano Hondo learning about this ecolodge history and Lunchtime with the typical food from Sabana de la mar Comunity.<\/p>\n<p>Lunch will be delicious but we did not finish yet. After lunchtime, we will swim in the Natural spring from Jibales River a perennial river to the Ca\u00f1o Hondo River.\u00a0 Staying at Ca\u00f1o Hondo until 4: 00 pm and heading back to Saman\u00e1 port we will pass again through the mangroves and Land at the open San Lorenzo bay, from where you can photograph the rugged forest landscape. Look to the water to spot <em><strong>Manaatit<\/strong><\/em>, \u00e4yri\u00e4iset ja <em><strong>Delfiinit.<\/strong><\/em><\/p>\n<p>Until the time that you will set with the tour guide for after this going to Cano Hondo port and take a boat back to Saman\u00e1 port passing Saman\u00e1 bay 30 min.<\/p>\n<\/div>\n<p>In Case you will like this trip longer we have these options:<\/p>\n<ol>\n<li><a href=\"https:\/\/www.ticketswhales.com\/tour\/los-haitises-national-park-tour-from-samana-port\/\" target=\"_blank\" rel=\"noopener\">Los Haitises + Cayo Levantado from Samana Port.<\/a><\/li>\n<\/ol>\n<p>&nbsp;<\/p>\n<h4><em><strong>Mit\u00e4 sinun pit\u00e4isi tuoda?<\/strong><\/em><\/h4>\n<ul>\n<li style=\"font-weight: 400;\"><span style=\"font-weight: 400;\">kamera<\/span><\/li>\n<li style=\"font-weight: 400;\"><span style=\"font-weight: 400;\">Karkottavat silmut<\/span><\/li>\n<li style=\"font-weight: 400;\"><span style=\"font-weight: 400;\">aurinkovoide<\/span><\/li>\n<li style=\"font-weight: 400;\"><span style=\"font-weight: 400;\">Hattu<\/span><\/li>\n<li style=\"font-weight: 400;\"><span style=\"font-weight: 400;\">Mukavat housut<\/span><\/li>\n<li style=\"font-weight: 400;\"><span style=\"font-weight: 400;\">Retkeilykeng\u00e4t mets\u00e4\u00e4n<\/span><\/li>\n<li style=\"font-weight: 400;\"><span style=\"font-weight: 400;\">Sandaalit kev\u00e4talueille.<\/span><\/li>\n<li style=\"font-weight: 400;\"><span style=\"font-weight: 400;\">Uimavaatteet<\/span><\/li>\n<\/ul>\n<p>&nbsp;<\/p>\n<h4><b><i>Hotellin nouto <\/i><\/b><\/h4>\n<p><span style=\"font-weight: 400;\">Noutoa hotellilta ei tarjota t\u00e4lle kiertueelle. <\/span><\/p>\n<p>&nbsp;<\/p>\n<p><b>Huomautus:<\/b><span style=\"font-weight: 400;\"> Jos olet varattu 24 tunnin sis\u00e4ll\u00e4 kiertueen\/retken l\u00e4ht\u00f6ajasta, voimme j\u00e4rjest\u00e4\u00e4 noudon hotellilta lis\u00e4maksulla. Kun osto on valmis, l\u00e4het\u00e4mme sinulle t\u00e4ydelliset yhteystiedot (puhelinnumero, s\u00e4hk\u00f6postiosoite jne.) paikallista opastamme varten noutoj\u00e4rjestelyjen j\u00e4rjest\u00e4miseksi.<\/span><\/p>\n<h4><b><i>Lis\u00e4tietojen vahvistus <\/i><\/b><\/h4>\n<ol>\n<li>Liput ovat kuitti t\u00e4m\u00e4n kiertueen maksamisen j\u00e4lkeen. Voit n\u00e4ytt\u00e4\u00e4 maksun puhelimellasi.<\/li>\n<li style=\"font-weight: 400;\"><span style=\"font-weight: 400;\">Tapaamispaikka vastaanotetaan varausprosessin j\u00e4lkeen.<\/span><\/li>\n<li style=\"font-weight: 400;\"><span style=\"font-weight: 400;\">Lasten tulee olla aikuisen seurassa.<\/span><\/li>\n<li style=\"font-weight: 400;\"><span style=\"font-weight: 400;\"> Ei py\u00f6r\u00e4tuolilla <\/span><\/li>\n<li style=\"font-weight: 400;\"><span style=\"font-weight: 400;\">Vauvojen on istuttava syliss\u00e4 <\/span><\/li>\n<li style=\"font-weight: 400;\"><span style=\"font-weight: 400;\">Ei suositella matkustajille, joilla on selk\u00e4ongelmia<\/span><\/li>\n<li style=\"font-weight: 400;\"><span style=\"font-weight: 400;\">Ei suositella raskaana oleville matkailijoille <\/span><\/li>\n<li style=\"font-weight: 400;\"><span style=\"font-weight: 400;\"> Ei syd\u00e4nongelmia tai muita vakavia sairauksia <\/span><\/li>\n<li style=\"font-weight: 400;\"><span style=\"font-weight: 400;\">Suurin osa matkustajista voi osallistua<\/span><\/li>\n<\/ol>\n<h4><b><i>Peruutusk\u00e4yt\u00e4nt\u00f6<\/i><\/b><\/h4>\n<p>Jos haluat t\u00e4yden hyvityksen, lue peruutusehdot\u00a0<a href=\"https:\/\/www.ticketswhales.com\/online-booking\/\" target=\"_blank\" rel=\"noopener\" data-saferedirecturl=\"https:\/\/www.google.com\/url?q=https:\/\/www.ticketswhales.com\/online-booking\/&amp;source=gmail&amp;ust=1672449202351000&amp;usg=AOvVaw1yAeVAPktmaVCqDujgUn90\">Klikkaa t\u00e4st\u00e4<\/a>. Funds will be lost if the reservation is canceled the same day of the trip.<\/p>\n\n\t\t<\/div>\n\t<\/div>\n<div class=\"vc_btn3-container vc_btn3-inline\" ><a class=\"vc_general vc_btn3 vc_btn3-size-md vc_btn3-shape-rounded vc_btn3-style-modern vc_btn3-color-green\" href=\"https:\/\/bookingadventures.tours\/booking.php?tour_id=6ed21424a849c63fc6398949d1f80266\" title=\"\" target=\"_blank\" rel=\"noopener\">VARAA NYT<\/a><\/div><\/div><\/div><\/div><\/div><div class=\"vc_row wpb_row vc_row-fluid\" ><div class=\"wpb_column vc_column_container vc_col-sm-12\"><div class=\"vc_column-inner\"><div class=\"wpb_wrapper\"><div class=\"vc_empty_space\"   style=\"height: 32px\"><span class=\"vc_empty_space_inner\"><\/span><\/div>\n\t<div class=\"wpb_video_widget wpb_content_element vc_clearfix   vc_video-aspect-ratio-169 vc_video-el-width-100 vc_video-align-left\" >\n\t\t<div class=\"wpb_wrapper\">\n\t\t\t\n\t\t\t<div class=\"wpb_video_wrapper\"><iframe loading=\"lazy\" title=\"Los Haitises National Park, Tours &amp; Excursion From Samana or Sabana de la Mar. Book Here:\" src=\"https:\/\/player.vimeo.com\/video\/346508015?dnt=1&amp;app_id=122963\" width=\"1100\" height=\"619\" frameborder=\"0\" allow=\"autoplay; fullscreen; picture-in-picture\"><\/iframe><\/div>\n\t\t<\/div>\n\t<\/div>\n<\/div><\/div><\/div><\/div><div class=\"vc_row wpb_row vc_row-fluid\" ><div class=\"wpb_column vc_column_container vc_col-sm-12\"><div class=\"vc_column-inner\"><div class=\"wpb_wrapper\"><div class=\"vc_empty_space\"   style=\"height: 32px\"><span class=\"vc_empty_space_inner\"><\/span><\/div>\n\t<div class=\"wpb_text_column wpb_content_element\" >\n\t\t<div class=\"wpb_wrapper\">\n\t\t\t<h4>Ota meihin yhteytt\u00e4?<\/h4>\n<h5><em><strong>Varaa seikkailuja<\/strong><\/em><\/h5>\n<p><em><strong>Paikalliset<\/strong> ja <strong>Kansalaiset<\/strong> Matkaoppaat ja vieraspalvelut<\/em><\/p>\n<p><span class=\"text-turquoise\">Varaukset:<\/span> Retket ja retket Dom. Rep.<\/p>\n<p><img decoding=\"async\" class=\"emoji\" draggable=\"false\" src=\"https:\/\/s.w.org\/images\/core\/emoji\/11.2.0\/svg\/1f4de.svg\" alt=\"\ud83d\udcde\" title=\"\"> Puh\/Whatsapp\u00a0 <a href=\"tel:+1-809-720-6035\">+1-809-720-6035<\/a>.<\/p>\n<p><img decoding=\"async\" class=\"emoji\" draggable=\"false\" src=\"https:\/\/s.w.org\/images\/core\/emoji\/11.2.0\/svg\/1f4e9.svg\" alt=\"\ud83d\udce9\" title=\"\"> <a href=\"mailto:info@bookingadventures.com.do\">info@bookingadventures.com.do<\/a><\/p>\n<p><strong>Asetamme joustavasti Whatsappin yksityisi\u00e4 matkoja: <a href=\"tel:+18097206035\">+18097206035.<\/a><\/strong><\/p>\n\n\t\t<\/div>\n\t<\/div>\n<div class=\"vc_empty_space\"   style=\"height: 32px\"><span class=\"vc_empty_space_inner\"><\/span><\/div><\/div><\/div><\/div><\/div><div class=\"vc_row wpb_row vc_row-fluid\" ><div class=\"wpb_column vc_column_container vc_col-sm-12\"><div class=\"vc_column-inner\"><div class=\"wpb_wrapper\"><div class=\"vc_btn3-container vc_btn3-inline\" ><a class=\"vc_general vc_btn3 vc_btn3-size-md vc_btn3-shape-rounded vc_btn3-style-modern vc_btn3-color-green\" href=\"https:\/\/bookingadventures.tours\/booking.php?tour_id=6ed21424a849c63fc6398949d1f80266\" title=\"\" target=\"_blank\" rel=\"noopener\">VARAA NYT<\/a><\/div><\/div><\/div><\/div><\/div>","protected":false},"excerpt":{"rendered":"<p><strong>Valitse kiertueen p\u00e4iv\u00e4m\u00e4\u00e4r\u00e4\u00a0<\/strong><\/p>","protected":false},"featured_media":104,"template":"","meta":[],"product_brand":[],"product_cat":[571,566,119,96,144,98,135,121,572,99,122,123,124],"product_tag":[126,127,128,145,132,133,146,147,148,143],"class_list":{"0":"post-11623","1":"product","2":"type-product","3":"status-publish","4":"has-post-thumbnail","6":"product_cat-1-samana","7":"product_cat-boat-trip-los-haitises","8":"product_cat-caves","9":"product_cat-hiking","10":"product_cat-kayaking","11":"product_cat-local-tour-guides","12":"product_cat-lunch","13":"product_cat-mangroves","14":"product_cat-natural-pools-los-haitises","15":"product_cat-swimming-natural-springs","16":"product_cat-tours-and-excursions","17":"product_cat-tours-excursions-los-haitises-national-park","18":"product_cat-tours-excursions-samana-bay-dominican-republic","19":"product_tag-cano-hondo","20":"product_tag-cano-hondo-hotel","21":"product_tag-cano-hondo-tours","22":"product_tag-day-tour-cano-hondo","23":"product_tag-los-haitises","24":"product_tag-los-haitises-national-park","25":"product_tag-mangroves-los-haitises","26":"product_tag-samana-bay","27":"product_tag-samana-excursions","28":"product_tag-samana-tours","30":"first","31":"instock","32":"sale","33":"sold-individually","34":"shipping-taxable","35":"product-type-external"},"_links":{"self":[{"href":"https:\/\/haitises.com\/fi\/wp-json\/wp\/v2\/product\/11623","targetHints":{"allow":["GET"]}}],"collection":[{"href":"https:\/\/haitises.com\/fi\/wp-json\/wp\/v2\/product"}],"about":[{"href":"https:\/\/haitises.com\/fi\/wp-json\/wp\/v2\/types\/product"}],"wp:featuredmedia":[{"embeddable":true,"href":"https:\/\/haitises.com\/fi\/wp-json\/wp\/v2\/media\/104"}],"wp:attachment":[{"href":"https:\/\/haitises.com\/fi\/wp-json\/wp\/v2\/media?parent=11623"}],"wp:term":[{"taxonomy":"product_brand","embeddable":true,"href":"https:\/\/haitises.com\/fi\/wp-json\/wp\/v2\/product_brand?post=11623"},{"taxonomy":"product_cat","embeddable":true,"href":"https:\/\/haitises.com\/fi\/wp-json\/wp\/v2\/product_cat?post=11623"},{"taxonomy":"product_tag","embeddable":true,"href":"https:\/\/haitises.com\/fi\/wp-json\/wp\/v2\/product_tag?post=11623"}],"curies":[{"name":"wp","href":"https:\/\/api.w.org\/{rel}","templated":true}]}}