{"id":11317,"date":"2021-08-15T20:08:36","date_gmt":"2021-08-15T20:08:36","guid":{"rendered":"http:\/\/haitises.com\/?post_type=product&#038;p=11317"},"modified":"2024-04-10T16:30:06","modified_gmt":"2024-04-10T16:30:06","slug":"kayaking-in-los-haitises-with-tour-guide-from-cano-hondo-4-hours-2","status":"publish","type":"product","link":"https:\/\/haitises.com\/fi\/yksityinen\/kayaking-in-los-haitises-with-tour-guide-from-cano-hondo-4-hours-2\/","title":{"rendered":"Melonta Los Haitisesissa Ca\u00f1o Hondon 4 tunnin oppaan kanssa"},"content":{"rendered":"<div class=\"vc_row wpb_row vc_row-fluid\" ><div class=\"wpb_column vc_column_container vc_col-sm-12\"><div class=\"vc_column-inner\"><div class=\"wpb_wrapper\"><div class=\"vc_empty_space\"   style=\"height: 32px\"><span class=\"vc_empty_space_inner\"><\/span><\/div><\/div><\/div><\/div><\/div><div class=\"vc_row wpb_row vc_row-fluid\" ><div class=\"wpb_column vc_column_container vc_col-sm-12\"><div class=\"vc_column-inner\"><div class=\"wpb_wrapper\">[mkdf_section_title title_tag=\u00bb\u00bb disable_break_words=\u00bbno\u00bb subtitle_tag=\u00bb\u00bb title=\u00bbKayaking in Los Haitises with Tour guide from Ca\u00f1o Hondo 4 Hours\u00bb subtitle=\u00bbMangroves, Caves and more.\u00bb]<\/div><\/div><\/div><\/div><div class=\"vc_row wpb_row vc_row-fluid\" ><div class=\"wpb_column vc_column_container vc_col-sm-12\"><div class=\"vc_column-inner\"><div class=\"wpb_wrapper\"><div class=\"vc_empty_space\"   style=\"height: 32px\"><span class=\"vc_empty_space_inner\"><\/span><\/div><\/div><\/div><\/div><\/div><div class=\"vc_row wpb_row vc_row-fluid\" ><div class=\"wpb_column vc_column_container vc_col-sm-12\"><div class=\"vc_column-inner\"><div class=\"wpb_wrapper\">\n\t<div class=\"wpb_text_column wpb_content_element\" >\n\t\t<div class=\"wpb_wrapper\">\n\t\t\t<h4><b><i>Yleiskatsaus <\/i><\/b><\/h4>\n<p>Kayaking Mangroves in Los Haitises National Park with a local tour guide 4 Hours. Visiting Mangroves, Caves, Pictographs in Ca\u00f1o Hondo River plus an Overview of the San Lorenzo Bay in Los Haitises National park, Sabana de la Mar Ca\u00f1o Hondo area. In Case of Short trip: <a href=\"https:\/\/www.ticketswhales.com\/Tours-Excursions\/caves\/kayaking-in-los-haitises-with-tour-guide-from-cano-hondo-2\/\" target=\"_blank\" rel=\"noopener\"><em><strong>Kayaking Los Haitises 2 Hours<\/strong><\/em><\/a><\/p>\n<ul>\n<li style=\"font-weight: 400;\"><span style=\"font-weight: 400;\">Opas tarjoaa ohjausta ja valvontaa<\/span><\/li>\n<li>Kayaks and Paddles available Doble for two people and Simple for just one person.<\/li>\n<\/ul>\n<p>&nbsp;<\/p>\n<h4><b>Sis\u00e4llytykset ja poissulkemiset<\/b><\/h4>\n<p>&nbsp;<\/p>\n<p><b>Sis\u00e4llytykset<\/b><\/p>\n<p>&nbsp;<\/p>\n<ol>\n<li style=\"font-weight: 400;\">Kayaking trip<\/li>\n<li>Caves tours<\/li>\n<li style=\"font-weight: 400;\"><span style=\"font-weight: 400;\">Kaikki verot, maksut ja k\u00e4sittelykulut<\/span><\/li>\n<li style=\"font-weight: 400;\"><span style=\"font-weight: 400;\">Paikalliset verot<\/span><\/li>\n<li style=\"font-weight: 400;\"><span style=\"font-weight: 400;\">Paikallinen opas<\/span><\/li>\n<\/ol>\n<p><b> Poikkeukset<\/b><\/p>\n<ol>\n<li style=\"font-weight: 400;\"><span style=\"font-weight: 400;\">Juomarahat<\/span><\/li>\n<li style=\"font-weight: 400;\"><span style=\"font-weight: 400;\">Siirt\u00e4\u00e4<\/span><\/li>\n<li>Lunch is not included<\/li>\n<li style=\"font-weight: 400;\"><span style=\"font-weight: 400;\">Alkoholijuomat<\/span><\/li>\n<\/ol>\n<p>&nbsp;<\/p>\n<h4><em><strong>L\u00e4ht\u00f6 &amp; Paluu<\/strong><\/em><\/h4>\n<p><span style=\"font-weight: 400;\">Matkustaja saa kohtaamispaikan varausprosessin j\u00e4lkeen. Kierrokset alkavat ja p\u00e4\u00e4ttyv\u00e4t kohtaamispisteiss\u00e4mme.<\/span><\/p>\n<p>&nbsp;<\/p>\n<h4><b><i>Mit\u00e4 odottaa?<\/i><\/b><\/h4>\n<p>&nbsp;<\/p>\n<p><em><strong>Hanki lippusi<\/strong><\/em> for visiting 4 hours by Kayaking the Cano Hondo River Forest ( Mangroves), Rockly Islands, Birding and Caves with the local tour guide.<\/p>\n<p>When we get all types of equipment required for your safety\u00a0 (Lifejackets, etc)\u00a0 \u00a0the action start Kayaking from Ca\u00f1o Hondo port River.<\/p>\n<p><span style=\"font-weight: 400;\">The tour, organized by \u00abBooking Adventures\u00bb starts at the meeting point set with the Tour Guide. <\/span>Taking kayaks and going through mangrove swamps, past ancient pirate caves, and into protected forests in this picturesque reserve starting from Ca\u00f1o Hondo Hotels area or from Sabana de la Mar,<\/p>\n<div class=\"body-description secondary\">\n<p>Come with Booking Adventures and start checking some bird-filled mangroves, rolling hills of lush vegetation and caves of <em><strong>Los Haitisesin kansallispuisto<\/strong><\/em>. Taking a Kayaks Excursion from Ca\u00f1o Hondo river, Sabana de la Mar. Through the mangroves and Land at the open San Lorenzo Bay, from where you can photograph the rugged forest landscape. Look to the water to spot <em><strong>Manaatit<\/strong><\/em>, \u00e4yri\u00e4iset ja <em><strong>Delfiinit.<\/strong><\/em><\/p>\n<p>The national park\u2019s name comes from its original inhabitants, the Taino Indians. In their language \u201cHaitises\u201d translates to highlands or Hills, a reference to the coastline\u2019s steep geological formations with Limestones. Venture deeper into the park to explore caves such as the <em><strong>Hiekkaluola<\/strong><\/em> ja <strong><em>Line Cave.<\/em><\/strong> Caves in the reserve were used as shelter by the Taino Indians and, later, by hiding pirates. Look for drawings by Indians that decorate some of the walls.<\/p>\n<p>In case you will like this trip short we have a second option: <a href=\"https:\/\/www.ticketswhales.com\/Tours-Excursions\/caves\/kayaking-in-los-haitises-with-tour-guide-from-cano-hondo-2\/\" target=\"_blank\" rel=\"noopener\">Kayaking in Los Haitises 2 Hours\u00a0<\/a><\/p>\n<p>The Tour finish at the starting point in Los Haitises National Park. We Recommend this trip at 6: 00 am in Case you will like to see <em><strong>Manaatit<\/strong><\/em>, \u00e4yri\u00e4iset ja <em><strong>Delfiinit.<\/strong><\/em><\/p>\n<\/div>\n<p><em><strong>6:00 AM<\/strong><\/em> is early so there are not still boats at the National Park Los Haitises.<\/p>\n<h4><em><strong>Mit\u00e4 sinun pit\u00e4isi tuoda?<\/strong><\/em><\/h4>\n<ul>\n<li style=\"font-weight: 400;\"><span style=\"font-weight: 400;\">kamera<\/span><\/li>\n<li style=\"font-weight: 400;\"><span style=\"font-weight: 400;\">Karkottavat silmut<\/span><\/li>\n<li style=\"font-weight: 400;\"><span style=\"font-weight: 400;\">aurinkovoide<\/span><\/li>\n<li style=\"font-weight: 400;\"><span style=\"font-weight: 400;\">Hattu<\/span><\/li>\n<li style=\"font-weight: 400;\"><span style=\"font-weight: 400;\">Mukavat housut<\/span><\/li>\n<li style=\"font-weight: 400;\"><span style=\"font-weight: 400;\">Sandals\u00a0<\/span><\/li>\n<li style=\"font-weight: 400;\"><span style=\"font-weight: 400;\">Uimavaatteet<\/span><\/li>\n<\/ul>\n<p>&nbsp;<\/p>\n<h4><b><i>Hotellin nouto <\/i><\/b><\/h4>\n<p><span style=\"font-weight: 400;\">Noutoa hotellilta ei tarjota t\u00e4lle kiertueelle. <\/span><\/p>\n<p>&nbsp;<\/p>\n<p><b>Huomautus:<\/b><span style=\"font-weight: 400;\"> jos varaus tehd\u00e4\u00e4n 24 tunnin kuluessa kiertueen\/retken l\u00e4ht\u00f6ajasta, voimme j\u00e4rjest\u00e4\u00e4 hotellin nouto lis\u00e4maksusta. Kun ostoksesi on tehty, l\u00e4het\u00e4mme sinulle t\u00e4ydelliset yhteystiedot (puhelinnumero, s\u00e4hk\u00f6postiosoite jne.) paikalliselle matkanjohtajallemme noutoj\u00e4rjestelyjen j\u00e4rjest\u00e4miseksi.<\/span><\/p>\n<h4><b><i>Lis\u00e4tietojen vahvistus <\/i><\/b><\/h4>\n<ol>\n<li>Tickets are the Receipt after paying this Tour. You can showthe payment on your phone.<\/li>\n<li style=\"font-weight: 400;\"><span style=\"font-weight: 400;\">Tapaamispaikka vastaanotetaan varausprosessin j\u00e4lkeen.<\/span><\/li>\n<li style=\"font-weight: 400;\"><span style=\"font-weight: 400;\">Lasten tulee olla aikuisen seurassa.<\/span><\/li>\n<li style=\"font-weight: 400;\"><span style=\"font-weight: 400;\"> Ei py\u00f6r\u00e4tuolilla <\/span><\/li>\n<li style=\"font-weight: 400;\"><span style=\"font-weight: 400;\">Vauvojen on istuttava syliss\u00e4 <\/span><\/li>\n<li style=\"font-weight: 400;\"><span style=\"font-weight: 400;\">Ei suositella matkustajille, joilla on selk\u00e4ongelmia<\/span><\/li>\n<li style=\"font-weight: 400;\"><span style=\"font-weight: 400;\">Ei suositella raskaana oleville matkailijoille <\/span><\/li>\n<li style=\"font-weight: 400;\"><span style=\"font-weight: 400;\"> Ei syd\u00e4nongelmia tai muita vakavia sairauksia <\/span><\/li>\n<li style=\"font-weight: 400;\"><span style=\"font-weight: 400;\">Suurin osa matkustajista voi osallistua<\/span><\/li>\n<\/ol>\n<h4><b><i>Peruutusk\u00e4yt\u00e4nt\u00f6<\/i><\/b><\/h4>\n<p><span style=\"font-weight: 400;\">Saadaksesi t\u00e4yden hyvityksen, peruuta v\u00e4hint\u00e4\u00e4n 24 tuntia ennen kokemuksen alkamisp\u00e4iv\u00e4\u00e4.<\/span><\/p>\n\n\t\t<\/div>\n\t<\/div>\n<\/div><\/div><\/div><\/div><div class=\"vc_row wpb_row vc_row-fluid\" ><div class=\"wpb_column vc_column_container vc_col-sm-12\"><div class=\"vc_column-inner\"><div class=\"wpb_wrapper\"><div class=\"vc_empty_space\"   style=\"height: 32px\"><span class=\"vc_empty_space_inner\"><\/span><\/div>\n\t<div class=\"wpb_text_column wpb_content_element\" >\n\t\t<div class=\"wpb_wrapper\">\n\t\t\t<h4>Ota meihin yhteytt\u00e4?<\/h4>\n<h5>Varaa seikkailuja<\/h5>\n<p><em><strong>Paikalliset<\/strong>\u00a0ja\u00a0<strong>Kansalaiset<\/strong>\u00a0Matkaoppaat ja vieraspalvelut<\/em><\/p>\n<p><span class=\"text-turquoise\">Varaukset:<\/span>\u00a0Retket ja retket Dom. Rep.<\/p>\n<p><img decoding=\"async\" class=\"emoji\" draggable=\"false\" src=\"https:\/\/s.w.org\/images\/core\/emoji\/11.2.0\/svg\/1f4de.svg\" alt=\"\ud83d\udcde\" title=\"\">\u00a0Puh\/Whatsapp\u00a0\u00a0<a href=\"tel:+1-809-720-6035\">+1-809-720-6035<\/a>.<\/p>\n<p><img decoding=\"async\" class=\"emoji\" draggable=\"false\" src=\"https:\/\/s.w.org\/images\/core\/emoji\/11.2.0\/svg\/1f4e9.svg\" alt=\"\ud83d\udce9\" title=\"\">\u00a0<a href=\"mailto:info@bookingadventures.com.do\">info@bookingadventures.com.do<\/a><\/p>\n<p><strong>Asetamme joustavasti Whatsappin yksityisi\u00e4 matkoja:\u00a0<a href=\"tel:+18097206035\">+18097206035.<\/a><\/strong><\/p>\n\n\t\t<\/div>\n\t<\/div>\n<div class=\"vc_empty_space\"   style=\"height: 32px\"><span class=\"vc_empty_space_inner\"><\/span><\/div><\/div><\/div><\/div><\/div>","protected":false},"excerpt":{"rendered":"<p>Excursion to Los Haitises National Park starting from Sabana de la Mar in Cano Hondo area, Visiting mangroves, Caves, Pictographs and Rocky Formations.<\/p>\n<p>This tour can be Set with Hiking Trails <a href=\"https:\/\/www.ticketswhales.com\/Tours-Excursions\/hiking\/hike-kayak-los-haitises-national-park\/\">clip here.<\/a> Learn the real history of the history of Los Haitises National Park with Locals.<\/p>\n<p>&nbsp;<\/p>\n<p><strong>Please Select the date for The Tour :<\/strong><\/p>","protected":false},"featured_media":229,"template":"","meta":[],"product_brand":[],"product_cat":[144,123,124],"product_tag":[126,127,145,150,197,198,199,132,133,200,201,114,147,148],"class_list":{"0":"post-11317","1":"product","2":"type-product","3":"status-publish","4":"has-post-thumbnail","6":"product_cat-kayaking","7":"product_cat-tours-excursions-los-haitises-national-park","8":"product_cat-tours-excursions-samana-bay-dominican-republic","9":"product_tag-cano-hondo","10":"product_tag-cano-hondo-hotel","11":"product_tag-day-tour-cano-hondo","12":"product_tag-kayak-dominican-republic","13":"product_tag-kayaking-dominican-republic","14":"product_tag-kayaking-los-haitises","15":"product_tag-kayaks","16":"product_tag-los-haitises","17":"product_tag-los-haitises-national-park","18":"product_tag-los-haitises-tours","19":"product_tag-private-tours-samana","20":"product_tag-sabana-de-la-mar","21":"product_tag-samana-bay","22":"product_tag-samana-excursions","24":"first","25":"instock","26":"sale","27":"sold-individually","28":"shipping-taxable","29":"product-type-external"},"_links":{"self":[{"href":"https:\/\/haitises.com\/fi\/wp-json\/wp\/v2\/product\/11317","targetHints":{"allow":["GET"]}}],"collection":[{"href":"https:\/\/haitises.com\/fi\/wp-json\/wp\/v2\/product"}],"about":[{"href":"https:\/\/haitises.com\/fi\/wp-json\/wp\/v2\/types\/product"}],"wp:featuredmedia":[{"embeddable":true,"href":"https:\/\/haitises.com\/fi\/wp-json\/wp\/v2\/media\/229"}],"wp:attachment":[{"href":"https:\/\/haitises.com\/fi\/wp-json\/wp\/v2\/media?parent=11317"}],"wp:term":[{"taxonomy":"product_brand","embeddable":true,"href":"https:\/\/haitises.com\/fi\/wp-json\/wp\/v2\/product_brand?post=11317"},{"taxonomy":"product_cat","embeddable":true,"href":"https:\/\/haitises.com\/fi\/wp-json\/wp\/v2\/product_cat?post=11317"},{"taxonomy":"product_tag","embeddable":true,"href":"https:\/\/haitises.com\/fi\/wp-json\/wp\/v2\/product_tag?post=11317"}],"curies":[{"name":"wp","href":"https:\/\/api.w.org\/{rel}","templated":true}]}}