{"id":10908,"date":"2020-07-18T19:49:40","date_gmt":"2020-07-18T19:49:40","guid":{"rendered":"http:\/\/haitises.com\/?post_type=product&#038;p=10908"},"modified":"2024-04-15T23:28:53","modified_gmt":"2024-04-15T23:28:53","slug":"playa-ermitano-y-playa-onda-tour-en-bote-de-medio-dia-samana-republica-dominicana","status":"publish","type":"product","link":"https:\/\/haitises.com\/fi\/yksityinen\/playa-ermitano-y-playa-onda-tour-en-bote-de-medio-dia-samana-republica-dominicana\/","title":{"rendered":"Ermita\u00f1o Beach ja Honda Beach, puolen p\u00e4iv\u00e4n veneretki, Saman\u00e1 \u2013 Dominikaaninen tasavalta"},"content":{"rendered":"<div class=\"vc_row wpb_row vc_row-fluid\" ><div class=\"wpb_column vc_column_container vc_col-sm-12\"><div class=\"vc_column-inner\"><div class=\"wpb_wrapper\">[mkdf_section_title title_tag=\u00bb\u00bb disable_break_words=\u00bbno\u00bb subtitle_tag=\u00bb\u00bb title=\u00bbPlaya Rinc\u00f3n, Playa Fronton + Playa Madame, Saman\u00e1 &#8211; Rep\u00fablica Dominicana.\u00bb subtitle=\u00bbAlmuerzo, Tour en bote y transporte desde los Hoteles.\u00bb]\n\t<div class=\"wpb_text_column wpb_content_element\" >\n\t\t<div class=\"wpb_wrapper\">\n\t\t\t<h2>Excursi\u00f3n en barco a Playa Ermita\u00f1o y viaje privado a Playa Onda.<\/h2>\n<h3>Kuvaus<\/h3>\n<p>El viaje comienza con recogida en su hotel o en el aeropuerto en el \u00e1rea de Saman\u00e1 o Las Galeras. Comienza tu experiencia en Playa El Valle, una hermosa y \u00fanica playa cerca de Saman\u00e1. Disfrute de un paseo en bote de 25 minutos a Playa Ermita\u00f1o, que es una playa a\u00fan inexplorada y aislada con aguas azul turquesa. Disfruta el agua fresca de coco. Descubra la belleza real e intacta de la Rep\u00fablica Dominicana y sum\u00e9rjase en la naturaleza, mientras explora la cueva secreta cercana. Qu\u00e9dese en Playa Ermita\u00f1o todo el tiempo que desee y visite Playa Onda, otra hermosa playa salvaje, a solo 15 minutos en bote. Regrese a Playa El Valle y luego proceda a Saman\u00e1, ver\u00e1 casas locales y aprender\u00e1 sobre la vida real dominicana.<\/p>\n<ul>\n<li>Gu\u00eda local con experiencia en seguridad en la zona.<\/li>\n<li>Transporte privado<\/li>\n<li>Verot sis\u00e4ltyv\u00e4t<\/li>\n<li>Almuerzo en la playa<\/li>\n<li>Gu\u00eda de turismo local en espa\u00f1ol, ingl\u00e9s o franc\u00e9s.<\/li>\n<li>Excursionismo<\/li>\n<\/ul>\n<h3>Sis\u00e4llytykset ja poissulkemiset<\/h3>\n<h4>Sis\u00e4llytykset<\/h4>\n<ol>\n<li>Gu\u00eda local con experiencia en seguridad en la zona.<\/li>\n<li>Transporte privado para grupos peque\u00f1os.<\/li>\n<li>Playa El Rinc\u00f3n<\/li>\n<li>Rancho Dominicano<\/li>\n<li>R\u00edo Cano Frio<\/li>\n<li>Kaikki verot, maksut ja k\u00e4sittelykulut<\/li>\n<li>Paikalliset verot<\/li>\n<li>Almuerzo en la playa<\/li>\n<li>Excursionismo<\/li>\n<li>Kaikki aktiviteetit<\/li>\n<\/ol>\n<h4>Poikkeukset<\/h4>\n<p>&nbsp;<\/p>\n<ol>\n<li>Vinkkej\u00e4<\/li>\n<li>Todas las bebidas<\/li>\n<\/ol>\n<h3><em>L\u00e4ht\u00f6 ja paluu<\/em><\/h3>\n<p>Matkustaja saa kohtaamispaikan varausprosessin j\u00e4lkeen. Kierrokset alkavat ja p\u00e4\u00e4ttyv\u00e4t heid\u00e4n kohtaamispaikoissaan.<\/p>\n<h3>(Playa Ermitano) Excursi\u00f3n en barco a Playa Ermita\u00f1o y viaje privado a Playa Onda.<\/h3>\n<h3><em>Mit\u00e4 odottaa?<\/em><\/h3>\n<p>Despu\u00e9s de salir de la zona de hoteles de Saman\u00e1 y conducir por las calles dominicanas, ver\u00e1 y aprender\u00e1 sobre el estilo de vida local. Esta playa se encuentra entre Playa Honda y Playa El Valle, en la pen\u00ednsula de Saman\u00e1. Tiene una longitud de 400 metros y est\u00e1 rodeada de arrecifes. La \u00fanica forma de acceder a esta playa es caminando, a trav\u00e9s de un denso sendero selv\u00e1tico o en bote.<\/p>\n<p>La historia de su nombre es tan fascinante e interesante &#8230; Juan El Ermita\u00f1o aparentemente era un pirata franc\u00e9s que, arrepentido, aterriz\u00f3 un d\u00eda en esta playa de Saman\u00e1. La historia dice que hab\u00eda estado solo y aislado del mundo durante el a\u00f1o 1780. La leyenda dice que despu\u00e9s de 22 a\u00f1os de exilio, fue descubierto por sorpresa por sus antiguos compa\u00f1eros corsarios que lo creyeron muerto. Pero los espa\u00f1oles, asombrados por su austeridad y constancia, le concedieron el perd\u00f3n, consider\u00e1ndolo casi un santo. Pero como con cualquier historia de piratas que se jacta, Juan El Ermita\u00f1o mantuvo un gran secreto: mantuvo un precioso bot\u00edn de su tiempo como pirata que se escondi\u00f3 en esta playa.<\/p>\n<p>Al llegar all\u00ed ver\u00e1s frente a ti un paisaje perfecto de postal. Tendr\u00e1 la impresi\u00f3n de ser \u00fanico en el mundo en este lugar m\u00e1gico de su vegetaci\u00f3n exuberante y tropical y por la belleza de sus aguas cristalinas. Esta playa hace realidad una experiencia incre\u00edble.<\/p>\n<p>La versi\u00f3n turca y sueca de la serie de televisi\u00f3n Survivor fue filmada en esta playa.<\/p>\n<p>Este recorrido, organizado por \u00abBooking Adventures\u00bb, comienza en el punto de encuentro establecido con nuestro gu\u00eda tur\u00edstico. Ven con Booking Adventures, almuerza en la playa y disfruta de una de las playas m\u00e1s incre\u00edbles de Saman\u00e1, Rep\u00fablica Dominicana.<\/p>\n<h3><em>Mit\u00e4 sinun pit\u00e4isi tuoda?<\/em><\/h3>\n<ul>\n<li>Kamera<\/li>\n<li>Karkottimet<\/li>\n<li>Aurinkosuojavoide<\/li>\n<li>Agua<\/li>\n<li>Hattu<\/li>\n<li>Mukavat housut<\/li>\n<li>Mets\u00e4vaelluskeng\u00e4t<\/li>\n<li>Sandaalit kev\u00e4talueille.<\/li>\n<li>Uimapuku<\/li>\n<\/ul>\n<h3><em>Hotellin nouto<\/em><\/h3>\n<p>Se ofrece recogida en el hotel para este recorrido.<\/p>\n<p><strong>Huomautus:<\/strong> Si realiza la reserva dentro de las 24 horas de la hora de salida del tour \/ excursi\u00f3n, podemos organizar la recogida en el hotel. Recogemos en el \u00e1rea de Saman\u00e1. Una vez que se complete su compra, le enviaremos informaci\u00f3n de contacto completa (n\u00famero de tel\u00e9fono, direcci\u00f3n de correo electr\u00f3nico, etc.) para que nuestro gu\u00eda tur\u00edstico local organice los arreglos de recogida.<\/p>\n<h3><em>Lis\u00e4tietojen vahvistus<\/em><\/h3>\n<ol>\n<li>Liput ovat kuitti t\u00e4m\u00e4n kiertueen maksamisen j\u00e4lkeen. Voit n\u00e4ytt\u00e4\u00e4 maksun puhelimellasi.<\/li>\n<li>Tapaamispaikka vastaanotetaan varausprosessin j\u00e4lkeen.<\/li>\n<li>Lasten tulee olla aikuisen seurassa.<\/li>\n<li>Ei py\u00f6r\u00e4tuolilla<\/li>\n<li>Vauvojen tulee istua syliss\u00e4<\/li>\n<li>Ei suositella matkustajille, joilla on selk\u00e4ongelmia.<\/li>\n<li>Ei suositella raskaana oleville naisille.<\/li>\n<li>Ei syd\u00e4nongelmia tai muita vakavia sairauksia.<\/li>\n<li>Suurin osa matkustajista voi osallistua.<\/li>\n<\/ol>\n<h3><em>Peruutusk\u00e4yt\u00e4nt\u00f6<\/em><\/h3>\n<p>Saat t\u00e4yden hyvityksen peruuttamalla v\u00e4hint\u00e4\u00e4n 24 tuntia ennen kokemuksen alkamisp\u00e4iv\u00e4\u00e4. Varat menetet\u00e4\u00e4n, jos varaus peruutetaan samana matkap\u00e4iv\u00e4n\u00e4.<\/p>\n\n\t\t<\/div>\n\t<\/div>\n<\/div><\/div><\/div><\/div><div class=\"vc_row wpb_row vc_row-fluid\" ><div class=\"wpb_column vc_column_container vc_col-sm-12\"><div class=\"vc_column-inner\"><div class=\"wpb_wrapper\">\n\t<div class=\"wpb_video_widget wpb_content_element vc_clearfix   vc_video-aspect-ratio-169 vc_video-el-width-100 vc_video-align-left\" >\n\t\t<div class=\"wpb_wrapper\">\n\t\t\t<h2 class=\"wpb_heading wpb_video_heading\">Watch Video:<\/h2>\n\t\t\t<div class=\"wpb_video_wrapper\"><iframe loading=\"lazy\" title=\"Playa Ermita&amp;ntilde;o - Saman&amp;aacute;, Rep&amp;uacute;blica Dominicana\" src=\"https:\/\/player.vimeo.com\/video\/263076708?dnt=1&amp;app_id=122963\" width=\"1100\" height=\"619\" frameborder=\"0\" allow=\"autoplay; fullscreen\" allowfullscreen><\/iframe><\/div>\n\t\t<\/div>\n\t<\/div>\n<\/div><\/div><\/div><\/div><div class=\"vc_row wpb_row vc_row-fluid\" ><div class=\"wpb_column vc_column_container vc_col-sm-12\"><div class=\"vc_column-inner\"><div class=\"wpb_wrapper\"><div class=\"vc_empty_space\"   style=\"height: 32px\"><span class=\"vc_empty_space_inner\"><\/span><\/div>\n\t<div class=\"wpb_text_column wpb_content_element\" >\n\t\t<div class=\"wpb_wrapper\">\n\t\t\t<h4>Ota meihin yhteytt\u00e4<\/h4>\n<h5><em>Adventure Reserve<\/em><\/h5>\n<p><em>Gu\u00edas tur\u00edsticos Locales y nacionales y servicios para hu\u00e9spedes<\/em><\/p>\n<p>Varaukset: Retket ja retket Dom. Rep.<\/p>\n<p>Puh\/Whatsapp +1-809-720-6035.<\/p>\n<p>info@bookingadventures.com.do<\/p>\n<p>Olemme joustavia J\u00e4rjest\u00e4mme yksityismatkoja menness\u00e4<strong>\u00a0WhatsApp: <a href=\"tel:+18097206035\">+18097206035.<\/a><\/strong><\/p>\n\n\t\t<\/div>\n\t<\/div>\n<div class=\"vc_empty_space\"   style=\"height: 32px\"><span class=\"vc_empty_space_inner\"><\/span><\/div><\/div><\/div><\/div><\/div>","protected":false},"excerpt":{"rendered":"<p>El viaje comienza con recogida en su hotel o en el aeropuerto en el \u00e1rea de Saman\u00e1 de Las Galeras. Comience su experiencia en Playa El Valle, una hermosa y \u00fanica playa cerca de Saman\u00e1. Disfrute de un paseo en bote de 25 minutos a Playa Ermita\u00f1o, que es una playa a\u00fan inexplorada y aislada con aguas azul turquesa. Disfruta el agua fresca de coco. Descubra la belleza real e intacta de la Rep\u00fablica Dominicana y sum\u00e9rjase en la naturaleza, mientras explora la cueva secreta cercana. Qu\u00e9dese en Playa Ermita\u00f1o todo el tiempo que desee y visite Playa Honda, otra hermosa playa salvaje, a solo 15 minutos en bote. Regrese a Playa El Valle y luego proceda a Saman\u00e1, ver\u00e1 casas locales y aprender\u00e1 sobre la vida real dominicana. Esta es una experiencia de medio d\u00eda de la verdadera Saman\u00e1 en la Rep\u00fablica Dominicana.<\/p>\n<p><strong>Valitse kiertueen p\u00e4iv\u00e4m\u00e4\u00e4r\u00e4:<\/strong><\/p>","protected":false},"featured_media":484,"template":"","meta":[],"product_brand":[],"product_cat":[356,98,135,443,124],"product_tag":[376,377,378,379,380,381,382,383,384,385,386,387,388,389,201,270,148,143],"class_list":{"0":"post-10908","1":"product","2":"type-product","3":"status-publish","4":"has-post-thumbnail","6":"product_cat-day-trips","7":"product_cat-local-tour-guides","8":"product_cat-lunch","9":"product_cat-tours-y-excursiones-es","10":"product_cat-tours-excursions-samana-bay-dominican-republic","11":"product_tag-ermitano-beach-playa-ermitano-boat-tour-and-playa-onda-private-trip","12":"product_tag-ermitano-beach","13":"product_tag-ermitano-excursion","14":"product_tag-ermitano-samana","15":"product_tag-ermitano-tour","16":"product_tag-las-terrenas-excursions","17":"product_tag-las-terrenas-tours","18":"product_tag-onda-beach","19":"product_tag-playa-ermitano-and-playa-onda-private-boat-tour","20":"product_tag-playa-ermitano-tour","21":"product_tag-playa-honda-samana","22":"product_tag-playa-onda","23":"product_tag-playa-onda-location","24":"product_tag-playa-onda-samana-maps","25":"product_tag-private-tours-samana","26":"product_tag-samana-dominican-republic","27":"product_tag-samana-excursions","28":"product_tag-samana-tours","30":"first","31":"instock","32":"sale","33":"sold-individually","34":"shipping-taxable","35":"product-type-external"},"_links":{"self":[{"href":"https:\/\/haitises.com\/fi\/wp-json\/wp\/v2\/product\/10908","targetHints":{"allow":["GET"]}}],"collection":[{"href":"https:\/\/haitises.com\/fi\/wp-json\/wp\/v2\/product"}],"about":[{"href":"https:\/\/haitises.com\/fi\/wp-json\/wp\/v2\/types\/product"}],"wp:featuredmedia":[{"embeddable":true,"href":"https:\/\/haitises.com\/fi\/wp-json\/wp\/v2\/media\/484"}],"wp:attachment":[{"href":"https:\/\/haitises.com\/fi\/wp-json\/wp\/v2\/media?parent=10908"}],"wp:term":[{"taxonomy":"product_brand","embeddable":true,"href":"https:\/\/haitises.com\/fi\/wp-json\/wp\/v2\/product_brand?post=10908"},{"taxonomy":"product_cat","embeddable":true,"href":"https:\/\/haitises.com\/fi\/wp-json\/wp\/v2\/product_cat?post=10908"},{"taxonomy":"product_tag","embeddable":true,"href":"https:\/\/haitises.com\/fi\/wp-json\/wp\/v2\/product_tag?post=10908"}],"curies":[{"name":"wp","href":"https:\/\/api.w.org\/{rel}","templated":true}]}}