{"id":10902,"date":"2020-07-15T20:24:08","date_gmt":"2020-07-15T20:24:08","guid":{"rendered":"http:\/\/haitises.com\/Republica-Dominicana\/import-placeholder-for-9918\/"},"modified":"2024-04-16T00:34:08","modified_gmt":"2024-04-16T00:34:08","slug":"birdwatching-punta-cana-birding-tours-from-punta-cana-to-los-haitises-national-park-2","status":"publish","type":"product","link":"https:\/\/haitises.com\/fi\/yksityinen\/birdwatching-punta-cana-birding-tours-from-punta-cana-to-los-haitises-national-park-2\/","title":{"rendered":"Lintujen tarkkailu Punta Cana - Lintumatkat Punta Canasta Los Haitisesin kansallispuistoon"},"content":{"rendered":"<div class=\"vc_row wpb_row vc_row-fluid\" ><div class=\"wpb_column vc_column_container vc_col-sm-12\"><div class=\"vc_column-inner\"><div class=\"wpb_wrapper\">[mkdf_section_title title_tag=\u00bb\u00bb disable_break_words=\u00bbno\u00bb subtitle_tag=\u00bb\u00bb title=\u00bbBirding Tours from Punta Cana to Los Haitises National Park\u00bb subtitle=\u00bbBirdwatching in Los Haitises National Park\u00bb]<\/div><\/div><\/div><\/div><div class=\"vc_row wpb_row vc_row-fluid\" ><div class=\"wpb_column vc_column_container vc_col-sm-12\"><div class=\"vc_column-inner\"><div class=\"wpb_wrapper\">\n\t<div class=\"wpb_text_column wpb_content_element\" >\n\t\t<div class=\"wpb_wrapper\">\n\t\t\t<h4><b><i>Yleiskatsaus<\/i><\/b><\/h4>\n<section><\/section>\n<p>Vain Dominikaanisessa tasavallassa tarjotaan vierailuja Dominikaanisen tasavallan matkailuministeri\u00f6n hyv\u00e4ksymien kansallisten ja paikallisten matkaoppaiden kanssa. Ota yhteytt\u00e4 suoriin paikallisiin asiantuntijoihin ja vieraile Los Haitisesin kansallispuistossa. Useimmat ihmiset l\u00e4htev\u00e4t veneell\u00e4 tutustumaan puistoon ja sen luoliin ja saariin. Keskitymme Los Haitisesin kansallispuiston lintutieteilij\u00f6ihin. Nautitaan ja opitaan luonnonsuojeluprojekteista yksityisill\u00e4 matkoilla.<\/p>\n<p>Suojelemme 110 lintulajia, jotka l\u00f6ytyv\u00e4t Los Haitisesin kansallispuistosta. K\u00e4vele t\u00e4m\u00e4n maagisen mets\u00e4n l\u00e4pi etsim\u00e4ss\u00e4 papukaijoja, Todyja, Ridgway&#039;s Hawkeja, tanagereita, hummingbirdej\u00e4 ja paljon muuta. Tarjoaa mielenkiintoista historiaa kaikista n\u00e4ist\u00e4 linnuista, joita voit n\u00e4hd\u00e4 Humit-polulla. Tunnemme Ridgwayn, Ashy Faced Owls -p\u00f6ll\u00f6jen ja muiden endeemisten lajien elinymp\u00e4rist\u00f6t. T\u00e4m\u00e4 kiertue keskittyy luontoon ja keskittyy enemm\u00e4n villiel\u00e4imi\u00e4 koskevaan tietoon. Odotettavissa on paikallisia ornitologi-sertifioituja oppaita.<\/p>\n<p><strong>Yleens\u00e4 se on yksityinen kiertue todella laadukkaan kokemuksen saamiseksi.<\/strong><\/p>\n<p>Katso t\u00e4st\u00e4 luettelo matkoillamme yleisimmist\u00e4 linnuista:\u00a0<a href=\"https:\/\/avibase.bsc-eoc.org\/checklist.jsp?lang=ES&amp;p2=1&amp;list=clements&amp;synlang=EN&amp;region=DO0005&amp;version=text&amp;lifelist=&amp;highlight=0\" target=\"_blank\" rel=\"noopener\"><strong>KLIKKAA T\u00c4ST\u00c4<\/strong><\/a><\/p>\n<h4><\/h4>\n<h4><b>Sis\u00e4llytykset ja poissulkemiset<\/b><\/h4>\n<p><b>Sis\u00e4llytykset<\/b><\/p>\n<ol>\n<li>3 tunnin lintuk\u00e4vely puiston poluilla<\/li>\n<li>Kaikki verot, maksut ja k\u00e4sittelykulut<\/li>\n<li>Paikalliset verot<\/li>\n<li>Lounas<\/li>\n<li>Virkailijat Ecologist opastavat englantia\/espanjaa<\/li>\n<li>Kuljetus Punta Canasta<\/li>\n<\/ol>\n<p><b>Poikkeukset<\/b><\/p>\n<ol>\n<li>Juomarahat<\/li>\n<li>Alkoholijuomat<\/li>\n<\/ol>\n<p>&nbsp;<\/p>\n<h4><a id=\"departure-return\" class=\"aal_anchor\" href=\"https:\/\/www.ticketswhales.com\/Tours-Excursions\/fees-entrace\/birdwatching-punta-cana-birding-tours-from-punta-cana-to-los-haitises-national-park\/#departure-return\" aria-hidden=\"true\" target=\"_blank\" rel=\"noopener\"><\/a><em><strong>L\u00e4ht\u00f6 &amp; Paluu<\/strong><\/em><\/h4>\n<p>&quot;Booking Adventures locals Ornithologist Tour Guides&quot; j\u00e4rjest\u00e4m\u00e4 kiertue alkaa matkaoppaan kanssa sovitusta kohtaamispaikasta. Matkustaja saa kohtaamispaikan varausprosessin j\u00e4lkeen. Kierrokset alkavat ja p\u00e4\u00e4ttyv\u00e4t kohtaamispisteiss\u00e4mme.<\/p>\n<p>&nbsp;<\/p>\n<h4><a id=\"what-to-expect\" class=\"aal_anchor\" href=\"https:\/\/www.ticketswhales.com\/Tours-Excursions\/fees-entrace\/birdwatching-punta-cana-birding-tours-from-punta-cana-to-los-haitises-national-park\/#what-to-expect\" aria-hidden=\"true\" target=\"_blank\" rel=\"noopener\"><\/a><b><i>Mit\u00e4 odottaa?<\/i><\/b><\/h4>\n<p><em><strong>Hanki lippusi<\/strong><\/em>\u00a0lintujen tarkkailuun Los Haitisesin kansallispuistossa Punta Canasta Matka Punta canasta kansallispuistoon kest\u00e4\u00e4 noin 1:45 minuuttia. Kun saavut puistoon, meill\u00e4 on 30 minuutin vaellus ja Hawkeja katsellen, meill\u00e4 on mahdollisuus jatkaa vaellusta ymp\u00e4riins\u00e4 ja tarkistaa papukaijoja, piculetteja ja muita endeemisi\u00e4 lajeja Los Haitisesin kansallispuistossa.<\/p>\n<p>Los Haitisesin kansallispuistossa on vain kaksi lintupolkua Sabana de la Marissa. Matkalla Los Hiatisesin kansallispuistoon pys\u00e4hdymme joissakin paikoissa n\u00e4hd\u00e4ksesi lis\u00e4\u00e4 lintuja.<\/p>\n<p>Nelj\u00e4n ja puolen tunnin oppimisen j\u00e4lkeen linnuista Los Haitisesin kansallispuistossa t\u00e4m\u00e4 retki p\u00e4\u00e4ttyy samaan paikkaan, josta se alkoi.<\/p>\n<p><strong>Huomautus: N\u00e4m\u00e4 matkat ovat virallisten ekologien oppaiden kanssa. Varaa ajoissa, koska puistossa ei ole liikaa asiantuntijoita.<\/strong><\/p>\n<p>&nbsp;<\/p>\n<h4><a id=\"what-you-should-bring\" class=\"aal_anchor\" href=\"https:\/\/www.ticketswhales.com\/Tours-Excursions\/fees-entrace\/birdwatching-punta-cana-birding-tours-from-punta-cana-to-los-haitises-national-park\/#what-you-should-bring\" aria-hidden=\"true\" target=\"_blank\" rel=\"noopener\"><\/a><em><strong>Mit\u00e4 sinun pit\u00e4isi tuoda?<\/strong><\/em><\/h4>\n<ul>\n<li>kamera<\/li>\n<li>Kiikarit<\/li>\n<li>Karkottavat silmut<\/li>\n<li>aurinkovoide<\/li>\n<li>Hattu<\/li>\n<li>Mukavat housut<\/li>\n<li>Retkeilykeng\u00e4t mets\u00e4\u00e4n<\/li>\n<li>Sandaalit kev\u00e4talueille.<\/li>\n<li>Uimavaatteet<\/li>\n<\/ul>\n<p>&nbsp;<\/p>\n<h4><a id=\"hotel-pickup\" class=\"aal_anchor\" href=\"https:\/\/www.ticketswhales.com\/Tours-Excursions\/fees-entrace\/birdwatching-punta-cana-birding-tours-from-punta-cana-to-los-haitises-national-park\/#hotel-pickup\" aria-hidden=\"true\" target=\"_blank\" rel=\"noopener\"><\/a><b><i>Hotellin nouto<\/i><\/b><\/h4>\n<p>T\u00e4lle kiertueelle tarjotaan hotellinouto.<\/p>\n<p><b>Huomautus:<\/b>\u00a0Jos teet varauksen 24 tunnin sis\u00e4ll\u00e4 kiertueen\/retken l\u00e4ht\u00f6ajasta, voimme j\u00e4rjest\u00e4\u00e4 noudon Punta Canassa. Kun osto on valmis, l\u00e4het\u00e4mme sinulle t\u00e4ydelliset yhteystiedot (puhelinnumero, s\u00e4hk\u00f6postiosoite jne.) paikallinen matkaopas j\u00e4rjest\u00e4\u00e4 noutoj\u00e4rjestelyt.<\/p>\n<h4><a id=\"additional-info-confirmation\" class=\"aal_anchor\" href=\"https:\/\/www.ticketswhales.com\/Tours-Excursions\/fees-entrace\/birdwatching-punta-cana-birding-tours-from-punta-cana-to-los-haitises-national-park\/#additional-info-confirmation\" aria-hidden=\"true\" target=\"_blank\" rel=\"noopener\"><\/a><b><i>Lis\u00e4tietojen vahvistus<\/i><\/b><\/h4>\n<ol>\n<li>Liput ovat kuitti t\u00e4m\u00e4n kiertueen maksamisen j\u00e4lkeen. Voit n\u00e4ytt\u00e4\u00e4 maksun puhelimellasi.<\/li>\n<li>Tapaamispaikka vastaanotetaan varausprosessin j\u00e4lkeen.<\/li>\n<li>Lasten tulee olla aikuisen seurassa.<\/li>\n<li>Ei py\u00f6r\u00e4tuolilla<\/li>\n<li>Vauvojen on istuttava syliss\u00e4<\/li>\n<li>Ei suositella matkustajille, joilla on selk\u00e4ongelmia<\/li>\n<li>Ei suositella raskaana oleville matkailijoille<\/li>\n<li>Ei syd\u00e4nongelmia tai muita vakavia sairauksia<\/li>\n<li>Suurin osa matkustajista voi osallistua<\/li>\n<\/ol>\n<p>T\u00e4m\u00e4 kiertue tarjotaan v\u00e4hint\u00e4\u00e4n 2 hengelle ja enint\u00e4\u00e4n 15 hengelle. Jos henkil\u00f6it\u00e4 on v\u00e4hemm\u00e4n, ota meihin yhteytt\u00e4.<\/p>\n<h4><a id=\"cancellation-policy\" class=\"aal_anchor\" href=\"https:\/\/www.ticketswhales.com\/Tours-Excursions\/fees-entrace\/birdwatching-punta-cana-birding-tours-from-punta-cana-to-los-haitises-national-park\/#cancellation-policy\" aria-hidden=\"true\" target=\"_blank\" rel=\"noopener\"><\/a><b><i>Peruutusk\u00e4yt\u00e4nt\u00f6<\/i><\/b><\/h4>\n<p>Saadaksesi t\u00e4yden hyvityksen, peruuta v\u00e4hint\u00e4\u00e4n 24 tuntia ennen kokemuksen alkamisp\u00e4iv\u00e4\u00e4.<\/p>\n\n\t\t<\/div>\n\t<\/div>\n<\/div><\/div><\/div><\/div><div class=\"vc_row wpb_row vc_row-fluid\" ><div class=\"wpb_column vc_column_container vc_col-sm-12\"><div class=\"vc_column-inner\"><div class=\"wpb_wrapper\">\n\t<div class=\"wpb_text_column wpb_content_element\" >\n\t\t<div class=\"wpb_wrapper\">\n\t\t\t<h4>Ota meihin yhteytt\u00e4?<\/h4>\n<h5><em><strong>Varaa seikkailuja<\/strong><\/em><\/h5>\n<p><em><strong>Paikalliset<\/strong> ja <strong>Kansalaiset<\/strong> Matkaoppaat ja vieraspalvelut<\/em><\/p>\n<p><span class=\"text-turquoise\">Varaukset:<\/span> Retket ja retket Dom. Rep.<\/p>\n<p><img decoding=\"async\" class=\"emoji\" draggable=\"false\" src=\"https:\/\/s.w.org\/images\/core\/emoji\/11.2.0\/svg\/1f4de.svg\" alt=\"\ud83d\udcde\" title=\"\"> Puh\/Whatsapp\u00a0 <a href=\"tel:+1-809-720-6035\">+1-809-720-6035<\/a>.<\/p>\n<p><img decoding=\"async\" class=\"emoji\" draggable=\"false\" src=\"https:\/\/s.w.org\/images\/core\/emoji\/11.2.0\/svg\/1f4e9.svg\" alt=\"\ud83d\udce9\" title=\"\"> <a href=\"mailto:info@bookingadventures.com.do\">info@bookingadventures.com.do<\/a><\/p>\n<p><strong>Asetamme joustavasti Whatsappin yksityisi\u00e4 matkoja: <a href=\"tel:+18097206035\">+18097206035.<\/a><\/strong><\/p>\n\n\t\t<\/div>\n\t<\/div>\n<\/div><\/div><\/div><\/div>","protected":false},"excerpt":{"rendered":"<p>Lintumatka T\u00e4ysi aamu Los Haitisesin kansallispuiston sademets\u00e4poluilla. T\u00e4ss\u00e4 puistossa on erilaisia lintu- ja el\u00e4inlajeja, ja se on lintuharrastajien suosikki.<\/p>\n<p>Vaikka luku saattaa olla suurempi kuin muissa paikoissa, Cano Hondon sijainti maan liev\u00e4ll\u00e4 kosteikkoalueella tarkoittaa, ett\u00e4 sademets\u00e4 on avoimempi ja v\u00e4hemm\u00e4n kaakao- ja kahviviljelmi\u00e4, mik\u00e4 tekee villiel\u00e4inten havaitsemisesta helpompaa.<\/p>\n<p>T\u00e4m\u00e4 on yksityinen matka. Voit valita ajankohdan, jolloin aloitat lintujen tarkkailukokemuksen ja milloin palaat Punta Canaan.<\/p>\n<p>&nbsp;<\/p>\n<p><em><strong>Valitse toiminnan p\u00e4iv\u00e4m\u00e4\u00e4r\u00e4.<\/strong><\/em><\/p>","protected":false},"featured_media":10940,"template":"","meta":[],"product_brand":[],"product_cat":[119,120,96,98,121,426,122,123,124],"product_tag":[176,177,178,179,180,181,182,184,185,186,132,187,133,188,189,191,192,114,193],"class_list":{"0":"post-10902","1":"product","2":"type-product","3":"status-publish","4":"has-post-thumbnail","6":"product_cat-caves","7":"product_cat-fees-entrace","8":"product_cat-hiking","9":"product_cat-local-tour-guides","10":"product_cat-mangroves","11":"product_cat-private-tours-excursions","12":"product_cat-tours-and-excursions","13":"product_cat-tours-excursions-los-haitises-national-park","14":"product_cat-tours-excursions-samana-bay-dominican-republic","15":"product_tag-biding-sabana-de-la-mar","16":"product_tag-birding","17":"product_tag-birding-dominican-republic","18":"product_tag-birding-in-los-haitises","19":"product_tag-birdwatching","20":"product_tag-birdwatching-dominicana","21":"product_tag-birdwtaching","22":"product_tag-carretera-cano-hondo","23":"product_tag-eco-lodge-paraiso-cano-hondo","24":"product_tag-hire-a-guide-in-los-haitises","25":"product_tag-los-haitises","26":"product_tag-los-haitises-birding","27":"product_tag-los-haitises-national-park","28":"product_tag-los-haitises-national-park-birding-tour-from-punta-cana","29":"product_tag-los-haitises-national-park-cano-hondo","30":"product_tag-nature","31":"product_tag-ridgways-hawk","32":"product_tag-sabana-de-la-mar","33":"product_tag-wildlife","35":"first","36":"instock","37":"sale","38":"sold-individually","39":"shipping-taxable","40":"product-type-external"},"_links":{"self":[{"href":"https:\/\/haitises.com\/fi\/wp-json\/wp\/v2\/product\/10902","targetHints":{"allow":["GET"]}}],"collection":[{"href":"https:\/\/haitises.com\/fi\/wp-json\/wp\/v2\/product"}],"about":[{"href":"https:\/\/haitises.com\/fi\/wp-json\/wp\/v2\/types\/product"}],"wp:featuredmedia":[{"embeddable":true,"href":"https:\/\/haitises.com\/fi\/wp-json\/wp\/v2\/media\/10940"}],"wp:attachment":[{"href":"https:\/\/haitises.com\/fi\/wp-json\/wp\/v2\/media?parent=10902"}],"wp:term":[{"taxonomy":"product_brand","embeddable":true,"href":"https:\/\/haitises.com\/fi\/wp-json\/wp\/v2\/product_brand?post=10902"},{"taxonomy":"product_cat","embeddable":true,"href":"https:\/\/haitises.com\/fi\/wp-json\/wp\/v2\/product_cat?post=10902"},{"taxonomy":"product_tag","embeddable":true,"href":"https:\/\/haitises.com\/fi\/wp-json\/wp\/v2\/product_tag?post=10902"}],"curies":[{"name":"wp","href":"https:\/\/api.w.org\/{rel}","templated":true}]}}