{"id":10900,"date":"2020-07-15T20:24:07","date_gmt":"2020-07-15T20:24:07","guid":{"rendered":"http:\/\/haitises.com\/Republica-Dominicana\/import-placeholder-for-9686\/"},"modified":"2024-04-16T01:30:31","modified_gmt":"2024-04-16T01:30:31","slug":"ermitano-beach-playa-ermitano-boat-tour-and-playa-onda-half-day-trip-samana-dominican-republic-2","status":"publish","type":"product","link":"https:\/\/haitises.com\/fi\/yksityinen\/ermitano-beach-playa-ermitano-boat-tour-and-playa-onda-half-day-trip-samana-dominican-republic-2\/","title":{"rendered":"(Ermitano Beach) Playa Ermita\u00f1o -veneretki ja Playa Honda, puolip\u00e4iv\u00e4retki, Saman\u00e1 - Dominikaaninen tasavalta."},"content":{"rendered":"<div class=\"vc_row wpb_row vc_row-fluid\" ><div class=\"wpb_column vc_column_container vc_col-sm-12\"><div class=\"vc_column-inner\"><div class=\"wpb_wrapper\">[mkdf_section_title title_tag=\u00bb\u00bb disable_break_words=\u00bbno\u00bb subtitle_tag=\u00bb\u00bb title=\u00bbPlaya Rinc\u00f3n, Playa Fronton + Playa Madame Beach, Saman\u00e1 &#8211; Dominican Republic.\u00bb subtitle=\u00bbLunch, Boat Ride and Private Transportation From Hotels.\u00bb]\n\t<div class=\"wpb_text_column wpb_content_element\" >\n\t\t<div class=\"wpb_wrapper\">\n\t\t\t<h2 class=\"styles__heading___mD4_3\" data-radium=\"true\">(Ermitano Beach) Playa Ermita\u00f1o boat tour and Playa Onda private Trip.<\/h2>\n<h4><b><i>Yleiskatsaus <\/i><\/b><\/h4>\n<p>The trip starts picking you up in your hotel or at the airport in Samana area or Las Galeras. Start your experience at Playa El Valle, a beautiful and unique beach near to Saman\u00e1. Enjoy a 25 min boat ride to Playa Ermita\u00f1o, which is a still unexplored and isolated beach with turquoise blue water. Relish fresh coconut water. Discover the real and untouched beauty of the Dominican Republic and emmerse yourself into nature, as you explore the secret cave nearby. Stay at Playa Ermita\u00f1o as long as you want, and visit Playa Onda, another beautiful wild beach, only a 15 min boat ride away. Return to Playa El Valle and then proceed to Saman\u00e1, will see local houses and learn about the Dominican real life.<\/p>\n<p>&nbsp;<\/p>\n<ul>\n<li>Paikallinen opas, jolla on turvallisuuskokemusta alueella.<\/li>\n<li>Yksityinen kuljetus<\/li>\n<li>Maksut sis\u00e4ltyv\u00e4t hintaan<\/li>\n<li>Lunch at the Beach<\/li>\n<li>Paikallinen opas espanjaksi, englanniksi tai ranskaksi.<\/li>\n<li>Patikointi<\/li>\n<\/ul>\n<h4><b>Sis\u00e4llytykset ja poissulkemiset<\/b><\/h4>\n<p>&nbsp;<\/p>\n<p><b>Sis\u00e4llytykset<\/b><\/p>\n<ol>\n<li><span style=\"font-weight: 400;\">Paikallinen opas, jolla on turvallisuuskokemusta alueella.<\/span><\/li>\n<li>Yksityinen kuljetus pienille ryhmille<\/li>\n<li style=\"font-weight: 400;\">El Rincon Beach<\/li>\n<li>Dominican House Ranch<\/li>\n<li>Cano Frio River<\/li>\n<li style=\"font-weight: 400;\"><span style=\"font-weight: 400;\">Kaikki verot, maksut ja k\u00e4sittelykulut<\/span><\/li>\n<li style=\"font-weight: 400;\"><span style=\"font-weight: 400;\">Paikalliset verot<\/span><\/li>\n<li>Lunch at the Beach<\/li>\n<li>Patikointi<\/li>\n<li style=\"font-weight: 400;\"><span style=\"font-weight: 400;\">Kaikki aktiviteetit<\/span><\/li>\n<\/ol>\n<p><b> Poikkeukset<\/b><\/p>\n<ol>\n<li style=\"font-weight: 400;\"><span style=\"font-weight: 400;\">Juomarahat<\/span><\/li>\n<li>Kaikki juomat<\/li>\n<\/ol>\n<h4><em><strong>L\u00e4ht\u00f6 &amp; Paluu<\/strong><\/em><\/h4>\n<p><span style=\"font-weight: 400;\">Matkustaja saa kohtaamispaikan varausprosessin j\u00e4lkeen. Kierrokset alkavat ja p\u00e4\u00e4ttyv\u00e4t kohtaamispisteiss\u00e4si.<\/span><\/p>\n<h2 class=\"styles__heading___mD4_3\" data-radium=\"true\">(Ermitano Beach) Playa Ermita\u00f1o boat tour and Playa Onda private Trip.<\/h2>\n<h4><em>Mit\u00e4 odottaa?<\/em><\/h4>\n<p>After departing Samana hotels area and driving across Dominican streets, you will see and learn about local\u2019s life style.This beach is located between Playa\u00a0 Honda and Playa El Valle In Samana&#8217;s Peninsula. It has a length of 400 meters and is surrounded by reefs. \u00a0The only way \u00a0to access this beach is hiking, through a dense jungle-like trail path or with a boat.<\/p>\n<p>The story of his name is so fascinating and interesting\u2026 Juan El Ermita\u00f1o apparently was a French pirate who, repentant, landed one day on this playa in Samana. The story goes he had been alone and isolated from the world during the year 1780. The legend says that after 22 years of exile, he was discovered by surprise by his former fellow corsairs who believed him dead. But the Spaniards, who were astonished by his austerity and constancy, granted him pardon, considering him almost a saint. But as with any history of pirates that boasts, Juan El Ermita\u00f1o kept a great secret: he kept a precious booty of his time as a pirate who hid on this beach.<\/p>\n<p>When arriving there you will see in front of you a postcard perfect landscape. You will have the impression of being unique in the world in this magical place of its lush and tropical vegetation and by the beauty of its crystal clear waters. \u00a0This beach makes a wow-experience come true.<\/p>\n<p>The Turkish and Swedish version of Survivor tv series were shot on this beach<\/p>\n<p>This tour, organized by \u00abBooking Adventures\u00bb starts at the meeting point set with our Tour Guide. Come with Booking Adventures and have lunch at the beach and enjoy the one of the\u00a0most amazing beaches in Samana, Dominican Republic.<\/p>\n<h4><em><strong>Mit\u00e4 sinun pit\u00e4isi tuoda?<\/strong><\/em><\/h4>\n<ul>\n<li style=\"font-weight: 400;\"><span style=\"font-weight: 400;\">kamera<\/span><\/li>\n<li style=\"font-weight: 400;\"><span style=\"font-weight: 400;\">Karkottavat silmut<\/span><\/li>\n<li style=\"font-weight: 400;\"><span style=\"font-weight: 400;\">aurinkovoide<\/span><\/li>\n<li>WC<\/li>\n<li style=\"font-weight: 400;\"><span style=\"font-weight: 400;\">Hattu<\/span><\/li>\n<li style=\"font-weight: 400;\"><span style=\"font-weight: 400;\">Mukavat housut<\/span><\/li>\n<li style=\"font-weight: 400;\"><span style=\"font-weight: 400;\">Retkeilykeng\u00e4t mets\u00e4\u00e4n<\/span><\/li>\n<li style=\"font-weight: 400;\"><span style=\"font-weight: 400;\">Sandaalit kev\u00e4talueille.<\/span><\/li>\n<li style=\"font-weight: 400;\"><span style=\"font-weight: 400;\">Uimavaatteet<\/span><\/li>\n<\/ul>\n<p>&nbsp;<\/p>\n<h4><b><i>Hotellin nouto <\/i><\/b><\/h4>\n<p><span style=\"font-weight: 400;\">T\u00e4lle kiertueelle tarjotaan hotellinouto. <\/span><\/p>\n<p>&nbsp;<\/p>\n<p><b>Huomautus:<\/b><span style=\"font-weight: 400;\"> If you are booking within 24 hours of the tour\/Excursion departure time, we can arrangements hotel pick-up. We just pick up in Samana area. Once your purchase is complete, we will send you complete contact information (phone number, email address, etc.) for our local Tour guide to organize pick-up arrangements.<\/span><\/p>\n<h4><b><i>Lis\u00e4tietojen vahvistus <\/i><\/b><\/h4>\n<ol>\n<li>Liput ovat kuitti t\u00e4m\u00e4n kiertueen maksamisen j\u00e4lkeen. Voit n\u00e4ytt\u00e4\u00e4 maksun puhelimellasi.<\/li>\n<li style=\"font-weight: 400;\"><span style=\"font-weight: 400;\">Tapaamispaikka vastaanotetaan varausprosessin j\u00e4lkeen.<\/span><\/li>\n<li style=\"font-weight: 400;\"><span style=\"font-weight: 400;\">Lasten tulee olla aikuisen seurassa.<\/span><\/li>\n<li style=\"font-weight: 400;\"><span style=\"font-weight: 400;\"> Ei py\u00f6r\u00e4tuolilla <\/span><\/li>\n<li style=\"font-weight: 400;\"><span style=\"font-weight: 400;\">Vauvojen on istuttava syliss\u00e4 <\/span><\/li>\n<li style=\"font-weight: 400;\"><span style=\"font-weight: 400;\">Ei suositella matkustajille, joilla on selk\u00e4ongelmia<\/span><\/li>\n<li style=\"font-weight: 400;\"><span style=\"font-weight: 400;\">Ei suositella raskaana oleville matkailijoille <\/span><\/li>\n<li style=\"font-weight: 400;\"><span style=\"font-weight: 400;\"> Ei syd\u00e4nongelmia tai muita vakavia sairauksia <\/span><\/li>\n<li style=\"font-weight: 400;\"><span style=\"font-weight: 400;\">Suurin osa matkustajista voi osallistua<\/span><\/li>\n<\/ol>\n<h4><b><i>Peruutusk\u00e4yt\u00e4nt\u00f6<\/i><\/b><\/h4>\n<p><span style=\"font-weight: 400;\">Saadaksesi t\u00e4yden hyvityksen, peruuta v\u00e4hint\u00e4\u00e4n 24 tuntia ennen kokemuksen alkamisp\u00e4iv\u00e4\u00e4. Varat menetet\u00e4\u00e4n, jos varaus peruutetaan samana matkap\u00e4iv\u00e4n\u00e4.<\/span><\/p>\n\n\t\t<\/div>\n\t<\/div>\n<\/div><\/div><\/div><\/div><div class=\"vc_row wpb_row vc_row-fluid\" ><div class=\"wpb_column vc_column_container vc_col-sm-12\"><div class=\"vc_column-inner\"><div class=\"wpb_wrapper\">\n\t<div class=\"wpb_video_widget wpb_content_element vc_clearfix   vc_video-aspect-ratio-169 vc_video-el-width-100 vc_video-align-left\" >\n\t\t<div class=\"wpb_wrapper\">\n\t\t\t<h2 class=\"wpb_heading wpb_video_heading\">Watch Video:<\/h2>\n\t\t\t<div class=\"wpb_video_wrapper\"><iframe loading=\"lazy\" title=\"Playa Ermita&amp;ntilde;o - Saman&amp;aacute;, Rep&amp;uacute;blica Dominicana\" src=\"https:\/\/player.vimeo.com\/video\/263076708?dnt=1&amp;app_id=122963\" width=\"1100\" height=\"619\" frameborder=\"0\" allow=\"autoplay; fullscreen\" allowfullscreen><\/iframe><\/div>\n\t\t<\/div>\n\t<\/div>\n<\/div><\/div><\/div><\/div><div class=\"vc_row wpb_row vc_row-fluid\" ><div class=\"wpb_column vc_column_container vc_col-sm-12\"><div class=\"vc_column-inner\"><div class=\"wpb_wrapper\"><div class=\"vc_empty_space\"   style=\"height: 32px\"><span class=\"vc_empty_space_inner\"><\/span><\/div>\n\t<div class=\"wpb_text_column wpb_content_element\" >\n\t\t<div class=\"wpb_wrapper\">\n\t\t\t<h4>Ota meihin yhteytt\u00e4?<\/h4>\n<h5>Varaa seikkailuja<\/h5>\n<p><em><strong>Paikalliset<\/strong>\u00a0ja\u00a0<strong>Kansalaiset<\/strong>\u00a0Matkaoppaat ja vieraspalvelut<\/em><\/p>\n<p><span class=\"text-turquoise\">Varaukset:<\/span>\u00a0Retket ja retket Dom. Rep.<\/p>\n<p><img decoding=\"async\" class=\"emoji\" draggable=\"false\" src=\"https:\/\/s.w.org\/images\/core\/emoji\/11.2.0\/svg\/1f4de.svg\" alt=\"\ud83d\udcde\" title=\"\">\u00a0Puh\/Whatsapp\u00a0\u00a0<a href=\"tel:+1-809-720-6035\">+1-809-720-6035<\/a>.<\/p>\n<p><img decoding=\"async\" class=\"emoji\" draggable=\"false\" src=\"https:\/\/s.w.org\/images\/core\/emoji\/11.2.0\/svg\/1f4e9.svg\" alt=\"\ud83d\udce9\" title=\"\">\u00a0<a href=\"mailto:info@bookingadventures.com.do\">info@bookingadventures.com.do<\/a><\/p>\n<p><strong>Asetamme joustavasti Whatsappin yksityisi\u00e4 matkoja:\u00a0<a href=\"tel:+18097206035\">+18097206035.<\/a><\/strong><\/p>\n\n\t\t<\/div>\n\t<\/div>\n<div class=\"vc_empty_space\"   style=\"height: 32px\"><span class=\"vc_empty_space_inner\"><\/span><\/div><\/div><\/div><\/div><\/div>","protected":false},"excerpt":{"rendered":"<p>The trip starts picking you up in your hotel or at the airport in the Samana area of Las Galeras. Start your experience at Playa El Valle, a beautiful and unique beach near Saman\u00e1. Enjoy a 25 min boat ride to Playa Ermita\u00f1o, which is a still unexplored and isolated beach with turquoise blue water. Relish fresh coconut water. Discover the real and untouched beauty of the Dominican Republic and immerse yourself into nature, as you explore the secret cave nearby. Stay at Playa Ermita\u00f1o as long as you want, and visit Playa Onda, another beautiful wild beach, only a 15 min boat ride away. Return to Playa El Valle and then proceed to Saman\u00e1, will see local houses and learn about the Dominican real life. This is a half-day experience of the real Samana in the Dominican Republic.<\/p>\n<p>&nbsp;<\/p>\n<p><strong>Valitse kiertueen p\u00e4iv\u00e4m\u00e4\u00e4r\u00e4:\u00a0<\/strong><\/p>","protected":false},"featured_media":484,"template":"","meta":[],"product_brand":[],"product_cat":[356,98,135,124],"product_tag":[376,377,378,379,380,381,382,383,384,385,386,387,388,389,201,270,148,143],"class_list":{"0":"post-10900","1":"product","2":"type-product","3":"status-publish","4":"has-post-thumbnail","6":"product_cat-day-trips","7":"product_cat-local-tour-guides","8":"product_cat-lunch","9":"product_cat-tours-excursions-samana-bay-dominican-republic","10":"product_tag-ermitano-beach-playa-ermitano-boat-tour-and-playa-onda-private-trip","11":"product_tag-ermitano-beach","12":"product_tag-ermitano-excursion","13":"product_tag-ermitano-samana","14":"product_tag-ermitano-tour","15":"product_tag-las-terrenas-excursions","16":"product_tag-las-terrenas-tours","17":"product_tag-onda-beach","18":"product_tag-playa-ermitano-and-playa-onda-private-boat-tour","19":"product_tag-playa-ermitano-tour","20":"product_tag-playa-honda-samana","21":"product_tag-playa-onda","22":"product_tag-playa-onda-location","23":"product_tag-playa-onda-samana-maps","24":"product_tag-private-tours-samana","25":"product_tag-samana-dominican-republic","26":"product_tag-samana-excursions","27":"product_tag-samana-tours","29":"first","30":"instock","31":"sale","32":"sold-individually","33":"shipping-taxable","34":"product-type-external"},"_links":{"self":[{"href":"https:\/\/haitises.com\/fi\/wp-json\/wp\/v2\/product\/10900","targetHints":{"allow":["GET"]}}],"collection":[{"href":"https:\/\/haitises.com\/fi\/wp-json\/wp\/v2\/product"}],"about":[{"href":"https:\/\/haitises.com\/fi\/wp-json\/wp\/v2\/types\/product"}],"wp:featuredmedia":[{"embeddable":true,"href":"https:\/\/haitises.com\/fi\/wp-json\/wp\/v2\/media\/484"}],"wp:attachment":[{"href":"https:\/\/haitises.com\/fi\/wp-json\/wp\/v2\/media?parent=10900"}],"wp:term":[{"taxonomy":"product_brand","embeddable":true,"href":"https:\/\/haitises.com\/fi\/wp-json\/wp\/v2\/product_brand?post=10900"},{"taxonomy":"product_cat","embeddable":true,"href":"https:\/\/haitises.com\/fi\/wp-json\/wp\/v2\/product_cat?post=10900"},{"taxonomy":"product_tag","embeddable":true,"href":"https:\/\/haitises.com\/fi\/wp-json\/wp\/v2\/product_tag?post=10900"}],"curies":[{"name":"wp","href":"https:\/\/api.w.org\/{rel}","templated":true}]}}