{"id":543,"date":"2020-06-14T19:18:13","date_gmt":"2020-06-14T19:18:13","guid":{"rendered":"http:\/\/haitises.com\/?post_type=product&#038;p=543"},"modified":"2024-08-22T05:45:22","modified_gmt":"2024-08-22T05:45:22","slug":"\u067e\u0627\u0631\u06a9-\u0645\u0644\u06cc-\u0644\u0633-\u0647\u0627\u06cc\u062a\u06cc\u0633-\u0627\u0632-\u0628\u0646\u062f\u0631-\u0633\u0627\u0645\u0627\u0646\u0627","status":"publish","type":"product","link":"https:\/\/haitises.com\/fa\/\u062e\u0635\u0648\u0635\u06cc\/\u067e\u0627\u0631\u06a9-\u0645\u0644\u06cc-\u0644\u0633-\u0647\u0627\u06cc\u062a\u06cc\u0633-\u0627\u0632-\u0628\u0646\u062f\u0631-\u0633\u0627\u0645\u0627\u0646\u0627\/","title":{"rendered":"\u067e\u0627\u0631\u06a9 \u0645\u0644\u06cc \u0644\u0633 \u0647\u0627\u06cc\u062a\u06cc\u0633 \u0627\u0632 \u0628\u0646\u062f\u0631 \u0633\u0627\u0645\u0627\u0646\u0627"},"content":{"rendered":"<div class=\"vc_row wpb_row vc_row-fluid\" ><div class=\"wpb_column vc_column_container vc_col-sm-12\"><div class=\"vc_column-inner\"><div class=\"wpb_wrapper\">\n\t<div class=\"wpb_text_column wpb_content_element\" >\n\t\t<div class=\"wpb_wrapper\">\n\t\t\t<h2>\u067e\u0627\u0631\u06a9 \u0645\u0644\u06cc \u0644\u0633 \u0647\u0627\u06cc\u062a\u06cc\u0633 (\u062e\u0644\u06cc\u062c \u0633\u0627\u0645\u0627\u0646\u0627) \u0627\u0632 \u0628\u0646\u062f\u0631 \u0633\u0627\u0645\u0627\u0646\u0627<\/h2>\n<ul>\n<li>\u06af\u0634\u062a \u0648 \u06af\u0630\u0627\u0631 \u0628\u0627 \u0642\u0627\u06cc\u0642 \u0628\u0647 \u067e\u0627\u0631\u06a9 \u0645\u0644\u06cc Los Haitises<br \/>\n<h3>\u0634\u0631\u062d<\/h3>\n<p>\u0627\u0632 \u067e\u0627\u0631\u06a9 \u0645\u0644\u06cc Los Haitises \u0627\u0632 \u0628\u0646\u062f\u0631 \u0633\u0627\u0645\u0627\u0646\u0627 \u062f\u06cc\u062f\u0646 \u06a9\u0646\u06cc\u062f. \u0628\u0627 \u0645\u0627 \u0647\u0645\u0631\u0627\u0647 \u0628\u0627\u0634\u06cc\u062f \u0648 \u0627\u0632 \u0632\u06cc\u0628\u0627\u062a\u0631\u06cc\u0646 \u067e\u0627\u0631\u06a9 \u0645\u0644\u06cc \u062c\u0645\u0647\u0648\u0631\u06cc \u062f\u0648\u0645\u06cc\u0646\u06cc\u06a9\u0646 \u062f\u06cc\u062f\u0646 \u06a9\u0646\u06cc\u062f\u060c \u0627\u0632 \u062d\u0631\u0627\u060c \u063a\u0627\u0631\u0647\u0627 \u0648 \u062e\u0644\u06cc\u062c \u0633\u0627\u0646 \u0644\u0648\u0631\u0646\u0632\u0648 \u0648 \u0647\u0645\u0686\u0646\u06cc\u0646 \u0639\u0628\u0648\u0631 \u0627\u0632 \u062e\u0644\u06cc\u062c \u0632\u06cc\u0628\u0627\u06cc \u0633\u0627\u0645\u0627\u0646\u0627 \u062f\u06cc\u062f\u0646 \u06a9\u0646\u06cc\u062f. \u0633\u067e\u0633 \u0628\u0647 \u0628\u0646\u062f\u0631 \u0633\u0627\u0645\u0627\u0646\u0627 \u0628\u0631\u06af\u0631\u062f\u06cc\u062f.<\/li>\n<\/ul>\n<p>\u067e\u0633 \u0627\u0632 \u0627\u06cc\u0646 \u062a\u062c\u0631\u0628\u0647 \u0628\u0647 \u0628\u0646\u062f\u0631 \u0633\u0627\u0645\u0627\u0646\u0627 \u0628\u0627\u0632 \u0645\u06cc \u06af\u0631\u062f\u06cc\u062f.<\/p>\n<ul>\n<li>\u0645\u0627\u0644\u06cc\u0627\u062a \u0634\u0627\u0645\u0644<br \/>\n\u0631\u0627\u0647\u0646\u0645\u0627 \u062f\u0633\u062a\u0648\u0631\u0627\u0644\u0639\u0645\u0644 \u0648 \u0646\u0638\u0627\u0631\u062a \u0631\u0627 \u0627\u0631\u0627\u0626\u0647 \u0645\u06cc \u062f\u0647\u062f.<\/li>\n<li>\u0634\u0645\u0648\u0644 \u0648 \u0627\u0633\u062a\u062b\u0646\u0627\u0621<\/li>\n<\/ul>\n<h3>\u0634\u0627\u0645\u0644 \u0647\u0627<\/h3>\n<ol>\n<li>\u062a\u0648\u0631 \u0644\u0633 \u0647\u0627\u06cc\u062a\u06cc\u0633 + \u063a\u0627\u0631\u0647\u0627 \u0648 \u062a\u0635\u0627\u0648\u06cc\u0631<\/li>\n<li>\u06a9\u0644\u06cc\u0647 \u0645\u0627\u0644\u06cc\u0627\u062a \u0647\u0627\u060c \u0647\u0632\u06cc\u0646\u0647 \u0647\u0627 \u0648 \u0647\u0632\u06cc\u0646\u0647 \u0647\u0627\u06cc \u062d\u0645\u0644 \u0648 \u0646\u0642\u0644.<\/li>\n<li>\u0645\u0627\u0644\u06cc\u0627\u062a \u0647\u0627\u06cc \u0645\u062d\u0644\u06cc<\/li>\n<li>\u0646\u0648\u0634\u06cc\u062f\u0646\u06cc<\/li>\n<li>\u062a\u0645\u0627\u0645\u06cc \u0641\u0639\u0627\u0644\u06cc\u062a \u0647\u0627<\/li>\n<li>\u0631\u0627\u0647\u0646\u0645\u0627\u06cc \u0645\u062d\u0644\u06cc<\/li>\n<\/ol>\n<h3>\u0645\u062d\u0631\u0648\u0645\u06cc\u062a \u0647\u0627<\/h3>\n<ol>\n<li>\u0646\u06a9\u0627\u062a<\/li>\n<li>\u0627\u0646\u062a\u0642\u0627\u0644<\/li>\n<li>\u0646\u0648\u0634\u06cc\u062f\u0646\u06cc \u0647\u0627\u06cc \u0627\u0644\u06a9\u0644\u06cc<\/li>\n<li>\u0646\u0627\u0647\u0627\u0631 \u0634\u0627\u0645\u0644 \u0646\u0645\u06cc \u0634\u0648\u062f\u060c \u0628\u0631\u0627\u06cc \u0646\u0627\u0647\u0627\u0631 \u0634\u0627\u0645\u0644 \u0627\u0646\u062a\u062e\u0627\u0628 \u06cc\u06a9\u06cc \u0627\u0632 \u0627\u06cc\u0646 \u0633\u0641\u0631\u0647\u0627 \u0645\u06cc \u0634\u0648\u062f: Los Haitises + Cayo Levantado \u0627\u0632 \u0628\u0646\u062f\u0631 \u0633\u0627\u0645\u0627\u0646\u0627 \u06cc\u0627 Los Haitises + Cano Hondo \u0627\u0632 \u0628\u0646\u062f\u0631 \u0633\u0627\u0645\u0627\u0646\u0627.<\/li>\n<\/ol>\n<h3>\u062e\u0631\u0648\u062c \u0648 \u0628\u0627\u0632\u06af\u0634\u062a<\/h3>\n<p>\u0645\u0633\u0627\u0641\u0631 \u067e\u0633 \u0627\u0632 \u0641\u0631\u0622\u06cc\u0646\u062f \u0631\u0632\u0631\u0648 \u06cc\u06a9 \u0646\u0642\u0637\u0647 \u0645\u0644\u0627\u0642\u0627\u062a \u062f\u0631\u06cc\u0627\u0641\u062a \u0645\u06cc \u06a9\u0646\u062f. \u062a\u0648\u0631\u0647\u0627 \u062f\u0631 \u0646\u0642\u0627\u0637 \u0645\u0644\u0627\u0642\u0627\u062a \u0645\u0627 \u0634\u0631\u0648\u0639 \u0648 \u0628\u0647 \u067e\u0627\u06cc\u0627\u0646 \u0645\u06cc \u0631\u0633\u0646\u062f.<\/p>\n<h3>\u0686\u0647 \u0627\u0646\u062a\u0638\u0627\u0631\u06cc \u062f\u0627\u0634\u062a\u0647 \u0628\u0627\u0634\u06cc\u0645\u061f<\/h3>\n<p>\u0628\u0644\u06cc\u0637 \u0647\u0627\u06cc \u062e\u0648\u062f \u0631\u0627 \u0628\u0631\u0627\u06cc \u0628\u0627\u0632\u062f\u06cc\u062f \u0627\u0632 \u067e\u0627\u0631\u06a9 \u0645\u0644\u06cc Los Haitises \u0628\u0627 \u06cc\u06a9 \u0646\u0627\u0647\u0627\u0631 \u0641\u0648\u0642 \u0627\u0644\u0639\u0627\u062f\u0647 \u062f\u0631 Ca\u00f1o Hondo \u0648 \u0634\u0646\u0627 \u062f\u0631 \u0686\u0634\u0645\u0647 \u0647\u0627\u06cc \u0637\u0628\u06cc\u0639\u06cc \u062a\u0647\u06cc\u0647 \u06a9\u0646\u06cc\u062f.<\/p>\n<p>\u0628\u0627 \u0634\u0631\u0648\u0639 \u0627\u0632 \u0628\u0646\u062f\u0631 \u0633\u0627\u0645\u0627\u0646\u0627 \u0628\u0627 \u0642\u0627\u06cc\u0642 \u06cc\u0627 \u06a9\u0627\u062a\u0627\u0645\u0627\u0631\u0627\u0646 \u0628\u0627 \u0631\u0627\u0647\u0646\u0645\u0627\u06cc \u062a\u0648\u0631 \u0645\u062d\u0644\u06cc\u060c \u0627\u0632 \u062e\u0644\u06cc\u062c \u0633\u0627\u0645\u0627\u0646\u0627 \u062f\u0631 \u06a9\u0646\u0627\u0631 \u0633\u0627\u0628\u0627\u0646\u0627 \u062f \u0644\u0627 \u0645\u0627\u0631 \u0645\u06cc \u06af\u0630\u0631\u06cc\u0645 \u062a\u0627 \u0627\u0632 \u06cc\u06a9\u06cc \u0627\u0632 \u0632\u06cc\u0628\u0627\u062a\u0631\u06cc\u0646 \u067e\u0627\u0631\u06a9 \u0647\u0627\u06cc \u0645\u0644\u06cc \u062c\u0645\u0647\u0648\u0631\u06cc \u062f\u0648\u0645\u06cc\u0646\u06cc\u06a9\u0646 \u0628\u0627\u0632\u062f\u06cc\u062f \u06a9\u0646\u06cc\u0645. \u067e\u0627\u0631\u06a9 \u0645\u0644\u06cc Haitises<\/p>\n<p>\u0628\u0627\u0632\u062f\u06cc\u062f \u0627\u0632 \u062c\u0632\u06cc\u0631\u0647 \u0628\u0627 \u067e\u0631\u0646\u062f\u06af\u0627\u0646 \u062f\u0631 \u0627\u0637\u0631\u0627\u0641. \u062f\u0631 \u0641\u0635\u0644 \u0644\u0627\u0646\u0647 \u0633\u0627\u0632\u06cc\u060c \u062d\u062a\u06cc \u0645\u06cc \u062a\u0648\u0627\u0646\u06cc\u0645 \u062c\u0648\u062c\u0647 \u0647\u0627\u06cc \u067e\u0644\u06cc\u06a9\u0627\u0646 \u0631\u0627 \u062f\u0631 \u0644\u0627\u0646\u0647 \u0628\u0628\u06cc\u0646\u06cc\u0645. \u0628\u06cc\u0634\u062a\u0631 \u0628\u0647 \u062c\u0632\u06cc\u0631\u0647 \u0635\u062e\u0631\u0647 \u0627\u06cc \u0628\u0631\u0648\u06cc\u062f \u0648 \u0627\u0632 \u063a\u0627\u0631\u0647\u0627 \u0628\u0627 \u062a\u0635\u0627\u0648\u06cc\u0631 \u0648 \u0633\u0646\u06af \u0646\u06af\u0627\u0631\u0647 \u0647\u0627\u06cc \u0645\u0631\u062f\u0645 \u0628\u0648\u0645\u06cc \u062f\u06cc\u062f\u0646 \u06a9\u0646\u06cc\u062f.<\/p>\n<p>El recorrido, organizado por \u00abBooking Adventures\u00bb, comienza en el punto de encuentro establecido con el gu\u00eda tur\u00edstico. Ven con Booking Adventures y comienza a observar algunos manglares llenos de p\u00e1jaros, colinas onduladas de exuberante vegetaci\u00f3n y cuevas del Parque Nacional Los Haitises.<\/p>\n<p>\u0627\u0632 \u0645\u06cc\u0627\u0646 \u062c\u0646\u06af\u0644\u200c\u0647\u0627\u06cc \u062d\u0631\u0627 \u0648 \u062f\u0631 \u062e\u0644\u06cc\u062c \u0628\u0627\u0632 San Lorenzo \u0641\u0631\u0648\u062f \u0628\u06cc\u0627\u06cc\u06cc\u062f\u060c \u0627\u0632 \u0622\u0646\u062c\u0627 \u0645\u06cc\u200c\u062a\u0648\u0627\u0646\u06cc\u062f \u0627\u0632 \u0645\u0646\u0627\u0638\u0631 \u062c\u0646\u06af\u0644\u06cc \u0646\u0627\u0647\u0645\u0648\u0627\u0631 \u0639\u06a9\u0627\u0633\u06cc \u06a9\u0646\u06cc\u062f. \u0628\u0631\u0627\u06cc \u062f\u06cc\u062f\u0646 \u06af\u0627\u0648 \u062f\u0631\u06cc\u0627\u06cc\u06cc\u060c \u0633\u062e\u062a \u067e\u0648\u0633\u062a\u0627\u0646 \u0648 \u062f\u0644\u0641\u06cc\u0646 \u0647\u0627 \u0628\u0647 \u062f\u0627\u062e\u0644 \u0622\u0628 \u0646\u06af\u0627\u0647 \u06a9\u0646\u06cc\u062f.<\/p>\n<p>El nombre del parque nacional proviene de sus habitantes originales, los indios ta\u00ednos. En su idioma, \u00abHaitises\u00bb se traduce en tierras altas o colinas, una referencia a las empinadas formaciones geol\u00f3gicas de la costa con calizas. Avent\u00farate en el parque para explorar cuevas como la Cueva de la Arena y la Cueva de la L\u00ednea. Las cuevas en la reserva fueron utilizadas como refugio por los indios ta\u00ednos y, m\u00e1s tarde, por los piratas escondidos. Busque dibujos de indios que decoran algunas de las paredes. Despu\u00e9s de visitar el Parque Nacional Los Haitises, regresaremos al puerto de Saman\u00e1 pasando la bah\u00eda de Saman\u00e1 30 minutos.<\/p>\n<p>\u0627\u06af\u0631 \u0627\u06cc\u0646 \u0633\u0641\u0631 \u0631\u0627 \u0628\u06cc\u0634\u062a\u0631 \u062f\u0648\u0633\u062a \u062f\u0627\u0631\u06cc\u062f\u060c \u0645\u0627 \u0627\u06cc\u0646 \u06af\u0632\u06cc\u0646\u0647 \u0647\u0627 \u0631\u0627 \u062f\u0627\u0631\u06cc\u0645:<\/p>\n<p>Los Haitises + Cayo Levantado \u0627\u0632 \u0628\u0646\u062f\u0631 \u0633\u0627\u0645\u0627\u0646\u0627.<br \/>\nLos Haitises + Cano Hondo \u0627\u0632 \u0628\u0646\u062f\u0631 \u0633\u0627\u0645\u0627\u0646\u0627.<\/p>\n<h3>\u0686\u0647 \u0686\u06cc\u0632\u06cc \u0628\u0627\u06cc\u062f \u0628\u06cc\u0627\u0648\u0631\u06cc\u062f\u061f<\/h3>\n<ul>\n<li>\u062f\u0648\u0631\u0628\u06cc\u0646<\/li>\n<li>\u062c\u0648\u0627\u0646\u0647 \u0647\u0627\u06cc \u062f\u0627\u0641\u0639<\/li>\n<li>\u0636\u062f \u0622\u0641\u062a\u0627\u0628<\/li>\n<li>\u06a9\u0644\u0627\u0647<\/li>\n<li>\u0634\u0644\u0648\u0627\u0631 \u0631\u0627\u062d\u062a\u06cc<\/li>\n<li>\u06a9\u0641\u0634 \u062c\u0646\u06af\u0644 \u0646\u0648\u0631\u062f\u06cc<\/li>\n<li>\u0635\u0646\u062f\u0644 \u0628\u0647 \u0645\u0646\u0627\u0637\u0642 \u0628\u0647\u0627\u0631.<\/li>\n<li>\u0644\u0628\u0627\u0633 \u0634\u0646\u0627<\/li>\n<\/ul>\n<h3>\u0648\u0627\u0646\u062a \u0647\u062a\u0644<\/h3>\n<p>\u067e\u06cc\u06a9\u0627\u067e \u0647\u062a\u0644 \u0628\u0631\u0627\u06cc \u0627\u06cc\u0646 \u062a\u0648\u0631 \u0627\u0631\u0627\u0626\u0647 \u0646\u0645\u06cc \u0634\u0648\u062f.<\/p>\n<p>\u062a\u0648\u062c\u0647: \u0627\u06af\u0631 \u0638\u0631\u0641 24 \u0633\u0627\u0639\u062a \u0627\u0632 \u0632\u0645\u0627\u0646 \u062d\u0631\u06a9\u062a \u062a\u0648\u0631\/\u06af\u0634\u062a \u0631\u0627 \u0631\u0632\u0631\u0648 \u06a9\u0646\u06cc\u062f\u060c \u0645\u06cc\u200c\u062a\u0648\u0627\u0646\u06cc\u0645 \u062a\u062d\u0648\u06cc\u0644 \u0647\u062a\u0644 \u0631\u0627 \u0628\u0627 \u0647\u0632\u06cc\u0646\u0647 \u0627\u0636\u0627\u0641\u06cc \u062a\u0631\u062a\u06cc\u0628 \u062f\u0647\u06cc\u0645. \u0647\u0646\u06af\u0627\u0645\u06cc \u06a9\u0647 \u062e\u0631\u06cc\u062f \u0634\u0645\u0627 \u06a9\u0627\u0645\u0644 \u0634\u062f\u060c \u0627\u0637\u0644\u0627\u0639\u0627\u062a \u062a\u0645\u0627\u0633 \u06a9\u0627\u0645\u0644 (\u0634\u0645\u0627\u0631\u0647 \u062a\u0644\u0641\u0646\u060c \u0622\u062f\u0631\u0633 \u0627\u06cc\u0645\u06cc\u0644 \u0648 \u063a\u06cc\u0631\u0647) \u0631\u0627 \u0628\u0631\u0627\u06cc \u0631\u0627\u0647\u0646\u0645\u0627\u06cc \u062a\u0648\u0631 \u0645\u062d\u0644\u06cc \u062e\u0648\u062f \u0628\u0631\u0627\u06cc \u062a\u0631\u062a\u06cc\u0628 \u062f\u0627\u062f\u0646 \u0647\u0645\u0627\u0647\u0646\u06af\u06cc\u200c\u0647\u0627\u06cc \u062a\u062d\u0648\u06cc\u0644\u060c \u0628\u0631\u0627\u06cc \u0634\u0645\u0627 \u0627\u0631\u0633\u0627\u0644 \u0645\u06cc\u200c\u06a9\u0646\u06cc\u0645.<\/p>\n<h3>\u062a\u0627\u06cc\u06cc\u062f \u0627\u0637\u0644\u0627\u0639\u0627\u062a \u062a\u06a9\u0645\u06cc\u0644\u06cc<\/h3>\n<ol>\n<li>\u0628\u0644\u06cc\u0637 \u0647\u0627 \u0631\u0633\u06cc\u062f \u067e\u0633 \u0627\u0632 \u067e\u0631\u062f\u0627\u062e\u062a \u0627\u06cc\u0646 \u062a\u0648\u0631 \u0627\u0633\u062a. \u0645\u06cc \u062a\u0648\u0627\u0646\u06cc\u062f \u067e\u0631\u062f\u0627\u062e\u062a \u0631\u0627 \u062f\u0631 \u06af\u0648\u0634\u06cc \u062e\u0648\u062f \u0646\u0634\u0627\u0646 \u062f\u0647\u06cc\u062f.<\/li>\n<li>\u0646\u0642\u0637\u0647 \u0645\u0644\u0627\u0642\u0627\u062a \u067e\u0633 \u0627\u0632 \u0627\u0646\u062c\u0627\u0645 \u0645\u0631\u0627\u062d\u0644 \u0631\u0632\u0631\u0648 \u062f\u0631\u06cc\u0627\u0641\u062a \u062e\u0648\u0627\u0647\u062f \u0634\u062f.<\/li>\n<li>\u06a9\u0648\u062f\u06a9\u0627\u0646 \u0628\u0627\u06cc\u062f \u0628\u0627 \u06cc\u06a9 \u0628\u0632\u0631\u06af\u0633\u0627\u0644 \u0647\u0645\u0631\u0627\u0647 \u0628\u0627\u0634\u0646\u062f.<\/li>\n<li>\u0648\u06cc\u0644\u0686\u0631 \u0642\u0627\u0628\u0644 \u062f\u0633\u062a\u0631\u0633\u06cc \u0646\u06cc\u0633\u062a<\/li>\n<li>\u0646\u0648\u0632\u0627\u062f\u0627\u0646 \u0628\u0627\u06cc\u062f \u0631\u0648\u06cc \u067e\u0627 \u0628\u0646\u0634\u06cc\u0646\u0646\u062f<\/li>\n<li>\u0628\u0631\u0627\u06cc \u0645\u0633\u0627\u0641\u0631\u0627\u0646\u06cc \u06a9\u0647 \u0645\u0634\u06a9\u0644\u0627\u062a \u06a9\u0645\u0631 \u062f\u0627\u0631\u0646\u062f \u062a\u0648\u0635\u06cc\u0647 \u0646\u0645\u06cc \u0634\u0648\u062f.<\/li>\n<li>\u0628\u0631\u0627\u06cc \u0645\u0633\u0627\u0641\u0631\u0627\u0646 \u0628\u0627\u0631\u062f\u0627\u0631 \u062a\u0648\u0635\u06cc\u0647 \u0646\u0645\u06cc \u0634\u0648\u062f.<\/li>\n<li>\u0628\u062f\u0648\u0646 \u0645\u0634\u06a9\u0644 \u0642\u0644\u0628\u06cc \u06cc\u0627 \u0633\u0627\u06cc\u0631 \u0634\u0631\u0627\u06cc\u0637 \u067e\u0632\u0634\u06a9\u06cc \u062c\u062f\u06cc.<\/li>\n<li>\u0627\u06a9\u062b\u0631 \u0645\u0633\u0627\u0641\u0631\u0627\u0646 \u0645\u06cc \u062a\u0648\u0627\u0646\u0646\u062f \u0634\u0631\u06a9\u062a \u06a9\u0646\u0646\u062f.<\/li>\n<\/ol>\n<h3>\u0633\u06cc\u0627\u0633\u062a \u0644\u063a\u0648<\/h3>\n<p>\u0628\u0631\u0627\u06cc \u0628\u0627\u0632\u067e\u0631\u062f\u0627\u062e\u062a \u06a9\u0627\u0645\u0644\u060c \u062d\u062f\u0627\u0642\u0644 24 \u0633\u0627\u0639\u062a \u0642\u0628\u0644 \u0627\u0632 \u062a\u0627\u0631\u06cc\u062e \u0634\u0631\u0648\u0639 \u062a\u062c\u0631\u0628\u0647 \u0644\u063a\u0648 \u06a9\u0646\u06cc\u062f.<\/p>\n<h3>\u0628\u0627 \u0645\u0627 \u062a\u0645\u0627\u0633 \u0628\u06af\u06cc\u0631\u06cc\u062f\u061f<\/h3>\n<p>\u0631\u0632\u0631\u0648 \u0645\u0627\u062c\u0631\u0627\u0647\u0627\u06cc<br \/>\n\u0631\u0627\u0647\u0646\u0645\u0627\u06cc \u062a\u0648\u0631\u0647\u0627\u06cc \u0645\u062d\u0644\u06cc \u0648 \u0645\u0644\u06cc \u0648 \u062e\u062f\u0645\u0627\u062a \u0645\u0647\u0645\u0627\u0646<\/p>\n<p>\u0631\u0632\u0631\u0648: \u062a\u0648\u0631\u0647\u0627 \u0648 \u06af\u0634\u062a \u0648 \u06af\u0630\u0627\u0631\u0647\u0627 \u062f\u0631 Dom. Rep.<\/p>\n<p>\ud83d\udcde \u062a\u0644\u0641\u0646\/\u0648\u0627\u062a\u0633\u0627\u067e +1-809-720-6035.<\/p>\n<p>\ud83d\udce9 info@bookingadventures.com.do<\/p>\n<p>\u0645\u0627 \u062a\u0648\u0631\u0647\u0627\u06cc \u062e\u0635\u0648\u0635\u06cc \u0631\u0627 \u0628\u0627 \u0627\u0646\u0639\u0637\u0627\u0641 \u067e\u0630\u06cc\u0631\u06cc \u062a\u0648\u0633\u0637 Whatsapp \u0627\u0646\u062c\u0627\u0645 \u0645\u06cc \u062f\u0647\u06cc\u0645: +18097206035.<\/p>\n\n\t\t<\/div>\n\t<\/div>\n<\/div><\/div><\/div><\/div><div class=\"vc_row wpb_row vc_row-fluid\" ><div class=\"wpb_column vc_column_container vc_col-sm-12\"><div class=\"vc_column-inner\"><div class=\"wpb_wrapper\"><div class=\"vc_empty_space\"   style=\"height: 32px\"><span class=\"vc_empty_space_inner\"><\/span><\/div>\n\t<div class=\"wpb_video_widget wpb_content_element vc_clearfix   vc_video-aspect-ratio-169 vc_video-el-width-100 vc_video-align-left\" >\n\t\t<div class=\"wpb_wrapper\">\n\t\t\t<h2 class=\"wpb_heading wpb_video_heading\">Los Haitises \u0648 \u0628\u06cc\u0634\u062a\u0631...<\/h2>\n\t\t\t<div class=\"wpb_video_wrapper\"><iframe loading=\"lazy\" title=\"\u062c\u0645\u0647\u0648\u0631\u06cc \u062f\u0648\u0645\u06cc\u0646\u06cc\u06a9\u0646 - \u063a\u0627\u0631\u0647\u0627\u06cc Los Haitises (Tainos)\u060c \u062a\u0627\u0628\u0644\u0648\u0647\u0627 \u0648 \u0633\u0646\u06af \u0646\u06af\u0627\u0631\u0647\u200c\u0647\u0627\" width=\"1100\" height=\"619\" src=\"https:\/\/www.youtube.com\/embed\/o_ExYqtOlH8?feature=oembed\" frameborder=\"0\" allow=\"accelerometer; autoplay; encrypted-media; gyroscope; picture-in-picture\" allowfullscreen><\/iframe><\/div>\n\t\t<\/div>\n\t<\/div>\n<\/div><\/div><\/div><\/div>","protected":false},"excerpt":{"rendered":"<p>\u0633\u0641\u0631 \u0627\u06a9\u0648\u0644\u0648\u0698\u06cc\u06a9\u06cc \u0628\u0647 \u067e\u0627\u0631\u06a9 \u0645\u0644\u06cc \u0644\u0633 \u0647\u0627\u06cc\u062a\u06cc\u0633 \u0628\u0627 \u0631\u0627\u0647\u0646\u0645\u0627\u06cc \u0645\u062d\u0644\u06cc. \u0628\u0627\u0632\u062f\u06cc\u062f \u0627\u0632 Keys \u062f\u0631 \u067e\u0627\u0631\u06a9 \u0645\u0644\u06cc Los Haitises\u060c \u062c\u0646\u06af\u0644 \u0647\u0627\u06cc \u062d\u0631\u0627\u060c \u067e\u0648\u0634\u0634 \u06af\u06cc\u0627\u0647\u06cc\u060c \u062a\u0645\u0627\u0634\u0627\u06cc \u067e\u0631\u0646\u062f\u06af\u0627\u0646\u060c \u063a\u0627\u0631\u0647\u0627\u060c \u062a\u0635\u0627\u0648\u06cc\u0631 \u0648 \u0645\u0646\u0627\u0637\u0642 \u062a\u0627\u0631\u06cc\u062e\u06cc Sabana de la Mar \u062f\u0631 \u067e\u0627\u0631\u06a9 \u0645\u0644\u06cc Los Haitises.<\/p>\n<p>&nbsp;<\/p>\n<p><strong>\u062a\u0627\u0631\u06cc\u062e \u0628\u0627\u0632\u062f\u06cc\u062f \u062e\u0648\u062f \u0631\u0627 \u0627\u0646\u062a\u062e\u0627\u0628 \u06a9\u0646\u06cc\u062f:<\/strong><\/p>","protected":false},"featured_media":225,"template":"","meta":[],"product_brand":[],"product_cat":[121,435,430,443],"product_tag":[132,133,432,142,148,143],"class_list":{"0":"post-543","1":"product","2":"type-product","3":"status-publish","4":"has-post-thumbnail","6":"product_cat-mangroves","7":"product_cat-manglares","8":"product_cat-parque-nacional-los-haitises-samana","9":"product_cat-tours-y-excursiones-es","10":"product_tag-los-haitises","11":"product_tag-los-haitises-national-park","12":"product_tag-parque-nacional-los-haitises-samana","13":"product_tag-samana","14":"product_tag-samana-excursions","15":"product_tag-samana-tours","17":"first","18":"instock","19":"sale","20":"sold-individually","21":"shipping-taxable","22":"product-type-external"},"_links":{"self":[{"href":"https:\/\/haitises.com\/fa\/wp-json\/wp\/v2\/product\/543","targetHints":{"allow":["GET"]}}],"collection":[{"href":"https:\/\/haitises.com\/fa\/wp-json\/wp\/v2\/product"}],"about":[{"href":"https:\/\/haitises.com\/fa\/wp-json\/wp\/v2\/types\/product"}],"wp:featuredmedia":[{"embeddable":true,"href":"https:\/\/haitises.com\/fa\/wp-json\/wp\/v2\/media\/225"}],"wp:attachment":[{"href":"https:\/\/haitises.com\/fa\/wp-json\/wp\/v2\/media?parent=543"}],"wp:term":[{"taxonomy":"product_brand","embeddable":true,"href":"https:\/\/haitises.com\/fa\/wp-json\/wp\/v2\/product_brand?post=543"},{"taxonomy":"product_cat","embeddable":true,"href":"https:\/\/haitises.com\/fa\/wp-json\/wp\/v2\/product_cat?post=543"},{"taxonomy":"product_tag","embeddable":true,"href":"https:\/\/haitises.com\/fa\/wp-json\/wp\/v2\/product_tag?post=543"}],"curies":[{"name":"wp","href":"https:\/\/api.w.org\/{rel}","templated":true}]}}