{"id":11639,"date":"2023-10-04T07:39:47","date_gmt":"2023-10-04T07:39:47","guid":{"rendered":"http:\/\/haitises.com\/?post_type=product&#038;p=11639"},"modified":"2024-04-01T14:40:19","modified_gmt":"2024-04-01T14:40:19","slug":"los-haitises-national-park-tour-from-las-terrenas-samana-half-day-trip-3","status":"publish","type":"product","link":"https:\/\/haitises.com\/fa\/\u062e\u0635\u0648\u0635\u06cc\/los-haitises-national-park-tour-from-las-terrenas-samana-half-day-trip-3\/","title":{"rendered":"Los Haitises National Park Tour from Las Terrenas, Saman\u00e1. Half Day Trip."},"content":{"rendered":"<div class=\"vc_row wpb_row vc_row-fluid\" ><div class=\"wpb_column vc_column_container vc_col-sm-12\"><div class=\"vc_column-inner\"><div class=\"wpb_wrapper\">[mkdf_section_title title_tag=\u00bb\u00bb disable_break_words=\u00bbno\u00bb subtitle_tag=\u00bb\u00bb title=\u00bbLos Haitises National Park Tour from Las Terrenas de Samana. Half Day Trip.\u00bb subtitle=\u00bbTransportation &amp; Lunch Included\u00bb]<\/div><\/div><\/div><\/div><div class=\"vc_row wpb_row vc_row-fluid\" ><div class=\"wpb_column vc_column_container vc_col-sm-12\"><div class=\"vc_column-inner\"><div class=\"wpb_wrapper\"><div class=\"vc_btn3-container vc_btn3-inline\" ><button class=\"vc_general vc_btn3 vc_btn3-size-md vc_btn3-shape-rounded vc_btn3-style-modern vc_btn3-color-green\">\u0627\u06a9\u0646\u0648\u0646 \u062b\u0628\u062a \u06a9\u0646<\/button><\/div>\n\t<div class=\"wpb_text_column wpb_content_element\" >\n\t\t<div class=\"wpb_wrapper\">\n\t\t\t<h3><\/h3>\n<h4><b><i>\u0628\u0631\u0631\u0633\u06cc \u0627\u062c\u0645\u0627\u0644\u06cc <\/i><\/b><\/h4>\n<p>\u062a\u0648\u0631 \u067e\u0627\u0631\u06a9 \u0645\u0644\u06cc \u0644\u0633 \u0647\u0627\u06cc\u062a\u06cc\u0633 \u0627\u0632 \u0644\u0627\u0633 \u062a\u0631\u0646\u0627\u0633 \u062f \u0633\u0627\u0645\u0627\u0646\u0627. \u0633\u0641\u0631 \u0646\u06cc\u0645 \u0631\u0648\u0632\u0647. \u0627\u0632 \u0647\u062a\u0644 \u062e\u0648\u062f \u062f\u0631 \u0644\u0627\u0633 \u062a\u0631\u0646\u0627\u0633 \u062f\u0631 \u0633\u0627\u0645\u0627\u0646\u0627 \u0634\u0631\u0648\u0639 \u06a9\u0646\u06cc\u062f. \u0645\u0627 \u0628\u0647 \u0633\u0645\u062a \u062c\u0627\u0645\u0639\u0647 \u0633\u0627\u0646\u0686\u0632 \u062d\u0631\u06a9\u062a \u062e\u0648\u0627\u0647\u06cc\u0645 \u06a9\u0631\u062f\u060c \u062c\u0627\u06cc\u06cc \u06a9\u0647 \u0642\u0627\u06cc\u0642 \u0627\u0632 \u062e\u0644\u06cc\u062c \u0633\u0627\u0645\u0627\u0646\u0627 \u0639\u0628\u0648\u0631 \u062e\u0648\u0627\u0647\u062f \u06a9\u0631\u062f. \u0628\u0627\u0632\u062f\u06cc\u062f \u0627\u0632 \u0631\u06cc\u0648 \u0646\u0627\u0631\u0627\u0646\u062c\u0648\u060c \u06af\u0630\u0631 \u0627\u0632 \u0627\u0646\u062c\u0645\u0646 \u0645\u0627\u0647\u06cc\u06af\u06cc\u0631\u06cc \u0628\u0647 \u067e\u0627\u0631\u06a9 \u0645\u0644\u06cc \u0644\u0648\u0633 \u0647\u0627\u06cc\u062a\u06cc\u0633\u060c 3 \u063a\u0627\u0631\u060c \u063a\u0627\u0631 \u0628\u0648\u06a9\u0627 \u062a\u06cc\u0628\u0648\u0631\u0648\u0646\u060c \u062c\u0632\u06cc\u0631\u0647 \u067e\u0631\u0646\u062f\u0647 \u06a9\u06cc \u0648 \u062c\u0646\u06af\u0644 \u0647\u0627\u06cc \u062d\u0631\u0627 \u062f\u0631 \u062e\u0644\u06cc\u062c \u0633\u0627\u0645\u0627\u0646\u0627.<\/p>\n<p>\u067e\u0633 \u0627\u0632 \u0627\u06cc\u0646 \u062a\u062c\u0631\u0628\u0647\u060c \u0627\u0632 \u062c\u0627\u06cc\u06cc \u06a9\u0647 \u0634\u0645\u0627 \u0631\u0627 \u0627\u0646\u062a\u062e\u0627\u0628 \u0645\u06cc \u06a9\u0646\u06cc\u0645\u060c \u0628\u0647 \u0627\u0646\u062c\u0645\u0646 \u0644\u0627\u0633 \u062a\u0631\u0646\u0627\u0633 \u0628\u0627\u0632 \u0645\u06cc \u06af\u0631\u062f\u06cc\u062f.<\/p>\n<ul>\n<li style=\"font-weight: 400;\">\u0647\u0632\u06cc\u0646\u0647 \u0647\u0627 \u06af\u0646\u062c\u0627\u0646\u062f\u0647 \u0634\u062f\u0647 \u0627\u0633\u062a<\/li>\n<li>\u0646\u0627\u0647\u0627\u0631<\/li>\n<li>\u062a\u0646\u0642\u0644\u0627\u062a\u060c \u062e\u0648\u0631\u0627\u06a9 \u0645\u062e\u062a\u0635\u0631<\/li>\n<li style=\"font-weight: 400;\">\u0631\u0627\u0647\u0646\u0645\u0627\u06cc \u062a\u0648\u0631\u0647\u0627\u06cc \u0645\u062d\u0644\u06cc \u0628\u0647 \u0632\u0628\u0627\u0646 \u0627\u0646\u06af\u0644\u06cc\u0633\u06cc \u06cc\u0627 \u0641\u0631\u0627\u0646\u0633\u0648\u06cc<\/li>\n<li>\u062d\u0645\u0644 \u0648 \u0646\u0642\u0644<\/li>\n<li>\u0633\u0641\u0631 \u0628\u0627 \u0642\u0627\u06cc\u0642<\/li>\n<\/ul>\n<p>&nbsp;<\/p>\n<h4><b>\u0634\u0645\u0648\u0644 \u0648 \u0627\u0633\u062a\u062b\u0646\u0627\u0621<\/b><\/h4>\n<p>&nbsp;<\/p>\n<p><b>\u0634\u0627\u0645\u0644 \u0647\u0627<\/b><\/p>\n<ol>\n<li style=\"font-weight: 400;\">\u062a\u0648\u0631 \u0644\u0633 \u0647\u0627\u06cc\u062a\u06cc\u0633 + \u063a\u0627\u0631\u0647\u0627 \u0648 \u062a\u0635\u0627\u0648\u06cc\u0631<\/li>\n<li>\u0646\u0627\u0647\u0627\u0631<\/li>\n<li style=\"font-weight: 400;\"><span style=\"font-weight: 400;\">\u06a9\u0644\u06cc\u0647 \u0645\u0627\u0644\u06cc\u0627\u062a \u0647\u0627\u060c \u0647\u0632\u06cc\u0646\u0647 \u0647\u0627 \u0648 \u0647\u0632\u06cc\u0646\u0647 \u0647\u0627\u06cc \u062d\u0645\u0644 \u0648 \u0646\u0642\u0644<\/span><\/li>\n<li style=\"font-weight: 400;\"><span style=\"font-weight: 400;\">\u0645\u0627\u0644\u06cc\u0627\u062a \u0647\u0627\u06cc \u0645\u062d\u0644\u06cc<\/span><\/li>\n<li style=\"font-weight: 400;\"><span style=\"font-weight: 400;\">\u0646\u0648\u0634\u06cc\u062f\u0646\u06cc \u0647\u0627<\/span><\/li>\n<li>\u062a\u0646\u0642\u0644\u0627\u062a\u060c \u062e\u0648\u0631\u0627\u06a9 \u0645\u062e\u062a\u0635\u0631<\/li>\n<li style=\"font-weight: 400;\"><span style=\"font-weight: 400;\">\u062a\u0645\u0627\u0645\u06cc \u0641\u0639\u0627\u0644\u06cc\u062a \u0647\u0627<\/span><\/li>\n<li style=\"font-weight: 400;\"><span style=\"font-weight: 400;\">\u0631\u0627\u0647\u0646\u0645\u0627\u06cc \u0645\u062d\u0644\u06cc<\/span><\/li>\n<\/ol>\n<p><b> \u0645\u062d\u0631\u0648\u0645\u06cc\u062a \u0647\u0627<\/b><\/p>\n<ol>\n<li style=\"font-weight: 400;\"><span style=\"font-weight: 400;\">\u0627\u0646\u0639\u0627\u0645<\/span><\/li>\n<li style=\"font-weight: 400;\"><span style=\"font-weight: 400;\">\u0645\u0634\u0631\u0648\u0628\u0627\u062a \u0627\u0644\u06a9\u0644\u06cc<\/span><\/li>\n<\/ol>\n<p>&nbsp;<\/p>\n<h4><em><strong>\u062e\u0631\u0648\u062c \u0648 \u0628\u0627\u0632\u06af\u0634\u062a<\/strong><\/em><\/h4>\n<p><span style=\"font-weight: 400;\">\u067e\u0633 \u0627\u0632 \u0641\u0631\u0622\u06cc\u0646\u062f \u0631\u0632\u0631\u0648\u060c \u0645\u0633\u0627\u0641\u0631 \u06cc\u06a9 \u0646\u0642\u0637\u0647 \u0645\u0644\u0627\u0642\u0627\u062a \u062f\u0631\u06cc\u0627\u0641\u062a \u062e\u0648\u0627\u0647\u062f \u06a9\u0631\u062f. \u062a\u0648\u0631\u0647\u0627 \u062f\u0631 \u0646\u0642\u0627\u0637 \u0645\u0644\u0627\u0642\u0627\u062a \u0634\u0645\u0627 \u0634\u0631\u0648\u0639 \u0648 \u0628\u0647 \u067e\u0627\u06cc\u0627\u0646 \u0645\u06cc \u0631\u0633\u0646\u062f.<\/span><\/p>\n<p>&nbsp;<\/p>\n<h4><\/h4>\n<h4><\/h4>\n<h3>\u067e\u0627\u0631\u06a9 \u0645\u0644\u06cc \u0644\u0633 \u0647\u0627\u06cc\u062a\u06cc\u0633 \u0627\u0632 \u0644\u0627\u0633 \u062a\u0631\u0646\u0627\u0633<\/h3>\n<h4><b><i>\u0686\u0647 \u0627\u0646\u062a\u0638\u0627\u0631\u06cc \u062f\u0627\u0634\u062a\u0647 \u0628\u0627\u0634\u06cc\u0645\u061f<\/i><\/b><\/h4>\n<p><em><strong>\u0628\u0644\u06cc\u0637 \u0647\u0627\u06cc \u062e\u0648\u062f \u0631\u0627 \u062f\u0631\u06cc\u0627\u0641\u062a \u06a9\u0646\u06cc\u062f<\/strong><\/em> \u0628\u0631\u0627\u06cc \u0628\u0627\u0632\u062f\u06cc\u062f \u0627\u0632 \u062a\u0648\u0631 \u067e\u0627\u0631\u06a9 \u0645\u0644\u06cc Los Haitises \u0627\u0632 Las Terrenas de Samana. \u0633\u0641\u0631 \u0646\u06cc\u0645 \u0631\u0648\u0632\u0647. \u0627\u0632 \u0644\u0627\u0633 \u062a\u0631\u0646\u0627\u0633\u060c \u0633\u0627\u0645\u0627\u0646\u0627 \u0628\u0627 \u062d\u0645\u0644 \u0648 \u0646\u0642\u0644 \u0628\u0647 \u0628\u0646\u062f\u0631 \u0628\u0631\u0627\u06cc \u0633\u0648\u0627\u0631 \u0634\u062f\u0646 \u0628\u0647 \u0642\u0627\u06cc\u0642 \u0628\u0627 \u0631\u0627\u0647\u0646\u0645\u0627\u06cc \u062a\u0648\u0631 \u0645\u062d\u0644\u06cc\u060c \u0627\u0632 \u062e\u0644\u06cc\u062c \u0633\u0627\u0645\u0627\u0646\u0627 \u062a\u0627 \u0644\u0648\u0633 \u0647\u0627\u06cc\u062a\u06cc\u0633\u060c \u0633\u0645\u062a \u0633\u0627\u0628\u0627\u0646\u0627 \u062f \u0644\u0627 \u0645\u0627\u0631 \u0639\u0628\u0648\u0631 \u0645\u06cc \u06a9\u0646\u06cc\u0645 \u062a\u0627 \u0627\u0632 \u06cc\u06a9\u06cc \u0627\u0632 \u0632\u06cc\u0628\u0627\u062a\u0631\u06cc\u0646 \u067e\u0627\u0631\u06a9 \u0647\u0627\u06cc \u0645\u0644\u06cc \u062c\u0645\u0647\u0648\u0631\u06cc \u062f\u0648\u0645\u06cc\u0646\u06cc\u06a9\u0646 \u0628\u0627\u0632\u062f\u06cc\u062f \u06a9\u0646\u06cc\u062f. <strong>\u0627\u06cc\u0646<em>\u00a0\u067e\u0627\u0631\u06a9 \u0645\u0644\u06cc Haitises<\/em>.<\/strong><\/p>\n<p>The tour, organized by \u00abBooking Adventures\u00bb starts at the meeting point set with the Tour Guide. Come with Booking Adventures and start checking some bird-filled mangroves, rolling hills of lush vegetation and caves of <em><strong>\u067e\u0627\u0631\u06a9 \u0645\u0644\u06cc \u0644\u0633 \u0647\u0627\u06cc\u062a\u06cc\u0633<\/strong><\/em>. \u0628\u0627\u0632\u062f\u06cc\u062f \u0627\u0632 \u062c\u0632\u06cc\u0631\u0647 \u0628\u0627 \u067e\u0631\u0646\u062f\u06af\u0627\u0646 \u062f\u0631 \u0627\u0637\u0631\u0627\u0641. \u062f\u0631 \u0641\u0635\u0644 \u0644\u0627\u0646\u0647 \u0633\u0627\u0632\u06cc\u060c \u0645\u0627 \u062d\u062a\u06cc \u0645\u06cc \u062a\u0648\u0627\u0646\u06cc\u0645 \u062c\u0648\u062c\u0647 \u0647\u0627\u06cc Pelecanos \u0631\u0627 \u0631\u0648\u06cc \u0644\u0627\u0646\u0647 \u0647\u0627 \u0628\u0628\u06cc\u0646\u06cc\u0645. \u0648\u0631\u0648\u062f \u0628\u06cc\u0634\u062a\u0631 \u0628\u0647 \u062c\u0632\u0627\u06cc\u0631 \u0631\u0627\u06a9\u06cc \u0648 \u0628\u0627\u0632\u062f\u06cc\u062f \u0627\u0632 \u063a\u0627\u0631\u0647\u0627 \u0628\u0627 \u062a\u0635\u0627\u0648\u06cc\u0631 \u0648 \u0633\u0646\u06af \u0646\u06af\u0627\u0631\u0647 \u0647\u0627\u06cc \u0645\u0631\u062f\u0645 \u0628\u0648\u0645\u06cc.<\/p>\n<p>\u062f\u0631 \u0645\u06cc\u0627\u0646 \u062c\u0646\u06af\u0644\u200c\u0647\u0627\u06cc \u062d\u0631\u0627 \u0648 \u0632\u0645\u06cc\u0646 \u062f\u0631 \u062e\u0644\u06cc\u062c \u0628\u0627\u0632 \u0633\u0627\u0646 \u0644\u0648\u0631\u0646\u0632\u0648\u060c \u0633\u0627\u0628\u0627\u0646\u0627 \u062f \u0644\u0627 \u0645\u0627\u0631\u060c \u062c\u0627\u06cc\u06cc \u06a9\u0647 \u0645\u06cc\u200c\u062a\u0648\u0627\u0646\u06cc\u062f \u0627\u0632 \u0645\u0646\u0638\u0631\u0647 \u062c\u0646\u06af\u0644\u06cc \u0646\u0627\u0647\u0645\u0648\u0627\u0631 \u0639\u06a9\u0627\u0633\u06cc \u06a9\u0646\u06cc\u062f. \u0628\u0631\u0627\u06cc \u062f\u06cc\u062f\u0646 \u0628\u0647 \u0622\u0628 \u0646\u06af\u0627\u0647 \u06a9\u0646\u06cc\u062f <em><strong>\u06af\u0627\u0648 \u062f\u0631\u06cc\u0627\u06cc\u06cc<\/strong><\/em>\u0633\u062e\u062a \u067e\u0648\u0633\u062a\u0627\u0646 \u0648 <em><strong>\u062f\u0644\u0641\u06cc\u0646 \u0647\u0627<\/strong><\/em><\/p>\n<div class=\"body-description secondary\">\n<p>\u0646\u0627\u0645 \u067e\u0627\u0631\u06a9 \u0645\u0644\u06cc \u0627\u0632 \u0633\u0627\u06a9\u0646\u0627\u0646 \u0627\u0635\u0644\u06cc \u0622\u0646\u060c \u0633\u0631\u062e\u067e\u0648\u0633\u062a\u0627\u0646 \u062a\u0627\u06cc\u0646\u0648 \u06af\u0631\u0641\u062a\u0647 \u0634\u062f\u0647 \u0627\u0633\u062a. \u062f\u0631 \u0632\u0628\u0627\u0646 \u0622\u0646\u0647\u0627 &quot;Haitises&quot; \u0628\u0647 \u0627\u0631\u062a\u0641\u0627\u0639\u0627\u062a \u06cc\u0627 \u062a\u067e\u0647 \u0647\u0627 \u062a\u0631\u062c\u0645\u0647 \u0645\u06cc \u0634\u0648\u062f\u060c \u06a9\u0647 \u0627\u0634\u0627\u0631\u0647 \u0627\u06cc \u0628\u0647 \u062a\u0634\u06a9\u06cc\u0644\u0627\u062a \u0632\u0645\u06cc\u0646 \u0634\u0646\u0627\u0633\u06cc \u0634\u06cc\u0628 \u062f\u0627\u0631 \u062e\u0637 \u0633\u0627\u062d\u0644\u06cc \u0628\u0627 \u0633\u0646\u06af \u0647\u0627\u06cc \u0622\u0647\u06a9\u06cc \u0627\u0633\u062a. \u0628\u0631\u0627\u06cc \u06a9\u0627\u0648\u0634 \u062f\u0631 \u063a\u0627\u0631\u0647\u0627\u06cc\u06cc \u0645\u0627\u0646\u0646\u062f Cueva San Gabriel \u0628\u0647 \u0639\u0645\u0642 \u067e\u0627\u0631\u06a9 \u0628\u0631\u0648\u06cc\u062f\u060c <em><strong>\u063a\u0627\u0631 \u0634\u0646\u06cc\u060c <\/strong><\/em>\u0648 <strong><em>\u063a\u0627\u0631 \u062e\u0637.<\/em><\/strong><\/p>\n<p>\u0627\u06cc\u0646 \u063a\u0627\u0631\u0647\u0627 \u062f\u0631 \u0630\u062e\u06cc\u0631\u0647\u200c\u06af\u0627\u0647 \u0628\u0647\u200c\u0639\u0646\u0648\u0627\u0646 \u067e\u0646\u0627\u0647\u06af\u0627\u0647\u06cc \u062a\u0648\u0633\u0637 \u0633\u0631\u062e\u067e\u0648\u0633\u062a\u0627\u0646 \u062a\u0627\u06cc\u0646\u0648 \u0648 \u0628\u0639\u062f\u0627\u064b \u0628\u0631\u0627\u06cc \u0645\u062e\u0641\u06cc \u06a9\u0631\u062f\u0646 \u062f\u0632\u062f\u0627\u0646 \u062f\u0631\u06cc\u0627\u06cc\u06cc \u0645\u0648\u0631\u062f \u0627\u0633\u062a\u0641\u0627\u062f\u0647 \u0642\u0631\u0627\u0631 \u06af\u0631\u0641\u062a\u0646\u062f. \u0628\u0647 \u062f\u0646\u0628\u0627\u0644 \u0646\u0642\u0627\u0634\u06cc \u0647\u0627\u06cc \u0647\u0646\u062f\u06cc \u0647\u0627 \u0628\u0627\u0634\u06cc\u062f \u06a9\u0647 \u0628\u0631\u062e\u06cc \u0627\u0632 \u062f\u06cc\u0648\u0627\u0631\u0647\u0627 \u0631\u0627 \u062a\u0632\u0626\u06cc\u0646 \u0645\u06cc \u06a9\u0646\u0646\u062f. \u067e\u0633 \u0627\u0632 \u0628\u0627\u0632\u062f\u06cc\u062f \u0627\u0632 \u067e\u0627\u0631\u06a9 \u0645\u0644\u06cc \u0644\u0648\u0633 \u0647\u0627\u06cc\u062a\u06cc\u0633\u060c \u0628\u0647 \u0633\u0627\u0646\u0686\u0632\u060c \u0633\u0627\u0645\u0627\u0646\u0627 \u0628\u0627\u0632 \u062e\u0648\u0627\u0647\u06cc\u0645 \u06af\u0634\u062a.<\/p>\n<p>\u0639\u0628\u0648\u0631 \u0627\u0632 \u062e\u0644\u06cc\u062c \u0633\u0627\u0645\u0627\u0646\u0627 30 \u062f\u0642\u06cc\u0642\u0647. \u0645\u0627 \u06cc\u06a9 \u0646\u0627\u0647\u0627\u0631 \u0645\u0639\u0645\u0648\u0644\u06cc \u062e\u0648\u0627\u0647\u06cc\u0645 \u062f\u0627\u0634\u062a\u060c \u0627\u06af\u0631 \u06af\u06cc\u0627\u0647\u062e\u0648\u0627\u0631 \u0647\u0633\u062a\u06cc\u062f \u0646\u06af\u0631\u0627\u0646 \u0646\u0628\u0627\u0634\u06cc\u062f \u0645\u0627 \u0646\u06cc\u0632 \u0628\u0631\u0627\u06cc \u0634\u0645\u0627 \u063a\u0630\u0627 \u062f\u0627\u0631\u06cc\u0645!<\/p>\n<p>\u0628\u0639\u062f \u0627\u0632 \u0646\u0627\u0647\u0627\u0631 \u0628\u0647 \u0644\u0627\u0633 \u062a\u0631\u0646\u0627\u0633 \u0628\u0631\u0645\u06cc \u06af\u0631\u062f\u06cc\u0645!!<\/p>\n<\/div>\n<p>\u062f\u0631 \u0635\u0648\u0631\u062a\u06cc \u06a9\u0647 \u0627\u06cc\u0646 \u0633\u0641\u0631 \u0631\u0627 \u0637\u0648\u0644\u0627\u0646\u06cc\u200c\u062a\u0631 \u06cc\u0627 \u06a9\u0648\u062a\u0627\u0647\u200c\u062a\u0631 \u062f\u0648\u0633\u062a \u062f\u0627\u0634\u062a\u0647 \u0628\u0627\u0634\u06cc\u062f\u060c \u0627\u06cc\u0646 \u06af\u0632\u06cc\u0646\u0647\u200c\u0647\u0627 \u0631\u0627 \u062f\u0627\u0631\u06cc\u0645:<\/p>\n<ol>\n<li><a href=\"https:\/\/www.ticketswhales.com\/tour\/the-haitises-national-park-tour-from-samana-port\/\" target=\"_blank\" rel=\"noopener\">\u0641\u0642\u0637 Los Haitises \u0627\u0632 \u0628\u0646\u062f\u0631 \u0633\u0627\u0645\u0627\u0646\u0627.<\/a><\/li>\n<li><a href=\"https:\/\/www.ticketswhales.com\/tour\/los-haitises-national-park-lunch-at-cano-hondo-from-samana-port\/\" target=\"_blank\" rel=\"noopener\">Los Haitises + Ca\u00f1o Hondo \u0627\u0632 \u0628\u0646\u062f\u0631 \u0633\u0627\u0645\u0627\u0646\u0627.<\/a><\/li>\n<\/ol>\n<p>&nbsp;<\/p>\n<h4><em><strong>\u0686\u0647 \u0686\u06cc\u0632\u06cc \u0628\u0627\u06cc\u062f \u0628\u06cc\u0627\u0648\u0631\u06cc\u062f\u061f<\/strong><\/em><\/h4>\n<ul>\n<li style=\"font-weight: 400;\"><span style=\"font-weight: 400;\">\u062f\u0648\u0631\u0628\u06cc\u0646<\/span><\/li>\n<li style=\"font-weight: 400;\"><span style=\"font-weight: 400;\">\u062c\u0648\u0627\u0646\u0647 \u0647\u0627\u06cc \u062f\u0627\u0641\u0639<\/span><\/li>\n<li style=\"font-weight: 400;\"><span style=\"font-weight: 400;\">\u06a9\u0631\u0645 \u0636\u062f \u0622\u0641\u062a\u0627\u0628<\/span><\/li>\n<li style=\"font-weight: 400;\"><span style=\"font-weight: 400;\">\u06a9\u0644\u0627\u0647<\/span><\/li>\n<li style=\"font-weight: 400;\"><span style=\"font-weight: 400;\">\u0634\u0644\u0648\u0627\u0631 \u0631\u0627\u062d\u062a\u06cc<\/span><\/li>\n<li style=\"font-weight: 400;\"><span style=\"font-weight: 400;\">\u06a9\u0641\u0634 \u067e\u06cc\u0627\u062f\u0647 \u0631\u0648\u06cc \u0628\u0631\u0627\u06cc \u062c\u0646\u06af\u0644<\/span><\/li>\n<li style=\"font-weight: 400;\"><span style=\"font-weight: 400;\">\u0635\u0646\u062f\u0644 \u0628\u0647 \u0645\u0646\u0627\u0637\u0642 \u0628\u0647\u0627\u0631.<\/span><\/li>\n<li style=\"font-weight: 400;\"><span style=\"font-weight: 400;\">\u0644\u0628\u0627\u0633 \u0634\u0646\u0627<\/span><\/li>\n<\/ul>\n<p>&nbsp;<\/p>\n<h4><b><i>\u0648\u0627\u0646\u062a \u0647\u062a\u0644 <\/i><\/b><\/h4>\n<p><span style=\"font-weight: 400;\">\u062a\u062d\u0648\u06cc\u0644 \u0647\u062a\u0644 \u0628\u0631\u0627\u06cc \u0627\u06cc\u0646 \u062a\u0648\u0631 \u0627\u0631\u0627\u0626\u0647 \u0646\u0645\u06cc \u0634\u0648\u062f. <\/span><\/p>\n<p>&nbsp;<\/p>\n<p><b>\u062a\u0648\u062c\u0647 \u062f\u0627\u0634\u062a\u0647 \u0628\u0627\u0634\u06cc\u062f:<\/b><span style=\"font-weight: 400;\"> \u0627\u06af\u0631 \u0638\u0631\u0641 24 \u0633\u0627\u0639\u062a \u067e\u0633 \u0627\u0632 \u0632\u0645\u0627\u0646 \u062d\u0631\u06a9\u062a \u062a\u0648\u0631\/\u06af\u0634\u062a \u0631\u0632\u0631\u0648 \u0634\u062f\u0647 \u0627\u06cc\u062f\u060c \u0645\u06cc \u062a\u0648\u0627\u0646\u06cc\u0645 \u0628\u0627 \u0647\u0632\u06cc\u0646\u0647 \u0647\u0627\u06cc \u0627\u0636\u0627\u0641\u06cc\u060c \u062a\u062d\u0648\u06cc\u0644 \u0647\u062a\u0644 \u0631\u0627 \u062a\u0631\u062a\u06cc\u0628 \u062f\u0647\u06cc\u0645. \u0647\u0646\u06af\u0627\u0645\u06cc \u06a9\u0647 \u062e\u0631\u06cc\u062f \u0634\u0645\u0627 \u06a9\u0627\u0645\u0644 \u0634\u062f\u060c \u0627\u0637\u0644\u0627\u0639\u0627\u062a \u062a\u0645\u0627\u0633 \u06a9\u0627\u0645\u0644 (\u0634\u0645\u0627\u0631\u0647 \u062a\u0644\u0641\u0646\u060c \u0622\u062f\u0631\u0633 \u0627\u06cc\u0645\u06cc\u0644 \u0648 \u063a\u06cc\u0631\u0647) \u0631\u0627 \u0628\u0631\u0627\u06cc \u0631\u0627\u0647\u0646\u0645\u0627\u06cc \u062a\u0648\u0631 \u0645\u062d\u0644\u06cc \u062e\u0648\u062f \u0628\u0631\u0627\u06cc \u0633\u0627\u0632\u0645\u0627\u0646\u062f\u0647\u06cc \u062a\u0631\u062a\u06cc\u0628\u0627\u062a \u062a\u062d\u0648\u06cc\u0644 \u0628\u0631\u0627\u06cc \u0634\u0645\u0627 \u0627\u0631\u0633\u0627\u0644 \u0645\u06cc \u06a9\u0646\u06cc\u0645.<\/span><\/p>\n<h4><b><i>\u062a\u0627\u06cc\u06cc\u062f \u0627\u0637\u0644\u0627\u0639\u0627\u062a \u0627\u0636\u0627\u0641\u06cc <\/i><\/b><\/h4>\n<ol>\n<li>\u0628\u0644\u06cc\u0637 \u0647\u0627 \u067e\u0633 \u0627\u0632 \u067e\u0631\u062f\u0627\u062e\u062a \u0627\u06cc\u0646 \u062a\u0648\u0631 \u062f\u0631\u06cc\u0627\u0641\u062a \u0645\u06cc \u0634\u0648\u062f. \u0645\u06cc \u062a\u0648\u0627\u0646\u06cc\u062f \u067e\u0631\u062f\u0627\u062e\u062a \u0631\u0627 \u062f\u0631 \u06af\u0648\u0634\u06cc \u062e\u0648\u062f \u0646\u0634\u0627\u0646 \u062f\u0647\u06cc\u062f.<\/li>\n<li style=\"font-weight: 400;\"><span style=\"font-weight: 400;\">\u0646\u0642\u0637\u0647 \u062c\u0644\u0633\u0647 \u067e\u0633 \u0627\u0632 \u0641\u0631\u0622\u06cc\u0646\u062f \u0631\u0632\u0631\u0648 \u062f\u0631\u06cc\u0627\u0641\u062a \u0645\u06cc \u0634\u0648\u062f.<\/span><\/li>\n<li style=\"font-weight: 400;\"><span style=\"font-weight: 400;\">\u06a9\u0648\u062f\u06a9\u0627\u0646 \u0628\u0627\u06cc\u062f \u0628\u0627 \u06cc\u06a9 \u0628\u0632\u0631\u06af\u0633\u0627\u0644 \u0647\u0645\u0631\u0627\u0647 \u0628\u0627\u0634\u0646\u062f.<\/span><\/li>\n<li style=\"font-weight: 400;\"><span style=\"font-weight: 400;\"> \u0648\u06cc\u0644\u0686\u0631 \u0642\u0627\u0628\u0644 \u062f\u0633\u062a\u0631\u0633\u06cc \u0646\u06cc\u0633\u062a <\/span><\/li>\n<li style=\"font-weight: 400;\"><span style=\"font-weight: 400;\">\u0646\u0648\u0632\u0627\u062f\u0627\u0646 \u0628\u0627\u06cc\u062f \u0631\u0648\u06cc \u067e\u0627\u0647\u0627\u06cc \u062e\u0648\u062f \u0628\u0646\u0634\u06cc\u0646\u0646\u062f <\/span><\/li>\n<li style=\"font-weight: 400;\"><span style=\"font-weight: 400;\">\u0628\u0631\u0627\u06cc \u0645\u0633\u0627\u0641\u0631\u0627\u0646\u06cc \u06a9\u0647 \u0645\u0634\u06a9\u0644\u0627\u062a \u06a9\u0645\u0631 \u062f\u0627\u0631\u0646\u062f \u062a\u0648\u0635\u06cc\u0647 \u0646\u0645\u06cc \u0634\u0648\u062f<\/span><\/li>\n<li style=\"font-weight: 400;\"><span style=\"font-weight: 400;\">\u0628\u0631\u0627\u06cc \u0645\u0633\u0627\u0641\u0631\u0627\u0646 \u0628\u0627\u0631\u062f\u0627\u0631 \u062a\u0648\u0635\u06cc\u0647 \u0646\u0645\u06cc \u0634\u0648\u062f <\/span><\/li>\n<li style=\"font-weight: 400;\"><span style=\"font-weight: 400;\"> \u0628\u062f\u0648\u0646 \u0645\u0634\u06a9\u0644 \u0642\u0644\u0628\u06cc \u06cc\u0627 \u0633\u0627\u06cc\u0631 \u0634\u0631\u0627\u06cc\u0637 \u067e\u0632\u0634\u06a9\u06cc \u062c\u062f\u06cc <\/span><\/li>\n<li style=\"font-weight: 400;\"><span style=\"font-weight: 400;\">\u0627\u06a9\u062b\u0631 \u0645\u0633\u0627\u0641\u0631\u0627\u0646 \u0645\u06cc \u062a\u0648\u0627\u0646\u0646\u062f \u0634\u0631\u06a9\u062a \u06a9\u0646\u0646\u062f<\/span><\/li>\n<\/ol>\n<h4><b><i>\u0633\u06cc\u0627\u0633\u062a \u0644\u063a\u0648<\/i><\/b><\/h4>\n<p>\u0628\u0631\u0627\u06cc \u0628\u0627\u0632\u067e\u0631\u062f\u0627\u062e\u062a \u06a9\u0627\u0645\u0644\u060c \u0644\u0637\u0641\u0627\u064b \u0633\u06cc\u0627\u0633\u062a\u200c\u0647\u0627\u06cc \u0644\u063a\u0648 \u0645\u0627 \u0631\u0627 \u0628\u062e\u0648\u0627\u0646\u06cc\u062f\u00a0<a href=\"https:\/\/www.ticketswhales.com\/online-booking\/\" target=\"_blank\" rel=\"noopener\" data-saferedirecturl=\"https:\/\/www.google.com\/url?q=https:\/\/www.ticketswhales.com\/online-booking\/&amp;source=gmail&amp;ust=1672529771100000&amp;usg=AOvVaw2NIGJBZ0qjB5RhPUl5Obc7\">\u0627\u06cc\u0646\u062c\u0627 \u0631\u0627 \u06a9\u0644\u06cc\u06a9 \u06a9\u0646\u06cc\u062f<\/a>. \u062f\u0631 \u0635\u0648\u0631\u062a \u0644\u063a\u0648 \u0631\u0632\u0631\u0648 \u062f\u0631 \u0647\u0645\u0627\u0646 \u0631\u0648\u0632 \u0633\u0641\u0631\u060c \u0648\u062c\u0648\u0647 \u0627\u0632 \u0628\u06cc\u0646 \u062e\u0648\u0627\u0647\u062f \u0631\u0641\u062a.<\/p>\n\n\t\t<\/div>\n\t<\/div>\n<div class=\"vc_btn3-container vc_btn3-inline\" ><button class=\"vc_general vc_btn3 vc_btn3-size-md vc_btn3-shape-rounded vc_btn3-style-modern vc_btn3-color-green\">\u0627\u06a9\u0646\u0648\u0646 \u062b\u0628\u062a \u06a9\u0646<\/button><\/div><\/div><\/div><\/div><\/div><div class=\"vc_row wpb_row vc_row-fluid\" ><div class=\"wpb_column vc_column_container vc_col-sm-12\"><div class=\"vc_column-inner\"><div class=\"wpb_wrapper\">\n\t<div class=\"wpb_video_widget wpb_content_element vc_clearfix   vc_video-aspect-ratio-169 vc_video-el-width-100 vc_video-align-left\" >\n\t\t<div class=\"wpb_wrapper\">\n\t\t\t\n\t\t\t<div class=\"wpb_video_wrapper\"><iframe loading=\"lazy\" title=\"Los Haitises National Park, Tours &amp; Excursion From Samana or Sabana de la Mar. Book Here:\" src=\"https:\/\/player.vimeo.com\/video\/346508015?dnt=1&amp;app_id=122963\" width=\"1100\" height=\"619\" frameborder=\"0\" allow=\"autoplay; fullscreen; picture-in-picture\"><\/iframe><\/div>\n\t\t<\/div>\n\t<\/div>\n<\/div><\/div><\/div><\/div><div class=\"vc_row wpb_row vc_row-fluid\" ><\/div><div class=\"wpb_column vc_column_container vc_col-sm-12\"><div class=\"vc_column-inner\"><div class=\"wpb_wrapper\"><\/div><\/div><\/div><div class=\"vc_empty_space\"   style=\"height: 32px\"><span class=\"vc_empty_space_inner\"><\/span><\/div><div class=\"vc_empty_space\"   style=\"height: 32px\"><span class=\"vc_empty_space_inner\"><\/span><\/div><div class=\"vc_row wpb_row vc_row-fluid\" ><div class=\"wpb_column vc_column_container vc_col-sm-12\"><div class=\"vc_column-inner\"><div class=\"wpb_wrapper\"><div class=\"vc_btn3-container vc_btn3-inline\" ><button class=\"vc_general vc_btn3 vc_btn3-size-md vc_btn3-shape-rounded vc_btn3-style-modern vc_btn3-color-green\">\u0627\u06a9\u0646\u0648\u0646 \u062b\u0628\u062a \u06a9\u0646<\/button><\/div><\/div><\/div><\/div><\/div>","protected":false},"excerpt":{"rendered":"<p><span style=\"vertical-align: inherit;\"><span style=\"vertical-align: inherit;\">Esta excursi\u00f3n desde Las Terrenas al Parque Nacional Los Haitises incluye Almuerzo y Transporte para una visita a las 3 cuevas principales, una exploraci\u00f3n de 2 manglares diferentes y por supuesto la observaci\u00f3n de aves para pescar.<\/span><\/span><\/p>\n<p><span style=\"vertical-align: inherit;\"><span style=\"vertical-align: inherit;\">Viaje ecol\u00f3gico al Parque Nacional Los Haitises con un gu\u00eda tur\u00edstico local. <\/span><span style=\"vertical-align: inherit;\">Visitando los Cayos en el Parque Nacional Los Haitises, Manglares, Vegetaci\u00f3n, Observaci\u00f3n de aves, Cuevas, Pictogramas y las \u00e1reas hist\u00f3ricas de Sabana de la Mar en el Parque Nacional Los Haitises.<\/span><\/span><\/p>\n<p>&nbsp;<\/p>\n<p><strong><span style=\"vertical-align: inherit;\"><span style=\"vertical-align: inherit;\">Seleccione la fecha para el Tour:\u00a0<\/span><\/span><\/strong><\/p>","protected":false},"featured_media":11263,"template":"","meta":[],"product_brand":[],"product_cat":[571,566,122,124],"product_tag":[206,225,132,133,146,226],"class_list":{"0":"post-11639","1":"product","2":"type-product","3":"status-publish","4":"has-post-thumbnail","6":"product_cat-1-samana","7":"product_cat-boat-trip-los-haitises","8":"product_cat-tours-and-excursions","9":"product_cat-tours-excursions-samana-bay-dominican-republic","10":"product_tag-caves-los-haitises","11":"product_tag-las-terrenas","12":"product_tag-los-haitises","13":"product_tag-los-haitises-national-park","14":"product_tag-mangroves-los-haitises","15":"product_tag-transportation-los-haitises","17":"first","18":"instock","19":"sale","20":"sold-individually","21":"shipping-taxable","22":"product-type-external"},"_links":{"self":[{"href":"https:\/\/haitises.com\/fa\/wp-json\/wp\/v2\/product\/11639","targetHints":{"allow":["GET"]}}],"collection":[{"href":"https:\/\/haitises.com\/fa\/wp-json\/wp\/v2\/product"}],"about":[{"href":"https:\/\/haitises.com\/fa\/wp-json\/wp\/v2\/types\/product"}],"wp:featuredmedia":[{"embeddable":true,"href":"https:\/\/haitises.com\/fa\/wp-json\/wp\/v2\/media\/11263"}],"wp:attachment":[{"href":"https:\/\/haitises.com\/fa\/wp-json\/wp\/v2\/media?parent=11639"}],"wp:term":[{"taxonomy":"product_brand","embeddable":true,"href":"https:\/\/haitises.com\/fa\/wp-json\/wp\/v2\/product_brand?post=11639"},{"taxonomy":"product_cat","embeddable":true,"href":"https:\/\/haitises.com\/fa\/wp-json\/wp\/v2\/product_cat?post=11639"},{"taxonomy":"product_tag","embeddable":true,"href":"https:\/\/haitises.com\/fa\/wp-json\/wp\/v2\/product_tag?post=11639"}],"curies":[{"name":"wp","href":"https:\/\/api.w.org\/{rel}","templated":true}]}}