{"id":607,"date":"2020-07-11T21:05:03","date_gmt":"2020-07-11T21:05:03","guid":{"rendered":"http:\/\/haitises.com\/?post_type=product&#038;p=607"},"modified":"2024-04-16T04:05:26","modified_gmt":"2024-04-16T04:05:26","slug":"excursion-samana-zipline-tirolesa-el-valle-con-almuerzo-en-la-playa","status":"publish","type":"product","link":"https:\/\/haitises.com\/eu\/pribatua\/excursion-samana-zipline-tirolesa-el-valle-con-almuerzo-en-la-playa\/","title":{"rendered":"Saman\u00e1 Tirolina (Tirolina) El Valle Txangoa Hondartzan Bazkariarekin"},"content":{"rendered":"<div class=\"vc_row wpb_row vc_row-fluid\" ><div class=\"wpb_column vc_column_container vc_col-sm-12\"><div class=\"vc_column-inner\"><div class=\"wpb_wrapper\">[mkdf_section_title subtitle_tag=\u00bb\u00bb subtitle=\u00bb Aventura de Zip Line\u00bb]<\/div><\/div><\/div><\/div><div class=\"vc_row wpb_row vc_row-fluid\" ><div class=\"wpb_column vc_column_container vc_col-sm-12\"><div class=\"vc_column-inner\"><div class=\"wpb_wrapper\"><div class=\"vc_empty_space\"   style=\"height: 32px\"><span class=\"vc_empty_space_inner\"><\/span><\/div><\/div><\/div><\/div><\/div><div class=\"vc_row wpb_row vc_row-fluid\" ><div class=\"wpb_column vc_column_container vc_col-sm-12\"><div class=\"vc_column-inner\"><div class=\"wpb_wrapper\">\n\t<div class=\"wpb_text_column wpb_content_element\" >\n\t\t<div class=\"wpb_wrapper\">\n\t\t\t<h2>Tirolina (Tirolina) Saman\u00e1, El Valle hondartzan bazkariarekin<\/h2>\n<h3>Deskribapena<\/h3>\n<p>Tirolina Samanan, El Valle gehi bazkaria hondartzan. Zatoz gurekin eta bisitatu Karibeko tirolina luzeenetako bat. 12 linea, 13 geltoki eta 7.400 oin baino gehiago kable. Prestatu eta jarraitu zure gidari 1.000 oin (304 metro) lerroak zeharkatzen dituzten hamabi tirolina plataformatan, paisaiaren aireko bistaz gozatzen duzun bitartean.<\/p>\n<p>Esperientzia honen ondoren zure hondartzako denbora eta bertako bazkaria izango duzu hondartzan.<\/p>\n<ul>\n<li>Buffet bazkaria hondartzan barne.<\/li>\n<li>Tirolina oihanean eta lortu paisaiaren ikuspegiak<\/li>\n<li>Gidak instrukzioa eta gainbegiratzea eskaintzen du.<\/li>\n<\/ul>\n<h3>Inklusioak eta bazterketak<\/h3>\n<h4>Inklusioak<\/h4>\n<ol>\n<li>Buffet bazkaria hondartzan.<\/li>\n<li>Tirolina Tour<\/li>\n<li>Kafe eta kakao basoa<\/li>\n<li>Zerga, tasa eta kargu guztiak<\/li>\n<li>Tokiko zergak<\/li>\n<li>Edariak<\/li>\n<li>Jarduera guztiak<\/li>\n<li>Tokiko gida<\/li>\n<\/ol>\n<h3>Bazterketak<\/h3>\n<ol>\n<li>Aholkuak<\/li>\n<li>Transferentzia<\/li>\n<li>Edari alkoholdunak<\/li>\n<\/ol>\n<h3><em>Irteera eta itzulera<\/em><\/h3>\n<p>Bidaiariak bilgune bat lortuko du erreserba prozesuaren ondoren. Bisitak gure topaguneetan hasi eta amaitzen dira.<\/p>\n<h3><em>Zer espero?<\/em><\/h3>\n<p>Lortu zure sarrerak Saman\u00e1ko El Valle Zipline bisitatzeko, eta bazkari zoragarria eta El Valle hondartzan hondartzan.<\/p>\n<p>Zure segurtasunerako beharrezkoak diren ekipamendu mota guztiak eskuratu ondoren (arnesa, kaskoak, etab.), ekintza hasiko da, Saman\u00e1ko koko eta kakao baso hezean barrena pixka bat ibiliz.<\/p>\n<p>El recorrido, organizado por \u00abBooking Adventures\u00bb comienza en el punto de encuentro establecido con el gu\u00eda tur\u00edstico. Con una caba\u00f1a de la zona, donde reciben a los invitados con una degustaci\u00f3n de chocolate y caf\u00e9 org\u00e1nico y un trago de Mamajuana tambi\u00e9n. La emoci\u00f3n comienza en el momento en que los gu\u00edas de Zip-Line comienzan a colocar todo el equipo regulador en cada Zipliner y explican paso a paso qu\u00e9 hacer en la Zip Line. Se requerir\u00e1 el uso de cascos de seguridad con arn\u00e9s doble &#8230; la adrenalina comienza a surtir efecto, suda e incluso se arrepiente para ver la distancia del primer salto. Espere y participe en la \u00abl\u00ednea de seguridad\u00bb en el cable de acero, as\u00ed que es hora de liberar su cuerpo, experimentar la sensaci\u00f3n de volar, volar de plataforma en plataforma y disfrutar del aire con una vista privilegiada de las monta\u00f1as exuberantes, antiguas y tropicales. .<\/p>\n<p>Erreserbatzeko abenturak, Zip-Line el Valle altzairuzko hiru kablez elkarlotutako 12 plataformek osatzen dute, guztira 7.400 oin kablez, 13 mila libra onartzen dituztenak, non abenturazaleak txalupan inspiratutako plataforma piratatik abiatuta irristatuz eta distantzia batera. Bigarren plataformatik 1.000 metrora, 400 metrotik gorako altueran. Pirueta egin, egin garrasi ilusioz edo, besterik gabe, begiak distraitu 360 graduko angeluan, mendien bihotzean hazten den baso tropikal oparoena ezagutuz.<\/p>\n<p>Ibili kableak geltoki askotan eta El Valle hondartzan amaitu. Hondartza hau Samanako ederrenetakoa da eta normalean ez da jende asko joaten inguruetara.<\/p>\n<p>Bazkaldu hondartzan eta igerian nahi duzun bitartean egon zaitezke. Arrain frijitua eta Tostones eskaintzen! Beganoa bazara, janari batzuk ere prestatu ditzakegu.<\/p>\n<h3><em>Zer ekarri behar duzu?<\/em><\/h3>\n<ul>\n<li>Kamera<\/li>\n<li>Errefusak<\/li>\n<li>eguzkitarako krema<\/li>\n<li>Txapela<\/li>\n<li>Praka erosoak<\/li>\n<li>Basoko mendiko oinetakoak<\/li>\n<li>Sandaliak hondartzara<\/li>\n<li>Bainujantzi<\/li>\n<\/ul>\n<h3><em>Hoteleko bilketa<\/em><\/h3>\n<p>Bisita honetarako ez da hoteleko bilketa eskaintzen.<\/p>\n<p><strong>Ohar:<\/strong> Tour\/txangoa irteteko ordutik 24 orduko epean erreserbatzen baduzu, hoteleko bilketa antola dezakegu kostu gehigarriekin. Erosketa amaitutakoan, harremanetarako informazio osoa bidaliko dizugu (telefono zenbakia, helbide elektronikoa, etab.) gure tokiko gida gidari bilketa-antolaketak antola ditzan.<\/p>\n<h3><em>Informazio gehigarriaren berrespena<\/em><\/h3>\n<ul>\n<li>Sarrerak Ibilbide hau ordaindu ondoren ordainagiria dira. Ordainketa zure telefonoan erakutsi dezakezu.<\/li>\n<li>Bilgunea erreserba prozesuaren ondoren jasoko da.<\/li>\n<li>Haurrak heldu batekin joan behar dira.<\/li>\n<li>Parte-hartzaileek gutxienez 45 kilo pisatu behar dituzte.<\/li>\n<li>Gehienezko pisurik ez, baina arnesak zure gorputzera egokitu behar dira. (gerrian 54 tamaina gehienez)<\/li>\n<li>Zip bikoitza dezakezu, haurrekin edo norbait berezi batekin.<\/li>\n<\/ul>\n<p><strong>Ohar:<\/strong> Lehenengo plataformara iristeko 100 metroko ibilaldi bat dago hartxintxarrezko muino batean gora.<\/p>\n<ul>\n<li>Ez dago gurpil-aulkirako sarbidea<\/li>\n<li>Haurrak heldu batekin eseri behar dira<\/li>\n<li>Ez da gomendagarria bizkarreko arazoak dituzten bidaiarientzat.<\/li>\n<li>Ez da gomendagarria haurdun dauden emakumeentzat.<\/li>\n<li>Ez dago bihotzeko arazorik edo beste baldintza mediko larririk.<\/li>\n<li>Bidaiari gehienek parte har dezakete.<\/li>\n<\/ul>\n<h3><em>Baliogabetze politika<\/em><\/h3>\n<p>Itzulketa osoa lortzeko, bertan behera utzi jardueraren hasiera data baino 24 ordu lehenago gutxienez.<\/p>\n\n\t\t<\/div>\n\t<\/div>\n<\/div><\/div><\/div><\/div><div class=\"vc_row wpb_row vc_row-fluid\" ><div class=\"wpb_column vc_column_container vc_col-sm-12\"><div class=\"vc_column-inner\"><div class=\"wpb_wrapper\">\n\t<div class=\"wpb_text_column wpb_content_element\" >\n\t\t<div class=\"wpb_wrapper\">\n\t\t\t<h4>Jarri gurekin harremanetan!<\/h4>\n<h5>abentura erreserba<\/h5>\n<p><em>Gida turistikoak <strong>tokikoa<\/strong> eta <strong>nazionala<\/strong> eta gonbidatuentzako zerbitzuak<\/em><\/p>\n<p>Erreserbak: Bisitak eta Txangoak Dom. Rep.<\/p>\n<p>Tel\/Whatsapp +1-809-720-6035.<\/p>\n<p>info@bookingadventures.com.do<\/p>\n<p>Bisita pribatuak egiten ditugu konfigurazio malguarekin Whatsapp bidez:<strong>\u00a0<a href=\"tel:+18097206035\">+18097206035.<\/a><\/strong><\/p>\n\n\t\t<\/div>\n\t<\/div>\n<div class=\"vc_empty_space\"   style=\"height: 32px\"><span class=\"vc_empty_space_inner\"><\/span><\/div><\/div><\/div><\/div><\/div>","protected":false},"excerpt":{"rendered":"<p>Tirolina Samanan, El Valle gehi bazkaria hondartzan. Zatoz gurekin eta bisitatu Karibeko tirolina luzeenetako bat, 12 linea, 13 geltoki eta 7.400 oin baino gehiago kable!<\/p>\n<p>Esperientzia honen ondoren zure hondartzako denbora eta bertako bazkaria izango duzu hondartzan.<\/p>\n<p><em><strong>Mesedez, hautatu Tour-a egiteko data:<\/strong><\/em><\/p>","protected":false},"featured_media":132,"template":"","meta":[],"product_brand":[],"product_cat":[96,135,122,443,123,124],"product_tag":[138,157,158,142,147,148,143,159,160,161],"class_list":{"0":"post-607","1":"product","2":"type-product","3":"status-publish","4":"has-post-thumbnail","6":"product_cat-hiking","7":"product_cat-lunch","8":"product_cat-tours-and-excursions","9":"product_cat-tours-y-excursiones-es","10":"product_cat-tours-excursions-los-haitises-national-park","11":"product_cat-tours-excursions-samana-bay-dominican-republic","12":"product_tag-beach-time","13":"product_tag-el-valle-beach","14":"product_tag-playa-el-valle","15":"product_tag-samana","16":"product_tag-samana-bay","17":"product_tag-samana-excursions","18":"product_tag-samana-tours","19":"product_tag-tours-dominican-republic","20":"product_tag-zip-line","21":"product_tag-zip-line-samana","23":"first","24":"instock","25":"sale","26":"sold-individually","27":"shipping-taxable","28":"product-type-external"},"_links":{"self":[{"href":"https:\/\/haitises.com\/eu\/wp-json\/wp\/v2\/product\/607","targetHints":{"allow":["GET"]}}],"collection":[{"href":"https:\/\/haitises.com\/eu\/wp-json\/wp\/v2\/product"}],"about":[{"href":"https:\/\/haitises.com\/eu\/wp-json\/wp\/v2\/types\/product"}],"wp:featuredmedia":[{"embeddable":true,"href":"https:\/\/haitises.com\/eu\/wp-json\/wp\/v2\/media\/132"}],"wp:attachment":[{"href":"https:\/\/haitises.com\/eu\/wp-json\/wp\/v2\/media?parent=607"}],"wp:term":[{"taxonomy":"product_brand","embeddable":true,"href":"https:\/\/haitises.com\/eu\/wp-json\/wp\/v2\/product_brand?post=607"},{"taxonomy":"product_cat","embeddable":true,"href":"https:\/\/haitises.com\/eu\/wp-json\/wp\/v2\/product_cat?post=607"},{"taxonomy":"product_tag","embeddable":true,"href":"https:\/\/haitises.com\/eu\/wp-json\/wp\/v2\/product_tag?post=607"}],"curies":[{"name":"wp","href":"https:\/\/api.w.org\/{rel}","templated":true}]}}