{"id":602,"date":"2020-07-06T21:08:32","date_gmt":"2020-07-06T21:08:32","guid":{"rendered":"http:\/\/haitises.com\/?post_type=product&#038;p=602"},"modified":"2024-04-16T16:45:03","modified_gmt":"2024-04-16T16:45:03","slug":"excursion-parque-nacional-salto-de-la-jalda-el-salto-mas-alto-de-el-caribe-272-pies","status":"publish","type":"product","link":"https:\/\/haitises.com\/eu\/pribatua\/excursion-parque-nacional-salto-de-la-jalda-el-salto-mas-alto-de-el-caribe-272-pies\/","title":{"rendered":"Txangoa Salto de la Jalda Parke Nazionala-Karibeko ur-jauzirik altuena 272 oin"},"content":{"rendered":"<div class=\"vc_row wpb_row vc_row-fluid\" ><div class=\"wpb_column vc_column_container vc_col-sm-12\"><div class=\"vc_column-inner\"><div class=\"wpb_wrapper\">[mkdf_section_title subtitle_tag=\u00bb\u00bb text_font_weight=\u00bb\u00bb subtitle=\u00bbLa cascada m\u00e1s alta del Caribe 272 pies\u00bb text=\u00bbSenderismo o a caballo\u00bb]<\/div><\/div><\/div><\/div><div class=\"vc_row wpb_row vc_row-fluid\" ><div class=\"wpb_column vc_column_container vc_col-sm-12\"><div class=\"vc_column-inner\"><div class=\"wpb_wrapper\">\n\t<div class=\"wpb_text_column wpb_content_element\" >\n\t\t<div class=\"wpb_wrapper\">\n\t\t\t<h2>Parque Nacional Salto de la Jalda<\/h2>\n<h3>Deskribapena<\/h3>\n<p>Este es un tour privado a las cascadas del Salto de la Jalda con paseos a caballo o senderismo. Visitando el bosque de cacao y caf\u00e9 bajo los cocos. Cuando llegue a las cascadas, podr\u00e1 nadar y establecer la hora con su gu\u00eda local.<\/p>\n<p>Aprenda con los lugare\u00f1os y obtenga un viaje seguro. Obtenga sus entradas en oferta hoy.<\/p>\n<ul>\n<li>Cabalgata o senderismo<\/li>\n<li>E gu\u00eda proporciona instrucciones y supervisi\u00f3n.<\/li>\n<li>Tarifas al Parque Nacional<\/li>\n<\/ul>\n<h3>Inklusioak eta bazterketak<\/h3>\n<h4>Inklusioak<\/h4>\n<ol>\n<li>Excursi\u00f3n a pie o a caballo<\/li>\n<li>Zerga, tasa eta kargu guztiak<\/li>\n<li>Tokiko zergak<\/li>\n<li>Edariak<\/li>\n<li>Jarduera guztiak<\/li>\n<li>Tokiko gida<\/li>\n<\/ol>\n<h4>Bazterketak<\/h4>\n<ol>\n<li>Aholkuak<\/li>\n<li>Garraioa<\/li>\n<li>Bazkaria<\/li>\n<li>Edari alkoholdunak<\/li>\n<\/ol>\n<h3><em>Irteera eta itzulera<\/em><\/h3>\n<p>Bidaiariak bilgune bat lortuko du erreserba prozesuaren ondoren. Bisitak gure topaguneetan hasi eta amaitzen dira.<\/p>\n<h2>Caminata al Parque Nacional Salto de la Jalda<\/h2>\n<h3><em>Zer espero?<\/em><\/h3>\n<p>Obtenga sus boletos para visitar las cascadas m\u00e1s altas del Caribe. El Salto la Jalda Senderismo o a caballo.<\/p>\n<p>El recorrido, organizado por \u00abBooking Adventures\u00bb comienza en el punto de encuentro establecido con el gu\u00eda tur\u00edstico. Para comenzar nuestro recorrido, nos encontramos en Sabana de la Mar. Luego nos subimos al veh\u00edculo que conducimos 25 minutos a la Comunidad Magua. Donde nos encontraremos con nuestros gu\u00edas locales de senderismo. Dejando su veh\u00edculo en un lugar de estacionamiento seguro, vamos a caballo o a pie al Parque Nacional Salto de La Jalda, con un tiempo de tres horas para llegar all\u00ed.<\/p>\n<p>El camino consta de 6.5 kil\u00f3metros, es una larga experiencia a trav\u00e9s del bosque dominicano, pasando por los bosques de cacaos, cocos y caf\u00e9. En nuestro viaje completo, pasaremos cerca del r\u00edo Magua y lo cruzaremos aproximadamente 8 veces sin mucha dificultad.<\/p>\n<p>Casi todo el sendero tiene la sombra de una gran cantidad de bosque de cacao plantado antes de que el \u00e1rea fue declarada Parque Nacional Salto de La Jalda. En esta primera parte de la aventura de ecoturismo, puedes disfrutar del canto de los p\u00e1jaros, el sonido de las corrientes de agua, el terreno mayormente llano y toda la vegetaci\u00f3n verde.<\/p>\n<p>Adem\u00e1s del cacao en la tierra del Parque Nacional de La Jalda, tambi\u00e9n se pueden ver cafetales. Casi llegando a la cascada nos detenemos en la casa de guardaparques nativos de la comunidad de Magua, asignadas al Parque Nacional de la Jalda. All\u00ed puede tomar un breve descanso, desde donde puede ver una vista general incre\u00edble del Salto de La Jalda.<\/p>\n<p>Continuaremos hasta las cascadas. nadar all\u00ed y despu\u00e9s de unas horas volver al veh\u00edculo por el mismo sendero. Esta es una aventura extrema. Por favor, si no tiene condiciones para hacer senderismo, debe montar a caballo.<\/p>\n<h3><em>Zer ekarri behar duzu?<\/em><\/h3>\n<ul>\n<li>Kamera<\/li>\n<li>Errefusak<\/li>\n<li>eguzkitarako krema<\/li>\n<li>Txapela<\/li>\n<li>Praka erosoak<\/li>\n<li>Basoko mendiko oinetakoak<\/li>\n<li>Bainujantzi<\/li>\n<li>Botella de agua extra<\/li>\n<li>Almuerzo o meriendas<\/li>\n<\/ul>\n<h3><em>Hoteleko bilketa<\/em><\/h3>\n<p>Bisita honetarako ez da hoteleko bilketa eskaintzen.<\/p>\n<p><strong>Ohar:<\/strong> Si realiza la reserva dentro de las 24 horas de la hora de salida del tour \/ excursi\u00f3n, podemos organizar la recogida en el hotel con cargos adicionales. Una vez que se complete su compra, le enviaremos informaci\u00f3n de contacto completa (n\u00famero de tel\u00e9fono, direcci\u00f3n de correo electr\u00f3nico, etc.) para que nuestro gu\u00eda tur\u00edstico local organice los arreglos de recogida.<\/p>\n<h3><em>Informazio gehigarriaren berrespena<\/em><\/h3>\n<ul>\n<li>Sarrerak Ibilbide hau ordaindu ondoren ordainagiria dira. Ordainketa zure telefonoan erakutsi dezakezu.<\/li>\n<li>Bilgunea erreserba prozesuaren ondoren jasoko da.<\/li>\n<li>Haurrak heldu batekin joan behar dira.<\/li>\n<li>Ez dago gurpil-aulkirako sarbidea<\/li>\n<li>No se permiten beb\u00e9s para este viaje<\/li>\n<li>Ez da gomendagarria bizkarreko arazoak dituzten bidaiarientzat.<\/li>\n<li>Ez da gomendagarria haurdun dauden emakumeentzat.<\/li>\n<li>Ez dago bihotzeko arazorik edo beste baldintza mediko larririk.<\/li>\n<li>Bidaiari gehienek parte har dezakete.<\/li>\n<\/ul>\n<h3><em>Baliogabetze politika<\/em><\/h3>\n<p>Itzulketa osoa lortzeko, bertan behera utzi esperientzia hasteko data baino 24 ordu lehenago gutxienez.<\/p>\n\n\t\t<\/div>\n\t<\/div>\n<\/div><\/div><\/div><\/div><div class=\"vc_row wpb_row vc_row-fluid\" ><div class=\"wpb_column vc_column_container vc_col-sm-12\"><div class=\"vc_column-inner\"><div class=\"wpb_wrapper\">\n\t<div class=\"wpb_text_column wpb_content_element\" >\n\t\t<div class=\"wpb_wrapper\">\n\t\t\t<h4>\u00bfCont\u00e1ctenos?<\/h4>\n<h5>Abentura Erreserbak<\/h5>\n<p><em>Gida turistikoak <strong>tokikoa<\/strong> eta <strong>nazionala<\/strong> eta gonbidatuentzako zerbitzuak<\/em><\/p>\n<p>Erreserbak: Bisitak eta Txangoak Dom. Rep.<\/p>\n<p>Tel\/Whatsapp +1-809-720-6035.<\/p>\n<p>info@bookingadventures.com.do<\/p>\n<p>Bisita pribatuak egiten ditugu konfigurazio malguarekin Whatsapp bidez: +18097206035.<\/p>\n\n\t\t<\/div>\n\t<\/div>\n<\/div><\/div><\/div><\/div>","protected":false},"excerpt":{"rendered":"<p>Una aventura extrema a la cascada m\u00e1s alta del Caribe. Ven con los locales caminando o montando a caballo a la cascada. Aprender sobre el verdadero estilo de vida dominicano del bosque. Visitando las plantaciones m\u00e1s grandes del bosque de \u00e1rboles de cacao en la Rep\u00fablica Dominicana y aprendiendo sobre esta historia con gu\u00edas nativos.<\/p>\n<p>Cuando reservas este viaje, est\u00e1s apoyando a Familias de Magua, Comunidad Sabana de la Mar. Donde no hay turistas durante todo el a\u00f1o. El dinero se queda con estos lugare\u00f1os.<\/p>\n<p><strong>Mesedez, hautatu Tour-a egiteko data:<\/strong><\/p>","protected":false},"featured_media":62,"template":"","meta":[],"product_brand":[],"product_cat":[95,96,97,98,99,443,100],"product_tag":[101,102,103,104,105,106,107,108,109,110,111,112,113,114,115,116,117,118],"class_list":{"0":"post-602","1":"product","2":"type-product","3":"status-publish","4":"has-post-thumbnail","6":"product_cat-hike-to-miches-la-jalda-waterfall-waterfalls","7":"product_cat-hiking","8":"product_cat-horse-riding-to-waterfalls","9":"product_cat-local-tour-guides","10":"product_cat-swimming-natural-springs","11":"product_cat-tours-y-excursiones-es","12":"product_cat-waterfalls","13":"product_tag-higthest-waterfall-in-the-caribean","14":"product_tag-hike-la-jalda","15":"product_tag-hike-to-miches-la-jalda-waterfall-waterfalls","16":"product_tag-hiking","17":"product_tag-la-jalda-excursions","18":"product_tag-la-jalda-horses","19":"product_tag-la-jalda-national-park","20":"product_tag-la-jalda-waterfall","21":"product_tag-leaping","22":"product_tag-leaping-jalda","23":"product_tag-magua","24":"product_tag-magua-la-jalda","25":"product_tag-miches","26":"product_tag-sabana-de-la-mar","27":"product_tag-salto-de-la-jalda","28":"product_tag-salto-la-jalda-sabana-de-la-mar","29":"product_tag-salto-la-jalda-tours","30":"product_tag-waterfalls","32":"first","33":"instock","34":"sale","35":"featured","36":"sold-individually","37":"shipping-taxable","38":"product-type-external"},"_links":{"self":[{"href":"https:\/\/haitises.com\/eu\/wp-json\/wp\/v2\/product\/602","targetHints":{"allow":["GET"]}}],"collection":[{"href":"https:\/\/haitises.com\/eu\/wp-json\/wp\/v2\/product"}],"about":[{"href":"https:\/\/haitises.com\/eu\/wp-json\/wp\/v2\/types\/product"}],"wp:featuredmedia":[{"embeddable":true,"href":"https:\/\/haitises.com\/eu\/wp-json\/wp\/v2\/media\/62"}],"wp:attachment":[{"href":"https:\/\/haitises.com\/eu\/wp-json\/wp\/v2\/media?parent=602"}],"wp:term":[{"taxonomy":"product_brand","embeddable":true,"href":"https:\/\/haitises.com\/eu\/wp-json\/wp\/v2\/product_brand?post=602"},{"taxonomy":"product_cat","embeddable":true,"href":"https:\/\/haitises.com\/eu\/wp-json\/wp\/v2\/product_cat?post=602"},{"taxonomy":"product_tag","embeddable":true,"href":"https:\/\/haitises.com\/eu\/wp-json\/wp\/v2\/product_tag?post=602"}],"curies":[{"name":"wp","href":"https:\/\/api.w.org\/{rel}","templated":true}]}}