{"id":558,"date":"2020-06-23T12:05:23","date_gmt":"2020-06-23T12:05:23","guid":{"rendered":"http:\/\/haitises.com\/?post_type=product&#038;p=558"},"modified":"2024-04-17T18:50:43","modified_gmt":"2024-04-17T18:50:43","slug":"excursion-a-los-haitises-con-senderismo-en-el-bosque-humedo","status":"publish","type":"product","link":"https:\/\/haitises.com\/eu\/pribatua\/excursion-a-los-haitises-con-senderismo-en-el-bosque-humedo\/","title":{"rendered":"Los Haitisesera txangoa Baso Hezean Ibilaldiarekin"},"content":{"rendered":"<div class=\"vc_row wpb_row vc_row-fluid\" ><div class=\"wpb_column vc_column_container vc_col-sm-12\"><div class=\"vc_column-inner\"><div class=\"wpb_wrapper\">[mkdf_section_title title_tag=\u00bb\u00bb disable_break_words=\u00bbno\u00bb subtitle_tag=\u00bb\u00bb title=\u00bbLos Haitises National Park- From Sabana de la Mar + Hiking 2 Hours\u00bb subtitle=\u00bbHumid Forest + Normal Trip to Caves\u00bb]<\/div><\/div><\/div><\/div><div class=\"vc_row wpb_row vc_row-fluid\" ><div class=\"wpb_column vc_column_container vc_col-sm-12\"><div class=\"vc_column-inner\"><div class=\"wpb_wrapper\">\n\t<div class=\"wpb_text_column wpb_content_element\" >\n\t\t<div class=\"wpb_wrapper\">\n\t\t\t<h5>Baso bustia + kobazuloetara bidaia normala<\/h5>\n<h2>Los Haitises Parke Nazionala- Sabana de la Martik + 2 orduko ibilaldia<\/h2>\n<h3><em>Deskribapena<\/em><\/h3>\n<p>Gozatu bi orduko ibilaldia Los Haitises Parke Nazionaleko basoan zehar. Ezagutu sendabelarrak eta bisitatu tokiko tokiak. Sabana de la Mar-etik Los Haitises Parke Nazionala edo Ca\u00f1o Hondo hotelak Tokiko gidariekin bisitatu ondoren.<\/p>\n<p>Txalupa egin ostean egingo dugu ibilaldia. Los Haitises Parke Nazionalera bidaia pribatu normal bat. Zatoz gurekin eta bisitatu Dominikar Errepublikako parke nazional ederrena, mangladiak, 3 kobazuloak eta San Lorenzo badia bisitatuz. Esperientzia hau Sabana de la Marko komunitatetik hasi daiteke Sabana de la Marko historia hau ezagutuz.<\/p>\n<ul>\n<li>2 orduko ibilaldia basoan<\/li>\n<li>Sabana de la Marko historia<\/li>\n<li>Zergak barne<\/li>\n<li>Gidak instrukzioa eta gainbegiratzea eskaintzen du.<\/li>\n<li>Bazkaria ez dago Cano Hondoko bazkarian. Aukeratu ibilaldi hau: Los Haitises Plus Ca\u00f1o Hondo.<\/li>\n<\/ul>\n<h3>Inklusioak eta bazterketak<\/h3>\n<h4>Inklusioak<\/h4>\n<ol>\n<li>Los Haitises Tour + Kobazuloak eta Piktogramak<\/li>\n<li>Zerga, tasa eta kudeaketa-gastu guztiak.<\/li>\n<li>Tokiko zergak<\/li>\n<li>Jarduera guztiak<\/li>\n<li>Tokiko gida<\/li>\n<\/ol>\n<h4>Bazterketak<\/h4>\n<ol>\n<li>Aholkuak<\/li>\n<li>Bazkaria ez dago Cano Hondoko bazkarian. Aukeratu ibilaldi hau: Los Haitises Plus Ca\u00f1o Hondo.<\/li>\n<li>Garraioa<\/li>\n<li>Edari alkoholdunak<\/li>\n<\/ol>\n<h3><em>Irteera eta itzulera<\/em><\/h3>\n<p>Bidaiariak bilgune bat lortuko du erreserba prozesuaren ondoren. Bisitak gure topaguneetan hasi eta amaitzen dira.<\/p>\n<h3><em>Zer espero?<\/em><\/h3>\n<p>Lortu zure sarrerak Los Haitises Parke Nazionala Leizeekin, Mangladiekin eta San Lorentzoko badiarekin bisitatzeko sarrerak Los Haitises Parke Nazionaleko baso hezean zehar bi orduko ibilaldi baten ondoren.<\/p>\n<p>Los Haitises Parke Nazionala Sabana de la Mar edo Ca\u00f1o Hondo hoteletatik Tokiko gidekin. Bidaia Los Haitises Parke Nazionaleko portu nagusian hasten da. Bidaia hau goizeko 10:00etan hasiko da, Parke Nazional zoragarriari buruzko jatorrizko istorioa ezagutzen duen tokiko gidari batekin.<\/p>\n<p>Ondoren, Los Haitises Parke Nazionaleko portu nagusitik abiatuko gara, Ca\u00f1o Hondo (Deep Creek) izenekoa, salbamendu-txalekodun txaleko txaleko txaluko batean. Mangladi gorriko basoaz gozatuko dugu San Lorentzo badiara iritsi arte. Samanako badia txikia. Eta hemen goaz! Ikus dezakezun lehenengo gauza mendiko kareharrizko Mogotes izeneko uharte bilduma erraldoia da. Horien gainetik 700 landare espezie baino gehiago eta hezeguneetako hegazti asko inguruan hegan. Ondoren, duela 750 urteko gure komunitate indigenen piktogramekin kobazuloak bisitatuz.<\/p>\n<p>Mangladietan barrena eta San Lorentzo badia irekiko lurretik barrena, baso-paisaia malkartsuari argazkiak ateratzeko. Begiratu uretara manateak, krustazeoak eta izurdeak ikusteko.<\/p>\n<p>El nombre del parque nacional proviene de sus habitantes originales, los indios ta\u00ednos. En su idioma, \u00abHaitises\u00bb se traduce en tierras altas o colinas, una referencia a las empinadas formaciones geol\u00f3gicas de la costa con calizas. Avent\u00farate en el parque para explorar cuevas como la Cueva de la Arena y la Cueva de la L\u00ednea. Las cuevas en la reserva fueron utilizadas como refugio por los indios ta\u00ednos y, m\u00e1s adelante, por los piratas escondidos. Busque dibujos de indios que decoran algunas de las paredes. Despu\u00e9s de visitar el Parque Nacional Los Haitises, iremos al bosque h\u00famedo para caminar 2 horas y regresar al lugar donde comenz\u00f3 nuestro viaje.<\/p>\n<h3><em>Zer ekarri behar duzu?<\/em><\/h3>\n<ul>\n<li>Kamera<\/li>\n<li>Errefusak<\/li>\n<li>eguzkitarako krema<\/li>\n<li>Txapela<\/li>\n<li>Praka erosoak<\/li>\n<li>Basoko mendiko oinetakoak<\/li>\n<li>Sandaliak udaberriko guneetara.<\/li>\n<li>Bainujantzi<\/li>\n<\/ul>\n<h3><em>Hoteleko bilketa<\/em><\/h3>\n<p>Hoteleko bilketa Paraiso Ca\u00f1o Hondo edo Altos Ca\u00f1o Hondo hotelean kokatuta bazaude eskaintzen da. Gure topagunea hotel horietatik oinez 5 minutura dago.<\/p>\n<p><strong>Ohar:<\/strong> Tour\/txangoa irteteko ordutik 24 orduko epean erreserbatzen baduzu, hotelaren bilketa antola dezakegu kostu gehigarriekin Ca\u00f1o Hondo hoteletan ez bazaude. Erosketa amaitutakoan, harremanetarako informazio osoa bidaliko dizugu (telefono zenbakia, helbide elektronikoa, etab.) gure tokiko gida gidari bilketa-antolaketak antola ditzan.<\/p>\n<h3><em>Informazio gehigarriaren berrespena<\/em><\/h3>\n<ul>\n<li>Sarrerak Ibilbide hau ordaindu ondoren ordainagiria dira. Ordainketa zure telefonoan erakutsi dezakezu.<\/li>\n<li>Bilgunea erreserba prozesuaren ondoren jasoko da.<\/li>\n<li>Haurrak heldu batekin joan behar dira.<\/li>\n<li>Ez dago gurpil-aulkirako sarbidea<\/li>\n<li>Haurrak umeentzako eserlekuan edo heldu batekin eseri behar dira<\/li>\n<li>Ez da gomendagarria bizkarreko arazoak dituzten bidaiarientzat.<\/li>\n<li>Ez da gomendagarria haurdun dauden emakumeentzat.<\/li>\n<li>Ez dago bihotzeko arazorik edo beste baldintza mediko larririk.<\/li>\n<li>Bidaiari gehienek parte har dezakete.<\/li>\n<\/ul>\n<h3><em>Baliogabetze politika<\/em><\/h3>\n<p>Itzulketa osoa lortzeko, bertan behera utzi esperientzia hasteko data baino 24 ordu lehenago gutxienez.<\/p>\n\n\t\t<\/div>\n\t<\/div>\n<\/div><\/div><\/div><\/div><div class=\"vc_row wpb_row vc_row-fluid\" ><div class=\"wpb_column vc_column_container vc_col-sm-12\"><div class=\"vc_column-inner\"><div class=\"wpb_wrapper\"><div class=\"vc_empty_space\"   style=\"height: 32px\"><span class=\"vc_empty_space_inner\"><\/span><\/div>\n\t<div class=\"wpb_video_widget wpb_content_element vc_clearfix   vc_video-aspect-ratio-169 vc_video-el-width-100 vc_video-align-left\" >\n\t\t<div class=\"wpb_wrapper\">\n\t\t\t\n\t\t\t<div class=\"wpb_video_wrapper\"><iframe loading=\"lazy\" title=\"Los Haitises parke nazionala, bisitak eta txangoa Samanatik edo Sabana de la Martik. Erreserbatu hemen:\" src=\"https:\/\/player.vimeo.com\/video\/346508015?dnt=1&amp;app_id=122963\" width=\"1100\" height=\"619\" frameborder=\"0\" allow=\"autoplay; fullscreen\" allowfullscreen><\/iframe><\/div>\n\t\t<\/div>\n\t<\/div>\n<\/div><\/div><\/div><\/div><div class=\"vc_row wpb_row vc_row-fluid\" ><div class=\"wpb_column vc_column_container vc_col-sm-12\"><div class=\"vc_column-inner\"><div class=\"wpb_wrapper\"><div class=\"vc_empty_space\"   style=\"height: 32px\"><span class=\"vc_empty_space_inner\"><\/span><\/div>\n\t<div class=\"wpb_text_column wpb_content_element\" >\n\t\t<div class=\"wpb_wrapper\">\n\t\t\t<h4>Jarri gurekin harremanetan?<\/h4>\n<h5>Erreserba Abenturak<\/h5>\n<p><em><strong>Bertakoak<\/strong>\u00a0eta\u00a0<strong>Nazionalak<\/strong>\u00a0Bisita-gidak eta gonbidatuentzako zerbitzuak<\/em><\/p>\n<p><span class=\"text-turquoise\">Erreserbak:<\/span>\u00a0Bisitak eta txangoak Dom. Rep.<\/p>\n<p><img decoding=\"async\" class=\"emoji\" draggable=\"false\" src=\"https:\/\/s.w.org\/images\/core\/emoji\/11.2.0\/svg\/1f4de.svg\" alt=\"\ud83d\udcde\" title=\"\">\u00a0Tel\/Whatsapp\u00a0\u00a0<a href=\"tel:+1-809-720-6035\">+1-809-720-6035<\/a>.<\/p>\n<p><img decoding=\"async\" class=\"emoji\" draggable=\"false\" src=\"https:\/\/s.w.org\/images\/core\/emoji\/11.2.0\/svg\/1f4e9.svg\" alt=\"\ud83d\udce9\" title=\"\">\u00a0<a href=\"mailto:info@bookingadventures.com.do\">info@bookingadventures.com.do<\/a><\/p>\n<p><strong>Whatsapp bidez bisita pribatuak ezartzen malguak gara:\u00a0<a href=\"tel:+18097206035\">+18097206035.<\/a><\/strong><\/p>\n\n\t\t<\/div>\n\t<\/div>\n<div class=\"vc_empty_space\"   style=\"height: 32px\"><span class=\"vc_empty_space_inner\"><\/span><\/div><\/div><\/div><\/div><\/div>","protected":false},"excerpt":{"rendered":"<p>Eta hemen goaz! Ikus dezakezun lehenengo gauza Mogotes izeneko kareharrizko mendi uharteen bilduma erraldoia da, haien gainean 700 landare espezie baino gehiago eta hezeguneko hegazti asko hegan. Ondoren, bisitatu kobazuloak duela 750 urte gure komunitate indigenen piktogramekin.<\/p>\n<p>Gainera, bidaia honek Haitises Parke Nazionalean bisitatu beharreko leku garrantzitsuenak direla erakusten du. Gehien bisitatzen diren bi kobazuloak Cueva de la L\u00ednea eta Cueva de la Arena dira. Ordu batzuk Parke Nazional eder hau bisitatu ondoren Haitises Parke Nazionaleko baso hezerantz abiatu ginen, 2 ordu ibili ondoren, txangoa hasi genuen tokira itzuli ginen. Eskuratu zure sarrerak hemen eta ibili Haitises Parke Nazionalaren historia ezagutzen duten bertakoekin.<\/p>\n<p><strong>Mesedez, hautatu Tour-a egiteko data:<\/strong><\/p>\n<p>&nbsp;<\/p>\n<p>&nbsp;<\/p>","protected":false},"featured_media":84,"template":"","meta":[],"product_brand":[],"product_cat":[443,123,124],"product_tag":[179,125,126,129,130,104,221,131,132,210,222,134,223,146,114,224],"class_list":{"0":"post-558","1":"product","2":"type-product","3":"status-publish","4":"has-post-thumbnail","6":"product_cat-tours-y-excursiones-es","7":"product_cat-tours-excursions-los-haitises-national-park","8":"product_cat-tours-excursions-samana-bay-dominican-republic","9":"product_tag-birding-in-los-haitises","10":"product_tag-boat-tour","11":"product_tag-cano-hondo","12":"product_tag-eco-tours","13":"product_tag-excursion","14":"product_tag-hiking","15":"product_tag-hiking-los-haitises","16":"product_tag-locals-guides","17":"product_tag-los-haitises","18":"product_tag-los-haitises-excursions","19":"product_tag-los-haitises-from-samana","20":"product_tag-los-haitises-national-park-tour","21":"product_tag-los-haitises-sabana-de-la-mar","22":"product_tag-mangroves-los-haitises","23":"product_tag-sabana-de-la-mar","24":"product_tag-trails","26":"first","27":"instock","28":"sale","29":"sold-individually","30":"shipping-taxable","31":"product-type-external"},"_links":{"self":[{"href":"https:\/\/haitises.com\/eu\/wp-json\/wp\/v2\/product\/558","targetHints":{"allow":["GET"]}}],"collection":[{"href":"https:\/\/haitises.com\/eu\/wp-json\/wp\/v2\/product"}],"about":[{"href":"https:\/\/haitises.com\/eu\/wp-json\/wp\/v2\/types\/product"}],"wp:featuredmedia":[{"embeddable":true,"href":"https:\/\/haitises.com\/eu\/wp-json\/wp\/v2\/media\/84"}],"wp:attachment":[{"href":"https:\/\/haitises.com\/eu\/wp-json\/wp\/v2\/media?parent=558"}],"wp:term":[{"taxonomy":"product_brand","embeddable":true,"href":"https:\/\/haitises.com\/eu\/wp-json\/wp\/v2\/product_brand?post=558"},{"taxonomy":"product_cat","embeddable":true,"href":"https:\/\/haitises.com\/eu\/wp-json\/wp\/v2\/product_cat?post=558"},{"taxonomy":"product_tag","embeddable":true,"href":"https:\/\/haitises.com\/eu\/wp-json\/wp\/v2\/product_tag?post=558"}],"curies":[{"name":"wp","href":"https:\/\/api.w.org\/{rel}","templated":true}]}}