{"id":556,"date":"2020-06-22T22:09:47","date_gmt":"2020-06-22T22:09:47","guid":{"rendered":"http:\/\/haitises.com\/?post_type=product&#038;p=556"},"modified":"2024-04-17T19:11:29","modified_gmt":"2024-04-17T19:11:29","slug":"txangoa-haitisetara-egun-erdi-las-terrenasetik","status":"publish","type":"product","link":"https:\/\/haitises.com\/eu\/pribatua\/txangoa-haitisetara-egun-erdi-las-terrenasetik\/","title":{"rendered":"Los Haitisesera txangoa Las Terrenasetik \u2013 Egun erdia"},"content":{"rendered":"<div class=\"vc_row wpb_row vc_row-fluid\" ><div class=\"wpb_column vc_column_container vc_col-sm-12\"><div class=\"vc_column-inner\"><div class=\"wpb_wrapper\">[mkdf_section_title subtitle_tag=\u00bb\u00bb subtitle=\u00bbTransporte y almuerzo incluidos\u00bb]<\/div><\/div><\/div><\/div><div class=\"vc_row wpb_row vc_row-fluid\" ><div class=\"wpb_column vc_column_container vc_col-sm-12\"><div class=\"vc_column-inner\"><div class=\"wpb_wrapper\">\n\t<div class=\"wpb_text_column wpb_content_element\" >\n\t\t<div class=\"wpb_wrapper\">\n\t\t\t<h2>Los Haitises Parke Nazionalera bira Las Terrenas de Saman\u00e1tik. Egun erdiko txangoa.<\/h2>\n<h5>Los Haitises Parke Nazionalera bira Las Terrenas de Saman\u00e1tik. Egun erdiko txangoa.<\/h5>\n<h3>Deskribapena<\/h3>\n<p>Los Haitises Parke Nazionalera bira Las Terrenas de Saman\u00e1tik. Egun erdiko txangoa. Samanako Las Terrenaseko zure hoteletik. Sanchez komunitatera joango gara, eta bertan itsasontzia hartuko dugu Saman\u00e1 badia zeharkatuz. R\u00edo Naranjo bisitatuz, Los Haitises Parke Nazionaleko Arrantza Komunitatetik, 3 Haitzuloetatik, Boca Tibur\u00f3n haitzulotik, Birding Key uhartea eta Saman\u00e1 badiako mangladietatik igaroz.<\/p>\n<p>Esperientzia honen ondoren, Las Terrenaseko komunitatera itzuliko zara, bertan jasotzen zaitugu.<\/p>\n<ul>\n<li>Zergak barne<\/li>\n<li>Bazkaria<\/li>\n<li>Hamaiketakoak<\/li>\n<li>Tokiko gida gida ingelesez edo frantsesez<\/li>\n<li>Garraioa<\/li>\n<li>Txalupa bidaia<\/li>\n<\/ul>\n<h3>Inklusioak eta bazterketak<\/h3>\n<h4>Inklusioak<\/h4>\n<ol>\n<li>Los Haitises Tour + Kobazuloak eta Piktogramak<\/li>\n<li>Bazkaria<\/li>\n<li>Zerga, tasa eta kudeaketa-gastu guztiak.<\/li>\n<li>Tokiko zergak<\/li>\n<li>Edariak<\/li>\n<li>Hamaiketakoak<\/li>\n<li>Jarduera guztiak<\/li>\n<li>Tokiko gida<\/li>\n<\/ol>\n<h4>Bazterketak<\/h4>\n<ol>\n<li>Aholkuak<\/li>\n<li>Edari alkoholdunak<\/li>\n<\/ol>\n<h3><em>Irteera eta itzulera<\/em><\/h3>\n<p>Bidaiariak bilgune bat lortuko du erreserba prozesuaren ondoren. Ibilaldiak euren topaguneetan hasi eta amaitzen dira.<\/p>\n<h5>Los Haitises Parke Nazionala Las Terrenasetik<\/h5>\n<h3><em>Zer espero?<\/em><\/h3>\n<p>Lortu Los Haitises Parke Nazionala bisitatzeko sarrerak Las Terrenas de Saman\u00e1tik. Egun erdiko txangoa. Las Terrenas-etik abiatuta, Saman\u00e1tik portura garraioarekin bertako gidari batekin itsasontzi batera igotzeko, Samanako badiatik Los Haitisesera igaroko gara, Sabana de la Mar-en ondoan, Dominikar Errepublikako parke nazional ederrenetako bat bisitatzeko. . Los Haitises Parke Nazionala.<\/p>\n<p>El recorrido, organizado por \u00abBooking Adventures\u00bb, comienza en el punto de encuentro establecido con el gu\u00eda tur\u00edstico. Ven con Booking Adventures y comienza a observar algunos manglares llenos de p\u00e1jaros, colinas onduladas de exuberante vegetaci\u00f3n y cuevas del Parque Nacional Los Haitises. Visitando la isla con p\u00e1jaros alrededor. En la temporada de anidaci\u00f3n, incluso podemos ver los polluelos de Pelecanos en los nidos. Entrar m\u00e1s en las Islas Rocosas y visitar las cuevas con pictograf\u00edas y petroglifos de los pueblos ind\u00edgenas.<\/p>\n<p>San Lorentzoko badia irekiko mangladietan eta lurretik barrena, Sabana de la Mar, baso-paisaia malkartsuari argazkiak ateratzeko. Begiratu uretara manateak, krustazeoak eta izurdeak ikusteko.<\/p>\n<p>El nombre del parque nacional proviene de sus habitantes originales, los indios ta\u00ednos. En su idioma, \u00abHaitises\u00bb se traduce en tierras altas o colinas, una referencia a las empinadas formaciones geol\u00f3gicas de la costa con calizas. Avent\u00farate en el parque para explorar cuevas como la Cueva San Gabriel, la Cueva de la Arena y la Cueva de la L\u00ednea.<\/p>\n<p>Erreserbako kobazulo hauek aterpe gisa erabili zituzten ta\u00edno indiarrek eta, geroago, piratak ezkutatzeko. Bilatu horma batzuk apaintzen dituzten indiarren marrazkiak. Los Haitises Parke Nazionala bisitatu ondoren, Sanchezera itzuliko gara, Samanara.<\/p>\n<p>Samanako badiatik igarota 30 min. Bazkari tipikoa egingo dugu. Beganoa bazara, lasai, janaria ere badugu zuretzat!<\/p>\n<p>Bazkalostean, Las Terrenasera bueltatuko gara!<\/p>\n<p>Bidaia hau luzeagoa edo laburragoa gustatzen bazaizu, aukera hauek ditugu:<\/p>\n<p>Los Haitises bakarrik Samanako portutik.<br \/>\nLos Haitises + Ca\u00f1o Hondo Samanako portutik.<\/p>\n<h3><em>Zer ekarri behar duzu?<\/em><\/h3>\n<ul>\n<li>Kamera<\/li>\n<li>Errefusak<\/li>\n<li>Eguzkitarako krema<\/li>\n<li>Txapela<\/li>\n<li>Praka erosoak<\/li>\n<li>Basoko mendiko oinetakoak<\/li>\n<li>Sandaliak udaberriko guneetara.<\/li>\n<li>Bainujantzi<\/li>\n<\/ul>\n<h3><em>Hoteleko bilketa<\/em><\/h3>\n<p>Bisita honetarako ez da hoteleko bilketa eskaintzen.<\/p>\n<p><strong>Ohar:<\/strong> Tour\/txangoa irteteko ordutik 24 orduko epean erreserbatzen baduzu, hoteleko bilketa antola dezakegu kostu gehigarriekin. Erosketa amaitutakoan, harremanetarako informazio osoa bidaliko dizugu (telefono zenbakia, helbide elektronikoa, etab.) gure tokiko gida gidari bilketa-antolaketak antola ditzan.<\/p>\n<h3><em>Informazio gehigarriaren berrespena<\/em><\/h3>\n<ul>\n<li>Sarrerak Ibilbide hau ordaindu ondoren ordainagiria dira. Ordainketa zure telefonoan erakutsi dezakezu.<\/li>\n<li>Bilgunea erreserba prozesuaren ondoren jasoko da.<\/li>\n<li>Haurrak heldu batekin joan behar dira.<\/li>\n<li>Ez dago gurpil-aulkirako sarbidea<\/li>\n<li>Haurrak umeentzako eserlekuan edo heldu batekin eseri behar dira<\/li>\n<li>Ez da gomendagarria bizkarreko arazoak dituzten bidaiarientzat.<\/li>\n<li>Ez da gomendagarria haurdun dauden emakumeentzat. Ez bihotz-arazorik edo bestelako gaixotasun larririk.<\/li>\n<li>Bidaiari gehienek parte har dezakete.<\/li>\n<\/ul>\n<h3><em>Baliogabetze politika<\/em><\/h3>\n<p>Itzulketa osoa lortzeko, bertan behera utzi esperientzia hasteko data baino 24 ordu lehenago gutxienez. Funtsak galduko dira erreserba bidaiaren egun berean bertan behera uzten bada.<\/p>\n\n\t\t<\/div>\n\t<\/div>\n<\/div><\/div><\/div><\/div><div class=\"vc_row wpb_row vc_row-fluid\" ><div class=\"wpb_column vc_column_container vc_col-sm-12\"><div class=\"vc_column-inner\"><div class=\"wpb_wrapper\">\n\t<div class=\"wpb_video_widget wpb_content_element vc_clearfix   vc_video-aspect-ratio-169 vc_video-el-width-100 vc_video-align-left\" >\n\t\t<div class=\"wpb_wrapper\">\n\t\t\t\n\t\t\t<div class=\"wpb_video_wrapper\"><iframe loading=\"lazy\" title=\"Los Haitises parke nazionala, bisitak eta txangoa Samanatik edo Sabana de la Martik. Erreserbatu hemen:\" src=\"https:\/\/player.vimeo.com\/video\/346508015?dnt=1&amp;app_id=122963\" width=\"1100\" height=\"619\" frameborder=\"0\" allow=\"autoplay; fullscreen\" allowfullscreen><\/iframe><\/div>\n\t\t<\/div>\n\t<\/div>\n<\/div><\/div><\/div><\/div><div class=\"vc_row wpb_row vc_row-fluid\" ><div class=\"wpb_column vc_column_container vc_col-sm-12\"><div class=\"vc_column-inner\"><div class=\"wpb_wrapper\"><div class=\"vc_empty_space\"   style=\"height: 32px\"><span class=\"vc_empty_space_inner\"><\/span><\/div>\n\t<div class=\"wpb_text_column wpb_content_element\" >\n\t\t<div class=\"wpb_wrapper\">\n\t\t\t<h5>Jarri gurekin harremanetan?<br \/>\nAbentura Erreserbak<\/h5>\n<p><em>Tokiko eta nazioko gidak eta gonbidatuentzako zerbitzuak<\/em><\/p>\n<p>Erreserbak: Bisitak eta Txangoak Dom. Reps.<\/p>\n<p>Tel\/Whatsapp +1-809-720-6035.<\/p>\n<p>info@bookingadventures.com.do<\/p>\n<p>Bisita pribatuak egiten ditugu konfigurazio malguarekin Whatsapp bidez: +18097206035.<\/p>\n<h4><strong style=\"color: #595959; font-size: 15px;\"><a href=\"tel:+18097206035\">+18097206035.<\/a><\/strong><\/h4>\n\n\t\t<\/div>\n\t<\/div>\n<div class=\"vc_empty_space\"   style=\"height: 32px\"><span class=\"vc_empty_space_inner\"><\/span><\/div><\/div><\/div><\/div><\/div>","protected":false},"excerpt":{"rendered":"<p>Las Terrenasetik Los Haitises Parke Nazionalerako txango honek 3 kobazulo nagusietara bisita egiteko bazkaria eta garraioa barne hartzen ditu, 2 mangladi ezberdinen esplorazioa eta, jakina, arrantzarako hegaztien behaketa.<\/p>\n<p>Los Haitises Parke Nazionalera bidaia ekologikoa bertako gidari batekin. Los Haitises Parke Nazionaleko Giltzak, mangladiak, landaredia, hegaztien behaketa, kobazuloak, piktogramak eta Los Haitises Parke Nazionaleko Sabana de la Marko gune historikoak bisitatzea.<\/p>","protected":false},"featured_media":252,"template":"","meta":[],"product_brand":[],"product_cat":[122,443,124],"product_tag":[206,225,132,133,146,226],"class_list":{"0":"post-556","1":"product","2":"type-product","3":"status-publish","4":"has-post-thumbnail","6":"product_cat-tours-and-excursions","7":"product_cat-tours-y-excursiones-es","8":"product_cat-tours-excursions-samana-bay-dominican-republic","9":"product_tag-caves-los-haitises","10":"product_tag-las-terrenas","11":"product_tag-los-haitises","12":"product_tag-los-haitises-national-park","13":"product_tag-mangroves-los-haitises","14":"product_tag-transportation-los-haitises","16":"first","17":"instock","18":"sale","19":"sold-individually","20":"shipping-taxable","21":"product-type-external"},"_links":{"self":[{"href":"https:\/\/haitises.com\/eu\/wp-json\/wp\/v2\/product\/556","targetHints":{"allow":["GET"]}}],"collection":[{"href":"https:\/\/haitises.com\/eu\/wp-json\/wp\/v2\/product"}],"about":[{"href":"https:\/\/haitises.com\/eu\/wp-json\/wp\/v2\/types\/product"}],"wp:featuredmedia":[{"embeddable":true,"href":"https:\/\/haitises.com\/eu\/wp-json\/wp\/v2\/media\/252"}],"wp:attachment":[{"href":"https:\/\/haitises.com\/eu\/wp-json\/wp\/v2\/media?parent=556"}],"wp:term":[{"taxonomy":"product_brand","embeddable":true,"href":"https:\/\/haitises.com\/eu\/wp-json\/wp\/v2\/product_brand?post=556"},{"taxonomy":"product_cat","embeddable":true,"href":"https:\/\/haitises.com\/eu\/wp-json\/wp\/v2\/product_cat?post=556"},{"taxonomy":"product_tag","embeddable":true,"href":"https:\/\/haitises.com\/eu\/wp-json\/wp\/v2\/product_tag?post=556"}],"curies":[{"name":"wp","href":"https:\/\/api.w.org\/{rel}","templated":true}]}}