{"id":543,"date":"2020-06-14T19:18:13","date_gmt":"2020-06-14T19:18:13","guid":{"rendered":"http:\/\/haitises.com\/?post_type=product&#038;p=543"},"modified":"2024-08-22T05:45:22","modified_gmt":"2024-08-22T05:45:22","slug":"parque-nacional-los-haitises-desde-el-puerto-de-samana","status":"publish","type":"product","link":"https:\/\/haitises.com\/eu\/pribatua\/parque-nacional-los-haitises-desde-el-puerto-de-samana\/","title":{"rendered":"Los Haitises Parke Nazionala Samanako portutik"},"content":{"rendered":"<div class=\"vc_row wpb_row vc_row-fluid\" ><div class=\"wpb_column vc_column_container vc_col-sm-12\"><div class=\"vc_column-inner\"><div class=\"wpb_wrapper\">\n\t<div class=\"wpb_text_column wpb_content_element\" >\n\t\t<div class=\"wpb_wrapper\">\n\t\t\t<h2>Parque Nacional de los Haitises (Bah\u00eda de Saman\u00e1) desde el puerto de Saman\u00e1<\/h2>\n<ul>\n<li>Excursi\u00f3n en barco al Parque Nacional Los Haitises<br \/>\n<h3>Deskribapena<\/h3>\n<p>Visite el parque nacional Los Haitises desde el puerto de Saman\u00e1. Ven con nosotros y visita el parque nacional m\u00e1s hermoso de la Rep\u00fablica Dominicana, visitando manglares, cuevas y la bah\u00eda de San Lorenzo, adem\u00e1s de cruzar la hermosa bah\u00eda de Saman\u00e1. Luego regreso al puerto de Saman\u00e1.<\/li>\n<\/ul>\n<p>Despu\u00e9s de esta experiencia, volver\u00e1s al puerto de Saman\u00e1.<\/p>\n<ul>\n<li>Tasas inclu\u00eddas<br \/>\nLa gu\u00eda proporciona instrucci\u00f3n y supervisi\u00f3n.<\/li>\n<li>Inklusioak eta bazterketak<\/li>\n<\/ul>\n<h3>Inklusioak<\/h3>\n<ol>\n<li>Los Haitises Tour + Kobazuloak eta Piktogramak<\/li>\n<li>Zerga, tasa eta kudeaketa-gastu guztiak.<\/li>\n<li>Tokiko zergak<\/li>\n<li>Edariak<\/li>\n<li>Jarduera guztiak<\/li>\n<li>Tokiko gida<\/li>\n<\/ol>\n<h3>Bazterketak<\/h3>\n<ol>\n<li>Aholkuak<\/li>\n<li>Transferentzia<\/li>\n<li>Edari alkoholdunak<\/li>\n<li>Almuerzo no incluido, para el almuerzo incluye elegir uno de estos viajes: Los Haitises + Cayo Levantado desde el puerto de Saman\u00e1 o Los Haitises + Cano Hondo desde el puerto de Saman\u00e1.<\/li>\n<\/ol>\n<h3>Irteera eta itzulera<\/h3>\n<p>Bidaiariak bilgune bat lortuko du erreserba prozesuaren ondoren. Bisitak gure topaguneetan hasi eta amaitzen dira.<\/p>\n<h3>Zer espero?<\/h3>\n<p>Obtenga sus boletos para visitar el Parque Nacional Los Haitises con un maravilloso almuerzo en Ca\u00f1o Hondo y Nataci\u00f3n en los manantiales naturales.<\/p>\n<p>Comenzando desde el puerto de Saman\u00e1 a bordo de un bote o catamar\u00e1n con un gu\u00eda tur\u00edstico local, pasamos la bah\u00eda de Saman\u00e1 al lado de Sabana de la Mar para visitar uno de los parques nacionales m\u00e1s bellos de la Rep\u00fablica Dominicana. El parque nacional de Haitises.<\/p>\n<p>Visitando la isla con p\u00e1jaros alrededor. En la temporada de anidaci\u00f3n, incluso podemos ver los pollitos pel\u00edcanos en los nidos. Entrar m\u00e1s en la isla rocosa y visitar las cuevas con pictograf\u00edas y petr\u00f3grafos de los pueblos ind\u00edgenas.<\/p>\n<p>El recorrido, organizado por \u00abBooking Adventures\u00bb, comienza en el punto de encuentro establecido con el gu\u00eda tur\u00edstico. Ven con Booking Adventures y comienza a observar algunos manglares llenos de p\u00e1jaros, colinas onduladas de exuberante vegetaci\u00f3n y cuevas del Parque Nacional Los Haitises.<\/p>\n<p>Mangladietan barrena eta San Lorentzo badia irekiko lurretik barrena, baso-paisaia malkartsuari argazkiak ateratzeko. Begiratu uretara manateak, krustazeoak eta izurdeak ikusteko.<\/p>\n<p>El nombre del parque nacional proviene de sus habitantes originales, los indios ta\u00ednos. En su idioma, \u00abHaitises\u00bb se traduce en tierras altas o colinas, una referencia a las empinadas formaciones geol\u00f3gicas de la costa con calizas. Avent\u00farate en el parque para explorar cuevas como la Cueva de la Arena y la Cueva de la L\u00ednea. Las cuevas en la reserva fueron utilizadas como refugio por los indios ta\u00ednos y, m\u00e1s tarde, por los piratas escondidos. Busque dibujos de indios que decoran algunas de las paredes. Despu\u00e9s de visitar el Parque Nacional Los Haitises, regresaremos al puerto de Saman\u00e1 pasando la bah\u00eda de Saman\u00e1 30 minutos.<\/p>\n<p>En caso de que le guste m\u00e1s este viaje, tenemos estas opciones:<\/p>\n<p>Los Haitises + Cayo Levantado desde el puerto de Saman\u00e1.<br \/>\nLos Haitises + Cano Hondo desde el puerto de Saman\u00e1.<\/p>\n<h3>Zer ekarri behar duzu?<\/h3>\n<ul>\n<li>Kamera<\/li>\n<li>Brotes repelentes<\/li>\n<li>eguzkitarako krema<\/li>\n<li>Txapela<\/li>\n<li>Praka erosoak<\/li>\n<li>Basoko mendiko oinetakoak<\/li>\n<li>Sandaliak udaberriko guneetara.<\/li>\n<li>Vestido nadador<\/li>\n<\/ul>\n<h3>Hoteleko bilketa<\/h3>\n<p>Bisita honetarako ez da hoteleko bilketa eskaintzen.<\/p>\n<p>Nota: Si realiza la reserva dentro de las 24 horas de la hora de salida del tour \/ excursi\u00f3n, podemos organizar la recogida del hotel con cargos adicionales. Una vez que se complete su compra, le enviaremos informaci\u00f3n de contacto completa (n\u00famero de tel\u00e9fono, direcci\u00f3n de correo electr\u00f3nico, etc.) para que nuestro gu\u00eda tur\u00edstico local organice los arreglos de recogida.<\/p>\n<h3>Informazio gehigarriaren berrespena<\/h3>\n<ol>\n<li>Sarrerak Ibilbide hau ordaindu ondoren ordainagiria dira. Ordainketa zure telefonoan erakutsi dezakezu.<\/li>\n<li>Bilgunea erreserba prozesuaren ondoren jasoko da.<\/li>\n<li>Haurrak heldu batekin joan behar dira.<\/li>\n<li>Ez dago gurpil-aulkirako sarbidea<\/li>\n<li>Los infantes deben sentarse en el regazo<\/li>\n<li>Ez da gomendagarria bizkarreko arazoak dituzten bidaiarientzat.<\/li>\n<li>No recomendado para viajeros embarazadas.<\/li>\n<li>Ez dago bihotzeko arazorik edo beste baldintza mediko larririk.<\/li>\n<li>Bidaiari gehienek parte har dezakete.<\/li>\n<\/ol>\n<h3>Baliogabetze politika<\/h3>\n<p>Itzulketa osoa lortzeko, bertan behera utzi esperientzia hasteko data baino 24 ordu lehenago gutxienez.<\/p>\n<h3>Jarri gurekin harremanetan?<\/h3>\n<p>Erreserba Abenturak<br \/>\nTokiko eta nazioko gidak eta gonbidatuentzako zerbitzuak<\/p>\n<p>Erreserbak: Bisitak eta Txangoak Dom. Rep.<\/p>\n<p>\ud83d\udcde Tel \/ Whatsapp + 1-809-720-6035.<\/p>\n<p>\ud83d\udce9 info@bookingadventures.com.do<\/p>\n<p>Hacemos tours privados con flexibilidad por Whatsapp: +18097206035.<\/p>\n\n\t\t<\/div>\n\t<\/div>\n<\/div><\/div><\/div><\/div><div class=\"vc_row wpb_row vc_row-fluid\" ><div class=\"wpb_column vc_column_container vc_col-sm-12\"><div class=\"vc_column-inner\"><div class=\"wpb_wrapper\"><div class=\"vc_empty_space\"   style=\"height: 32px\"><span class=\"vc_empty_space_inner\"><\/span><\/div>\n\t<div class=\"wpb_video_widget wpb_content_element vc_clearfix   vc_video-aspect-ratio-169 vc_video-el-width-100 vc_video-align-left\" >\n\t\t<div class=\"wpb_wrapper\">\n\t\t\t<h2 class=\"wpb_heading wpb_video_heading\">Los Haitises y M\u00e1s...<\/h2>\n\t\t\t<div class=\"wpb_video_wrapper\"><iframe loading=\"lazy\" title=\"Dominican Republic - Los Haitises caves (Tainos), Pictographs &amp; Petroglyphs\" width=\"1100\" height=\"619\" src=\"https:\/\/www.youtube.com\/embed\/o_ExYqtOlH8?feature=oembed\" frameborder=\"0\" allow=\"accelerometer; autoplay; encrypted-media; gyroscope; picture-in-picture\" allowfullscreen><\/iframe><\/div>\n\t\t<\/div>\n\t<\/div>\n<\/div><\/div><\/div><\/div>","protected":false},"excerpt":{"rendered":"<p>Los Haitises Parke Nazionalera bidaia ekologikoa bertako gidari batekin. Los Haitises Parke Nazionaleko Giltzak, mangladiak, landaredia, hegaztien behaketa, kobazuloak, piktogramak eta Los Haitises Parke Nazionaleko Sabana de la Marko gune historikoak bisitatzea.<\/p>\n<p>&nbsp;<\/p>\n<p><strong>Selecione la fecha de Su Visita:<\/strong><\/p>","protected":false},"featured_media":225,"template":"","meta":[],"product_brand":[],"product_cat":[121,435,430,443],"product_tag":[132,133,432,142,148,143],"class_list":{"0":"post-543","1":"product","2":"type-product","3":"status-publish","4":"has-post-thumbnail","6":"product_cat-mangroves","7":"product_cat-manglares","8":"product_cat-parque-nacional-los-haitises-samana","9":"product_cat-tours-y-excursiones-es","10":"product_tag-los-haitises","11":"product_tag-los-haitises-national-park","12":"product_tag-parque-nacional-los-haitises-samana","13":"product_tag-samana","14":"product_tag-samana-excursions","15":"product_tag-samana-tours","17":"first","18":"instock","19":"sale","20":"sold-individually","21":"shipping-taxable","22":"product-type-external"},"_links":{"self":[{"href":"https:\/\/haitises.com\/eu\/wp-json\/wp\/v2\/product\/543","targetHints":{"allow":["GET"]}}],"collection":[{"href":"https:\/\/haitises.com\/eu\/wp-json\/wp\/v2\/product"}],"about":[{"href":"https:\/\/haitises.com\/eu\/wp-json\/wp\/v2\/types\/product"}],"wp:featuredmedia":[{"embeddable":true,"href":"https:\/\/haitises.com\/eu\/wp-json\/wp\/v2\/media\/225"}],"wp:attachment":[{"href":"https:\/\/haitises.com\/eu\/wp-json\/wp\/v2\/media?parent=543"}],"wp:term":[{"taxonomy":"product_brand","embeddable":true,"href":"https:\/\/haitises.com\/eu\/wp-json\/wp\/v2\/product_brand?post=543"},{"taxonomy":"product_cat","embeddable":true,"href":"https:\/\/haitises.com\/eu\/wp-json\/wp\/v2\/product_cat?post=543"},{"taxonomy":"product_tag","embeddable":true,"href":"https:\/\/haitises.com\/eu\/wp-json\/wp\/v2\/product_tag?post=543"}],"curies":[{"name":"wp","href":"https:\/\/api.w.org\/{rel}","templated":true}]}}