{"id":11639,"date":"2023-10-04T07:39:47","date_gmt":"2023-10-04T07:39:47","guid":{"rendered":"http:\/\/haitises.com\/?post_type=product&#038;p=11639"},"modified":"2024-04-01T14:40:19","modified_gmt":"2024-04-01T14:40:19","slug":"los-haitises-national-park-tour-from-las-terrenas-samana-half-day-trip-3","status":"publish","type":"product","link":"https:\/\/haitises.com\/eu\/pribatua\/los-haitises-national-park-tour-from-las-terrenas-samana-half-day-trip-3\/","title":{"rendered":"Los Haitises National Park Tour from Las Terrenas, Saman\u00e1. Half Day Trip."},"content":{"rendered":"<div class=\"vc_row wpb_row vc_row-fluid\" ><div class=\"wpb_column vc_column_container vc_col-sm-12\"><div class=\"vc_column-inner\"><div class=\"wpb_wrapper\">[mkdf_section_title title_tag=\u00bb\u00bb disable_break_words=\u00bbno\u00bb subtitle_tag=\u00bb\u00bb title=\u00bbLos Haitises National Park Tour from Las Terrenas de Samana. Half Day Trip.\u00bb subtitle=\u00bbTransportation &amp; Lunch Included\u00bb]<\/div><\/div><\/div><\/div><div class=\"vc_row wpb_row vc_row-fluid\" ><div class=\"wpb_column vc_column_container vc_col-sm-12\"><div class=\"vc_column-inner\"><div class=\"wpb_wrapper\"><div class=\"vc_btn3-container vc_btn3-inline\" ><button class=\"vc_general vc_btn3 vc_btn3-size-md vc_btn3-shape-rounded vc_btn3-style-modern vc_btn3-color-green\">ERRESERBATU ORAIN<\/button><\/div>\n\t<div class=\"wpb_text_column wpb_content_element\" >\n\t\t<div class=\"wpb_wrapper\">\n\t\t\t<h3><\/h3>\n<h4><b><i>Ikuspegi orokorra <\/i><\/b><\/h4>\n<p>Los Haitises Parke Nazionaleko Ibilaldia Las Terrenas de Samanatik. Egun erdiko bidaia. Samaneko Las Terrenas-eko zure hoteletik abiatuta. Sanchez Komunitateraino joango gara, non ontzia Samanako badia zeharkatuko den. Rio Naranjo bisitatuz, Arrantza Komunitatetik Los Haitises Parke Nazionalera igaroz, 3 koba, Boca Tiburon kobazuloa, Birding Key uhartea eta Saman\u00e1 badiako mangladiak.<\/p>\n<p>Esperientzia honen ondoren, Las Terrenas komunitatera itzuliko zara, bertan jasotzen zaitugu.<\/p>\n<ul>\n<li style=\"font-weight: 400;\">Tasak barne<\/li>\n<li>Bazkaria<\/li>\n<li>Pintxoak<\/li>\n<li style=\"font-weight: 400;\">Tokiko Tour Guide ingelesez edo frantsesez<\/li>\n<li>Garraioa<\/li>\n<li>Itsasontziko Ibilaldia<\/li>\n<\/ul>\n<p>&nbsp;<\/p>\n<h4><b>Inklusioak eta bazterketak<\/b><\/h4>\n<p>&nbsp;<\/p>\n<p><b>Inklusioak<\/b><\/p>\n<ol>\n<li style=\"font-weight: 400;\">Los Haitises Tour + Kobazuloak eta Piktogramak<\/li>\n<li>Bazkaria<\/li>\n<li style=\"font-weight: 400;\"><span style=\"font-weight: 400;\">Zerga, tasa eta kudeaketa-gastu guztiak<\/span><\/li>\n<li style=\"font-weight: 400;\"><span style=\"font-weight: 400;\">Tokiko zergak<\/span><\/li>\n<li style=\"font-weight: 400;\"><span style=\"font-weight: 400;\">Edariak<\/span><\/li>\n<li>Pintxoak<\/li>\n<li style=\"font-weight: 400;\"><span style=\"font-weight: 400;\">Jarduera guztiak<\/span><\/li>\n<li style=\"font-weight: 400;\"><span style=\"font-weight: 400;\">Tokiko gida<\/span><\/li>\n<\/ol>\n<p><b> Bazterketak<\/b><\/p>\n<ol>\n<li style=\"font-weight: 400;\"><span style=\"font-weight: 400;\">Doanak<\/span><\/li>\n<li style=\"font-weight: 400;\"><span style=\"font-weight: 400;\">Edari alkoholdunak<\/span><\/li>\n<\/ol>\n<p>&nbsp;<\/p>\n<h4><em><strong>Irteera eta Itzulera<\/strong><\/em><\/h4>\n<p><span style=\"font-weight: 400;\">Bidaiariak bilgune bat lortuko du Erreserba Prozesuaren ondoren. Bisitak zure topaguneetan hasi eta amaitzen dira.<\/span><\/p>\n<p>&nbsp;<\/p>\n<h4><\/h4>\n<h4><\/h4>\n<h3>Los Haitises Parke Nazionala Las Terrenasetik<\/h3>\n<h4><b><i>Zer espero?<\/i><\/b><\/h4>\n<p><em><strong>Eskuratu zure sarrerak<\/strong><\/em> Los Haitises Parke Nazionaleko Tourra Las Terrenas de Samanatik bisitatzeagatik. Egun erdiko bidaia. Las Terrenas-etik abiatuta, Samanatik porturako garraioarekin Tokiko gidari batekin itsasontzi batean sartzeko, Samanako badiatik Los Haitisesera igaroko gara, Sabana de la Mar aldera, Dominikar Errepublikako parke nazional ederrenetako bat bisitatzeko. <strong>The<em>\u00a0Haitises Parke Nazionala<\/em>.<\/strong><\/p>\n<p>The tour, organized by \u00abBooking Adventures\u00bb starts at the meeting point set with the Tour Guide. Come with Booking Adventures and start checking some bird-filled mangroves, rolling hills of lush vegetation and caves of <em><strong>Los Haitises Parke Nazionala<\/strong><\/em>. Uhartea bisitatzen txoriak inguruan. Habia-garaian Pelecanos txitak ere ikus ditzakegu habietan. Uharte Harritsuetan gehiago barneratzea eta kobazuloak bisitatzea indigenen piktogramekin eta petrografoekin.<\/p>\n<p>Mangladietan barrena eta San Lorentzo badia irekiko Lurretatik, Sabana de la Martik baso-paisaia malkartsuari argazkiak atera ditzakezu. Begiratu urari antzemateko <em><strong>Manateak<\/strong><\/em>, krustazeoak eta <em><strong>Izurdeak.<\/strong><\/em><\/p>\n<div class=\"body-description secondary\">\n<p>Parke nazionalaren izena jatorrizko biztanleengandik dator, taino indiarrengandik. Haien hizkuntzan &quot;Haitises&quot; mendilerro edo muinoetara itzultzen da, kostaldearen formazio geologiko aldapatsuak Kareharriekin. Sartu parkean sakondu Cueva San Gabriel bezalako kobazuloak arakatzeko, <em><strong>harea koba, <\/strong><\/em>eta <strong><em>Line Koba.<\/em><\/strong><\/p>\n<p>Erreserbako haitzulo hauek aterpe gisa erabili zituzten taino indiarrek eta, geroago, piratak ezkutatzeko. Bilatu horma batzuk apaintzen dituzten indiarren marrazkiak. Los Haitises Parke Nazionala bisitatu ondoren Sanchez-era itzuliko gara, Samanara.<\/p>\n<p>Samanako badia igarota 30 min. Bazkari tipikoa egingo dugu, beganoa bazara ez kezkatu janaria ere badugu zuretzat!<\/p>\n<p>Bazkalostean Las Terrenasera bueltatuko gara!!<\/p>\n<\/div>\n<p>Bidaia hau luzeagoa edo laburragoa gustatzen bazaizu, aukera hauek ditugu:<\/p>\n<ol>\n<li><a href=\"https:\/\/www.ticketswhales.com\/tour\/the-haitises-national-park-tour-from-samana-port\/\" target=\"_blank\" rel=\"noopener\">Samanako Portuko Los Haitises besterik ez.<\/a><\/li>\n<li><a href=\"https:\/\/www.ticketswhales.com\/tour\/los-haitises-national-park-lunch-at-cano-hondo-from-samana-port\/\" target=\"_blank\" rel=\"noopener\">Los Haitises + Ca\u00f1o Hondo Samanako portutik.<\/a><\/li>\n<\/ol>\n<p>&nbsp;<\/p>\n<h4><em><strong>Zer ekarri behar duzu?<\/strong><\/em><\/h4>\n<ul>\n<li style=\"font-weight: 400;\"><span style=\"font-weight: 400;\">kamera<\/span><\/li>\n<li style=\"font-weight: 400;\"><span style=\"font-weight: 400;\">Kimuak uxatzeko<\/span><\/li>\n<li style=\"font-weight: 400;\"><span style=\"font-weight: 400;\">eguzkitako krema<\/span><\/li>\n<li style=\"font-weight: 400;\"><span style=\"font-weight: 400;\">Txapela<\/span><\/li>\n<li style=\"font-weight: 400;\"><span style=\"font-weight: 400;\">Praka erosoak<\/span><\/li>\n<li style=\"font-weight: 400;\"><span style=\"font-weight: 400;\">Basorako mendiko oinetakoak<\/span><\/li>\n<li style=\"font-weight: 400;\"><span style=\"font-weight: 400;\">Sandaliak Udaberriko guneetara.<\/span><\/li>\n<li style=\"font-weight: 400;\"><span style=\"font-weight: 400;\">Igeriketa arropa<\/span><\/li>\n<\/ul>\n<p>&nbsp;<\/p>\n<h4><b><i>Hoteleko bilketa <\/i><\/b><\/h4>\n<p><span style=\"font-weight: 400;\">Bisita honetarako ez da hoteleko bilketa eskaintzen. <\/span><\/p>\n<p>&nbsp;<\/p>\n<p><b>Ohar:<\/b><span style=\"font-weight: 400;\"> Txangoaren irteera-ordutik 24 orduko epean erreserbatzen baduzu, hoteleko bilketa antola dezakegu aparteko karguekin. Erosketa amaitutakoan, harremanetarako informazio osoa bidaliko dizugu (telefono zenbakia, helbide elektronikoa, etab.) gure tokiko Tour gidari bilketa-antolaketak antola ditzan.<\/span><\/p>\n<h4><b><i>Informazio gehigarria berrespena <\/i><\/b><\/h4>\n<ol>\n<li>Sarrerak Tour hau ordaindu ondoren ordainagiria dira. Ordainketa zure telefonoan erakutsi dezakezu.<\/li>\n<li style=\"font-weight: 400;\"><span style=\"font-weight: 400;\">Topagunea Erreserba Prozesuaren ondoren jasoko da.<\/span><\/li>\n<li style=\"font-weight: 400;\"><span style=\"font-weight: 400;\">Haurrak heldu batekin joan behar dira.<\/span><\/li>\n<li style=\"font-weight: 400;\"><span style=\"font-weight: 400;\"> Ez dago gurpil-aulkirako sarbidea <\/span><\/li>\n<li style=\"font-weight: 400;\"><span style=\"font-weight: 400;\">Haurrak magalean eseri behar dira <\/span><\/li>\n<li style=\"font-weight: 400;\"><span style=\"font-weight: 400;\">Ez da gomendagarria bizkarreko arazoak dituzten bidaiarientzat<\/span><\/li>\n<li style=\"font-weight: 400;\"><span style=\"font-weight: 400;\">Ez da gomendagarria haurdun dauden bidaiarientzat <\/span><\/li>\n<li style=\"font-weight: 400;\"><span style=\"font-weight: 400;\"> Ez dago bihotzeko arazorik edo beste baldintza mediko larririk <\/span><\/li>\n<li style=\"font-weight: 400;\"><span style=\"font-weight: 400;\">Bidaiari gehienek parte har dezakete<\/span><\/li>\n<\/ol>\n<h4><b><i>Baliogabetze politika<\/i><\/b><\/h4>\n<p>Itzulketa osoa lortzeko, irakurri gure Ezeztapen-politikak\u00a0<a href=\"https:\/\/www.ticketswhales.com\/online-booking\/\" target=\"_blank\" rel=\"noopener\" data-saferedirecturl=\"https:\/\/www.google.com\/url?q=https:\/\/www.ticketswhales.com\/online-booking\/&amp;source=gmail&amp;ust=1672529771100000&amp;usg=AOvVaw2NIGJBZ0qjB5RhPUl5Obc7\">Klikatu hemen<\/a>. Funtsak galduko dira erreserba bidaiaren egun berean bertan behera uzten bada.<\/p>\n\n\t\t<\/div>\n\t<\/div>\n<div class=\"vc_btn3-container vc_btn3-inline\" ><button class=\"vc_general vc_btn3 vc_btn3-size-md vc_btn3-shape-rounded vc_btn3-style-modern vc_btn3-color-green\">ERRESERBATU ORAIN<\/button><\/div><\/div><\/div><\/div><\/div><div class=\"vc_row wpb_row vc_row-fluid\" ><div class=\"wpb_column vc_column_container vc_col-sm-12\"><div class=\"vc_column-inner\"><div class=\"wpb_wrapper\">\n\t<div class=\"wpb_video_widget wpb_content_element vc_clearfix   vc_video-aspect-ratio-169 vc_video-el-width-100 vc_video-align-left\" >\n\t\t<div class=\"wpb_wrapper\">\n\t\t\t\n\t\t\t<div class=\"wpb_video_wrapper\"><iframe loading=\"lazy\" title=\"Los Haitises National Park, Tours &amp; Excursion From Samana or Sabana de la Mar. Book Here:\" src=\"https:\/\/player.vimeo.com\/video\/346508015?dnt=1&amp;app_id=122963\" width=\"1100\" height=\"619\" frameborder=\"0\" allow=\"autoplay; fullscreen; picture-in-picture\"><\/iframe><\/div>\n\t\t<\/div>\n\t<\/div>\n<\/div><\/div><\/div><\/div><div class=\"vc_row wpb_row vc_row-fluid\" ><\/div><div class=\"wpb_column vc_column_container vc_col-sm-12\"><div class=\"vc_column-inner\"><div class=\"wpb_wrapper\"><\/div><\/div><\/div><div class=\"vc_empty_space\"   style=\"height: 32px\"><span class=\"vc_empty_space_inner\"><\/span><\/div><div class=\"vc_empty_space\"   style=\"height: 32px\"><span class=\"vc_empty_space_inner\"><\/span><\/div><div class=\"vc_row wpb_row vc_row-fluid\" ><div class=\"wpb_column vc_column_container vc_col-sm-12\"><div class=\"vc_column-inner\"><div class=\"wpb_wrapper\"><div class=\"vc_btn3-container vc_btn3-inline\" ><button class=\"vc_general vc_btn3 vc_btn3-size-md vc_btn3-shape-rounded vc_btn3-style-modern vc_btn3-color-green\">ERRESERBATU ORAIN<\/button><\/div><\/div><\/div><\/div><\/div>","protected":false},"excerpt":{"rendered":"<p><span style=\"vertical-align: inherit;\"><span style=\"vertical-align: inherit;\">Esta excursi\u00f3n desde Las Terrenas al Parque Nacional Los Haitises incluye Almuerzo y Transporte para una visita a las 3 cuevas principales, una exploraci\u00f3n de 2 manglares diferentes y por supuesto la observaci\u00f3n de aves para pescar.<\/span><\/span><\/p>\n<p><span style=\"vertical-align: inherit;\"><span style=\"vertical-align: inherit;\">Viaje ecol\u00f3gico al Parque Nacional Los Haitises con un gu\u00eda tur\u00edstico local. <\/span><span style=\"vertical-align: inherit;\">Visitando los Cayos en el Parque Nacional Los Haitises, Manglares, Vegetaci\u00f3n, Observaci\u00f3n de aves, Cuevas, Pictogramas y las \u00e1reas hist\u00f3ricas de Sabana de la Mar en el Parque Nacional Los Haitises.<\/span><\/span><\/p>\n<p>&nbsp;<\/p>\n<p><strong><span style=\"vertical-align: inherit;\"><span style=\"vertical-align: inherit;\">Seleccione la fecha para el Tour:\u00a0<\/span><\/span><\/strong><\/p>","protected":false},"featured_media":11263,"template":"","meta":[],"product_brand":[],"product_cat":[571,566,122,124],"product_tag":[206,225,132,133,146,226],"class_list":{"0":"post-11639","1":"product","2":"type-product","3":"status-publish","4":"has-post-thumbnail","6":"product_cat-1-samana","7":"product_cat-boat-trip-los-haitises","8":"product_cat-tours-and-excursions","9":"product_cat-tours-excursions-samana-bay-dominican-republic","10":"product_tag-caves-los-haitises","11":"product_tag-las-terrenas","12":"product_tag-los-haitises","13":"product_tag-los-haitises-national-park","14":"product_tag-mangroves-los-haitises","15":"product_tag-transportation-los-haitises","17":"first","18":"instock","19":"sale","20":"sold-individually","21":"shipping-taxable","22":"product-type-external"},"_links":{"self":[{"href":"https:\/\/haitises.com\/eu\/wp-json\/wp\/v2\/product\/11639","targetHints":{"allow":["GET"]}}],"collection":[{"href":"https:\/\/haitises.com\/eu\/wp-json\/wp\/v2\/product"}],"about":[{"href":"https:\/\/haitises.com\/eu\/wp-json\/wp\/v2\/types\/product"}],"wp:featuredmedia":[{"embeddable":true,"href":"https:\/\/haitises.com\/eu\/wp-json\/wp\/v2\/media\/11263"}],"wp:attachment":[{"href":"https:\/\/haitises.com\/eu\/wp-json\/wp\/v2\/media?parent=11639"}],"wp:term":[{"taxonomy":"product_brand","embeddable":true,"href":"https:\/\/haitises.com\/eu\/wp-json\/wp\/v2\/product_brand?post=11639"},{"taxonomy":"product_cat","embeddable":true,"href":"https:\/\/haitises.com\/eu\/wp-json\/wp\/v2\/product_cat?post=11639"},{"taxonomy":"product_tag","embeddable":true,"href":"https:\/\/haitises.com\/eu\/wp-json\/wp\/v2\/product_tag?post=11639"}],"curies":[{"name":"wp","href":"https:\/\/api.w.org\/{rel}","templated":true}]}}