{"id":11316,"date":"2021-08-15T20:08:36","date_gmt":"2021-08-15T20:08:36","guid":{"rendered":"http:\/\/haitises.com\/?post_type=product&#038;p=11316"},"modified":"2024-04-10T16:08:18","modified_gmt":"2024-04-10T16:08:18","slug":"los-haitises-national-park-playa-el-rincon-beach-2","status":"publish","type":"product","link":"https:\/\/haitises.com\/eu\/pribatua\/los-haitises-national-park-playa-el-rincon-beach-2\/","title":{"rendered":"Los Haitises Parke Nazionala + Playa el Rinc\u00f3n hondartza"},"content":{"rendered":"<div class=\"vc_row wpb_row vc_row-fluid\" ><div class=\"wpb_column vc_column_container vc_col-sm-12\"><div class=\"vc_column-inner\"><div class=\"wpb_wrapper\">[mkdf_section_title title_tag=\u00bb\u00bb disable_break_words=\u00bbno\u00bb subtitle_tag=\u00bb\u00bb title=\u00bbLos Haitises National Park + Playa el Rinc\u00f3n beach\u00bb subtitle=\u00bbCaves, Mangroves, Lunch &amp; Swimming at The Beach\u00bb]<\/div><\/div><\/div><\/div><div class=\"vc_row wpb_row vc_row-fluid\" ><div class=\"wpb_column vc_column_container vc_col-sm-12\"><div class=\"vc_column-inner\"><div class=\"wpb_wrapper\">\n\t<div class=\"wpb_text_column wpb_content_element\" >\n\t\t<div class=\"wpb_wrapper\">\n\t\t\t<h4><b><i>Ikuspegi orokorra <\/i><\/b><\/h4>\n<p>Los Haitises National Park and Playa El Rincon with Lunch on the beach. Come with us and visit the most beautiful national park of Dominican Republic, Visiting Mangroves, Caves and San Lorenzo Bay. After back to Samana port to take a\u00a0 private trip to Playa El Rincon Beach with Lunch on the Beach<\/p>\n<p>Esperientzia honen ondoren, hondartzan denbora eta bertako bazkaria izango duzu hondartzan.<\/p>\n<ul>\n<li style=\"font-weight: 400;\"><span style=\"font-weight: 400;\">Buffet bazkaria hondartzan barne <\/span><\/li>\n<li style=\"font-weight: 400;\">Tasak barne<\/li>\n<li style=\"font-weight: 400;\"><span style=\"font-weight: 400;\">Gidak instrukzioa eta gainbegiratzea eskaintzen du<\/span><\/li>\n<\/ul>\n<p>&nbsp;<\/p>\n<h4><b>Inklusioak eta bazterketak<\/b><\/h4>\n<p>&nbsp;<\/p>\n<p><b>Inklusioak<\/b><\/p>\n<ol>\n<li style=\"font-weight: 400;\"><span style=\"font-weight: 400;\">\u00a0lunch on the beach<\/span><\/li>\n<li style=\"font-weight: 400;\">Los Haitises Tour + Playa El Rincon<\/li>\n<li style=\"font-weight: 400;\"><span style=\"font-weight: 400;\">Zerga, tasa eta kudeaketa-gastu guztiak<\/span><\/li>\n<li style=\"font-weight: 400;\"><span style=\"font-weight: 400;\">Tokiko zergak<\/span><\/li>\n<li style=\"font-weight: 400;\"><span style=\"font-weight: 400;\">Edariak<\/span><\/li>\n<li style=\"font-weight: 400;\"><span style=\"font-weight: 400;\">Jarduera guztiak<\/span><\/li>\n<li style=\"font-weight: 400;\"><span style=\"font-weight: 400;\">Tokiko gida<\/span><\/li>\n<\/ol>\n<p><b> Bazterketak<\/b><\/p>\n<ol>\n<li style=\"font-weight: 400;\"><span style=\"font-weight: 400;\">Doanak<\/span><\/li>\n<li style=\"font-weight: 400;\"><span style=\"font-weight: 400;\">Transferentzia<\/span><\/li>\n<li style=\"font-weight: 400;\"><span style=\"font-weight: 400;\">Edari alkoholdunak<\/span><\/li>\n<\/ol>\n<p>&nbsp;<\/p>\n<h4><em><strong>Irteera eta Itzulera<\/strong><\/em><\/h4>\n<p><span style=\"font-weight: 400;\">Bidaiariak bilgune bat lortuko du Erreserba Prozesuaren ondoren. Bisitak gure topaguneetan hasi eta amaitu.<\/span><\/p>\n<p>&nbsp;<\/p>\n<h4><b><i>Zer espero?<\/i><\/b><\/h4>\n<p>&nbsp;<\/p>\n<p><em><strong>Eskuratu zure sarrerak<\/strong><\/em> for visiting Los Haitises National Park with a wonderful lunch at Playa El Rincon Beach.<\/p>\n<p><span style=\"font-weight: 400;\">The tour, organized by \u00abBooking Adventures\u00bb starts at the meeting point set with the Tour Guide.<\/span><\/p>\n<div class=\"teaser-description\">Take a boat tour through Samana bay to Visit Los Haitises National Park, Going by mangrove swamps, past ancient pirate caves and into protected forests in this picturesque reserve.<\/div>\n<div class=\"body-description secondary\">\n<p>Come with Booking Adventures and start checking some bird-filled mangroves, rolling hills of lush vegetation and caves of <em><strong>Los Haitises Parke Nazionala<\/strong><\/em>. Taking a boat Excursion from Samana Port.<\/p>\n<p>The national park\u2019s name comes from its original inhabitants, the Taino Indians. In their language \u201cHaitises\u201d translates to highlands or Hills, a reference to the coastline\u2019s steep geological formations with Limestones. Venture deeper into the park to explore caves such as the <em><strong>Hareazko koba<\/strong><\/em> eta <strong><em>Cueva de la L\u00cdnea.<\/em><\/strong> Caves in the reserve were used as shelter by the Taino Indians and, later, by hiding pirates. Look for drawings by Indians that decorate some of the walls.<\/p>\n<p>After visiting Los Haitises National Park we will take the boat and going through the mangroves and Land at the open San Lorenzo Bay directly to\u00a0 Saman\u00e1 Port. In Saman\u00e1 Port, we take our private Transportation to El Rinc\u00f3n beach for lunch.<\/p>\n<p>Lunch will be delicious but we did not finish yet. After lunchtime, you will have time to enjoy the beach or just sit in a shade and enjoy Pi\u00f1a Colada or Coco Loco in one of typical Dominican bar. Around 4:30 pm leaving from the beach and coming back to Saman\u00e1.<\/p>\n<\/div>\n<p>In the beach and you can stay as long you want swimming around. Frite fish and Tostones are offered! If you are Vegan we also can set some food for you.<\/p>\n<p>&nbsp;<\/p>\n<h4><em><strong>Zer ekarri behar duzu?<\/strong><\/em><\/h4>\n<ul>\n<li style=\"font-weight: 400;\"><span style=\"font-weight: 400;\">kamera<\/span><\/li>\n<li style=\"font-weight: 400;\"><span style=\"font-weight: 400;\">Kimuak uxatzeko<\/span><\/li>\n<li style=\"font-weight: 400;\"><span style=\"font-weight: 400;\">eguzkitako krema<\/span><\/li>\n<li style=\"font-weight: 400;\"><span style=\"font-weight: 400;\">Txapela<\/span><\/li>\n<li style=\"font-weight: 400;\"><span style=\"font-weight: 400;\">Praka erosoak<\/span><\/li>\n<li style=\"font-weight: 400;\"><span style=\"font-weight: 400;\">Basorako mendiko oinetakoak<\/span><\/li>\n<li style=\"font-weight: 400;\"><span style=\"font-weight: 400;\">Sandaliak hondartzara<\/span><\/li>\n<li style=\"font-weight: 400;\"><span style=\"font-weight: 400;\">Igeriketa arropa<\/span><\/li>\n<\/ul>\n<p>&nbsp;<\/p>\n<h4><b><i>Hoteleko bilketa <\/i><\/b><\/h4>\n<p><span style=\"font-weight: 400;\">Bisita honetarako ez da hoteleko bilketa eskaintzen. <\/span><\/p>\n<p>&nbsp;<\/p>\n<p><b>Ohar:<\/b><span style=\"font-weight: 400;\"> Txangoaren irteera ordutik 24 orduko epean erreserbatzen baduzu, hoteleko bilketa antola dezakegu aparteko karguekin. Erosketa amaitutakoan, harremanetarako informazio osoa bidaliko dizugu (telefono zenbakia, helbide elektronikoa, etab.) gure tokiko Tour gidari bilketa-antolaketak antola ditzan.<\/span><\/p>\n<h4><b><i>Informazio gehigarria berrespena <\/i><\/b><\/h4>\n<ol>\n<li>Tickets are the Receipt after paying this Tour. You can showthe payment on your phone.<\/li>\n<li style=\"font-weight: 400;\"><span style=\"font-weight: 400;\">Topagunea Erreserba Prozesuaren ondoren jasoko da.<\/span><\/li>\n<li style=\"font-weight: 400;\"><span style=\"font-weight: 400;\">Haurrak heldu batekin joan behar dira.<\/span><\/li>\n<li style=\"font-weight: 400;\"><span style=\"font-weight: 400;\"> Ez dago gurpil-aulkirako sarbidea <\/span><\/li>\n<li style=\"font-weight: 400;\"><span style=\"font-weight: 400;\">Haurrak magalean eseri behar dira <\/span><\/li>\n<li style=\"font-weight: 400;\"><span style=\"font-weight: 400;\">Ez da gomendagarria bizkarreko arazoak dituzten bidaiarientzat<\/span><\/li>\n<li style=\"font-weight: 400;\"><span style=\"font-weight: 400;\">Ez da gomendagarria haurdun dauden bidaiarientzat <\/span><\/li>\n<li style=\"font-weight: 400;\"><span style=\"font-weight: 400;\"> Ez dago bihotzeko arazorik edo beste baldintza mediko larririk <\/span><\/li>\n<li style=\"font-weight: 400;\"><span style=\"font-weight: 400;\">Bidaiari gehienek parte har dezakete<\/span><\/li>\n<\/ol>\n<h4><b><i>Baliogabetze politika<\/i><\/b><\/h4>\n<p><span style=\"font-weight: 400;\">Itzulketa osoa lortzeko, bertan behera utzi esperientziaren hasiera data baino 24 ordu lehenago gutxienez.<\/span><\/p>\n\n\t\t<\/div>\n\t<\/div>\n<div class=\"vc_empty_space\"   style=\"height: 32px\"><span class=\"vc_empty_space_inner\"><\/span><\/div><\/div><\/div><\/div><\/div><div class=\"vc_row wpb_row vc_row-fluid\" ><div class=\"wpb_column vc_column_container vc_col-sm-12\"><div class=\"vc_column-inner\"><div class=\"wpb_wrapper\"><\/div><\/div><\/div><\/div>","protected":false},"excerpt":{"rendered":"<p>Los Haitises National Park and Playa El Rinc\u00f3n with Lunch on the beach. Come with us and visit the most beautiful national park of the Dominican Republic, Visiting Mangroves, Caves and San Lorenzo Bay. After back to Saman\u00e1 port to take a\u00a0 private trip to Playa El Rinc\u00f3n Beach with Lunch on the Beach.<\/p>\n<p>Get your tickets with offers here&#8230;<\/p>\n<p>&nbsp;<\/p>\n<p><strong>Mesedez, hautatu Tour-aren data\u00a0<\/strong><\/p>","protected":false},"featured_media":227,"template":"","meta":[],"product_brand":[],"product_cat":[98,135,124,154],"product_tag":[138,195,196,142,147,148,143],"class_list":{"0":"post-11316","1":"product","2":"type-product","3":"status-publish","4":"has-post-thumbnail","6":"product_cat-local-tour-guides","7":"product_cat-lunch","8":"product_cat-tours-excursions-samana-bay-dominican-republic","9":"product_cat-trails-or-paths","10":"product_tag-beach-time","11":"product_tag-el-rincon-beach","12":"product_tag-playa-el-rincon","13":"product_tag-samana","14":"product_tag-samana-bay","15":"product_tag-samana-excursions","16":"product_tag-samana-tours","18":"first","19":"instock","20":"sale","21":"sold-individually","22":"shipping-taxable","23":"product-type-external"},"_links":{"self":[{"href":"https:\/\/haitises.com\/eu\/wp-json\/wp\/v2\/product\/11316","targetHints":{"allow":["GET"]}}],"collection":[{"href":"https:\/\/haitises.com\/eu\/wp-json\/wp\/v2\/product"}],"about":[{"href":"https:\/\/haitises.com\/eu\/wp-json\/wp\/v2\/types\/product"}],"wp:featuredmedia":[{"embeddable":true,"href":"https:\/\/haitises.com\/eu\/wp-json\/wp\/v2\/media\/227"}],"wp:attachment":[{"href":"https:\/\/haitises.com\/eu\/wp-json\/wp\/v2\/media?parent=11316"}],"wp:term":[{"taxonomy":"product_brand","embeddable":true,"href":"https:\/\/haitises.com\/eu\/wp-json\/wp\/v2\/product_brand?post=11316"},{"taxonomy":"product_cat","embeddable":true,"href":"https:\/\/haitises.com\/eu\/wp-json\/wp\/v2\/product_cat?post=11316"},{"taxonomy":"product_tag","embeddable":true,"href":"https:\/\/haitises.com\/eu\/wp-json\/wp\/v2\/product_tag?post=11316"}],"curies":[{"name":"wp","href":"https:\/\/api.w.org\/{rel}","templated":true}]}}